{"id":26865,"date":"2021-08-24T08:47:39","date_gmt":"2021-08-24T13:47:39","guid":{"rendered":"https:\/\/alpha.ljcreate.com\/product\/sin%20categor\u00eda\/industrial-control-teaching-set-includes-290-01-and-290-02-ab\/"},"modified":"2023-06-30T14:11:49","modified_gmt":"2023-06-30T13:11:49","slug":"industrial-control-teaching-set-allen-bradley","status":"publish","type":"product","link":"https:\/\/ljcreate.com\/es\/engineering\/industrial-control-teaching-set-allen-bradley\/","title":{"rendered":"Juego did\u00e1ctico de control industrial (Allen Bradley)"},"content":{"rendered":"<p><span class=\"fl-heading-text\">Con el Juego did\u00e1ctico de control industrial &#8211; Allen Bradley (290-00\/AB) n<\/span><span class=\"Y2IQFc\" lang=\"es\">osotros <\/span>tambi\u00e9n incluimos nuestra exclusiva simulaci\u00f3n de software del Instructor de control industrial en el paquete, para ayudar a introducir los conceptos b\u00e1sicos de los PLC y la l\u00f3gica de escalera a un nivel fundamental. Esto permite a toda la clase realizar tareas y actividades de control de PLC simuladas al mismo tiempo.<\/p>\n<p>Con este software, grupos de estudiantes crean programas de l\u00f3gica de escalera para controlar dispositivos en el entrenador usando un editor de control l\u00f3gico programable (PLC) basado en gr\u00e1ficos. Estos programas se pueden utilizar para controlar el hardware o el simulador. Usado en este modo, solo se requiere una conexi\u00f3n USB simple para permitir que el software de l\u00f3gica de escalera controle la unidad de hardware.<\/p>\n<p>A medida que los estudiantes avanzan en el contenido de aprendizaje, desarrollan habilidades de programaci\u00f3n m\u00e1s complejas y avanzan un nivel para usar el PLC Allen Bradley Micro820 y el software de programaci\u00f3n asociado.<\/p>\n<h5>Los sensores y dispositivos actuadores incluyen:<\/h5>\n<ul>\n<li>Motor de cinta transportadora (control de velocidad y direccional)<\/li>\n<li>2 sensores de rayos infrarrojos<\/li>\n<li>3 v\u00e1lvulas electroneum\u00e1ticas<\/li>\n<li>3 cilindros neum\u00e1ticos de simple efecto<\/li>\n<li>3 sensores de posici\u00f3n de cilindros neum\u00e1ticos<\/li>\n<li>Entrada anal\u00f3gica para control de velocidad del transportador<\/li>\n<li>2 luces indicadoras de estado<\/li>\n<li>2 botones de inicio \/ parada<\/li>\n<li>7 interruptores de entrada de control manual<\/li>\n<li>4 fallas conmutadas<\/li>\n<\/ul>\n<h5>Las \u00e1reas tem\u00e1ticas incluyen:<\/h5>\n<ul>\n<li>Introducci\u00f3n al control industrial y la fabricaci\u00f3n<\/li>\n<li>Controladores industriales<\/li>\n<li>Humano versus m\u00e1quina<\/li>\n<li>L\u00f3gica (Y, O y NO)<\/li>\n<li>Tablas de verdad y l\u00f3gica de pasos<\/li>\n<li>Actuadores de enclavamiento<\/li>\n<li>Contando piezas<\/li>\n<li>Eventos de tiempo<\/li>\n<li>Ancho de la pieza de medici\u00f3n<\/li>\n<li>Resoluci\u00f3n de problemas: clasificaci\u00f3n de piezas<\/li>\n<li>Uso de un PLC est\u00e1ndar de la industria de Allen Bradley para realizar tareas de control avanzadas<\/li>\n<li>Control de la velocidad y la direcci\u00f3n de una cinta transportadora impulsada por un motor de CC<\/li>\n<li>Entradas y salidas de control anal\u00f3gicas<\/li>\n<li>Adaptar un programa de l\u00f3gica de escalera para indicar el ancho de una pieza en un transportador<\/li>\n<li>Creaci\u00f3n de un programa que clasificar\u00e1 autom\u00e1ticamente las piezas seg\u00fan su ancho.<\/li>\n<li>Depurar y ejecutar programas de control en un PLC Allen Bradley remoto<\/li>\n<li>Soluci\u00f3n de problemas de un sistema de control industrial<\/li>\n<li>Uso del software de programaci\u00f3n remota Allen Bradley<\/li>\n<li>Descarga de programas de control a un PLC Allen Bradley remoto<\/li>\n<\/ul>\n","protected":false},"excerpt":{"rendered":"<p>Con el Juego did\u00e1ctico de control industrial &#8211; Allen Bradley (290-00\/AB) nosotros tambi\u00e9n incluimos nuestra exclusiva simulaci\u00f3n de software del Instructor de control industrial en el paquete, para ayudar a introducir los conceptos b\u00e1sicos de los PLC y la l\u00f3gica de escalera a un nivel fundamental. Esto permite a toda la clase realizar tareas y&hellip;<\/p>\n","protected":false},"featured_media":20042,"template":"","meta":{"_acf_changed":false,"inline_featured_image":false},"product_brand":[],"product_cat":[138,145,57,98],"product_tag":[],"class_list":{"0":"post-26865","1":"product","2":"type-product","3":"status-publish","4":"has-post-thumbnail","6":"product_cat-engineering-es","7":"product_cat-industrial-control-systems-trainers-es","8":"product_cat-stem-career-exploration","9":"product_cat-industrial-control-systems-trainers","11":"first","12":"instock","13":"shipping-taxable","14":"product-type-simple"},"acf":[],"yoast_head":"<!-- This site is optimized with the Yoast SEO plugin v27.3 - https:\/\/yoast.com\/product\/yoast-seo-wordpress\/ -->\n<title>Juego did\u00e1ctico de control industrial (Allen Bradley) | LJ Create<\/title>\n<meta name=\"robots\" content=\"index, follow, max-snippet:-1, max-image-preview:large, max-video-preview:-1\" \/>\n<link rel=\"canonical\" href=\"https:\/\/ljcreate.com\/es\/engineering\/industrial-control-teaching-set-allen-bradley\/\" \/>\n<meta property=\"og:locale\" content=\"es_ES\" \/>\n<meta property=\"og:type\" content=\"article\" \/>\n<meta property=\"og:title\" content=\"Juego did\u00e1ctico de control industrial (Allen Bradley) | LJ Create\" \/>\n<meta property=\"og:description\" content=\"Con el Juego did\u00e1ctico de control industrial &#8211; Allen Bradley (290-00\/AB) nosotros tambi\u00e9n incluimos nuestra exclusiva simulaci\u00f3n de software del Instructor de control industrial en el paquete, para ayudar a introducir los conceptos b\u00e1sicos de los PLC y la l\u00f3gica de escalera a un nivel fundamental. Esto permite a toda la clase realizar tareas y&hellip;\" \/>\n<meta property=\"og:url\" content=\"https:\/\/ljcreate.com\/es\/engineering\/industrial-control-teaching-set-allen-bradley\/\" \/>\n<meta property=\"og:site_name\" content=\"LJ Create\" \/>\n<meta property=\"article:modified_time\" content=\"2023-06-30T13:11:49+00:00\" \/>\n<meta property=\"og:image\" content=\"https:\/\/ljcreate.com\/wp-content\/uploads\/2021\/08\/290-00-AB_Main5.jpg\" \/>\n\t<meta property=\"og:image:width\" content=\"1800\" \/>\n\t<meta property=\"og:image:height\" content=\"881\" \/>\n\t<meta property=\"og:image:type\" content=\"image\/jpeg\" \/>\n<meta name=\"twitter:card\" content=\"summary_large_image\" \/>\n<meta name=\"twitter:label1\" content=\"Tiempo de lectura\" \/>\n\t<meta name=\"twitter:data1\" content=\"2 minutos\" \/>\n<script type=\"application\/ld+json\" class=\"yoast-schema-graph\">{\"@context\":\"https:\\\/\\\/schema.org\",\"@graph\":[{\"@type\":\"WebPage\",\"@id\":\"https:\\\/\\\/ljcreate.com\\\/es\\\/engineering\\\/industrial-control-teaching-set-allen-bradley\\\/\",\"url\":\"https:\\\/\\\/ljcreate.com\\\/es\\\/engineering\\\/industrial-control-teaching-set-allen-bradley\\\/\",\"name\":\"Juego did\u00e1ctico de control industrial (Allen Bradley) | LJ Create\",\"isPartOf\":{\"@id\":\"https:\\\/\\\/ljcreate.com\\\/es\\\/#website\"},\"primaryImageOfPage\":{\"@id\":\"https:\\\/\\\/ljcreate.com\\\/es\\\/engineering\\\/industrial-control-teaching-set-allen-bradley\\\/#primaryimage\"},\"image\":{\"@id\":\"https:\\\/\\\/ljcreate.com\\\/es\\\/engineering\\\/industrial-control-teaching-set-allen-bradley\\\/#primaryimage\"},\"thumbnailUrl\":\"https:\\\/\\\/ljcreate.com\\\/wp-content\\\/uploads\\\/2021\\\/08\\\/290-00-AB_Main5.jpg\",\"datePublished\":\"2021-08-24T13:47:39+00:00\",\"dateModified\":\"2023-06-30T13:11:49+00:00\",\"breadcrumb\":{\"@id\":\"https:\\\/\\\/ljcreate.com\\\/es\\\/engineering\\\/industrial-control-teaching-set-allen-bradley\\\/#breadcrumb\"},\"inLanguage\":\"es\",\"potentialAction\":[{\"@type\":\"ReadAction\",\"target\":[\"https:\\\/\\\/ljcreate.com\\\/es\\\/engineering\\\/industrial-control-teaching-set-allen-bradley\\\/\"]}]},{\"@type\":\"ImageObject\",\"inLanguage\":\"es\",\"@id\":\"https:\\\/\\\/ljcreate.com\\\/es\\\/engineering\\\/industrial-control-teaching-set-allen-bradley\\\/#primaryimage\",\"url\":\"https:\\\/\\\/ljcreate.com\\\/wp-content\\\/uploads\\\/2021\\\/08\\\/290-00-AB_Main5.jpg\",\"contentUrl\":\"https:\\\/\\\/ljcreate.com\\\/wp-content\\\/uploads\\\/2021\\\/08\\\/290-00-AB_Main5.jpg\",\"width\":1800,\"height\":881,\"caption\":\"Industrial Control Teaching Set (Allen Bradley)\"},{\"@type\":\"BreadcrumbList\",\"@id\":\"https:\\\/\\\/ljcreate.com\\\/es\\\/engineering\\\/industrial-control-teaching-set-allen-bradley\\\/#breadcrumb\",\"itemListElement\":[{\"@type\":\"ListItem\",\"position\":1,\"name\":\"Home\",\"item\":\"https:\\\/\\\/ljcreate.com\\\/es\\\/\"},{\"@type\":\"ListItem\",\"position\":2,\"name\":\"Productos\",\"item\":\"https:\\\/\\\/ljcreate.com\\\/es\\\/shop\\\/\"},{\"@type\":\"ListItem\",\"position\":3,\"name\":\"Engineering\",\"item\":\"https:\\\/\\\/ljcreate.com\\\/uk\\\/product-category\\\/engineering\\\/\"},{\"@type\":\"ListItem\",\"position\":4,\"name\":\"Juego did\u00e1ctico de control industrial (Allen Bradley)\"}]},{\"@type\":\"WebSite\",\"@id\":\"https:\\\/\\\/ljcreate.com\\\/es\\\/#website\",\"url\":\"https:\\\/\\\/ljcreate.com\\\/es\\\/\",\"name\":\"LJ Create\",\"description\":\"Innovate, Inspire, and Engage\",\"publisher\":{\"@id\":\"https:\\\/\\\/ljcreate.com\\\/es\\\/#organization\"},\"alternateName\":\"Creative Learning (Norwich) Limited\",\"potentialAction\":[{\"@type\":\"SearchAction\",\"target\":{\"@type\":\"EntryPoint\",\"urlTemplate\":\"https:\\\/\\\/ljcreate.com\\\/es\\\/?s={search_term_string}\"},\"query-input\":{\"@type\":\"PropertyValueSpecification\",\"valueRequired\":true,\"valueName\":\"search_term_string\"}}],\"inLanguage\":\"es\"},{\"@type\":\"Organization\",\"@id\":\"https:\\\/\\\/ljcreate.com\\\/es\\\/#organization\",\"name\":\"LJ Create\",\"url\":\"https:\\\/\\\/ljcreate.com\\\/es\\\/\",\"logo\":{\"@type\":\"ImageObject\",\"inLanguage\":\"es\",\"@id\":\"https:\\\/\\\/ljcreate.com\\\/es\\\/#\\\/schema\\\/logo\\\/image\\\/\",\"url\":\"https:\\\/\\\/ljcreate.com\\\/wp-content\\\/uploads\\\/2021\\\/07\\\/logo.svg\",\"contentUrl\":\"https:\\\/\\\/ljcreate.com\\\/wp-content\\\/uploads\\\/2021\\\/07\\\/logo.svg\",\"width\":\"1024\",\"height\":\"1024\",\"caption\":\"LJ Create\"},\"image\":{\"@id\":\"https:\\\/\\\/ljcreate.com\\\/es\\\/#\\\/schema\\\/logo\\\/image\\\/\"}}]}<\/script>\n<!-- \/ Yoast SEO plugin. -->","yoast_head_json":{"title":"Juego did\u00e1ctico de control industrial (Allen Bradley) | LJ Create","robots":{"index":"index","follow":"follow","max-snippet":"max-snippet:-1","max-image-preview":"max-image-preview:large","max-video-preview":"max-video-preview:-1"},"canonical":"https:\/\/ljcreate.com\/es\/engineering\/industrial-control-teaching-set-allen-bradley\/","og_locale":"es_ES","og_type":"article","og_title":"Juego did\u00e1ctico de control industrial (Allen Bradley) | LJ Create","og_description":"Con el Juego did\u00e1ctico de control industrial &#8211; Allen Bradley (290-00\/AB) nosotros tambi\u00e9n incluimos nuestra exclusiva simulaci\u00f3n de software del Instructor de control industrial en el paquete, para ayudar a introducir los conceptos b\u00e1sicos de los PLC y la l\u00f3gica de escalera a un nivel fundamental. Esto permite a toda la clase realizar tareas y&hellip;","og_url":"https:\/\/ljcreate.com\/es\/engineering\/industrial-control-teaching-set-allen-bradley\/","og_site_name":"LJ Create","article_modified_time":"2023-06-30T13:11:49+00:00","og_image":[{"width":1800,"height":881,"url":"https:\/\/ljcreate.com\/wp-content\/uploads\/2021\/08\/290-00-AB_Main5.jpg","type":"image\/jpeg"}],"twitter_card":"summary_large_image","twitter_misc":{"Tiempo de lectura":"2 minutos"},"schema":{"@context":"https:\/\/schema.org","@graph":[{"@type":"WebPage","@id":"https:\/\/ljcreate.com\/es\/engineering\/industrial-control-teaching-set-allen-bradley\/","url":"https:\/\/ljcreate.com\/es\/engineering\/industrial-control-teaching-set-allen-bradley\/","name":"Juego did\u00e1ctico de control industrial (Allen Bradley) | LJ Create","isPartOf":{"@id":"https:\/\/ljcreate.com\/es\/#website"},"primaryImageOfPage":{"@id":"https:\/\/ljcreate.com\/es\/engineering\/industrial-control-teaching-set-allen-bradley\/#primaryimage"},"image":{"@id":"https:\/\/ljcreate.com\/es\/engineering\/industrial-control-teaching-set-allen-bradley\/#primaryimage"},"thumbnailUrl":"https:\/\/ljcreate.com\/wp-content\/uploads\/2021\/08\/290-00-AB_Main5.jpg","datePublished":"2021-08-24T13:47:39+00:00","dateModified":"2023-06-30T13:11:49+00:00","breadcrumb":{"@id":"https:\/\/ljcreate.com\/es\/engineering\/industrial-control-teaching-set-allen-bradley\/#breadcrumb"},"inLanguage":"es","potentialAction":[{"@type":"ReadAction","target":["https:\/\/ljcreate.com\/es\/engineering\/industrial-control-teaching-set-allen-bradley\/"]}]},{"@type":"ImageObject","inLanguage":"es","@id":"https:\/\/ljcreate.com\/es\/engineering\/industrial-control-teaching-set-allen-bradley\/#primaryimage","url":"https:\/\/ljcreate.com\/wp-content\/uploads\/2021\/08\/290-00-AB_Main5.jpg","contentUrl":"https:\/\/ljcreate.com\/wp-content\/uploads\/2021\/08\/290-00-AB_Main5.jpg","width":1800,"height":881,"caption":"Industrial Control Teaching Set (Allen Bradley)"},{"@type":"BreadcrumbList","@id":"https:\/\/ljcreate.com\/es\/engineering\/industrial-control-teaching-set-allen-bradley\/#breadcrumb","itemListElement":[{"@type":"ListItem","position":1,"name":"Home","item":"https:\/\/ljcreate.com\/es\/"},{"@type":"ListItem","position":2,"name":"Productos","item":"https:\/\/ljcreate.com\/es\/shop\/"},{"@type":"ListItem","position":3,"name":"Engineering","item":"https:\/\/ljcreate.com\/uk\/product-category\/engineering\/"},{"@type":"ListItem","position":4,"name":"Juego did\u00e1ctico de control industrial (Allen Bradley)"}]},{"@type":"WebSite","@id":"https:\/\/ljcreate.com\/es\/#website","url":"https:\/\/ljcreate.com\/es\/","name":"LJ Create","description":"Innovate, Inspire, and Engage","publisher":{"@id":"https:\/\/ljcreate.com\/es\/#organization"},"alternateName":"Creative Learning (Norwich) Limited","potentialAction":[{"@type":"SearchAction","target":{"@type":"EntryPoint","urlTemplate":"https:\/\/ljcreate.com\/es\/?s={search_term_string}"},"query-input":{"@type":"PropertyValueSpecification","valueRequired":true,"valueName":"search_term_string"}}],"inLanguage":"es"},{"@type":"Organization","@id":"https:\/\/ljcreate.com\/es\/#organization","name":"LJ Create","url":"https:\/\/ljcreate.com\/es\/","logo":{"@type":"ImageObject","inLanguage":"es","@id":"https:\/\/ljcreate.com\/es\/#\/schema\/logo\/image\/","url":"https:\/\/ljcreate.com\/wp-content\/uploads\/2021\/07\/logo.svg","contentUrl":"https:\/\/ljcreate.com\/wp-content\/uploads\/2021\/07\/logo.svg","width":"1024","height":"1024","caption":"LJ Create"},"image":{"@id":"https:\/\/ljcreate.com\/es\/#\/schema\/logo\/image\/"}}]}},"_links":{"self":[{"href":"https:\/\/ljcreate.com\/es\/wp-json\/wp\/v2\/product\/26865","targetHints":{"allow":["GET"]}}],"collection":[{"href":"https:\/\/ljcreate.com\/es\/wp-json\/wp\/v2\/product"}],"about":[{"href":"https:\/\/ljcreate.com\/es\/wp-json\/wp\/v2\/types\/product"}],"wp:featuredmedia":[{"embeddable":true,"href":"https:\/\/ljcreate.com\/es\/wp-json\/wp\/v2\/media\/20042"}],"wp:attachment":[{"href":"https:\/\/ljcreate.com\/es\/wp-json\/wp\/v2\/media?parent=26865"}],"wp:term":[{"taxonomy":"product_brand","embeddable":true,"href":"https:\/\/ljcreate.com\/es\/wp-json\/wp\/v2\/product_brand?post=26865"},{"taxonomy":"product_cat","embeddable":true,"href":"https:\/\/ljcreate.com\/es\/wp-json\/wp\/v2\/product_cat?post=26865"},{"taxonomy":"product_tag","embeddable":true,"href":"https:\/\/ljcreate.com\/es\/wp-json\/wp\/v2\/product_tag?post=26865"}],"curies":[{"name":"wp","href":"https:\/\/api.w.org\/{rel}","templated":true}]}}