{"id":26848,"date":"2021-08-24T09:55:50","date_gmt":"2021-08-24T14:55:50","guid":{"rendered":"https:\/\/alpha.ljcreate.com\/product\/sin%20categor\u00eda\/analog-and-digital-motor-control-teaching-set-includes-207-02-to-207-05-207-15-207-40\/"},"modified":"2023-07-03T16:11:20","modified_gmt":"2023-07-03T15:11:20","slug":"analogue-and-digital-motor-control-teaching-set","status":"publish","type":"product","link":"https:\/\/ljcreate.com\/es\/engineering\/analogue-and-digital-motor-control-teaching-set\/","title":{"rendered":"Juego de ense\u00f1anza de control de motores anal\u00f3gicos y digitales"},"content":{"rendered":"<h5>Juego de ense\u00f1anza de control de motores anal\u00f3gicos y digitales (207-00) &#8211; las actividades t\u00edpicas incluyen:<\/h5>\n<ul>\n<li>Describir los elementos principales de un controlador PID<\/li>\n<li>Investigue las funciones de captura de datos de un osciloscopio de almacenamiento digital<\/li>\n<li>Realice pruebas simples de respuesta de frecuencia, rampa y escal\u00f3n<\/li>\n<li>Demuestre el control de velocidad proporcional<\/li>\n<li>Resume las razones para agregar retroalimentaci\u00f3n de velocidad<\/li>\n<li>Demuestre el cambio en el error de seguimiento cuando la retroalimentaci\u00f3n de velocidad transitoria reemplaza la retroalimentaci\u00f3n de velocidad<\/li>\n<li>Discutir los efectos del ruido cuando se somete a una acci\u00f3n derivada.<\/li>\n<li>Demuestre varias combinaciones de control PID<\/li>\n<\/ul>\n","protected":false},"excerpt":{"rendered":"<p>Juego de ense\u00f1anza de control de motores anal\u00f3gicos y digitales (207-00) &#8211; las actividades t\u00edpicas incluyen: Describir los elementos principales de un controlador PID Investigue las funciones de captura de datos de un osciloscopio de almacenamiento digital Realice pruebas simples de respuesta de frecuencia, rampa y escal\u00f3n Demuestre el control de velocidad proporcional Resume las&hellip;<\/p>\n","protected":false},"featured_media":20156,"template":"","meta":{"_acf_changed":false,"inline_featured_image":false},"product_brand":[],"product_cat":[58,107,80,124,138,140],"product_tag":[],"class_list":{"0":"post-26848","1":"product","2":"type-product","3":"status-publish","4":"has-post-thumbnail","6":"product_cat-engineering","7":"product_cat-control-and-instrumentation-trainers","8":"product_cat-engineering-uk","9":"product_cat-control-and-instrumentation-trainers-uk","10":"product_cat-engineering-es","11":"product_cat-control-and-instrumentation-trainers-es","13":"first","14":"instock","15":"shipping-taxable","16":"product-type-simple"},"acf":[],"yoast_head":"<!-- This site is optimized with the Yoast SEO plugin v27.3 - https:\/\/yoast.com\/product\/yoast-seo-wordpress\/ -->\n<title>Juego de ense\u00f1anza de control de motores anal\u00f3gicos y digitales | LJ Create<\/title>\n<meta name=\"robots\" content=\"index, follow, max-snippet:-1, max-image-preview:large, max-video-preview:-1\" \/>\n<link rel=\"canonical\" href=\"https:\/\/ljcreate.com\/es\/engineering\/analogue-and-digital-motor-control-teaching-set\/\" \/>\n<meta property=\"og:locale\" content=\"es_ES\" \/>\n<meta property=\"og:type\" content=\"article\" \/>\n<meta property=\"og:title\" content=\"Juego de ense\u00f1anza de control de motores anal\u00f3gicos y digitales | LJ Create\" \/>\n<meta property=\"og:description\" content=\"Juego de ense\u00f1anza de control de motores anal\u00f3gicos y digitales (207-00) &#8211; las actividades t\u00edpicas incluyen: Describir los elementos principales de un controlador PID Investigue las funciones de captura de datos de un osciloscopio de almacenamiento digital Realice pruebas simples de respuesta de frecuencia, rampa y escal\u00f3n Demuestre el control de velocidad proporcional Resume las&hellip;\" \/>\n<meta property=\"og:url\" content=\"https:\/\/ljcreate.com\/es\/engineering\/analogue-and-digital-motor-control-teaching-set\/\" \/>\n<meta property=\"og:site_name\" content=\"LJ Create\" \/>\n<meta property=\"article:modified_time\" content=\"2023-07-03T15:11:20+00:00\" \/>\n<meta property=\"og:image\" content=\"https:\/\/ljcreate.com\/wp-content\/uploads\/2021\/08\/207-00.jpg\" \/>\n\t<meta property=\"og:image:width\" content=\"1800\" \/>\n\t<meta property=\"og:image:height\" content=\"881\" \/>\n\t<meta property=\"og:image:type\" content=\"image\/jpeg\" \/>\n<meta name=\"twitter:card\" content=\"summary_large_image\" \/>\n<meta name=\"twitter:label1\" content=\"Tiempo de lectura\" \/>\n\t<meta name=\"twitter:data1\" content=\"1 minuto\" \/>\n<script type=\"application\/ld+json\" class=\"yoast-schema-graph\">{\"@context\":\"https:\\\/\\\/schema.org\",\"@graph\":[{\"@type\":\"WebPage\",\"@id\":\"https:\\\/\\\/ljcreate.com\\\/es\\\/engineering\\\/analogue-and-digital-motor-control-teaching-set\\\/\",\"url\":\"https:\\\/\\\/ljcreate.com\\\/es\\\/engineering\\\/analogue-and-digital-motor-control-teaching-set\\\/\",\"name\":\"Juego de ense\u00f1anza de control de motores anal\u00f3gicos y digitales | LJ Create\",\"isPartOf\":{\"@id\":\"https:\\\/\\\/ljcreate.com\\\/es\\\/#website\"},\"primaryImageOfPage\":{\"@id\":\"https:\\\/\\\/ljcreate.com\\\/es\\\/engineering\\\/analogue-and-digital-motor-control-teaching-set\\\/#primaryimage\"},\"image\":{\"@id\":\"https:\\\/\\\/ljcreate.com\\\/es\\\/engineering\\\/analogue-and-digital-motor-control-teaching-set\\\/#primaryimage\"},\"thumbnailUrl\":\"https:\\\/\\\/ljcreate.com\\\/wp-content\\\/uploads\\\/2021\\\/08\\\/207-00.jpg\",\"datePublished\":\"2021-08-24T14:55:50+00:00\",\"dateModified\":\"2023-07-03T15:11:20+00:00\",\"breadcrumb\":{\"@id\":\"https:\\\/\\\/ljcreate.com\\\/es\\\/engineering\\\/analogue-and-digital-motor-control-teaching-set\\\/#breadcrumb\"},\"inLanguage\":\"es\",\"potentialAction\":[{\"@type\":\"ReadAction\",\"target\":[\"https:\\\/\\\/ljcreate.com\\\/es\\\/engineering\\\/analogue-and-digital-motor-control-teaching-set\\\/\"]}]},{\"@type\":\"ImageObject\",\"inLanguage\":\"es\",\"@id\":\"https:\\\/\\\/ljcreate.com\\\/es\\\/engineering\\\/analogue-and-digital-motor-control-teaching-set\\\/#primaryimage\",\"url\":\"https:\\\/\\\/ljcreate.com\\\/wp-content\\\/uploads\\\/2021\\\/08\\\/207-00.jpg\",\"contentUrl\":\"https:\\\/\\\/ljcreate.com\\\/wp-content\\\/uploads\\\/2021\\\/08\\\/207-00.jpg\",\"width\":1800,\"height\":881,\"caption\":\"Analogue and Digital Motor Control Teaching Set\"},{\"@type\":\"BreadcrumbList\",\"@id\":\"https:\\\/\\\/ljcreate.com\\\/es\\\/engineering\\\/analogue-and-digital-motor-control-teaching-set\\\/#breadcrumb\",\"itemListElement\":[{\"@type\":\"ListItem\",\"position\":1,\"name\":\"Home\",\"item\":\"https:\\\/\\\/ljcreate.com\\\/es\\\/\"},{\"@type\":\"ListItem\",\"position\":2,\"name\":\"Productos\",\"item\":\"https:\\\/\\\/ljcreate.com\\\/es\\\/shop\\\/\"},{\"@type\":\"ListItem\",\"position\":3,\"name\":\"Engineering\",\"item\":\"https:\\\/\\\/ljcreate.com\\\/uk\\\/product-category\\\/engineering\\\/\"},{\"@type\":\"ListItem\",\"position\":4,\"name\":\"Juego de ense\u00f1anza de control de motores anal\u00f3gicos y digitales\"}]},{\"@type\":\"WebSite\",\"@id\":\"https:\\\/\\\/ljcreate.com\\\/es\\\/#website\",\"url\":\"https:\\\/\\\/ljcreate.com\\\/es\\\/\",\"name\":\"LJ Create\",\"description\":\"Innovate, Inspire, and Engage\",\"publisher\":{\"@id\":\"https:\\\/\\\/ljcreate.com\\\/es\\\/#organization\"},\"alternateName\":\"Creative Learning (Norwich) Limited\",\"potentialAction\":[{\"@type\":\"SearchAction\",\"target\":{\"@type\":\"EntryPoint\",\"urlTemplate\":\"https:\\\/\\\/ljcreate.com\\\/es\\\/?s={search_term_string}\"},\"query-input\":{\"@type\":\"PropertyValueSpecification\",\"valueRequired\":true,\"valueName\":\"search_term_string\"}}],\"inLanguage\":\"es\"},{\"@type\":\"Organization\",\"@id\":\"https:\\\/\\\/ljcreate.com\\\/es\\\/#organization\",\"name\":\"LJ Create\",\"url\":\"https:\\\/\\\/ljcreate.com\\\/es\\\/\",\"logo\":{\"@type\":\"ImageObject\",\"inLanguage\":\"es\",\"@id\":\"https:\\\/\\\/ljcreate.com\\\/es\\\/#\\\/schema\\\/logo\\\/image\\\/\",\"url\":\"https:\\\/\\\/ljcreate.com\\\/wp-content\\\/uploads\\\/2021\\\/07\\\/logo.svg\",\"contentUrl\":\"https:\\\/\\\/ljcreate.com\\\/wp-content\\\/uploads\\\/2021\\\/07\\\/logo.svg\",\"width\":\"1024\",\"height\":\"1024\",\"caption\":\"LJ Create\"},\"image\":{\"@id\":\"https:\\\/\\\/ljcreate.com\\\/es\\\/#\\\/schema\\\/logo\\\/image\\\/\"}}]}<\/script>\n<!-- \/ Yoast SEO plugin. -->","yoast_head_json":{"title":"Juego de ense\u00f1anza de control de motores anal\u00f3gicos y digitales | LJ Create","robots":{"index":"index","follow":"follow","max-snippet":"max-snippet:-1","max-image-preview":"max-image-preview:large","max-video-preview":"max-video-preview:-1"},"canonical":"https:\/\/ljcreate.com\/es\/engineering\/analogue-and-digital-motor-control-teaching-set\/","og_locale":"es_ES","og_type":"article","og_title":"Juego de ense\u00f1anza de control de motores anal\u00f3gicos y digitales | LJ Create","og_description":"Juego de ense\u00f1anza de control de motores anal\u00f3gicos y digitales (207-00) &#8211; las actividades t\u00edpicas incluyen: Describir los elementos principales de un controlador PID Investigue las funciones de captura de datos de un osciloscopio de almacenamiento digital Realice pruebas simples de respuesta de frecuencia, rampa y escal\u00f3n Demuestre el control de velocidad proporcional Resume las&hellip;","og_url":"https:\/\/ljcreate.com\/es\/engineering\/analogue-and-digital-motor-control-teaching-set\/","og_site_name":"LJ Create","article_modified_time":"2023-07-03T15:11:20+00:00","og_image":[{"width":1800,"height":881,"url":"https:\/\/ljcreate.com\/wp-content\/uploads\/2021\/08\/207-00.jpg","type":"image\/jpeg"}],"twitter_card":"summary_large_image","twitter_misc":{"Tiempo de lectura":"1 minuto"},"schema":{"@context":"https:\/\/schema.org","@graph":[{"@type":"WebPage","@id":"https:\/\/ljcreate.com\/es\/engineering\/analogue-and-digital-motor-control-teaching-set\/","url":"https:\/\/ljcreate.com\/es\/engineering\/analogue-and-digital-motor-control-teaching-set\/","name":"Juego de ense\u00f1anza de control de motores anal\u00f3gicos y digitales | LJ Create","isPartOf":{"@id":"https:\/\/ljcreate.com\/es\/#website"},"primaryImageOfPage":{"@id":"https:\/\/ljcreate.com\/es\/engineering\/analogue-and-digital-motor-control-teaching-set\/#primaryimage"},"image":{"@id":"https:\/\/ljcreate.com\/es\/engineering\/analogue-and-digital-motor-control-teaching-set\/#primaryimage"},"thumbnailUrl":"https:\/\/ljcreate.com\/wp-content\/uploads\/2021\/08\/207-00.jpg","datePublished":"2021-08-24T14:55:50+00:00","dateModified":"2023-07-03T15:11:20+00:00","breadcrumb":{"@id":"https:\/\/ljcreate.com\/es\/engineering\/analogue-and-digital-motor-control-teaching-set\/#breadcrumb"},"inLanguage":"es","potentialAction":[{"@type":"ReadAction","target":["https:\/\/ljcreate.com\/es\/engineering\/analogue-and-digital-motor-control-teaching-set\/"]}]},{"@type":"ImageObject","inLanguage":"es","@id":"https:\/\/ljcreate.com\/es\/engineering\/analogue-and-digital-motor-control-teaching-set\/#primaryimage","url":"https:\/\/ljcreate.com\/wp-content\/uploads\/2021\/08\/207-00.jpg","contentUrl":"https:\/\/ljcreate.com\/wp-content\/uploads\/2021\/08\/207-00.jpg","width":1800,"height":881,"caption":"Analogue and Digital Motor Control Teaching Set"},{"@type":"BreadcrumbList","@id":"https:\/\/ljcreate.com\/es\/engineering\/analogue-and-digital-motor-control-teaching-set\/#breadcrumb","itemListElement":[{"@type":"ListItem","position":1,"name":"Home","item":"https:\/\/ljcreate.com\/es\/"},{"@type":"ListItem","position":2,"name":"Productos","item":"https:\/\/ljcreate.com\/es\/shop\/"},{"@type":"ListItem","position":3,"name":"Engineering","item":"https:\/\/ljcreate.com\/uk\/product-category\/engineering\/"},{"@type":"ListItem","position":4,"name":"Juego de ense\u00f1anza de control de motores anal\u00f3gicos y digitales"}]},{"@type":"WebSite","@id":"https:\/\/ljcreate.com\/es\/#website","url":"https:\/\/ljcreate.com\/es\/","name":"LJ Create","description":"Innovate, Inspire, and Engage","publisher":{"@id":"https:\/\/ljcreate.com\/es\/#organization"},"alternateName":"Creative Learning (Norwich) Limited","potentialAction":[{"@type":"SearchAction","target":{"@type":"EntryPoint","urlTemplate":"https:\/\/ljcreate.com\/es\/?s={search_term_string}"},"query-input":{"@type":"PropertyValueSpecification","valueRequired":true,"valueName":"search_term_string"}}],"inLanguage":"es"},{"@type":"Organization","@id":"https:\/\/ljcreate.com\/es\/#organization","name":"LJ Create","url":"https:\/\/ljcreate.com\/es\/","logo":{"@type":"ImageObject","inLanguage":"es","@id":"https:\/\/ljcreate.com\/es\/#\/schema\/logo\/image\/","url":"https:\/\/ljcreate.com\/wp-content\/uploads\/2021\/07\/logo.svg","contentUrl":"https:\/\/ljcreate.com\/wp-content\/uploads\/2021\/07\/logo.svg","width":"1024","height":"1024","caption":"LJ Create"},"image":{"@id":"https:\/\/ljcreate.com\/es\/#\/schema\/logo\/image\/"}}]}},"_links":{"self":[{"href":"https:\/\/ljcreate.com\/es\/wp-json\/wp\/v2\/product\/26848","targetHints":{"allow":["GET"]}}],"collection":[{"href":"https:\/\/ljcreate.com\/es\/wp-json\/wp\/v2\/product"}],"about":[{"href":"https:\/\/ljcreate.com\/es\/wp-json\/wp\/v2\/types\/product"}],"wp:featuredmedia":[{"embeddable":true,"href":"https:\/\/ljcreate.com\/es\/wp-json\/wp\/v2\/media\/20156"}],"wp:attachment":[{"href":"https:\/\/ljcreate.com\/es\/wp-json\/wp\/v2\/media?parent=26848"}],"wp:term":[{"taxonomy":"product_brand","embeddable":true,"href":"https:\/\/ljcreate.com\/es\/wp-json\/wp\/v2\/product_brand?post=26848"},{"taxonomy":"product_cat","embeddable":true,"href":"https:\/\/ljcreate.com\/es\/wp-json\/wp\/v2\/product_cat?post=26848"},{"taxonomy":"product_tag","embeddable":true,"href":"https:\/\/ljcreate.com\/es\/wp-json\/wp\/v2\/product_tag?post=26848"}],"curies":[{"name":"wp","href":"https:\/\/api.w.org\/{rel}","templated":true}]}}