{"id":26847,"date":"2021-08-24T10:03:25","date_gmt":"2021-08-24T15:03:25","guid":{"rendered":"https:\/\/alpha.ljcreate.com\/product\/sin%20categor\u00eda\/siemens-s71200-step-7-lessons-plc-pack\/"},"modified":"2023-06-30T15:41:14","modified_gmt":"2023-06-30T14:41:14","slug":"siemens-s71200-step-7-lessons-plc-pack","status":"publish","type":"product","link":"https:\/\/ljcreate.com\/es\/engineering\/siemens-s71200-step-7-lessons-plc-pack\/","title":{"rendered":"Siemens S71200 + Step 7 + Paquete de PLC de lecciones"},"content":{"rendered":"<p>El Siemens S71200 + Step 7 + Lessons PLC Pack (290-02\/SI) se utiliza para explorar la construcci\u00f3n y el funcionamiento de los controladores l\u00f3gicos programables. Los estudiantes trabajan a trav\u00e9s de una serie de desaf\u00edos de dise\u00f1o para desarrollar sus habilidades de programaci\u00f3n de l\u00f3gica de escalera.<\/p>\n<p>Estas habilidades se ampl\u00edan a\u00fan m\u00e1s y se aplican en tareas pr\u00e1cticas realizadas utilizando un PLC est\u00e1ndar industrial Siemens S7-1200 y el software de programaci\u00f3n Siemens Simatic Step 7.<\/p>\n<h5>Este paquete de PLC se puede utilizar junto con:<\/h5>\n<ul>\n<li><a href=\"https:\/\/ljcreate.com\/es\/engineering\/industrial-control-trainer\/\" target=\"_blank\" rel=\"noopener\">Instructor de control industrial (290-01)<\/a><\/li>\n<li><a href=\"https:\/\/ljcreate.com\/es\/engineering\/plcs-trainer\/\" target=\"_blank\" rel=\"noopener\">Entrenador de PLCs (291-01)<\/a><\/li>\n<li><a href=\"https:\/\/ljcreate.com\/es\/engineering\/petra-ii-advanced-industrial-control-trainer\/\" target=\"_blank\" rel=\"noopener\">PETRA II &#8211; Entrenador de Control Industrial Avanzado (292-01)<\/a><\/li>\n<\/ul>\n","protected":false},"excerpt":{"rendered":"<p>El Siemens S71200 + Step 7 + Lessons PLC Pack (290-02\/SI) se utiliza para explorar la construcci\u00f3n y el funcionamiento de los controladores l\u00f3gicos programables. Los estudiantes trabajan a trav\u00e9s de una serie de desaf\u00edos de dise\u00f1o para desarrollar sus habilidades de programaci\u00f3n de l\u00f3gica de escalera. Estas habilidades se ampl\u00edan a\u00fan m\u00e1s y se&hellip;<\/p>\n","protected":false},"featured_media":31959,"template":"","meta":{"_acf_changed":false,"inline_featured_image":false},"product_brand":[],"product_cat":[138,145],"product_tag":[],"class_list":{"0":"post-26847","1":"product","2":"type-product","3":"status-publish","4":"has-post-thumbnail","6":"product_cat-engineering-es","7":"product_cat-industrial-control-systems-trainers-es","9":"first","10":"instock","11":"shipping-taxable","12":"product-type-simple"},"acf":[],"yoast_head":"<!-- This site is optimized with the Yoast SEO plugin v27.3 - https:\/\/yoast.com\/product\/yoast-seo-wordpress\/ -->\n<title>Siemens S71200 + Step 7 + Paquete de PLC de lecciones | LJ Create<\/title>\n<meta name=\"description\" content=\"El paquete Siemens S71200 + Step 7 + Lessons PLC incluye un PLC Siemens S7-1200, el software de programaci\u00f3n Siemens SIMATIC Step 7 y un conjunto de lecciones.\" \/>\n<meta name=\"robots\" content=\"index, follow, max-snippet:-1, max-image-preview:large, max-video-preview:-1\" \/>\n<link rel=\"canonical\" href=\"https:\/\/ljcreate.com\/es\/engineering\/siemens-s71200-step-7-lessons-plc-pack\/\" \/>\n<meta property=\"og:locale\" content=\"es_ES\" \/>\n<meta property=\"og:type\" content=\"article\" \/>\n<meta property=\"og:title\" content=\"Siemens S71200 + Step 7 + Paquete de PLC de lecciones | LJ Create\" \/>\n<meta property=\"og:description\" content=\"El paquete Siemens S71200 + Step 7 + Lessons PLC incluye un PLC Siemens S7-1200, el software de programaci\u00f3n Siemens SIMATIC Step 7 y un conjunto de lecciones.\" \/>\n<meta property=\"og:url\" content=\"https:\/\/ljcreate.com\/es\/engineering\/siemens-s71200-step-7-lessons-plc-pack\/\" \/>\n<meta property=\"og:site_name\" content=\"LJ Create\" \/>\n<meta property=\"article:modified_time\" content=\"2023-06-30T14:41:14+00:00\" \/>\n<meta property=\"og:image\" content=\"https:\/\/ljcreate.com\/wp-content\/uploads\/2021\/08\/siemensS71200Step7LessonsPLCPack.webp\" \/>\n\t<meta property=\"og:image:width\" content=\"1080\" \/>\n\t<meta property=\"og:image:height\" content=\"529\" \/>\n\t<meta property=\"og:image:type\" content=\"image\/webp\" \/>\n<meta name=\"twitter:card\" content=\"summary_large_image\" \/>\n<meta name=\"twitter:label1\" content=\"Tiempo de lectura\" \/>\n\t<meta name=\"twitter:data1\" content=\"1 minuto\" \/>\n<script type=\"application\/ld+json\" class=\"yoast-schema-graph\">{\"@context\":\"https:\\\/\\\/schema.org\",\"@graph\":[{\"@type\":\"WebPage\",\"@id\":\"https:\\\/\\\/ljcreate.com\\\/es\\\/engineering\\\/siemens-s71200-step-7-lessons-plc-pack\\\/\",\"url\":\"https:\\\/\\\/ljcreate.com\\\/es\\\/engineering\\\/siemens-s71200-step-7-lessons-plc-pack\\\/\",\"name\":\"Siemens S71200 + Step 7 + Paquete de PLC de lecciones | LJ Create\",\"isPartOf\":{\"@id\":\"https:\\\/\\\/ljcreate.com\\\/es\\\/#website\"},\"primaryImageOfPage\":{\"@id\":\"https:\\\/\\\/ljcreate.com\\\/es\\\/engineering\\\/siemens-s71200-step-7-lessons-plc-pack\\\/#primaryimage\"},\"image\":{\"@id\":\"https:\\\/\\\/ljcreate.com\\\/es\\\/engineering\\\/siemens-s71200-step-7-lessons-plc-pack\\\/#primaryimage\"},\"thumbnailUrl\":\"https:\\\/\\\/ljcreate.com\\\/wp-content\\\/uploads\\\/2021\\\/08\\\/siemensS71200Step7LessonsPLCPack.webp\",\"datePublished\":\"2021-08-24T15:03:25+00:00\",\"dateModified\":\"2023-06-30T14:41:14+00:00\",\"description\":\"El paquete Siemens S71200 + Step 7 + Lessons PLC incluye un PLC Siemens S7-1200, el software de programaci\u00f3n Siemens SIMATIC Step 7 y un conjunto de lecciones.\",\"breadcrumb\":{\"@id\":\"https:\\\/\\\/ljcreate.com\\\/es\\\/engineering\\\/siemens-s71200-step-7-lessons-plc-pack\\\/#breadcrumb\"},\"inLanguage\":\"es\",\"potentialAction\":[{\"@type\":\"ReadAction\",\"target\":[\"https:\\\/\\\/ljcreate.com\\\/es\\\/engineering\\\/siemens-s71200-step-7-lessons-plc-pack\\\/\"]}]},{\"@type\":\"ImageObject\",\"inLanguage\":\"es\",\"@id\":\"https:\\\/\\\/ljcreate.com\\\/es\\\/engineering\\\/siemens-s71200-step-7-lessons-plc-pack\\\/#primaryimage\",\"url\":\"https:\\\/\\\/ljcreate.com\\\/wp-content\\\/uploads\\\/2021\\\/08\\\/siemensS71200Step7LessonsPLCPack.webp\",\"contentUrl\":\"https:\\\/\\\/ljcreate.com\\\/wp-content\\\/uploads\\\/2021\\\/08\\\/siemensS71200Step7LessonsPLCPack.webp\",\"width\":1080,\"height\":529,\"caption\":\"Siemens S71200 + Step 7 + Lessons PLC Pack\"},{\"@type\":\"BreadcrumbList\",\"@id\":\"https:\\\/\\\/ljcreate.com\\\/es\\\/engineering\\\/siemens-s71200-step-7-lessons-plc-pack\\\/#breadcrumb\",\"itemListElement\":[{\"@type\":\"ListItem\",\"position\":1,\"name\":\"Home\",\"item\":\"https:\\\/\\\/ljcreate.com\\\/es\\\/\"},{\"@type\":\"ListItem\",\"position\":2,\"name\":\"Productos\",\"item\":\"https:\\\/\\\/ljcreate.com\\\/es\\\/shop\\\/\"},{\"@type\":\"ListItem\",\"position\":3,\"name\":\"Engineering\",\"item\":\"https:\\\/\\\/ljcreate.com\\\/uk\\\/product-category\\\/engineering\\\/\"},{\"@type\":\"ListItem\",\"position\":4,\"name\":\"Siemens S71200 + Step 7 + Paquete de PLC de lecciones\"}]},{\"@type\":\"WebSite\",\"@id\":\"https:\\\/\\\/ljcreate.com\\\/es\\\/#website\",\"url\":\"https:\\\/\\\/ljcreate.com\\\/es\\\/\",\"name\":\"LJ Create\",\"description\":\"Innovate, Inspire, and Engage\",\"publisher\":{\"@id\":\"https:\\\/\\\/ljcreate.com\\\/es\\\/#organization\"},\"alternateName\":\"Creative Learning (Norwich) Limited\",\"potentialAction\":[{\"@type\":\"SearchAction\",\"target\":{\"@type\":\"EntryPoint\",\"urlTemplate\":\"https:\\\/\\\/ljcreate.com\\\/es\\\/?s={search_term_string}\"},\"query-input\":{\"@type\":\"PropertyValueSpecification\",\"valueRequired\":true,\"valueName\":\"search_term_string\"}}],\"inLanguage\":\"es\"},{\"@type\":\"Organization\",\"@id\":\"https:\\\/\\\/ljcreate.com\\\/es\\\/#organization\",\"name\":\"LJ Create\",\"url\":\"https:\\\/\\\/ljcreate.com\\\/es\\\/\",\"logo\":{\"@type\":\"ImageObject\",\"inLanguage\":\"es\",\"@id\":\"https:\\\/\\\/ljcreate.com\\\/es\\\/#\\\/schema\\\/logo\\\/image\\\/\",\"url\":\"https:\\\/\\\/ljcreate.com\\\/wp-content\\\/uploads\\\/2021\\\/07\\\/logo.svg\",\"contentUrl\":\"https:\\\/\\\/ljcreate.com\\\/wp-content\\\/uploads\\\/2021\\\/07\\\/logo.svg\",\"width\":\"1024\",\"height\":\"1024\",\"caption\":\"LJ Create\"},\"image\":{\"@id\":\"https:\\\/\\\/ljcreate.com\\\/es\\\/#\\\/schema\\\/logo\\\/image\\\/\"}}]}<\/script>\n<!-- \/ Yoast SEO plugin. -->","yoast_head_json":{"title":"Siemens S71200 + Step 7 + Paquete de PLC de lecciones | LJ Create","description":"El paquete Siemens S71200 + Step 7 + Lessons PLC incluye un PLC Siemens S7-1200, el software de programaci\u00f3n Siemens SIMATIC Step 7 y un conjunto de lecciones.","robots":{"index":"index","follow":"follow","max-snippet":"max-snippet:-1","max-image-preview":"max-image-preview:large","max-video-preview":"max-video-preview:-1"},"canonical":"https:\/\/ljcreate.com\/es\/engineering\/siemens-s71200-step-7-lessons-plc-pack\/","og_locale":"es_ES","og_type":"article","og_title":"Siemens S71200 + Step 7 + Paquete de PLC de lecciones | LJ Create","og_description":"El paquete Siemens S71200 + Step 7 + Lessons PLC incluye un PLC Siemens S7-1200, el software de programaci\u00f3n Siemens SIMATIC Step 7 y un conjunto de lecciones.","og_url":"https:\/\/ljcreate.com\/es\/engineering\/siemens-s71200-step-7-lessons-plc-pack\/","og_site_name":"LJ Create","article_modified_time":"2023-06-30T14:41:14+00:00","og_image":[{"width":1080,"height":529,"url":"https:\/\/ljcreate.com\/wp-content\/uploads\/2021\/08\/siemensS71200Step7LessonsPLCPack.webp","type":"image\/webp"}],"twitter_card":"summary_large_image","twitter_misc":{"Tiempo de lectura":"1 minuto"},"schema":{"@context":"https:\/\/schema.org","@graph":[{"@type":"WebPage","@id":"https:\/\/ljcreate.com\/es\/engineering\/siemens-s71200-step-7-lessons-plc-pack\/","url":"https:\/\/ljcreate.com\/es\/engineering\/siemens-s71200-step-7-lessons-plc-pack\/","name":"Siemens S71200 + Step 7 + Paquete de PLC de lecciones | LJ Create","isPartOf":{"@id":"https:\/\/ljcreate.com\/es\/#website"},"primaryImageOfPage":{"@id":"https:\/\/ljcreate.com\/es\/engineering\/siemens-s71200-step-7-lessons-plc-pack\/#primaryimage"},"image":{"@id":"https:\/\/ljcreate.com\/es\/engineering\/siemens-s71200-step-7-lessons-plc-pack\/#primaryimage"},"thumbnailUrl":"https:\/\/ljcreate.com\/wp-content\/uploads\/2021\/08\/siemensS71200Step7LessonsPLCPack.webp","datePublished":"2021-08-24T15:03:25+00:00","dateModified":"2023-06-30T14:41:14+00:00","description":"El paquete Siemens S71200 + Step 7 + Lessons PLC incluye un PLC Siemens S7-1200, el software de programaci\u00f3n Siemens SIMATIC Step 7 y un conjunto de lecciones.","breadcrumb":{"@id":"https:\/\/ljcreate.com\/es\/engineering\/siemens-s71200-step-7-lessons-plc-pack\/#breadcrumb"},"inLanguage":"es","potentialAction":[{"@type":"ReadAction","target":["https:\/\/ljcreate.com\/es\/engineering\/siemens-s71200-step-7-lessons-plc-pack\/"]}]},{"@type":"ImageObject","inLanguage":"es","@id":"https:\/\/ljcreate.com\/es\/engineering\/siemens-s71200-step-7-lessons-plc-pack\/#primaryimage","url":"https:\/\/ljcreate.com\/wp-content\/uploads\/2021\/08\/siemensS71200Step7LessonsPLCPack.webp","contentUrl":"https:\/\/ljcreate.com\/wp-content\/uploads\/2021\/08\/siemensS71200Step7LessonsPLCPack.webp","width":1080,"height":529,"caption":"Siemens S71200 + Step 7 + Lessons PLC Pack"},{"@type":"BreadcrumbList","@id":"https:\/\/ljcreate.com\/es\/engineering\/siemens-s71200-step-7-lessons-plc-pack\/#breadcrumb","itemListElement":[{"@type":"ListItem","position":1,"name":"Home","item":"https:\/\/ljcreate.com\/es\/"},{"@type":"ListItem","position":2,"name":"Productos","item":"https:\/\/ljcreate.com\/es\/shop\/"},{"@type":"ListItem","position":3,"name":"Engineering","item":"https:\/\/ljcreate.com\/uk\/product-category\/engineering\/"},{"@type":"ListItem","position":4,"name":"Siemens S71200 + Step 7 + Paquete de PLC de lecciones"}]},{"@type":"WebSite","@id":"https:\/\/ljcreate.com\/es\/#website","url":"https:\/\/ljcreate.com\/es\/","name":"LJ Create","description":"Innovate, Inspire, and Engage","publisher":{"@id":"https:\/\/ljcreate.com\/es\/#organization"},"alternateName":"Creative Learning (Norwich) Limited","potentialAction":[{"@type":"SearchAction","target":{"@type":"EntryPoint","urlTemplate":"https:\/\/ljcreate.com\/es\/?s={search_term_string}"},"query-input":{"@type":"PropertyValueSpecification","valueRequired":true,"valueName":"search_term_string"}}],"inLanguage":"es"},{"@type":"Organization","@id":"https:\/\/ljcreate.com\/es\/#organization","name":"LJ Create","url":"https:\/\/ljcreate.com\/es\/","logo":{"@type":"ImageObject","inLanguage":"es","@id":"https:\/\/ljcreate.com\/es\/#\/schema\/logo\/image\/","url":"https:\/\/ljcreate.com\/wp-content\/uploads\/2021\/07\/logo.svg","contentUrl":"https:\/\/ljcreate.com\/wp-content\/uploads\/2021\/07\/logo.svg","width":"1024","height":"1024","caption":"LJ Create"},"image":{"@id":"https:\/\/ljcreate.com\/es\/#\/schema\/logo\/image\/"}}]}},"_links":{"self":[{"href":"https:\/\/ljcreate.com\/es\/wp-json\/wp\/v2\/product\/26847","targetHints":{"allow":["GET"]}}],"collection":[{"href":"https:\/\/ljcreate.com\/es\/wp-json\/wp\/v2\/product"}],"about":[{"href":"https:\/\/ljcreate.com\/es\/wp-json\/wp\/v2\/types\/product"}],"wp:featuredmedia":[{"embeddable":true,"href":"https:\/\/ljcreate.com\/es\/wp-json\/wp\/v2\/media\/31959"}],"wp:attachment":[{"href":"https:\/\/ljcreate.com\/es\/wp-json\/wp\/v2\/media?parent=26847"}],"wp:term":[{"taxonomy":"product_brand","embeddable":true,"href":"https:\/\/ljcreate.com\/es\/wp-json\/wp\/v2\/product_brand?post=26847"},{"taxonomy":"product_cat","embeddable":true,"href":"https:\/\/ljcreate.com\/es\/wp-json\/wp\/v2\/product_cat?post=26847"},{"taxonomy":"product_tag","embeddable":true,"href":"https:\/\/ljcreate.com\/es\/wp-json\/wp\/v2\/product_tag?post=26847"}],"curies":[{"name":"wp","href":"https:\/\/api.w.org\/{rel}","templated":true}]}}