{"id":26845,"date":"2021-08-24T10:07:58","date_gmt":"2021-08-24T15:07:58","guid":{"rendered":"https:\/\/alpha.ljcreate.com\/product\/sin%20categor\u00eda\/allen-bradley-micrologix820-software-pack\/"},"modified":"2025-11-20T12:30:47","modified_gmt":"2025-11-20T12:30:47","slug":"allen-bradley-micrologix820-software-pack","status":"publish","type":"product","link":"https:\/\/ljcreate.com\/es\/engineering\/allen-bradley-micro820-software-pack\/","title":{"rendered":"Paquete de software Allen Bradley Micro820"},"content":{"rendered":"<p>El paquete de software Allen Bradley Micro820 (290-02\/AB) se utiliza para explorar la construcci\u00f3n y el funcionamiento de los controladores l\u00f3gicos programables. Los estudiantes trabajan a trav\u00e9s de una serie de desaf\u00edos de dise\u00f1o para desarrollar sus habilidades de programaci\u00f3n de l\u00f3gica de escalera.<\/p>\n<p>Estas habilidades se ampl\u00edan a\u00fan m\u00e1s y se aplican en tareas pr\u00e1cticas realizadas utilizando un est\u00e1ndar industrial Allen Bradley Micro820 PLC y software de programaci\u00f3n.<\/p>\n<h5>Este paquete de PLC se puede utilizar junto con:<\/h5>\n<ul>\n<li><a href=\"https:\/\/ljcreate.com\/es\/engineering\/industrial-control-trainer\/\" target=\"_blank\" rel=\"noopener\">Instructor de control industrial (290-01)<\/a><\/li>\n<li><a href=\"https:\/\/ljcreate.com\/es\/engineering\/plcs-trainer\/\" target=\"_blank\" rel=\"noopener\">Entrenador de PLCs (291-01)<\/a><\/li>\n<\/ul>\n<p>&nbsp;<\/p>\n","protected":false},"excerpt":{"rendered":"<p>El paquete de software Allen Bradley Micro820 (290-02\/AB) se utiliza para explorar la construcci\u00f3n y el funcionamiento de los controladores l\u00f3gicos programables. Los estudiantes trabajan a trav\u00e9s de una serie de desaf\u00edos de dise\u00f1o para desarrollar sus habilidades de programaci\u00f3n de l\u00f3gica de escalera. Estas habilidades se ampl\u00edan a\u00fan m\u00e1s y se aplican en tareas&hellip;<\/p>\n","protected":false},"featured_media":20178,"template":"","meta":{"_acf_changed":false,"inline_featured_image":false},"product_brand":[],"product_cat":[138,145],"product_tag":[],"class_list":{"0":"post-26845","1":"product","2":"type-product","3":"status-publish","4":"has-post-thumbnail","6":"product_cat-engineering-es","7":"product_cat-industrial-control-systems-trainers-es","9":"first","10":"instock","11":"shipping-taxable","12":"product-type-simple"},"acf":[],"yoast_head":"<!-- This site is optimized with the Yoast SEO plugin v27.1.1 - https:\/\/yoast.com\/product\/yoast-seo-wordpress\/ -->\n<title>Paquete de software Allen Bradley Micro820 | LJ Create<\/title>\n<meta name=\"robots\" content=\"index, follow, max-snippet:-1, max-image-preview:large, max-video-preview:-1\" \/>\n<link rel=\"canonical\" href=\"https:\/\/ljcreate.com\/es\/engineering\/allen-bradley-micro820-software-pack\/\" \/>\n<meta property=\"og:locale\" content=\"es_ES\" \/>\n<meta property=\"og:type\" content=\"article\" \/>\n<meta property=\"og:title\" content=\"Paquete de software Allen Bradley Micro820 | LJ Create\" \/>\n<meta property=\"og:description\" content=\"El paquete de software Allen Bradley Micro820 (290-02\/AB) se utiliza para explorar la construcci\u00f3n y el funcionamiento de los controladores l\u00f3gicos programables. Los estudiantes trabajan a trav\u00e9s de una serie de desaf\u00edos de dise\u00f1o para desarrollar sus habilidades de programaci\u00f3n de l\u00f3gica de escalera. Estas habilidades se ampl\u00edan a\u00fan m\u00e1s y se aplican en tareas&hellip;\" \/>\n<meta property=\"og:url\" content=\"https:\/\/ljcreate.com\/es\/engineering\/allen-bradley-micro820-software-pack\/\" \/>\n<meta property=\"og:site_name\" content=\"LJ Create\" \/>\n<meta property=\"article:modified_time\" content=\"2025-11-20T12:30:47+00:00\" \/>\n<meta property=\"og:image\" content=\"https:\/\/ljcreate.com\/wp-content\/uploads\/2021\/08\/290-02-AB_Main.jpg\" \/>\n\t<meta property=\"og:image:width\" content=\"1800\" \/>\n\t<meta property=\"og:image:height\" content=\"881\" \/>\n\t<meta property=\"og:image:type\" content=\"image\/jpeg\" \/>\n<meta name=\"twitter:card\" content=\"summary_large_image\" \/>\n<meta name=\"twitter:label1\" content=\"Tiempo de lectura\" \/>\n\t<meta name=\"twitter:data1\" content=\"1 minuto\" \/>\n<script type=\"application\/ld+json\" class=\"yoast-schema-graph\">{\"@context\":\"https:\/\/schema.org\",\"@graph\":[{\"@type\":\"WebPage\",\"@id\":\"https:\/\/ljcreate.com\/es\/engineering\/allen-bradley-micro820-software-pack\/\",\"url\":\"https:\/\/ljcreate.com\/es\/engineering\/allen-bradley-micro820-software-pack\/\",\"name\":\"Paquete de software Allen Bradley Micro820 | LJ Create\",\"isPartOf\":{\"@id\":\"https:\/\/ljcreate.com\/es\/#website\"},\"primaryImageOfPage\":{\"@id\":\"https:\/\/ljcreate.com\/es\/engineering\/allen-bradley-micro820-software-pack\/#primaryimage\"},\"image\":{\"@id\":\"https:\/\/ljcreate.com\/es\/engineering\/allen-bradley-micro820-software-pack\/#primaryimage\"},\"thumbnailUrl\":\"https:\/\/ljcreate.com\/wp-content\/uploads\/2021\/08\/290-02-AB_Main.jpg\",\"datePublished\":\"2021-08-24T15:07:58+00:00\",\"dateModified\":\"2025-11-20T12:30:47+00:00\",\"breadcrumb\":{\"@id\":\"https:\/\/ljcreate.com\/es\/engineering\/allen-bradley-micro820-software-pack\/#breadcrumb\"},\"inLanguage\":\"es\",\"potentialAction\":[{\"@type\":\"ReadAction\",\"target\":[\"https:\/\/ljcreate.com\/es\/engineering\/allen-bradley-micro820-software-pack\/\"]}]},{\"@type\":\"ImageObject\",\"inLanguage\":\"es\",\"@id\":\"https:\/\/ljcreate.com\/es\/engineering\/allen-bradley-micro820-software-pack\/#primaryimage\",\"url\":\"https:\/\/ljcreate.com\/wp-content\/uploads\/2021\/08\/290-02-AB_Main.jpg\",\"contentUrl\":\"https:\/\/ljcreate.com\/wp-content\/uploads\/2021\/08\/290-02-AB_Main.jpg\",\"width\":1800,\"height\":881,\"caption\":\"Allen Bradley Micrologix820 + Software Pack\"},{\"@type\":\"BreadcrumbList\",\"@id\":\"https:\/\/ljcreate.com\/es\/engineering\/allen-bradley-micro820-software-pack\/#breadcrumb\",\"itemListElement\":[{\"@type\":\"ListItem\",\"position\":1,\"name\":\"Home\",\"item\":\"https:\/\/ljcreate.com\/es\/\"},{\"@type\":\"ListItem\",\"position\":2,\"name\":\"Productos\",\"item\":\"https:\/\/ljcreate.com\/es\/shop\/\"},{\"@type\":\"ListItem\",\"position\":3,\"name\":\"Ingenier\u00eda\",\"item\":\"https:\/\/ljcreate.com\/es\/product-category\/engineering-es\/\"},{\"@type\":\"ListItem\",\"position\":4,\"name\":\"Entrenadores de Sistemas de Control Industrial\",\"item\":\"https:\/\/ljcreate.com\/es\/product-category\/engineering-es\/industrial-control-systems-trainers-es\/\"},{\"@type\":\"ListItem\",\"position\":5,\"name\":\"Paquete de software Allen Bradley Micro820\"}]},{\"@type\":\"WebSite\",\"@id\":\"https:\/\/ljcreate.com\/es\/#website\",\"url\":\"https:\/\/ljcreate.com\/es\/\",\"name\":\"LJ Create\",\"description\":\"Innovate, Inspire, and Engage\",\"publisher\":{\"@id\":\"https:\/\/ljcreate.com\/es\/#organization\"},\"alternateName\":\"Creative Learning (Norwich) Limited\",\"potentialAction\":[{\"@type\":\"SearchAction\",\"target\":{\"@type\":\"EntryPoint\",\"urlTemplate\":\"https:\/\/ljcreate.com\/es\/?s={search_term_string}\"},\"query-input\":{\"@type\":\"PropertyValueSpecification\",\"valueRequired\":true,\"valueName\":\"search_term_string\"}}],\"inLanguage\":\"es\"},{\"@type\":\"Organization\",\"@id\":\"https:\/\/ljcreate.com\/es\/#organization\",\"name\":\"LJ Create\",\"url\":\"https:\/\/ljcreate.com\/es\/\",\"logo\":{\"@type\":\"ImageObject\",\"inLanguage\":\"es\",\"@id\":\"https:\/\/ljcreate.com\/es\/#\/schema\/logo\/image\/\",\"url\":\"https:\/\/ljcreate.com\/wp-content\/uploads\/2021\/07\/logo.svg\",\"contentUrl\":\"https:\/\/ljcreate.com\/wp-content\/uploads\/2021\/07\/logo.svg\",\"width\":\"1024\",\"height\":\"1024\",\"caption\":\"LJ Create\"},\"image\":{\"@id\":\"https:\/\/ljcreate.com\/es\/#\/schema\/logo\/image\/\"}}]}<\/script>\n<!-- \/ Yoast SEO plugin. -->","yoast_head_json":{"title":"Paquete de software Allen Bradley Micro820 | LJ Create","robots":{"index":"index","follow":"follow","max-snippet":"max-snippet:-1","max-image-preview":"max-image-preview:large","max-video-preview":"max-video-preview:-1"},"canonical":"https:\/\/ljcreate.com\/es\/engineering\/allen-bradley-micro820-software-pack\/","og_locale":"es_ES","og_type":"article","og_title":"Paquete de software Allen Bradley Micro820 | LJ Create","og_description":"El paquete de software Allen Bradley Micro820 (290-02\/AB) se utiliza para explorar la construcci\u00f3n y el funcionamiento de los controladores l\u00f3gicos programables. Los estudiantes trabajan a trav\u00e9s de una serie de desaf\u00edos de dise\u00f1o para desarrollar sus habilidades de programaci\u00f3n de l\u00f3gica de escalera. Estas habilidades se ampl\u00edan a\u00fan m\u00e1s y se aplican en tareas&hellip;","og_url":"https:\/\/ljcreate.com\/es\/engineering\/allen-bradley-micro820-software-pack\/","og_site_name":"LJ Create","article_modified_time":"2025-11-20T12:30:47+00:00","og_image":[{"width":1800,"height":881,"url":"https:\/\/ljcreate.com\/wp-content\/uploads\/2021\/08\/290-02-AB_Main.jpg","type":"image\/jpeg"}],"twitter_card":"summary_large_image","twitter_misc":{"Tiempo de lectura":"1 minuto"},"schema":{"@context":"https:\/\/schema.org","@graph":[{"@type":"WebPage","@id":"https:\/\/ljcreate.com\/es\/engineering\/allen-bradley-micro820-software-pack\/","url":"https:\/\/ljcreate.com\/es\/engineering\/allen-bradley-micro820-software-pack\/","name":"Paquete de software Allen Bradley Micro820 | LJ Create","isPartOf":{"@id":"https:\/\/ljcreate.com\/es\/#website"},"primaryImageOfPage":{"@id":"https:\/\/ljcreate.com\/es\/engineering\/allen-bradley-micro820-software-pack\/#primaryimage"},"image":{"@id":"https:\/\/ljcreate.com\/es\/engineering\/allen-bradley-micro820-software-pack\/#primaryimage"},"thumbnailUrl":"https:\/\/ljcreate.com\/wp-content\/uploads\/2021\/08\/290-02-AB_Main.jpg","datePublished":"2021-08-24T15:07:58+00:00","dateModified":"2025-11-20T12:30:47+00:00","breadcrumb":{"@id":"https:\/\/ljcreate.com\/es\/engineering\/allen-bradley-micro820-software-pack\/#breadcrumb"},"inLanguage":"es","potentialAction":[{"@type":"ReadAction","target":["https:\/\/ljcreate.com\/es\/engineering\/allen-bradley-micro820-software-pack\/"]}]},{"@type":"ImageObject","inLanguage":"es","@id":"https:\/\/ljcreate.com\/es\/engineering\/allen-bradley-micro820-software-pack\/#primaryimage","url":"https:\/\/ljcreate.com\/wp-content\/uploads\/2021\/08\/290-02-AB_Main.jpg","contentUrl":"https:\/\/ljcreate.com\/wp-content\/uploads\/2021\/08\/290-02-AB_Main.jpg","width":1800,"height":881,"caption":"Allen Bradley Micrologix820 + Software Pack"},{"@type":"BreadcrumbList","@id":"https:\/\/ljcreate.com\/es\/engineering\/allen-bradley-micro820-software-pack\/#breadcrumb","itemListElement":[{"@type":"ListItem","position":1,"name":"Home","item":"https:\/\/ljcreate.com\/es\/"},{"@type":"ListItem","position":2,"name":"Productos","item":"https:\/\/ljcreate.com\/es\/shop\/"},{"@type":"ListItem","position":3,"name":"Ingenier\u00eda","item":"https:\/\/ljcreate.com\/es\/product-category\/engineering-es\/"},{"@type":"ListItem","position":4,"name":"Entrenadores de Sistemas de Control Industrial","item":"https:\/\/ljcreate.com\/es\/product-category\/engineering-es\/industrial-control-systems-trainers-es\/"},{"@type":"ListItem","position":5,"name":"Paquete de software Allen Bradley Micro820"}]},{"@type":"WebSite","@id":"https:\/\/ljcreate.com\/es\/#website","url":"https:\/\/ljcreate.com\/es\/","name":"LJ Create","description":"Innovate, Inspire, and Engage","publisher":{"@id":"https:\/\/ljcreate.com\/es\/#organization"},"alternateName":"Creative Learning (Norwich) Limited","potentialAction":[{"@type":"SearchAction","target":{"@type":"EntryPoint","urlTemplate":"https:\/\/ljcreate.com\/es\/?s={search_term_string}"},"query-input":{"@type":"PropertyValueSpecification","valueRequired":true,"valueName":"search_term_string"}}],"inLanguage":"es"},{"@type":"Organization","@id":"https:\/\/ljcreate.com\/es\/#organization","name":"LJ Create","url":"https:\/\/ljcreate.com\/es\/","logo":{"@type":"ImageObject","inLanguage":"es","@id":"https:\/\/ljcreate.com\/es\/#\/schema\/logo\/image\/","url":"https:\/\/ljcreate.com\/wp-content\/uploads\/2021\/07\/logo.svg","contentUrl":"https:\/\/ljcreate.com\/wp-content\/uploads\/2021\/07\/logo.svg","width":"1024","height":"1024","caption":"LJ Create"},"image":{"@id":"https:\/\/ljcreate.com\/es\/#\/schema\/logo\/image\/"}}]}},"_links":{"self":[{"href":"https:\/\/ljcreate.com\/es\/wp-json\/wp\/v2\/product\/26845","targetHints":{"allow":["GET"]}}],"collection":[{"href":"https:\/\/ljcreate.com\/es\/wp-json\/wp\/v2\/product"}],"about":[{"href":"https:\/\/ljcreate.com\/es\/wp-json\/wp\/v2\/types\/product"}],"wp:featuredmedia":[{"embeddable":true,"href":"https:\/\/ljcreate.com\/es\/wp-json\/wp\/v2\/media\/20178"}],"wp:attachment":[{"href":"https:\/\/ljcreate.com\/es\/wp-json\/wp\/v2\/media?parent=26845"}],"wp:term":[{"taxonomy":"product_brand","embeddable":true,"href":"https:\/\/ljcreate.com\/es\/wp-json\/wp\/v2\/product_brand?post=26845"},{"taxonomy":"product_cat","embeddable":true,"href":"https:\/\/ljcreate.com\/es\/wp-json\/wp\/v2\/product_cat?post=26845"},{"taxonomy":"product_tag","embeddable":true,"href":"https:\/\/ljcreate.com\/es\/wp-json\/wp\/v2\/product_tag?post=26845"}],"curies":[{"name":"wp","href":"https:\/\/api.w.org\/{rel}","templated":true}]}}