{"id":26844,"date":"2021-08-24T10:11:50","date_gmt":"2021-08-24T15:11:50","guid":{"rendered":"https:\/\/alpha.ljcreate.com\/product\/sin%20categor\u00eda\/four-wheel-drive-sectioned-gearbox\/"},"modified":"2023-07-07T14:51:01","modified_gmt":"2023-07-07T13:51:01","slug":"four-wheel-drive-sectioned-gearbox","status":"publish","type":"product","link":"https:\/\/ljcreate.com\/es\/automotive-technology\/four-wheel-drive-sectioned-gearbox\/","title":{"rendered":"Caja de cambios seccionada con tracci\u00f3n en las cuatro ruedas"},"content":{"rendered":"<p>El caja de cambios seccionada con tracci\u00f3n en las cuatro ruedas (786-01) completamente seccionado permite al instructor demostrar el funcionamiento interno de una caja de cambios 4&#215;4 completa.<\/p>\n<p>Dise\u00f1ado para demostraciones grupales o de toda la clase, el entrenador est\u00e1 montado en un marco de acero aut\u00f3nomo que est\u00e1 equipado con ruedas para facilitar el movimiento.<\/p>\n","protected":false},"excerpt":{"rendered":"<p>El caja de cambios seccionada con tracci\u00f3n en las cuatro ruedas (786-01) completamente seccionado permite al instructor demostrar el funcionamiento interno de una caja de cambios 4&#215;4 completa. Dise\u00f1ado para demostraciones grupales o de toda la clase, el entrenador est\u00e1 montado en un marco de acero aut\u00f3nomo que est\u00e1 equipado con ruedas para facilitar el&hellip;<\/p>\n","protected":false},"featured_media":52878,"template":"","meta":{"_acf_changed":false,"inline_featured_image":false},"product_brand":[],"product_cat":[59,112,77,129,132,134],"product_tag":[],"class_list":{"0":"post-26844","1":"product","2":"type-product","3":"status-publish","4":"has-post-thumbnail","6":"product_cat-automotive-technology","7":"product_cat-automotive-medium-heavy-truck-rigs","8":"product_cat-automotive-technology-uk","9":"product_cat-automotive-medium-heavy-truck-rigs-uk","10":"product_cat-automotive-technology-es","11":"product_cat-automotive-medium-heavy-truck-rigs-es","13":"first","14":"instock","15":"shipping-taxable","16":"product-type-simple"},"acf":[],"yoast_head":"<!-- This site is optimized with the Yoast SEO plugin v27.3 - https:\/\/yoast.com\/product\/yoast-seo-wordpress\/ -->\n<title>Caja de cambios seccionada con tracci\u00f3n en las cuatro ruedas | LJ Create<\/title>\n<meta name=\"robots\" content=\"index, follow, max-snippet:-1, max-image-preview:large, max-video-preview:-1\" \/>\n<link rel=\"canonical\" href=\"https:\/\/ljcreate.com\/es\/automotive-technology\/four-wheel-drive-sectioned-gearbox\/\" \/>\n<meta property=\"og:locale\" content=\"es_ES\" \/>\n<meta property=\"og:type\" content=\"article\" \/>\n<meta property=\"og:title\" content=\"Caja de cambios seccionada con tracci\u00f3n en las cuatro ruedas | LJ Create\" \/>\n<meta property=\"og:description\" content=\"El caja de cambios seccionada con tracci\u00f3n en las cuatro ruedas (786-01) completamente seccionado permite al instructor demostrar el funcionamiento interno de una caja de cambios 4&#215;4 completa. Dise\u00f1ado para demostraciones grupales o de toda la clase, el entrenador est\u00e1 montado en un marco de acero aut\u00f3nomo que est\u00e1 equipado con ruedas para facilitar el&hellip;\" \/>\n<meta property=\"og:url\" content=\"https:\/\/ljcreate.com\/es\/automotive-technology\/four-wheel-drive-sectioned-gearbox\/\" \/>\n<meta property=\"og:site_name\" content=\"LJ Create\" \/>\n<meta property=\"article:modified_time\" content=\"2023-07-07T13:51:01+00:00\" \/>\n<meta property=\"og:image\" content=\"https:\/\/ljcreate.com\/wp-content\/uploads\/2021\/08\/fourWheelDriveSectionedGearbox.webp\" \/>\n\t<meta property=\"og:image:width\" content=\"1080\" \/>\n\t<meta property=\"og:image:height\" content=\"529\" \/>\n\t<meta property=\"og:image:type\" content=\"image\/webp\" \/>\n<meta name=\"twitter:card\" content=\"summary_large_image\" \/>\n<meta name=\"twitter:label1\" content=\"Tiempo de lectura\" \/>\n\t<meta name=\"twitter:data1\" content=\"1 minuto\" \/>\n<script type=\"application\/ld+json\" class=\"yoast-schema-graph\">{\"@context\":\"https:\\\/\\\/schema.org\",\"@graph\":[{\"@type\":\"WebPage\",\"@id\":\"https:\\\/\\\/ljcreate.com\\\/es\\\/automotive-technology\\\/four-wheel-drive-sectioned-gearbox\\\/\",\"url\":\"https:\\\/\\\/ljcreate.com\\\/es\\\/automotive-technology\\\/four-wheel-drive-sectioned-gearbox\\\/\",\"name\":\"Caja de cambios seccionada con tracci\u00f3n en las cuatro ruedas | LJ Create\",\"isPartOf\":{\"@id\":\"https:\\\/\\\/ljcreate.com\\\/es\\\/#website\"},\"primaryImageOfPage\":{\"@id\":\"https:\\\/\\\/ljcreate.com\\\/es\\\/automotive-technology\\\/four-wheel-drive-sectioned-gearbox\\\/#primaryimage\"},\"image\":{\"@id\":\"https:\\\/\\\/ljcreate.com\\\/es\\\/automotive-technology\\\/four-wheel-drive-sectioned-gearbox\\\/#primaryimage\"},\"thumbnailUrl\":\"https:\\\/\\\/ljcreate.com\\\/wp-content\\\/uploads\\\/2021\\\/08\\\/fourWheelDriveSectionedGearbox.webp\",\"datePublished\":\"2021-08-24T15:11:50+00:00\",\"dateModified\":\"2023-07-07T13:51:01+00:00\",\"breadcrumb\":{\"@id\":\"https:\\\/\\\/ljcreate.com\\\/es\\\/automotive-technology\\\/four-wheel-drive-sectioned-gearbox\\\/#breadcrumb\"},\"inLanguage\":\"es\",\"potentialAction\":[{\"@type\":\"ReadAction\",\"target\":[\"https:\\\/\\\/ljcreate.com\\\/es\\\/automotive-technology\\\/four-wheel-drive-sectioned-gearbox\\\/\"]}]},{\"@type\":\"ImageObject\",\"inLanguage\":\"es\",\"@id\":\"https:\\\/\\\/ljcreate.com\\\/es\\\/automotive-technology\\\/four-wheel-drive-sectioned-gearbox\\\/#primaryimage\",\"url\":\"https:\\\/\\\/ljcreate.com\\\/wp-content\\\/uploads\\\/2021\\\/08\\\/fourWheelDriveSectionedGearbox.webp\",\"contentUrl\":\"https:\\\/\\\/ljcreate.com\\\/wp-content\\\/uploads\\\/2021\\\/08\\\/fourWheelDriveSectionedGearbox.webp\",\"width\":1080,\"height\":529,\"caption\":\"Four Wheel Drive Sectioned Gearbox\"},{\"@type\":\"BreadcrumbList\",\"@id\":\"https:\\\/\\\/ljcreate.com\\\/es\\\/automotive-technology\\\/four-wheel-drive-sectioned-gearbox\\\/#breadcrumb\",\"itemListElement\":[{\"@type\":\"ListItem\",\"position\":1,\"name\":\"Home\",\"item\":\"https:\\\/\\\/ljcreate.com\\\/es\\\/\"},{\"@type\":\"ListItem\",\"position\":2,\"name\":\"Productos\",\"item\":\"https:\\\/\\\/ljcreate.com\\\/es\\\/shop\\\/\"},{\"@type\":\"ListItem\",\"position\":3,\"name\":\"Automotive Technology\",\"item\":\"https:\\\/\\\/ljcreate.com\\\/product-category\\\/automotive-technology\\\/\"},{\"@type\":\"ListItem\",\"position\":4,\"name\":\"Caja de cambios seccionada con tracci\u00f3n en las cuatro ruedas\"}]},{\"@type\":\"WebSite\",\"@id\":\"https:\\\/\\\/ljcreate.com\\\/es\\\/#website\",\"url\":\"https:\\\/\\\/ljcreate.com\\\/es\\\/\",\"name\":\"LJ Create\",\"description\":\"Innovate, Inspire, and Engage\",\"publisher\":{\"@id\":\"https:\\\/\\\/ljcreate.com\\\/es\\\/#organization\"},\"alternateName\":\"Creative Learning (Norwich) Limited\",\"potentialAction\":[{\"@type\":\"SearchAction\",\"target\":{\"@type\":\"EntryPoint\",\"urlTemplate\":\"https:\\\/\\\/ljcreate.com\\\/es\\\/?s={search_term_string}\"},\"query-input\":{\"@type\":\"PropertyValueSpecification\",\"valueRequired\":true,\"valueName\":\"search_term_string\"}}],\"inLanguage\":\"es\"},{\"@type\":\"Organization\",\"@id\":\"https:\\\/\\\/ljcreate.com\\\/es\\\/#organization\",\"name\":\"LJ Create\",\"url\":\"https:\\\/\\\/ljcreate.com\\\/es\\\/\",\"logo\":{\"@type\":\"ImageObject\",\"inLanguage\":\"es\",\"@id\":\"https:\\\/\\\/ljcreate.com\\\/es\\\/#\\\/schema\\\/logo\\\/image\\\/\",\"url\":\"https:\\\/\\\/ljcreate.com\\\/wp-content\\\/uploads\\\/2021\\\/07\\\/logo.svg\",\"contentUrl\":\"https:\\\/\\\/ljcreate.com\\\/wp-content\\\/uploads\\\/2021\\\/07\\\/logo.svg\",\"width\":\"1024\",\"height\":\"1024\",\"caption\":\"LJ Create\"},\"image\":{\"@id\":\"https:\\\/\\\/ljcreate.com\\\/es\\\/#\\\/schema\\\/logo\\\/image\\\/\"}}]}<\/script>\n<!-- \/ Yoast SEO plugin. -->","yoast_head_json":{"title":"Caja de cambios seccionada con tracci\u00f3n en las cuatro ruedas | LJ Create","robots":{"index":"index","follow":"follow","max-snippet":"max-snippet:-1","max-image-preview":"max-image-preview:large","max-video-preview":"max-video-preview:-1"},"canonical":"https:\/\/ljcreate.com\/es\/automotive-technology\/four-wheel-drive-sectioned-gearbox\/","og_locale":"es_ES","og_type":"article","og_title":"Caja de cambios seccionada con tracci\u00f3n en las cuatro ruedas | LJ Create","og_description":"El caja de cambios seccionada con tracci\u00f3n en las cuatro ruedas (786-01) completamente seccionado permite al instructor demostrar el funcionamiento interno de una caja de cambios 4&#215;4 completa. Dise\u00f1ado para demostraciones grupales o de toda la clase, el entrenador est\u00e1 montado en un marco de acero aut\u00f3nomo que est\u00e1 equipado con ruedas para facilitar el&hellip;","og_url":"https:\/\/ljcreate.com\/es\/automotive-technology\/four-wheel-drive-sectioned-gearbox\/","og_site_name":"LJ Create","article_modified_time":"2023-07-07T13:51:01+00:00","og_image":[{"width":1080,"height":529,"url":"https:\/\/ljcreate.com\/wp-content\/uploads\/2021\/08\/fourWheelDriveSectionedGearbox.webp","type":"image\/webp"}],"twitter_card":"summary_large_image","twitter_misc":{"Tiempo de lectura":"1 minuto"},"schema":{"@context":"https:\/\/schema.org","@graph":[{"@type":"WebPage","@id":"https:\/\/ljcreate.com\/es\/automotive-technology\/four-wheel-drive-sectioned-gearbox\/","url":"https:\/\/ljcreate.com\/es\/automotive-technology\/four-wheel-drive-sectioned-gearbox\/","name":"Caja de cambios seccionada con tracci\u00f3n en las cuatro ruedas | LJ Create","isPartOf":{"@id":"https:\/\/ljcreate.com\/es\/#website"},"primaryImageOfPage":{"@id":"https:\/\/ljcreate.com\/es\/automotive-technology\/four-wheel-drive-sectioned-gearbox\/#primaryimage"},"image":{"@id":"https:\/\/ljcreate.com\/es\/automotive-technology\/four-wheel-drive-sectioned-gearbox\/#primaryimage"},"thumbnailUrl":"https:\/\/ljcreate.com\/wp-content\/uploads\/2021\/08\/fourWheelDriveSectionedGearbox.webp","datePublished":"2021-08-24T15:11:50+00:00","dateModified":"2023-07-07T13:51:01+00:00","breadcrumb":{"@id":"https:\/\/ljcreate.com\/es\/automotive-technology\/four-wheel-drive-sectioned-gearbox\/#breadcrumb"},"inLanguage":"es","potentialAction":[{"@type":"ReadAction","target":["https:\/\/ljcreate.com\/es\/automotive-technology\/four-wheel-drive-sectioned-gearbox\/"]}]},{"@type":"ImageObject","inLanguage":"es","@id":"https:\/\/ljcreate.com\/es\/automotive-technology\/four-wheel-drive-sectioned-gearbox\/#primaryimage","url":"https:\/\/ljcreate.com\/wp-content\/uploads\/2021\/08\/fourWheelDriveSectionedGearbox.webp","contentUrl":"https:\/\/ljcreate.com\/wp-content\/uploads\/2021\/08\/fourWheelDriveSectionedGearbox.webp","width":1080,"height":529,"caption":"Four Wheel Drive Sectioned Gearbox"},{"@type":"BreadcrumbList","@id":"https:\/\/ljcreate.com\/es\/automotive-technology\/four-wheel-drive-sectioned-gearbox\/#breadcrumb","itemListElement":[{"@type":"ListItem","position":1,"name":"Home","item":"https:\/\/ljcreate.com\/es\/"},{"@type":"ListItem","position":2,"name":"Productos","item":"https:\/\/ljcreate.com\/es\/shop\/"},{"@type":"ListItem","position":3,"name":"Automotive Technology","item":"https:\/\/ljcreate.com\/product-category\/automotive-technology\/"},{"@type":"ListItem","position":4,"name":"Caja de cambios seccionada con tracci\u00f3n en las cuatro ruedas"}]},{"@type":"WebSite","@id":"https:\/\/ljcreate.com\/es\/#website","url":"https:\/\/ljcreate.com\/es\/","name":"LJ Create","description":"Innovate, Inspire, and Engage","publisher":{"@id":"https:\/\/ljcreate.com\/es\/#organization"},"alternateName":"Creative Learning (Norwich) Limited","potentialAction":[{"@type":"SearchAction","target":{"@type":"EntryPoint","urlTemplate":"https:\/\/ljcreate.com\/es\/?s={search_term_string}"},"query-input":{"@type":"PropertyValueSpecification","valueRequired":true,"valueName":"search_term_string"}}],"inLanguage":"es"},{"@type":"Organization","@id":"https:\/\/ljcreate.com\/es\/#organization","name":"LJ Create","url":"https:\/\/ljcreate.com\/es\/","logo":{"@type":"ImageObject","inLanguage":"es","@id":"https:\/\/ljcreate.com\/es\/#\/schema\/logo\/image\/","url":"https:\/\/ljcreate.com\/wp-content\/uploads\/2021\/07\/logo.svg","contentUrl":"https:\/\/ljcreate.com\/wp-content\/uploads\/2021\/07\/logo.svg","width":"1024","height":"1024","caption":"LJ Create"},"image":{"@id":"https:\/\/ljcreate.com\/es\/#\/schema\/logo\/image\/"}}]}},"_links":{"self":[{"href":"https:\/\/ljcreate.com\/es\/wp-json\/wp\/v2\/product\/26844","targetHints":{"allow":["GET"]}}],"collection":[{"href":"https:\/\/ljcreate.com\/es\/wp-json\/wp\/v2\/product"}],"about":[{"href":"https:\/\/ljcreate.com\/es\/wp-json\/wp\/v2\/types\/product"}],"wp:featuredmedia":[{"embeddable":true,"href":"https:\/\/ljcreate.com\/es\/wp-json\/wp\/v2\/media\/52878"}],"wp:attachment":[{"href":"https:\/\/ljcreate.com\/es\/wp-json\/wp\/v2\/media?parent=26844"}],"wp:term":[{"taxonomy":"product_brand","embeddable":true,"href":"https:\/\/ljcreate.com\/es\/wp-json\/wp\/v2\/product_brand?post=26844"},{"taxonomy":"product_cat","embeddable":true,"href":"https:\/\/ljcreate.com\/es\/wp-json\/wp\/v2\/product_cat?post=26844"},{"taxonomy":"product_tag","embeddable":true,"href":"https:\/\/ljcreate.com\/es\/wp-json\/wp\/v2\/product_tag?post=26844"}],"curies":[{"name":"wp","href":"https:\/\/api.w.org\/{rel}","templated":true}]}}