{"id":26839,"date":"2021-08-24T10:27:38","date_gmt":"2021-08-24T15:27:38","guid":{"rendered":"https:\/\/alpha.ljcreate.com\/product\/sin%20categor\u00eda\/plcs-trainer-teaching-set-includes-291-01-and-290-02-ab\/"},"modified":"2023-06-30T15:44:36","modified_gmt":"2023-06-30T14:44:36","slug":"plcs-trainer-teaching-set-allen-bradley","status":"publish","type":"product","link":"https:\/\/ljcreate.com\/es\/engineering\/plcs-trainer-teaching-set-allen-bradley\/","title":{"rendered":"Equipo did\u00e1ctico para capacitadores de PLC (Allen Bradley)"},"content":{"rendered":"<p>El Equipo did\u00e1ctico para capacitadores de PLC &#8211; Allen Bradley (291-00\/AB) incluye nuestro exclusivo simulador de PLC de software, dise\u00f1ado para presentar los conceptos b\u00e1sicos de los PLC y la l\u00f3gica de escalera. Esto permite que toda la clase lleve a cabo actividades de tareas de control de PLC simuladas al mismo tiempo.<\/p>\n<p>El software de interfaz tambi\u00e9n permite a los usuarios desarrollar sus propios programas utilizando comandos de programaci\u00f3n de estilo de l\u00f3gica de escalera.<\/p>\n<h5>Las tareas t\u00edpicas incluyen:<\/h5>\n<ul>\n<li>Creaci\u00f3n de un programa que clasificar\u00e1 las piezas autom\u00e1ticamente<\/li>\n<li>Depurar y ejecutar programas de control en un PLC Allen Bradley remoto<\/li>\n<li>Soluci\u00f3n de problemas de un sistema de control industrial<\/li>\n<\/ul>\n","protected":false},"excerpt":{"rendered":"<p>El Equipo did\u00e1ctico para capacitadores de PLC &#8211; Allen Bradley (291-00\/AB) incluye nuestro exclusivo simulador de PLC de software, dise\u00f1ado para presentar los conceptos b\u00e1sicos de los PLC y la l\u00f3gica de escalera. Esto permite que toda la clase lleve a cabo actividades de tareas de control de PLC simuladas al mismo tiempo. El software&hellip;<\/p>\n","protected":false},"featured_media":20227,"template":"","meta":{"_acf_changed":false,"inline_featured_image":false},"product_brand":[],"product_cat":[58,104,80,122,138,145,57,98],"product_tag":[],"class_list":{"0":"post-26839","1":"product","2":"type-product","3":"status-publish","4":"has-post-thumbnail","6":"product_cat-engineering","7":"product_cat-industrial-control-systems-trainers-2","8":"product_cat-engineering-uk","9":"product_cat-industrial-control-systems-trainers-uk","10":"product_cat-engineering-es","11":"product_cat-industrial-control-systems-trainers-es","12":"product_cat-stem-career-exploration","13":"product_cat-industrial-control-systems-trainers","15":"first","16":"instock","17":"shipping-taxable","18":"product-type-simple"},"acf":[],"yoast_head":"<!-- This site is optimized with the Yoast SEO plugin v27.3 - https:\/\/yoast.com\/product\/yoast-seo-wordpress\/ -->\n<title>Equipo did\u00e1ctico para capacitadores de PLC (Allen Bradley) | LJ Create<\/title>\n<meta name=\"robots\" content=\"index, follow, max-snippet:-1, max-image-preview:large, max-video-preview:-1\" \/>\n<link rel=\"canonical\" href=\"https:\/\/ljcreate.com\/es\/engineering\/plcs-trainer-teaching-set-allen-bradley\/\" \/>\n<meta property=\"og:locale\" content=\"es_ES\" \/>\n<meta property=\"og:type\" content=\"article\" \/>\n<meta property=\"og:title\" content=\"Equipo did\u00e1ctico para capacitadores de PLC (Allen Bradley) | LJ Create\" \/>\n<meta property=\"og:description\" content=\"El Equipo did\u00e1ctico para capacitadores de PLC &#8211; Allen Bradley (291-00\/AB) incluye nuestro exclusivo simulador de PLC de software, dise\u00f1ado para presentar los conceptos b\u00e1sicos de los PLC y la l\u00f3gica de escalera. Esto permite que toda la clase lleve a cabo actividades de tareas de control de PLC simuladas al mismo tiempo. El software&hellip;\" \/>\n<meta property=\"og:url\" content=\"https:\/\/ljcreate.com\/es\/engineering\/plcs-trainer-teaching-set-allen-bradley\/\" \/>\n<meta property=\"og:site_name\" content=\"LJ Create\" \/>\n<meta property=\"article:modified_time\" content=\"2023-06-30T14:44:36+00:00\" \/>\n<meta property=\"og:image\" content=\"https:\/\/ljcreate.com\/wp-content\/uploads\/2021\/08\/291-00-AB_Main-2.jpg\" \/>\n\t<meta property=\"og:image:width\" content=\"1800\" \/>\n\t<meta property=\"og:image:height\" content=\"881\" \/>\n\t<meta property=\"og:image:type\" content=\"image\/jpeg\" \/>\n<meta name=\"twitter:card\" content=\"summary_large_image\" \/>\n<meta name=\"twitter:label1\" content=\"Tiempo de lectura\" \/>\n\t<meta name=\"twitter:data1\" content=\"1 minuto\" \/>\n<script type=\"application\/ld+json\" class=\"yoast-schema-graph\">{\"@context\":\"https:\\\/\\\/schema.org\",\"@graph\":[{\"@type\":\"WebPage\",\"@id\":\"https:\\\/\\\/ljcreate.com\\\/es\\\/engineering\\\/plcs-trainer-teaching-set-allen-bradley\\\/\",\"url\":\"https:\\\/\\\/ljcreate.com\\\/es\\\/engineering\\\/plcs-trainer-teaching-set-allen-bradley\\\/\",\"name\":\"Equipo did\u00e1ctico para capacitadores de PLC (Allen Bradley) | LJ Create\",\"isPartOf\":{\"@id\":\"https:\\\/\\\/ljcreate.com\\\/es\\\/#website\"},\"primaryImageOfPage\":{\"@id\":\"https:\\\/\\\/ljcreate.com\\\/es\\\/engineering\\\/plcs-trainer-teaching-set-allen-bradley\\\/#primaryimage\"},\"image\":{\"@id\":\"https:\\\/\\\/ljcreate.com\\\/es\\\/engineering\\\/plcs-trainer-teaching-set-allen-bradley\\\/#primaryimage\"},\"thumbnailUrl\":\"https:\\\/\\\/ljcreate.com\\\/wp-content\\\/uploads\\\/2021\\\/08\\\/291-00-AB_Main-2.jpg\",\"datePublished\":\"2021-08-24T15:27:38+00:00\",\"dateModified\":\"2023-06-30T14:44:36+00:00\",\"breadcrumb\":{\"@id\":\"https:\\\/\\\/ljcreate.com\\\/es\\\/engineering\\\/plcs-trainer-teaching-set-allen-bradley\\\/#breadcrumb\"},\"inLanguage\":\"es\",\"potentialAction\":[{\"@type\":\"ReadAction\",\"target\":[\"https:\\\/\\\/ljcreate.com\\\/es\\\/engineering\\\/plcs-trainer-teaching-set-allen-bradley\\\/\"]}]},{\"@type\":\"ImageObject\",\"inLanguage\":\"es\",\"@id\":\"https:\\\/\\\/ljcreate.com\\\/es\\\/engineering\\\/plcs-trainer-teaching-set-allen-bradley\\\/#primaryimage\",\"url\":\"https:\\\/\\\/ljcreate.com\\\/wp-content\\\/uploads\\\/2021\\\/08\\\/291-00-AB_Main-2.jpg\",\"contentUrl\":\"https:\\\/\\\/ljcreate.com\\\/wp-content\\\/uploads\\\/2021\\\/08\\\/291-00-AB_Main-2.jpg\",\"width\":1800,\"height\":881,\"caption\":\"The PLCs Trainer Teaching Set (Allen Bradley) enables students to perform a range of programming tasks using aPLC and a rotating disc sorting application.\"},{\"@type\":\"BreadcrumbList\",\"@id\":\"https:\\\/\\\/ljcreate.com\\\/es\\\/engineering\\\/plcs-trainer-teaching-set-allen-bradley\\\/#breadcrumb\",\"itemListElement\":[{\"@type\":\"ListItem\",\"position\":1,\"name\":\"Home\",\"item\":\"https:\\\/\\\/ljcreate.com\\\/es\\\/\"},{\"@type\":\"ListItem\",\"position\":2,\"name\":\"Productos\",\"item\":\"https:\\\/\\\/ljcreate.com\\\/es\\\/shop\\\/\"},{\"@type\":\"ListItem\",\"position\":3,\"name\":\"Engineering\",\"item\":\"https:\\\/\\\/ljcreate.com\\\/uk\\\/product-category\\\/engineering\\\/\"},{\"@type\":\"ListItem\",\"position\":4,\"name\":\"Equipo did\u00e1ctico para capacitadores de PLC (Allen Bradley)\"}]},{\"@type\":\"WebSite\",\"@id\":\"https:\\\/\\\/ljcreate.com\\\/es\\\/#website\",\"url\":\"https:\\\/\\\/ljcreate.com\\\/es\\\/\",\"name\":\"LJ Create\",\"description\":\"Innovate, Inspire, and Engage\",\"publisher\":{\"@id\":\"https:\\\/\\\/ljcreate.com\\\/es\\\/#organization\"},\"alternateName\":\"Creative Learning (Norwich) Limited\",\"potentialAction\":[{\"@type\":\"SearchAction\",\"target\":{\"@type\":\"EntryPoint\",\"urlTemplate\":\"https:\\\/\\\/ljcreate.com\\\/es\\\/?s={search_term_string}\"},\"query-input\":{\"@type\":\"PropertyValueSpecification\",\"valueRequired\":true,\"valueName\":\"search_term_string\"}}],\"inLanguage\":\"es\"},{\"@type\":\"Organization\",\"@id\":\"https:\\\/\\\/ljcreate.com\\\/es\\\/#organization\",\"name\":\"LJ Create\",\"url\":\"https:\\\/\\\/ljcreate.com\\\/es\\\/\",\"logo\":{\"@type\":\"ImageObject\",\"inLanguage\":\"es\",\"@id\":\"https:\\\/\\\/ljcreate.com\\\/es\\\/#\\\/schema\\\/logo\\\/image\\\/\",\"url\":\"https:\\\/\\\/ljcreate.com\\\/wp-content\\\/uploads\\\/2021\\\/07\\\/logo.svg\",\"contentUrl\":\"https:\\\/\\\/ljcreate.com\\\/wp-content\\\/uploads\\\/2021\\\/07\\\/logo.svg\",\"width\":\"1024\",\"height\":\"1024\",\"caption\":\"LJ Create\"},\"image\":{\"@id\":\"https:\\\/\\\/ljcreate.com\\\/es\\\/#\\\/schema\\\/logo\\\/image\\\/\"}}]}<\/script>\n<!-- \/ Yoast SEO plugin. -->","yoast_head_json":{"title":"Equipo did\u00e1ctico para capacitadores de PLC (Allen Bradley) | LJ Create","robots":{"index":"index","follow":"follow","max-snippet":"max-snippet:-1","max-image-preview":"max-image-preview:large","max-video-preview":"max-video-preview:-1"},"canonical":"https:\/\/ljcreate.com\/es\/engineering\/plcs-trainer-teaching-set-allen-bradley\/","og_locale":"es_ES","og_type":"article","og_title":"Equipo did\u00e1ctico para capacitadores de PLC (Allen Bradley) | LJ Create","og_description":"El Equipo did\u00e1ctico para capacitadores de PLC &#8211; Allen Bradley (291-00\/AB) incluye nuestro exclusivo simulador de PLC de software, dise\u00f1ado para presentar los conceptos b\u00e1sicos de los PLC y la l\u00f3gica de escalera. Esto permite que toda la clase lleve a cabo actividades de tareas de control de PLC simuladas al mismo tiempo. El software&hellip;","og_url":"https:\/\/ljcreate.com\/es\/engineering\/plcs-trainer-teaching-set-allen-bradley\/","og_site_name":"LJ Create","article_modified_time":"2023-06-30T14:44:36+00:00","og_image":[{"width":1800,"height":881,"url":"https:\/\/ljcreate.com\/wp-content\/uploads\/2021\/08\/291-00-AB_Main-2.jpg","type":"image\/jpeg"}],"twitter_card":"summary_large_image","twitter_misc":{"Tiempo de lectura":"1 minuto"},"schema":{"@context":"https:\/\/schema.org","@graph":[{"@type":"WebPage","@id":"https:\/\/ljcreate.com\/es\/engineering\/plcs-trainer-teaching-set-allen-bradley\/","url":"https:\/\/ljcreate.com\/es\/engineering\/plcs-trainer-teaching-set-allen-bradley\/","name":"Equipo did\u00e1ctico para capacitadores de PLC (Allen Bradley) | LJ Create","isPartOf":{"@id":"https:\/\/ljcreate.com\/es\/#website"},"primaryImageOfPage":{"@id":"https:\/\/ljcreate.com\/es\/engineering\/plcs-trainer-teaching-set-allen-bradley\/#primaryimage"},"image":{"@id":"https:\/\/ljcreate.com\/es\/engineering\/plcs-trainer-teaching-set-allen-bradley\/#primaryimage"},"thumbnailUrl":"https:\/\/ljcreate.com\/wp-content\/uploads\/2021\/08\/291-00-AB_Main-2.jpg","datePublished":"2021-08-24T15:27:38+00:00","dateModified":"2023-06-30T14:44:36+00:00","breadcrumb":{"@id":"https:\/\/ljcreate.com\/es\/engineering\/plcs-trainer-teaching-set-allen-bradley\/#breadcrumb"},"inLanguage":"es","potentialAction":[{"@type":"ReadAction","target":["https:\/\/ljcreate.com\/es\/engineering\/plcs-trainer-teaching-set-allen-bradley\/"]}]},{"@type":"ImageObject","inLanguage":"es","@id":"https:\/\/ljcreate.com\/es\/engineering\/plcs-trainer-teaching-set-allen-bradley\/#primaryimage","url":"https:\/\/ljcreate.com\/wp-content\/uploads\/2021\/08\/291-00-AB_Main-2.jpg","contentUrl":"https:\/\/ljcreate.com\/wp-content\/uploads\/2021\/08\/291-00-AB_Main-2.jpg","width":1800,"height":881,"caption":"The PLCs Trainer Teaching Set (Allen Bradley) enables students to perform a range of programming tasks using aPLC and a rotating disc sorting application."},{"@type":"BreadcrumbList","@id":"https:\/\/ljcreate.com\/es\/engineering\/plcs-trainer-teaching-set-allen-bradley\/#breadcrumb","itemListElement":[{"@type":"ListItem","position":1,"name":"Home","item":"https:\/\/ljcreate.com\/es\/"},{"@type":"ListItem","position":2,"name":"Productos","item":"https:\/\/ljcreate.com\/es\/shop\/"},{"@type":"ListItem","position":3,"name":"Engineering","item":"https:\/\/ljcreate.com\/uk\/product-category\/engineering\/"},{"@type":"ListItem","position":4,"name":"Equipo did\u00e1ctico para capacitadores de PLC (Allen Bradley)"}]},{"@type":"WebSite","@id":"https:\/\/ljcreate.com\/es\/#website","url":"https:\/\/ljcreate.com\/es\/","name":"LJ Create","description":"Innovate, Inspire, and Engage","publisher":{"@id":"https:\/\/ljcreate.com\/es\/#organization"},"alternateName":"Creative Learning (Norwich) Limited","potentialAction":[{"@type":"SearchAction","target":{"@type":"EntryPoint","urlTemplate":"https:\/\/ljcreate.com\/es\/?s={search_term_string}"},"query-input":{"@type":"PropertyValueSpecification","valueRequired":true,"valueName":"search_term_string"}}],"inLanguage":"es"},{"@type":"Organization","@id":"https:\/\/ljcreate.com\/es\/#organization","name":"LJ Create","url":"https:\/\/ljcreate.com\/es\/","logo":{"@type":"ImageObject","inLanguage":"es","@id":"https:\/\/ljcreate.com\/es\/#\/schema\/logo\/image\/","url":"https:\/\/ljcreate.com\/wp-content\/uploads\/2021\/07\/logo.svg","contentUrl":"https:\/\/ljcreate.com\/wp-content\/uploads\/2021\/07\/logo.svg","width":"1024","height":"1024","caption":"LJ Create"},"image":{"@id":"https:\/\/ljcreate.com\/es\/#\/schema\/logo\/image\/"}}]}},"_links":{"self":[{"href":"https:\/\/ljcreate.com\/es\/wp-json\/wp\/v2\/product\/26839","targetHints":{"allow":["GET"]}}],"collection":[{"href":"https:\/\/ljcreate.com\/es\/wp-json\/wp\/v2\/product"}],"about":[{"href":"https:\/\/ljcreate.com\/es\/wp-json\/wp\/v2\/types\/product"}],"wp:featuredmedia":[{"embeddable":true,"href":"https:\/\/ljcreate.com\/es\/wp-json\/wp\/v2\/media\/20227"}],"wp:attachment":[{"href":"https:\/\/ljcreate.com\/es\/wp-json\/wp\/v2\/media?parent=26839"}],"wp:term":[{"taxonomy":"product_brand","embeddable":true,"href":"https:\/\/ljcreate.com\/es\/wp-json\/wp\/v2\/product_brand?post=26839"},{"taxonomy":"product_cat","embeddable":true,"href":"https:\/\/ljcreate.com\/es\/wp-json\/wp\/v2\/product_cat?post=26839"},{"taxonomy":"product_tag","embeddable":true,"href":"https:\/\/ljcreate.com\/es\/wp-json\/wp\/v2\/product_tag?post=26839"}],"curies":[{"name":"wp","href":"https:\/\/api.w.org\/{rel}","templated":true}]}}