{"id":26837,"date":"2021-08-24T10:36:35","date_gmt":"2021-08-24T15:36:35","guid":{"rendered":"https:\/\/alpha.ljcreate.com\/product\/sin%20categor\u00eda\/petra-ii-advanced-industrial-control-trainer\/"},"modified":"2023-06-30T15:49:19","modified_gmt":"2023-06-30T14:49:19","slug":"petra-ii-advanced-industrial-control-trainer","status":"publish","type":"product","link":"https:\/\/ljcreate.com\/es\/engineering\/petra-ii-advanced-industrial-control-trainer\/","title":{"rendered":"Entrenador de control industrial avanzado PETRA II"},"content":{"rendered":"<p>Una vez que los estudiantes han aprendido a programar y solucionar problemas de un solo controlador y planta, el siguiente paso es vincular varias unidades y monitorear el desempe\u00f1o y operaci\u00f3n de un sistema m\u00e1s complejo. Este es el papel de PETRA II (292-01).<\/p>\n<p>El entrenador logra esto con una planta industrial simulada que contiene dos procesos distintos, cada uno controlado por su propio PLC. Una unidad de panel t\u00e1ctil HMI (interfaz hombre-m\u00e1quina) supervisa los dos PLC, monitoreando y mostrando informaci\u00f3n clave de los sensores alrededor de la planta.<\/p>\n<p>Con un paquete de software de programaci\u00f3n de PLC est\u00e1ndar de la industria, cada PLC debe programarse para controlar su propio conjunto de procesos. El panel HMI debe estar programado para supervisar los dos PLC y mostrar informaci\u00f3n relevante de la planta.<br \/>\nUn estudiante que progresa a trav\u00e9s de este programa explorar\u00e1 la funcionalidad de SCADA (Control de supervisi\u00f3n y adquisici\u00f3n de datos).<\/p>\n<h5>Los estudiantes pueden usar PETRA II para desarrollar y probar programas de PLC que:<\/h5>\n<ul>\n<li>Mueva los componentes a lo largo de las cintas transportadoras y entre ellas.<\/li>\n<li>Control de actuadores neum\u00e1ticos<\/li>\n<li>Supervise las salidas de una amplia gama de sensores neum\u00e1ticos y optoelectr\u00f3nicos<\/li>\n<li>Compare cada parte con su especificaci\u00f3n<\/li>\n<li>Rechace las piezas no conformes y acepte las piezas que est\u00e9n dentro de las especificaciones.<\/li>\n<\/ul>\n<h5>VIDEO DEL PRODUCTO<\/h5>\n<p>Eche un vistazo a un conjunto de ense\u00f1anza de control industrial avanzado PETRA II en acci\u00f3n<br \/>\nEl juego de ense\u00f1anza consta de un entrenador PETRA II (292-01)<br \/>\ny un paquete HMI de Siemens (292-03)<\/p>\n<div style=\"padding: 56.25% 0 0 0; position: relative;\"><iframe style=\"position: absolute; top: 0; left: 0; width: 100%; height: 100%;\" data-src=\"https:\/\/player.vimeo.com\/video\/302858502?h=33ecdd3b04&amp;color=f15c23&amp;title=0&amp;byline=0&amp;portrait=0\" frameborder=\"0\" allowfullscreen=\"allowfullscreen\" src=\"data:image\/svg+xml;base64,PHN2ZyB3aWR0aD0iMSIgaGVpZ2h0PSIxIiB4bWxucz0iaHR0cDovL3d3dy53My5vcmcvMjAwMC9zdmciPjwvc3ZnPg==\" class=\"lazyload\" data-load-mode=\"1\"><\/iframe><\/div>\n<p><script src=\"https:\/\/player.vimeo.com\/api\/player.js\"><\/script><\/p>\n<p><strong>TENGA EN CUENTA<\/strong> Otras opciones de PETRA II est\u00e1n disponibles de la siguiente manera:<br \/>\n<strong>292-00<\/strong> Conjunto de ense\u00f1anza de control industrial avanzado PETRA II<br \/>\n(Incluye 292-01 y 292-03)<br \/>\n<strong>292-03<\/strong> Siemens HMI Pack para el entrenador de control industrial avanzado PETRA II<br \/>\n(Incluye 2x PLC, software STEP 7, panel HMI)<br \/>\n<strong>290-02 \/ SI<\/strong> Siemens S71200 + Paquete de PLC STEP 7<\/p>\n","protected":false},"excerpt":{"rendered":"<p>Una vez que los estudiantes han aprendido a programar y solucionar problemas de un solo controlador y planta, el siguiente paso es vincular varias unidades y monitorear el desempe\u00f1o y operaci\u00f3n de un sistema m\u00e1s complejo. Este es el papel de PETRA II (292-01). El entrenador logra esto con una planta industrial simulada que contiene&hellip;<\/p>\n","protected":false},"featured_media":31663,"template":"","meta":{"_acf_changed":false,"inline_featured_image":false},"product_brand":[],"product_cat":[58,104,80,122,138,145],"product_tag":[],"class_list":{"0":"post-26837","1":"product","2":"type-product","3":"status-publish","4":"has-post-thumbnail","6":"product_cat-engineering","7":"product_cat-industrial-control-systems-trainers-2","8":"product_cat-engineering-uk","9":"product_cat-industrial-control-systems-trainers-uk","10":"product_cat-engineering-es","11":"product_cat-industrial-control-systems-trainers-es","13":"first","14":"instock","15":"shipping-taxable","16":"product-type-simple"},"acf":[],"yoast_head":"<!-- This site is optimized with the Yoast SEO plugin v27.3 - https:\/\/yoast.com\/product\/yoast-seo-wordpress\/ -->\n<title>Entrenador de control industrial avanzado PETRA II | LJ Create<\/title>\n<meta name=\"robots\" content=\"index, follow, max-snippet:-1, max-image-preview:large, max-video-preview:-1\" \/>\n<link rel=\"canonical\" href=\"https:\/\/ljcreate.com\/es\/engineering\/petra-ii-advanced-industrial-control-trainer\/\" \/>\n<meta property=\"og:locale\" content=\"es_ES\" \/>\n<meta property=\"og:type\" content=\"article\" \/>\n<meta property=\"og:title\" content=\"Entrenador de control industrial avanzado PETRA II | LJ Create\" \/>\n<meta property=\"og:description\" content=\"Una vez que los estudiantes han aprendido a programar y solucionar problemas de un solo controlador y planta, el siguiente paso es vincular varias unidades y monitorear el desempe\u00f1o y operaci\u00f3n de un sistema m\u00e1s complejo. Este es el papel de PETRA II (292-01). El entrenador logra esto con una planta industrial simulada que contiene&hellip;\" \/>\n<meta property=\"og:url\" content=\"https:\/\/ljcreate.com\/es\/engineering\/petra-ii-advanced-industrial-control-trainer\/\" \/>\n<meta property=\"og:site_name\" content=\"LJ Create\" \/>\n<meta property=\"article:modified_time\" content=\"2023-06-30T14:49:19+00:00\" \/>\n<meta property=\"og:image\" content=\"https:\/\/ljcreate.com\/wp-content\/uploads\/2021\/08\/petraAdvancedIndustrialControlTrainer.webp\" \/>\n\t<meta property=\"og:image:width\" content=\"1080\" \/>\n\t<meta property=\"og:image:height\" content=\"529\" \/>\n\t<meta property=\"og:image:type\" content=\"image\/webp\" \/>\n<meta name=\"twitter:card\" content=\"summary_large_image\" \/>\n<meta name=\"twitter:label1\" content=\"Tiempo de lectura\" \/>\n\t<meta name=\"twitter:data1\" content=\"2 minutos\" \/>\n<script type=\"application\/ld+json\" class=\"yoast-schema-graph\">{\"@context\":\"https:\\\/\\\/schema.org\",\"@graph\":[{\"@type\":\"WebPage\",\"@id\":\"https:\\\/\\\/ljcreate.com\\\/es\\\/engineering\\\/petra-ii-advanced-industrial-control-trainer\\\/\",\"url\":\"https:\\\/\\\/ljcreate.com\\\/es\\\/engineering\\\/petra-ii-advanced-industrial-control-trainer\\\/\",\"name\":\"Entrenador de control industrial avanzado PETRA II | LJ Create\",\"isPartOf\":{\"@id\":\"https:\\\/\\\/ljcreate.com\\\/es\\\/#website\"},\"primaryImageOfPage\":{\"@id\":\"https:\\\/\\\/ljcreate.com\\\/es\\\/engineering\\\/petra-ii-advanced-industrial-control-trainer\\\/#primaryimage\"},\"image\":{\"@id\":\"https:\\\/\\\/ljcreate.com\\\/es\\\/engineering\\\/petra-ii-advanced-industrial-control-trainer\\\/#primaryimage\"},\"thumbnailUrl\":\"https:\\\/\\\/ljcreate.com\\\/wp-content\\\/uploads\\\/2021\\\/08\\\/petraAdvancedIndustrialControlTrainer.webp\",\"datePublished\":\"2021-08-24T15:36:35+00:00\",\"dateModified\":\"2023-06-30T14:49:19+00:00\",\"breadcrumb\":{\"@id\":\"https:\\\/\\\/ljcreate.com\\\/es\\\/engineering\\\/petra-ii-advanced-industrial-control-trainer\\\/#breadcrumb\"},\"inLanguage\":\"es\",\"potentialAction\":[{\"@type\":\"ReadAction\",\"target\":[\"https:\\\/\\\/ljcreate.com\\\/es\\\/engineering\\\/petra-ii-advanced-industrial-control-trainer\\\/\"]}]},{\"@type\":\"ImageObject\",\"inLanguage\":\"es\",\"@id\":\"https:\\\/\\\/ljcreate.com\\\/es\\\/engineering\\\/petra-ii-advanced-industrial-control-trainer\\\/#primaryimage\",\"url\":\"https:\\\/\\\/ljcreate.com\\\/wp-content\\\/uploads\\\/2021\\\/08\\\/petraAdvancedIndustrialControlTrainer.webp\",\"contentUrl\":\"https:\\\/\\\/ljcreate.com\\\/wp-content\\\/uploads\\\/2021\\\/08\\\/petraAdvancedIndustrialControlTrainer.webp\",\"width\":1080,\"height\":529,\"caption\":\"PETRA II Advanced Industrial Control Trainer\"},{\"@type\":\"BreadcrumbList\",\"@id\":\"https:\\\/\\\/ljcreate.com\\\/es\\\/engineering\\\/petra-ii-advanced-industrial-control-trainer\\\/#breadcrumb\",\"itemListElement\":[{\"@type\":\"ListItem\",\"position\":1,\"name\":\"Home\",\"item\":\"https:\\\/\\\/ljcreate.com\\\/es\\\/\"},{\"@type\":\"ListItem\",\"position\":2,\"name\":\"Productos\",\"item\":\"https:\\\/\\\/ljcreate.com\\\/es\\\/shop\\\/\"},{\"@type\":\"ListItem\",\"position\":3,\"name\":\"Engineering\",\"item\":\"https:\\\/\\\/ljcreate.com\\\/uk\\\/product-category\\\/engineering\\\/\"},{\"@type\":\"ListItem\",\"position\":4,\"name\":\"Entrenador de control industrial avanzado PETRA II\"}]},{\"@type\":\"WebSite\",\"@id\":\"https:\\\/\\\/ljcreate.com\\\/es\\\/#website\",\"url\":\"https:\\\/\\\/ljcreate.com\\\/es\\\/\",\"name\":\"LJ Create\",\"description\":\"Innovate, Inspire, and Engage\",\"publisher\":{\"@id\":\"https:\\\/\\\/ljcreate.com\\\/es\\\/#organization\"},\"alternateName\":\"Creative Learning (Norwich) Limited\",\"potentialAction\":[{\"@type\":\"SearchAction\",\"target\":{\"@type\":\"EntryPoint\",\"urlTemplate\":\"https:\\\/\\\/ljcreate.com\\\/es\\\/?s={search_term_string}\"},\"query-input\":{\"@type\":\"PropertyValueSpecification\",\"valueRequired\":true,\"valueName\":\"search_term_string\"}}],\"inLanguage\":\"es\"},{\"@type\":\"Organization\",\"@id\":\"https:\\\/\\\/ljcreate.com\\\/es\\\/#organization\",\"name\":\"LJ Create\",\"url\":\"https:\\\/\\\/ljcreate.com\\\/es\\\/\",\"logo\":{\"@type\":\"ImageObject\",\"inLanguage\":\"es\",\"@id\":\"https:\\\/\\\/ljcreate.com\\\/es\\\/#\\\/schema\\\/logo\\\/image\\\/\",\"url\":\"https:\\\/\\\/ljcreate.com\\\/wp-content\\\/uploads\\\/2021\\\/07\\\/logo.svg\",\"contentUrl\":\"https:\\\/\\\/ljcreate.com\\\/wp-content\\\/uploads\\\/2021\\\/07\\\/logo.svg\",\"width\":\"1024\",\"height\":\"1024\",\"caption\":\"LJ Create\"},\"image\":{\"@id\":\"https:\\\/\\\/ljcreate.com\\\/es\\\/#\\\/schema\\\/logo\\\/image\\\/\"}}]}<\/script>\n<!-- \/ Yoast SEO plugin. -->","yoast_head_json":{"title":"Entrenador de control industrial avanzado PETRA II | LJ Create","robots":{"index":"index","follow":"follow","max-snippet":"max-snippet:-1","max-image-preview":"max-image-preview:large","max-video-preview":"max-video-preview:-1"},"canonical":"https:\/\/ljcreate.com\/es\/engineering\/petra-ii-advanced-industrial-control-trainer\/","og_locale":"es_ES","og_type":"article","og_title":"Entrenador de control industrial avanzado PETRA II | LJ Create","og_description":"Una vez que los estudiantes han aprendido a programar y solucionar problemas de un solo controlador y planta, el siguiente paso es vincular varias unidades y monitorear el desempe\u00f1o y operaci\u00f3n de un sistema m\u00e1s complejo. Este es el papel de PETRA II (292-01). El entrenador logra esto con una planta industrial simulada que contiene&hellip;","og_url":"https:\/\/ljcreate.com\/es\/engineering\/petra-ii-advanced-industrial-control-trainer\/","og_site_name":"LJ Create","article_modified_time":"2023-06-30T14:49:19+00:00","og_image":[{"width":1080,"height":529,"url":"https:\/\/ljcreate.com\/wp-content\/uploads\/2021\/08\/petraAdvancedIndustrialControlTrainer.webp","type":"image\/webp"}],"twitter_card":"summary_large_image","twitter_misc":{"Tiempo de lectura":"2 minutos"},"schema":{"@context":"https:\/\/schema.org","@graph":[{"@type":"WebPage","@id":"https:\/\/ljcreate.com\/es\/engineering\/petra-ii-advanced-industrial-control-trainer\/","url":"https:\/\/ljcreate.com\/es\/engineering\/petra-ii-advanced-industrial-control-trainer\/","name":"Entrenador de control industrial avanzado PETRA II | LJ Create","isPartOf":{"@id":"https:\/\/ljcreate.com\/es\/#website"},"primaryImageOfPage":{"@id":"https:\/\/ljcreate.com\/es\/engineering\/petra-ii-advanced-industrial-control-trainer\/#primaryimage"},"image":{"@id":"https:\/\/ljcreate.com\/es\/engineering\/petra-ii-advanced-industrial-control-trainer\/#primaryimage"},"thumbnailUrl":"https:\/\/ljcreate.com\/wp-content\/uploads\/2021\/08\/petraAdvancedIndustrialControlTrainer.webp","datePublished":"2021-08-24T15:36:35+00:00","dateModified":"2023-06-30T14:49:19+00:00","breadcrumb":{"@id":"https:\/\/ljcreate.com\/es\/engineering\/petra-ii-advanced-industrial-control-trainer\/#breadcrumb"},"inLanguage":"es","potentialAction":[{"@type":"ReadAction","target":["https:\/\/ljcreate.com\/es\/engineering\/petra-ii-advanced-industrial-control-trainer\/"]}]},{"@type":"ImageObject","inLanguage":"es","@id":"https:\/\/ljcreate.com\/es\/engineering\/petra-ii-advanced-industrial-control-trainer\/#primaryimage","url":"https:\/\/ljcreate.com\/wp-content\/uploads\/2021\/08\/petraAdvancedIndustrialControlTrainer.webp","contentUrl":"https:\/\/ljcreate.com\/wp-content\/uploads\/2021\/08\/petraAdvancedIndustrialControlTrainer.webp","width":1080,"height":529,"caption":"PETRA II Advanced Industrial Control Trainer"},{"@type":"BreadcrumbList","@id":"https:\/\/ljcreate.com\/es\/engineering\/petra-ii-advanced-industrial-control-trainer\/#breadcrumb","itemListElement":[{"@type":"ListItem","position":1,"name":"Home","item":"https:\/\/ljcreate.com\/es\/"},{"@type":"ListItem","position":2,"name":"Productos","item":"https:\/\/ljcreate.com\/es\/shop\/"},{"@type":"ListItem","position":3,"name":"Engineering","item":"https:\/\/ljcreate.com\/uk\/product-category\/engineering\/"},{"@type":"ListItem","position":4,"name":"Entrenador de control industrial avanzado PETRA II"}]},{"@type":"WebSite","@id":"https:\/\/ljcreate.com\/es\/#website","url":"https:\/\/ljcreate.com\/es\/","name":"LJ Create","description":"Innovate, Inspire, and Engage","publisher":{"@id":"https:\/\/ljcreate.com\/es\/#organization"},"alternateName":"Creative Learning (Norwich) Limited","potentialAction":[{"@type":"SearchAction","target":{"@type":"EntryPoint","urlTemplate":"https:\/\/ljcreate.com\/es\/?s={search_term_string}"},"query-input":{"@type":"PropertyValueSpecification","valueRequired":true,"valueName":"search_term_string"}}],"inLanguage":"es"},{"@type":"Organization","@id":"https:\/\/ljcreate.com\/es\/#organization","name":"LJ Create","url":"https:\/\/ljcreate.com\/es\/","logo":{"@type":"ImageObject","inLanguage":"es","@id":"https:\/\/ljcreate.com\/es\/#\/schema\/logo\/image\/","url":"https:\/\/ljcreate.com\/wp-content\/uploads\/2021\/07\/logo.svg","contentUrl":"https:\/\/ljcreate.com\/wp-content\/uploads\/2021\/07\/logo.svg","width":"1024","height":"1024","caption":"LJ Create"},"image":{"@id":"https:\/\/ljcreate.com\/es\/#\/schema\/logo\/image\/"}}]}},"_links":{"self":[{"href":"https:\/\/ljcreate.com\/es\/wp-json\/wp\/v2\/product\/26837","targetHints":{"allow":["GET"]}}],"collection":[{"href":"https:\/\/ljcreate.com\/es\/wp-json\/wp\/v2\/product"}],"about":[{"href":"https:\/\/ljcreate.com\/es\/wp-json\/wp\/v2\/types\/product"}],"wp:featuredmedia":[{"embeddable":true,"href":"https:\/\/ljcreate.com\/es\/wp-json\/wp\/v2\/media\/31663"}],"wp:attachment":[{"href":"https:\/\/ljcreate.com\/es\/wp-json\/wp\/v2\/media?parent=26837"}],"wp:term":[{"taxonomy":"product_brand","embeddable":true,"href":"https:\/\/ljcreate.com\/es\/wp-json\/wp\/v2\/product_brand?post=26837"},{"taxonomy":"product_cat","embeddable":true,"href":"https:\/\/ljcreate.com\/es\/wp-json\/wp\/v2\/product_cat?post=26837"},{"taxonomy":"product_tag","embeddable":true,"href":"https:\/\/ljcreate.com\/es\/wp-json\/wp\/v2\/product_tag?post=26837"}],"curies":[{"name":"wp","href":"https:\/\/api.w.org\/{rel}","templated":true}]}}