{"id":26836,"date":"2021-08-24T10:43:41","date_gmt":"2021-08-24T15:43:41","guid":{"rendered":"https:\/\/alpha.ljcreate.com\/product\/sin%20categor\u00eda\/siemens-hmi-pack-for-petra-advanced-teaching-set-includes-2xplc-step-7-s-w-hmi-panel\/"},"modified":"2023-06-30T15:53:36","modified_gmt":"2023-06-30T14:53:36","slug":"siemens-hmi-pack-for-petra-ii-advanced-teaching-set","status":"publish","type":"product","link":"https:\/\/ljcreate.com\/es\/siemens-hmi-pack-for-petra-ii-advanced-teaching-set\/","title":{"rendered":"Paquete Siemens HMI para PETRA II Advanced Teaching Set"},"content":{"rendered":"<p>El paquete HMI de Siemens (292-03) utiliza un paquete de software de programaci\u00f3n est\u00e1ndar de la industria para programar cada PLC para controlar su propio conjunto de procesos. Un panel t\u00e1ctil HMI est\u00e1 programado para supervisar los PLC, monitoreando y mostrando informaci\u00f3n clave de sensores alrededor de la planta.<\/p>\n<h5>Elementos incluidos:<\/h5>\n<ul>\n<li>2x PLC Siemens S71200<\/li>\n<li>Paquete de software Siemens PLC y HMI<\/li>\n<li>Panel HMI<\/li>\n<li>Conmutador de red de 5 puertos<\/li>\n<li>Dispositivo de memoria USB<\/li>\n<\/ul>\n","protected":false},"excerpt":{"rendered":"<p>El paquete HMI de Siemens (292-03) utiliza un paquete de software de programaci\u00f3n est\u00e1ndar de la industria para programar cada PLC para controlar su propio conjunto de procesos. Un panel t\u00e1ctil HMI est\u00e1 programado para supervisar los PLC, monitoreando y mostrando informaci\u00f3n clave de sensores alrededor de la planta. Elementos incluidos: 2x PLC Siemens S71200&hellip;<\/p>\n","protected":false},"featured_media":20270,"template":"","meta":{"_acf_changed":false,"inline_featured_image":false},"product_brand":[],"product_cat":[138,145],"product_tag":[],"class_list":{"0":"post-26836","1":"product","2":"type-product","3":"status-publish","4":"has-post-thumbnail","6":"product_cat-engineering-es","7":"product_cat-industrial-control-systems-trainers-es","9":"first","10":"instock","11":"shipping-taxable","12":"product-type-simple"},"acf":[],"yoast_head":"<!-- This site is optimized with the Yoast SEO plugin v27.3 - https:\/\/yoast.com\/product\/yoast-seo-wordpress\/ -->\n<title>Paquete Siemens HMI para PETRA II Advanced Teaching Set | LJ Create<\/title>\n<meta name=\"robots\" content=\"index, follow, max-snippet:-1, max-image-preview:large, max-video-preview:-1\" \/>\n<link rel=\"canonical\" href=\"https:\/\/ljcreate.com\/es\/siemens-hmi-pack-for-petra-ii-advanced-teaching-set\/\" \/>\n<meta property=\"og:locale\" content=\"es_ES\" \/>\n<meta property=\"og:type\" content=\"article\" \/>\n<meta property=\"og:title\" content=\"Paquete Siemens HMI para PETRA II Advanced Teaching Set | LJ Create\" \/>\n<meta property=\"og:description\" content=\"El paquete HMI de Siemens (292-03) utiliza un paquete de software de programaci\u00f3n est\u00e1ndar de la industria para programar cada PLC para controlar su propio conjunto de procesos. Un panel t\u00e1ctil HMI est\u00e1 programado para supervisar los PLC, monitoreando y mostrando informaci\u00f3n clave de sensores alrededor de la planta. Elementos incluidos: 2x PLC Siemens S71200&hellip;\" \/>\n<meta property=\"og:url\" content=\"https:\/\/ljcreate.com\/es\/siemens-hmi-pack-for-petra-ii-advanced-teaching-set\/\" \/>\n<meta property=\"og:site_name\" content=\"LJ Create\" \/>\n<meta property=\"article:modified_time\" content=\"2023-06-30T14:53:36+00:00\" \/>\n<meta property=\"og:image\" content=\"https:\/\/ljcreate.com\/wp-content\/uploads\/2021\/08\/290-03-SI_Main-2.jpg\" \/>\n\t<meta property=\"og:image:width\" content=\"1800\" \/>\n\t<meta property=\"og:image:height\" content=\"881\" \/>\n\t<meta property=\"og:image:type\" content=\"image\/jpeg\" \/>\n<meta name=\"twitter:card\" content=\"summary_large_image\" \/>\n<meta name=\"twitter:label1\" content=\"Tiempo de lectura\" \/>\n\t<meta name=\"twitter:data1\" content=\"1 minuto\" \/>\n<script type=\"application\/ld+json\" class=\"yoast-schema-graph\">{\"@context\":\"https:\\\/\\\/schema.org\",\"@graph\":[{\"@type\":\"WebPage\",\"@id\":\"https:\\\/\\\/ljcreate.com\\\/es\\\/siemens-hmi-pack-for-petra-ii-advanced-teaching-set\\\/\",\"url\":\"https:\\\/\\\/ljcreate.com\\\/es\\\/siemens-hmi-pack-for-petra-ii-advanced-teaching-set\\\/\",\"name\":\"Paquete Siemens HMI para PETRA II Advanced Teaching Set | LJ Create\",\"isPartOf\":{\"@id\":\"https:\\\/\\\/ljcreate.com\\\/es\\\/#website\"},\"primaryImageOfPage\":{\"@id\":\"https:\\\/\\\/ljcreate.com\\\/es\\\/siemens-hmi-pack-for-petra-ii-advanced-teaching-set\\\/#primaryimage\"},\"image\":{\"@id\":\"https:\\\/\\\/ljcreate.com\\\/es\\\/siemens-hmi-pack-for-petra-ii-advanced-teaching-set\\\/#primaryimage\"},\"thumbnailUrl\":\"https:\\\/\\\/ljcreate.com\\\/wp-content\\\/uploads\\\/2021\\\/08\\\/290-03-SI_Main-2.jpg\",\"datePublished\":\"2021-08-24T15:43:41+00:00\",\"dateModified\":\"2023-06-30T14:53:36+00:00\",\"breadcrumb\":{\"@id\":\"https:\\\/\\\/ljcreate.com\\\/es\\\/siemens-hmi-pack-for-petra-ii-advanced-teaching-set\\\/#breadcrumb\"},\"inLanguage\":\"es\",\"potentialAction\":[{\"@type\":\"ReadAction\",\"target\":[\"https:\\\/\\\/ljcreate.com\\\/es\\\/siemens-hmi-pack-for-petra-ii-advanced-teaching-set\\\/\"]}]},{\"@type\":\"ImageObject\",\"inLanguage\":\"es\",\"@id\":\"https:\\\/\\\/ljcreate.com\\\/es\\\/siemens-hmi-pack-for-petra-ii-advanced-teaching-set\\\/#primaryimage\",\"url\":\"https:\\\/\\\/ljcreate.com\\\/wp-content\\\/uploads\\\/2021\\\/08\\\/290-03-SI_Main-2.jpg\",\"contentUrl\":\"https:\\\/\\\/ljcreate.com\\\/wp-content\\\/uploads\\\/2021\\\/08\\\/290-03-SI_Main-2.jpg\",\"width\":1800,\"height\":881,\"caption\":\"Siemens HMI Pack\"},{\"@type\":\"BreadcrumbList\",\"@id\":\"https:\\\/\\\/ljcreate.com\\\/es\\\/siemens-hmi-pack-for-petra-ii-advanced-teaching-set\\\/#breadcrumb\",\"itemListElement\":[{\"@type\":\"ListItem\",\"position\":1,\"name\":\"Home\",\"item\":\"https:\\\/\\\/ljcreate.com\\\/es\\\/\"},{\"@type\":\"ListItem\",\"position\":2,\"name\":\"Productos\",\"item\":\"https:\\\/\\\/ljcreate.com\\\/es\\\/shop\\\/\"},{\"@type\":\"ListItem\",\"position\":3,\"name\":\"Engineering\",\"item\":\"https:\\\/\\\/ljcreate.com\\\/uk\\\/product-category\\\/engineering\\\/\"},{\"@type\":\"ListItem\",\"position\":4,\"name\":\"Paquete Siemens HMI para PETRA II Advanced Teaching Set\"}]},{\"@type\":\"WebSite\",\"@id\":\"https:\\\/\\\/ljcreate.com\\\/es\\\/#website\",\"url\":\"https:\\\/\\\/ljcreate.com\\\/es\\\/\",\"name\":\"LJ Create\",\"description\":\"Innovate, Inspire, and Engage\",\"publisher\":{\"@id\":\"https:\\\/\\\/ljcreate.com\\\/es\\\/#organization\"},\"alternateName\":\"Creative Learning (Norwich) Limited\",\"potentialAction\":[{\"@type\":\"SearchAction\",\"target\":{\"@type\":\"EntryPoint\",\"urlTemplate\":\"https:\\\/\\\/ljcreate.com\\\/es\\\/?s={search_term_string}\"},\"query-input\":{\"@type\":\"PropertyValueSpecification\",\"valueRequired\":true,\"valueName\":\"search_term_string\"}}],\"inLanguage\":\"es\"},{\"@type\":\"Organization\",\"@id\":\"https:\\\/\\\/ljcreate.com\\\/es\\\/#organization\",\"name\":\"LJ Create\",\"url\":\"https:\\\/\\\/ljcreate.com\\\/es\\\/\",\"logo\":{\"@type\":\"ImageObject\",\"inLanguage\":\"es\",\"@id\":\"https:\\\/\\\/ljcreate.com\\\/es\\\/#\\\/schema\\\/logo\\\/image\\\/\",\"url\":\"https:\\\/\\\/ljcreate.com\\\/wp-content\\\/uploads\\\/2021\\\/07\\\/logo.svg\",\"contentUrl\":\"https:\\\/\\\/ljcreate.com\\\/wp-content\\\/uploads\\\/2021\\\/07\\\/logo.svg\",\"width\":\"1024\",\"height\":\"1024\",\"caption\":\"LJ Create\"},\"image\":{\"@id\":\"https:\\\/\\\/ljcreate.com\\\/es\\\/#\\\/schema\\\/logo\\\/image\\\/\"}}]}<\/script>\n<!-- \/ Yoast SEO plugin. -->","yoast_head_json":{"title":"Paquete Siemens HMI para PETRA II Advanced Teaching Set | LJ Create","robots":{"index":"index","follow":"follow","max-snippet":"max-snippet:-1","max-image-preview":"max-image-preview:large","max-video-preview":"max-video-preview:-1"},"canonical":"https:\/\/ljcreate.com\/es\/siemens-hmi-pack-for-petra-ii-advanced-teaching-set\/","og_locale":"es_ES","og_type":"article","og_title":"Paquete Siemens HMI para PETRA II Advanced Teaching Set | LJ Create","og_description":"El paquete HMI de Siemens (292-03) utiliza un paquete de software de programaci\u00f3n est\u00e1ndar de la industria para programar cada PLC para controlar su propio conjunto de procesos. Un panel t\u00e1ctil HMI est\u00e1 programado para supervisar los PLC, monitoreando y mostrando informaci\u00f3n clave de sensores alrededor de la planta. Elementos incluidos: 2x PLC Siemens S71200&hellip;","og_url":"https:\/\/ljcreate.com\/es\/siemens-hmi-pack-for-petra-ii-advanced-teaching-set\/","og_site_name":"LJ Create","article_modified_time":"2023-06-30T14:53:36+00:00","og_image":[{"width":1800,"height":881,"url":"https:\/\/ljcreate.com\/wp-content\/uploads\/2021\/08\/290-03-SI_Main-2.jpg","type":"image\/jpeg"}],"twitter_card":"summary_large_image","twitter_misc":{"Tiempo de lectura":"1 minuto"},"schema":{"@context":"https:\/\/schema.org","@graph":[{"@type":"WebPage","@id":"https:\/\/ljcreate.com\/es\/siemens-hmi-pack-for-petra-ii-advanced-teaching-set\/","url":"https:\/\/ljcreate.com\/es\/siemens-hmi-pack-for-petra-ii-advanced-teaching-set\/","name":"Paquete Siemens HMI para PETRA II Advanced Teaching Set | LJ Create","isPartOf":{"@id":"https:\/\/ljcreate.com\/es\/#website"},"primaryImageOfPage":{"@id":"https:\/\/ljcreate.com\/es\/siemens-hmi-pack-for-petra-ii-advanced-teaching-set\/#primaryimage"},"image":{"@id":"https:\/\/ljcreate.com\/es\/siemens-hmi-pack-for-petra-ii-advanced-teaching-set\/#primaryimage"},"thumbnailUrl":"https:\/\/ljcreate.com\/wp-content\/uploads\/2021\/08\/290-03-SI_Main-2.jpg","datePublished":"2021-08-24T15:43:41+00:00","dateModified":"2023-06-30T14:53:36+00:00","breadcrumb":{"@id":"https:\/\/ljcreate.com\/es\/siemens-hmi-pack-for-petra-ii-advanced-teaching-set\/#breadcrumb"},"inLanguage":"es","potentialAction":[{"@type":"ReadAction","target":["https:\/\/ljcreate.com\/es\/siemens-hmi-pack-for-petra-ii-advanced-teaching-set\/"]}]},{"@type":"ImageObject","inLanguage":"es","@id":"https:\/\/ljcreate.com\/es\/siemens-hmi-pack-for-petra-ii-advanced-teaching-set\/#primaryimage","url":"https:\/\/ljcreate.com\/wp-content\/uploads\/2021\/08\/290-03-SI_Main-2.jpg","contentUrl":"https:\/\/ljcreate.com\/wp-content\/uploads\/2021\/08\/290-03-SI_Main-2.jpg","width":1800,"height":881,"caption":"Siemens HMI Pack"},{"@type":"BreadcrumbList","@id":"https:\/\/ljcreate.com\/es\/siemens-hmi-pack-for-petra-ii-advanced-teaching-set\/#breadcrumb","itemListElement":[{"@type":"ListItem","position":1,"name":"Home","item":"https:\/\/ljcreate.com\/es\/"},{"@type":"ListItem","position":2,"name":"Productos","item":"https:\/\/ljcreate.com\/es\/shop\/"},{"@type":"ListItem","position":3,"name":"Engineering","item":"https:\/\/ljcreate.com\/uk\/product-category\/engineering\/"},{"@type":"ListItem","position":4,"name":"Paquete Siemens HMI para PETRA II Advanced Teaching Set"}]},{"@type":"WebSite","@id":"https:\/\/ljcreate.com\/es\/#website","url":"https:\/\/ljcreate.com\/es\/","name":"LJ Create","description":"Innovate, Inspire, and Engage","publisher":{"@id":"https:\/\/ljcreate.com\/es\/#organization"},"alternateName":"Creative Learning (Norwich) Limited","potentialAction":[{"@type":"SearchAction","target":{"@type":"EntryPoint","urlTemplate":"https:\/\/ljcreate.com\/es\/?s={search_term_string}"},"query-input":{"@type":"PropertyValueSpecification","valueRequired":true,"valueName":"search_term_string"}}],"inLanguage":"es"},{"@type":"Organization","@id":"https:\/\/ljcreate.com\/es\/#organization","name":"LJ Create","url":"https:\/\/ljcreate.com\/es\/","logo":{"@type":"ImageObject","inLanguage":"es","@id":"https:\/\/ljcreate.com\/es\/#\/schema\/logo\/image\/","url":"https:\/\/ljcreate.com\/wp-content\/uploads\/2021\/07\/logo.svg","contentUrl":"https:\/\/ljcreate.com\/wp-content\/uploads\/2021\/07\/logo.svg","width":"1024","height":"1024","caption":"LJ Create"},"image":{"@id":"https:\/\/ljcreate.com\/es\/#\/schema\/logo\/image\/"}}]}},"_links":{"self":[{"href":"https:\/\/ljcreate.com\/es\/wp-json\/wp\/v2\/product\/26836","targetHints":{"allow":["GET"]}}],"collection":[{"href":"https:\/\/ljcreate.com\/es\/wp-json\/wp\/v2\/product"}],"about":[{"href":"https:\/\/ljcreate.com\/es\/wp-json\/wp\/v2\/types\/product"}],"wp:featuredmedia":[{"embeddable":true,"href":"https:\/\/ljcreate.com\/es\/wp-json\/wp\/v2\/media\/20270"}],"wp:attachment":[{"href":"https:\/\/ljcreate.com\/es\/wp-json\/wp\/v2\/media?parent=26836"}],"wp:term":[{"taxonomy":"product_brand","embeddable":true,"href":"https:\/\/ljcreate.com\/es\/wp-json\/wp\/v2\/product_brand?post=26836"},{"taxonomy":"product_cat","embeddable":true,"href":"https:\/\/ljcreate.com\/es\/wp-json\/wp\/v2\/product_cat?post=26836"},{"taxonomy":"product_tag","embeddable":true,"href":"https:\/\/ljcreate.com\/es\/wp-json\/wp\/v2\/product_tag?post=26836"}],"curies":[{"name":"wp","href":"https:\/\/api.w.org\/{rel}","templated":true}]}}