{"id":26834,"date":"2021-08-24T10:40:25","date_gmt":"2021-08-24T15:40:25","guid":{"rendered":"https:\/\/alpha.ljcreate.com\/product\/sin%20categor\u00eda\/24-volt-electrical-system-trainer\/"},"modified":"2023-07-07T14:53:13","modified_gmt":"2023-07-07T13:53:13","slug":"24-volt-electrical-system-trainer","status":"publish","type":"product","link":"https:\/\/ljcreate.com\/es\/automotive-technology\/24-volt-electrical-system-trainer\/","title":{"rendered":"Entrenador de sistema el\u00e9ctrico de 24 voltios"},"content":{"rendered":"<p>El entrenador del sistema el\u00e9ctrico de 24 voltios (770-02) presenta el funcionamiento completo de los faros delanteros, las luces laterales, las luces de freno, los indicadores y el alternador a trav\u00e9s de un controlador de velocidad que se puede observar.<\/p>\n<h5>Se incluyen los siguientes circuitos y sistemas del veh\u00edculo:<\/h5>\n<ul>\n<li>A partir de<\/li>\n<li>Cargando<\/li>\n<li>Buj\u00edas de incandescencia<\/li>\n<li>Encendiendo<\/li>\n<\/ul>\n<p>&nbsp;<\/p>\n<p><strong>\u00bfEncontraste lo que buscabas?<\/strong><br \/>\nEche un vistazo a nuestra gama completa de <a href=\"https:\/\/ljcreate.com\/es\/tecnologia-automotriz\/recursos-de-formacion\/\" target=\"_blank\" rel=\"noopener\">recursos de capacitaci\u00f3n automotriz<\/a><\/p>\n","protected":false},"excerpt":{"rendered":"<p>El entrenador del sistema el\u00e9ctrico de 24 voltios (770-02) presenta el funcionamiento completo de los faros delanteros, las luces laterales, las luces de freno, los indicadores y el alternador a trav\u00e9s de un controlador de velocidad que se puede observar. Se incluyen los siguientes circuitos y sistemas del veh\u00edculo: A partir de Cargando Buj\u00edas de&hellip;<\/p>\n","protected":false},"featured_media":20251,"template":"","meta":{"_acf_changed":false,"inline_featured_image":false},"product_brand":[],"product_cat":[132,134],"product_tag":[],"class_list":{"0":"post-26834","1":"product","2":"type-product","3":"status-publish","4":"has-post-thumbnail","6":"product_cat-automotive-technology-es","7":"product_cat-automotive-medium-heavy-truck-rigs-es","9":"first","10":"instock","11":"shipping-taxable","12":"product-type-simple"},"acf":[],"yoast_head":"<!-- This site is optimized with the Yoast SEO plugin v27.3 - https:\/\/yoast.com\/product\/yoast-seo-wordpress\/ -->\n<title>Entrenador de sistema el\u00e9ctrico de 24 voltios | LJ Create<\/title>\n<meta name=\"description\" content=\"El Entrenador de sistema el\u00e9ctrico de 24 voltios ofrece un sistema el\u00e9ctrico de veh\u00edculos pesados completamente operativo, dise\u00f1ado para ense\u00f1ar principios el\u00e9ctricos b\u00e1sicos.\" \/>\n<meta name=\"robots\" content=\"index, follow, max-snippet:-1, max-image-preview:large, max-video-preview:-1\" \/>\n<link rel=\"canonical\" href=\"https:\/\/ljcreate.com\/es\/automotive-technology\/24-volt-electrical-system-trainer\/\" \/>\n<meta property=\"og:locale\" content=\"es_ES\" \/>\n<meta property=\"og:type\" content=\"article\" \/>\n<meta property=\"og:title\" content=\"Entrenador de sistema el\u00e9ctrico de 24 voltios | LJ Create\" \/>\n<meta property=\"og:description\" content=\"El Entrenador de sistema el\u00e9ctrico de 24 voltios ofrece un sistema el\u00e9ctrico de veh\u00edculos pesados completamente operativo, dise\u00f1ado para ense\u00f1ar principios el\u00e9ctricos b\u00e1sicos.\" \/>\n<meta property=\"og:url\" content=\"https:\/\/ljcreate.com\/es\/automotive-technology\/24-volt-electrical-system-trainer\/\" \/>\n<meta property=\"og:site_name\" content=\"LJ Create\" \/>\n<meta property=\"article:modified_time\" content=\"2023-07-07T13:53:13+00:00\" \/>\n<meta property=\"og:image\" content=\"https:\/\/ljcreate.com\/wp-content\/uploads\/2021\/08\/770-02_Main6.jpg\" \/>\n\t<meta property=\"og:image:width\" content=\"1800\" \/>\n\t<meta property=\"og:image:height\" content=\"881\" \/>\n\t<meta property=\"og:image:type\" content=\"image\/jpeg\" \/>\n<meta name=\"twitter:card\" content=\"summary_large_image\" \/>\n<meta name=\"twitter:label1\" content=\"Tiempo de lectura\" \/>\n\t<meta name=\"twitter:data1\" content=\"1 minuto\" \/>\n<script type=\"application\/ld+json\" class=\"yoast-schema-graph\">{\"@context\":\"https:\\\/\\\/schema.org\",\"@graph\":[{\"@type\":\"WebPage\",\"@id\":\"https:\\\/\\\/ljcreate.com\\\/es\\\/automotive-technology\\\/24-volt-electrical-system-trainer\\\/\",\"url\":\"https:\\\/\\\/ljcreate.com\\\/es\\\/automotive-technology\\\/24-volt-electrical-system-trainer\\\/\",\"name\":\"Entrenador de sistema el\u00e9ctrico de 24 voltios | LJ Create\",\"isPartOf\":{\"@id\":\"https:\\\/\\\/ljcreate.com\\\/es\\\/#website\"},\"primaryImageOfPage\":{\"@id\":\"https:\\\/\\\/ljcreate.com\\\/es\\\/automotive-technology\\\/24-volt-electrical-system-trainer\\\/#primaryimage\"},\"image\":{\"@id\":\"https:\\\/\\\/ljcreate.com\\\/es\\\/automotive-technology\\\/24-volt-electrical-system-trainer\\\/#primaryimage\"},\"thumbnailUrl\":\"https:\\\/\\\/ljcreate.com\\\/wp-content\\\/uploads\\\/2021\\\/08\\\/770-02_Main6.jpg\",\"datePublished\":\"2021-08-24T15:40:25+00:00\",\"dateModified\":\"2023-07-07T13:53:13+00:00\",\"description\":\"El Entrenador de sistema el\u00e9ctrico de 24 voltios ofrece un sistema el\u00e9ctrico de veh\u00edculos pesados completamente operativo, dise\u00f1ado para ense\u00f1ar principios el\u00e9ctricos b\u00e1sicos.\",\"breadcrumb\":{\"@id\":\"https:\\\/\\\/ljcreate.com\\\/es\\\/automotive-technology\\\/24-volt-electrical-system-trainer\\\/#breadcrumb\"},\"inLanguage\":\"es\",\"potentialAction\":[{\"@type\":\"ReadAction\",\"target\":[\"https:\\\/\\\/ljcreate.com\\\/es\\\/automotive-technology\\\/24-volt-electrical-system-trainer\\\/\"]}]},{\"@type\":\"ImageObject\",\"inLanguage\":\"es\",\"@id\":\"https:\\\/\\\/ljcreate.com\\\/es\\\/automotive-technology\\\/24-volt-electrical-system-trainer\\\/#primaryimage\",\"url\":\"https:\\\/\\\/ljcreate.com\\\/wp-content\\\/uploads\\\/2021\\\/08\\\/770-02_Main6.jpg\",\"contentUrl\":\"https:\\\/\\\/ljcreate.com\\\/wp-content\\\/uploads\\\/2021\\\/08\\\/770-02_Main6.jpg\",\"width\":1800,\"height\":881,\"caption\":\"Entrenador de sistema el\u00e9ctrico de 24 voltios\"},{\"@type\":\"BreadcrumbList\",\"@id\":\"https:\\\/\\\/ljcreate.com\\\/es\\\/automotive-technology\\\/24-volt-electrical-system-trainer\\\/#breadcrumb\",\"itemListElement\":[{\"@type\":\"ListItem\",\"position\":1,\"name\":\"Home\",\"item\":\"https:\\\/\\\/ljcreate.com\\\/es\\\/\"},{\"@type\":\"ListItem\",\"position\":2,\"name\":\"Productos\",\"item\":\"https:\\\/\\\/ljcreate.com\\\/es\\\/shop\\\/\"},{\"@type\":\"ListItem\",\"position\":3,\"name\":\"Automotive Technology\",\"item\":\"https:\\\/\\\/ljcreate.com\\\/uk\\\/product-category\\\/automotive-technology\\\/\"},{\"@type\":\"ListItem\",\"position\":4,\"name\":\"Entrenador de sistema el\u00e9ctrico de 24 voltios\"}]},{\"@type\":\"WebSite\",\"@id\":\"https:\\\/\\\/ljcreate.com\\\/es\\\/#website\",\"url\":\"https:\\\/\\\/ljcreate.com\\\/es\\\/\",\"name\":\"LJ Create\",\"description\":\"Innovate, Inspire, and Engage\",\"publisher\":{\"@id\":\"https:\\\/\\\/ljcreate.com\\\/es\\\/#organization\"},\"alternateName\":\"Creative Learning (Norwich) Limited\",\"potentialAction\":[{\"@type\":\"SearchAction\",\"target\":{\"@type\":\"EntryPoint\",\"urlTemplate\":\"https:\\\/\\\/ljcreate.com\\\/es\\\/?s={search_term_string}\"},\"query-input\":{\"@type\":\"PropertyValueSpecification\",\"valueRequired\":true,\"valueName\":\"search_term_string\"}}],\"inLanguage\":\"es\"},{\"@type\":\"Organization\",\"@id\":\"https:\\\/\\\/ljcreate.com\\\/es\\\/#organization\",\"name\":\"LJ Create\",\"url\":\"https:\\\/\\\/ljcreate.com\\\/es\\\/\",\"logo\":{\"@type\":\"ImageObject\",\"inLanguage\":\"es\",\"@id\":\"https:\\\/\\\/ljcreate.com\\\/es\\\/#\\\/schema\\\/logo\\\/image\\\/\",\"url\":\"https:\\\/\\\/ljcreate.com\\\/wp-content\\\/uploads\\\/2021\\\/07\\\/logo.svg\",\"contentUrl\":\"https:\\\/\\\/ljcreate.com\\\/wp-content\\\/uploads\\\/2021\\\/07\\\/logo.svg\",\"width\":\"1024\",\"height\":\"1024\",\"caption\":\"LJ Create\"},\"image\":{\"@id\":\"https:\\\/\\\/ljcreate.com\\\/es\\\/#\\\/schema\\\/logo\\\/image\\\/\"}}]}<\/script>\n<!-- \/ Yoast SEO plugin. -->","yoast_head_json":{"title":"Entrenador de sistema el\u00e9ctrico de 24 voltios | LJ Create","description":"El Entrenador de sistema el\u00e9ctrico de 24 voltios ofrece un sistema el\u00e9ctrico de veh\u00edculos pesados completamente operativo, dise\u00f1ado para ense\u00f1ar principios el\u00e9ctricos b\u00e1sicos.","robots":{"index":"index","follow":"follow","max-snippet":"max-snippet:-1","max-image-preview":"max-image-preview:large","max-video-preview":"max-video-preview:-1"},"canonical":"https:\/\/ljcreate.com\/es\/automotive-technology\/24-volt-electrical-system-trainer\/","og_locale":"es_ES","og_type":"article","og_title":"Entrenador de sistema el\u00e9ctrico de 24 voltios | LJ Create","og_description":"El Entrenador de sistema el\u00e9ctrico de 24 voltios ofrece un sistema el\u00e9ctrico de veh\u00edculos pesados completamente operativo, dise\u00f1ado para ense\u00f1ar principios el\u00e9ctricos b\u00e1sicos.","og_url":"https:\/\/ljcreate.com\/es\/automotive-technology\/24-volt-electrical-system-trainer\/","og_site_name":"LJ Create","article_modified_time":"2023-07-07T13:53:13+00:00","og_image":[{"width":1800,"height":881,"url":"https:\/\/ljcreate.com\/wp-content\/uploads\/2021\/08\/770-02_Main6.jpg","type":"image\/jpeg"}],"twitter_card":"summary_large_image","twitter_misc":{"Tiempo de lectura":"1 minuto"},"schema":{"@context":"https:\/\/schema.org","@graph":[{"@type":"WebPage","@id":"https:\/\/ljcreate.com\/es\/automotive-technology\/24-volt-electrical-system-trainer\/","url":"https:\/\/ljcreate.com\/es\/automotive-technology\/24-volt-electrical-system-trainer\/","name":"Entrenador de sistema el\u00e9ctrico de 24 voltios | LJ Create","isPartOf":{"@id":"https:\/\/ljcreate.com\/es\/#website"},"primaryImageOfPage":{"@id":"https:\/\/ljcreate.com\/es\/automotive-technology\/24-volt-electrical-system-trainer\/#primaryimage"},"image":{"@id":"https:\/\/ljcreate.com\/es\/automotive-technology\/24-volt-electrical-system-trainer\/#primaryimage"},"thumbnailUrl":"https:\/\/ljcreate.com\/wp-content\/uploads\/2021\/08\/770-02_Main6.jpg","datePublished":"2021-08-24T15:40:25+00:00","dateModified":"2023-07-07T13:53:13+00:00","description":"El Entrenador de sistema el\u00e9ctrico de 24 voltios ofrece un sistema el\u00e9ctrico de veh\u00edculos pesados completamente operativo, dise\u00f1ado para ense\u00f1ar principios el\u00e9ctricos b\u00e1sicos.","breadcrumb":{"@id":"https:\/\/ljcreate.com\/es\/automotive-technology\/24-volt-electrical-system-trainer\/#breadcrumb"},"inLanguage":"es","potentialAction":[{"@type":"ReadAction","target":["https:\/\/ljcreate.com\/es\/automotive-technology\/24-volt-electrical-system-trainer\/"]}]},{"@type":"ImageObject","inLanguage":"es","@id":"https:\/\/ljcreate.com\/es\/automotive-technology\/24-volt-electrical-system-trainer\/#primaryimage","url":"https:\/\/ljcreate.com\/wp-content\/uploads\/2021\/08\/770-02_Main6.jpg","contentUrl":"https:\/\/ljcreate.com\/wp-content\/uploads\/2021\/08\/770-02_Main6.jpg","width":1800,"height":881,"caption":"Entrenador de sistema el\u00e9ctrico de 24 voltios"},{"@type":"BreadcrumbList","@id":"https:\/\/ljcreate.com\/es\/automotive-technology\/24-volt-electrical-system-trainer\/#breadcrumb","itemListElement":[{"@type":"ListItem","position":1,"name":"Home","item":"https:\/\/ljcreate.com\/es\/"},{"@type":"ListItem","position":2,"name":"Productos","item":"https:\/\/ljcreate.com\/es\/shop\/"},{"@type":"ListItem","position":3,"name":"Automotive Technology","item":"https:\/\/ljcreate.com\/uk\/product-category\/automotive-technology\/"},{"@type":"ListItem","position":4,"name":"Entrenador de sistema el\u00e9ctrico de 24 voltios"}]},{"@type":"WebSite","@id":"https:\/\/ljcreate.com\/es\/#website","url":"https:\/\/ljcreate.com\/es\/","name":"LJ Create","description":"Innovate, Inspire, and Engage","publisher":{"@id":"https:\/\/ljcreate.com\/es\/#organization"},"alternateName":"Creative Learning (Norwich) Limited","potentialAction":[{"@type":"SearchAction","target":{"@type":"EntryPoint","urlTemplate":"https:\/\/ljcreate.com\/es\/?s={search_term_string}"},"query-input":{"@type":"PropertyValueSpecification","valueRequired":true,"valueName":"search_term_string"}}],"inLanguage":"es"},{"@type":"Organization","@id":"https:\/\/ljcreate.com\/es\/#organization","name":"LJ Create","url":"https:\/\/ljcreate.com\/es\/","logo":{"@type":"ImageObject","inLanguage":"es","@id":"https:\/\/ljcreate.com\/es\/#\/schema\/logo\/image\/","url":"https:\/\/ljcreate.com\/wp-content\/uploads\/2021\/07\/logo.svg","contentUrl":"https:\/\/ljcreate.com\/wp-content\/uploads\/2021\/07\/logo.svg","width":"1024","height":"1024","caption":"LJ Create"},"image":{"@id":"https:\/\/ljcreate.com\/es\/#\/schema\/logo\/image\/"}}]}},"_links":{"self":[{"href":"https:\/\/ljcreate.com\/es\/wp-json\/wp\/v2\/product\/26834","targetHints":{"allow":["GET"]}}],"collection":[{"href":"https:\/\/ljcreate.com\/es\/wp-json\/wp\/v2\/product"}],"about":[{"href":"https:\/\/ljcreate.com\/es\/wp-json\/wp\/v2\/types\/product"}],"wp:featuredmedia":[{"embeddable":true,"href":"https:\/\/ljcreate.com\/es\/wp-json\/wp\/v2\/media\/20251"}],"wp:attachment":[{"href":"https:\/\/ljcreate.com\/es\/wp-json\/wp\/v2\/media?parent=26834"}],"wp:term":[{"taxonomy":"product_brand","embeddable":true,"href":"https:\/\/ljcreate.com\/es\/wp-json\/wp\/v2\/product_brand?post=26834"},{"taxonomy":"product_cat","embeddable":true,"href":"https:\/\/ljcreate.com\/es\/wp-json\/wp\/v2\/product_cat?post=26834"},{"taxonomy":"product_tag","embeddable":true,"href":"https:\/\/ljcreate.com\/es\/wp-json\/wp\/v2\/product_tag?post=26834"}],"curies":[{"name":"wp","href":"https:\/\/api.w.org\/{rel}","templated":true}]}}