{"id":26823,"date":"2021-08-24T12:27:58","date_gmt":"2021-08-24T17:27:58","guid":{"rendered":"https:\/\/alpha.ljcreate.com\/product\/sin%20categor\u00eda\/virtual-control-laboratory\/"},"modified":"2023-07-03T16:19:18","modified_gmt":"2023-07-03T15:19:18","slug":"virtual-control-laboratory","status":"publish","type":"product","link":"https:\/\/ljcreate.com\/es\/engineering\/virtual-control-laboratory\/","title":{"rendered":"Laboratorio de control virtual"},"content":{"rendered":"<h5>Laboratorio de control virtual (207-02) &#8211; Las \u00e1reas tem\u00e1ticas t\u00edpicas incluyen:<\/h5>\n<ul>\n<li>Control anal\u00f3gico: descripci\u00f3n general del equipo<\/li>\n<li>Introducci\u00f3n a los sistemas de control<\/li>\n<li>Tiempo de respuesta<\/li>\n<li>Respuesta frecuente<\/li>\n<li>Principios de retroalimentaci\u00f3n<\/li>\n<li>Control de posici\u00f3n proporcional<\/li>\n<li>Comportamiento de los sistemas de segundo orden<\/li>\n<li>Control de posici\u00f3n con retroalimentaci\u00f3n de velocidad<\/li>\n<li>Control de tres t\u00e9rminos o PID<\/li>\n<li>Estabilidad<\/li>\n<li>El uso de computadoras para el control<\/li>\n<li>Interfaz anal\u00f3gica<\/li>\n<li>Control digital directo<\/li>\n<li>Interfaz digital<\/li>\n<\/ul>\n","protected":false},"excerpt":{"rendered":"<p>Laboratorio de control virtual (207-02) &#8211; Las \u00e1reas tem\u00e1ticas t\u00edpicas incluyen: Control anal\u00f3gico: descripci\u00f3n general del equipo Introducci\u00f3n a los sistemas de control Tiempo de respuesta Respuesta frecuente Principios de retroalimentaci\u00f3n Control de posici\u00f3n proporcional Comportamiento de los sistemas de segundo orden Control de posici\u00f3n con retroalimentaci\u00f3n de velocidad Control de tres t\u00e9rminos o PID&hellip;<\/p>\n","protected":false},"featured_media":20313,"template":"","meta":{"_acf_changed":false,"inline_featured_image":false},"product_brand":[],"product_cat":[58,107,80,124,138,140],"product_tag":[],"class_list":{"0":"post-26823","1":"product","2":"type-product","3":"status-publish","4":"has-post-thumbnail","6":"product_cat-engineering","7":"product_cat-control-and-instrumentation-trainers","8":"product_cat-engineering-uk","9":"product_cat-control-and-instrumentation-trainers-uk","10":"product_cat-engineering-es","11":"product_cat-control-and-instrumentation-trainers-es","13":"first","14":"instock","15":"shipping-taxable","16":"product-type-simple"},"acf":[],"yoast_head":"<!-- This site is optimized with the Yoast SEO plugin v27.3 - https:\/\/yoast.com\/product\/yoast-seo-wordpress\/ -->\n<title>Laboratorio de control virtual | LJ Create<\/title>\n<meta name=\"robots\" content=\"index, follow, max-snippet:-1, max-image-preview:large, max-video-preview:-1\" \/>\n<link rel=\"canonical\" href=\"https:\/\/ljcreate.com\/es\/engineering\/virtual-control-laboratory\/\" \/>\n<meta property=\"og:locale\" content=\"es_ES\" \/>\n<meta property=\"og:type\" content=\"article\" \/>\n<meta property=\"og:title\" content=\"Laboratorio de control virtual | LJ Create\" \/>\n<meta property=\"og:description\" content=\"Laboratorio de control virtual (207-02) &#8211; Las \u00e1reas tem\u00e1ticas t\u00edpicas incluyen: Control anal\u00f3gico: descripci\u00f3n general del equipo Introducci\u00f3n a los sistemas de control Tiempo de respuesta Respuesta frecuente Principios de retroalimentaci\u00f3n Control de posici\u00f3n proporcional Comportamiento de los sistemas de segundo orden Control de posici\u00f3n con retroalimentaci\u00f3n de velocidad Control de tres t\u00e9rminos o PID&hellip;\" \/>\n<meta property=\"og:url\" content=\"https:\/\/ljcreate.com\/es\/engineering\/virtual-control-laboratory\/\" \/>\n<meta property=\"og:site_name\" content=\"LJ Create\" \/>\n<meta property=\"article:modified_time\" content=\"2023-07-03T15:19:18+00:00\" \/>\n<meta property=\"og:image\" content=\"https:\/\/ljcreate.com\/wp-content\/uploads\/2021\/08\/207-02_Main9.jpg\" \/>\n\t<meta property=\"og:image:width\" content=\"1800\" \/>\n\t<meta property=\"og:image:height\" content=\"881\" \/>\n\t<meta property=\"og:image:type\" content=\"image\/jpeg\" \/>\n<meta name=\"twitter:card\" content=\"summary_large_image\" \/>\n<meta name=\"twitter:label1\" content=\"Tiempo de lectura\" \/>\n\t<meta name=\"twitter:data1\" content=\"1 minuto\" \/>\n<script type=\"application\/ld+json\" class=\"yoast-schema-graph\">{\"@context\":\"https:\\\/\\\/schema.org\",\"@graph\":[{\"@type\":\"WebPage\",\"@id\":\"https:\\\/\\\/ljcreate.com\\\/es\\\/engineering\\\/virtual-control-laboratory\\\/\",\"url\":\"https:\\\/\\\/ljcreate.com\\\/es\\\/engineering\\\/virtual-control-laboratory\\\/\",\"name\":\"Laboratorio de control virtual | LJ Create\",\"isPartOf\":{\"@id\":\"https:\\\/\\\/ljcreate.com\\\/es\\\/#website\"},\"primaryImageOfPage\":{\"@id\":\"https:\\\/\\\/ljcreate.com\\\/es\\\/engineering\\\/virtual-control-laboratory\\\/#primaryimage\"},\"image\":{\"@id\":\"https:\\\/\\\/ljcreate.com\\\/es\\\/engineering\\\/virtual-control-laboratory\\\/#primaryimage\"},\"thumbnailUrl\":\"https:\\\/\\\/ljcreate.com\\\/wp-content\\\/uploads\\\/2021\\\/08\\\/207-02_Main9.jpg\",\"datePublished\":\"2021-08-24T17:27:58+00:00\",\"dateModified\":\"2023-07-03T15:19:18+00:00\",\"breadcrumb\":{\"@id\":\"https:\\\/\\\/ljcreate.com\\\/es\\\/engineering\\\/virtual-control-laboratory\\\/#breadcrumb\"},\"inLanguage\":\"es\",\"potentialAction\":[{\"@type\":\"ReadAction\",\"target\":[\"https:\\\/\\\/ljcreate.com\\\/es\\\/engineering\\\/virtual-control-laboratory\\\/\"]}]},{\"@type\":\"ImageObject\",\"inLanguage\":\"es\",\"@id\":\"https:\\\/\\\/ljcreate.com\\\/es\\\/engineering\\\/virtual-control-laboratory\\\/#primaryimage\",\"url\":\"https:\\\/\\\/ljcreate.com\\\/wp-content\\\/uploads\\\/2021\\\/08\\\/207-02_Main9.jpg\",\"contentUrl\":\"https:\\\/\\\/ljcreate.com\\\/wp-content\\\/uploads\\\/2021\\\/08\\\/207-02_Main9.jpg\",\"width\":1800,\"height\":881,\"caption\":\"Virtual Control Laboratory\"},{\"@type\":\"BreadcrumbList\",\"@id\":\"https:\\\/\\\/ljcreate.com\\\/es\\\/engineering\\\/virtual-control-laboratory\\\/#breadcrumb\",\"itemListElement\":[{\"@type\":\"ListItem\",\"position\":1,\"name\":\"Home\",\"item\":\"https:\\\/\\\/ljcreate.com\\\/es\\\/\"},{\"@type\":\"ListItem\",\"position\":2,\"name\":\"Productos\",\"item\":\"https:\\\/\\\/ljcreate.com\\\/es\\\/shop\\\/\"},{\"@type\":\"ListItem\",\"position\":3,\"name\":\"Engineering\",\"item\":\"https:\\\/\\\/ljcreate.com\\\/uk\\\/product-category\\\/engineering\\\/\"},{\"@type\":\"ListItem\",\"position\":4,\"name\":\"Laboratorio de control virtual\"}]},{\"@type\":\"WebSite\",\"@id\":\"https:\\\/\\\/ljcreate.com\\\/es\\\/#website\",\"url\":\"https:\\\/\\\/ljcreate.com\\\/es\\\/\",\"name\":\"LJ Create\",\"description\":\"Innovate, Inspire, and Engage\",\"publisher\":{\"@id\":\"https:\\\/\\\/ljcreate.com\\\/es\\\/#organization\"},\"alternateName\":\"Creative Learning (Norwich) Limited\",\"potentialAction\":[{\"@type\":\"SearchAction\",\"target\":{\"@type\":\"EntryPoint\",\"urlTemplate\":\"https:\\\/\\\/ljcreate.com\\\/es\\\/?s={search_term_string}\"},\"query-input\":{\"@type\":\"PropertyValueSpecification\",\"valueRequired\":true,\"valueName\":\"search_term_string\"}}],\"inLanguage\":\"es\"},{\"@type\":\"Organization\",\"@id\":\"https:\\\/\\\/ljcreate.com\\\/es\\\/#organization\",\"name\":\"LJ Create\",\"url\":\"https:\\\/\\\/ljcreate.com\\\/es\\\/\",\"logo\":{\"@type\":\"ImageObject\",\"inLanguage\":\"es\",\"@id\":\"https:\\\/\\\/ljcreate.com\\\/es\\\/#\\\/schema\\\/logo\\\/image\\\/\",\"url\":\"https:\\\/\\\/ljcreate.com\\\/wp-content\\\/uploads\\\/2021\\\/07\\\/logo.svg\",\"contentUrl\":\"https:\\\/\\\/ljcreate.com\\\/wp-content\\\/uploads\\\/2021\\\/07\\\/logo.svg\",\"width\":\"1024\",\"height\":\"1024\",\"caption\":\"LJ Create\"},\"image\":{\"@id\":\"https:\\\/\\\/ljcreate.com\\\/es\\\/#\\\/schema\\\/logo\\\/image\\\/\"}}]}<\/script>\n<!-- \/ Yoast SEO plugin. -->","yoast_head_json":{"title":"Laboratorio de control virtual | LJ Create","robots":{"index":"index","follow":"follow","max-snippet":"max-snippet:-1","max-image-preview":"max-image-preview:large","max-video-preview":"max-video-preview:-1"},"canonical":"https:\/\/ljcreate.com\/es\/engineering\/virtual-control-laboratory\/","og_locale":"es_ES","og_type":"article","og_title":"Laboratorio de control virtual | LJ Create","og_description":"Laboratorio de control virtual (207-02) &#8211; Las \u00e1reas tem\u00e1ticas t\u00edpicas incluyen: Control anal\u00f3gico: descripci\u00f3n general del equipo Introducci\u00f3n a los sistemas de control Tiempo de respuesta Respuesta frecuente Principios de retroalimentaci\u00f3n Control de posici\u00f3n proporcional Comportamiento de los sistemas de segundo orden Control de posici\u00f3n con retroalimentaci\u00f3n de velocidad Control de tres t\u00e9rminos o PID&hellip;","og_url":"https:\/\/ljcreate.com\/es\/engineering\/virtual-control-laboratory\/","og_site_name":"LJ Create","article_modified_time":"2023-07-03T15:19:18+00:00","og_image":[{"width":1800,"height":881,"url":"https:\/\/ljcreate.com\/wp-content\/uploads\/2021\/08\/207-02_Main9.jpg","type":"image\/jpeg"}],"twitter_card":"summary_large_image","twitter_misc":{"Tiempo de lectura":"1 minuto"},"schema":{"@context":"https:\/\/schema.org","@graph":[{"@type":"WebPage","@id":"https:\/\/ljcreate.com\/es\/engineering\/virtual-control-laboratory\/","url":"https:\/\/ljcreate.com\/es\/engineering\/virtual-control-laboratory\/","name":"Laboratorio de control virtual | LJ Create","isPartOf":{"@id":"https:\/\/ljcreate.com\/es\/#website"},"primaryImageOfPage":{"@id":"https:\/\/ljcreate.com\/es\/engineering\/virtual-control-laboratory\/#primaryimage"},"image":{"@id":"https:\/\/ljcreate.com\/es\/engineering\/virtual-control-laboratory\/#primaryimage"},"thumbnailUrl":"https:\/\/ljcreate.com\/wp-content\/uploads\/2021\/08\/207-02_Main9.jpg","datePublished":"2021-08-24T17:27:58+00:00","dateModified":"2023-07-03T15:19:18+00:00","breadcrumb":{"@id":"https:\/\/ljcreate.com\/es\/engineering\/virtual-control-laboratory\/#breadcrumb"},"inLanguage":"es","potentialAction":[{"@type":"ReadAction","target":["https:\/\/ljcreate.com\/es\/engineering\/virtual-control-laboratory\/"]}]},{"@type":"ImageObject","inLanguage":"es","@id":"https:\/\/ljcreate.com\/es\/engineering\/virtual-control-laboratory\/#primaryimage","url":"https:\/\/ljcreate.com\/wp-content\/uploads\/2021\/08\/207-02_Main9.jpg","contentUrl":"https:\/\/ljcreate.com\/wp-content\/uploads\/2021\/08\/207-02_Main9.jpg","width":1800,"height":881,"caption":"Virtual Control Laboratory"},{"@type":"BreadcrumbList","@id":"https:\/\/ljcreate.com\/es\/engineering\/virtual-control-laboratory\/#breadcrumb","itemListElement":[{"@type":"ListItem","position":1,"name":"Home","item":"https:\/\/ljcreate.com\/es\/"},{"@type":"ListItem","position":2,"name":"Productos","item":"https:\/\/ljcreate.com\/es\/shop\/"},{"@type":"ListItem","position":3,"name":"Engineering","item":"https:\/\/ljcreate.com\/uk\/product-category\/engineering\/"},{"@type":"ListItem","position":4,"name":"Laboratorio de control virtual"}]},{"@type":"WebSite","@id":"https:\/\/ljcreate.com\/es\/#website","url":"https:\/\/ljcreate.com\/es\/","name":"LJ Create","description":"Innovate, Inspire, and Engage","publisher":{"@id":"https:\/\/ljcreate.com\/es\/#organization"},"alternateName":"Creative Learning (Norwich) Limited","potentialAction":[{"@type":"SearchAction","target":{"@type":"EntryPoint","urlTemplate":"https:\/\/ljcreate.com\/es\/?s={search_term_string}"},"query-input":{"@type":"PropertyValueSpecification","valueRequired":true,"valueName":"search_term_string"}}],"inLanguage":"es"},{"@type":"Organization","@id":"https:\/\/ljcreate.com\/es\/#organization","name":"LJ Create","url":"https:\/\/ljcreate.com\/es\/","logo":{"@type":"ImageObject","inLanguage":"es","@id":"https:\/\/ljcreate.com\/es\/#\/schema\/logo\/image\/","url":"https:\/\/ljcreate.com\/wp-content\/uploads\/2021\/07\/logo.svg","contentUrl":"https:\/\/ljcreate.com\/wp-content\/uploads\/2021\/07\/logo.svg","width":"1024","height":"1024","caption":"LJ Create"},"image":{"@id":"https:\/\/ljcreate.com\/es\/#\/schema\/logo\/image\/"}}]}},"_links":{"self":[{"href":"https:\/\/ljcreate.com\/es\/wp-json\/wp\/v2\/product\/26823","targetHints":{"allow":["GET"]}}],"collection":[{"href":"https:\/\/ljcreate.com\/es\/wp-json\/wp\/v2\/product"}],"about":[{"href":"https:\/\/ljcreate.com\/es\/wp-json\/wp\/v2\/types\/product"}],"wp:featuredmedia":[{"embeddable":true,"href":"https:\/\/ljcreate.com\/es\/wp-json\/wp\/v2\/media\/20313"}],"wp:attachment":[{"href":"https:\/\/ljcreate.com\/es\/wp-json\/wp\/v2\/media?parent=26823"}],"wp:term":[{"taxonomy":"product_brand","embeddable":true,"href":"https:\/\/ljcreate.com\/es\/wp-json\/wp\/v2\/product_brand?post=26823"},{"taxonomy":"product_cat","embeddable":true,"href":"https:\/\/ljcreate.com\/es\/wp-json\/wp\/v2\/product_cat?post=26823"},{"taxonomy":"product_tag","embeddable":true,"href":"https:\/\/ljcreate.com\/es\/wp-json\/wp\/v2\/product_tag?post=26823"}],"curies":[{"name":"wp","href":"https:\/\/api.w.org\/{rel}","templated":true}]}}