{"id":26819,"date":"2021-08-24T13:02:55","date_gmt":"2021-08-24T18:02:55","guid":{"rendered":"https:\/\/alpha.ljcreate.com\/product\/sin%20categor\u00eda\/complete-electronics-workstation-includes-320-00-to-320-61\/"},"modified":"2024-10-11T15:08:32","modified_gmt":"2024-10-11T14:08:32","slug":"complete-electronics-workstation-includes-320-00-to-320-61","status":"publish","type":"product","link":"https:\/\/ljcreate.com\/es\/engineering\/complete-electronics-workstation-includes-320-00-to-320-61\/","title":{"rendered":"Estaci\u00f3n de trabajo electr\u00f3nica completa (incluye 320-00 a 320-61)"},"content":{"rendered":"<p>La Estaci\u00f3n de trabajo electr\u00f3nica completa (320-10) comprende un entrenador de estudio de electr\u00f3nica y un conjunto de componentes, y una gama de tarjetas de experimentaci\u00f3n enchufables. El entrenador se entrega con un disco de plan de estudios digital que proporciona un curso completo de estudio de electr\u00f3nica.<\/p>\n<p>El dise\u00f1o \u00fanico del entrenador incluye una carcasa resistente con cubierta protectora transparente. Cuando est\u00e1 en uso, la cubierta se pliega hacia atr\u00e1s para proporcionar un soporte en \u00e1ngulo para la unidad. Con la cubierta cerrada, las zapatillas se pueden apilar para un f\u00e1cil almacenamiento.<\/p>\n<h5>320-00 Instructor de estudios de electr\u00f3nica:<\/h5>\n<ul>\n<li>Todas las fuentes de alimentaci\u00f3n a bordo est\u00e1n protegidas contra cortocircuitos \/ sobrecargas<\/li>\n<li>Sistema de conexi\u00f3n para tarjetas de experimentaci\u00f3n enchufables<\/li>\n<li>\u00c1rea de parcheo para usar con el juego de componentes<\/li>\n<li>Las tarjetas de experimentaci\u00f3n y el \u00e1rea de parcheo se pueden usar juntas<\/li>\n<li>Instalaci\u00f3n de fallas conmutadas f\u00e1cil de usar para actividades de b\u00fasqueda de fallas en las tarjetas del entrenador y del experimento<\/li>\n<li>Generador de se\u00f1ales a bordo que proporciona fuentes de se\u00f1al de onda cuadrada y onda sinusoidal<\/li>\n<li>8 interruptores l\u00f3gicos y 2 interruptores de bot\u00f3n para usar como entradas de control<\/li>\n<li>Toma de fuerza de inserci\u00f3n cero para adaptarse a circuitos integrados de doble l\u00ednea<\/li>\n<li>Zumbador, LED blancos y rojos y auriculares<\/li>\n<li>OR (x2), AND y puertas de inversor<\/li>\n<li>Interruptor y rel\u00e9 de transistor<\/li>\n<li>8 LED de monitorizaci\u00f3n l\u00f3gica para mostrar salidas l\u00f3gicas<\/li>\n<li>2 monitores LED rojos y 2 verdes para actividades de simulaci\u00f3n de sem\u00e1foros<\/li>\n<li>2 pantallas de siete segmentos con decodificador \/ controladores<\/li>\n<li>El panel de conexi\u00f3n proporciona enchufes de 2 mm y 4 mm, pines de prueba para sondas de osciloscopio y conector para alimentar placas de prototipos<\/li>\n<li>Incluye cables de conexi\u00f3n, enlaces de cortocircuito y adaptador de fuente de alimentaci\u00f3n<\/li>\n<\/ul>\n<h5>Se incluyen las siguientes tarjetas de experimentos:<\/h5>\n<ul>\n<li>Sistemas electr\u00f3nicos (320-01)<\/li>\n<li>Electromagnetismo (320-14)<\/li>\n<li>Transductores de Entrada <span class=\"fl-heading-text\">(320-15)<\/span><\/li>\n<li>Diodos y transistores (320-21)<\/li>\n<li>Amplificadores de transistores (320-22)<\/li>\n<li>Amplificadores operacionales (320-31)<\/li>\n<li>Circuitos integrados anal\u00f3gicos (320-32)<\/li>\n<li>L\u00f3gica combinacional (320-41)<\/li>\n<li>L\u00f3gica secuencial (320-42)<\/li>\n<li>Sistemas A \/ DD \/ A (320-43)<\/li>\n<li>Sistemas de codificador \/ decodificador (320-44)<\/li>\n<li>Sistemas de multiplexor \/ demultiplexor (320-45)<\/li>\n<li><span class=\"fl-heading-text\">Se\u00f1ales de Modulaci\u00f3n por Amplitud de Pulsos (320-50)<\/span><\/li>\n<li>Comunicaciones electr\u00f3nicas (320-51)<\/li>\n<li>Comunicaciones PAM \/ TDM (320-55)<\/li>\n<li>Programador y aplicaciones PIC (320-61)<\/li>\n<\/ul>\n","protected":false},"excerpt":{"rendered":"<p>La Estaci\u00f3n de trabajo electr\u00f3nica completa (320-10) comprende un entrenador de estudio de electr\u00f3nica y un conjunto de componentes, y una gama de tarjetas de experimentaci\u00f3n enchufables. El entrenador se entrega con un disco de plan de estudios digital que proporciona un curso completo de estudio de electr\u00f3nica. El dise\u00f1o \u00fanico del entrenador incluye una&hellip;<\/p>\n","protected":false},"featured_media":59092,"template":"","meta":{"_acf_changed":false,"inline_featured_image":false},"product_brand":[],"product_cat":[58,106,80,125,138,141],"product_tag":[],"class_list":{"0":"post-26819","1":"product","2":"type-product","3":"status-publish","4":"has-post-thumbnail","6":"product_cat-engineering","7":"product_cat-core-electronics-systems","8":"product_cat-engineering-uk","9":"product_cat-core-electronics-system","10":"product_cat-engineering-es","11":"product_cat-core-electronics-system-es","13":"first","14":"instock","15":"shipping-taxable","16":"product-type-simple"},"acf":[],"yoast_head":"<!-- This site is optimized with the Yoast SEO plugin v27.3 - https:\/\/yoast.com\/product\/yoast-seo-wordpress\/ -->\n<title>Estaci\u00f3n de trabajo electr\u00f3nica completa (incluye 320-00 a 320-61) | LJ Create<\/title>\n<meta name=\"robots\" content=\"index, follow, max-snippet:-1, max-image-preview:large, max-video-preview:-1\" \/>\n<link rel=\"canonical\" href=\"https:\/\/ljcreate.com\/es\/engineering\/complete-electronics-workstation-includes-320-00-to-320-61\/\" \/>\n<meta property=\"og:locale\" content=\"es_ES\" \/>\n<meta property=\"og:type\" content=\"article\" \/>\n<meta property=\"og:title\" content=\"Estaci\u00f3n de trabajo electr\u00f3nica completa (incluye 320-00 a 320-61) | LJ Create\" \/>\n<meta property=\"og:description\" content=\"La Estaci\u00f3n de trabajo electr\u00f3nica completa (320-10) comprende un entrenador de estudio de electr\u00f3nica y un conjunto de componentes, y una gama de tarjetas de experimentaci\u00f3n enchufables. El entrenador se entrega con un disco de plan de estudios digital que proporciona un curso completo de estudio de electr\u00f3nica. El dise\u00f1o \u00fanico del entrenador incluye una&hellip;\" \/>\n<meta property=\"og:url\" content=\"https:\/\/ljcreate.com\/es\/engineering\/complete-electronics-workstation-includes-320-00-to-320-61\/\" \/>\n<meta property=\"og:site_name\" content=\"LJ Create\" \/>\n<meta property=\"article:modified_time\" content=\"2024-10-11T14:08:32+00:00\" \/>\n<meta property=\"og:image\" content=\"https:\/\/ljcreate.com\/wp-content\/uploads\/2021\/08\/completeElectronicsWorkstation-4.webp\" \/>\n\t<meta property=\"og:image:width\" content=\"1080\" \/>\n\t<meta property=\"og:image:height\" content=\"529\" \/>\n\t<meta property=\"og:image:type\" content=\"image\/webp\" \/>\n<meta name=\"twitter:card\" content=\"summary_large_image\" \/>\n<meta name=\"twitter:label1\" content=\"Tiempo de lectura\" \/>\n\t<meta name=\"twitter:data1\" content=\"2 minutos\" \/>\n<script type=\"application\/ld+json\" class=\"yoast-schema-graph\">{\"@context\":\"https:\\\/\\\/schema.org\",\"@graph\":[{\"@type\":\"WebPage\",\"@id\":\"https:\\\/\\\/ljcreate.com\\\/es\\\/engineering\\\/complete-electronics-workstation-includes-320-00-to-320-61\\\/\",\"url\":\"https:\\\/\\\/ljcreate.com\\\/es\\\/engineering\\\/complete-electronics-workstation-includes-320-00-to-320-61\\\/\",\"name\":\"Estaci\u00f3n de trabajo electr\u00f3nica completa (incluye 320-00 a 320-61) | LJ Create\",\"isPartOf\":{\"@id\":\"https:\\\/\\\/ljcreate.com\\\/es\\\/#website\"},\"primaryImageOfPage\":{\"@id\":\"https:\\\/\\\/ljcreate.com\\\/es\\\/engineering\\\/complete-electronics-workstation-includes-320-00-to-320-61\\\/#primaryimage\"},\"image\":{\"@id\":\"https:\\\/\\\/ljcreate.com\\\/es\\\/engineering\\\/complete-electronics-workstation-includes-320-00-to-320-61\\\/#primaryimage\"},\"thumbnailUrl\":\"https:\\\/\\\/ljcreate.com\\\/wp-content\\\/uploads\\\/2021\\\/08\\\/completeElectronicsWorkstation-4.webp\",\"datePublished\":\"2021-08-24T18:02:55+00:00\",\"dateModified\":\"2024-10-11T14:08:32+00:00\",\"breadcrumb\":{\"@id\":\"https:\\\/\\\/ljcreate.com\\\/es\\\/engineering\\\/complete-electronics-workstation-includes-320-00-to-320-61\\\/#breadcrumb\"},\"inLanguage\":\"es\",\"potentialAction\":[{\"@type\":\"ReadAction\",\"target\":[\"https:\\\/\\\/ljcreate.com\\\/es\\\/engineering\\\/complete-electronics-workstation-includes-320-00-to-320-61\\\/\"]}]},{\"@type\":\"ImageObject\",\"inLanguage\":\"es\",\"@id\":\"https:\\\/\\\/ljcreate.com\\\/es\\\/engineering\\\/complete-electronics-workstation-includes-320-00-to-320-61\\\/#primaryimage\",\"url\":\"https:\\\/\\\/ljcreate.com\\\/wp-content\\\/uploads\\\/2021\\\/08\\\/completeElectronicsWorkstation-4.webp\",\"contentUrl\":\"https:\\\/\\\/ljcreate.com\\\/wp-content\\\/uploads\\\/2021\\\/08\\\/completeElectronicsWorkstation-4.webp\",\"width\":1080,\"height\":529,\"caption\":\"Complete Electronics Workstation\"},{\"@type\":\"BreadcrumbList\",\"@id\":\"https:\\\/\\\/ljcreate.com\\\/es\\\/engineering\\\/complete-electronics-workstation-includes-320-00-to-320-61\\\/#breadcrumb\",\"itemListElement\":[{\"@type\":\"ListItem\",\"position\":1,\"name\":\"Home\",\"item\":\"https:\\\/\\\/ljcreate.com\\\/es\\\/\"},{\"@type\":\"ListItem\",\"position\":2,\"name\":\"Productos\",\"item\":\"https:\\\/\\\/ljcreate.com\\\/es\\\/shop\\\/\"},{\"@type\":\"ListItem\",\"position\":3,\"name\":\"Engineering\",\"item\":\"https:\\\/\\\/ljcreate.com\\\/uk\\\/product-category\\\/engineering\\\/\"},{\"@type\":\"ListItem\",\"position\":4,\"name\":\"Estaci\u00f3n de trabajo electr\u00f3nica completa (incluye 320-00 a 320-61)\"}]},{\"@type\":\"WebSite\",\"@id\":\"https:\\\/\\\/ljcreate.com\\\/es\\\/#website\",\"url\":\"https:\\\/\\\/ljcreate.com\\\/es\\\/\",\"name\":\"LJ Create\",\"description\":\"Innovate, Inspire, and Engage\",\"publisher\":{\"@id\":\"https:\\\/\\\/ljcreate.com\\\/es\\\/#organization\"},\"alternateName\":\"Creative Learning (Norwich) Limited\",\"potentialAction\":[{\"@type\":\"SearchAction\",\"target\":{\"@type\":\"EntryPoint\",\"urlTemplate\":\"https:\\\/\\\/ljcreate.com\\\/es\\\/?s={search_term_string}\"},\"query-input\":{\"@type\":\"PropertyValueSpecification\",\"valueRequired\":true,\"valueName\":\"search_term_string\"}}],\"inLanguage\":\"es\"},{\"@type\":\"Organization\",\"@id\":\"https:\\\/\\\/ljcreate.com\\\/es\\\/#organization\",\"name\":\"LJ Create\",\"url\":\"https:\\\/\\\/ljcreate.com\\\/es\\\/\",\"logo\":{\"@type\":\"ImageObject\",\"inLanguage\":\"es\",\"@id\":\"https:\\\/\\\/ljcreate.com\\\/es\\\/#\\\/schema\\\/logo\\\/image\\\/\",\"url\":\"https:\\\/\\\/ljcreate.com\\\/wp-content\\\/uploads\\\/2021\\\/07\\\/logo.svg\",\"contentUrl\":\"https:\\\/\\\/ljcreate.com\\\/wp-content\\\/uploads\\\/2021\\\/07\\\/logo.svg\",\"width\":\"1024\",\"height\":\"1024\",\"caption\":\"LJ Create\"},\"image\":{\"@id\":\"https:\\\/\\\/ljcreate.com\\\/es\\\/#\\\/schema\\\/logo\\\/image\\\/\"}}]}<\/script>\n<!-- \/ Yoast SEO plugin. -->","yoast_head_json":{"title":"Estaci\u00f3n de trabajo electr\u00f3nica completa (incluye 320-00 a 320-61) | LJ Create","robots":{"index":"index","follow":"follow","max-snippet":"max-snippet:-1","max-image-preview":"max-image-preview:large","max-video-preview":"max-video-preview:-1"},"canonical":"https:\/\/ljcreate.com\/es\/engineering\/complete-electronics-workstation-includes-320-00-to-320-61\/","og_locale":"es_ES","og_type":"article","og_title":"Estaci\u00f3n de trabajo electr\u00f3nica completa (incluye 320-00 a 320-61) | LJ Create","og_description":"La Estaci\u00f3n de trabajo electr\u00f3nica completa (320-10) comprende un entrenador de estudio de electr\u00f3nica y un conjunto de componentes, y una gama de tarjetas de experimentaci\u00f3n enchufables. El entrenador se entrega con un disco de plan de estudios digital que proporciona un curso completo de estudio de electr\u00f3nica. El dise\u00f1o \u00fanico del entrenador incluye una&hellip;","og_url":"https:\/\/ljcreate.com\/es\/engineering\/complete-electronics-workstation-includes-320-00-to-320-61\/","og_site_name":"LJ Create","article_modified_time":"2024-10-11T14:08:32+00:00","og_image":[{"width":1080,"height":529,"url":"https:\/\/ljcreate.com\/wp-content\/uploads\/2021\/08\/completeElectronicsWorkstation-4.webp","type":"image\/webp"}],"twitter_card":"summary_large_image","twitter_misc":{"Tiempo de lectura":"2 minutos"},"schema":{"@context":"https:\/\/schema.org","@graph":[{"@type":"WebPage","@id":"https:\/\/ljcreate.com\/es\/engineering\/complete-electronics-workstation-includes-320-00-to-320-61\/","url":"https:\/\/ljcreate.com\/es\/engineering\/complete-electronics-workstation-includes-320-00-to-320-61\/","name":"Estaci\u00f3n de trabajo electr\u00f3nica completa (incluye 320-00 a 320-61) | LJ Create","isPartOf":{"@id":"https:\/\/ljcreate.com\/es\/#website"},"primaryImageOfPage":{"@id":"https:\/\/ljcreate.com\/es\/engineering\/complete-electronics-workstation-includes-320-00-to-320-61\/#primaryimage"},"image":{"@id":"https:\/\/ljcreate.com\/es\/engineering\/complete-electronics-workstation-includes-320-00-to-320-61\/#primaryimage"},"thumbnailUrl":"https:\/\/ljcreate.com\/wp-content\/uploads\/2021\/08\/completeElectronicsWorkstation-4.webp","datePublished":"2021-08-24T18:02:55+00:00","dateModified":"2024-10-11T14:08:32+00:00","breadcrumb":{"@id":"https:\/\/ljcreate.com\/es\/engineering\/complete-electronics-workstation-includes-320-00-to-320-61\/#breadcrumb"},"inLanguage":"es","potentialAction":[{"@type":"ReadAction","target":["https:\/\/ljcreate.com\/es\/engineering\/complete-electronics-workstation-includes-320-00-to-320-61\/"]}]},{"@type":"ImageObject","inLanguage":"es","@id":"https:\/\/ljcreate.com\/es\/engineering\/complete-electronics-workstation-includes-320-00-to-320-61\/#primaryimage","url":"https:\/\/ljcreate.com\/wp-content\/uploads\/2021\/08\/completeElectronicsWorkstation-4.webp","contentUrl":"https:\/\/ljcreate.com\/wp-content\/uploads\/2021\/08\/completeElectronicsWorkstation-4.webp","width":1080,"height":529,"caption":"Complete Electronics Workstation"},{"@type":"BreadcrumbList","@id":"https:\/\/ljcreate.com\/es\/engineering\/complete-electronics-workstation-includes-320-00-to-320-61\/#breadcrumb","itemListElement":[{"@type":"ListItem","position":1,"name":"Home","item":"https:\/\/ljcreate.com\/es\/"},{"@type":"ListItem","position":2,"name":"Productos","item":"https:\/\/ljcreate.com\/es\/shop\/"},{"@type":"ListItem","position":3,"name":"Engineering","item":"https:\/\/ljcreate.com\/uk\/product-category\/engineering\/"},{"@type":"ListItem","position":4,"name":"Estaci\u00f3n de trabajo electr\u00f3nica completa (incluye 320-00 a 320-61)"}]},{"@type":"WebSite","@id":"https:\/\/ljcreate.com\/es\/#website","url":"https:\/\/ljcreate.com\/es\/","name":"LJ Create","description":"Innovate, Inspire, and Engage","publisher":{"@id":"https:\/\/ljcreate.com\/es\/#organization"},"alternateName":"Creative Learning (Norwich) Limited","potentialAction":[{"@type":"SearchAction","target":{"@type":"EntryPoint","urlTemplate":"https:\/\/ljcreate.com\/es\/?s={search_term_string}"},"query-input":{"@type":"PropertyValueSpecification","valueRequired":true,"valueName":"search_term_string"}}],"inLanguage":"es"},{"@type":"Organization","@id":"https:\/\/ljcreate.com\/es\/#organization","name":"LJ Create","url":"https:\/\/ljcreate.com\/es\/","logo":{"@type":"ImageObject","inLanguage":"es","@id":"https:\/\/ljcreate.com\/es\/#\/schema\/logo\/image\/","url":"https:\/\/ljcreate.com\/wp-content\/uploads\/2021\/07\/logo.svg","contentUrl":"https:\/\/ljcreate.com\/wp-content\/uploads\/2021\/07\/logo.svg","width":"1024","height":"1024","caption":"LJ Create"},"image":{"@id":"https:\/\/ljcreate.com\/es\/#\/schema\/logo\/image\/"}}]}},"_links":{"self":[{"href":"https:\/\/ljcreate.com\/es\/wp-json\/wp\/v2\/product\/26819","targetHints":{"allow":["GET"]}}],"collection":[{"href":"https:\/\/ljcreate.com\/es\/wp-json\/wp\/v2\/product"}],"about":[{"href":"https:\/\/ljcreate.com\/es\/wp-json\/wp\/v2\/types\/product"}],"wp:featuredmedia":[{"embeddable":true,"href":"https:\/\/ljcreate.com\/es\/wp-json\/wp\/v2\/media\/59092"}],"wp:attachment":[{"href":"https:\/\/ljcreate.com\/es\/wp-json\/wp\/v2\/media?parent=26819"}],"wp:term":[{"taxonomy":"product_brand","embeddable":true,"href":"https:\/\/ljcreate.com\/es\/wp-json\/wp\/v2\/product_brand?post=26819"},{"taxonomy":"product_cat","embeddable":true,"href":"https:\/\/ljcreate.com\/es\/wp-json\/wp\/v2\/product_cat?post=26819"},{"taxonomy":"product_tag","embeddable":true,"href":"https:\/\/ljcreate.com\/es\/wp-json\/wp\/v2\/product_tag?post=26819"}],"curies":[{"name":"wp","href":"https:\/\/api.w.org\/{rel}","templated":true}]}}