{"id":26781,"date":"2021-08-25T05:42:00","date_gmt":"2021-08-25T10:42:00","guid":{"rendered":"https:\/\/alpha.ljcreate.com\/product\/sin%20categor\u00eda\/transistor-amplifiers-study-module\/"},"modified":"2023-07-05T16:49:59","modified_gmt":"2023-07-05T15:49:59","slug":"transistor-amplifiers-study-module","status":"publish","type":"product","link":"https:\/\/ljcreate.com\/es\/engineering\/transistor-amplifiers-study-module\/","title":{"rendered":"M\u00f3dulo de estudio de amplificadores de transistores"},"content":{"rendered":"<h5>M\u00f3dulo de estudio de amplificadores de transistores (303-25) &#8211; Las actividades t\u00edpicas incluyen:<\/h5>\n<ul>\n<li>Determinar los valores que se utilizar\u00e1n para los componentes del circuito del amplificador de transistores.<\/li>\n<li>Investigar los efectos de la retroalimentaci\u00f3n de CA de corriente en serie en un amplificador polarizado por divisor de potencial base<\/li>\n<li>Diagnosticar una falla en un circuito amplificador de transistor de dos etapas directamente acoplado<\/li>\n<li>Investigar el comportamiento de CA de un amplificador de clase variable en los modos de Clase A, B y AB<\/li>\n<li>Identificar los usos de transformadores en circuitos amplificadores de una o varias etapas.<\/li>\n<li>Investigar el comportamiento de CA de un amplificador de carga sintonizado con factor Q variable<\/li>\n<li>Investigar el acoplamiento indirecto en un amplificador de doble sinton\u00eda<\/li>\n<li>Detecci\u00f3n de fallas de circuitos amplificadores de transistores avanzados<\/li>\n<\/ul>\n<p>Tenga en cuenta que este recurso requiere acceso a una plataforma de experimentos (300-01).<\/p>\n","protected":false},"excerpt":{"rendered":"<p>M\u00f3dulo de estudio de amplificadores de transistores (303-25) &#8211; Las actividades t\u00edpicas incluyen: Determinar los valores que se utilizar\u00e1n para los componentes del circuito del amplificador de transistores. Investigar los efectos de la retroalimentaci\u00f3n de CA de corriente en serie en un amplificador polarizado por divisor de potencial base Diagnosticar una falla en un circuito&hellip;<\/p>\n","protected":false},"featured_media":20527,"template":"","meta":{"_acf_changed":false,"inline_featured_image":false},"product_brand":[],"product_cat":[58,108,80,126,138,139],"product_tag":[],"class_list":{"0":"post-26781","1":"product","2":"type-product","3":"status-publish","4":"has-post-thumbnail","6":"product_cat-engineering","7":"product_cat-advanced-electronics-systems","8":"product_cat-engineering-uk","9":"product_cat-advanced-electronics-system","10":"product_cat-engineering-es","11":"product_cat-advanced-electronics-system-es","13":"first","14":"instock","15":"shipping-taxable","16":"product-type-simple"},"acf":[],"yoast_head":"<!-- This site is optimized with the Yoast SEO plugin v27.3 - https:\/\/yoast.com\/product\/yoast-seo-wordpress\/ -->\n<title>M\u00f3dulo de estudio de amplificadores de transistores | LJ Create<\/title>\n<meta name=\"robots\" content=\"index, follow, max-snippet:-1, max-image-preview:large, max-video-preview:-1\" \/>\n<link rel=\"canonical\" href=\"https:\/\/ljcreate.com\/es\/engineering\/transistor-amplifiers-study-module\/\" \/>\n<meta property=\"og:locale\" content=\"es_ES\" \/>\n<meta property=\"og:type\" content=\"article\" \/>\n<meta property=\"og:title\" content=\"M\u00f3dulo de estudio de amplificadores de transistores | LJ Create\" \/>\n<meta property=\"og:description\" content=\"M\u00f3dulo de estudio de amplificadores de transistores (303-25) &#8211; Las actividades t\u00edpicas incluyen: Determinar los valores que se utilizar\u00e1n para los componentes del circuito del amplificador de transistores. Investigar los efectos de la retroalimentaci\u00f3n de CA de corriente en serie en un amplificador polarizado por divisor de potencial base Diagnosticar una falla en un circuito&hellip;\" \/>\n<meta property=\"og:url\" content=\"https:\/\/ljcreate.com\/es\/engineering\/transistor-amplifiers-study-module\/\" \/>\n<meta property=\"og:site_name\" content=\"LJ Create\" \/>\n<meta property=\"article:modified_time\" content=\"2023-07-05T15:49:59+00:00\" \/>\n<meta property=\"og:image\" content=\"https:\/\/ljcreate.com\/wp-content\/uploads\/2021\/08\/303-25_Main.jpg\" \/>\n\t<meta property=\"og:image:width\" content=\"1800\" \/>\n\t<meta property=\"og:image:height\" content=\"881\" \/>\n\t<meta property=\"og:image:type\" content=\"image\/jpeg\" \/>\n<meta name=\"twitter:card\" content=\"summary_large_image\" \/>\n<meta name=\"twitter:label1\" content=\"Tiempo de lectura\" \/>\n\t<meta name=\"twitter:data1\" content=\"1 minuto\" \/>\n<script type=\"application\/ld+json\" class=\"yoast-schema-graph\">{\"@context\":\"https:\\\/\\\/schema.org\",\"@graph\":[{\"@type\":\"WebPage\",\"@id\":\"https:\\\/\\\/ljcreate.com\\\/es\\\/engineering\\\/transistor-amplifiers-study-module\\\/\",\"url\":\"https:\\\/\\\/ljcreate.com\\\/es\\\/engineering\\\/transistor-amplifiers-study-module\\\/\",\"name\":\"M\u00f3dulo de estudio de amplificadores de transistores | LJ Create\",\"isPartOf\":{\"@id\":\"https:\\\/\\\/ljcreate.com\\\/es\\\/#website\"},\"primaryImageOfPage\":{\"@id\":\"https:\\\/\\\/ljcreate.com\\\/es\\\/engineering\\\/transistor-amplifiers-study-module\\\/#primaryimage\"},\"image\":{\"@id\":\"https:\\\/\\\/ljcreate.com\\\/es\\\/engineering\\\/transistor-amplifiers-study-module\\\/#primaryimage\"},\"thumbnailUrl\":\"https:\\\/\\\/ljcreate.com\\\/wp-content\\\/uploads\\\/2021\\\/08\\\/303-25_Main.jpg\",\"datePublished\":\"2021-08-25T10:42:00+00:00\",\"dateModified\":\"2023-07-05T15:49:59+00:00\",\"breadcrumb\":{\"@id\":\"https:\\\/\\\/ljcreate.com\\\/es\\\/engineering\\\/transistor-amplifiers-study-module\\\/#breadcrumb\"},\"inLanguage\":\"es\",\"potentialAction\":[{\"@type\":\"ReadAction\",\"target\":[\"https:\\\/\\\/ljcreate.com\\\/es\\\/engineering\\\/transistor-amplifiers-study-module\\\/\"]}]},{\"@type\":\"ImageObject\",\"inLanguage\":\"es\",\"@id\":\"https:\\\/\\\/ljcreate.com\\\/es\\\/engineering\\\/transistor-amplifiers-study-module\\\/#primaryimage\",\"url\":\"https:\\\/\\\/ljcreate.com\\\/wp-content\\\/uploads\\\/2021\\\/08\\\/303-25_Main.jpg\",\"contentUrl\":\"https:\\\/\\\/ljcreate.com\\\/wp-content\\\/uploads\\\/2021\\\/08\\\/303-25_Main.jpg\",\"width\":1800,\"height\":881,\"caption\":\"303-25\"},{\"@type\":\"BreadcrumbList\",\"@id\":\"https:\\\/\\\/ljcreate.com\\\/es\\\/engineering\\\/transistor-amplifiers-study-module\\\/#breadcrumb\",\"itemListElement\":[{\"@type\":\"ListItem\",\"position\":1,\"name\":\"Home\",\"item\":\"https:\\\/\\\/ljcreate.com\\\/es\\\/\"},{\"@type\":\"ListItem\",\"position\":2,\"name\":\"Productos\",\"item\":\"https:\\\/\\\/ljcreate.com\\\/es\\\/shop\\\/\"},{\"@type\":\"ListItem\",\"position\":3,\"name\":\"Engineering\",\"item\":\"https:\\\/\\\/ljcreate.com\\\/uk\\\/product-category\\\/engineering\\\/\"},{\"@type\":\"ListItem\",\"position\":4,\"name\":\"M\u00f3dulo de estudio de amplificadores de transistores\"}]},{\"@type\":\"WebSite\",\"@id\":\"https:\\\/\\\/ljcreate.com\\\/es\\\/#website\",\"url\":\"https:\\\/\\\/ljcreate.com\\\/es\\\/\",\"name\":\"LJ Create\",\"description\":\"Innovate, Inspire, and Engage\",\"publisher\":{\"@id\":\"https:\\\/\\\/ljcreate.com\\\/es\\\/#organization\"},\"alternateName\":\"Creative Learning (Norwich) Limited\",\"potentialAction\":[{\"@type\":\"SearchAction\",\"target\":{\"@type\":\"EntryPoint\",\"urlTemplate\":\"https:\\\/\\\/ljcreate.com\\\/es\\\/?s={search_term_string}\"},\"query-input\":{\"@type\":\"PropertyValueSpecification\",\"valueRequired\":true,\"valueName\":\"search_term_string\"}}],\"inLanguage\":\"es\"},{\"@type\":\"Organization\",\"@id\":\"https:\\\/\\\/ljcreate.com\\\/es\\\/#organization\",\"name\":\"LJ Create\",\"url\":\"https:\\\/\\\/ljcreate.com\\\/es\\\/\",\"logo\":{\"@type\":\"ImageObject\",\"inLanguage\":\"es\",\"@id\":\"https:\\\/\\\/ljcreate.com\\\/es\\\/#\\\/schema\\\/logo\\\/image\\\/\",\"url\":\"https:\\\/\\\/ljcreate.com\\\/wp-content\\\/uploads\\\/2021\\\/07\\\/logo.svg\",\"contentUrl\":\"https:\\\/\\\/ljcreate.com\\\/wp-content\\\/uploads\\\/2021\\\/07\\\/logo.svg\",\"width\":\"1024\",\"height\":\"1024\",\"caption\":\"LJ Create\"},\"image\":{\"@id\":\"https:\\\/\\\/ljcreate.com\\\/es\\\/#\\\/schema\\\/logo\\\/image\\\/\"}}]}<\/script>\n<!-- \/ Yoast SEO plugin. -->","yoast_head_json":{"title":"M\u00f3dulo de estudio de amplificadores de transistores | LJ Create","robots":{"index":"index","follow":"follow","max-snippet":"max-snippet:-1","max-image-preview":"max-image-preview:large","max-video-preview":"max-video-preview:-1"},"canonical":"https:\/\/ljcreate.com\/es\/engineering\/transistor-amplifiers-study-module\/","og_locale":"es_ES","og_type":"article","og_title":"M\u00f3dulo de estudio de amplificadores de transistores | LJ Create","og_description":"M\u00f3dulo de estudio de amplificadores de transistores (303-25) &#8211; Las actividades t\u00edpicas incluyen: Determinar los valores que se utilizar\u00e1n para los componentes del circuito del amplificador de transistores. Investigar los efectos de la retroalimentaci\u00f3n de CA de corriente en serie en un amplificador polarizado por divisor de potencial base Diagnosticar una falla en un circuito&hellip;","og_url":"https:\/\/ljcreate.com\/es\/engineering\/transistor-amplifiers-study-module\/","og_site_name":"LJ Create","article_modified_time":"2023-07-05T15:49:59+00:00","og_image":[{"width":1800,"height":881,"url":"https:\/\/ljcreate.com\/wp-content\/uploads\/2021\/08\/303-25_Main.jpg","type":"image\/jpeg"}],"twitter_card":"summary_large_image","twitter_misc":{"Tiempo de lectura":"1 minuto"},"schema":{"@context":"https:\/\/schema.org","@graph":[{"@type":"WebPage","@id":"https:\/\/ljcreate.com\/es\/engineering\/transistor-amplifiers-study-module\/","url":"https:\/\/ljcreate.com\/es\/engineering\/transistor-amplifiers-study-module\/","name":"M\u00f3dulo de estudio de amplificadores de transistores | LJ Create","isPartOf":{"@id":"https:\/\/ljcreate.com\/es\/#website"},"primaryImageOfPage":{"@id":"https:\/\/ljcreate.com\/es\/engineering\/transistor-amplifiers-study-module\/#primaryimage"},"image":{"@id":"https:\/\/ljcreate.com\/es\/engineering\/transistor-amplifiers-study-module\/#primaryimage"},"thumbnailUrl":"https:\/\/ljcreate.com\/wp-content\/uploads\/2021\/08\/303-25_Main.jpg","datePublished":"2021-08-25T10:42:00+00:00","dateModified":"2023-07-05T15:49:59+00:00","breadcrumb":{"@id":"https:\/\/ljcreate.com\/es\/engineering\/transistor-amplifiers-study-module\/#breadcrumb"},"inLanguage":"es","potentialAction":[{"@type":"ReadAction","target":["https:\/\/ljcreate.com\/es\/engineering\/transistor-amplifiers-study-module\/"]}]},{"@type":"ImageObject","inLanguage":"es","@id":"https:\/\/ljcreate.com\/es\/engineering\/transistor-amplifiers-study-module\/#primaryimage","url":"https:\/\/ljcreate.com\/wp-content\/uploads\/2021\/08\/303-25_Main.jpg","contentUrl":"https:\/\/ljcreate.com\/wp-content\/uploads\/2021\/08\/303-25_Main.jpg","width":1800,"height":881,"caption":"303-25"},{"@type":"BreadcrumbList","@id":"https:\/\/ljcreate.com\/es\/engineering\/transistor-amplifiers-study-module\/#breadcrumb","itemListElement":[{"@type":"ListItem","position":1,"name":"Home","item":"https:\/\/ljcreate.com\/es\/"},{"@type":"ListItem","position":2,"name":"Productos","item":"https:\/\/ljcreate.com\/es\/shop\/"},{"@type":"ListItem","position":3,"name":"Engineering","item":"https:\/\/ljcreate.com\/uk\/product-category\/engineering\/"},{"@type":"ListItem","position":4,"name":"M\u00f3dulo de estudio de amplificadores de transistores"}]},{"@type":"WebSite","@id":"https:\/\/ljcreate.com\/es\/#website","url":"https:\/\/ljcreate.com\/es\/","name":"LJ Create","description":"Innovate, Inspire, and Engage","publisher":{"@id":"https:\/\/ljcreate.com\/es\/#organization"},"alternateName":"Creative Learning (Norwich) Limited","potentialAction":[{"@type":"SearchAction","target":{"@type":"EntryPoint","urlTemplate":"https:\/\/ljcreate.com\/es\/?s={search_term_string}"},"query-input":{"@type":"PropertyValueSpecification","valueRequired":true,"valueName":"search_term_string"}}],"inLanguage":"es"},{"@type":"Organization","@id":"https:\/\/ljcreate.com\/es\/#organization","name":"LJ Create","url":"https:\/\/ljcreate.com\/es\/","logo":{"@type":"ImageObject","inLanguage":"es","@id":"https:\/\/ljcreate.com\/es\/#\/schema\/logo\/image\/","url":"https:\/\/ljcreate.com\/wp-content\/uploads\/2021\/07\/logo.svg","contentUrl":"https:\/\/ljcreate.com\/wp-content\/uploads\/2021\/07\/logo.svg","width":"1024","height":"1024","caption":"LJ Create"},"image":{"@id":"https:\/\/ljcreate.com\/es\/#\/schema\/logo\/image\/"}}]}},"_links":{"self":[{"href":"https:\/\/ljcreate.com\/es\/wp-json\/wp\/v2\/product\/26781","targetHints":{"allow":["GET"]}}],"collection":[{"href":"https:\/\/ljcreate.com\/es\/wp-json\/wp\/v2\/product"}],"about":[{"href":"https:\/\/ljcreate.com\/es\/wp-json\/wp\/v2\/types\/product"}],"wp:featuredmedia":[{"embeddable":true,"href":"https:\/\/ljcreate.com\/es\/wp-json\/wp\/v2\/media\/20527"}],"wp:attachment":[{"href":"https:\/\/ljcreate.com\/es\/wp-json\/wp\/v2\/media?parent=26781"}],"wp:term":[{"taxonomy":"product_brand","embeddable":true,"href":"https:\/\/ljcreate.com\/es\/wp-json\/wp\/v2\/product_brand?post=26781"},{"taxonomy":"product_cat","embeddable":true,"href":"https:\/\/ljcreate.com\/es\/wp-json\/wp\/v2\/product_cat?post=26781"},{"taxonomy":"product_tag","embeddable":true,"href":"https:\/\/ljcreate.com\/es\/wp-json\/wp\/v2\/product_tag?post=26781"}],"curies":[{"name":"wp","href":"https:\/\/api.w.org\/{rel}","templated":true}]}}