{"id":26780,"date":"2021-08-25T05:47:28","date_gmt":"2021-08-25T10:47:28","guid":{"rendered":"https:\/\/alpha.ljcreate.com\/product\/sin%20categor\u00eda\/optoelectronic-devices-study-module\/"},"modified":"2023-07-05T16:49:20","modified_gmt":"2023-07-05T15:49:20","slug":"optoelectronic-devices-study-module","status":"publish","type":"product","link":"https:\/\/ljcreate.com\/es\/engineering\/optoelectronic-devices-study-module\/","title":{"rendered":"M\u00f3dulo de estudio de dispositivos optoelectr\u00f3nicos"},"content":{"rendered":"<h5>M\u00f3dulo de estudio de dispositivos optoelectr\u00f3nicos (303-24) &#8211; Las actividades t\u00edpicas incluyen:<\/h5>\n<ul>\n<li>Mida la disipaci\u00f3n de energ\u00eda de los LED rojos y verdes<\/li>\n<li>Interpretar la curva IV de un LED<\/li>\n<li>Identificar el funcionamiento de una pantalla de gr\u00e1fico de barras<\/li>\n<li>Identificar las caracter\u00edsticas operativas de una pantalla LCD<\/li>\n<li>Diagnosticar fallas en circuitos compuestos<\/li>\n<li>Determine la resistencia LDR con luz ambiental variable<\/li>\n<li>Identificar la respuesta de una c\u00e9lula fotoconductora a la luz que incide sobre ella.<\/li>\n<li>Mida el voltaje de salida del fototransistor para niveles altos y bajos de iluminaci\u00f3n<\/li>\n<li>Determinar mediante medici\u00f3n y c\u00e1lculo los par\u00e1metros y el funcionamiento de un sistema lector de c\u00f3digos de barras.<\/li>\n<li>Circuitos optoelectr\u00f3nicos de detecci\u00f3n de fallas<\/li>\n<\/ul>\n<p>Tenga en cuenta que este recurso requiere acceso a una plataforma de experimentos (300-01).<\/p>\n","protected":false},"excerpt":{"rendered":"<p>M\u00f3dulo de estudio de dispositivos optoelectr\u00f3nicos (303-24) &#8211; Las actividades t\u00edpicas incluyen: Mida la disipaci\u00f3n de energ\u00eda de los LED rojos y verdes Interpretar la curva IV de un LED Identificar el funcionamiento de una pantalla de gr\u00e1fico de barras Identificar las caracter\u00edsticas operativas de una pantalla LCD Diagnosticar fallas en circuitos compuestos Determine la&hellip;<\/p>\n","protected":false},"featured_media":20538,"template":"","meta":{"_acf_changed":false,"inline_featured_image":false},"product_brand":[],"product_cat":[58,108,80,126,138,139],"product_tag":[],"class_list":{"0":"post-26780","1":"product","2":"type-product","3":"status-publish","4":"has-post-thumbnail","6":"product_cat-engineering","7":"product_cat-advanced-electronics-systems","8":"product_cat-engineering-uk","9":"product_cat-advanced-electronics-system","10":"product_cat-engineering-es","11":"product_cat-advanced-electronics-system-es","13":"first","14":"instock","15":"shipping-taxable","16":"product-type-simple"},"acf":[],"yoast_head":"<!-- This site is optimized with the Yoast SEO plugin v27.3 - https:\/\/yoast.com\/product\/yoast-seo-wordpress\/ -->\n<title>M\u00f3dulo de estudio de dispositivos optoelectr\u00f3nicos | LJ Create<\/title>\n<meta name=\"robots\" content=\"index, follow, max-snippet:-1, max-image-preview:large, max-video-preview:-1\" \/>\n<link rel=\"canonical\" href=\"https:\/\/ljcreate.com\/es\/engineering\/optoelectronic-devices-study-module\/\" \/>\n<meta property=\"og:locale\" content=\"es_ES\" \/>\n<meta property=\"og:type\" content=\"article\" \/>\n<meta property=\"og:title\" content=\"M\u00f3dulo de estudio de dispositivos optoelectr\u00f3nicos | LJ Create\" \/>\n<meta property=\"og:description\" content=\"M\u00f3dulo de estudio de dispositivos optoelectr\u00f3nicos (303-24) &#8211; Las actividades t\u00edpicas incluyen: Mida la disipaci\u00f3n de energ\u00eda de los LED rojos y verdes Interpretar la curva IV de un LED Identificar el funcionamiento de una pantalla de gr\u00e1fico de barras Identificar las caracter\u00edsticas operativas de una pantalla LCD Diagnosticar fallas en circuitos compuestos Determine la&hellip;\" \/>\n<meta property=\"og:url\" content=\"https:\/\/ljcreate.com\/es\/engineering\/optoelectronic-devices-study-module\/\" \/>\n<meta property=\"og:site_name\" content=\"LJ Create\" \/>\n<meta property=\"article:modified_time\" content=\"2023-07-05T15:49:20+00:00\" \/>\n<meta property=\"og:image\" content=\"https:\/\/ljcreate.com\/wp-content\/uploads\/2021\/08\/303-24_Main.jpg\" \/>\n\t<meta property=\"og:image:width\" content=\"1800\" \/>\n\t<meta property=\"og:image:height\" content=\"881\" \/>\n\t<meta property=\"og:image:type\" content=\"image\/jpeg\" \/>\n<meta name=\"twitter:card\" content=\"summary_large_image\" \/>\n<meta name=\"twitter:label1\" content=\"Tiempo de lectura\" \/>\n\t<meta name=\"twitter:data1\" content=\"1 minuto\" \/>\n<script type=\"application\/ld+json\" class=\"yoast-schema-graph\">{\"@context\":\"https:\\\/\\\/schema.org\",\"@graph\":[{\"@type\":\"WebPage\",\"@id\":\"https:\\\/\\\/ljcreate.com\\\/es\\\/engineering\\\/optoelectronic-devices-study-module\\\/\",\"url\":\"https:\\\/\\\/ljcreate.com\\\/es\\\/engineering\\\/optoelectronic-devices-study-module\\\/\",\"name\":\"M\u00f3dulo de estudio de dispositivos optoelectr\u00f3nicos | LJ Create\",\"isPartOf\":{\"@id\":\"https:\\\/\\\/ljcreate.com\\\/es\\\/#website\"},\"primaryImageOfPage\":{\"@id\":\"https:\\\/\\\/ljcreate.com\\\/es\\\/engineering\\\/optoelectronic-devices-study-module\\\/#primaryimage\"},\"image\":{\"@id\":\"https:\\\/\\\/ljcreate.com\\\/es\\\/engineering\\\/optoelectronic-devices-study-module\\\/#primaryimage\"},\"thumbnailUrl\":\"https:\\\/\\\/ljcreate.com\\\/wp-content\\\/uploads\\\/2021\\\/08\\\/303-24_Main.jpg\",\"datePublished\":\"2021-08-25T10:47:28+00:00\",\"dateModified\":\"2023-07-05T15:49:20+00:00\",\"breadcrumb\":{\"@id\":\"https:\\\/\\\/ljcreate.com\\\/es\\\/engineering\\\/optoelectronic-devices-study-module\\\/#breadcrumb\"},\"inLanguage\":\"es\",\"potentialAction\":[{\"@type\":\"ReadAction\",\"target\":[\"https:\\\/\\\/ljcreate.com\\\/es\\\/engineering\\\/optoelectronic-devices-study-module\\\/\"]}]},{\"@type\":\"ImageObject\",\"inLanguage\":\"es\",\"@id\":\"https:\\\/\\\/ljcreate.com\\\/es\\\/engineering\\\/optoelectronic-devices-study-module\\\/#primaryimage\",\"url\":\"https:\\\/\\\/ljcreate.com\\\/wp-content\\\/uploads\\\/2021\\\/08\\\/303-24_Main.jpg\",\"contentUrl\":\"https:\\\/\\\/ljcreate.com\\\/wp-content\\\/uploads\\\/2021\\\/08\\\/303-24_Main.jpg\",\"width\":1800,\"height\":881,\"caption\":\"303-24\"},{\"@type\":\"BreadcrumbList\",\"@id\":\"https:\\\/\\\/ljcreate.com\\\/es\\\/engineering\\\/optoelectronic-devices-study-module\\\/#breadcrumb\",\"itemListElement\":[{\"@type\":\"ListItem\",\"position\":1,\"name\":\"Home\",\"item\":\"https:\\\/\\\/ljcreate.com\\\/es\\\/\"},{\"@type\":\"ListItem\",\"position\":2,\"name\":\"Productos\",\"item\":\"https:\\\/\\\/ljcreate.com\\\/es\\\/shop\\\/\"},{\"@type\":\"ListItem\",\"position\":3,\"name\":\"Engineering\",\"item\":\"https:\\\/\\\/ljcreate.com\\\/product-category\\\/engineering\\\/\"},{\"@type\":\"ListItem\",\"position\":4,\"name\":\"M\u00f3dulo de estudio de dispositivos optoelectr\u00f3nicos\"}]},{\"@type\":\"WebSite\",\"@id\":\"https:\\\/\\\/ljcreate.com\\\/es\\\/#website\",\"url\":\"https:\\\/\\\/ljcreate.com\\\/es\\\/\",\"name\":\"LJ Create\",\"description\":\"Innovate, Inspire, and Engage\",\"publisher\":{\"@id\":\"https:\\\/\\\/ljcreate.com\\\/es\\\/#organization\"},\"alternateName\":\"Creative Learning (Norwich) Limited\",\"potentialAction\":[{\"@type\":\"SearchAction\",\"target\":{\"@type\":\"EntryPoint\",\"urlTemplate\":\"https:\\\/\\\/ljcreate.com\\\/es\\\/?s={search_term_string}\"},\"query-input\":{\"@type\":\"PropertyValueSpecification\",\"valueRequired\":true,\"valueName\":\"search_term_string\"}}],\"inLanguage\":\"es\"},{\"@type\":\"Organization\",\"@id\":\"https:\\\/\\\/ljcreate.com\\\/es\\\/#organization\",\"name\":\"LJ Create\",\"url\":\"https:\\\/\\\/ljcreate.com\\\/es\\\/\",\"logo\":{\"@type\":\"ImageObject\",\"inLanguage\":\"es\",\"@id\":\"https:\\\/\\\/ljcreate.com\\\/es\\\/#\\\/schema\\\/logo\\\/image\\\/\",\"url\":\"https:\\\/\\\/ljcreate.com\\\/wp-content\\\/uploads\\\/2021\\\/07\\\/logo.svg\",\"contentUrl\":\"https:\\\/\\\/ljcreate.com\\\/wp-content\\\/uploads\\\/2021\\\/07\\\/logo.svg\",\"width\":\"1024\",\"height\":\"1024\",\"caption\":\"LJ Create\"},\"image\":{\"@id\":\"https:\\\/\\\/ljcreate.com\\\/es\\\/#\\\/schema\\\/logo\\\/image\\\/\"}}]}<\/script>\n<!-- \/ Yoast SEO plugin. -->","yoast_head_json":{"title":"M\u00f3dulo de estudio de dispositivos optoelectr\u00f3nicos | LJ Create","robots":{"index":"index","follow":"follow","max-snippet":"max-snippet:-1","max-image-preview":"max-image-preview:large","max-video-preview":"max-video-preview:-1"},"canonical":"https:\/\/ljcreate.com\/es\/engineering\/optoelectronic-devices-study-module\/","og_locale":"es_ES","og_type":"article","og_title":"M\u00f3dulo de estudio de dispositivos optoelectr\u00f3nicos | LJ Create","og_description":"M\u00f3dulo de estudio de dispositivos optoelectr\u00f3nicos (303-24) &#8211; Las actividades t\u00edpicas incluyen: Mida la disipaci\u00f3n de energ\u00eda de los LED rojos y verdes Interpretar la curva IV de un LED Identificar el funcionamiento de una pantalla de gr\u00e1fico de barras Identificar las caracter\u00edsticas operativas de una pantalla LCD Diagnosticar fallas en circuitos compuestos Determine la&hellip;","og_url":"https:\/\/ljcreate.com\/es\/engineering\/optoelectronic-devices-study-module\/","og_site_name":"LJ Create","article_modified_time":"2023-07-05T15:49:20+00:00","og_image":[{"width":1800,"height":881,"url":"https:\/\/ljcreate.com\/wp-content\/uploads\/2021\/08\/303-24_Main.jpg","type":"image\/jpeg"}],"twitter_card":"summary_large_image","twitter_misc":{"Tiempo de lectura":"1 minuto"},"schema":{"@context":"https:\/\/schema.org","@graph":[{"@type":"WebPage","@id":"https:\/\/ljcreate.com\/es\/engineering\/optoelectronic-devices-study-module\/","url":"https:\/\/ljcreate.com\/es\/engineering\/optoelectronic-devices-study-module\/","name":"M\u00f3dulo de estudio de dispositivos optoelectr\u00f3nicos | LJ Create","isPartOf":{"@id":"https:\/\/ljcreate.com\/es\/#website"},"primaryImageOfPage":{"@id":"https:\/\/ljcreate.com\/es\/engineering\/optoelectronic-devices-study-module\/#primaryimage"},"image":{"@id":"https:\/\/ljcreate.com\/es\/engineering\/optoelectronic-devices-study-module\/#primaryimage"},"thumbnailUrl":"https:\/\/ljcreate.com\/wp-content\/uploads\/2021\/08\/303-24_Main.jpg","datePublished":"2021-08-25T10:47:28+00:00","dateModified":"2023-07-05T15:49:20+00:00","breadcrumb":{"@id":"https:\/\/ljcreate.com\/es\/engineering\/optoelectronic-devices-study-module\/#breadcrumb"},"inLanguage":"es","potentialAction":[{"@type":"ReadAction","target":["https:\/\/ljcreate.com\/es\/engineering\/optoelectronic-devices-study-module\/"]}]},{"@type":"ImageObject","inLanguage":"es","@id":"https:\/\/ljcreate.com\/es\/engineering\/optoelectronic-devices-study-module\/#primaryimage","url":"https:\/\/ljcreate.com\/wp-content\/uploads\/2021\/08\/303-24_Main.jpg","contentUrl":"https:\/\/ljcreate.com\/wp-content\/uploads\/2021\/08\/303-24_Main.jpg","width":1800,"height":881,"caption":"303-24"},{"@type":"BreadcrumbList","@id":"https:\/\/ljcreate.com\/es\/engineering\/optoelectronic-devices-study-module\/#breadcrumb","itemListElement":[{"@type":"ListItem","position":1,"name":"Home","item":"https:\/\/ljcreate.com\/es\/"},{"@type":"ListItem","position":2,"name":"Productos","item":"https:\/\/ljcreate.com\/es\/shop\/"},{"@type":"ListItem","position":3,"name":"Engineering","item":"https:\/\/ljcreate.com\/product-category\/engineering\/"},{"@type":"ListItem","position":4,"name":"M\u00f3dulo de estudio de dispositivos optoelectr\u00f3nicos"}]},{"@type":"WebSite","@id":"https:\/\/ljcreate.com\/es\/#website","url":"https:\/\/ljcreate.com\/es\/","name":"LJ Create","description":"Innovate, Inspire, and Engage","publisher":{"@id":"https:\/\/ljcreate.com\/es\/#organization"},"alternateName":"Creative Learning (Norwich) Limited","potentialAction":[{"@type":"SearchAction","target":{"@type":"EntryPoint","urlTemplate":"https:\/\/ljcreate.com\/es\/?s={search_term_string}"},"query-input":{"@type":"PropertyValueSpecification","valueRequired":true,"valueName":"search_term_string"}}],"inLanguage":"es"},{"@type":"Organization","@id":"https:\/\/ljcreate.com\/es\/#organization","name":"LJ Create","url":"https:\/\/ljcreate.com\/es\/","logo":{"@type":"ImageObject","inLanguage":"es","@id":"https:\/\/ljcreate.com\/es\/#\/schema\/logo\/image\/","url":"https:\/\/ljcreate.com\/wp-content\/uploads\/2021\/07\/logo.svg","contentUrl":"https:\/\/ljcreate.com\/wp-content\/uploads\/2021\/07\/logo.svg","width":"1024","height":"1024","caption":"LJ Create"},"image":{"@id":"https:\/\/ljcreate.com\/es\/#\/schema\/logo\/image\/"}}]}},"_links":{"self":[{"href":"https:\/\/ljcreate.com\/es\/wp-json\/wp\/v2\/product\/26780","targetHints":{"allow":["GET"]}}],"collection":[{"href":"https:\/\/ljcreate.com\/es\/wp-json\/wp\/v2\/product"}],"about":[{"href":"https:\/\/ljcreate.com\/es\/wp-json\/wp\/v2\/types\/product"}],"wp:featuredmedia":[{"embeddable":true,"href":"https:\/\/ljcreate.com\/es\/wp-json\/wp\/v2\/media\/20538"}],"wp:attachment":[{"href":"https:\/\/ljcreate.com\/es\/wp-json\/wp\/v2\/media?parent=26780"}],"wp:term":[{"taxonomy":"product_brand","embeddable":true,"href":"https:\/\/ljcreate.com\/es\/wp-json\/wp\/v2\/product_brand?post=26780"},{"taxonomy":"product_cat","embeddable":true,"href":"https:\/\/ljcreate.com\/es\/wp-json\/wp\/v2\/product_cat?post=26780"},{"taxonomy":"product_tag","embeddable":true,"href":"https:\/\/ljcreate.com\/es\/wp-json\/wp\/v2\/product_tag?post=26780"}],"curies":[{"name":"wp","href":"https:\/\/api.w.org\/{rel}","templated":true}]}}