{"id":26754,"date":"2021-08-25T06:38:14","date_gmt":"2021-08-25T11:38:14","guid":{"rendered":"https:\/\/alpha.ljcreate.com\/product\/sin%20categor\u00eda\/breadboard-module\/"},"modified":"2023-07-05T16:30:34","modified_gmt":"2023-07-05T15:30:34","slug":"breadboard-module","status":"publish","type":"product","link":"https:\/\/ljcreate.com\/es\/engineering\/breadboard-module\/","title":{"rendered":"M\u00f3dulo de tablero"},"content":{"rendered":"<p>La M\u00f3dulo de tablero (300-04) est\u00e1 alojada en una caja de almacenamiento moldeada por inyecci\u00f3n y se suministra con un conjunto de enlaces de cables para interconexiones de circuitos. Estos enlaces est\u00e1n hechos de cable est\u00e1ndar de 0,6 mm y est\u00e1n en una variedad de longitudes codificadas por colores para simplificar la construcci\u00f3n del circuito.<\/p>\n<p>El m\u00f3dulo es ideal para actividades que requieren que los estudiantes manejen e interconecten componentes electr\u00f3nicos reales, como tareas pr\u00e1cticas o trabajos de proyectos de los estudiantes.<\/p>\n<h5>Los circuitos de soporte incorporados incluyen:<\/h5>\n<ul>\n<li>Fuentes l\u00f3gicas (ocho interruptores binarios, dos interruptores pulsadores con b\u00fafer, dos inversores).<\/li>\n<li>Se\u00f1al de reloj de frecuencia variable.<\/li>\n<li>Amplificador de audio y altavoz.<\/li>\n<li>Condensador variable.<\/li>\n<li>Interruptores no comprometidos (un pulsador, dos conmutadores).<\/li>\n<li>Resistencias variables.<\/li>\n<li>Ocho LED de monitorizaci\u00f3n l\u00f3gica con b\u00fafer.<\/li>\n<li>Acceso a fuentes de alimentaci\u00f3n de la unidad base y rel\u00e9s de funci\u00f3n (falla).<\/li>\n<li>Panel de conexi\u00f3n para mult\u00edmetros y osciloscopio.<\/li>\n<\/ul>\n","protected":false},"excerpt":{"rendered":"<p>La M\u00f3dulo de tablero (300-04) est\u00e1 alojada en una caja de almacenamiento moldeada por inyecci\u00f3n y se suministra con un conjunto de enlaces de cables para interconexiones de circuitos. Estos enlaces est\u00e1n hechos de cable est\u00e1ndar de 0,6 mm y est\u00e1n en una variedad de longitudes codificadas por colores para simplificar la construcci\u00f3n del circuito.&hellip;<\/p>\n","protected":false},"featured_media":20664,"template":"","meta":{"_acf_changed":false,"inline_featured_image":false},"product_brand":[],"product_cat":[58,108,80,126,138,139],"product_tag":[],"class_list":{"0":"post-26754","1":"product","2":"type-product","3":"status-publish","4":"has-post-thumbnail","6":"product_cat-engineering","7":"product_cat-advanced-electronics-systems","8":"product_cat-engineering-uk","9":"product_cat-advanced-electronics-system","10":"product_cat-engineering-es","11":"product_cat-advanced-electronics-system-es","13":"first","14":"instock","15":"shipping-taxable","16":"product-type-simple"},"acf":[],"yoast_head":"<!-- This site is optimized with the Yoast SEO plugin v27.3 - https:\/\/yoast.com\/product\/yoast-seo-wordpress\/ -->\n<title>M\u00f3dulo de tablero | LJ Create<\/title>\n<meta name=\"robots\" content=\"index, follow, max-snippet:-1, max-image-preview:large, max-video-preview:-1\" \/>\n<link rel=\"canonical\" href=\"https:\/\/ljcreate.com\/es\/engineering\/breadboard-module\/\" \/>\n<meta property=\"og:locale\" content=\"es_ES\" \/>\n<meta property=\"og:type\" content=\"article\" \/>\n<meta property=\"og:title\" content=\"M\u00f3dulo de tablero | LJ Create\" \/>\n<meta property=\"og:description\" content=\"La M\u00f3dulo de tablero (300-04) est\u00e1 alojada en una caja de almacenamiento moldeada por inyecci\u00f3n y se suministra con un conjunto de enlaces de cables para interconexiones de circuitos. Estos enlaces est\u00e1n hechos de cable est\u00e1ndar de 0,6 mm y est\u00e1n en una variedad de longitudes codificadas por colores para simplificar la construcci\u00f3n del circuito.&hellip;\" \/>\n<meta property=\"og:url\" content=\"https:\/\/ljcreate.com\/es\/engineering\/breadboard-module\/\" \/>\n<meta property=\"og:site_name\" content=\"LJ Create\" \/>\n<meta property=\"article:modified_time\" content=\"2023-07-05T15:30:34+00:00\" \/>\n<meta property=\"og:image\" content=\"https:\/\/ljcreate.com\/wp-content\/uploads\/2021\/08\/300-04_Main.jpg\" \/>\n\t<meta property=\"og:image:width\" content=\"1800\" \/>\n\t<meta property=\"og:image:height\" content=\"881\" \/>\n\t<meta property=\"og:image:type\" content=\"image\/jpeg\" \/>\n<meta name=\"twitter:card\" content=\"summary_large_image\" \/>\n<meta name=\"twitter:label1\" content=\"Tiempo de lectura\" \/>\n\t<meta name=\"twitter:data1\" content=\"1 minuto\" \/>\n<script type=\"application\/ld+json\" class=\"yoast-schema-graph\">{\"@context\":\"https:\\\/\\\/schema.org\",\"@graph\":[{\"@type\":\"WebPage\",\"@id\":\"https:\\\/\\\/ljcreate.com\\\/es\\\/engineering\\\/breadboard-module\\\/\",\"url\":\"https:\\\/\\\/ljcreate.com\\\/es\\\/engineering\\\/breadboard-module\\\/\",\"name\":\"M\u00f3dulo de tablero | LJ Create\",\"isPartOf\":{\"@id\":\"https:\\\/\\\/ljcreate.com\\\/es\\\/#website\"},\"primaryImageOfPage\":{\"@id\":\"https:\\\/\\\/ljcreate.com\\\/es\\\/engineering\\\/breadboard-module\\\/#primaryimage\"},\"image\":{\"@id\":\"https:\\\/\\\/ljcreate.com\\\/es\\\/engineering\\\/breadboard-module\\\/#primaryimage\"},\"thumbnailUrl\":\"https:\\\/\\\/ljcreate.com\\\/wp-content\\\/uploads\\\/2021\\\/08\\\/300-04_Main.jpg\",\"datePublished\":\"2021-08-25T11:38:14+00:00\",\"dateModified\":\"2023-07-05T15:30:34+00:00\",\"breadcrumb\":{\"@id\":\"https:\\\/\\\/ljcreate.com\\\/es\\\/engineering\\\/breadboard-module\\\/#breadcrumb\"},\"inLanguage\":\"es\",\"potentialAction\":[{\"@type\":\"ReadAction\",\"target\":[\"https:\\\/\\\/ljcreate.com\\\/es\\\/engineering\\\/breadboard-module\\\/\"]}]},{\"@type\":\"ImageObject\",\"inLanguage\":\"es\",\"@id\":\"https:\\\/\\\/ljcreate.com\\\/es\\\/engineering\\\/breadboard-module\\\/#primaryimage\",\"url\":\"https:\\\/\\\/ljcreate.com\\\/wp-content\\\/uploads\\\/2021\\\/08\\\/300-04_Main.jpg\",\"contentUrl\":\"https:\\\/\\\/ljcreate.com\\\/wp-content\\\/uploads\\\/2021\\\/08\\\/300-04_Main.jpg\",\"width\":1800,\"height\":881,\"caption\":\"Breadboard Module\"},{\"@type\":\"BreadcrumbList\",\"@id\":\"https:\\\/\\\/ljcreate.com\\\/es\\\/engineering\\\/breadboard-module\\\/#breadcrumb\",\"itemListElement\":[{\"@type\":\"ListItem\",\"position\":1,\"name\":\"Home\",\"item\":\"https:\\\/\\\/ljcreate.com\\\/es\\\/\"},{\"@type\":\"ListItem\",\"position\":2,\"name\":\"Productos\",\"item\":\"https:\\\/\\\/ljcreate.com\\\/es\\\/shop\\\/\"},{\"@type\":\"ListItem\",\"position\":3,\"name\":\"Engineering\",\"item\":\"https:\\\/\\\/ljcreate.com\\\/uk\\\/product-category\\\/engineering\\\/\"},{\"@type\":\"ListItem\",\"position\":4,\"name\":\"M\u00f3dulo de tablero\"}]},{\"@type\":\"WebSite\",\"@id\":\"https:\\\/\\\/ljcreate.com\\\/es\\\/#website\",\"url\":\"https:\\\/\\\/ljcreate.com\\\/es\\\/\",\"name\":\"LJ Create\",\"description\":\"Innovate, Inspire, and Engage\",\"publisher\":{\"@id\":\"https:\\\/\\\/ljcreate.com\\\/es\\\/#organization\"},\"alternateName\":\"Creative Learning (Norwich) Limited\",\"potentialAction\":[{\"@type\":\"SearchAction\",\"target\":{\"@type\":\"EntryPoint\",\"urlTemplate\":\"https:\\\/\\\/ljcreate.com\\\/es\\\/?s={search_term_string}\"},\"query-input\":{\"@type\":\"PropertyValueSpecification\",\"valueRequired\":true,\"valueName\":\"search_term_string\"}}],\"inLanguage\":\"es\"},{\"@type\":\"Organization\",\"@id\":\"https:\\\/\\\/ljcreate.com\\\/es\\\/#organization\",\"name\":\"LJ Create\",\"url\":\"https:\\\/\\\/ljcreate.com\\\/es\\\/\",\"logo\":{\"@type\":\"ImageObject\",\"inLanguage\":\"es\",\"@id\":\"https:\\\/\\\/ljcreate.com\\\/es\\\/#\\\/schema\\\/logo\\\/image\\\/\",\"url\":\"https:\\\/\\\/ljcreate.com\\\/wp-content\\\/uploads\\\/2021\\\/07\\\/logo.svg\",\"contentUrl\":\"https:\\\/\\\/ljcreate.com\\\/wp-content\\\/uploads\\\/2021\\\/07\\\/logo.svg\",\"width\":\"1024\",\"height\":\"1024\",\"caption\":\"LJ Create\"},\"image\":{\"@id\":\"https:\\\/\\\/ljcreate.com\\\/es\\\/#\\\/schema\\\/logo\\\/image\\\/\"}}]}<\/script>\n<!-- \/ Yoast SEO plugin. -->","yoast_head_json":{"title":"M\u00f3dulo de tablero | LJ Create","robots":{"index":"index","follow":"follow","max-snippet":"max-snippet:-1","max-image-preview":"max-image-preview:large","max-video-preview":"max-video-preview:-1"},"canonical":"https:\/\/ljcreate.com\/es\/engineering\/breadboard-module\/","og_locale":"es_ES","og_type":"article","og_title":"M\u00f3dulo de tablero | LJ Create","og_description":"La M\u00f3dulo de tablero (300-04) est\u00e1 alojada en una caja de almacenamiento moldeada por inyecci\u00f3n y se suministra con un conjunto de enlaces de cables para interconexiones de circuitos. Estos enlaces est\u00e1n hechos de cable est\u00e1ndar de 0,6 mm y est\u00e1n en una variedad de longitudes codificadas por colores para simplificar la construcci\u00f3n del circuito.&hellip;","og_url":"https:\/\/ljcreate.com\/es\/engineering\/breadboard-module\/","og_site_name":"LJ Create","article_modified_time":"2023-07-05T15:30:34+00:00","og_image":[{"width":1800,"height":881,"url":"https:\/\/ljcreate.com\/wp-content\/uploads\/2021\/08\/300-04_Main.jpg","type":"image\/jpeg"}],"twitter_card":"summary_large_image","twitter_misc":{"Tiempo de lectura":"1 minuto"},"schema":{"@context":"https:\/\/schema.org","@graph":[{"@type":"WebPage","@id":"https:\/\/ljcreate.com\/es\/engineering\/breadboard-module\/","url":"https:\/\/ljcreate.com\/es\/engineering\/breadboard-module\/","name":"M\u00f3dulo de tablero | LJ Create","isPartOf":{"@id":"https:\/\/ljcreate.com\/es\/#website"},"primaryImageOfPage":{"@id":"https:\/\/ljcreate.com\/es\/engineering\/breadboard-module\/#primaryimage"},"image":{"@id":"https:\/\/ljcreate.com\/es\/engineering\/breadboard-module\/#primaryimage"},"thumbnailUrl":"https:\/\/ljcreate.com\/wp-content\/uploads\/2021\/08\/300-04_Main.jpg","datePublished":"2021-08-25T11:38:14+00:00","dateModified":"2023-07-05T15:30:34+00:00","breadcrumb":{"@id":"https:\/\/ljcreate.com\/es\/engineering\/breadboard-module\/#breadcrumb"},"inLanguage":"es","potentialAction":[{"@type":"ReadAction","target":["https:\/\/ljcreate.com\/es\/engineering\/breadboard-module\/"]}]},{"@type":"ImageObject","inLanguage":"es","@id":"https:\/\/ljcreate.com\/es\/engineering\/breadboard-module\/#primaryimage","url":"https:\/\/ljcreate.com\/wp-content\/uploads\/2021\/08\/300-04_Main.jpg","contentUrl":"https:\/\/ljcreate.com\/wp-content\/uploads\/2021\/08\/300-04_Main.jpg","width":1800,"height":881,"caption":"Breadboard Module"},{"@type":"BreadcrumbList","@id":"https:\/\/ljcreate.com\/es\/engineering\/breadboard-module\/#breadcrumb","itemListElement":[{"@type":"ListItem","position":1,"name":"Home","item":"https:\/\/ljcreate.com\/es\/"},{"@type":"ListItem","position":2,"name":"Productos","item":"https:\/\/ljcreate.com\/es\/shop\/"},{"@type":"ListItem","position":3,"name":"Engineering","item":"https:\/\/ljcreate.com\/uk\/product-category\/engineering\/"},{"@type":"ListItem","position":4,"name":"M\u00f3dulo de tablero"}]},{"@type":"WebSite","@id":"https:\/\/ljcreate.com\/es\/#website","url":"https:\/\/ljcreate.com\/es\/","name":"LJ Create","description":"Innovate, Inspire, and Engage","publisher":{"@id":"https:\/\/ljcreate.com\/es\/#organization"},"alternateName":"Creative Learning (Norwich) Limited","potentialAction":[{"@type":"SearchAction","target":{"@type":"EntryPoint","urlTemplate":"https:\/\/ljcreate.com\/es\/?s={search_term_string}"},"query-input":{"@type":"PropertyValueSpecification","valueRequired":true,"valueName":"search_term_string"}}],"inLanguage":"es"},{"@type":"Organization","@id":"https:\/\/ljcreate.com\/es\/#organization","name":"LJ Create","url":"https:\/\/ljcreate.com\/es\/","logo":{"@type":"ImageObject","inLanguage":"es","@id":"https:\/\/ljcreate.com\/es\/#\/schema\/logo\/image\/","url":"https:\/\/ljcreate.com\/wp-content\/uploads\/2021\/07\/logo.svg","contentUrl":"https:\/\/ljcreate.com\/wp-content\/uploads\/2021\/07\/logo.svg","width":"1024","height":"1024","caption":"LJ Create"},"image":{"@id":"https:\/\/ljcreate.com\/es\/#\/schema\/logo\/image\/"}}]}},"_links":{"self":[{"href":"https:\/\/ljcreate.com\/es\/wp-json\/wp\/v2\/product\/26754","targetHints":{"allow":["GET"]}}],"collection":[{"href":"https:\/\/ljcreate.com\/es\/wp-json\/wp\/v2\/product"}],"about":[{"href":"https:\/\/ljcreate.com\/es\/wp-json\/wp\/v2\/types\/product"}],"wp:featuredmedia":[{"embeddable":true,"href":"https:\/\/ljcreate.com\/es\/wp-json\/wp\/v2\/media\/20664"}],"wp:attachment":[{"href":"https:\/\/ljcreate.com\/es\/wp-json\/wp\/v2\/media?parent=26754"}],"wp:term":[{"taxonomy":"product_brand","embeddable":true,"href":"https:\/\/ljcreate.com\/es\/wp-json\/wp\/v2\/product_brand?post=26754"},{"taxonomy":"product_cat","embeddable":true,"href":"https:\/\/ljcreate.com\/es\/wp-json\/wp\/v2\/product_cat?post=26754"},{"taxonomy":"product_tag","embeddable":true,"href":"https:\/\/ljcreate.com\/es\/wp-json\/wp\/v2\/product_tag?post=26754"}],"curies":[{"name":"wp","href":"https:\/\/api.w.org\/{rel}","templated":true}]}}