{"id":26752,"date":"2021-08-25T06:47:05","date_gmt":"2021-08-25T11:47:05","guid":{"rendered":"https:\/\/alpha.ljcreate.com\/product\/sin%20categor\u00eda\/basic-electricity-study-module\/"},"modified":"2023-07-05T16:32:13","modified_gmt":"2023-07-05T15:32:13","slug":"basic-electricity-study-module","status":"publish","type":"product","link":"https:\/\/ljcreate.com\/es\/engineering\/basic-electricity-study-module\/","title":{"rendered":"M\u00f3dulo de estudio b\u00e1sico de electricidad"},"content":{"rendered":"<p>El M\u00f3dulo de estudio b\u00e1sico de electricidad (301-01) est\u00e1 dise\u00f1ado para introducir a los estudiantes a la electricidad y la electr\u00f3nica a trav\u00e9s de una amplia gama de actividades pr\u00e1cticas. Usando cualquiera de las Plataformas Experimentales, los usuarios pueden seleccionar entre una variedad de fallas para ser insertadas en los circuitos del m\u00f3dulo de estudio para desarrollar t\u00e9cnicas de diagn\u00f3stico y localizaci\u00f3n de fallas electr\u00f3nicas.<\/p>\n<p>Se suministra un estuche de archivo para un almacenamiento conveniente, as\u00ed como un CDROM que contiene versiones en PDF de los manuales para estudiantes e instructores. Estos manuales proporcionan material te\u00f3rico, tareas pr\u00e1cticas, actividades de b\u00fasqueda de fallos e informaci\u00f3n t\u00e9cnica.<\/p>\n<p>El tablero tambi\u00e9n se puede utilizar junto con nuestro software de ingenier\u00eda opcional basado en la nube, que ofrece presentaciones te\u00f3ricas interactivas en l\u00ednea, investigaciones y evaluaciones para respaldar el aprendizaje pr\u00e1ctico llevado a cabo en este recurso.<\/p>\n<h5>Los temas incluyen los siguientes:<\/h5>\n<ul>\n<li>S\u00edmbolos e interruptores<\/li>\n<li>Magnetismo y rel\u00e9s<\/li>\n<li>Medici\u00f3n de la electricidad<\/li>\n<li>L\u00e1mparas en serie y en paralelo<\/li>\n<li>Motores y generadores<\/li>\n<li>Termistores<\/li>\n<li>Localizaci\u00f3n de aver\u00edas<\/li>\n<\/ul>\n<h5>Las actividades t\u00edpicas incluyen:<\/h5>\n<ul>\n<li>Representar circuitos el\u00e9ctricos en diagramas.<\/li>\n<li>Configurar e investigar circuitos con interruptores<\/li>\n<li>Identifica que es el magnetismo<\/li>\n<li>Configurar e investigar un sistema de rel\u00e9s con pestillo<\/li>\n<li>Explica por qu\u00e9 los metales son buenos conductores.<\/li>\n<li>Explicar los campos electromagn\u00e9ticos y la diferencia de potencial<\/li>\n<li>Utilice un mult\u00edmetro para medir la corriente y el voltaje.<\/li>\n<li>Calcule los requisitos de corriente, voltaje y potencia de las l\u00e1mparas en serie y en paralelo<\/li>\n<li>Indique qu\u00e9 es la resistencia<\/li>\n<li>Reconocer la construcci\u00f3n \/ uso de resistencias variables<\/li>\n<li>Reconocer c\u00f3mo se puede usar un potenci\u00f3metro para establecer el voltaje en un componente<\/li>\n<li>Mida la corriente que fluye en un circuito.<\/li>\n<li>Mida y calcule la resistencia<\/li>\n<li>Indique la relaci\u00f3n entre la corriente el\u00e9ctrica y el campo magn\u00e9tico.<\/li>\n<li>Reconocer el efecto dinamo \/ generador<\/li>\n<li>Localizar fallas en circuitos el\u00e9ctricos simples<\/li>\n<\/ul>\n<h5>Elementos incluidos:<\/h5>\n<ul>\n<li>Tarjeta de circuito<\/li>\n<li>Estuche de almacenamiento<\/li>\n<li>Manuales en formato PDF en CDROM<\/li>\n<\/ul>\n<h5>Otros elementos necesarios:<\/h5>\n<ul>\n<li>300-01 Plataforma de experimentos de electr\u00f3nica avanzada<\/li>\n<li>Mult\u00edmetro digital<\/li>\n<\/ul>\n","protected":false},"excerpt":{"rendered":"<p>El M\u00f3dulo de estudio b\u00e1sico de electricidad (301-01) est\u00e1 dise\u00f1ado para introducir a los estudiantes a la electricidad y la electr\u00f3nica a trav\u00e9s de una amplia gama de actividades pr\u00e1cticas. Usando cualquiera de las Plataformas Experimentales, los usuarios pueden seleccionar entre una variedad de fallas para ser insertadas en los circuitos del m\u00f3dulo de estudio&hellip;<\/p>\n","protected":false},"featured_media":20679,"template":"","meta":{"_acf_changed":false,"inline_featured_image":false},"product_brand":[],"product_cat":[58,108,80,126,138,139],"product_tag":[],"class_list":{"0":"post-26752","1":"product","2":"type-product","3":"status-publish","4":"has-post-thumbnail","6":"product_cat-engineering","7":"product_cat-advanced-electronics-systems","8":"product_cat-engineering-uk","9":"product_cat-advanced-electronics-system","10":"product_cat-engineering-es","11":"product_cat-advanced-electronics-system-es","13":"first","14":"instock","15":"shipping-taxable","16":"product-type-simple"},"acf":[],"yoast_head":"<!-- This site is optimized with the Yoast SEO plugin v27.3 - https:\/\/yoast.com\/product\/yoast-seo-wordpress\/ -->\n<title>M\u00f3dulo de estudio b\u00e1sico de electricidad | LJ Create<\/title>\n<meta name=\"robots\" content=\"index, follow, max-snippet:-1, max-image-preview:large, max-video-preview:-1\" \/>\n<link rel=\"canonical\" href=\"https:\/\/ljcreate.com\/es\/engineering\/basic-electricity-study-module\/\" \/>\n<meta property=\"og:locale\" content=\"es_ES\" \/>\n<meta property=\"og:type\" content=\"article\" \/>\n<meta property=\"og:title\" content=\"M\u00f3dulo de estudio b\u00e1sico de electricidad | LJ Create\" \/>\n<meta property=\"og:description\" content=\"El M\u00f3dulo de estudio b\u00e1sico de electricidad (301-01) est\u00e1 dise\u00f1ado para introducir a los estudiantes a la electricidad y la electr\u00f3nica a trav\u00e9s de una amplia gama de actividades pr\u00e1cticas. Usando cualquiera de las Plataformas Experimentales, los usuarios pueden seleccionar entre una variedad de fallas para ser insertadas en los circuitos del m\u00f3dulo de estudio&hellip;\" \/>\n<meta property=\"og:url\" content=\"https:\/\/ljcreate.com\/es\/engineering\/basic-electricity-study-module\/\" \/>\n<meta property=\"og:site_name\" content=\"LJ Create\" \/>\n<meta property=\"article:modified_time\" content=\"2023-07-05T15:32:13+00:00\" \/>\n<meta property=\"og:image\" content=\"https:\/\/ljcreate.com\/wp-content\/uploads\/2021\/08\/301-01_Main1.jpg\" \/>\n\t<meta property=\"og:image:width\" content=\"1060\" \/>\n\t<meta property=\"og:image:height\" content=\"520\" \/>\n\t<meta property=\"og:image:type\" content=\"image\/jpeg\" \/>\n<meta name=\"twitter:card\" content=\"summary_large_image\" \/>\n<meta name=\"twitter:label1\" content=\"Tiempo de lectura\" \/>\n\t<meta name=\"twitter:data1\" content=\"2 minutos\" \/>\n<script type=\"application\/ld+json\" class=\"yoast-schema-graph\">{\"@context\":\"https:\\\/\\\/schema.org\",\"@graph\":[{\"@type\":\"WebPage\",\"@id\":\"https:\\\/\\\/ljcreate.com\\\/es\\\/engineering\\\/basic-electricity-study-module\\\/\",\"url\":\"https:\\\/\\\/ljcreate.com\\\/es\\\/engineering\\\/basic-electricity-study-module\\\/\",\"name\":\"M\u00f3dulo de estudio b\u00e1sico de electricidad | LJ Create\",\"isPartOf\":{\"@id\":\"https:\\\/\\\/ljcreate.com\\\/es\\\/#website\"},\"primaryImageOfPage\":{\"@id\":\"https:\\\/\\\/ljcreate.com\\\/es\\\/engineering\\\/basic-electricity-study-module\\\/#primaryimage\"},\"image\":{\"@id\":\"https:\\\/\\\/ljcreate.com\\\/es\\\/engineering\\\/basic-electricity-study-module\\\/#primaryimage\"},\"thumbnailUrl\":\"https:\\\/\\\/ljcreate.com\\\/wp-content\\\/uploads\\\/2021\\\/08\\\/301-01_Main1.jpg\",\"datePublished\":\"2021-08-25T11:47:05+00:00\",\"dateModified\":\"2023-07-05T15:32:13+00:00\",\"breadcrumb\":{\"@id\":\"https:\\\/\\\/ljcreate.com\\\/es\\\/engineering\\\/basic-electricity-study-module\\\/#breadcrumb\"},\"inLanguage\":\"es\",\"potentialAction\":[{\"@type\":\"ReadAction\",\"target\":[\"https:\\\/\\\/ljcreate.com\\\/es\\\/engineering\\\/basic-electricity-study-module\\\/\"]}]},{\"@type\":\"ImageObject\",\"inLanguage\":\"es\",\"@id\":\"https:\\\/\\\/ljcreate.com\\\/es\\\/engineering\\\/basic-electricity-study-module\\\/#primaryimage\",\"url\":\"https:\\\/\\\/ljcreate.com\\\/wp-content\\\/uploads\\\/2021\\\/08\\\/301-01_Main1.jpg\",\"contentUrl\":\"https:\\\/\\\/ljcreate.com\\\/wp-content\\\/uploads\\\/2021\\\/08\\\/301-01_Main1.jpg\",\"width\":1060,\"height\":520,\"caption\":\"Basic Electricity Study Module\"},{\"@type\":\"BreadcrumbList\",\"@id\":\"https:\\\/\\\/ljcreate.com\\\/es\\\/engineering\\\/basic-electricity-study-module\\\/#breadcrumb\",\"itemListElement\":[{\"@type\":\"ListItem\",\"position\":1,\"name\":\"Home\",\"item\":\"https:\\\/\\\/ljcreate.com\\\/es\\\/\"},{\"@type\":\"ListItem\",\"position\":2,\"name\":\"Productos\",\"item\":\"https:\\\/\\\/ljcreate.com\\\/es\\\/shop\\\/\"},{\"@type\":\"ListItem\",\"position\":3,\"name\":\"Engineering\",\"item\":\"https:\\\/\\\/ljcreate.com\\\/uk\\\/product-category\\\/engineering\\\/\"},{\"@type\":\"ListItem\",\"position\":4,\"name\":\"M\u00f3dulo de estudio b\u00e1sico de electricidad\"}]},{\"@type\":\"WebSite\",\"@id\":\"https:\\\/\\\/ljcreate.com\\\/es\\\/#website\",\"url\":\"https:\\\/\\\/ljcreate.com\\\/es\\\/\",\"name\":\"LJ Create\",\"description\":\"Innovate, Inspire, and Engage\",\"publisher\":{\"@id\":\"https:\\\/\\\/ljcreate.com\\\/es\\\/#organization\"},\"alternateName\":\"Creative Learning (Norwich) Limited\",\"potentialAction\":[{\"@type\":\"SearchAction\",\"target\":{\"@type\":\"EntryPoint\",\"urlTemplate\":\"https:\\\/\\\/ljcreate.com\\\/es\\\/?s={search_term_string}\"},\"query-input\":{\"@type\":\"PropertyValueSpecification\",\"valueRequired\":true,\"valueName\":\"search_term_string\"}}],\"inLanguage\":\"es\"},{\"@type\":\"Organization\",\"@id\":\"https:\\\/\\\/ljcreate.com\\\/es\\\/#organization\",\"name\":\"LJ Create\",\"url\":\"https:\\\/\\\/ljcreate.com\\\/es\\\/\",\"logo\":{\"@type\":\"ImageObject\",\"inLanguage\":\"es\",\"@id\":\"https:\\\/\\\/ljcreate.com\\\/es\\\/#\\\/schema\\\/logo\\\/image\\\/\",\"url\":\"https:\\\/\\\/ljcreate.com\\\/wp-content\\\/uploads\\\/2021\\\/07\\\/logo.svg\",\"contentUrl\":\"https:\\\/\\\/ljcreate.com\\\/wp-content\\\/uploads\\\/2021\\\/07\\\/logo.svg\",\"width\":\"1024\",\"height\":\"1024\",\"caption\":\"LJ Create\"},\"image\":{\"@id\":\"https:\\\/\\\/ljcreate.com\\\/es\\\/#\\\/schema\\\/logo\\\/image\\\/\"}}]}<\/script>\n<!-- \/ Yoast SEO plugin. -->","yoast_head_json":{"title":"M\u00f3dulo de estudio b\u00e1sico de electricidad | LJ Create","robots":{"index":"index","follow":"follow","max-snippet":"max-snippet:-1","max-image-preview":"max-image-preview:large","max-video-preview":"max-video-preview:-1"},"canonical":"https:\/\/ljcreate.com\/es\/engineering\/basic-electricity-study-module\/","og_locale":"es_ES","og_type":"article","og_title":"M\u00f3dulo de estudio b\u00e1sico de electricidad | LJ Create","og_description":"El M\u00f3dulo de estudio b\u00e1sico de electricidad (301-01) est\u00e1 dise\u00f1ado para introducir a los estudiantes a la electricidad y la electr\u00f3nica a trav\u00e9s de una amplia gama de actividades pr\u00e1cticas. Usando cualquiera de las Plataformas Experimentales, los usuarios pueden seleccionar entre una variedad de fallas para ser insertadas en los circuitos del m\u00f3dulo de estudio&hellip;","og_url":"https:\/\/ljcreate.com\/es\/engineering\/basic-electricity-study-module\/","og_site_name":"LJ Create","article_modified_time":"2023-07-05T15:32:13+00:00","og_image":[{"width":1060,"height":520,"url":"https:\/\/ljcreate.com\/wp-content\/uploads\/2021\/08\/301-01_Main1.jpg","type":"image\/jpeg"}],"twitter_card":"summary_large_image","twitter_misc":{"Tiempo de lectura":"2 minutos"},"schema":{"@context":"https:\/\/schema.org","@graph":[{"@type":"WebPage","@id":"https:\/\/ljcreate.com\/es\/engineering\/basic-electricity-study-module\/","url":"https:\/\/ljcreate.com\/es\/engineering\/basic-electricity-study-module\/","name":"M\u00f3dulo de estudio b\u00e1sico de electricidad | LJ Create","isPartOf":{"@id":"https:\/\/ljcreate.com\/es\/#website"},"primaryImageOfPage":{"@id":"https:\/\/ljcreate.com\/es\/engineering\/basic-electricity-study-module\/#primaryimage"},"image":{"@id":"https:\/\/ljcreate.com\/es\/engineering\/basic-electricity-study-module\/#primaryimage"},"thumbnailUrl":"https:\/\/ljcreate.com\/wp-content\/uploads\/2021\/08\/301-01_Main1.jpg","datePublished":"2021-08-25T11:47:05+00:00","dateModified":"2023-07-05T15:32:13+00:00","breadcrumb":{"@id":"https:\/\/ljcreate.com\/es\/engineering\/basic-electricity-study-module\/#breadcrumb"},"inLanguage":"es","potentialAction":[{"@type":"ReadAction","target":["https:\/\/ljcreate.com\/es\/engineering\/basic-electricity-study-module\/"]}]},{"@type":"ImageObject","inLanguage":"es","@id":"https:\/\/ljcreate.com\/es\/engineering\/basic-electricity-study-module\/#primaryimage","url":"https:\/\/ljcreate.com\/wp-content\/uploads\/2021\/08\/301-01_Main1.jpg","contentUrl":"https:\/\/ljcreate.com\/wp-content\/uploads\/2021\/08\/301-01_Main1.jpg","width":1060,"height":520,"caption":"Basic Electricity Study Module"},{"@type":"BreadcrumbList","@id":"https:\/\/ljcreate.com\/es\/engineering\/basic-electricity-study-module\/#breadcrumb","itemListElement":[{"@type":"ListItem","position":1,"name":"Home","item":"https:\/\/ljcreate.com\/es\/"},{"@type":"ListItem","position":2,"name":"Productos","item":"https:\/\/ljcreate.com\/es\/shop\/"},{"@type":"ListItem","position":3,"name":"Engineering","item":"https:\/\/ljcreate.com\/uk\/product-category\/engineering\/"},{"@type":"ListItem","position":4,"name":"M\u00f3dulo de estudio b\u00e1sico de electricidad"}]},{"@type":"WebSite","@id":"https:\/\/ljcreate.com\/es\/#website","url":"https:\/\/ljcreate.com\/es\/","name":"LJ Create","description":"Innovate, Inspire, and Engage","publisher":{"@id":"https:\/\/ljcreate.com\/es\/#organization"},"alternateName":"Creative Learning (Norwich) Limited","potentialAction":[{"@type":"SearchAction","target":{"@type":"EntryPoint","urlTemplate":"https:\/\/ljcreate.com\/es\/?s={search_term_string}"},"query-input":{"@type":"PropertyValueSpecification","valueRequired":true,"valueName":"search_term_string"}}],"inLanguage":"es"},{"@type":"Organization","@id":"https:\/\/ljcreate.com\/es\/#organization","name":"LJ Create","url":"https:\/\/ljcreate.com\/es\/","logo":{"@type":"ImageObject","inLanguage":"es","@id":"https:\/\/ljcreate.com\/es\/#\/schema\/logo\/image\/","url":"https:\/\/ljcreate.com\/wp-content\/uploads\/2021\/07\/logo.svg","contentUrl":"https:\/\/ljcreate.com\/wp-content\/uploads\/2021\/07\/logo.svg","width":"1024","height":"1024","caption":"LJ Create"},"image":{"@id":"https:\/\/ljcreate.com\/es\/#\/schema\/logo\/image\/"}}]}},"_links":{"self":[{"href":"https:\/\/ljcreate.com\/es\/wp-json\/wp\/v2\/product\/26752","targetHints":{"allow":["GET"]}}],"collection":[{"href":"https:\/\/ljcreate.com\/es\/wp-json\/wp\/v2\/product"}],"about":[{"href":"https:\/\/ljcreate.com\/es\/wp-json\/wp\/v2\/types\/product"}],"wp:featuredmedia":[{"embeddable":true,"href":"https:\/\/ljcreate.com\/es\/wp-json\/wp\/v2\/media\/20679"}],"wp:attachment":[{"href":"https:\/\/ljcreate.com\/es\/wp-json\/wp\/v2\/media?parent=26752"}],"wp:term":[{"taxonomy":"product_brand","embeddable":true,"href":"https:\/\/ljcreate.com\/es\/wp-json\/wp\/v2\/product_brand?post=26752"},{"taxonomy":"product_cat","embeddable":true,"href":"https:\/\/ljcreate.com\/es\/wp-json\/wp\/v2\/product_cat?post=26752"},{"taxonomy":"product_tag","embeddable":true,"href":"https:\/\/ljcreate.com\/es\/wp-json\/wp\/v2\/product_tag?post=26752"}],"curies":[{"name":"wp","href":"https:\/\/api.w.org\/{rel}","templated":true}]}}