{"id":26749,"date":"2021-08-25T07:05:37","date_gmt":"2021-08-25T12:05:37","guid":{"rendered":"https:\/\/alpha.ljcreate.com\/product\/sin%20categor\u00eda\/electrical-networks-study-module\/"},"modified":"2023-07-05T16:46:08","modified_gmt":"2023-07-05T15:46:08","slug":"electrical-networks-study-module","status":"publish","type":"product","link":"https:\/\/ljcreate.com\/es\/engineering\/electrical-networks-study-module\/","title":{"rendered":"M\u00f3dulo de estudio de redes el\u00e9ctricas"},"content":{"rendered":"<h5>M\u00f3dulo de estudio de redes el\u00e9ctricas (301-13) &#8211; las actividades t\u00edpicas incluyen:<\/h5>\n<ul>\n<li>Utilice los datos obtenidos por medici\u00f3n para determinar la resistencia interna de una fuente de CA<\/li>\n<li>Realice mediciones en una fuente de CC para determinar las condiciones de potencia m\u00e1xima<\/li>\n<li>Realice mediciones en una fuente de CA para determinar las condiciones de potencia m\u00e1xima<\/li>\n<li>Mida los voltajes en carga para un suministro de voltaje doble<\/li>\n<li>Aplicar el teorema de Norton a un circuito pr\u00e1ctico<\/li>\n<li>Utilice medidas pr\u00e1cticas para verificar el teorema de superposici\u00f3n.<\/li>\n<li>Diagnosticar fallas en redes resistivas<\/li>\n<li>Realice mediciones en un puente de DC Wheatstone<\/li>\n<li>Circuitos de suministro de energ\u00eda de localizaci\u00f3n de fallas<\/li>\n<\/ul>\n<p>Tenga en cuenta que este recurso requiere acceso a una plataforma de experimentos (300-01).<\/p>\n","protected":false},"excerpt":{"rendered":"<p>M\u00f3dulo de estudio de redes el\u00e9ctricas (301-13) &#8211; las actividades t\u00edpicas incluyen: Utilice los datos obtenidos por medici\u00f3n para determinar la resistencia interna de una fuente de CA Realice mediciones en una fuente de CC para determinar las condiciones de potencia m\u00e1xima Realice mediciones en una fuente de CA para determinar las condiciones de potencia&hellip;<\/p>\n","protected":false},"featured_media":20706,"template":"","meta":{"_acf_changed":false,"inline_featured_image":false},"product_brand":[],"product_cat":[58,108,80,126,138,139],"product_tag":[],"class_list":{"0":"post-26749","1":"product","2":"type-product","3":"status-publish","4":"has-post-thumbnail","6":"product_cat-engineering","7":"product_cat-advanced-electronics-systems","8":"product_cat-engineering-uk","9":"product_cat-advanced-electronics-system","10":"product_cat-engineering-es","11":"product_cat-advanced-electronics-system-es","13":"first","14":"instock","15":"shipping-taxable","16":"product-type-simple"},"acf":[],"yoast_head":"<!-- This site is optimized with the Yoast SEO plugin v27.3 - https:\/\/yoast.com\/product\/yoast-seo-wordpress\/ -->\n<title>M\u00f3dulo de estudio de redes el\u00e9ctricas | LJ Create<\/title>\n<meta name=\"robots\" content=\"index, follow, max-snippet:-1, max-image-preview:large, max-video-preview:-1\" \/>\n<link rel=\"canonical\" href=\"https:\/\/ljcreate.com\/es\/engineering\/electrical-networks-study-module\/\" \/>\n<meta property=\"og:locale\" content=\"es_ES\" \/>\n<meta property=\"og:type\" content=\"article\" \/>\n<meta property=\"og:title\" content=\"M\u00f3dulo de estudio de redes el\u00e9ctricas | LJ Create\" \/>\n<meta property=\"og:description\" content=\"M\u00f3dulo de estudio de redes el\u00e9ctricas (301-13) &#8211; las actividades t\u00edpicas incluyen: Utilice los datos obtenidos por medici\u00f3n para determinar la resistencia interna de una fuente de CA Realice mediciones en una fuente de CC para determinar las condiciones de potencia m\u00e1xima Realice mediciones en una fuente de CA para determinar las condiciones de potencia&hellip;\" \/>\n<meta property=\"og:url\" content=\"https:\/\/ljcreate.com\/es\/engineering\/electrical-networks-study-module\/\" \/>\n<meta property=\"og:site_name\" content=\"LJ Create\" \/>\n<meta property=\"article:modified_time\" content=\"2023-07-05T15:46:08+00:00\" \/>\n<meta property=\"og:image\" content=\"https:\/\/ljcreate.com\/wp-content\/uploads\/2021\/08\/301-13_Main.jpg\" \/>\n\t<meta property=\"og:image:width\" content=\"1800\" \/>\n\t<meta property=\"og:image:height\" content=\"881\" \/>\n\t<meta property=\"og:image:type\" content=\"image\/jpeg\" \/>\n<meta name=\"twitter:card\" content=\"summary_large_image\" \/>\n<meta name=\"twitter:label1\" content=\"Tiempo de lectura\" \/>\n\t<meta name=\"twitter:data1\" content=\"1 minuto\" \/>\n<script type=\"application\/ld+json\" class=\"yoast-schema-graph\">{\"@context\":\"https:\\\/\\\/schema.org\",\"@graph\":[{\"@type\":\"WebPage\",\"@id\":\"https:\\\/\\\/ljcreate.com\\\/es\\\/engineering\\\/electrical-networks-study-module\\\/\",\"url\":\"https:\\\/\\\/ljcreate.com\\\/es\\\/engineering\\\/electrical-networks-study-module\\\/\",\"name\":\"M\u00f3dulo de estudio de redes el\u00e9ctricas | LJ Create\",\"isPartOf\":{\"@id\":\"https:\\\/\\\/ljcreate.com\\\/es\\\/#website\"},\"primaryImageOfPage\":{\"@id\":\"https:\\\/\\\/ljcreate.com\\\/es\\\/engineering\\\/electrical-networks-study-module\\\/#primaryimage\"},\"image\":{\"@id\":\"https:\\\/\\\/ljcreate.com\\\/es\\\/engineering\\\/electrical-networks-study-module\\\/#primaryimage\"},\"thumbnailUrl\":\"https:\\\/\\\/ljcreate.com\\\/wp-content\\\/uploads\\\/2021\\\/08\\\/301-13_Main.jpg\",\"datePublished\":\"2021-08-25T12:05:37+00:00\",\"dateModified\":\"2023-07-05T15:46:08+00:00\",\"breadcrumb\":{\"@id\":\"https:\\\/\\\/ljcreate.com\\\/es\\\/engineering\\\/electrical-networks-study-module\\\/#breadcrumb\"},\"inLanguage\":\"es\",\"potentialAction\":[{\"@type\":\"ReadAction\",\"target\":[\"https:\\\/\\\/ljcreate.com\\\/es\\\/engineering\\\/electrical-networks-study-module\\\/\"]}]},{\"@type\":\"ImageObject\",\"inLanguage\":\"es\",\"@id\":\"https:\\\/\\\/ljcreate.com\\\/es\\\/engineering\\\/electrical-networks-study-module\\\/#primaryimage\",\"url\":\"https:\\\/\\\/ljcreate.com\\\/wp-content\\\/uploads\\\/2021\\\/08\\\/301-13_Main.jpg\",\"contentUrl\":\"https:\\\/\\\/ljcreate.com\\\/wp-content\\\/uploads\\\/2021\\\/08\\\/301-13_Main.jpg\",\"width\":1800,\"height\":881,\"caption\":\"Electrical Networks Study Module\"},{\"@type\":\"BreadcrumbList\",\"@id\":\"https:\\\/\\\/ljcreate.com\\\/es\\\/engineering\\\/electrical-networks-study-module\\\/#breadcrumb\",\"itemListElement\":[{\"@type\":\"ListItem\",\"position\":1,\"name\":\"Home\",\"item\":\"https:\\\/\\\/ljcreate.com\\\/es\\\/\"},{\"@type\":\"ListItem\",\"position\":2,\"name\":\"Productos\",\"item\":\"https:\\\/\\\/ljcreate.com\\\/es\\\/shop\\\/\"},{\"@type\":\"ListItem\",\"position\":3,\"name\":\"Engineering\",\"item\":\"https:\\\/\\\/ljcreate.com\\\/uk\\\/product-category\\\/engineering\\\/\"},{\"@type\":\"ListItem\",\"position\":4,\"name\":\"M\u00f3dulo de estudio de redes el\u00e9ctricas\"}]},{\"@type\":\"WebSite\",\"@id\":\"https:\\\/\\\/ljcreate.com\\\/es\\\/#website\",\"url\":\"https:\\\/\\\/ljcreate.com\\\/es\\\/\",\"name\":\"LJ Create\",\"description\":\"Innovate, Inspire, and Engage\",\"publisher\":{\"@id\":\"https:\\\/\\\/ljcreate.com\\\/es\\\/#organization\"},\"alternateName\":\"Creative Learning (Norwich) Limited\",\"potentialAction\":[{\"@type\":\"SearchAction\",\"target\":{\"@type\":\"EntryPoint\",\"urlTemplate\":\"https:\\\/\\\/ljcreate.com\\\/es\\\/?s={search_term_string}\"},\"query-input\":{\"@type\":\"PropertyValueSpecification\",\"valueRequired\":true,\"valueName\":\"search_term_string\"}}],\"inLanguage\":\"es\"},{\"@type\":\"Organization\",\"@id\":\"https:\\\/\\\/ljcreate.com\\\/es\\\/#organization\",\"name\":\"LJ Create\",\"url\":\"https:\\\/\\\/ljcreate.com\\\/es\\\/\",\"logo\":{\"@type\":\"ImageObject\",\"inLanguage\":\"es\",\"@id\":\"https:\\\/\\\/ljcreate.com\\\/es\\\/#\\\/schema\\\/logo\\\/image\\\/\",\"url\":\"https:\\\/\\\/ljcreate.com\\\/wp-content\\\/uploads\\\/2021\\\/07\\\/logo.svg\",\"contentUrl\":\"https:\\\/\\\/ljcreate.com\\\/wp-content\\\/uploads\\\/2021\\\/07\\\/logo.svg\",\"width\":\"1024\",\"height\":\"1024\",\"caption\":\"LJ Create\"},\"image\":{\"@id\":\"https:\\\/\\\/ljcreate.com\\\/es\\\/#\\\/schema\\\/logo\\\/image\\\/\"}}]}<\/script>\n<!-- \/ Yoast SEO plugin. -->","yoast_head_json":{"title":"M\u00f3dulo de estudio de redes el\u00e9ctricas | LJ Create","robots":{"index":"index","follow":"follow","max-snippet":"max-snippet:-1","max-image-preview":"max-image-preview:large","max-video-preview":"max-video-preview:-1"},"canonical":"https:\/\/ljcreate.com\/es\/engineering\/electrical-networks-study-module\/","og_locale":"es_ES","og_type":"article","og_title":"M\u00f3dulo de estudio de redes el\u00e9ctricas | LJ Create","og_description":"M\u00f3dulo de estudio de redes el\u00e9ctricas (301-13) &#8211; las actividades t\u00edpicas incluyen: Utilice los datos obtenidos por medici\u00f3n para determinar la resistencia interna de una fuente de CA Realice mediciones en una fuente de CC para determinar las condiciones de potencia m\u00e1xima Realice mediciones en una fuente de CA para determinar las condiciones de potencia&hellip;","og_url":"https:\/\/ljcreate.com\/es\/engineering\/electrical-networks-study-module\/","og_site_name":"LJ Create","article_modified_time":"2023-07-05T15:46:08+00:00","og_image":[{"width":1800,"height":881,"url":"https:\/\/ljcreate.com\/wp-content\/uploads\/2021\/08\/301-13_Main.jpg","type":"image\/jpeg"}],"twitter_card":"summary_large_image","twitter_misc":{"Tiempo de lectura":"1 minuto"},"schema":{"@context":"https:\/\/schema.org","@graph":[{"@type":"WebPage","@id":"https:\/\/ljcreate.com\/es\/engineering\/electrical-networks-study-module\/","url":"https:\/\/ljcreate.com\/es\/engineering\/electrical-networks-study-module\/","name":"M\u00f3dulo de estudio de redes el\u00e9ctricas | LJ Create","isPartOf":{"@id":"https:\/\/ljcreate.com\/es\/#website"},"primaryImageOfPage":{"@id":"https:\/\/ljcreate.com\/es\/engineering\/electrical-networks-study-module\/#primaryimage"},"image":{"@id":"https:\/\/ljcreate.com\/es\/engineering\/electrical-networks-study-module\/#primaryimage"},"thumbnailUrl":"https:\/\/ljcreate.com\/wp-content\/uploads\/2021\/08\/301-13_Main.jpg","datePublished":"2021-08-25T12:05:37+00:00","dateModified":"2023-07-05T15:46:08+00:00","breadcrumb":{"@id":"https:\/\/ljcreate.com\/es\/engineering\/electrical-networks-study-module\/#breadcrumb"},"inLanguage":"es","potentialAction":[{"@type":"ReadAction","target":["https:\/\/ljcreate.com\/es\/engineering\/electrical-networks-study-module\/"]}]},{"@type":"ImageObject","inLanguage":"es","@id":"https:\/\/ljcreate.com\/es\/engineering\/electrical-networks-study-module\/#primaryimage","url":"https:\/\/ljcreate.com\/wp-content\/uploads\/2021\/08\/301-13_Main.jpg","contentUrl":"https:\/\/ljcreate.com\/wp-content\/uploads\/2021\/08\/301-13_Main.jpg","width":1800,"height":881,"caption":"Electrical Networks Study Module"},{"@type":"BreadcrumbList","@id":"https:\/\/ljcreate.com\/es\/engineering\/electrical-networks-study-module\/#breadcrumb","itemListElement":[{"@type":"ListItem","position":1,"name":"Home","item":"https:\/\/ljcreate.com\/es\/"},{"@type":"ListItem","position":2,"name":"Productos","item":"https:\/\/ljcreate.com\/es\/shop\/"},{"@type":"ListItem","position":3,"name":"Engineering","item":"https:\/\/ljcreate.com\/uk\/product-category\/engineering\/"},{"@type":"ListItem","position":4,"name":"M\u00f3dulo de estudio de redes el\u00e9ctricas"}]},{"@type":"WebSite","@id":"https:\/\/ljcreate.com\/es\/#website","url":"https:\/\/ljcreate.com\/es\/","name":"LJ Create","description":"Innovate, Inspire, and Engage","publisher":{"@id":"https:\/\/ljcreate.com\/es\/#organization"},"alternateName":"Creative Learning (Norwich) Limited","potentialAction":[{"@type":"SearchAction","target":{"@type":"EntryPoint","urlTemplate":"https:\/\/ljcreate.com\/es\/?s={search_term_string}"},"query-input":{"@type":"PropertyValueSpecification","valueRequired":true,"valueName":"search_term_string"}}],"inLanguage":"es"},{"@type":"Organization","@id":"https:\/\/ljcreate.com\/es\/#organization","name":"LJ Create","url":"https:\/\/ljcreate.com\/es\/","logo":{"@type":"ImageObject","inLanguage":"es","@id":"https:\/\/ljcreate.com\/es\/#\/schema\/logo\/image\/","url":"https:\/\/ljcreate.com\/wp-content\/uploads\/2021\/07\/logo.svg","contentUrl":"https:\/\/ljcreate.com\/wp-content\/uploads\/2021\/07\/logo.svg","width":"1024","height":"1024","caption":"LJ Create"},"image":{"@id":"https:\/\/ljcreate.com\/es\/#\/schema\/logo\/image\/"}}]}},"_links":{"self":[{"href":"https:\/\/ljcreate.com\/es\/wp-json\/wp\/v2\/product\/26749","targetHints":{"allow":["GET"]}}],"collection":[{"href":"https:\/\/ljcreate.com\/es\/wp-json\/wp\/v2\/product"}],"about":[{"href":"https:\/\/ljcreate.com\/es\/wp-json\/wp\/v2\/types\/product"}],"wp:featuredmedia":[{"embeddable":true,"href":"https:\/\/ljcreate.com\/es\/wp-json\/wp\/v2\/media\/20706"}],"wp:attachment":[{"href":"https:\/\/ljcreate.com\/es\/wp-json\/wp\/v2\/media?parent=26749"}],"wp:term":[{"taxonomy":"product_brand","embeddable":true,"href":"https:\/\/ljcreate.com\/es\/wp-json\/wp\/v2\/product_brand?post=26749"},{"taxonomy":"product_cat","embeddable":true,"href":"https:\/\/ljcreate.com\/es\/wp-json\/wp\/v2\/product_cat?post=26749"},{"taxonomy":"product_tag","embeddable":true,"href":"https:\/\/ljcreate.com\/es\/wp-json\/wp\/v2\/product_tag?post=26749"}],"curies":[{"name":"wp","href":"https:\/\/api.w.org\/{rel}","templated":true}]}}