{"id":38807,"date":"2022-12-13T16:38:11","date_gmt":"2022-12-13T16:38:11","guid":{"rendered":"https:\/\/ljcreate.com\/tecnologia-automotriz\/soluciones-de-laboratorio-completas\/tecnologia-de-vehiculos-electricos\/"},"modified":"2024-03-11T13:43:26","modified_gmt":"2024-03-11T13:43:26","slug":"tecnologia-de-vehiculos-electricos","status":"publish","type":"page","link":"https:\/\/ljcreate.com\/es\/tecnologia-automotriz\/soluciones-de-laboratorio-completas\/tecnologia-de-vehiculos-electricos\/","title":{"rendered":"Tecnolog\u00eda de veh\u00edculos el\u00e9ctricos"},"content":{"rendered":"\n\n\t<nav id=\"breadcrumbs\" aria-label=\"Breadcrumbs\"><a href=\"https:\/\/ljcreate.com\/es\/\">Home<\/a> &gt; <a href=\"https:\/\/ljcreate.com\/es\/tecnologia-automotriz\/\">Tecnolog\u00eda automotriz<\/a> &gt; <a href=\"https:\/\/ljcreate.com\/es\/tecnologia-automotriz\/soluciones-de-laboratorio-completas\/\">Soluciones de laboratorio completas<\/a> &gt; Tecnolog\u00eda de veh\u00edculos el\u00e9ctricos<\/nav>\n\t<p>El objetivo de nuestro laboratorio de Tecnolog\u00eda de Veh\u00edculos El\u00e9ctricos es proporcionar a los estudiantes las habilidades y conocimientos necesarios para mantener y reparar veh\u00edculos el\u00e9ctricos e h\u00edbridos.<\/p>\n\t\t\t\t<img decoding=\"async\" data-src=\"https:\/\/ljcreate.com\/wp-content\/uploads\/2022\/12\/evTrainerTeacher.png\" alt=\"evTrainerTeacher\" itemprop=\"image\" height=\"300\" width=\"555\" title=\"evTrainerTeacher\" onerror=\"this.style.display='none'\" src=\"data:image\/svg+xml;base64,PHN2ZyB3aWR0aD0iMSIgaGVpZ2h0PSIxIiB4bWxucz0iaHR0cDovL3d3dy53My5vcmcvMjAwMC9zdmciPjwvc3ZnPg==\" class=\"lazyload\" style=\"--smush-placeholder-width: 555px; --smush-placeholder-aspect-ratio: 555\/300;\" \/>\n\t<p>Ofrecemos instrucci\u00f3n en tres niveles:<\/p>\n<strong>1. Sistemas de veh\u00edculos completos<\/strong><br \/>\nSe basan en grandes paneles que ilustran el funcionamiento de sistemas completos de veh\u00edculos el\u00e9ctricos e h\u00edbridos.\n<p>Los alumnos pueden \u00abmanejar\u00bb cada tipo de veh\u00edculo, medir lo que ocurre durante los distintos modos de funcionamiento y solucionar problemas comunes.<\/p>\n<strong>2. Subsistemas EV comunes<\/strong><br \/>\nLos formadores del panel proporcionan a cada estudiante conocimientos b\u00e1sicos y experiencia en la resoluci\u00f3n de problemas con los subsistemas m\u00e1s cr\u00edticos de los veh\u00edculos el\u00e9ctricos, como:\n<ul>\n<li>Motores y accionamientos<\/li>\n<li>Bater\u00edas<\/li>\n<li>Sistemas de carga<\/li>\n<\/ul>\n<strong>3. EV Fundamentos de electricidad y electr\u00f3nica<\/strong><br \/>\nUn sistema de formaci\u00f3n de sobremesa proporciona una instrucci\u00f3n y una pr\u00e1ctica muy espec\u00edficas en las destrezas b\u00e1sicas que van a necesitar los estudiantes a medida que completen sus estudios.\n<p>Los temas cubiertos incluyen:<\/p>\n<ul>\n<li>Protecci\u00f3n de circuitos<\/li>\n<li>Conductores, aislantes y retorno a tierra<\/li>\n<li>C\u00e1lculos de tensi\u00f3n, corriente, resistencia y potencia<\/li>\n<li>Se\u00f1ales de CC y CA&#8230; \u00a1y mucho m\u00e1s!<\/li>\n<\/ul>\n\t\t\t\t<img decoding=\"async\" data-src=\"https:\/\/ljcreate.com\/wp-content\/uploads\/2022\/12\/evLab.png\" alt=\"Electric Vehicle Lab\" itemprop=\"image\" height=\"669\" width=\"950\" title=\"evLab\" onerror=\"this.style.display='none'\" src=\"data:image\/svg+xml;base64,PHN2ZyB3aWR0aD0iMSIgaGVpZ2h0PSIxIiB4bWxucz0iaHR0cDovL3d3dy53My5vcmcvMjAwMC9zdmciPjwvc3ZnPg==\" class=\"lazyload\" style=\"--smush-placeholder-width: 950px; --smush-placeholder-aspect-ratio: 950\/669;\" \/>\n<h5>\n\t\tUna configuraci\u00f3n t\u00edpica de laboratorio de competencias en Tecnolog\u00eda de Veh\u00edculos El\u00e9ctricos podr\u00eda incluir los siguientes recursos:\n\t<\/h5>\n\t<ul>\n<li><a href=\"https:\/\/ljcreate.com\/es\/tecnologia-automotriz\/entrenador-del-panel-de-sistemas-de-vehiculos-electricos\/\">Entrenador del panel de sistemas de veh\u00edculos el\u00e9ctricos<\/a><\/li>\n<li><a href=\"https:\/\/ljcreate.com\/es\/tecnologia-automotriz\/entrenador-de-baterias-y-paneles-de-carga-para-vehiculos-electricos\/\">Entrenador de bater\u00edas y paneles de carga para veh\u00edculos el\u00e9ctricos<\/a><\/li>\n<li><a href=\"https:\/\/ljcreate.com\/es\/tecnologia-automotriz\/entrenador-de-paneles-de-motores-y-generadores-ev\/\">Entrenador de paneles de motores y generadores EV<\/a><\/li>\n<li><a href=\"https:\/\/ljcreate.com\/es\/tecnologia-automotriz\/entrenador-de-paneles-de-estaciones-de-carga-de-vehiculos-electricos\/\">Entrenador de paneles de estaciones de carga de veh\u00edculos el\u00e9ctricos<\/a><\/li>\n<li><a href=\"https:\/\/ljcreate.com\/es\/automotive-technology\/hybrid-vehicle-systems-panel-trainer\/\">Entrenador de paneles de sistemas de veh\u00edculos h\u00edbridos<\/a><\/li>\n<li><a href=\"https:\/\/ljcreate.com\/es\/tecnologia-automotriz\/estacion-de-trabajo-de-electronica-para-vehiculos-electricos\/\">Estaci\u00f3n de trabajo de electr\u00f3nica para veh\u00edculos el\u00e9ctricos<\/a><\/li>\n<li><a href=\"https:\/\/ljcreate.com\/es\/automotive-technology\/modern-starting-and-charging-systems-trainer\/\">Entrenador de sistemas de carga y arranque modernos<\/a><\/li>\n<li><a href=\"https:\/\/ljcreate.com\/es\/automotive-technology\/modern-auxiliary-systems-trainer\/\">Entrenador de sistemas auxiliares modernos<\/a><\/li>\n<li><a href=\"https:\/\/ljcreate.com\/es\/automotive-technology\/modern-automotive-lighting-circuits-trainer\/\">Entrenador de circuitos de iluminaci\u00f3n automotriz moderno<\/a><\/li>\n<\/ul>\n\t\t\t\t<img decoding=\"async\" data-src=\"https:\/\/ljcreate.com\/wp-content\/uploads\/2024\/03\/evSpotlight.jpg\" alt=\"EV Spotlight\" itemprop=\"image\" height=\"644\" width=\"590\" title=\"evSpotlight\" onerror=\"this.style.display='none'\" src=\"data:image\/svg+xml;base64,PHN2ZyB3aWR0aD0iMSIgaGVpZ2h0PSIxIiB4bWxucz0iaHR0cDovL3d3dy53My5vcmcvMjAwMC9zdmciPjwvc3ZnPg==\" class=\"lazyload\" style=\"--smush-placeholder-width: 590px; --smush-placeholder-aspect-ratio: 590\/644;\" \/>\n<h2>\n\t\tEcha un vistazo a nuestro folleto de autom\u00f3viles el\u00e9ctricos\n\t<\/h2>\n<h5>\n\t\tTecnolog\u00edas de veh\u00edculos electr\u00f3nicos\n\t<\/h5>\n\t<p>Ver nuestros productos que promovemos para apoyar en el aprendizaje en l\u00ednea y pr\u00e1ctico para tecnolog\u00edas de veh\u00edculos electr\u00f3nicos.<\/p>\n\t\t\t<a href=\"\/wp-content\/uploads\/2023\/10\/electricVehicleBrochureES.pdf\" target=\"_blank\" rel=\"noopener\">\n\t\t\t\t\t\t\tDescarga el folleto de reparaci\u00f3n de autom\u00f3viles electr\u00f3nicos\n\t\t\t\t\t<\/a>\n\t\t\t\t<a href=\"\/wp-content\/uploads\/2023\/10\/electricVehicleBrochureES.pdf\" target=\"_blank\" rel=\"noopener\" itemprop=\"url\">\n\t\t\t\t<img decoding=\"async\" data-src=\"https:\/\/ljcreate.com\/wp-content\/uploads\/2023\/10\/evBrochureSpanish.png\" alt=\"EV Brochure Spanish\" itemprop=\"image\" height=\"396\" width=\"290\" title=\"EV Brochure Spanish\" onerror=\"this.style.display='none'\" src=\"data:image\/svg+xml;base64,PHN2ZyB3aWR0aD0iMSIgaGVpZ2h0PSIxIiB4bWxucz0iaHR0cDovL3d3dy53My5vcmcvMjAwMC9zdmciPjwvc3ZnPg==\" class=\"lazyload\" style=\"--smush-placeholder-width: 290px; --smush-placeholder-aspect-ratio: 290\/396;\" \/>\n\t\t\t\t<\/a>\n<h2>\n\t\tNota aclaratoria:\n\t<\/h2>\n\t<p>No todos nuestros productos est\u00e1n disponibles con manuales\/curr\u00edculo\/contenido digital en Espa\u00f1ol. Favor de contactarnos para obtener m\u00e1s informaci\u00f3n al respecto.<\/p>\n<h2>\n\t\tRecursos: folletos\n\t<\/h2>\n\t\t\t\t\t\t<a href=\"\/wp-content\/uploads\/2023\/10\/electricVehicleBrochureES.pdf\" target=\"_blank\" rel=\"noopener\">\n\t\t\t\t\t\t\t<img decoding=\"async\" data-src=\"https:\/\/ljcreate.com\/wp-content\/uploads\/2021\/10\/evBrochureEsThumb.png\" alt=\"EV Brochure Spanish\" src=\"data:image\/svg+xml;base64,PHN2ZyB3aWR0aD0iMSIgaGVpZ2h0PSIxIiB4bWxucz0iaHR0cDovL3d3dy53My5vcmcvMjAwMC9zdmciPjwvc3ZnPg==\" class=\"lazyload\" style=\"--smush-placeholder-width: 84px; --smush-placeholder-aspect-ratio: 84\/94;\" \/>\n\t\t\t\t\t\t<\/a>\n\t\t<p>Folleto de habilidades de reparaci\u00f3n de auto EV<\/p>\n\t\t\t\t\n\t\t\t\t\t<a href=\"\/wp-content\/uploads\/2023\/10\/electricVehicleBrochureES.pdf\" role=\"button\" target=\"_blank\" rel=\"noopener\">\n\t\t\t\t\t\tDownload\t\t\t\t\t<\/a>\n\t\t\t\t\n\t\t\t\t\t\t<a href=\"\/wp-content\/uploads\/2021\/10\/automotiveTrainingResourcesBrochureUk.pdf\" target=\"_blank\" rel=\"noopener\">\n\t\t\t\t\t\t\t<img decoding=\"async\" data-src=\"https:\/\/ljcreate.com\/wp-content\/uploads\/2021\/09\/pdf_templateAutolab-1.png\" alt=\"pdf_templateAutolab\" src=\"data:image\/svg+xml;base64,PHN2ZyB3aWR0aD0iMSIgaGVpZ2h0PSIxIiB4bWxucz0iaHR0cDovL3d3dy53My5vcmcvMjAwMC9zdmciPjwvc3ZnPg==\" class=\"lazyload\" style=\"--smush-placeholder-width: 84px; --smush-placeholder-aspect-ratio: 84\/94;\" \/>\n\t\t\t\t\t\t<\/a>\n\t\t<p>Folleto de recursos de capacitaci\u00f3n automotriz<\/p>\n\t\t\t\t\n\t\t\t\t\t<a href=\"\/wp-content\/uploads\/2021\/10\/automotiveTrainingResourcesBrochureUk.pdf\" role=\"button\" target=\"_blank\" rel=\"noopener\">\n\t\t\t\t\t\tDownload\t\t\t\t\t<\/a>\n\t\t\t\t\n\t\t\t\t\t\t<a href=\"\/wp-content\/uploads\/2021\/10\/mediumHeavyVehicleBrochureUs.pdf\" target=\"_blank\" rel=\"noopener\">\n\t\t\t\t\t\t\t<img decoding=\"async\" data-src=\"https:\/\/ljcreate.com\/wp-content\/uploads\/2021\/09\/pdf_templateHeavyVehicle.png\" alt=\"pdf_templateHeavyVehicle\" src=\"data:image\/svg+xml;base64,PHN2ZyB3aWR0aD0iMSIgaGVpZ2h0PSIxIiB4bWxucz0iaHR0cDovL3d3dy53My5vcmcvMjAwMC9zdmciPjwvc3ZnPg==\" class=\"lazyload\" style=\"--smush-placeholder-width: 84px; --smush-placeholder-aspect-ratio: 84\/94;\" \/>\n\t\t\t\t\t\t<\/a>\n\t\t<p>Folleto de recursos para veh\u00edculos medianos \/ pesados<\/p>\n\t\t\t\t\n\t\t\t\t\t<a href=\"\/wp-content\/uploads\/2021\/10\/mediumHeavyVehicleBrochureUs.pdf\" role=\"button\" target=\"_blank\" rel=\"noopener\">\n\t\t\t\t\t\tDownload\t\t\t\t\t<\/a>\n\t\t\t\t\n\t\t\t\t\t\t<a href=\"\/wp-content\/uploads\/2021\/10\/mechatronicsAutomotiveProductBrochure.pdf\" target=\"_blank\" rel=\"noopener\">\n\t\t\t\t\t\t\t<img decoding=\"async\" data-src=\"https:\/\/ljcreate.com\/wp-content\/uploads\/2021\/09\/pdf_templateAutoMech.png\" alt=\"pdf_templateAutoMech\" src=\"data:image\/svg+xml;base64,PHN2ZyB3aWR0aD0iMSIgaGVpZ2h0PSIxIiB4bWxucz0iaHR0cDovL3d3dy53My5vcmcvMjAwMC9zdmciPjwvc3ZnPg==\" class=\"lazyload\" style=\"--smush-placeholder-width: 84px; --smush-placeholder-aspect-ratio: 84\/94;\" \/>\n\t\t\t\t\t\t<\/a>\n\t\t<p>Folleto de productos de mecatr\u00f3nica y automoci\u00f3n<\/p>\n\t\t\t\t\n\t\t\t\t\t<a href=\"\/wp-content\/uploads\/2021\/10\/mechatronicsAutomotiveProductBrochure.pdf\" role=\"button\" target=\"_blank\" rel=\"noopener\">\n\t\t\t\t\t\tDownload\t\t\t\t\t<\/a>\n\t\t\t\t\n\t\t\t\t\t\t<a href=\"\/wp-content\/uploads\/2021\/09\/hybridVehicleMailerUk.pdf\" target=\"_blank\" rel=\"noopener\">\n\t\t\t\t\t\t\t<img decoding=\"async\" data-src=\"https:\/\/ljcreate.com\/wp-content\/uploads\/2021\/09\/pdf_templateHybridVehicle.png\" alt=\"pdf_templateHybridVehicle\" src=\"data:image\/svg+xml;base64,PHN2ZyB3aWR0aD0iMSIgaGVpZ2h0PSIxIiB4bWxucz0iaHR0cDovL3d3dy53My5vcmcvMjAwMC9zdmciPjwvc3ZnPg==\" class=\"lazyload\" style=\"--smush-placeholder-width: 84px; --smush-placeholder-aspect-ratio: 84\/94;\" \/>\n\t\t\t\t\t\t<\/a>\n\t\t<p>Veh\u00edculo h\u00edbrido <br \/>Correo de sistemas<\/p>\n\t\t\t\t\n\t\t\t\t\t<a href=\"\/wp-content\/uploads\/2021\/09\/hybridVehicleMailerUk.pdf\" role=\"button\" target=\"_blank\" rel=\"noopener\">\n\t\t\t\t\t\tDownload\t\t\t\t\t<\/a>\n\t\t\t\t\n\t\t\t\t\t\t<a href=\"\/wp-content\/uploads\/2021\/10\/innovativeLearningSpacesBrochureUk.pdf\" target=\"_blank\" rel=\"noopener\">\n\t\t\t\t\t\t\t<img decoding=\"async\" data-src=\"https:\/\/ljcreate.com\/wp-content\/uploads\/2021\/09\/pdf_templateInnovativeSpace.png\" alt=\"pdf_templateInnovativeSpace\" src=\"data:image\/svg+xml;base64,PHN2ZyB3aWR0aD0iMSIgaGVpZ2h0PSIxIiB4bWxucz0iaHR0cDovL3d3dy53My5vcmcvMjAwMC9zdmciPjwvc3ZnPg==\" class=\"lazyload\" style=\"--smush-placeholder-width: 84px; --smush-placeholder-aspect-ratio: 84\/94;\" \/>\n\t\t\t\t\t\t<\/a>\n\t\t<p>Folleto de espacios de aprendizaje innovadores<\/p>\n\t\t\t\t\n\t\t\t\t\t<a href=\"\/wp-content\/uploads\/2021\/10\/innovativeLearningSpacesBrochureUk.pdf\" role=\"button\" target=\"_blank\" rel=\"noopener\">\n\t\t\t\t\t\tDownload\t\t\t\t\t<\/a>\n\t\t\t\t\n\n","protected":false},"excerpt":{"rendered":"<p>Home &gt; Tecnolog\u00eda automotriz &gt; Soluciones de laboratorio completas &gt; Tecnolog\u00eda de veh\u00edculos el\u00e9ctricos El objetivo de nuestro laboratorio de Tecnolog\u00eda de Veh\u00edculos El\u00e9ctricos es proporcionar a los estudiantes las habilidades y conocimientos necesarios para mantener y reparar veh\u00edculos el\u00e9ctricos e h\u00edbridos. Ofrecemos instrucci\u00f3n en tres niveles: 1. Sistemas de veh\u00edculos completos Se basan en&hellip;<\/p>\n","protected":false},"author":4,"featured_media":0,"parent":26633,"menu_order":2,"comment_status":"closed","ping_status":"closed","template":"","meta":{"_acf_changed":false,"inline_featured_image":false,"footnotes":""},"class_list":["post-38807","page","type-page","status-publish","hentry"],"acf":[],"yoast_head":"<!-- This site is optimized with the Yoast SEO plugin v27.3 - https:\/\/yoast.com\/product\/yoast-seo-wordpress\/ -->\n<title>Laboratorio de Tecnolog\u00eda de Veh\u00edculos El\u00e9ctricos | LJ Create<\/title>\n<meta name=\"description\" content=\"Nuestro programa de Tecnolog\u00eda de Veh\u00edculos El\u00e9ctricos proporciona formaci\u00f3n en habilidades automovil\u00edsticas, con localizaci\u00f3n de aver\u00edas, plan de estudios basado en est\u00e1ndares y pr\u00e1cticas en todos los sistemas de veh\u00edculos el\u00e9ctricos.\" \/>\n<meta name=\"robots\" content=\"index, follow, max-snippet:-1, max-image-preview:large, max-video-preview:-1\" \/>\n<link rel=\"canonical\" href=\"https:\/\/ljcreate.com\/es\/tecnologia-automotriz\/soluciones-de-laboratorio-completas\/tecnologia-de-vehiculos-electricos\/\" \/>\n<meta property=\"og:locale\" content=\"es_ES\" \/>\n<meta property=\"og:type\" content=\"article\" \/>\n<meta property=\"og:title\" content=\"Laboratorio de Tecnolog\u00eda de Veh\u00edculos El\u00e9ctricos | LJ Create\" \/>\n<meta property=\"og:description\" content=\"Nuestro programa de Tecnolog\u00eda de Veh\u00edculos El\u00e9ctricos proporciona formaci\u00f3n en habilidades automovil\u00edsticas, con localizaci\u00f3n de aver\u00edas, plan de estudios basado en est\u00e1ndares y pr\u00e1cticas en todos los sistemas de veh\u00edculos el\u00e9ctricos.\" \/>\n<meta property=\"og:url\" content=\"https:\/\/ljcreate.com\/es\/tecnologia-automotriz\/soluciones-de-laboratorio-completas\/tecnologia-de-vehiculos-electricos\/\" \/>\n<meta property=\"og:site_name\" content=\"LJ Create\" \/>\n<meta property=\"article:modified_time\" content=\"2024-03-11T13:43:26+00:00\" \/>\n<meta property=\"og:image\" content=\"https:\/\/ljcreate.com\/wp-content\/uploads\/2022\/12\/evTrainerTeacher.png\" \/>\n<meta name=\"twitter:card\" content=\"summary_large_image\" \/>\n<meta name=\"twitter:label1\" content=\"Tiempo de lectura\" \/>\n\t<meta name=\"twitter:data1\" content=\"2 minutos\" \/>\n<script type=\"application\/ld+json\" class=\"yoast-schema-graph\">{\"@context\":\"https:\\\/\\\/schema.org\",\"@graph\":[{\"@type\":\"WebPage\",\"@id\":\"https:\\\/\\\/ljcreate.com\\\/es\\\/tecnologia-automotriz\\\/soluciones-de-laboratorio-completas\\\/tecnologia-de-vehiculos-electricos\\\/\",\"url\":\"https:\\\/\\\/ljcreate.com\\\/es\\\/tecnologia-automotriz\\\/soluciones-de-laboratorio-completas\\\/tecnologia-de-vehiculos-electricos\\\/\",\"name\":\"Laboratorio de Tecnolog\u00eda de Veh\u00edculos El\u00e9ctricos | LJ Create\",\"isPartOf\":{\"@id\":\"https:\\\/\\\/ljcreate.com\\\/es\\\/#website\"},\"primaryImageOfPage\":{\"@id\":\"https:\\\/\\\/ljcreate.com\\\/es\\\/tecnologia-automotriz\\\/soluciones-de-laboratorio-completas\\\/tecnologia-de-vehiculos-electricos\\\/#primaryimage\"},\"image\":{\"@id\":\"https:\\\/\\\/ljcreate.com\\\/es\\\/tecnologia-automotriz\\\/soluciones-de-laboratorio-completas\\\/tecnologia-de-vehiculos-electricos\\\/#primaryimage\"},\"thumbnailUrl\":\"https:\\\/\\\/ljcreate.com\\\/wp-content\\\/uploads\\\/2022\\\/12\\\/evTrainerTeacher.png\",\"datePublished\":\"2022-12-13T16:38:11+00:00\",\"dateModified\":\"2024-03-11T13:43:26+00:00\",\"description\":\"Nuestro programa de Tecnolog\u00eda de Veh\u00edculos El\u00e9ctricos proporciona formaci\u00f3n en habilidades automovil\u00edsticas, con localizaci\u00f3n de aver\u00edas, plan de estudios basado en est\u00e1ndares y pr\u00e1cticas en todos los sistemas de veh\u00edculos el\u00e9ctricos.\",\"breadcrumb\":{\"@id\":\"https:\\\/\\\/ljcreate.com\\\/es\\\/tecnologia-automotriz\\\/soluciones-de-laboratorio-completas\\\/tecnologia-de-vehiculos-electricos\\\/#breadcrumb\"},\"inLanguage\":\"es\",\"potentialAction\":[{\"@type\":\"ReadAction\",\"target\":[\"https:\\\/\\\/ljcreate.com\\\/es\\\/tecnologia-automotriz\\\/soluciones-de-laboratorio-completas\\\/tecnologia-de-vehiculos-electricos\\\/\"]}]},{\"@type\":\"ImageObject\",\"inLanguage\":\"es\",\"@id\":\"https:\\\/\\\/ljcreate.com\\\/es\\\/tecnologia-automotriz\\\/soluciones-de-laboratorio-completas\\\/tecnologia-de-vehiculos-electricos\\\/#primaryimage\",\"url\":\"https:\\\/\\\/ljcreate.com\\\/wp-content\\\/uploads\\\/2022\\\/12\\\/evTrainerTeacher.png\",\"contentUrl\":\"https:\\\/\\\/ljcreate.com\\\/wp-content\\\/uploads\\\/2022\\\/12\\\/evTrainerTeacher.png\"},{\"@type\":\"BreadcrumbList\",\"@id\":\"https:\\\/\\\/ljcreate.com\\\/es\\\/tecnologia-automotriz\\\/soluciones-de-laboratorio-completas\\\/tecnologia-de-vehiculos-electricos\\\/#breadcrumb\",\"itemListElement\":[{\"@type\":\"ListItem\",\"position\":1,\"name\":\"Home\",\"item\":\"https:\\\/\\\/ljcreate.com\\\/es\\\/\"},{\"@type\":\"ListItem\",\"position\":2,\"name\":\"Tecnolog\u00eda automotriz\",\"item\":\"https:\\\/\\\/ljcreate.com\\\/es\\\/automotive-technology\\\/\"},{\"@type\":\"ListItem\",\"position\":3,\"name\":\"Soluciones de laboratorio completas\",\"item\":\"https:\\\/\\\/ljcreate.com\\\/es\\\/automotive-technology\\\/complete-lab-solutions\\\/\"},{\"@type\":\"ListItem\",\"position\":4,\"name\":\"Tecnolog\u00eda de veh\u00edculos el\u00e9ctricos\"}]},{\"@type\":\"WebSite\",\"@id\":\"https:\\\/\\\/ljcreate.com\\\/es\\\/#website\",\"url\":\"https:\\\/\\\/ljcreate.com\\\/es\\\/\",\"name\":\"LJ Create\",\"description\":\"Innovate, Inspire, and Engage\",\"publisher\":{\"@id\":\"https:\\\/\\\/ljcreate.com\\\/es\\\/#organization\"},\"alternateName\":\"Creative Learning (Norwich) Limited\",\"potentialAction\":[{\"@type\":\"SearchAction\",\"target\":{\"@type\":\"EntryPoint\",\"urlTemplate\":\"https:\\\/\\\/ljcreate.com\\\/es\\\/?s={search_term_string}\"},\"query-input\":{\"@type\":\"PropertyValueSpecification\",\"valueRequired\":true,\"valueName\":\"search_term_string\"}}],\"inLanguage\":\"es\"},{\"@type\":\"Organization\",\"@id\":\"https:\\\/\\\/ljcreate.com\\\/es\\\/#organization\",\"name\":\"LJ Create\",\"url\":\"https:\\\/\\\/ljcreate.com\\\/es\\\/\",\"logo\":{\"@type\":\"ImageObject\",\"inLanguage\":\"es\",\"@id\":\"https:\\\/\\\/ljcreate.com\\\/es\\\/#\\\/schema\\\/logo\\\/image\\\/\",\"url\":\"https:\\\/\\\/ljcreate.com\\\/wp-content\\\/uploads\\\/2021\\\/07\\\/logo.svg\",\"contentUrl\":\"https:\\\/\\\/ljcreate.com\\\/wp-content\\\/uploads\\\/2021\\\/07\\\/logo.svg\",\"width\":\"1024\",\"height\":\"1024\",\"caption\":\"LJ Create\"},\"image\":{\"@id\":\"https:\\\/\\\/ljcreate.com\\\/es\\\/#\\\/schema\\\/logo\\\/image\\\/\"}}]}<\/script>\n<!-- \/ Yoast SEO plugin. -->","yoast_head_json":{"title":"Laboratorio de Tecnolog\u00eda de Veh\u00edculos El\u00e9ctricos | LJ Create","description":"Nuestro programa de Tecnolog\u00eda de Veh\u00edculos El\u00e9ctricos proporciona formaci\u00f3n en habilidades automovil\u00edsticas, con localizaci\u00f3n de aver\u00edas, plan de estudios basado en est\u00e1ndares y pr\u00e1cticas en todos los sistemas de veh\u00edculos el\u00e9ctricos.","robots":{"index":"index","follow":"follow","max-snippet":"max-snippet:-1","max-image-preview":"max-image-preview:large","max-video-preview":"max-video-preview:-1"},"canonical":"https:\/\/ljcreate.com\/es\/tecnologia-automotriz\/soluciones-de-laboratorio-completas\/tecnologia-de-vehiculos-electricos\/","og_locale":"es_ES","og_type":"article","og_title":"Laboratorio de Tecnolog\u00eda de Veh\u00edculos El\u00e9ctricos | LJ Create","og_description":"Nuestro programa de Tecnolog\u00eda de Veh\u00edculos El\u00e9ctricos proporciona formaci\u00f3n en habilidades automovil\u00edsticas, con localizaci\u00f3n de aver\u00edas, plan de estudios basado en est\u00e1ndares y pr\u00e1cticas en todos los sistemas de veh\u00edculos el\u00e9ctricos.","og_url":"https:\/\/ljcreate.com\/es\/tecnologia-automotriz\/soluciones-de-laboratorio-completas\/tecnologia-de-vehiculos-electricos\/","og_site_name":"LJ Create","article_modified_time":"2024-03-11T13:43:26+00:00","og_image":[{"url":"https:\/\/ljcreate.com\/wp-content\/uploads\/2022\/12\/evTrainerTeacher.png","type":"","width":"","height":""}],"twitter_card":"summary_large_image","twitter_misc":{"Tiempo de lectura":"2 minutos"},"schema":{"@context":"https:\/\/schema.org","@graph":[{"@type":"WebPage","@id":"https:\/\/ljcreate.com\/es\/tecnologia-automotriz\/soluciones-de-laboratorio-completas\/tecnologia-de-vehiculos-electricos\/","url":"https:\/\/ljcreate.com\/es\/tecnologia-automotriz\/soluciones-de-laboratorio-completas\/tecnologia-de-vehiculos-electricos\/","name":"Laboratorio de Tecnolog\u00eda de Veh\u00edculos El\u00e9ctricos | LJ Create","isPartOf":{"@id":"https:\/\/ljcreate.com\/es\/#website"},"primaryImageOfPage":{"@id":"https:\/\/ljcreate.com\/es\/tecnologia-automotriz\/soluciones-de-laboratorio-completas\/tecnologia-de-vehiculos-electricos\/#primaryimage"},"image":{"@id":"https:\/\/ljcreate.com\/es\/tecnologia-automotriz\/soluciones-de-laboratorio-completas\/tecnologia-de-vehiculos-electricos\/#primaryimage"},"thumbnailUrl":"https:\/\/ljcreate.com\/wp-content\/uploads\/2022\/12\/evTrainerTeacher.png","datePublished":"2022-12-13T16:38:11+00:00","dateModified":"2024-03-11T13:43:26+00:00","description":"Nuestro programa de Tecnolog\u00eda de Veh\u00edculos El\u00e9ctricos proporciona formaci\u00f3n en habilidades automovil\u00edsticas, con localizaci\u00f3n de aver\u00edas, plan de estudios basado en est\u00e1ndares y pr\u00e1cticas en todos los sistemas de veh\u00edculos el\u00e9ctricos.","breadcrumb":{"@id":"https:\/\/ljcreate.com\/es\/tecnologia-automotriz\/soluciones-de-laboratorio-completas\/tecnologia-de-vehiculos-electricos\/#breadcrumb"},"inLanguage":"es","potentialAction":[{"@type":"ReadAction","target":["https:\/\/ljcreate.com\/es\/tecnologia-automotriz\/soluciones-de-laboratorio-completas\/tecnologia-de-vehiculos-electricos\/"]}]},{"@type":"ImageObject","inLanguage":"es","@id":"https:\/\/ljcreate.com\/es\/tecnologia-automotriz\/soluciones-de-laboratorio-completas\/tecnologia-de-vehiculos-electricos\/#primaryimage","url":"https:\/\/ljcreate.com\/wp-content\/uploads\/2022\/12\/evTrainerTeacher.png","contentUrl":"https:\/\/ljcreate.com\/wp-content\/uploads\/2022\/12\/evTrainerTeacher.png"},{"@type":"BreadcrumbList","@id":"https:\/\/ljcreate.com\/es\/tecnologia-automotriz\/soluciones-de-laboratorio-completas\/tecnologia-de-vehiculos-electricos\/#breadcrumb","itemListElement":[{"@type":"ListItem","position":1,"name":"Home","item":"https:\/\/ljcreate.com\/es\/"},{"@type":"ListItem","position":2,"name":"Tecnolog\u00eda automotriz","item":"https:\/\/ljcreate.com\/es\/automotive-technology\/"},{"@type":"ListItem","position":3,"name":"Soluciones de laboratorio completas","item":"https:\/\/ljcreate.com\/es\/automotive-technology\/complete-lab-solutions\/"},{"@type":"ListItem","position":4,"name":"Tecnolog\u00eda de veh\u00edculos el\u00e9ctricos"}]},{"@type":"WebSite","@id":"https:\/\/ljcreate.com\/es\/#website","url":"https:\/\/ljcreate.com\/es\/","name":"LJ Create","description":"Innovate, Inspire, and Engage","publisher":{"@id":"https:\/\/ljcreate.com\/es\/#organization"},"alternateName":"Creative Learning (Norwich) Limited","potentialAction":[{"@type":"SearchAction","target":{"@type":"EntryPoint","urlTemplate":"https:\/\/ljcreate.com\/es\/?s={search_term_string}"},"query-input":{"@type":"PropertyValueSpecification","valueRequired":true,"valueName":"search_term_string"}}],"inLanguage":"es"},{"@type":"Organization","@id":"https:\/\/ljcreate.com\/es\/#organization","name":"LJ Create","url":"https:\/\/ljcreate.com\/es\/","logo":{"@type":"ImageObject","inLanguage":"es","@id":"https:\/\/ljcreate.com\/es\/#\/schema\/logo\/image\/","url":"https:\/\/ljcreate.com\/wp-content\/uploads\/2021\/07\/logo.svg","contentUrl":"https:\/\/ljcreate.com\/wp-content\/uploads\/2021\/07\/logo.svg","width":"1024","height":"1024","caption":"LJ Create"},"image":{"@id":"https:\/\/ljcreate.com\/es\/#\/schema\/logo\/image\/"}}]}},"_links":{"self":[{"href":"https:\/\/ljcreate.com\/es\/wp-json\/wp\/v2\/pages\/38807","targetHints":{"allow":["GET"]}}],"collection":[{"href":"https:\/\/ljcreate.com\/es\/wp-json\/wp\/v2\/pages"}],"about":[{"href":"https:\/\/ljcreate.com\/es\/wp-json\/wp\/v2\/types\/page"}],"author":[{"embeddable":true,"href":"https:\/\/ljcreate.com\/es\/wp-json\/wp\/v2\/users\/4"}],"replies":[{"embeddable":true,"href":"https:\/\/ljcreate.com\/es\/wp-json\/wp\/v2\/comments?post=38807"}],"version-history":[{"count":3,"href":"https:\/\/ljcreate.com\/es\/wp-json\/wp\/v2\/pages\/38807\/revisions"}],"predecessor-version":[{"id":58301,"href":"https:\/\/ljcreate.com\/es\/wp-json\/wp\/v2\/pages\/38807\/revisions\/58301"}],"up":[{"embeddable":true,"href":"https:\/\/ljcreate.com\/es\/wp-json\/wp\/v2\/pages\/26633"}],"wp:attachment":[{"href":"https:\/\/ljcreate.com\/es\/wp-json\/wp\/v2\/media?parent=38807"}],"curies":[{"name":"wp","href":"https:\/\/api.w.org\/{rel}","templated":true}]}}