{"id":26646,"date":"2021-10-26T08:46:40","date_gmt":"2021-10-26T13:46:40","guid":{"rendered":"https:\/\/alpha.ljcreate.com\/solicite-una-prueba-gratuita\/"},"modified":"2021-11-01T08:27:28","modified_gmt":"2021-11-01T13:27:28","slug":"solicite-una-prueba-gratuita","status":"publish","type":"page","link":"https:\/\/ljcreate.com\/es\/solicite-una-prueba-gratuita\/","title":{"rendered":"Solicite una prueba gratuita"},"content":{"rendered":"\r\n\r\n\t<a href=\"https:\/\/ljcreate.com\/es\/\">Home<\/a> &gt; Solicite una prueba gratuita\r\n\t<p>Disponible con una licencia anual, nuestro sistema de gesti\u00f3n de aprendizaje en l\u00ednea est\u00e1 repleto de alta calidad , cursos y lecciones preparados para estudiantes de todas las edades. Nuestro biblioteca de contenido en continuo crecimiento actualmente contiene m\u00e1s de 10,000 lecciones.<\/p>\r\n\t<h5>Los siguientes tipos de licencia est\u00e1n disponibles en nuestro LMS en l\u00ednea:<\/h5>\r\n<p><a href=\"https:\/\/ljcreate.com\/es\/elearning\/automotive-repair-skills\/\">Habilidades de reparaci\u00f3n automotriz (ALB2 \/ AL)<\/a><\/p>\r\n<p><a href=\"https:\/\/ljcreate.com\/es\/elearning\/lj-create-engineering\/\">Ingenier\u00eda (ENG1 \/ AL)<\/a><\/p>\r\n<p><a href=\"https:\/\/ljcreate.com\/es\/elearning\/working-with-stem\/\">Trabajar con STEM (WWS-AL)<\/a><\/p>\r\n<p>Simplemente complete el formulario a continuaci\u00f3n, eligiendo su tema de inter\u00e9s preferido, para obtener acceso a su contenido de prueba gratuito.<\/p>\r\n\t\t\t\t<img decoding=\"async\" data-src=\"https:\/\/ljcreate.com\/wp-content\/uploads\/2021\/09\/lmsSimulator.png\" alt=\"lmsSimulator\" itemprop=\"image\" height=\"341\" width=\"500\" title=\"lmsSimulator\" onerror=\"this.style.display='none'\" src=\"data:image\/svg+xml;base64,PHN2ZyB3aWR0aD0iMSIgaGVpZ2h0PSIxIiB4bWxucz0iaHR0cDovL3d3dy53My5vcmcvMjAwMC9zdmciPjwvc3ZnPg==\" class=\"lazyload\" style=\"--smush-placeholder-width: 500px; --smush-placeholder-aspect-ratio: 500\/341;\" \/>\r\n\t\t<h6>\r\n\t\t\t REGISTRO GRATUITO\r\n\t\t<\/h6>\r\n<h2>\r\n\t\t\u00a1Pruebe nuestro LMS en l\u00ednea gratis!\r\n\t<\/h2>\r\n\t<p>Reg\u00edstrese hoy para recibir 1 semana de acceso gratuito a nuestro LMS en l\u00ednea.<\/p>\r\n<p>Simplemente complete el formulario, eligiendo su tema de inter\u00e9s para obtener acceso hoy.<\/p>\r\n<p><strong><em>Al final de su prueba, tendr\u00e1 la oportunidad de extender su acceso gratuito por 3 semanas m\u00e1s.<\/em><\/strong><\/p>\r\n<h4>\r\n\t\tReg\u00edstrese para obtener acceso gratuito a nuestro LMS en l\u00ednea\r\n\t<\/h4>\r\n                <form method='post' enctype='multipart\/form-data' target='gform_ajax_frame_12' id='gform_12'  action='\/es\/solicite-una-prueba-gratuita\/?fl_builder#gf_12' novalidate>\r\n                        <label class='gfield_label' for='input_12_2'>Primer nombre(Obligatorio)<\/label><input name='input_2' id='input_12_2' type='text' value='' class='large'   tabindex='100' placeholder='Primer nombre' aria-required=\"true\" aria-invalid=\"false\"   \/> <label class='gfield_label' for='input_12_3'>Apellido(Obligatorio)<\/label><input name='input_3' id='input_12_3' type='text' value='' class='large'   tabindex='101' placeholder='Apellido' aria-required=\"true\" aria-invalid=\"false\"   \/> <label class='gfield_label' for='input_12_4'>Correo electr\u00f3nico(Obligatorio)<\/label><input name='input_4' id='input_12_4' type='text' value='' class='large'   tabindex='102' placeholder='Correo electr\u00f3nico' aria-required=\"true\" aria-invalid=\"false\"   \/> <label class='gfield_label' for='input_12_1'>Tipo de licencia(Obligatorio)<\/label><select name='input_1' id='input_12_1' class='large gfield_select' tabindex='103'   aria-required=\"true\" aria-invalid=\"false\"><option value='' selected='selected' class='gf_placeholder'>Tipo de licencia<\/option><option value='LMS2300'>Habilidades de reparaci\u00f3n automotriz<\/option><option value='LMS9246'>Ingenieria<\/option><\/select>\r\n         <input type='submit' id='gform_submit_button_12' class='gform_button button' value='Enviar' tabindex='104' onclick='if(window[\"gf_submitting_12\"]){return false;}  if( !jQuery(\"#gform_12\")[0].checkValidity || jQuery(\"#gform_12\")[0].checkValidity()){window[\"gf_submitting_12\"]=true;}  ' onkeypress='if( event.keyCode == 13 ){ if(window[\"gf_submitting_12\"]){return false;} if( !jQuery(\"#gform_12\")[0].checkValidity || jQuery(\"#gform_12\")[0].checkValidity()){window[\"gf_submitting_12\"]=true;}  jQuery(\"#gform_12\").trigger(\"submit\",[true]); }' \/> <input type='hidden' name='gform_ajax' value='form_id=12&amp;title=&amp;description=&amp;tabindex=100' \/>\r\n            <input type='hidden' class='gform_hidden' name='is_submit_12' value='1' \/>\r\n            <input type='hidden' class='gform_hidden' name='gform_submit' value='12' \/>\r\n            <input type='hidden' class='gform_hidden' name='gform_unique_id' value='' \/>\r\n            <input type='hidden' class='gform_hidden' name='state_12' value='WyJbXSIsImEzMzQxOGMxM2I4YjZhYmUyMThhMDM4OTU3ZWViNWQwIl0=' \/>\r\n            <input type='hidden' class='gform_hidden' name='gform_target_page_number_12' id='gform_target_page_number_12' value='0' \/>\r\n            <input type='hidden' class='gform_hidden' name='gform_source_page_number_12' id='gform_source_page_number_12' value='1' \/>\r\n            <input type='hidden' name='gform_field_values' value='' \/>\r\n                        <p><label>&#916;<textarea name=\"ak_hp_textarea\" cols=\"45\" rows=\"8\" maxlength=\"100\"><\/textarea><\/label><input type=\"hidden\" id=\"ak_js\" name=\"ak_js\" value=\"177\"\/><\/p><\/form>\r\n                <iframe style='display:none;width:0px;height:0px;' src='about:blank' name='gform_ajax_frame_12' id='gform_ajax_frame_12' title='Este iframe contiene la l\u00f3gica necesaria para gestionar formularios con ajax activado.'><\/iframe>\r\n\r\n","protected":false},"excerpt":{"rendered":"<p>Home &gt; Solicite una prueba gratuita Disponible con una licencia anual, nuestro sistema de gesti\u00f3n de aprendizaje en l\u00ednea est\u00e1 repleto de alta calidad , cursos y lecciones preparados para estudiantes de todas las edades. Nuestro biblioteca de contenido en continuo crecimiento actualmente contiene m\u00e1s de 10,000 lecciones. Los siguientes tipos de licencia est\u00e1n disponibles&hellip;<\/p>\n","protected":false},"author":1,"featured_media":0,"parent":0,"menu_order":15,"comment_status":"closed","ping_status":"closed","template":"","meta":{"_acf_changed":false,"inline_featured_image":false,"footnotes":""},"class_list":["post-26646","page","type-page","status-publish","hentry"],"acf":[],"yoast_head":"<!-- This site is optimized with the Yoast SEO plugin v27.3 - https:\/\/yoast.com\/product\/yoast-seo-wordpress\/ -->\n<title>Solicite una prueba gratuita | LJ Create<\/title>\n<meta name=\"robots\" content=\"index, follow, max-snippet:-1, max-image-preview:large, max-video-preview:-1\" \/>\n<link rel=\"canonical\" href=\"https:\/\/ljcreate.com\/es\/solicite-una-prueba-gratuita\/\" \/>\n<meta property=\"og:locale\" content=\"es_ES\" \/>\n<meta property=\"og:type\" content=\"article\" \/>\n<meta property=\"og:title\" content=\"Solicite una prueba gratuita | LJ Create\" \/>\n<meta property=\"og:description\" content=\"Home &gt; Solicite una prueba gratuita Disponible con una licencia anual, nuestro sistema de gesti\u00f3n de aprendizaje en l\u00ednea est\u00e1 repleto de alta calidad , cursos y lecciones preparados para estudiantes de todas las edades. Nuestro biblioteca de contenido en continuo crecimiento actualmente contiene m\u00e1s de 10,000 lecciones. Los siguientes tipos de licencia est\u00e1n disponibles&hellip;\" \/>\n<meta property=\"og:url\" content=\"https:\/\/ljcreate.com\/es\/solicite-una-prueba-gratuita\/\" \/>\n<meta property=\"og:site_name\" content=\"LJ Create\" \/>\n<meta property=\"article:modified_time\" content=\"2021-11-01T13:27:28+00:00\" \/>\n<meta property=\"og:image\" content=\"https:\/\/ljcreate.com\/wp-content\/uploads\/2021\/09\/lmsSimulator.png\" \/>\n<meta name=\"twitter:card\" content=\"summary_large_image\" \/>\n<meta name=\"twitter:label1\" content=\"Tiempo de lectura\" \/>\n\t<meta name=\"twitter:data1\" content=\"1 minuto\" \/>\n<script type=\"application\/ld+json\" class=\"yoast-schema-graph\">{\"@context\":\"https:\\\/\\\/schema.org\",\"@graph\":[{\"@type\":\"WebPage\",\"@id\":\"https:\\\/\\\/ljcreate.com\\\/es\\\/solicite-una-prueba-gratuita\\\/\",\"url\":\"https:\\\/\\\/ljcreate.com\\\/es\\\/solicite-una-prueba-gratuita\\\/\",\"name\":\"Solicite una prueba gratuita | LJ Create\",\"isPartOf\":{\"@id\":\"https:\\\/\\\/ljcreate.com\\\/es\\\/#website\"},\"primaryImageOfPage\":{\"@id\":\"https:\\\/\\\/ljcreate.com\\\/es\\\/solicite-una-prueba-gratuita\\\/#primaryimage\"},\"image\":{\"@id\":\"https:\\\/\\\/ljcreate.com\\\/es\\\/solicite-una-prueba-gratuita\\\/#primaryimage\"},\"thumbnailUrl\":\"https:\\\/\\\/ljcreate.com\\\/wp-content\\\/uploads\\\/2021\\\/09\\\/lmsSimulator.png\",\"datePublished\":\"2021-10-26T13:46:40+00:00\",\"dateModified\":\"2021-11-01T13:27:28+00:00\",\"breadcrumb\":{\"@id\":\"https:\\\/\\\/ljcreate.com\\\/es\\\/solicite-una-prueba-gratuita\\\/#breadcrumb\"},\"inLanguage\":\"es\",\"potentialAction\":[{\"@type\":\"ReadAction\",\"target\":[\"https:\\\/\\\/ljcreate.com\\\/es\\\/solicite-una-prueba-gratuita\\\/\"]}]},{\"@type\":\"ImageObject\",\"inLanguage\":\"es\",\"@id\":\"https:\\\/\\\/ljcreate.com\\\/es\\\/solicite-una-prueba-gratuita\\\/#primaryimage\",\"url\":\"https:\\\/\\\/ljcreate.com\\\/wp-content\\\/uploads\\\/2021\\\/09\\\/lmsSimulator.png\",\"contentUrl\":\"https:\\\/\\\/ljcreate.com\\\/wp-content\\\/uploads\\\/2021\\\/09\\\/lmsSimulator.png\"},{\"@type\":\"BreadcrumbList\",\"@id\":\"https:\\\/\\\/ljcreate.com\\\/es\\\/solicite-una-prueba-gratuita\\\/#breadcrumb\",\"itemListElement\":[{\"@type\":\"ListItem\",\"position\":1,\"name\":\"Home\",\"item\":\"https:\\\/\\\/ljcreate.com\\\/es\\\/\"},{\"@type\":\"ListItem\",\"position\":2,\"name\":\"Solicite una prueba gratuita\"}]},{\"@type\":\"WebSite\",\"@id\":\"https:\\\/\\\/ljcreate.com\\\/es\\\/#website\",\"url\":\"https:\\\/\\\/ljcreate.com\\\/es\\\/\",\"name\":\"LJ Create\",\"description\":\"Innovate, Inspire, and Engage\",\"publisher\":{\"@id\":\"https:\\\/\\\/ljcreate.com\\\/es\\\/#organization\"},\"alternateName\":\"Creative Learning (Norwich) Limited\",\"potentialAction\":[{\"@type\":\"SearchAction\",\"target\":{\"@type\":\"EntryPoint\",\"urlTemplate\":\"https:\\\/\\\/ljcreate.com\\\/es\\\/?s={search_term_string}\"},\"query-input\":{\"@type\":\"PropertyValueSpecification\",\"valueRequired\":true,\"valueName\":\"search_term_string\"}}],\"inLanguage\":\"es\"},{\"@type\":\"Organization\",\"@id\":\"https:\\\/\\\/ljcreate.com\\\/es\\\/#organization\",\"name\":\"LJ Create\",\"url\":\"https:\\\/\\\/ljcreate.com\\\/es\\\/\",\"logo\":{\"@type\":\"ImageObject\",\"inLanguage\":\"es\",\"@id\":\"https:\\\/\\\/ljcreate.com\\\/es\\\/#\\\/schema\\\/logo\\\/image\\\/\",\"url\":\"https:\\\/\\\/ljcreate.com\\\/wp-content\\\/uploads\\\/2021\\\/07\\\/logo.svg\",\"contentUrl\":\"https:\\\/\\\/ljcreate.com\\\/wp-content\\\/uploads\\\/2021\\\/07\\\/logo.svg\",\"width\":\"1024\",\"height\":\"1024\",\"caption\":\"LJ Create\"},\"image\":{\"@id\":\"https:\\\/\\\/ljcreate.com\\\/es\\\/#\\\/schema\\\/logo\\\/image\\\/\"}}]}<\/script>\n<!-- \/ Yoast SEO plugin. -->","yoast_head_json":{"title":"Solicite una prueba gratuita | LJ Create","robots":{"index":"index","follow":"follow","max-snippet":"max-snippet:-1","max-image-preview":"max-image-preview:large","max-video-preview":"max-video-preview:-1"},"canonical":"https:\/\/ljcreate.com\/es\/solicite-una-prueba-gratuita\/","og_locale":"es_ES","og_type":"article","og_title":"Solicite una prueba gratuita | LJ Create","og_description":"Home &gt; Solicite una prueba gratuita Disponible con una licencia anual, nuestro sistema de gesti\u00f3n de aprendizaje en l\u00ednea est\u00e1 repleto de alta calidad , cursos y lecciones preparados para estudiantes de todas las edades. Nuestro biblioteca de contenido en continuo crecimiento actualmente contiene m\u00e1s de 10,000 lecciones. Los siguientes tipos de licencia est\u00e1n disponibles&hellip;","og_url":"https:\/\/ljcreate.com\/es\/solicite-una-prueba-gratuita\/","og_site_name":"LJ Create","article_modified_time":"2021-11-01T13:27:28+00:00","og_image":[{"url":"https:\/\/ljcreate.com\/wp-content\/uploads\/2021\/09\/lmsSimulator.png","type":"","width":"","height":""}],"twitter_card":"summary_large_image","twitter_misc":{"Tiempo de lectura":"1 minuto"},"schema":{"@context":"https:\/\/schema.org","@graph":[{"@type":"WebPage","@id":"https:\/\/ljcreate.com\/es\/solicite-una-prueba-gratuita\/","url":"https:\/\/ljcreate.com\/es\/solicite-una-prueba-gratuita\/","name":"Solicite una prueba gratuita | LJ Create","isPartOf":{"@id":"https:\/\/ljcreate.com\/es\/#website"},"primaryImageOfPage":{"@id":"https:\/\/ljcreate.com\/es\/solicite-una-prueba-gratuita\/#primaryimage"},"image":{"@id":"https:\/\/ljcreate.com\/es\/solicite-una-prueba-gratuita\/#primaryimage"},"thumbnailUrl":"https:\/\/ljcreate.com\/wp-content\/uploads\/2021\/09\/lmsSimulator.png","datePublished":"2021-10-26T13:46:40+00:00","dateModified":"2021-11-01T13:27:28+00:00","breadcrumb":{"@id":"https:\/\/ljcreate.com\/es\/solicite-una-prueba-gratuita\/#breadcrumb"},"inLanguage":"es","potentialAction":[{"@type":"ReadAction","target":["https:\/\/ljcreate.com\/es\/solicite-una-prueba-gratuita\/"]}]},{"@type":"ImageObject","inLanguage":"es","@id":"https:\/\/ljcreate.com\/es\/solicite-una-prueba-gratuita\/#primaryimage","url":"https:\/\/ljcreate.com\/wp-content\/uploads\/2021\/09\/lmsSimulator.png","contentUrl":"https:\/\/ljcreate.com\/wp-content\/uploads\/2021\/09\/lmsSimulator.png"},{"@type":"BreadcrumbList","@id":"https:\/\/ljcreate.com\/es\/solicite-una-prueba-gratuita\/#breadcrumb","itemListElement":[{"@type":"ListItem","position":1,"name":"Home","item":"https:\/\/ljcreate.com\/es\/"},{"@type":"ListItem","position":2,"name":"Solicite una prueba gratuita"}]},{"@type":"WebSite","@id":"https:\/\/ljcreate.com\/es\/#website","url":"https:\/\/ljcreate.com\/es\/","name":"LJ Create","description":"Innovate, Inspire, and Engage","publisher":{"@id":"https:\/\/ljcreate.com\/es\/#organization"},"alternateName":"Creative Learning (Norwich) Limited","potentialAction":[{"@type":"SearchAction","target":{"@type":"EntryPoint","urlTemplate":"https:\/\/ljcreate.com\/es\/?s={search_term_string}"},"query-input":{"@type":"PropertyValueSpecification","valueRequired":true,"valueName":"search_term_string"}}],"inLanguage":"es"},{"@type":"Organization","@id":"https:\/\/ljcreate.com\/es\/#organization","name":"LJ Create","url":"https:\/\/ljcreate.com\/es\/","logo":{"@type":"ImageObject","inLanguage":"es","@id":"https:\/\/ljcreate.com\/es\/#\/schema\/logo\/image\/","url":"https:\/\/ljcreate.com\/wp-content\/uploads\/2021\/07\/logo.svg","contentUrl":"https:\/\/ljcreate.com\/wp-content\/uploads\/2021\/07\/logo.svg","width":"1024","height":"1024","caption":"LJ Create"},"image":{"@id":"https:\/\/ljcreate.com\/es\/#\/schema\/logo\/image\/"}}]}},"_links":{"self":[{"href":"https:\/\/ljcreate.com\/es\/wp-json\/wp\/v2\/pages\/26646","targetHints":{"allow":["GET"]}}],"collection":[{"href":"https:\/\/ljcreate.com\/es\/wp-json\/wp\/v2\/pages"}],"about":[{"href":"https:\/\/ljcreate.com\/es\/wp-json\/wp\/v2\/types\/page"}],"author":[{"embeddable":true,"href":"https:\/\/ljcreate.com\/es\/wp-json\/wp\/v2\/users\/1"}],"replies":[{"embeddable":true,"href":"https:\/\/ljcreate.com\/es\/wp-json\/wp\/v2\/comments?post=26646"}],"version-history":[{"count":3,"href":"https:\/\/ljcreate.com\/es\/wp-json\/wp\/v2\/pages\/26646\/revisions"}],"predecessor-version":[{"id":27004,"href":"https:\/\/ljcreate.com\/es\/wp-json\/wp\/v2\/pages\/26646\/revisions\/27004"}],"wp:attachment":[{"href":"https:\/\/ljcreate.com\/es\/wp-json\/wp\/v2\/media?parent=26646"}],"curies":[{"name":"wp","href":"https:\/\/api.w.org\/{rel}","templated":true}]}}