{"id":26645,"date":"2021-10-26T08:39:42","date_gmt":"2021-10-26T13:39:42","guid":{"rendered":"https:\/\/alpha.ljcreate.com\/contactenos\/"},"modified":"2022-07-27T14:52:56","modified_gmt":"2022-07-27T13:52:56","slug":"contactenos","status":"publish","type":"page","link":"https:\/\/ljcreate.com\/es\/contactenos\/","title":{"rendered":"Cont\u00e1ctenos"},"content":{"rendered":"\n\n\t<a href=\"https:\/\/ljcreate.com\/es\/\">Home<\/a> &gt; Cont\u00e1ctenos\n<h2>\n\t\t\u00a1Esperamos con inter\u00e9s escuchar de usted!\n\t<\/h2>\n\t<p>Comun\u00edquese con nosotros mediante uno de los m\u00e9todos siguientes. Haremos todo lo posible para responder a cualquier consulta que pueda tener de forma r\u00e1pida y eficaz.<\/p>\n\t\t<ul>\n\t\t\t\t\t<li>\n\t\t\t\t\t<a href=\"tel:01603748001\" target=\"_self\" rel=\"noopener\">\n\t\t\t\t<p>+44 (0)1603 748001<\/p>\n\t\t\t\t\t<\/a>\n\t\t\t<\/li>\n\t\t\t\t\t<li>\n\t\t\t\t\t<a href=\"mailto:info@ljcreate.co.uk\" target=\"_self\" rel=\"noopener\">\n\t\t\t\t<p>info@ljcreate.co.uk<\/p>\n\t\t\t\t\t<\/a>\n\t\t\t<\/li>\n\t\t\t\t\t<li>\n\t\t\t\t\n\t\t\t<\/li>\n\t\t\t\t\t<li>\n\t\t\t\t\t<a href=\"https:\/\/g.page\/LJCreate?share\" target=\"_blank\" rel=\"noopener\">\n\t\t\t\t<p>LJ Create &#8211; Morgan Way, Bowthorpe Norwich NR5 9JJ Reino Unido<\/p>\n\t\t\t\t\t<\/a>\n\t\t\t<\/li>\n\t\t\t\t<\/ul>\n\t<iframe data-src=\"https:\/\/www.google.com\/maps\/embed\/v1\/place?q=LJ+Create+-+Morgan+Way%2C+Bowthorpe+Norwich+NR5+9JJ+Reino+Unido&#038;key=AIzaSyD09zQ9PNDNNy9TadMuzRV_UsPUoWKntt8\" aria-hidden=\"true\" src=\"data:image\/svg+xml;base64,PHN2ZyB3aWR0aD0iMSIgaGVpZ2h0PSIxIiB4bWxucz0iaHR0cDovL3d3dy53My5vcmcvMjAwMC9zdmciPjwvc3ZnPg==\" class=\"lazyload\" data-load-mode=\"1\"><\/iframe>\n<h4>\n\t\t\u00a1Ponerse en contacto!\n\t<\/h4>\n                <form method='post' enctype='multipart\/form-data' target='gform_ajax_frame_5' id='gform_5'  action='\/es\/contactenos\/?fl_builder#gf_5' novalidate><input id=\"input_8ac3e2f34a68d50055f36935b9a3b724\" type=\"hidden\" name=\"input_8ac3e2f34a68d50055f36935b9a3b724\" value=\"\"\/>\n                        <label class='gfield_label' for='input_5_9'>First Name*<\/label><input name='input_9' id='input_5_9' type='text' value='' class='large'   tabindex='101' placeholder='First Name' aria-required=\"true\" aria-invalid=\"false\"   \/> <label class='gfield_label' for='input_5_10'>Last Name*<\/label><input name='input_10' id='input_5_10' type='text' value='' class='large'   tabindex='102' placeholder='Last Name' aria-required=\"true\" aria-invalid=\"false\"   \/> <label class='gfield_label' for='input_5_2'>Email*<\/label>\n                            <input name='input_2' id='input_5_2' type='email' value='' class='large' tabindex='103'  placeholder='Email' aria-required=\"true\" aria-invalid=\"false\"  \/>\n                        <label class='gfield_label' for='input_5_11'>School\/Organisation<\/label><input name='input_11' id='input_5_11' type='text' value='' class='large'   tabindex='104' placeholder='School\/Organisation'  aria-invalid=\"false\"   \/> <label class='gfield_label' for='input_5_12'>Role<\/label><input name='input_12' id='input_5_12' type='text' value='' class='large'   tabindex='105' placeholder='Role'  aria-invalid=\"false\"   \/> <label class='gfield_label' for='input_5_13'>Phone*<\/label><input name='input_13' id='input_5_13' type='tel' value='' class='large' tabindex='106' placeholder='Phone' aria-required=\"true\" aria-invalid=\"false\"   \/><label class='gfield_label' for='input_5_14'>Town\/City<\/label><input name='input_14' id='input_5_14' type='text' value='' class='large'   tabindex='107' placeholder='Town\/City'  aria-invalid=\"false\"   \/> <label class='gfield_label' for='input_5_16'>Country<\/label><select name='input_16' id='input_5_16' class='large gfield_select' tabindex='108'    aria-invalid=\"false\"><option value='' selected='selected' class='gf_placeholder'>Country<\/option><option value='Afghanistan'>Afghanistan<\/option><option value='Albania'>Albania<\/option><option value='Algeria'>Algeria<\/option><option value='American Samoa'>American Samoa<\/option><option value='Andorra'>Andorra<\/option><option value='Angola'>Angola<\/option><option value='Anguilla'>Anguilla<\/option><option value='Antarctica'>Antarctica<\/option><option value='Antigua and Barbuda'>Antigua and Barbuda<\/option><option value='Argentina'>Argentina<\/option><option value='Armenia'>Armenia<\/option><option value='Aruba'>Aruba<\/option><option value='Australia'>Australia<\/option><option value='Austria'>Austria<\/option><option value='Azerbaijan'>Azerbaijan<\/option><option value='Bahamas'>Bahamas<\/option><option value='Bahrain'>Bahrain<\/option><option value='Bangladesh'>Bangladesh<\/option><option value='Barbados'>Barbados<\/option><option value='Belarus'>Belarus<\/option><option value='Belgium'>Belgium<\/option><option value='Belize'>Belize<\/option><option value='Benin'>Benin<\/option><option value='Bermuda'>Bermuda<\/option><option value='Bhutan'>Bhutan<\/option><option value='Bolivia'>Bolivia<\/option><option value='Bonaire, Sint Eustatius and Saba'>Bonaire, Sint Eustatius and Saba<\/option><option value='Bosnia and Herzegovina'>Bosnia and Herzegovina<\/option><option value='Botswana'>Botswana<\/option><option value='Bouvet Island'>Bouvet Island<\/option><option value='Brazil'>Brazil<\/option><option value='British Indian Ocean Territory'>British Indian Ocean Territory<\/option><option value='Brunei Darussalam'>Brunei Darussalam<\/option><option value='Bulgaria'>Bulgaria<\/option><option value='Burkina Faso'>Burkina Faso<\/option><option value='Burundi'>Burundi<\/option><option value='Cambodia'>Cambodia<\/option><option value='Cameroon'>Cameroon<\/option><option value='Canada'>Canada<\/option><option value='Cape Verde'>Cape Verde<\/option><option value='Cayman Islands'>Cayman Islands<\/option><option value='Central African Republic'>Central African Republic<\/option><option value='Chad'>Chad<\/option><option value='Chile'>Chile<\/option><option value='China'>China<\/option><option value='Christmas Island'>Christmas Island<\/option><option value='Cocos Islands'>Cocos Islands<\/option><option value='Colombia'>Colombia<\/option><option value='Comoros'>Comoros<\/option><option value='Congo, Democratic Republic of the'>Congo, Democratic Republic of the<\/option><option value='Congo, Republic of the'>Congo, Republic of the<\/option><option value='Cook Islands'>Cook Islands<\/option><option value='Costa Rica'>Costa Rica<\/option><option value='Croatia'>Croatia<\/option><option value='Cuba'>Cuba<\/option><option value='Cura\u00e7ao'>Cura\u00e7ao<\/option><option value='Cyprus'>Cyprus<\/option><option value='Czech Republic'>Czech Republic<\/option><option value='C\u00f4te d&#039;Ivoire'>C\u00f4te d&#039;Ivoire<\/option><option value='Denmark'>Denmark<\/option><option value='Djibouti'>Djibouti<\/option><option value='Dominica'>Dominica<\/option><option value='Dominican Republic'>Dominican Republic<\/option><option value='Ecuador'>Ecuador<\/option><option value='Egypt'>Egypt<\/option><option value='El Salvador'>El Salvador<\/option><option value='Equatorial Guinea'>Equatorial Guinea<\/option><option value='Eritrea'>Eritrea<\/option><option value='Estonia'>Estonia<\/option><option value='Eswatini (Swaziland)'>Eswatini (Swaziland)<\/option><option value='Ethiopia'>Ethiopia<\/option><option value='Falkland Islands'>Falkland Islands<\/option><option value='Faroe Islands'>Faroe Islands<\/option><option value='Fiji'>Fiji<\/option><option value='Finland'>Finland<\/option><option value='France'>France<\/option><option value='French Guiana'>French Guiana<\/option><option value='French Polynesia'>French Polynesia<\/option><option value='French Southern Territories'>French Southern Territories<\/option><option value='Gabon'>Gabon<\/option><option value='Gambia'>Gambia<\/option><option value='Georgia'>Georgia<\/option><option value='Germany'>Germany<\/option><option value='Ghana'>Ghana<\/option><option value='Gibraltar'>Gibraltar<\/option><option value='Greece'>Greece<\/option><option value='Greenland'>Greenland<\/option><option value='Grenada'>Grenada<\/option><option value='Guadeloupe'>Guadeloupe<\/option><option value='Guam'>Guam<\/option><option value='Guatemala'>Guatemala<\/option><option value='Guernsey'>Guernsey<\/option><option value='Guinea'>Guinea<\/option><option value='Guinea-Bissau'>Guinea-Bissau<\/option><option value='Guyana'>Guyana<\/option><option value='Haiti'>Haiti<\/option><option value='Heard and McDonald Islands'>Heard and McDonald Islands<\/option><option value='Holy See'>Holy See<\/option><option value='Honduras'>Honduras<\/option><option value='Hong Kong'>Hong Kong<\/option><option value='Hungary'>Hungary<\/option><option value='Iceland'>Iceland<\/option><option value='India'>India<\/option><option value='Indonesia'>Indonesia<\/option><option value='Iran'>Iran<\/option><option value='Iraq'>Iraq<\/option><option value='Ireland'>Ireland<\/option><option value='Isle of Man'>Isle of Man<\/option><option value='Israel'>Israel<\/option><option value='Italy'>Italy<\/option><option value='Jamaica'>Jamaica<\/option><option value='Japan'>Japan<\/option><option value='Jersey'>Jersey<\/option><option value='Jordan'>Jordan<\/option><option value='Kazakhstan'>Kazakhstan<\/option><option value='Kenya'>Kenya<\/option><option value='Kiribati'>Kiribati<\/option><option value='Kuwait'>Kuwait<\/option><option value='Kyrgyzstan'>Kyrgyzstan<\/option><option value='Lao People&#039;s Democratic Republic'>Lao People&#039;s Democratic Republic<\/option><option value='Latvia'>Latvia<\/option><option value='Lebanon'>Lebanon<\/option><option value='Lesotho'>Lesotho<\/option><option value='Liberia'>Liberia<\/option><option value='Libya'>Libya<\/option><option value='Liechtenstein'>Liechtenstein<\/option><option value='Lithuania'>Lithuania<\/option><option value='Luxembourg'>Luxembourg<\/option><option value='Macau'>Macau<\/option><option value='Macedonia'>Macedonia<\/option><option value='Madagascar'>Madagascar<\/option><option value='Malawi'>Malawi<\/option><option value='Malaysia'>Malaysia<\/option><option value='Maldives'>Maldives<\/option><option value='Mali'>Mali<\/option><option value='Malta'>Malta<\/option><option value='Marshall Islands'>Marshall Islands<\/option><option value='Martinique'>Martinique<\/option><option value='Mauritania'>Mauritania<\/option><option value='Mauritius'>Mauritius<\/option><option value='Mayotte'>Mayotte<\/option><option value='Mexico'>Mexico<\/option><option value='Micronesia'>Micronesia<\/option><option value='Moldova'>Moldova<\/option><option value='Monaco'>Monaco<\/option><option value='Mongolia'>Mongolia<\/option><option value='Montenegro'>Montenegro<\/option><option value='Montserrat'>Montserrat<\/option><option value='Morocco'>Morocco<\/option><option value='Mozambique'>Mozambique<\/option><option value='Myanmar'>Myanmar<\/option><option value='Namibia'>Namibia<\/option><option value='Nauru'>Nauru<\/option><option value='Nepal'>Nepal<\/option><option value='Netherlands'>Netherlands<\/option><option value='New Caledonia'>New Caledonia<\/option><option value='New Zealand'>New Zealand<\/option><option value='Nicaragua'>Nicaragua<\/option><option value='Niger'>Niger<\/option><option value='Nigeria'>Nigeria<\/option><option value='Niue'>Niue<\/option><option value='Norfolk Island'>Norfolk Island<\/option><option value='North Korea'>North Korea<\/option><option value='Northern Mariana Islands'>Northern Mariana Islands<\/option><option value='Norway'>Norway<\/option><option value='Oman'>Oman<\/option><option value='Pakistan'>Pakistan<\/option><option value='Palau'>Palau<\/option><option value='Palestine, State of'>Palestine, State of<\/option><option value='Panama'>Panama<\/option><option value='Papua New Guinea'>Papua New Guinea<\/option><option value='Paraguay'>Paraguay<\/option><option value='Peru'>Peru<\/option><option value='Philippines'>Philippines<\/option><option value='Pitcairn'>Pitcairn<\/option><option value='Poland'>Poland<\/option><option value='Portugal'>Portugal<\/option><option value='Puerto Rico'>Puerto Rico<\/option><option value='Qatar'>Qatar<\/option><option value='Romania'>Romania<\/option><option value='Russia'>Russia<\/option><option value='Rwanda'>Rwanda<\/option><option value='R\u00e9union'>R\u00e9union<\/option><option value='Saint Barth\u00e9lemy'>Saint Barth\u00e9lemy<\/option><option value='Saint Helena'>Saint Helena<\/option><option value='Saint Kitts and Nevis'>Saint Kitts and Nevis<\/option><option value='Saint Lucia'>Saint Lucia<\/option><option value='Saint Martin'>Saint Martin<\/option><option value='Saint Pierre and Miquelon'>Saint Pierre and Miquelon<\/option><option value='Saint Vincent and the Grenadines'>Saint Vincent and the Grenadines<\/option><option value='Samoa'>Samoa<\/option><option value='San Marino'>San Marino<\/option><option value='Sao Tome and Principe'>Sao Tome and Principe<\/option><option value='Saudi Arabia'>Saudi Arabia<\/option><option value='Senegal'>Senegal<\/option><option value='Serbia'>Serbia<\/option><option value='Seychelles'>Seychelles<\/option><option value='Sierra Leone'>Sierra Leone<\/option><option value='Singapore'>Singapore<\/option><option value='Sint Maarten'>Sint Maarten<\/option><option value='Slovakia'>Slovakia<\/option><option value='Slovenia'>Slovenia<\/option><option value='Solomon Islands'>Solomon Islands<\/option><option value='Somalia'>Somalia<\/option><option value='South Africa'>South Africa<\/option><option value='South Georgia'>South Georgia<\/option><option value='South Korea'>South Korea<\/option><option value='South Sudan'>South Sudan<\/option><option value='Spain'>Spain<\/option><option value='Sri Lanka'>Sri Lanka<\/option><option value='Sudan'>Sudan<\/option><option value='Suriname'>Suriname<\/option><option value='Svalbard and Jan Mayen Islands'>Svalbard and Jan Mayen Islands<\/option><option value='Sweden'>Sweden<\/option><option value='Switzerland'>Switzerland<\/option><option value='Syria'>Syria<\/option><option value='Taiwan'>Taiwan<\/option><option value='Tajikistan'>Tajikistan<\/option><option value='Tanzania'>Tanzania<\/option><option value='Thailand'>Thailand<\/option><option value='Timor-Leste'>Timor-Leste<\/option><option value='Togo'>Togo<\/option><option value='Tokelau'>Tokelau<\/option><option value='Tonga'>Tonga<\/option><option value='Trinidad and Tobago'>Trinidad and Tobago<\/option><option value='Tunisia'>Tunisia<\/option><option value='Turkey'>Turkey<\/option><option value='Turkmenistan'>Turkmenistan<\/option><option value='Turks and Caicos Islands'>Turks and Caicos Islands<\/option><option value='Tuvalu'>Tuvalu<\/option><option value='US Minor Outlying Islands'>US Minor Outlying Islands<\/option><option value='Uganda'>Uganda<\/option><option value='Ukraine'>Ukraine<\/option><option value='United Arab Emirates'>United Arab Emirates<\/option><option value='United Kingdom'>United Kingdom<\/option><option value='United States'>United States<\/option><option value='Uruguay'>Uruguay<\/option><option value='Uzbekistan'>Uzbekistan<\/option><option value='Vanuatu'>Vanuatu<\/option><option value='Venezuela'>Venezuela<\/option><option value='Vietnam'>Vietnam<\/option><option value='Virgin Islands, British'>Virgin Islands, British<\/option><option value='Virgin Islands, U.S.'>Virgin Islands, U.S.<\/option><option value='Wallis and Futuna'>Wallis and Futuna<\/option><option value='Western Sahara'>Western Sahara<\/option><option value='Yemen'>Yemen<\/option><option value='Zambia'>Zambia<\/option><option value='Zimbabwe'>Zimbabwe<\/option><option value='\u00c5land Islands'>\u00c5land Islands<\/option><\/select><label class='gfield_label' for='input_5_19'>Subject Area<\/label><select name='input_19' id='input_5_19' class='large gfield_select' tabindex='109'    aria-invalid=\"false\"><option value='' selected='selected' class='gf_placeholder'>Subject Area<\/option><option value='eLearning'>eLearning<\/option><option value='Engineering'>Engineering<\/option><option value='Automotive Technology'>Automotive Technology<\/option><option value='Other'>Other<\/option><\/select><label class='gfield_label' for='input_5_5'>Your Message*<\/label><textarea name='input_5' id='input_5_5' class='textarea small' tabindex='110'   placeholder='Your Message' aria-required=\"true\" aria-invalid=\"false\"   rows='10' cols='50'><\/textarea>This site is protected by reCAPTCHA and the Google\n    <a href=\"https:\/\/policies.google.com\/privacy\">Privacy Policy<\/a> and\n    <a href=\"https:\/\/policies.google.com\/terms\">Terms of Service<\/a> apply.\n         <input type='submit' id='gform_submit_button_5' class='gform_button button' value='Submit' tabindex='111' onclick='if(window[\"gf_submitting_5\"]){return false;}  if( !jQuery(\"#gform_5\")[0].checkValidity || jQuery(\"#gform_5\")[0].checkValidity()){window[\"gf_submitting_5\"]=true;}  ' onkeypress='if( event.keyCode == 13 ){ if(window[\"gf_submitting_5\"]){return false;} if( !jQuery(\"#gform_5\")[0].checkValidity || jQuery(\"#gform_5\")[0].checkValidity()){window[\"gf_submitting_5\"]=true;}  jQuery(\"#gform_5\").trigger(\"submit\",[true]); }' \/> <input type='hidden' name='gform_ajax' value='form_id=5&amp;title=&amp;description=&amp;tabindex=100' \/>\n            <input type='hidden' class='gform_hidden' name='is_submit_5' value='1' \/>\n            <input type='hidden' class='gform_hidden' name='gform_submit' value='5' \/>\n            <input type='hidden' class='gform_hidden' name='gform_unique_id' value='' \/>\n            <input type='hidden' class='gform_hidden' name='state_5' value='WyJbXSIsImEzMzQxOGMxM2I4YjZhYmUyMThhMDM4OTU3ZWViNWQwIl0=' \/>\n            <input type='hidden' class='gform_hidden' name='gform_target_page_number_5' id='gform_target_page_number_5' value='0' \/>\n            <input type='hidden' class='gform_hidden' name='gform_source_page_number_5' id='gform_source_page_number_5' value='1' \/>\n            <input type='hidden' name='gform_field_values' value='' \/>\n                        <p><label>&#916;<textarea name=\"ak_hp_textarea\" cols=\"45\" rows=\"8\" maxlength=\"100\"><\/textarea><\/label><input type=\"hidden\" id=\"ak_js_1\" name=\"ak_js\" value=\"65\"\/><\/p><\/form>\n                <iframe style='display:none;width:0px;height:0px;' src='about:blank' name='gform_ajax_frame_5' id='gform_ajax_frame_5' title='Este iframe contiene la l\u00f3gica necesaria para gestionar formularios con ajax activado.'><\/iframe>\n\n","protected":false},"excerpt":{"rendered":"<p>Home &gt; Cont\u00e1ctenos \u00a1Esperamos con inter\u00e9s escuchar de usted! Comun\u00edquese con nosotros mediante uno de los m\u00e9todos siguientes. Haremos todo lo posible para responder a cualquier consulta que pueda tener de forma r\u00e1pida y eficaz. +44 (0)1603 748001 info@ljcreate.co.uk LJ Create &#8211; Morgan Way, Bowthorpe Norwich NR5 9JJ Reino Unido \u00a1Ponerse en contacto! First Name*&hellip;<\/p>\n","protected":false},"author":1,"featured_media":0,"parent":0,"menu_order":14,"comment_status":"closed","ping_status":"closed","template":"","meta":{"_acf_changed":false,"inline_featured_image":false,"footnotes":""},"class_list":["post-26645","page","type-page","status-publish","hentry"],"acf":[],"yoast_head":"<!-- This site is optimized with the Yoast SEO plugin v27.3 - https:\/\/yoast.com\/product\/yoast-seo-wordpress\/ -->\n<title>Cont\u00e1ctenos | LJ Create<\/title>\n<meta name=\"robots\" content=\"index, follow, max-snippet:-1, max-image-preview:large, max-video-preview:-1\" \/>\n<link rel=\"canonical\" href=\"https:\/\/ljcreate.com\/es\/contactenos\/\" \/>\n<meta property=\"og:locale\" content=\"es_ES\" \/>\n<meta property=\"og:type\" content=\"article\" \/>\n<meta property=\"og:title\" content=\"Cont\u00e1ctenos | LJ Create\" \/>\n<meta property=\"og:description\" content=\"Home &gt; Cont\u00e1ctenos \u00a1Esperamos con inter\u00e9s escuchar de usted! Comun\u00edquese con nosotros mediante uno de los m\u00e9todos siguientes. Haremos todo lo posible para responder a cualquier consulta que pueda tener de forma r\u00e1pida y eficaz. +44 (0)1603 748001 info@ljcreate.co.uk LJ Create &#8211; Morgan Way, Bowthorpe Norwich NR5 9JJ Reino Unido \u00a1Ponerse en contacto! First Name*&hellip;\" \/>\n<meta property=\"og:url\" content=\"https:\/\/ljcreate.com\/es\/contactenos\/\" \/>\n<meta property=\"og:site_name\" content=\"LJ Create\" \/>\n<meta property=\"article:modified_time\" content=\"2022-07-27T13:52:56+00:00\" \/>\n<meta name=\"twitter:card\" content=\"summary_large_image\" \/>\n<meta name=\"twitter:label1\" content=\"Tiempo de lectura\" \/>\n\t<meta name=\"twitter:data1\" content=\"1 minuto\" \/>\n<script type=\"application\/ld+json\" class=\"yoast-schema-graph\">{\"@context\":\"https:\\\/\\\/schema.org\",\"@graph\":[{\"@type\":\"WebPage\",\"@id\":\"https:\\\/\\\/ljcreate.com\\\/es\\\/contactenos\\\/\",\"url\":\"https:\\\/\\\/ljcreate.com\\\/es\\\/contactenos\\\/\",\"name\":\"Cont\u00e1ctenos | LJ Create\",\"isPartOf\":{\"@id\":\"https:\\\/\\\/ljcreate.com\\\/es\\\/#website\"},\"datePublished\":\"2021-10-26T13:39:42+00:00\",\"dateModified\":\"2022-07-27T13:52:56+00:00\",\"breadcrumb\":{\"@id\":\"https:\\\/\\\/ljcreate.com\\\/es\\\/contactenos\\\/#breadcrumb\"},\"inLanguage\":\"es\",\"potentialAction\":[{\"@type\":\"ReadAction\",\"target\":[\"https:\\\/\\\/ljcreate.com\\\/es\\\/contactenos\\\/\"]}]},{\"@type\":\"BreadcrumbList\",\"@id\":\"https:\\\/\\\/ljcreate.com\\\/es\\\/contactenos\\\/#breadcrumb\",\"itemListElement\":[{\"@type\":\"ListItem\",\"position\":1,\"name\":\"Home\",\"item\":\"https:\\\/\\\/ljcreate.com\\\/es\\\/\"},{\"@type\":\"ListItem\",\"position\":2,\"name\":\"Cont\u00e1ctenos\"}]},{\"@type\":\"WebSite\",\"@id\":\"https:\\\/\\\/ljcreate.com\\\/es\\\/#website\",\"url\":\"https:\\\/\\\/ljcreate.com\\\/es\\\/\",\"name\":\"LJ Create\",\"description\":\"Innovate, Inspire, and Engage\",\"publisher\":{\"@id\":\"https:\\\/\\\/ljcreate.com\\\/es\\\/#organization\"},\"alternateName\":\"Creative Learning (Norwich) Limited\",\"potentialAction\":[{\"@type\":\"SearchAction\",\"target\":{\"@type\":\"EntryPoint\",\"urlTemplate\":\"https:\\\/\\\/ljcreate.com\\\/es\\\/?s={search_term_string}\"},\"query-input\":{\"@type\":\"PropertyValueSpecification\",\"valueRequired\":true,\"valueName\":\"search_term_string\"}}],\"inLanguage\":\"es\"},{\"@type\":\"Organization\",\"@id\":\"https:\\\/\\\/ljcreate.com\\\/es\\\/#organization\",\"name\":\"LJ Create\",\"url\":\"https:\\\/\\\/ljcreate.com\\\/es\\\/\",\"logo\":{\"@type\":\"ImageObject\",\"inLanguage\":\"es\",\"@id\":\"https:\\\/\\\/ljcreate.com\\\/es\\\/#\\\/schema\\\/logo\\\/image\\\/\",\"url\":\"https:\\\/\\\/ljcreate.com\\\/wp-content\\\/uploads\\\/2021\\\/07\\\/logo.svg\",\"contentUrl\":\"https:\\\/\\\/ljcreate.com\\\/wp-content\\\/uploads\\\/2021\\\/07\\\/logo.svg\",\"width\":\"1024\",\"height\":\"1024\",\"caption\":\"LJ Create\"},\"image\":{\"@id\":\"https:\\\/\\\/ljcreate.com\\\/es\\\/#\\\/schema\\\/logo\\\/image\\\/\"}}]}<\/script>\n<!-- \/ Yoast SEO plugin. -->","yoast_head_json":{"title":"Cont\u00e1ctenos | LJ Create","robots":{"index":"index","follow":"follow","max-snippet":"max-snippet:-1","max-image-preview":"max-image-preview:large","max-video-preview":"max-video-preview:-1"},"canonical":"https:\/\/ljcreate.com\/es\/contactenos\/","og_locale":"es_ES","og_type":"article","og_title":"Cont\u00e1ctenos | LJ Create","og_description":"Home &gt; Cont\u00e1ctenos \u00a1Esperamos con inter\u00e9s escuchar de usted! Comun\u00edquese con nosotros mediante uno de los m\u00e9todos siguientes. Haremos todo lo posible para responder a cualquier consulta que pueda tener de forma r\u00e1pida y eficaz. +44 (0)1603 748001 info@ljcreate.co.uk LJ Create &#8211; Morgan Way, Bowthorpe Norwich NR5 9JJ Reino Unido \u00a1Ponerse en contacto! First Name*&hellip;","og_url":"https:\/\/ljcreate.com\/es\/contactenos\/","og_site_name":"LJ Create","article_modified_time":"2022-07-27T13:52:56+00:00","twitter_card":"summary_large_image","twitter_misc":{"Tiempo de lectura":"1 minuto"},"schema":{"@context":"https:\/\/schema.org","@graph":[{"@type":"WebPage","@id":"https:\/\/ljcreate.com\/es\/contactenos\/","url":"https:\/\/ljcreate.com\/es\/contactenos\/","name":"Cont\u00e1ctenos | LJ Create","isPartOf":{"@id":"https:\/\/ljcreate.com\/es\/#website"},"datePublished":"2021-10-26T13:39:42+00:00","dateModified":"2022-07-27T13:52:56+00:00","breadcrumb":{"@id":"https:\/\/ljcreate.com\/es\/contactenos\/#breadcrumb"},"inLanguage":"es","potentialAction":[{"@type":"ReadAction","target":["https:\/\/ljcreate.com\/es\/contactenos\/"]}]},{"@type":"BreadcrumbList","@id":"https:\/\/ljcreate.com\/es\/contactenos\/#breadcrumb","itemListElement":[{"@type":"ListItem","position":1,"name":"Home","item":"https:\/\/ljcreate.com\/es\/"},{"@type":"ListItem","position":2,"name":"Cont\u00e1ctenos"}]},{"@type":"WebSite","@id":"https:\/\/ljcreate.com\/es\/#website","url":"https:\/\/ljcreate.com\/es\/","name":"LJ Create","description":"Innovate, Inspire, and Engage","publisher":{"@id":"https:\/\/ljcreate.com\/es\/#organization"},"alternateName":"Creative Learning (Norwich) Limited","potentialAction":[{"@type":"SearchAction","target":{"@type":"EntryPoint","urlTemplate":"https:\/\/ljcreate.com\/es\/?s={search_term_string}"},"query-input":{"@type":"PropertyValueSpecification","valueRequired":true,"valueName":"search_term_string"}}],"inLanguage":"es"},{"@type":"Organization","@id":"https:\/\/ljcreate.com\/es\/#organization","name":"LJ Create","url":"https:\/\/ljcreate.com\/es\/","logo":{"@type":"ImageObject","inLanguage":"es","@id":"https:\/\/ljcreate.com\/es\/#\/schema\/logo\/image\/","url":"https:\/\/ljcreate.com\/wp-content\/uploads\/2021\/07\/logo.svg","contentUrl":"https:\/\/ljcreate.com\/wp-content\/uploads\/2021\/07\/logo.svg","width":"1024","height":"1024","caption":"LJ Create"},"image":{"@id":"https:\/\/ljcreate.com\/es\/#\/schema\/logo\/image\/"}}]}},"_links":{"self":[{"href":"https:\/\/ljcreate.com\/es\/wp-json\/wp\/v2\/pages\/26645","targetHints":{"allow":["GET"]}}],"collection":[{"href":"https:\/\/ljcreate.com\/es\/wp-json\/wp\/v2\/pages"}],"about":[{"href":"https:\/\/ljcreate.com\/es\/wp-json\/wp\/v2\/types\/page"}],"author":[{"embeddable":true,"href":"https:\/\/ljcreate.com\/es\/wp-json\/wp\/v2\/users\/1"}],"replies":[{"embeddable":true,"href":"https:\/\/ljcreate.com\/es\/wp-json\/wp\/v2\/comments?post=26645"}],"version-history":[{"count":3,"href":"https:\/\/ljcreate.com\/es\/wp-json\/wp\/v2\/pages\/26645\/revisions"}],"predecessor-version":[{"id":35177,"href":"https:\/\/ljcreate.com\/es\/wp-json\/wp\/v2\/pages\/26645\/revisions\/35177"}],"wp:attachment":[{"href":"https:\/\/ljcreate.com\/es\/wp-json\/wp\/v2\/media?parent=26645"}],"curies":[{"name":"wp","href":"https:\/\/api.w.org\/{rel}","templated":true}]}}