{"id":26643,"date":"2021-10-26T08:30:21","date_gmt":"2021-10-26T13:30:21","guid":{"rendered":"https:\/\/alpha.ljcreate.com\/nuestra-historia\/"},"modified":"2024-10-02T17:15:54","modified_gmt":"2024-10-02T16:15:54","slug":"nuestra-historia","status":"publish","type":"page","link":"https:\/\/ljcreate.com\/es\/nuestra-historia\/","title":{"rendered":"Nuestra historia"},"content":{"rendered":"\n\n\t<nav id=\"breadcrumbs\" aria-label=\"Breadcrumbs\"><a href=\"https:\/\/ljcreate.com\/es\/\">Home<\/a> &gt; Nuestra historia<\/nav>\n\t<p>LJ Create ha proporcionado soluciones de aprendizaje activo galardonadas y de clase mundial para la educaci\u00f3n t\u00e9cnica durante m\u00e1s de 40 a\u00f1os. Hoy creamos sistemas completos que combinan contenido digital en la nube y kits de hardware hechos a medida que brindan un aprendizaje innovador e inspirador en ciencia, tecnolog\u00eda e ingenier\u00eda.<\/p>\n\t<p>Nuestra misi\u00f3n es permitir que los estudiantes de todo el mundo alcancen su m\u00e1ximo potencial en una amplia gama de \u00e1reas de ciencia e ingenier\u00eda al proporcionar soluciones de ense\u00f1anza para escuelas y educaci\u00f3n superior.<\/p>\n<h2>\n\t\tNuestra historia:\n\t<\/h2>\n\t\t<h5>\n\t\t\t1979\n\t\t<\/h5>\n\t\t\t<p>El fundador de la empresa, Larry Rowe, tiene \u00e9xito en una competencia local para empresas y gana una f\u00e1brica durante un a\u00f1o.<\/p>\t\t\n\t\t<h5>\n\t\t\t1987\n\t\t<\/h5>\n\t\t\t<p>LJ compra DIGIAC Corporation, con sede en Nueva York, como parte de una estrategia de expansi\u00f3n estadounidense.<\/p>\t\t\n\t\t<h5>\n\t\t\t1989\n\t\t<\/h5>\n\t\t\t<p>Se lanza el primer sistema de gesti\u00f3n del aprendizaje para la educaci\u00f3n y formaci\u00f3n profesionales. Este producto se convierte en ClassAct y se utilizar\u00e1 en m\u00e1s de 15.000 instituciones en todo el mundo.<\/p>\t\t\n\t\t<h5>\n\t\t\t1994\n\t\t<\/h5>\n\t\t\t<p>Se lanza la gama ScanTEK de m\u00f3dulos de ingenier\u00eda y tecnolog\u00eda. Esto demostrar\u00e1 tener un gran impacto en la educaci\u00f3n tecnol\u00f3gica en los Estados Unidos, con m\u00e1s de 5,000 laboratorios instalados.<\/p>\t\t\n\t\t<h5>\n\t\t\t2000\n\t\t<\/h5>\n\t\t\t<p>El sistema de formaci\u00f3n de Digiac 3000 Electronics recibe una importante actualizaci\u00f3n f\u00edsica y curricular, con adiciones para autotr\u00f3nica y avi\u00f3nica.<\/p>\t\t\n\t\t<h5>\n\t\t\t2003\n\t\t<\/h5>\n\t\t\t<p>Living with Science presenta una metodolog\u00eda de aprendizaje activo de estilo vocacional para estudiantes de 7 a 11 a\u00f1os.<\/p>\t\t\n\t\t<h5>\n\t\t\t2010\n\t\t<\/h5>\n\t\t\t<p>LJ Create presenta su primer programa de aprendizaje en l\u00ednea, SciTEX, que se adopta en las escuelas de Texas.<\/p>\t\t\n\t\t<h5>\n\t\t\t2013\n\t\t<\/h5>\n\t\t\t<p>LJ Create Inc. se traslada de Nueva York a Orlando Florida. Se anuncia un nuevo producto AutoLAB basado en la nube.<\/p>\t\t\n\t\t<h5>\n\t\t\t2015\n\t\t<\/h5>\n\t\t\t<p>Se lanza la biblioteca digital STEM de LJ Create, que incluye m\u00e1s de 10,500 lecciones interactivas y una nueva aplicaci\u00f3n de b\u00fasqueda \/ creaci\u00f3n de cursos.<\/p>\t\t\n\t\t<h5>\n\t\t\t2020\n\t\t<\/h5>\n\t\t\t<p>LJ Create lanza ClassAct II, su \u00faltima tecnolog\u00eda LMS basada en HTML5.<\/p>\t\t\n\t\t<h5>\n\t\t\t2023\n\t\t<\/h5>\n\t\t\tLJ Create lanza una nueva gama de productos para veh\u00edculos el\u00e9ctricos dise\u00f1ados para mejorar las habilidades de los t\u00e9cnicos de veh\u00edculos de motor.\t\t\n\t<p>Los sistemas y materiales de aprendizaje de LJ Create ahora se pueden encontrar en aulas y talleres de todo el mundo.<\/p>\n\t\t\t\t<img decoding=\"async\" data-src=\"https:\/\/ljcreate.com\/wp-content\/uploads\/2021\/08\/our-story-1979-300x193.png\" alt=\"1979\" itemprop=\"image\" height=\"193\" width=\"300\" height=\"193\" width=\"300\" title=\"nuestra-historia-1979\" onerror=\"this.style.display='none'\" src=\"data:image\/svg+xml;base64,PHN2ZyB3aWR0aD0iMSIgaGVpZ2h0PSIxIiB4bWxucz0iaHR0cDovL3d3dy53My5vcmcvMjAwMC9zdmciPjwvc3ZnPg==\" class=\"lazyload\" style=\"--smush-placeholder-width: 300px; --smush-placeholder-aspect-ratio: 300\/193;\" \/>\n\t\t\t\t<img decoding=\"async\" data-src=\"https:\/\/ljcreate.com\/wp-content\/uploads\/2021\/08\/our-story-1987-300x251.png\" alt=\"1987\" itemprop=\"image\" height=\"251\" width=\"300\" height=\"251\" width=\"300\" title=\"nuestra-historia-1987\" onerror=\"this.style.display='none'\" src=\"data:image\/svg+xml;base64,PHN2ZyB3aWR0aD0iMSIgaGVpZ2h0PSIxIiB4bWxucz0iaHR0cDovL3d3dy53My5vcmcvMjAwMC9zdmciPjwvc3ZnPg==\" class=\"lazyload\" style=\"--smush-placeholder-width: 300px; --smush-placeholder-aspect-ratio: 300\/251;\" \/>\n\t\t\t\t<img decoding=\"async\" data-src=\"https:\/\/ljcreate.com\/wp-content\/uploads\/2021\/08\/our-story-1989-300x260.png\" alt=\"1989\" itemprop=\"image\" height=\"260\" width=\"300\" height=\"260\" width=\"300\" title=\"nuestra-historia-1989\" onerror=\"this.style.display='none'\" src=\"data:image\/svg+xml;base64,PHN2ZyB3aWR0aD0iMSIgaGVpZ2h0PSIxIiB4bWxucz0iaHR0cDovL3d3dy53My5vcmcvMjAwMC9zdmciPjwvc3ZnPg==\" class=\"lazyload\" style=\"--smush-placeholder-width: 300px; --smush-placeholder-aspect-ratio: 300\/260;\" \/>\n\t\t\t\t<img decoding=\"async\" data-src=\"https:\/\/ljcreate.com\/wp-content\/uploads\/2021\/08\/our-story-1994-300x278.png\" alt=\"nuestra-historia-1994\" itemprop=\"image\" height=\"278\" width=\"300\" height=\"278\" width=\"300\" title=\"nuestra-historia-1994\" onerror=\"this.style.display='none'\" src=\"data:image\/svg+xml;base64,PHN2ZyB3aWR0aD0iMSIgaGVpZ2h0PSIxIiB4bWxucz0iaHR0cDovL3d3dy53My5vcmcvMjAwMC9zdmciPjwvc3ZnPg==\" class=\"lazyload\" style=\"--smush-placeholder-width: 300px; --smush-placeholder-aspect-ratio: 300\/278;\" \/>\n\t\t\t\t<img decoding=\"async\" data-src=\"https:\/\/ljcreate.com\/wp-content\/uploads\/2021\/08\/our-story-2000-300x288.png\" alt=\"nuestra-historia-2000\" itemprop=\"image\" height=\"288\" width=\"300\" height=\"288\" width=\"300\" title=\"nuestra-historia-2000\" onerror=\"this.style.display='none'\" src=\"data:image\/svg+xml;base64,PHN2ZyB3aWR0aD0iMSIgaGVpZ2h0PSIxIiB4bWxucz0iaHR0cDovL3d3dy53My5vcmcvMjAwMC9zdmciPjwvc3ZnPg==\" class=\"lazyload\" style=\"--smush-placeholder-width: 300px; --smush-placeholder-aspect-ratio: 300\/288;\" \/>\n\t\t\t\t<img decoding=\"async\" data-src=\"https:\/\/ljcreate.com\/wp-content\/uploads\/2021\/08\/our-story-2003-300x274.png\" alt=\"2003\" itemprop=\"image\" height=\"274\" width=\"300\" height=\"274\" width=\"300\" title=\"nuestra-historia-2003\" onerror=\"this.style.display='none'\" src=\"data:image\/svg+xml;base64,PHN2ZyB3aWR0aD0iMSIgaGVpZ2h0PSIxIiB4bWxucz0iaHR0cDovL3d3dy53My5vcmcvMjAwMC9zdmciPjwvc3ZnPg==\" class=\"lazyload\" style=\"--smush-placeholder-width: 300px; --smush-placeholder-aspect-ratio: 300\/274;\" \/>\n\t\t\t\t<img decoding=\"async\" data-src=\"https:\/\/ljcreate.com\/wp-content\/uploads\/2021\/08\/our-story-2010-300x247.png\" alt=\"2010\" itemprop=\"image\" height=\"247\" width=\"300\" height=\"247\" width=\"300\" title=\"nuestra-historia-2010\" onerror=\"this.style.display='none'\" src=\"data:image\/svg+xml;base64,PHN2ZyB3aWR0aD0iMSIgaGVpZ2h0PSIxIiB4bWxucz0iaHR0cDovL3d3dy53My5vcmcvMjAwMC9zdmciPjwvc3ZnPg==\" class=\"lazyload\" style=\"--smush-placeholder-width: 300px; --smush-placeholder-aspect-ratio: 300\/247;\" \/>\n\t\t\t\t<img decoding=\"async\" data-src=\"https:\/\/ljcreate.com\/wp-content\/uploads\/2021\/08\/our-story-2013-1-292x300.png\" alt=\"2013\" itemprop=\"image\" height=\"300\" width=\"292\" height=\"300\" width=\"292\" title=\"nuestra-historia-2013\" onerror=\"this.style.display='none'\" src=\"data:image\/svg+xml;base64,PHN2ZyB3aWR0aD0iMSIgaGVpZ2h0PSIxIiB4bWxucz0iaHR0cDovL3d3dy53My5vcmcvMjAwMC9zdmciPjwvc3ZnPg==\" class=\"lazyload\" style=\"--smush-placeholder-width: 292px; --smush-placeholder-aspect-ratio: 292\/300;\" \/>\n\t\t\t\t<img decoding=\"async\" data-src=\"https:\/\/ljcreate.com\/wp-content\/uploads\/2021\/08\/our-story-2015-300x207.png\" alt=\"2015\" itemprop=\"image\" height=\"207\" width=\"300\" height=\"207\" width=\"300\" title=\"nuestra-historia-2015\" onerror=\"this.style.display='none'\" src=\"data:image\/svg+xml;base64,PHN2ZyB3aWR0aD0iMSIgaGVpZ2h0PSIxIiB4bWxucz0iaHR0cDovL3d3dy53My5vcmcvMjAwMC9zdmciPjwvc3ZnPg==\" class=\"lazyload\" style=\"--smush-placeholder-width: 300px; --smush-placeholder-aspect-ratio: 300\/207;\" \/>\n\t\t\t\t<img decoding=\"async\" data-src=\"https:\/\/ljcreate.com\/wp-content\/uploads\/2021\/12\/html5Lms.png\" alt=\"html5Lms\" itemprop=\"image\" height=\"207\" width=\"300\" title=\"html5Lms\" onerror=\"this.style.display='none'\" src=\"data:image\/svg+xml;base64,PHN2ZyB3aWR0aD0iMSIgaGVpZ2h0PSIxIiB4bWxucz0iaHR0cDovL3d3dy53My5vcmcvMjAwMC9zdmciPjwvc3ZnPg==\" class=\"lazyload\" style=\"--smush-placeholder-width: 300px; --smush-placeholder-aspect-ratio: 300\/207;\" \/>\n\t\t\t\t<img decoding=\"async\" data-src=\"https:\/\/ljcreate.com\/wp-content\/uploads\/2024\/10\/evPanelTrainer.jpg\" alt=\"evPanelTrainer\" itemprop=\"image\" height=\"388\" width=\"300\" title=\"evPanelTrainer\" onerror=\"this.style.display='none'\" src=\"data:image\/svg+xml;base64,PHN2ZyB3aWR0aD0iMSIgaGVpZ2h0PSIxIiB4bWxucz0iaHR0cDovL3d3dy53My5vcmcvMjAwMC9zdmciPjwvc3ZnPg==\" class=\"lazyload\" style=\"--smush-placeholder-width: 300px; --smush-placeholder-aspect-ratio: 300\/388;\" \/>\n\t\t\t\t<img decoding=\"async\" data-src=\"https:\/\/ljcreate.com\/wp-content\/uploads\/2021\/08\/our-story-illustration-09.png\" alt=\"nuestra historia\" itemprop=\"image\" height=\"460\" width=\"800\" title=\"nuestra historia ilustracion-09\" onerror=\"this.style.display='none'\" src=\"data:image\/svg+xml;base64,PHN2ZyB3aWR0aD0iMSIgaGVpZ2h0PSIxIiB4bWxucz0iaHR0cDovL3d3dy53My5vcmcvMjAwMC9zdmciPjwvc3ZnPg==\" class=\"lazyload\" style=\"--smush-placeholder-width: 800px; --smush-placeholder-aspect-ratio: 800\/460;\" \/>\n\n","protected":false},"excerpt":{"rendered":"<p>Home &gt; Nuestra historia LJ Create ha proporcionado soluciones de aprendizaje activo galardonadas y de clase mundial para la educaci\u00f3n t\u00e9cnica durante m\u00e1s de 40 a\u00f1os. Hoy creamos sistemas completos que combinan contenido digital en la nube y kits de hardware hechos a medida que brindan un aprendizaje innovador e inspirador en ciencia, tecnolog\u00eda e&hellip;<\/p>\n","protected":false},"author":1,"featured_media":0,"parent":0,"menu_order":13,"comment_status":"closed","ping_status":"closed","template":"","meta":{"_acf_changed":false,"inline_featured_image":false,"footnotes":""},"class_list":["post-26643","page","type-page","status-publish","hentry"],"acf":[],"yoast_head":"<!-- This site is optimized with the Yoast SEO plugin v27.3 - https:\/\/yoast.com\/product\/yoast-seo-wordpress\/ -->\n<title>Nuestra historia | LJ Create<\/title>\n<meta name=\"robots\" content=\"index, follow, max-snippet:-1, max-image-preview:large, max-video-preview:-1\" \/>\n<link rel=\"canonical\" href=\"https:\/\/ljcreate.com\/es\/nuestra-historia\/\" \/>\n<meta property=\"og:locale\" content=\"es_ES\" \/>\n<meta property=\"og:type\" content=\"article\" \/>\n<meta property=\"og:title\" content=\"Nuestra historia | LJ Create\" \/>\n<meta property=\"og:description\" content=\"Home &gt; Nuestra historia LJ Create ha proporcionado soluciones de aprendizaje activo galardonadas y de clase mundial para la educaci\u00f3n t\u00e9cnica durante m\u00e1s de 40 a\u00f1os. Hoy creamos sistemas completos que combinan contenido digital en la nube y kits de hardware hechos a medida que brindan un aprendizaje innovador e inspirador en ciencia, tecnolog\u00eda e&hellip;\" \/>\n<meta property=\"og:url\" content=\"https:\/\/ljcreate.com\/es\/nuestra-historia\/\" \/>\n<meta property=\"og:site_name\" content=\"LJ Create\" \/>\n<meta property=\"article:modified_time\" content=\"2024-10-02T16:15:54+00:00\" \/>\n<meta property=\"og:image\" content=\"https:\/\/ljcreate.com\/wp-content\/uploads\/2021\/08\/our-story-1979-300x193.png\" \/>\n<meta name=\"twitter:card\" content=\"summary_large_image\" \/>\n<meta name=\"twitter:label1\" content=\"Tiempo de lectura\" \/>\n\t<meta name=\"twitter:data1\" content=\"2 minutos\" \/>\n<script type=\"application\/ld+json\" class=\"yoast-schema-graph\">{\"@context\":\"https:\\\/\\\/schema.org\",\"@graph\":[{\"@type\":\"WebPage\",\"@id\":\"https:\\\/\\\/ljcreate.com\\\/es\\\/nuestra-historia\\\/\",\"url\":\"https:\\\/\\\/ljcreate.com\\\/es\\\/nuestra-historia\\\/\",\"name\":\"Nuestra historia | LJ Create\",\"isPartOf\":{\"@id\":\"https:\\\/\\\/ljcreate.com\\\/es\\\/#website\"},\"primaryImageOfPage\":{\"@id\":\"https:\\\/\\\/ljcreate.com\\\/es\\\/nuestra-historia\\\/#primaryimage\"},\"image\":{\"@id\":\"https:\\\/\\\/ljcreate.com\\\/es\\\/nuestra-historia\\\/#primaryimage\"},\"thumbnailUrl\":\"https:\\\/\\\/ljcreate.com\\\/wp-content\\\/uploads\\\/2021\\\/08\\\/our-story-1979-300x193.png\",\"datePublished\":\"2021-10-26T13:30:21+00:00\",\"dateModified\":\"2024-10-02T16:15:54+00:00\",\"breadcrumb\":{\"@id\":\"https:\\\/\\\/ljcreate.com\\\/es\\\/nuestra-historia\\\/#breadcrumb\"},\"inLanguage\":\"es\",\"potentialAction\":[{\"@type\":\"ReadAction\",\"target\":[\"https:\\\/\\\/ljcreate.com\\\/es\\\/nuestra-historia\\\/\"]}]},{\"@type\":\"ImageObject\",\"inLanguage\":\"es\",\"@id\":\"https:\\\/\\\/ljcreate.com\\\/es\\\/nuestra-historia\\\/#primaryimage\",\"url\":\"https:\\\/\\\/ljcreate.com\\\/wp-content\\\/uploads\\\/2021\\\/08\\\/our-story-1979-300x193.png\",\"contentUrl\":\"https:\\\/\\\/ljcreate.com\\\/wp-content\\\/uploads\\\/2021\\\/08\\\/our-story-1979-300x193.png\"},{\"@type\":\"BreadcrumbList\",\"@id\":\"https:\\\/\\\/ljcreate.com\\\/es\\\/nuestra-historia\\\/#breadcrumb\",\"itemListElement\":[{\"@type\":\"ListItem\",\"position\":1,\"name\":\"Home\",\"item\":\"https:\\\/\\\/ljcreate.com\\\/es\\\/\"},{\"@type\":\"ListItem\",\"position\":2,\"name\":\"Nuestra historia\"}]},{\"@type\":\"WebSite\",\"@id\":\"https:\\\/\\\/ljcreate.com\\\/es\\\/#website\",\"url\":\"https:\\\/\\\/ljcreate.com\\\/es\\\/\",\"name\":\"LJ Create\",\"description\":\"Innovate, Inspire, and Engage\",\"publisher\":{\"@id\":\"https:\\\/\\\/ljcreate.com\\\/es\\\/#organization\"},\"alternateName\":\"Creative Learning (Norwich) Limited\",\"potentialAction\":[{\"@type\":\"SearchAction\",\"target\":{\"@type\":\"EntryPoint\",\"urlTemplate\":\"https:\\\/\\\/ljcreate.com\\\/es\\\/?s={search_term_string}\"},\"query-input\":{\"@type\":\"PropertyValueSpecification\",\"valueRequired\":true,\"valueName\":\"search_term_string\"}}],\"inLanguage\":\"es\"},{\"@type\":\"Organization\",\"@id\":\"https:\\\/\\\/ljcreate.com\\\/es\\\/#organization\",\"name\":\"LJ Create\",\"url\":\"https:\\\/\\\/ljcreate.com\\\/es\\\/\",\"logo\":{\"@type\":\"ImageObject\",\"inLanguage\":\"es\",\"@id\":\"https:\\\/\\\/ljcreate.com\\\/es\\\/#\\\/schema\\\/logo\\\/image\\\/\",\"url\":\"https:\\\/\\\/ljcreate.com\\\/wp-content\\\/uploads\\\/2021\\\/07\\\/logo.svg\",\"contentUrl\":\"https:\\\/\\\/ljcreate.com\\\/wp-content\\\/uploads\\\/2021\\\/07\\\/logo.svg\",\"width\":\"1024\",\"height\":\"1024\",\"caption\":\"LJ Create\"},\"image\":{\"@id\":\"https:\\\/\\\/ljcreate.com\\\/es\\\/#\\\/schema\\\/logo\\\/image\\\/\"}}]}<\/script>\n<!-- \/ Yoast SEO plugin. -->","yoast_head_json":{"title":"Nuestra historia | LJ Create","robots":{"index":"index","follow":"follow","max-snippet":"max-snippet:-1","max-image-preview":"max-image-preview:large","max-video-preview":"max-video-preview:-1"},"canonical":"https:\/\/ljcreate.com\/es\/nuestra-historia\/","og_locale":"es_ES","og_type":"article","og_title":"Nuestra historia | LJ Create","og_description":"Home &gt; Nuestra historia LJ Create ha proporcionado soluciones de aprendizaje activo galardonadas y de clase mundial para la educaci\u00f3n t\u00e9cnica durante m\u00e1s de 40 a\u00f1os. Hoy creamos sistemas completos que combinan contenido digital en la nube y kits de hardware hechos a medida que brindan un aprendizaje innovador e inspirador en ciencia, tecnolog\u00eda e&hellip;","og_url":"https:\/\/ljcreate.com\/es\/nuestra-historia\/","og_site_name":"LJ Create","article_modified_time":"2024-10-02T16:15:54+00:00","og_image":[{"url":"https:\/\/ljcreate.com\/wp-content\/uploads\/2021\/08\/our-story-1979-300x193.png","type":"","width":"","height":""}],"twitter_card":"summary_large_image","twitter_misc":{"Tiempo de lectura":"2 minutos"},"schema":{"@context":"https:\/\/schema.org","@graph":[{"@type":"WebPage","@id":"https:\/\/ljcreate.com\/es\/nuestra-historia\/","url":"https:\/\/ljcreate.com\/es\/nuestra-historia\/","name":"Nuestra historia | LJ Create","isPartOf":{"@id":"https:\/\/ljcreate.com\/es\/#website"},"primaryImageOfPage":{"@id":"https:\/\/ljcreate.com\/es\/nuestra-historia\/#primaryimage"},"image":{"@id":"https:\/\/ljcreate.com\/es\/nuestra-historia\/#primaryimage"},"thumbnailUrl":"https:\/\/ljcreate.com\/wp-content\/uploads\/2021\/08\/our-story-1979-300x193.png","datePublished":"2021-10-26T13:30:21+00:00","dateModified":"2024-10-02T16:15:54+00:00","breadcrumb":{"@id":"https:\/\/ljcreate.com\/es\/nuestra-historia\/#breadcrumb"},"inLanguage":"es","potentialAction":[{"@type":"ReadAction","target":["https:\/\/ljcreate.com\/es\/nuestra-historia\/"]}]},{"@type":"ImageObject","inLanguage":"es","@id":"https:\/\/ljcreate.com\/es\/nuestra-historia\/#primaryimage","url":"https:\/\/ljcreate.com\/wp-content\/uploads\/2021\/08\/our-story-1979-300x193.png","contentUrl":"https:\/\/ljcreate.com\/wp-content\/uploads\/2021\/08\/our-story-1979-300x193.png"},{"@type":"BreadcrumbList","@id":"https:\/\/ljcreate.com\/es\/nuestra-historia\/#breadcrumb","itemListElement":[{"@type":"ListItem","position":1,"name":"Home","item":"https:\/\/ljcreate.com\/es\/"},{"@type":"ListItem","position":2,"name":"Nuestra historia"}]},{"@type":"WebSite","@id":"https:\/\/ljcreate.com\/es\/#website","url":"https:\/\/ljcreate.com\/es\/","name":"LJ Create","description":"Innovate, Inspire, and Engage","publisher":{"@id":"https:\/\/ljcreate.com\/es\/#organization"},"alternateName":"Creative Learning (Norwich) Limited","potentialAction":[{"@type":"SearchAction","target":{"@type":"EntryPoint","urlTemplate":"https:\/\/ljcreate.com\/es\/?s={search_term_string}"},"query-input":{"@type":"PropertyValueSpecification","valueRequired":true,"valueName":"search_term_string"}}],"inLanguage":"es"},{"@type":"Organization","@id":"https:\/\/ljcreate.com\/es\/#organization","name":"LJ Create","url":"https:\/\/ljcreate.com\/es\/","logo":{"@type":"ImageObject","inLanguage":"es","@id":"https:\/\/ljcreate.com\/es\/#\/schema\/logo\/image\/","url":"https:\/\/ljcreate.com\/wp-content\/uploads\/2021\/07\/logo.svg","contentUrl":"https:\/\/ljcreate.com\/wp-content\/uploads\/2021\/07\/logo.svg","width":"1024","height":"1024","caption":"LJ Create"},"image":{"@id":"https:\/\/ljcreate.com\/es\/#\/schema\/logo\/image\/"}}]}},"_links":{"self":[{"href":"https:\/\/ljcreate.com\/es\/wp-json\/wp\/v2\/pages\/26643","targetHints":{"allow":["GET"]}}],"collection":[{"href":"https:\/\/ljcreate.com\/es\/wp-json\/wp\/v2\/pages"}],"about":[{"href":"https:\/\/ljcreate.com\/es\/wp-json\/wp\/v2\/types\/page"}],"author":[{"embeddable":true,"href":"https:\/\/ljcreate.com\/es\/wp-json\/wp\/v2\/users\/1"}],"replies":[{"embeddable":true,"href":"https:\/\/ljcreate.com\/es\/wp-json\/wp\/v2\/comments?post=26643"}],"version-history":[{"count":3,"href":"https:\/\/ljcreate.com\/es\/wp-json\/wp\/v2\/pages\/26643\/revisions"}],"predecessor-version":[{"id":59065,"href":"https:\/\/ljcreate.com\/es\/wp-json\/wp\/v2\/pages\/26643\/revisions\/59065"}],"wp:attachment":[{"href":"https:\/\/ljcreate.com\/es\/wp-json\/wp\/v2\/media?parent=26643"}],"curies":[{"name":"wp","href":"https:\/\/api.w.org\/{rel}","templated":true}]}}