{"id":26642,"date":"2021-10-26T08:27:20","date_gmt":"2021-10-26T13:27:20","guid":{"rendered":"https:\/\/alpha.ljcreate.com\/estudios-de-caso\/"},"modified":"2024-07-15T15:49:08","modified_gmt":"2024-07-15T14:49:08","slug":"estudios-de-caso","status":"publish","type":"page","link":"https:\/\/ljcreate.com\/es\/estudios-de-caso\/","title":{"rendered":"Estudios de caso"},"content":{"rendered":"\n\n\t<nav id=\"breadcrumbs\" aria-label=\"Breadcrumbs\"><a href=\"https:\/\/ljcreate.com\/es\/\">Home<\/a> &gt; Estudios de caso<\/nav>\n\t<meta itemscope itemprop=\"mainEntityOfPage\" itemtype=\"https:\/\/schema.org\/WebPage\" itemid=\"http:\/\/26424\" content=\"Encender el entusiasmo por la tecnolog\u00eda de veh\u00edculos de motor. en el sureste de Londres\" \/><meta itemprop=\"datePublished\" content=\"2021-10-25\" \/><meta itemprop=\"dateModified\" content=\"2021-10-25\" \/><meta itemprop=\"name\" content=\"LJ Create\"\/><meta itemprop=\"url\" content=\"https:\/\/ljcreate.com\/es\/author\/stewart-mills\/\" \/><meta itemprop=\"name\" content=\"LJ Create\" \/><meta itemprop=\"url\" content=\"https:\/\/ljcreate.com\/wp-content\/uploads\/2021\/10\/bromleyAutoFault.jpg\" \/><meta itemprop=\"width\" content=\"500\" \/><meta itemprop=\"height\" content=\"402\" \/><meta itemprop=\"interactionType\" content=\"https:\/\/schema.org\/CommentAction\" \/><meta itemprop=\"userInteractionCount\" content=\"0\" \/>\n\t\t\t\t<a href=\"https:\/\/ljcreate.com\/es\/2021\/10\/25\/encender-el-entusiasmo-por-la-tecnologia-de-vehiculos-de-motor-en-el-sureste-de-londres\/\" target=\"_self\" itemprop=\"url\" rel=\"noopener\">\n\t\t\t\t<img decoding=\"async\" src=\"https:\/\/ljcreate.com\/wp-content\/uploads\/2021\/10\/bromleyAutoFault-340x187.jpg\" alt=\"bromleyAutoFault\" itemprop=\"image\" data-no-lazy=\"1\" height=\"187\" width=\"340\" title=\"bromleyAutoFault\" onerror=\"this.style.display='none'\"  \/>\n\t\t\t\t<\/a>\n\t\t\t\t\t\t\t\t\t<h5 itemprop=\"headline\">\n\t\t\t\t\t\t\t\t\t\t\t\t\t<a href=\"https:\/\/ljcreate.com\/es\/2021\/10\/25\/encender-el-entusiasmo-por-la-tecnologia-de-vehiculos-de-motor-en-el-sureste-de-londres\/\" title=\"Encender el entusiasmo por la tecnolog\u00eda de veh\u00edculos de motor. en el sureste de Londres\">\n\t\t\t\t\t\t\t\t\t\t\t\t\t\tEncender el entusiasmo por la tecnolog\u00eda de veh\u00edculos de motor. en el sureste de Londres\t\t\t\t\t\t\t\t\t\t\t\t\t<\/a>\n\t\t\t\t\t\t\t\t\t\t\t<\/h5>\nBy <a href=\"https:\/\/ljcreate.com\/es\/author\/stewart-mills\/\">LJ Create<\/a>\t\t\t\t\t\n\t\t\t\t\t\t\t\t\t\t\t\t\t\t\t\t\t\t  |  \n\t\t\toctubre 25, 2021\t\t\t\t\t\t\n    Seg\u00fan Errol Ince, subdirector de la Escuela de Tecnolog\u00eda de London South East Colleges &#8211; Bromley Campus, uno de los&#8230;\n    <a href=\"https:\/\/ljcreate.com\/es\/2021\/10\/25\/encender-el-entusiasmo-por-la-tecnologia-de-vehiculos-de-motor-en-el-sureste-de-londres\/\" title=\"Encender el entusiasmo por la tecnolog\u00eda de veh\u00edculos de motor. en el sureste de Londres\">Lee mas about Encender el entusiasmo por la tecnolog\u00eda de veh\u00edculos de motor. en el sureste de Londres<\/a>\n\t\t<!-- .pp-content-posts -->\n\n","protected":false},"excerpt":{"rendered":"<p>Home &gt; Estudios de caso Encender el entusiasmo por la tecnolog\u00eda de veh\u00edculos de motor. en el sureste de Londres By LJ Create | octubre 25, 2021 Seg\u00fan Errol Ince, subdirector de la Escuela de Tecnolog\u00eda de London South East Colleges &#8211; Bromley Campus, uno de los&#8230; Lee mas about Encender el entusiasmo por la&hellip;<\/p>\n","protected":false},"author":1,"featured_media":0,"parent":0,"menu_order":11,"comment_status":"closed","ping_status":"closed","template":"","meta":{"_acf_changed":false,"inline_featured_image":false,"footnotes":""},"class_list":["post-26642","page","type-page","status-publish","hentry"],"acf":[],"yoast_head":"<!-- This site is optimized with the Yoast SEO plugin v27.3 - https:\/\/yoast.com\/product\/yoast-seo-wordpress\/ -->\n<title>Estudios de caso | LJ Create<\/title>\n<meta name=\"robots\" content=\"index, follow, max-snippet:-1, max-image-preview:large, max-video-preview:-1\" \/>\n<link rel=\"canonical\" href=\"https:\/\/ljcreate.com\/es\/estudios-de-caso\/\" \/>\n<meta property=\"og:locale\" content=\"es_ES\" \/>\n<meta property=\"og:type\" content=\"article\" \/>\n<meta property=\"og:title\" content=\"Estudios de caso | LJ Create\" \/>\n<meta property=\"og:description\" content=\"Home &gt; Estudios de caso Encender el entusiasmo por la tecnolog\u00eda de veh\u00edculos de motor. en el sureste de Londres By LJ Create | octubre 25, 2021 Seg\u00fan Errol Ince, subdirector de la Escuela de Tecnolog\u00eda de London South East Colleges &#8211; Bromley Campus, uno de los&#8230; Lee mas about Encender el entusiasmo por la&hellip;\" \/>\n<meta property=\"og:url\" content=\"https:\/\/ljcreate.com\/es\/estudios-de-caso\/\" \/>\n<meta property=\"og:site_name\" content=\"LJ Create\" \/>\n<meta property=\"article:modified_time\" content=\"2024-07-15T14:49:08+00:00\" \/>\n<meta property=\"og:image\" content=\"https:\/\/ljcreate.com\/wp-content\/uploads\/2021\/10\/bromleyAutoFault-340x187.jpg\" \/>\n<meta name=\"twitter:card\" content=\"summary_large_image\" \/>\n<script type=\"application\/ld+json\" class=\"yoast-schema-graph\">{\"@context\":\"https:\\\/\\\/schema.org\",\"@graph\":[{\"@type\":\"WebPage\",\"@id\":\"https:\\\/\\\/ljcreate.com\\\/es\\\/estudios-de-caso\\\/\",\"url\":\"https:\\\/\\\/ljcreate.com\\\/es\\\/estudios-de-caso\\\/\",\"name\":\"Estudios de caso | LJ Create\",\"isPartOf\":{\"@id\":\"https:\\\/\\\/ljcreate.com\\\/es\\\/#website\"},\"primaryImageOfPage\":{\"@id\":\"https:\\\/\\\/ljcreate.com\\\/es\\\/estudios-de-caso\\\/#primaryimage\"},\"image\":{\"@id\":\"https:\\\/\\\/ljcreate.com\\\/es\\\/estudios-de-caso\\\/#primaryimage\"},\"thumbnailUrl\":\"https:\\\/\\\/ljcreate.com\\\/wp-content\\\/uploads\\\/2021\\\/10\\\/bromleyAutoFault-340x187.jpg\",\"datePublished\":\"2021-10-26T13:27:20+00:00\",\"dateModified\":\"2024-07-15T14:49:08+00:00\",\"breadcrumb\":{\"@id\":\"https:\\\/\\\/ljcreate.com\\\/es\\\/estudios-de-caso\\\/#breadcrumb\"},\"inLanguage\":\"es\",\"potentialAction\":[{\"@type\":\"ReadAction\",\"target\":[\"https:\\\/\\\/ljcreate.com\\\/es\\\/estudios-de-caso\\\/\"]}]},{\"@type\":\"ImageObject\",\"inLanguage\":\"es\",\"@id\":\"https:\\\/\\\/ljcreate.com\\\/es\\\/estudios-de-caso\\\/#primaryimage\",\"url\":\"https:\\\/\\\/ljcreate.com\\\/wp-content\\\/uploads\\\/2021\\\/10\\\/bromleyAutoFault-340x187.jpg\",\"contentUrl\":\"https:\\\/\\\/ljcreate.com\\\/wp-content\\\/uploads\\\/2021\\\/10\\\/bromleyAutoFault-340x187.jpg\"},{\"@type\":\"BreadcrumbList\",\"@id\":\"https:\\\/\\\/ljcreate.com\\\/es\\\/estudios-de-caso\\\/#breadcrumb\",\"itemListElement\":[{\"@type\":\"ListItem\",\"position\":1,\"name\":\"Home\",\"item\":\"https:\\\/\\\/ljcreate.com\\\/es\\\/\"},{\"@type\":\"ListItem\",\"position\":2,\"name\":\"Estudios de caso\"}]},{\"@type\":\"WebSite\",\"@id\":\"https:\\\/\\\/ljcreate.com\\\/es\\\/#website\",\"url\":\"https:\\\/\\\/ljcreate.com\\\/es\\\/\",\"name\":\"LJ Create\",\"description\":\"Innovate, Inspire, and Engage\",\"publisher\":{\"@id\":\"https:\\\/\\\/ljcreate.com\\\/es\\\/#organization\"},\"alternateName\":\"Creative Learning (Norwich) Limited\",\"potentialAction\":[{\"@type\":\"SearchAction\",\"target\":{\"@type\":\"EntryPoint\",\"urlTemplate\":\"https:\\\/\\\/ljcreate.com\\\/es\\\/?s={search_term_string}\"},\"query-input\":{\"@type\":\"PropertyValueSpecification\",\"valueRequired\":true,\"valueName\":\"search_term_string\"}}],\"inLanguage\":\"es\"},{\"@type\":\"Organization\",\"@id\":\"https:\\\/\\\/ljcreate.com\\\/es\\\/#organization\",\"name\":\"LJ Create\",\"url\":\"https:\\\/\\\/ljcreate.com\\\/es\\\/\",\"logo\":{\"@type\":\"ImageObject\",\"inLanguage\":\"es\",\"@id\":\"https:\\\/\\\/ljcreate.com\\\/es\\\/#\\\/schema\\\/logo\\\/image\\\/\",\"url\":\"https:\\\/\\\/ljcreate.com\\\/wp-content\\\/uploads\\\/2021\\\/07\\\/logo.svg\",\"contentUrl\":\"https:\\\/\\\/ljcreate.com\\\/wp-content\\\/uploads\\\/2021\\\/07\\\/logo.svg\",\"width\":\"1024\",\"height\":\"1024\",\"caption\":\"LJ Create\"},\"image\":{\"@id\":\"https:\\\/\\\/ljcreate.com\\\/es\\\/#\\\/schema\\\/logo\\\/image\\\/\"}}]}<\/script>\n<!-- \/ Yoast SEO plugin. -->","yoast_head_json":{"title":"Estudios de caso | LJ Create","robots":{"index":"index","follow":"follow","max-snippet":"max-snippet:-1","max-image-preview":"max-image-preview:large","max-video-preview":"max-video-preview:-1"},"canonical":"https:\/\/ljcreate.com\/es\/estudios-de-caso\/","og_locale":"es_ES","og_type":"article","og_title":"Estudios de caso | LJ Create","og_description":"Home &gt; Estudios de caso Encender el entusiasmo por la tecnolog\u00eda de veh\u00edculos de motor. en el sureste de Londres By LJ Create | octubre 25, 2021 Seg\u00fan Errol Ince, subdirector de la Escuela de Tecnolog\u00eda de London South East Colleges &#8211; Bromley Campus, uno de los&#8230; Lee mas about Encender el entusiasmo por la&hellip;","og_url":"https:\/\/ljcreate.com\/es\/estudios-de-caso\/","og_site_name":"LJ Create","article_modified_time":"2024-07-15T14:49:08+00:00","og_image":[{"url":"https:\/\/ljcreate.com\/wp-content\/uploads\/2021\/10\/bromleyAutoFault-340x187.jpg","type":"","width":"","height":""}],"twitter_card":"summary_large_image","schema":{"@context":"https:\/\/schema.org","@graph":[{"@type":"WebPage","@id":"https:\/\/ljcreate.com\/es\/estudios-de-caso\/","url":"https:\/\/ljcreate.com\/es\/estudios-de-caso\/","name":"Estudios de caso | LJ Create","isPartOf":{"@id":"https:\/\/ljcreate.com\/es\/#website"},"primaryImageOfPage":{"@id":"https:\/\/ljcreate.com\/es\/estudios-de-caso\/#primaryimage"},"image":{"@id":"https:\/\/ljcreate.com\/es\/estudios-de-caso\/#primaryimage"},"thumbnailUrl":"https:\/\/ljcreate.com\/wp-content\/uploads\/2021\/10\/bromleyAutoFault-340x187.jpg","datePublished":"2021-10-26T13:27:20+00:00","dateModified":"2024-07-15T14:49:08+00:00","breadcrumb":{"@id":"https:\/\/ljcreate.com\/es\/estudios-de-caso\/#breadcrumb"},"inLanguage":"es","potentialAction":[{"@type":"ReadAction","target":["https:\/\/ljcreate.com\/es\/estudios-de-caso\/"]}]},{"@type":"ImageObject","inLanguage":"es","@id":"https:\/\/ljcreate.com\/es\/estudios-de-caso\/#primaryimage","url":"https:\/\/ljcreate.com\/wp-content\/uploads\/2021\/10\/bromleyAutoFault-340x187.jpg","contentUrl":"https:\/\/ljcreate.com\/wp-content\/uploads\/2021\/10\/bromleyAutoFault-340x187.jpg"},{"@type":"BreadcrumbList","@id":"https:\/\/ljcreate.com\/es\/estudios-de-caso\/#breadcrumb","itemListElement":[{"@type":"ListItem","position":1,"name":"Home","item":"https:\/\/ljcreate.com\/es\/"},{"@type":"ListItem","position":2,"name":"Estudios de caso"}]},{"@type":"WebSite","@id":"https:\/\/ljcreate.com\/es\/#website","url":"https:\/\/ljcreate.com\/es\/","name":"LJ Create","description":"Innovate, Inspire, and Engage","publisher":{"@id":"https:\/\/ljcreate.com\/es\/#organization"},"alternateName":"Creative Learning (Norwich) Limited","potentialAction":[{"@type":"SearchAction","target":{"@type":"EntryPoint","urlTemplate":"https:\/\/ljcreate.com\/es\/?s={search_term_string}"},"query-input":{"@type":"PropertyValueSpecification","valueRequired":true,"valueName":"search_term_string"}}],"inLanguage":"es"},{"@type":"Organization","@id":"https:\/\/ljcreate.com\/es\/#organization","name":"LJ Create","url":"https:\/\/ljcreate.com\/es\/","logo":{"@type":"ImageObject","inLanguage":"es","@id":"https:\/\/ljcreate.com\/es\/#\/schema\/logo\/image\/","url":"https:\/\/ljcreate.com\/wp-content\/uploads\/2021\/07\/logo.svg","contentUrl":"https:\/\/ljcreate.com\/wp-content\/uploads\/2021\/07\/logo.svg","width":"1024","height":"1024","caption":"LJ Create"},"image":{"@id":"https:\/\/ljcreate.com\/es\/#\/schema\/logo\/image\/"}}]}},"_links":{"self":[{"href":"https:\/\/ljcreate.com\/es\/wp-json\/wp\/v2\/pages\/26642","targetHints":{"allow":["GET"]}}],"collection":[{"href":"https:\/\/ljcreate.com\/es\/wp-json\/wp\/v2\/pages"}],"about":[{"href":"https:\/\/ljcreate.com\/es\/wp-json\/wp\/v2\/types\/page"}],"author":[{"embeddable":true,"href":"https:\/\/ljcreate.com\/es\/wp-json\/wp\/v2\/users\/1"}],"replies":[{"embeddable":true,"href":"https:\/\/ljcreate.com\/es\/wp-json\/wp\/v2\/comments?post=26642"}],"version-history":[{"count":2,"href":"https:\/\/ljcreate.com\/es\/wp-json\/wp\/v2\/pages\/26642\/revisions"}],"predecessor-version":[{"id":58734,"href":"https:\/\/ljcreate.com\/es\/wp-json\/wp\/v2\/pages\/26642\/revisions\/58734"}],"wp:attachment":[{"href":"https:\/\/ljcreate.com\/es\/wp-json\/wp\/v2\/media?parent=26642"}],"curies":[{"name":"wp","href":"https:\/\/api.w.org\/{rel}","templated":true}]}}