{"id":26641,"date":"2021-10-26T08:25:13","date_gmt":"2021-10-26T13:25:13","guid":{"rendered":"https:\/\/alpha.ljcreate.com\/blog-y-social\/"},"modified":"2023-07-20T14:56:12","modified_gmt":"2023-07-20T13:56:12","slug":"blog-y-social","status":"publish","type":"page","link":"https:\/\/ljcreate.com\/es\/blog-y-social\/","title":{"rendered":"Blog y Social"},"content":{"rendered":"\n\n\t<a href=\"https:\/\/ljcreate.com\/es\/\">Home<\/a> &gt; Blog y Social\n\t<meta itemscope itemprop=\"mainEntityOfPage\" itemtype=\"https:\/\/schema.org\/WebPage\" itemid=\"https:\/\/ljcreate.com\/es\/2022\/01\/12\/no-se-quede-atras-ensenando-la-tecnologia-automotriz-de-los-90\/\" content=\"No se quede atr\u00e1s ense\u00f1ando la tecnolog\u00eda automotriz de los 90\" \/><meta itemprop=\"datePublished\" content=\"2022-01-12\" \/><meta itemprop=\"dateModified\" content=\"2022-01-12\" \/><meta itemprop=\"name\" content=\"LJ Create\"\/><meta itemprop=\"url\" content=\"https:\/\/ljcreate.com\/es\/author\/stewart-mills\/\" \/><meta itemprop=\"name\" content=\"LJ Create\" \/><meta itemprop=\"url\" content=\"https:\/\/ljcreate.com\/wp-content\/uploads\/2021\/12\/can-boards.png\" \/><meta itemprop=\"width\" content=\"926\" \/><meta itemprop=\"height\" content=\"925\" \/><meta itemprop=\"interactionType\" content=\"https:\/\/schema.org\/CommentAction\" \/><meta itemprop=\"userInteractionCount\" content=\"0\" \/>\n\t\t\t\t\t<a href=\"https:\/\/ljcreate.com\/es\/2022\/01\/12\/no-se-quede-atras-ensenando-la-tecnologia-automotriz-de-los-90\/\" title=\"No se quede atr\u00e1s ense\u00f1ando la tecnolog\u00eda automotriz de los 90\"><\/a>\n\t\t\t\t<img decoding=\"async\" src=\"https:\/\/ljcreate.com\/wp-content\/uploads\/2021\/12\/can-boards-340x187.png\" alt=\"Entrenador automotriz CAN Bus\" itemprop=\"image\" data-no-lazy=\"1\" height=\"187\" width=\"340\" title=\"tablas de latas\" onerror=\"this.style.display='none'\"  \/>\n\t\t\t\t\t\t\t\t\t12\n\t\t\t\t\tEne\n\t\t\t\t\t\t\t\t\t<h5 itemprop=\"headline\">\n\t\t\t\t\t\t\t\t\t\t\t\t\t\tNo se quede atr\u00e1s ense\u00f1ando la tecnolog\u00eda automotriz de los 90\t\t\t\t\t\t\t\t\t\t\t<\/h5>\n\t<meta itemscope itemprop=\"mainEntityOfPage\" itemtype=\"https:\/\/schema.org\/WebPage\" itemid=\"https:\/\/ljcreate.com\/es\/2021\/10\/25\/instructores-de-plc-desde-principiantes-hasta-expertos\/\" content=\"Instructores de PLC: desde principiantes hasta expertos\" \/><meta itemprop=\"datePublished\" content=\"2021-10-25\" \/><meta itemprop=\"dateModified\" content=\"2021-11-11\" \/><meta itemprop=\"name\" content=\"LJ Create\"\/><meta itemprop=\"url\" content=\"https:\/\/ljcreate.com\/es\/author\/stewart-mills\/\" \/><meta itemprop=\"name\" content=\"LJ Create\" \/><meta itemprop=\"url\" content=\"https:\/\/ljcreate.com\/wp-content\/uploads\/2021\/10\/plcRange-1.jpg\" \/><meta itemprop=\"width\" content=\"960\" \/><meta itemprop=\"height\" content=\"424\" \/><meta itemprop=\"interactionType\" content=\"https:\/\/schema.org\/CommentAction\" \/><meta itemprop=\"userInteractionCount\" content=\"0\" \/>\n\t\t\t\t\t<a href=\"https:\/\/ljcreate.com\/es\/2021\/10\/25\/instructores-de-plc-desde-principiantes-hasta-expertos\/\" title=\"Instructores de PLC: desde principiantes hasta expertos\"><\/a>\n\t\t\t\t<img decoding=\"async\" src=\"https:\/\/ljcreate.com\/wp-content\/uploads\/2021\/10\/plcRange-1-340x187.jpg\" alt=\"plcRange\" itemprop=\"image\" data-no-lazy=\"1\" height=\"187\" width=\"340\" title=\"plcRange\" onerror=\"this.style.display='none'\"  \/>\n\t\t\t\t\t\t\t\t\t25\n\t\t\t\t\tOct\n\t\t\t\t\t\t\t\t\t<h5 itemprop=\"headline\">\n\t\t\t\t\t\t\t\t\t\t\t\t\t\tInstructores de PLC: desde principiantes hasta expertos\t\t\t\t\t\t\t\t\t\t\t<\/h5>\n\t\t<!-- .pp-content-posts -->\n<h2>\n\t\tLJ Create Videos\n\t<\/h2>\n\t<p>\u00a1Vea estos videos \u00fatiles sobre algunos de nuestros productos m\u00e1s populares!<\/p>\n\t\t\t<img decoding=\"async\" src=\"https:\/\/i.vimeocdn.com\/video\/746879606-37571b9b48f09991c940066db5109cb1949af42684da4ff866c930f13ad4e1c7-d_640\" alt=\"V\u00eddeo\" \/>\t\t\t\t\t\t\t\n\t\t\t\t\tPlay Video\n\t\t\t<img decoding=\"async\" src=\"https:\/\/i.vimeocdn.com\/video\/606864507-4fb8fbf9c45d73094baf430014aa0429a4bc36183ecb372cccc1cdced908b47a-d_640\" alt=\"V\u00eddeo\" \/>\t\t\t\t\t\t\t\n\t\t\t\t\tPlay Video\n\t\t\t<img decoding=\"async\" src=\"https:\/\/i.vimeocdn.com\/video\/560741651-1969531e6c7555fd0581c053238ab5b62202c918d95f1bf2fad0e961d7583cd2-d_640\" alt=\"V\u00eddeo\" \/>\t\t\t\t\t\t\t\n\t\t\t\t\tPlay Video\n\t\t\t<img decoding=\"async\" src=\"https:\/\/i.vimeocdn.com\/video\/604589885-b7f7820882d17124021474840bcf7d72747cd887b22723ddbf5541c3bc301023-d_640\" alt=\"V\u00eddeo\" \/>\t\t\t\t\t\t\t\n\t\t\t\t\tPlay Video\n\t\t\t<img decoding=\"async\" src=\"https:\/\/i.vimeocdn.com\/video\/759670738-115ead81838dc2f310e4477bd9efd556b6c40311e9bf952b9bf2daf2350a5fe8-d_640\" alt=\"V\u00eddeo\" \/>\t\t\t\t\t\t\t\n\t\t\t\t\tPlay Video\n<h2>\n\t\tS\u00edguenos en Instagram\n\t<\/h2>\n\t        <div\n            class=\"spotlight-instagram-feed\"\n            data-feed-var=\"faddbb1f\"\n            data-analytics=\"0\"\n            data-instance=\"26641\"\n        >\n        <\/div>\n        <input type=\"hidden\" id=\"sli__f__faddbb1f\" data-json='{&quot;accounts&quot;:[28013],&quot;tagged&quot;:[],&quot;hashtags&quot;:[],&quot;template&quot;:277001,&quot;layout&quot;:null,&quot;numColumns&quot;:{&quot;desktop&quot;:4,&quot;phone&quot;:3,&quot;tablet&quot;:5},&quot;highlightFreq&quot;:{&quot;desktop&quot;:7},&quot;sliderNumScrollPosts&quot;:{&quot;desktop&quot;:1},&quot;sliderInfinite&quot;:true,&quot;sliderLoop&quot;:false,&quot;sliderArrowPos&quot;:{&quot;desktop&quot;:&quot;inside&quot;},&quot;sliderArrowSize&quot;:{&quot;desktop&quot;:20},&quot;sliderArrowColor&quot;:{&quot;r&quot;:255,&quot;b&quot;:255,&quot;g&quot;:255,&quot;a&quot;:1},&quot;sliderArrowBgColor&quot;:{&quot;r&quot;:0,&quot;b&quot;:0,&quot;g&quot;:0,&quot;a&quot;:0.8},&quot;postOrder&quot;:&quot;date_desc&quot;,&quot;numPosts&quot;:{&quot;desktop&quot;:4,&quot;phone&quot;:3,&quot;tablet&quot;:5},&quot;linkBehavior&quot;:{&quot;desktop&quot;:&quot;lightbox&quot;},&quot;feedWidth&quot;:{&quot;desktop&quot;:0},&quot;feedHeight&quot;:{&quot;desktop&quot;:0},&quot;feedPadding&quot;:{&quot;desktop&quot;:0,&quot;tablet&quot;:0,&quot;phone&quot;:0},&quot;imgPadding&quot;:{&quot;desktop&quot;:0,&quot;tablet&quot;:0,&quot;phone&quot;:0},&quot;textSize&quot;:{&quot;desktop&quot;:0,&quot;tablet&quot;:0,&quot;phone&quot;:0},&quot;bgColor&quot;:{&quot;r&quot;:255,&quot;g&quot;:255,&quot;b&quot;:255,&quot;a&quot;:1},&quot;hoverInfo&quot;:[&quot;likes_comments&quot;,&quot;insta_link&quot;,&quot;date&quot;],&quot;textColorHover&quot;:{&quot;r&quot;:255,&quot;g&quot;:255,&quot;b&quot;:255,&quot;a&quot;:1},&quot;bgColorHover&quot;:{&quot;r&quot;:0,&quot;g&quot;:0,&quot;b&quot;:0,&quot;a&quot;:0.5},&quot;showHeader&quot;:{&quot;desktop&quot;:false},&quot;headerInfo&quot;:{&quot;desktop&quot;:[&quot;profile_pic&quot;,&quot;bio&quot;]},&quot;headerAccount&quot;:null,&quot;headerStyle&quot;:{&quot;desktop&quot;:&quot;normal&quot;,&quot;phone&quot;:&quot;centered&quot;},&quot;headerTextSize&quot;:{&quot;desktop&quot;:0},&quot;headerPhotoSize&quot;:{&quot;desktop&quot;:50},&quot;headerTextColor&quot;:{&quot;r&quot;:0,&quot;g&quot;:0,&quot;b&quot;:0,&quot;a&quot;:1},&quot;headerBgColor&quot;:{&quot;r&quot;:255,&quot;g&quot;:255,&quot;b&quot;:255,&quot;a&quot;:1},&quot;headerPadding&quot;:{&quot;desktop&quot;:0},&quot;customProfilePic&quot;:&quot;&quot;,&quot;customBioText&quot;:&quot;&quot;,&quot;includeStories&quot;:false,&quot;storiesInterval&quot;:5,&quot;showCaptions&quot;:{&quot;desktop&quot;:false,&quot;tablet&quot;:false},&quot;captionMaxLength&quot;:{&quot;desktop&quot;:0},&quot;captionRemoveDots&quot;:false,&quot;captionSize&quot;:{&quot;desktop&quot;:0},&quot;captionColor&quot;:{&quot;r&quot;:0,&quot;g&quot;:0,&quot;b&quot;:0,&quot;a&quot;:1},&quot;showLikes&quot;:{&quot;desktop&quot;:false,&quot;tablet&quot;:false},&quot;showComments&quot;:{&quot;desktop&quot;:false,&quot;tablet&quot;:false},&quot;lcIconSize&quot;:{&quot;desktop&quot;:14},&quot;likesIconColor&quot;:{&quot;r&quot;:0,&quot;g&quot;:0,&quot;b&quot;:0,&quot;a&quot;:1},&quot;commentsIconColor&quot;:{&quot;r&quot;:0,&quot;g&quot;:0,&quot;b&quot;:0,&quot;a&quot;:1},&quot;lightboxShowSidebar&quot;:false,&quot;lightboxCtaStyle&quot;:&quot;link&quot;,&quot;lightboxCtaDesign&quot;:{&quot;text&quot;:{&quot;color&quot;:{&quot;r&quot;:0,&quot;g&quot;:0,&quot;b&quot;:0,&quot;a&quot;:1},&quot;align&quot;:&quot;center&quot;},&quot;bgColor&quot;:{&quot;r&quot;:230,&quot;g&quot;:230,&quot;b&quot;:230,&quot;a&quot;:1},&quot;border&quot;:{&quot;radius&quot;:3}},&quot;numLightboxComments&quot;:50,&quot;showLoadMoreBtn&quot;:{&quot;desktop&quot;:false},&quot;loadMoreBtnDesign&quot;:{&quot;text&quot;:{&quot;color&quot;:{&quot;r&quot;:255,&quot;g&quot;:255,&quot;b&quot;:255,&quot;a&quot;:1},&quot;align&quot;:&quot;center&quot;},&quot;border&quot;:{&quot;radius&quot;:3},&quot;bgColor&quot;:{&quot;r&quot;:0,&quot;g&quot;:149,&quot;b&quot;:246,&quot;a&quot;:1},&quot;margin&quot;:{&quot;top&quot;:0,&quot;bottom&quot;:0,&quot;left&quot;:0,&quot;right&quot;:0},&quot;padding&quot;:{&quot;top&quot;:12,&quot;bottom&quot;:12,&quot;left&quot;:12,&quot;right&quot;:12},&quot;onHover&quot;:{&quot;text&quot;:{&quot;color&quot;:{&quot;r&quot;:255,&quot;g&quot;:255,&quot;b&quot;:255,&quot;a&quot;:1}},&quot;bgColor&quot;:{&quot;r&quot;:0,&quot;g&quot;:129,&quot;b&quot;:203,&quot;a&quot;:1}}},&quot;loadMoreBtnText&quot;:&quot;Load more&quot;,&quot;loadMoreBtnScroll&quot;:true,&quot;autoload&quot;:false,&quot;showFollowBtn&quot;:{&quot;desktop&quot;:false,&quot;phone&quot;:false},&quot;followBtnText&quot;:&quot;Follow on Instagram&quot;,&quot;followBtnDesign&quot;:{&quot;text&quot;:{&quot;color&quot;:{&quot;r&quot;:255,&quot;g&quot;:255,&quot;b&quot;:255,&quot;a&quot;:1},&quot;align&quot;:&quot;center&quot;},&quot;border&quot;:{&quot;radius&quot;:3},&quot;bgColor&quot;:{&quot;r&quot;:0,&quot;g&quot;:149,&quot;b&quot;:246,&quot;a&quot;:1},&quot;margin&quot;:{&quot;top&quot;:0,&quot;bottom&quot;:0,&quot;left&quot;:0,&quot;right&quot;:0},&quot;padding&quot;:{&quot;top&quot;:12,&quot;bottom&quot;:12,&quot;left&quot;:12,&quot;right&quot;:12},&quot;onHover&quot;:{&quot;text&quot;:{&quot;color&quot;:{&quot;r&quot;:255,&quot;g&quot;:255,&quot;b&quot;:255,&quot;a&quot;:1}},&quot;bgColor&quot;:{&quot;r&quot;:0,&quot;g&quot;:129,&quot;b&quot;:203,&quot;a&quot;:1}}},&quot;followBtnLocation&quot;:{&quot;desktop&quot;:&quot;header&quot;,&quot;phone&quot;:&quot;bottom&quot;},&quot;mediaType&quot;:&quot;all&quot;,&quot;hashtagWhitelist&quot;:[],&quot;hashtagBlacklist&quot;:[],&quot;captionWhitelist&quot;:[],&quot;captionBlacklist&quot;:[],&quot;hashtagWhitelistSettings&quot;:true,&quot;hashtagBlacklistSettings&quot;:true,&quot;captionWhitelistSettings&quot;:true,&quot;captionBlacklistSettings&quot;:true,&quot;moderation&quot;:[],&quot;moderationMode&quot;:&quot;blacklist&quot;,&quot;promotionEnabled&quot;:true,&quot;autoPromotionsEnabled&quot;:true,&quot;globalPromotionsEnabled&quot;:true,&quot;promotions&quot;:[]}' \/>\n        <input type=\"hidden\" id=\"sli__a__faddbb1f\" data-json='[{&quot;id&quot;:28013,&quot;type&quot;:&quot;PERSONAL&quot;,&quot;userId&quot;:&quot;4639178062792591&quot;,&quot;username&quot;:&quot;lj_create&quot;,&quot;bio&quot;:&quot;&quot;,&quot;customBio&quot;:&quot;&quot;,&quot;profilePicUrl&quot;:&quot;&quot;,&quot;customProfilePicUrl&quot;:&quot;&quot;,&quot;mediaCount&quot;:&quot;204&quot;,&quot;followersCount&quot;:&quot;0&quot;,&quot;usages&quot;:[],&quot;creationDate&quot;:&quot;2021-12-10 13:28:41&quot;}]' \/>\n        <input type=\"hidden\" id=\"sli__m__faddbb1f\" data-json='[]' \/>\n        \n\t\t\t<a href=\"https:\/\/www.instagram.com\/lj_create\" target=\"_blank\" role=\"button\" rel=\"noopener\">\n\t\t\t\t\t\t\tSeguir en Instagram\n\t\t\t\t\t<\/a>\n<h2>\n\t\tNo te pierdas lo que esta pasando\n\t<\/h2>\n\t<p>Las personas en Twitter son las primeras en saberlo.<\/p>\n\t<a href=\"https:\/\/twitter.com\/LJCreate\/timelines\/1431269631130546178?ref_src=twsrc%5Etfw\"  data-limit=\"3\" data-chrome=\"nofooter\" data-width><\/a>\n\n","protected":false},"excerpt":{"rendered":"<p>Home &gt; Blog y Social 12 Ene No se quede atr\u00e1s ense\u00f1ando la tecnolog\u00eda automotriz de los 90 25 Oct Instructores de PLC: desde principiantes hasta expertos LJ Create Videos \u00a1Vea estos videos \u00fatiles sobre algunos de nuestros productos m\u00e1s populares! Play Video Play Video Play Video Play Video Play Video S\u00edguenos en Instagram Seguir&hellip;<\/p>\n","protected":false},"author":1,"featured_media":0,"parent":0,"menu_order":10,"comment_status":"closed","ping_status":"closed","template":"","meta":{"_acf_changed":false,"inline_featured_image":false,"footnotes":""},"class_list":["post-26641","page","type-page","status-publish","hentry"],"acf":[],"yoast_head":"<!-- This site is optimized with the Yoast SEO plugin v27.3 - https:\/\/yoast.com\/product\/yoast-seo-wordpress\/ -->\n<title>Blog y Social | LJ Create<\/title>\n<meta name=\"robots\" content=\"index, follow, max-snippet:-1, max-image-preview:large, max-video-preview:-1\" \/>\n<link rel=\"canonical\" href=\"https:\/\/ljcreate.com\/es\/blog-y-social\/\" \/>\n<meta property=\"og:locale\" content=\"es_ES\" \/>\n<meta property=\"og:type\" content=\"article\" \/>\n<meta property=\"og:title\" content=\"Blog y Social | LJ Create\" \/>\n<meta property=\"og:description\" content=\"Home &gt; Blog y Social 12 Ene No se quede atr\u00e1s ense\u00f1ando la tecnolog\u00eda automotriz de los 90 25 Oct Instructores de PLC: desde principiantes hasta expertos LJ Create Videos \u00a1Vea estos videos \u00fatiles sobre algunos de nuestros productos m\u00e1s populares! Play Video Play Video Play Video Play Video Play Video S\u00edguenos en Instagram Seguir&hellip;\" \/>\n<meta property=\"og:url\" content=\"https:\/\/ljcreate.com\/es\/blog-y-social\/\" \/>\n<meta property=\"og:site_name\" content=\"LJ Create\" \/>\n<meta property=\"article:modified_time\" content=\"2023-07-20T13:56:12+00:00\" \/>\n<meta property=\"og:image\" content=\"https:\/\/ljcreate.com\/wp-content\/uploads\/2021\/12\/can-boards-340x187.png\" \/>\n<meta name=\"twitter:card\" content=\"summary_large_image\" \/>\n<script type=\"application\/ld+json\" class=\"yoast-schema-graph\">{\"@context\":\"https:\\\/\\\/schema.org\",\"@graph\":[{\"@type\":\"WebPage\",\"@id\":\"https:\\\/\\\/ljcreate.com\\\/es\\\/blog-y-social\\\/\",\"url\":\"https:\\\/\\\/ljcreate.com\\\/es\\\/blog-y-social\\\/\",\"name\":\"Blog y Social | LJ Create\",\"isPartOf\":{\"@id\":\"https:\\\/\\\/ljcreate.com\\\/es\\\/#website\"},\"primaryImageOfPage\":{\"@id\":\"https:\\\/\\\/ljcreate.com\\\/es\\\/blog-y-social\\\/#primaryimage\"},\"image\":{\"@id\":\"https:\\\/\\\/ljcreate.com\\\/es\\\/blog-y-social\\\/#primaryimage\"},\"thumbnailUrl\":\"https:\\\/\\\/ljcreate.com\\\/wp-content\\\/uploads\\\/2021\\\/12\\\/can-boards-340x187.png\",\"datePublished\":\"2021-10-26T13:25:13+00:00\",\"dateModified\":\"2023-07-20T13:56:12+00:00\",\"breadcrumb\":{\"@id\":\"https:\\\/\\\/ljcreate.com\\\/es\\\/blog-y-social\\\/#breadcrumb\"},\"inLanguage\":\"es\",\"potentialAction\":[{\"@type\":\"ReadAction\",\"target\":[\"https:\\\/\\\/ljcreate.com\\\/es\\\/blog-y-social\\\/\"]}]},{\"@type\":\"ImageObject\",\"inLanguage\":\"es\",\"@id\":\"https:\\\/\\\/ljcreate.com\\\/es\\\/blog-y-social\\\/#primaryimage\",\"url\":\"https:\\\/\\\/ljcreate.com\\\/wp-content\\\/uploads\\\/2021\\\/12\\\/can-boards-340x187.png\",\"contentUrl\":\"https:\\\/\\\/ljcreate.com\\\/wp-content\\\/uploads\\\/2021\\\/12\\\/can-boards-340x187.png\"},{\"@type\":\"BreadcrumbList\",\"@id\":\"https:\\\/\\\/ljcreate.com\\\/es\\\/blog-y-social\\\/#breadcrumb\",\"itemListElement\":[{\"@type\":\"ListItem\",\"position\":1,\"name\":\"Home\",\"item\":\"https:\\\/\\\/ljcreate.com\\\/es\\\/\"},{\"@type\":\"ListItem\",\"position\":2,\"name\":\"Blog y Social\"}]},{\"@type\":\"WebSite\",\"@id\":\"https:\\\/\\\/ljcreate.com\\\/es\\\/#website\",\"url\":\"https:\\\/\\\/ljcreate.com\\\/es\\\/\",\"name\":\"LJ Create\",\"description\":\"Innovate, Inspire, and Engage\",\"publisher\":{\"@id\":\"https:\\\/\\\/ljcreate.com\\\/es\\\/#organization\"},\"alternateName\":\"Creative Learning (Norwich) Limited\",\"potentialAction\":[{\"@type\":\"SearchAction\",\"target\":{\"@type\":\"EntryPoint\",\"urlTemplate\":\"https:\\\/\\\/ljcreate.com\\\/es\\\/?s={search_term_string}\"},\"query-input\":{\"@type\":\"PropertyValueSpecification\",\"valueRequired\":true,\"valueName\":\"search_term_string\"}}],\"inLanguage\":\"es\"},{\"@type\":\"Organization\",\"@id\":\"https:\\\/\\\/ljcreate.com\\\/es\\\/#organization\",\"name\":\"LJ Create\",\"url\":\"https:\\\/\\\/ljcreate.com\\\/es\\\/\",\"logo\":{\"@type\":\"ImageObject\",\"inLanguage\":\"es\",\"@id\":\"https:\\\/\\\/ljcreate.com\\\/es\\\/#\\\/schema\\\/logo\\\/image\\\/\",\"url\":\"https:\\\/\\\/ljcreate.com\\\/wp-content\\\/uploads\\\/2021\\\/07\\\/logo.svg\",\"contentUrl\":\"https:\\\/\\\/ljcreate.com\\\/wp-content\\\/uploads\\\/2021\\\/07\\\/logo.svg\",\"width\":\"1024\",\"height\":\"1024\",\"caption\":\"LJ Create\"},\"image\":{\"@id\":\"https:\\\/\\\/ljcreate.com\\\/es\\\/#\\\/schema\\\/logo\\\/image\\\/\"}}]}<\/script>\n<!-- \/ Yoast SEO plugin. -->","yoast_head_json":{"title":"Blog y Social | LJ Create","robots":{"index":"index","follow":"follow","max-snippet":"max-snippet:-1","max-image-preview":"max-image-preview:large","max-video-preview":"max-video-preview:-1"},"canonical":"https:\/\/ljcreate.com\/es\/blog-y-social\/","og_locale":"es_ES","og_type":"article","og_title":"Blog y Social | LJ Create","og_description":"Home &gt; Blog y Social 12 Ene No se quede atr\u00e1s ense\u00f1ando la tecnolog\u00eda automotriz de los 90 25 Oct Instructores de PLC: desde principiantes hasta expertos LJ Create Videos \u00a1Vea estos videos \u00fatiles sobre algunos de nuestros productos m\u00e1s populares! Play Video Play Video Play Video Play Video Play Video S\u00edguenos en Instagram Seguir&hellip;","og_url":"https:\/\/ljcreate.com\/es\/blog-y-social\/","og_site_name":"LJ Create","article_modified_time":"2023-07-20T13:56:12+00:00","og_image":[{"url":"https:\/\/ljcreate.com\/wp-content\/uploads\/2021\/12\/can-boards-340x187.png","type":"","width":"","height":""}],"twitter_card":"summary_large_image","schema":{"@context":"https:\/\/schema.org","@graph":[{"@type":"WebPage","@id":"https:\/\/ljcreate.com\/es\/blog-y-social\/","url":"https:\/\/ljcreate.com\/es\/blog-y-social\/","name":"Blog y Social | LJ Create","isPartOf":{"@id":"https:\/\/ljcreate.com\/es\/#website"},"primaryImageOfPage":{"@id":"https:\/\/ljcreate.com\/es\/blog-y-social\/#primaryimage"},"image":{"@id":"https:\/\/ljcreate.com\/es\/blog-y-social\/#primaryimage"},"thumbnailUrl":"https:\/\/ljcreate.com\/wp-content\/uploads\/2021\/12\/can-boards-340x187.png","datePublished":"2021-10-26T13:25:13+00:00","dateModified":"2023-07-20T13:56:12+00:00","breadcrumb":{"@id":"https:\/\/ljcreate.com\/es\/blog-y-social\/#breadcrumb"},"inLanguage":"es","potentialAction":[{"@type":"ReadAction","target":["https:\/\/ljcreate.com\/es\/blog-y-social\/"]}]},{"@type":"ImageObject","inLanguage":"es","@id":"https:\/\/ljcreate.com\/es\/blog-y-social\/#primaryimage","url":"https:\/\/ljcreate.com\/wp-content\/uploads\/2021\/12\/can-boards-340x187.png","contentUrl":"https:\/\/ljcreate.com\/wp-content\/uploads\/2021\/12\/can-boards-340x187.png"},{"@type":"BreadcrumbList","@id":"https:\/\/ljcreate.com\/es\/blog-y-social\/#breadcrumb","itemListElement":[{"@type":"ListItem","position":1,"name":"Home","item":"https:\/\/ljcreate.com\/es\/"},{"@type":"ListItem","position":2,"name":"Blog y Social"}]},{"@type":"WebSite","@id":"https:\/\/ljcreate.com\/es\/#website","url":"https:\/\/ljcreate.com\/es\/","name":"LJ Create","description":"Innovate, Inspire, and Engage","publisher":{"@id":"https:\/\/ljcreate.com\/es\/#organization"},"alternateName":"Creative Learning (Norwich) Limited","potentialAction":[{"@type":"SearchAction","target":{"@type":"EntryPoint","urlTemplate":"https:\/\/ljcreate.com\/es\/?s={search_term_string}"},"query-input":{"@type":"PropertyValueSpecification","valueRequired":true,"valueName":"search_term_string"}}],"inLanguage":"es"},{"@type":"Organization","@id":"https:\/\/ljcreate.com\/es\/#organization","name":"LJ Create","url":"https:\/\/ljcreate.com\/es\/","logo":{"@type":"ImageObject","inLanguage":"es","@id":"https:\/\/ljcreate.com\/es\/#\/schema\/logo\/image\/","url":"https:\/\/ljcreate.com\/wp-content\/uploads\/2021\/07\/logo.svg","contentUrl":"https:\/\/ljcreate.com\/wp-content\/uploads\/2021\/07\/logo.svg","width":"1024","height":"1024","caption":"LJ Create"},"image":{"@id":"https:\/\/ljcreate.com\/es\/#\/schema\/logo\/image\/"}}]}},"_links":{"self":[{"href":"https:\/\/ljcreate.com\/es\/wp-json\/wp\/v2\/pages\/26641","targetHints":{"allow":["GET"]}}],"collection":[{"href":"https:\/\/ljcreate.com\/es\/wp-json\/wp\/v2\/pages"}],"about":[{"href":"https:\/\/ljcreate.com\/es\/wp-json\/wp\/v2\/types\/page"}],"author":[{"embeddable":true,"href":"https:\/\/ljcreate.com\/es\/wp-json\/wp\/v2\/users\/1"}],"replies":[{"embeddable":true,"href":"https:\/\/ljcreate.com\/es\/wp-json\/wp\/v2\/comments?post=26641"}],"version-history":[{"count":2,"href":"https:\/\/ljcreate.com\/es\/wp-json\/wp\/v2\/pages\/26641\/revisions"}],"predecessor-version":[{"id":53550,"href":"https:\/\/ljcreate.com\/es\/wp-json\/wp\/v2\/pages\/26641\/revisions\/53550"}],"wp:attachment":[{"href":"https:\/\/ljcreate.com\/es\/wp-json\/wp\/v2\/media?parent=26641"}],"curies":[{"name":"wp","href":"https:\/\/api.w.org\/{rel}","templated":true}]}}