{"id":26639,"date":"2021-10-26T08:22:12","date_gmt":"2021-10-26T13:22:12","guid":{"rendered":"https:\/\/alpha.ljcreate.com\/actualizacion-de-las-noticias\/"},"modified":"2024-02-09T15:30:48","modified_gmt":"2024-02-09T15:30:48","slug":"actualizacion-de-las-noticias","status":"publish","type":"page","link":"https:\/\/ljcreate.com\/es\/actualizacion-de-las-noticias\/","title":{"rendered":"Actualizaci\u00f3n de las noticias"},"content":{"rendered":"\n\n\t<nav id=\"breadcrumbs\" aria-label=\"Breadcrumbs\"><a href=\"https:\/\/ljcreate.com\/es\/\">Home<\/a> &gt; Actualizaci\u00f3n de las noticias<\/nav>\n\t<meta itemscope itemprop=\"mainEntityOfPage\" itemtype=\"https:\/\/schema.org\/WebPage\" itemid=\"http:\/\/30142\" content=\"Superar los retrasos en los env\u00edos globales para entregar productos electr\u00f3nicos en Per\u00fa\" \/><meta itemprop=\"datePublished\" content=\"2022-02-03\" \/><meta itemprop=\"dateModified\" content=\"2022-02-03\" \/><meta itemprop=\"name\" content=\"LJ Create\"\/><meta itemprop=\"url\" content=\"https:\/\/ljcreate.com\/es\/author\/stewart-mills\/\" \/><meta itemprop=\"name\" content=\"LJ Create\" \/><meta itemprop=\"url\" content=\"https:\/\/ljcreate.com\/wp-content\/uploads\/2022\/02\/Universidad-Nacional-de-Trujillo.-Advanced-Electronics-6-stations-1-Feb-2022.jpg\" \/><meta itemprop=\"width\" content=\"1600\" \/><meta itemprop=\"height\" content=\"496\" \/><meta itemprop=\"interactionType\" content=\"https:\/\/schema.org\/CommentAction\" \/><meta itemprop=\"userInteractionCount\" content=\"0\" \/>\n\t\t\t\t<a href=\"https:\/\/ljcreate.com\/es\/2022\/02\/03\/overcoming-global-shipping-delays-to-deliver-electronics-in-peru\/\" target=\"_self\" itemprop=\"url\" rel=\"noopener\">\n\t\t\t\t<img decoding=\"async\" src=\"https:\/\/ljcreate.com\/wp-content\/uploads\/2022\/02\/Universidad-Nacional-de-Trujillo.-Advanced-Electronics-6-stations-1-Feb-2022-340x187.jpg\" alt=\"Universidad Nacional de Trujillo. Advanced Electronics 6 stations (1) Feb 2022\" itemprop=\"image\" data-no-lazy=\"1\" height=\"187\" width=\"340\" title=\"Universidad Nacional de Trujillo. Advanced Electronics 6 stations (1) Feb 2022\" onerror=\"this.style.display='none'\"  \/>\n\t\t\t\t<\/a>\n\t\t\t\t\t\t\t\t\t<h5 itemprop=\"headline\">\n\t\t\t\t\t\t\t\t\t\t\t\t\t<a href=\"https:\/\/ljcreate.com\/es\/2022\/02\/03\/overcoming-global-shipping-delays-to-deliver-electronics-in-peru\/\" title=\"Superar los retrasos en los env\u00edos globales para entregar productos electr\u00f3nicos en Per\u00fa\">\n\t\t\t\t\t\t\t\t\t\t\t\t\t\tSuperar los retrasos en los env\u00edos globales para entregar productos electr\u00f3nicos en Per\u00fa\t\t\t\t\t\t\t\t\t\t\t\t\t<\/a>\n\t\t\t\t\t\t\t\t\t\t\t<\/h5>\nBy <a href=\"https:\/\/ljcreate.com\/es\/author\/stewart-mills\/\">LJ Create<\/a>\t\t\t\t\t\n\t\t\t\t\t\t\t\t\t\t\t\t\t\t\t\t\t\t  |  \n\t\t\tfebrero 3, 2022\t\t\t\t\t\t\n    A pesar del desaf\u00edo continuo de enviar productos durante una pandemia mundial, LJ Create se complace en anunciar que\u00a0&#8211; en&#8230;\n    <a href=\"https:\/\/ljcreate.com\/es\/2022\/02\/03\/overcoming-global-shipping-delays-to-deliver-electronics-in-peru\/\" title=\"Superar los retrasos en los env\u00edos globales para entregar productos electr\u00f3nicos en Per\u00fa\">Lee mas about Superar los retrasos en los env\u00edos globales para entregar productos electr\u00f3nicos en Per\u00fa<\/a>\n\t<meta itemscope itemprop=\"mainEntityOfPage\" itemtype=\"https:\/\/schema.org\/WebPage\" itemid=\"http:\/\/29306\" content=\"*NUEVA CARACTER\u00cdSTICA LMS* \u00a1Crea tus propias lecciones!\" \/><meta itemprop=\"datePublished\" content=\"2022-01-12\" \/><meta itemprop=\"dateModified\" content=\"2022-01-12\" \/><meta itemprop=\"name\" content=\"LJ Create\"\/><meta itemprop=\"url\" content=\"https:\/\/ljcreate.com\/es\/author\/stewart-mills\/\" \/><meta itemprop=\"name\" content=\"LJ Create\" \/><meta itemprop=\"url\" content=\"https:\/\/ljcreate.com\/wp-content\/uploads\/2022\/01\/lmsContentHeader-2.jpg\" \/><meta itemprop=\"width\" content=\"1083\" \/><meta itemprop=\"height\" content=\"340\" \/><meta itemprop=\"interactionType\" content=\"https:\/\/schema.org\/CommentAction\" \/><meta itemprop=\"userInteractionCount\" content=\"0\" \/>\n\t\t\t\t<a href=\"https:\/\/ljcreate.com\/es\/2022\/01\/12\/nueva-caracteristica-lms-crea-tus-propias-lecciones\/\" target=\"_self\" itemprop=\"url\" rel=\"noopener\">\n\t\t\t\t<img decoding=\"async\" src=\"https:\/\/ljcreate.com\/wp-content\/uploads\/2022\/01\/lmsContentHeader-2-340x187.jpg\" alt=\"lmsContentHeader\" itemprop=\"image\" data-no-lazy=\"1\" height=\"187\" width=\"340\" title=\"lmsContentHeader\" onerror=\"this.style.display='none'\"  \/>\n\t\t\t\t<\/a>\n\t\t\t\t\t\t\t\t\t<h5 itemprop=\"headline\">\n\t\t\t\t\t\t\t\t\t\t\t\t\t<a href=\"https:\/\/ljcreate.com\/es\/2022\/01\/12\/nueva-caracteristica-lms-crea-tus-propias-lecciones\/\" title=\"*NUEVA CARACTER\u00cdSTICA LMS* \u00a1Crea tus propias lecciones!\">\n\t\t\t\t\t\t\t\t\t\t\t\t\t\t*NUEVA CARACTER\u00cdSTICA LMS* <br \/>\u00a1Crea tus propias lecciones!\t\t\t\t\t\t\t\t\t\t\t\t\t<\/a>\n\t\t\t\t\t\t\t\t\t\t\t<\/h5>\nBy <a href=\"https:\/\/ljcreate.com\/es\/author\/stewart-mills\/\">LJ Create<\/a>\t\t\t\t\t\n\t\t\t\t\t\t\t\t\t\t\t\t\t\t\t\t\t\t  |  \n\t\t\tenero 12, 2022\t\t\t\t\t\t\n    Con la nueva herramienta de creaci\u00f3n de contenido, puede agregar su propio contenido de aprendizaje dentro de LJ Create LMS&#8230;.\n    <a href=\"https:\/\/ljcreate.com\/es\/2022\/01\/12\/nueva-caracteristica-lms-crea-tus-propias-lecciones\/\" title=\"*NUEVA CARACTER\u00cdSTICA LMS* \u00a1Crea tus propias lecciones!\">Lee mas about *NUEVA CARACTER\u00cdSTICA LMS* \u00a1Crea tus propias lecciones!<\/a>\n\t<meta itemscope itemprop=\"mainEntityOfPage\" itemtype=\"https:\/\/schema.org\/WebPage\" itemid=\"http:\/\/26425\" content=\"Retrasos en los env\u00edos globales que nos afectan a todos\" \/><meta itemprop=\"datePublished\" content=\"2021-10-25\" \/><meta itemprop=\"dateModified\" content=\"2021-10-25\" \/><meta itemprop=\"name\" content=\"LJ Create\"\/><meta itemprop=\"url\" content=\"https:\/\/ljcreate.com\/es\/author\/stewart-mills\/\" \/><meta itemprop=\"name\" content=\"LJ Create\" \/><meta itemprop=\"url\" content=\"https:\/\/ljcreate.com\/wp-content\/uploads\/2021\/10\/shipping.jpg\" \/><meta itemprop=\"width\" content=\"631\" \/><meta itemprop=\"height\" content=\"442\" \/><meta itemprop=\"interactionType\" content=\"https:\/\/schema.org\/CommentAction\" \/><meta itemprop=\"userInteractionCount\" content=\"0\" \/>\n\t\t\t\t<a href=\"https:\/\/ljcreate.com\/es\/2021\/10\/25\/retrasos-en-los-envios-globales-que-nos-afectan-a-todos\/\" target=\"_self\" itemprop=\"url\" rel=\"noopener\">\n\t\t\t\t<img decoding=\"async\" src=\"https:\/\/ljcreate.com\/wp-content\/uploads\/2021\/10\/shipping-340x187.jpg\" alt=\"shipping\" itemprop=\"image\" data-no-lazy=\"1\" height=\"187\" width=\"340\" title=\"shipping\" onerror=\"this.style.display='none'\"  \/>\n\t\t\t\t<\/a>\n\t\t\t\t\t\t\t\t\t<h5 itemprop=\"headline\">\n\t\t\t\t\t\t\t\t\t\t\t\t\t<a href=\"https:\/\/ljcreate.com\/es\/2021\/10\/25\/retrasos-en-los-envios-globales-que-nos-afectan-a-todos\/\" title=\"Retrasos en los env\u00edos globales que nos afectan a todos\">\n\t\t\t\t\t\t\t\t\t\t\t\t\t\tRetrasos en los env\u00edos globales que nos afectan a todos\t\t\t\t\t\t\t\t\t\t\t\t\t<\/a>\n\t\t\t\t\t\t\t\t\t\t\t<\/h5>\nBy <a href=\"https:\/\/ljcreate.com\/es\/author\/stewart-mills\/\">LJ Create<\/a>\t\t\t\t\t\n\t\t\t\t\t\t\t\t\t\t\t\t\t\t\t\t\t\t  |  \n\t\t\toctubre 25, 2021\t\t\t\t\t\t\n    Desde que comenz\u00f3 la pandemia, LJ Create no ha sido inmune a las consecuencias que han creado la escasez de&#8230;\n    <a href=\"https:\/\/ljcreate.com\/es\/2021\/10\/25\/retrasos-en-los-envios-globales-que-nos-afectan-a-todos\/\" title=\"Retrasos en los env\u00edos globales que nos afectan a todos\">Lee mas about Retrasos en los env\u00edos globales que nos afectan a todos<\/a>\n\t\t<!-- .pp-content-posts -->\n<h2>\n\t\tLJ Create Videos\n\t<\/h2>\n\t<p>\u00a1Vea estos videos \u00fatiles sobre algunos de nuestros productos m\u00e1s populares!<\/p>\n\t\t\t<img decoding=\"async\" src=\"https:\/\/i.vimeocdn.com\/video\/746879606-37571b9b48f09991c940066db5109cb1949af42684da4ff866c930f13ad4e1c7-d_640\" alt=\"V\u00eddeo\" \/>\t\t\t\t\t\t\t\n\t\t\t\t\tPlay Video\n\t\t\t<img decoding=\"async\" src=\"https:\/\/i.vimeocdn.com\/video\/606864507-4fb8fbf9c45d73094baf430014aa0429a4bc36183ecb372cccc1cdced908b47a-d_640\" alt=\"V\u00eddeo\" \/>\t\t\t\t\t\t\t\n\t\t\t\t\tPlay Video\n\t\t\t<img decoding=\"async\" src=\"https:\/\/i.vimeocdn.com\/video\/560741651-1969531e6c7555fd0581c053238ab5b62202c918d95f1bf2fad0e961d7583cd2-d_640\" alt=\"V\u00eddeo\" \/>\t\t\t\t\t\t\t\n\t\t\t\t\tPlay Video\n\t\t\t<img decoding=\"async\" src=\"https:\/\/i.vimeocdn.com\/video\/604589885-b7f7820882d17124021474840bcf7d72747cd887b22723ddbf5541c3bc301023-d_640\" alt=\"V\u00eddeo\" \/>\t\t\t\t\t\t\t\n\t\t\t\t\tPlay Video\n\t\t\t<img decoding=\"async\" src=\"https:\/\/i.vimeocdn.com\/video\/759670738-115ead81838dc2f310e4477bd9efd556b6c40311e9bf952b9bf2daf2350a5fe8-d_640\" alt=\"V\u00eddeo\" \/>\t\t\t\t\t\t\t\n\t\t\t\t\tPlay Video\n\n","protected":false},"excerpt":{"rendered":"<p>Home &gt; Actualizaci\u00f3n de las noticias Superar los retrasos en los env\u00edos globales para entregar productos electr\u00f3nicos en Per\u00fa By LJ Create | febrero 3, 2022 A pesar del desaf\u00edo continuo de enviar productos durante una pandemia mundial, LJ Create se complace en anunciar que\u00a0&#8211; en&#8230; Lee mas about Superar los retrasos en los env\u00edos&hellip;<\/p>\n","protected":false},"author":1,"featured_media":0,"parent":0,"menu_order":9,"comment_status":"closed","ping_status":"closed","template":"","meta":{"_acf_changed":false,"inline_featured_image":false,"footnotes":""},"class_list":["post-26639","page","type-page","status-publish","hentry"],"acf":[],"yoast_head":"<!-- This site is optimized with the Yoast SEO plugin v27.3 - https:\/\/yoast.com\/product\/yoast-seo-wordpress\/ -->\n<title>Actualizaci\u00f3n de las noticias | LJ Create<\/title>\n<meta name=\"robots\" content=\"index, follow, max-snippet:-1, max-image-preview:large, max-video-preview:-1\" \/>\n<link rel=\"canonical\" href=\"https:\/\/ljcreate.com\/es\/actualizacion-de-las-noticias\/\" \/>\n<meta property=\"og:locale\" content=\"es_ES\" \/>\n<meta property=\"og:type\" content=\"article\" \/>\n<meta property=\"og:title\" content=\"Actualizaci\u00f3n de las noticias | LJ Create\" \/>\n<meta property=\"og:description\" content=\"Home &gt; Actualizaci\u00f3n de las noticias Superar los retrasos en los env\u00edos globales para entregar productos electr\u00f3nicos en Per\u00fa By LJ Create | febrero 3, 2022 A pesar del desaf\u00edo continuo de enviar productos durante una pandemia mundial, LJ Create se complace en anunciar que\u00a0&#8211; en&#8230; Lee mas about Superar los retrasos en los env\u00edos&hellip;\" \/>\n<meta property=\"og:url\" content=\"https:\/\/ljcreate.com\/es\/actualizacion-de-las-noticias\/\" \/>\n<meta property=\"og:site_name\" content=\"LJ Create\" \/>\n<meta property=\"article:modified_time\" content=\"2024-02-09T15:30:48+00:00\" \/>\n<meta property=\"og:image\" content=\"https:\/\/ljcreate.com\/wp-content\/uploads\/2022\/02\/Universidad-Nacional-de-Trujillo.-Advanced-Electronics-6-stations-1-Feb-2022-340x187.jpg\" \/>\n<meta name=\"twitter:card\" content=\"summary_large_image\" \/>\n<meta name=\"twitter:label1\" content=\"Tiempo de lectura\" \/>\n\t<meta name=\"twitter:data1\" content=\"1 minuto\" \/>\n<script type=\"application\/ld+json\" class=\"yoast-schema-graph\">{\"@context\":\"https:\\\/\\\/schema.org\",\"@graph\":[{\"@type\":\"WebPage\",\"@id\":\"https:\\\/\\\/ljcreate.com\\\/es\\\/actualizacion-de-las-noticias\\\/\",\"url\":\"https:\\\/\\\/ljcreate.com\\\/es\\\/actualizacion-de-las-noticias\\\/\",\"name\":\"Actualizaci\u00f3n de las noticias | LJ Create\",\"isPartOf\":{\"@id\":\"https:\\\/\\\/ljcreate.com\\\/es\\\/#website\"},\"primaryImageOfPage\":{\"@id\":\"https:\\\/\\\/ljcreate.com\\\/es\\\/actualizacion-de-las-noticias\\\/#primaryimage\"},\"image\":{\"@id\":\"https:\\\/\\\/ljcreate.com\\\/es\\\/actualizacion-de-las-noticias\\\/#primaryimage\"},\"thumbnailUrl\":\"https:\\\/\\\/ljcreate.com\\\/wp-content\\\/uploads\\\/2022\\\/02\\\/Universidad-Nacional-de-Trujillo.-Advanced-Electronics-6-stations-1-Feb-2022-340x187.jpg\",\"datePublished\":\"2021-10-26T13:22:12+00:00\",\"dateModified\":\"2024-02-09T15:30:48+00:00\",\"breadcrumb\":{\"@id\":\"https:\\\/\\\/ljcreate.com\\\/es\\\/actualizacion-de-las-noticias\\\/#breadcrumb\"},\"inLanguage\":\"es\",\"potentialAction\":[{\"@type\":\"ReadAction\",\"target\":[\"https:\\\/\\\/ljcreate.com\\\/es\\\/actualizacion-de-las-noticias\\\/\"]}]},{\"@type\":\"ImageObject\",\"inLanguage\":\"es\",\"@id\":\"https:\\\/\\\/ljcreate.com\\\/es\\\/actualizacion-de-las-noticias\\\/#primaryimage\",\"url\":\"https:\\\/\\\/ljcreate.com\\\/wp-content\\\/uploads\\\/2022\\\/02\\\/Universidad-Nacional-de-Trujillo.-Advanced-Electronics-6-stations-1-Feb-2022-340x187.jpg\",\"contentUrl\":\"https:\\\/\\\/ljcreate.com\\\/wp-content\\\/uploads\\\/2022\\\/02\\\/Universidad-Nacional-de-Trujillo.-Advanced-Electronics-6-stations-1-Feb-2022-340x187.jpg\"},{\"@type\":\"BreadcrumbList\",\"@id\":\"https:\\\/\\\/ljcreate.com\\\/es\\\/actualizacion-de-las-noticias\\\/#breadcrumb\",\"itemListElement\":[{\"@type\":\"ListItem\",\"position\":1,\"name\":\"Home\",\"item\":\"https:\\\/\\\/ljcreate.com\\\/es\\\/\"},{\"@type\":\"ListItem\",\"position\":2,\"name\":\"Actualizaci\u00f3n de las noticias\"}]},{\"@type\":\"WebSite\",\"@id\":\"https:\\\/\\\/ljcreate.com\\\/es\\\/#website\",\"url\":\"https:\\\/\\\/ljcreate.com\\\/es\\\/\",\"name\":\"LJ Create\",\"description\":\"Innovate, Inspire, and Engage\",\"publisher\":{\"@id\":\"https:\\\/\\\/ljcreate.com\\\/es\\\/#organization\"},\"alternateName\":\"Creative Learning (Norwich) Limited\",\"potentialAction\":[{\"@type\":\"SearchAction\",\"target\":{\"@type\":\"EntryPoint\",\"urlTemplate\":\"https:\\\/\\\/ljcreate.com\\\/es\\\/?s={search_term_string}\"},\"query-input\":{\"@type\":\"PropertyValueSpecification\",\"valueRequired\":true,\"valueName\":\"search_term_string\"}}],\"inLanguage\":\"es\"},{\"@type\":\"Organization\",\"@id\":\"https:\\\/\\\/ljcreate.com\\\/es\\\/#organization\",\"name\":\"LJ Create\",\"url\":\"https:\\\/\\\/ljcreate.com\\\/es\\\/\",\"logo\":{\"@type\":\"ImageObject\",\"inLanguage\":\"es\",\"@id\":\"https:\\\/\\\/ljcreate.com\\\/es\\\/#\\\/schema\\\/logo\\\/image\\\/\",\"url\":\"https:\\\/\\\/ljcreate.com\\\/wp-content\\\/uploads\\\/2021\\\/07\\\/logo.svg\",\"contentUrl\":\"https:\\\/\\\/ljcreate.com\\\/wp-content\\\/uploads\\\/2021\\\/07\\\/logo.svg\",\"width\":\"1024\",\"height\":\"1024\",\"caption\":\"LJ Create\"},\"image\":{\"@id\":\"https:\\\/\\\/ljcreate.com\\\/es\\\/#\\\/schema\\\/logo\\\/image\\\/\"}}]}<\/script>\n<!-- \/ Yoast SEO plugin. -->","yoast_head_json":{"title":"Actualizaci\u00f3n de las noticias | LJ Create","robots":{"index":"index","follow":"follow","max-snippet":"max-snippet:-1","max-image-preview":"max-image-preview:large","max-video-preview":"max-video-preview:-1"},"canonical":"https:\/\/ljcreate.com\/es\/actualizacion-de-las-noticias\/","og_locale":"es_ES","og_type":"article","og_title":"Actualizaci\u00f3n de las noticias | LJ Create","og_description":"Home &gt; Actualizaci\u00f3n de las noticias Superar los retrasos en los env\u00edos globales para entregar productos electr\u00f3nicos en Per\u00fa By LJ Create | febrero 3, 2022 A pesar del desaf\u00edo continuo de enviar productos durante una pandemia mundial, LJ Create se complace en anunciar que\u00a0&#8211; en&#8230; Lee mas about Superar los retrasos en los env\u00edos&hellip;","og_url":"https:\/\/ljcreate.com\/es\/actualizacion-de-las-noticias\/","og_site_name":"LJ Create","article_modified_time":"2024-02-09T15:30:48+00:00","og_image":[{"url":"https:\/\/ljcreate.com\/wp-content\/uploads\/2022\/02\/Universidad-Nacional-de-Trujillo.-Advanced-Electronics-6-stations-1-Feb-2022-340x187.jpg","type":"","width":"","height":""}],"twitter_card":"summary_large_image","twitter_misc":{"Tiempo de lectura":"1 minuto"},"schema":{"@context":"https:\/\/schema.org","@graph":[{"@type":"WebPage","@id":"https:\/\/ljcreate.com\/es\/actualizacion-de-las-noticias\/","url":"https:\/\/ljcreate.com\/es\/actualizacion-de-las-noticias\/","name":"Actualizaci\u00f3n de las noticias | LJ Create","isPartOf":{"@id":"https:\/\/ljcreate.com\/es\/#website"},"primaryImageOfPage":{"@id":"https:\/\/ljcreate.com\/es\/actualizacion-de-las-noticias\/#primaryimage"},"image":{"@id":"https:\/\/ljcreate.com\/es\/actualizacion-de-las-noticias\/#primaryimage"},"thumbnailUrl":"https:\/\/ljcreate.com\/wp-content\/uploads\/2022\/02\/Universidad-Nacional-de-Trujillo.-Advanced-Electronics-6-stations-1-Feb-2022-340x187.jpg","datePublished":"2021-10-26T13:22:12+00:00","dateModified":"2024-02-09T15:30:48+00:00","breadcrumb":{"@id":"https:\/\/ljcreate.com\/es\/actualizacion-de-las-noticias\/#breadcrumb"},"inLanguage":"es","potentialAction":[{"@type":"ReadAction","target":["https:\/\/ljcreate.com\/es\/actualizacion-de-las-noticias\/"]}]},{"@type":"ImageObject","inLanguage":"es","@id":"https:\/\/ljcreate.com\/es\/actualizacion-de-las-noticias\/#primaryimage","url":"https:\/\/ljcreate.com\/wp-content\/uploads\/2022\/02\/Universidad-Nacional-de-Trujillo.-Advanced-Electronics-6-stations-1-Feb-2022-340x187.jpg","contentUrl":"https:\/\/ljcreate.com\/wp-content\/uploads\/2022\/02\/Universidad-Nacional-de-Trujillo.-Advanced-Electronics-6-stations-1-Feb-2022-340x187.jpg"},{"@type":"BreadcrumbList","@id":"https:\/\/ljcreate.com\/es\/actualizacion-de-las-noticias\/#breadcrumb","itemListElement":[{"@type":"ListItem","position":1,"name":"Home","item":"https:\/\/ljcreate.com\/es\/"},{"@type":"ListItem","position":2,"name":"Actualizaci\u00f3n de las noticias"}]},{"@type":"WebSite","@id":"https:\/\/ljcreate.com\/es\/#website","url":"https:\/\/ljcreate.com\/es\/","name":"LJ Create","description":"Innovate, Inspire, and Engage","publisher":{"@id":"https:\/\/ljcreate.com\/es\/#organization"},"alternateName":"Creative Learning (Norwich) Limited","potentialAction":[{"@type":"SearchAction","target":{"@type":"EntryPoint","urlTemplate":"https:\/\/ljcreate.com\/es\/?s={search_term_string}"},"query-input":{"@type":"PropertyValueSpecification","valueRequired":true,"valueName":"search_term_string"}}],"inLanguage":"es"},{"@type":"Organization","@id":"https:\/\/ljcreate.com\/es\/#organization","name":"LJ Create","url":"https:\/\/ljcreate.com\/es\/","logo":{"@type":"ImageObject","inLanguage":"es","@id":"https:\/\/ljcreate.com\/es\/#\/schema\/logo\/image\/","url":"https:\/\/ljcreate.com\/wp-content\/uploads\/2021\/07\/logo.svg","contentUrl":"https:\/\/ljcreate.com\/wp-content\/uploads\/2021\/07\/logo.svg","width":"1024","height":"1024","caption":"LJ Create"},"image":{"@id":"https:\/\/ljcreate.com\/es\/#\/schema\/logo\/image\/"}}]}},"_links":{"self":[{"href":"https:\/\/ljcreate.com\/es\/wp-json\/wp\/v2\/pages\/26639","targetHints":{"allow":["GET"]}}],"collection":[{"href":"https:\/\/ljcreate.com\/es\/wp-json\/wp\/v2\/pages"}],"about":[{"href":"https:\/\/ljcreate.com\/es\/wp-json\/wp\/v2\/types\/page"}],"author":[{"embeddable":true,"href":"https:\/\/ljcreate.com\/es\/wp-json\/wp\/v2\/users\/1"}],"replies":[{"embeddable":true,"href":"https:\/\/ljcreate.com\/es\/wp-json\/wp\/v2\/comments?post=26639"}],"version-history":[{"count":3,"href":"https:\/\/ljcreate.com\/es\/wp-json\/wp\/v2\/pages\/26639\/revisions"}],"predecessor-version":[{"id":58217,"href":"https:\/\/ljcreate.com\/es\/wp-json\/wp\/v2\/pages\/26639\/revisions\/58217"}],"wp:attachment":[{"href":"https:\/\/ljcreate.com\/es\/wp-json\/wp\/v2\/media?parent=26639"}],"curies":[{"name":"wp","href":"https:\/\/api.w.org\/{rel}","templated":true}]}}