{"id":26638,"date":"2021-10-26T08:18:29","date_gmt":"2021-10-26T13:18:29","guid":{"rendered":"https:\/\/alpha.ljcreate.com\/recursos-de-apoyo\/"},"modified":"2021-11-11T14:12:11","modified_gmt":"2021-11-11T14:12:11","slug":"recursos-de-apoyo","status":"publish","type":"page","link":"https:\/\/ljcreate.com\/es\/recursos-de-apoyo\/","title":{"rendered":"Recursos de apoyo"},"content":{"rendered":"\n\n\t<a href=\"https:\/\/ljcreate.com\/es\/\">Home<\/a> &gt; Recursos de apoyo\n\t<p>El compromiso de LJ Create con la atenci\u00f3n al cliente dura mucho tiempo despu\u00e9s de la venta. Eche un vistazo a los recursos a continuaci\u00f3n para obtener detalles de soporte t\u00e9cnico, descargas de software, necesidades de capacitaci\u00f3n de LMS y m\u00e1s.<\/p>\n<p>Si necesita ayuda adicional, tenemos varias formas en las que podemos ayudarlo. Simplemente cont\u00e1ctenos y trabajaremos con usted para asegurarnos de que tenga el tipo de soporte adecuado.<\/p>\n\t<h3>Base de conocimientos y recursos de soporte<\/h3>\n<p>Hemos creado una base de conocimientos llena de recursos \u00fatiles, como enlaces a software descargable, instrucciones y especificaciones de productos, preguntas frecuentes sobre resoluci\u00f3n de problemas y requisitos de TI. Consulte nuestro conjunto completo de<a href=\"https:\/\/ljcreate.freshdesk.com\/support\/home\" target=\"_blank\" rel=\"noopener\"> recursos de apoyo aqu\u00ed<\/a>!<\/p>\n\t<h3>Abrir un ticket de soporte<\/h3>\n<p>Si su pregunta no est\u00e1 incluida en la base de conocimientos o si necesita m\u00e1s ayuda, puede obtener ayuda r\u00e1pidamente a trav\u00e9s de nuestro servicio de asistencia t\u00e9cnica, simplemente<a href=\"https:\/\/ljcreate.freshdesk.com\/support\/tickets\/new\" target=\"_blank\" rel=\"noopener\"> abrir un ticket de soporte<\/a> y se le asignar\u00e1 un miembro del equipo de soporte que trabajar\u00e1 con usted hasta que se resuelva el problema.<\/p>\n\t<h3>Soporte de formaci\u00f3n LMS<\/h3>\n<p>LJ Create se compromete a hacer que usted, nuestro cliente, tenga \u00e9xito. Ofrecemos soporte de capacitaci\u00f3n continuo por tel\u00e9fono, correo electr\u00f3nico y seminario web.<em><strong> sin cargo adicional para usted<\/strong><\/em> durante la vida de nuestro hardware y software.<\/p>\n<p>Desde el momento en que compra nuestro LMS, estamos all\u00ed para capacitar a los administradores de su sitio y trabajar con usted para asegurarnos de que se sienta c\u00f3modo creando clases, agregando estudiantes y asignando planes de estudios. A medida que se sienta m\u00e1s c\u00f3modo con el programa, lo ayudaremos a crear cursos personalizados y crear informes espec\u00edficos para sus necesidades.<\/p>\n<p>Si necesita capacitaci\u00f3n de actualizaci\u00f3n, o es maestro y tiene algunas preguntas sobre el LMS, no dude en comunicarse y llamar<strong> 01603 748001<\/strong> . Realmente estamos aqu\u00ed para usted, en persona y listos para ayudar.<\/p>\n\n","protected":false},"excerpt":{"rendered":"<p>Home &gt; Recursos de apoyo El compromiso de LJ Create con la atenci\u00f3n al cliente dura mucho tiempo despu\u00e9s de la venta. Eche un vistazo a los recursos a continuaci\u00f3n para obtener detalles de soporte t\u00e9cnico, descargas de software, necesidades de capacitaci\u00f3n de LMS y m\u00e1s. Si necesita ayuda adicional, tenemos varias formas en las&hellip;<\/p>\n","protected":false},"author":1,"featured_media":0,"parent":0,"menu_order":6,"comment_status":"closed","ping_status":"closed","template":"","meta":{"_acf_changed":false,"inline_featured_image":false,"footnotes":""},"class_list":["post-26638","page","type-page","status-publish","hentry"],"acf":[],"yoast_head":"<!-- This site is optimized with the Yoast SEO plugin v27.3 - https:\/\/yoast.com\/product\/yoast-seo-wordpress\/ -->\n<title>Recursos de apoyo | LJ Create<\/title>\n<meta name=\"robots\" content=\"index, follow, max-snippet:-1, max-image-preview:large, max-video-preview:-1\" \/>\n<link rel=\"canonical\" href=\"https:\/\/ljcreate.com\/es\/recursos-de-apoyo\/\" \/>\n<meta property=\"og:locale\" content=\"es_ES\" \/>\n<meta property=\"og:type\" content=\"article\" \/>\n<meta property=\"og:title\" content=\"Recursos de apoyo | LJ Create\" \/>\n<meta property=\"og:description\" content=\"Home &gt; Recursos de apoyo El compromiso de LJ Create con la atenci\u00f3n al cliente dura mucho tiempo despu\u00e9s de la venta. Eche un vistazo a los recursos a continuaci\u00f3n para obtener detalles de soporte t\u00e9cnico, descargas de software, necesidades de capacitaci\u00f3n de LMS y m\u00e1s. Si necesita ayuda adicional, tenemos varias formas en las&hellip;\" \/>\n<meta property=\"og:url\" content=\"https:\/\/ljcreate.com\/es\/recursos-de-apoyo\/\" \/>\n<meta property=\"og:site_name\" content=\"LJ Create\" \/>\n<meta property=\"article:modified_time\" content=\"2021-11-11T14:12:11+00:00\" \/>\n<meta name=\"twitter:card\" content=\"summary_large_image\" \/>\n<meta name=\"twitter:label1\" content=\"Tiempo de lectura\" \/>\n\t<meta name=\"twitter:data1\" content=\"2 minutos\" \/>\n<script type=\"application\/ld+json\" class=\"yoast-schema-graph\">{\"@context\":\"https:\\\/\\\/schema.org\",\"@graph\":[{\"@type\":\"WebPage\",\"@id\":\"https:\\\/\\\/ljcreate.com\\\/es\\\/recursos-de-apoyo\\\/\",\"url\":\"https:\\\/\\\/ljcreate.com\\\/es\\\/recursos-de-apoyo\\\/\",\"name\":\"Recursos de apoyo | LJ Create\",\"isPartOf\":{\"@id\":\"https:\\\/\\\/ljcreate.com\\\/es\\\/#website\"},\"datePublished\":\"2021-10-26T13:18:29+00:00\",\"dateModified\":\"2021-11-11T14:12:11+00:00\",\"breadcrumb\":{\"@id\":\"https:\\\/\\\/ljcreate.com\\\/es\\\/recursos-de-apoyo\\\/#breadcrumb\"},\"inLanguage\":\"es\",\"potentialAction\":[{\"@type\":\"ReadAction\",\"target\":[\"https:\\\/\\\/ljcreate.com\\\/es\\\/recursos-de-apoyo\\\/\"]}]},{\"@type\":\"BreadcrumbList\",\"@id\":\"https:\\\/\\\/ljcreate.com\\\/es\\\/recursos-de-apoyo\\\/#breadcrumb\",\"itemListElement\":[{\"@type\":\"ListItem\",\"position\":1,\"name\":\"Home\",\"item\":\"https:\\\/\\\/ljcreate.com\\\/es\\\/\"},{\"@type\":\"ListItem\",\"position\":2,\"name\":\"Recursos de apoyo\"}]},{\"@type\":\"WebSite\",\"@id\":\"https:\\\/\\\/ljcreate.com\\\/es\\\/#website\",\"url\":\"https:\\\/\\\/ljcreate.com\\\/es\\\/\",\"name\":\"LJ Create\",\"description\":\"Innovate, Inspire, and Engage\",\"publisher\":{\"@id\":\"https:\\\/\\\/ljcreate.com\\\/es\\\/#organization\"},\"alternateName\":\"Creative Learning (Norwich) Limited\",\"potentialAction\":[{\"@type\":\"SearchAction\",\"target\":{\"@type\":\"EntryPoint\",\"urlTemplate\":\"https:\\\/\\\/ljcreate.com\\\/es\\\/?s={search_term_string}\"},\"query-input\":{\"@type\":\"PropertyValueSpecification\",\"valueRequired\":true,\"valueName\":\"search_term_string\"}}],\"inLanguage\":\"es\"},{\"@type\":\"Organization\",\"@id\":\"https:\\\/\\\/ljcreate.com\\\/es\\\/#organization\",\"name\":\"LJ Create\",\"url\":\"https:\\\/\\\/ljcreate.com\\\/es\\\/\",\"logo\":{\"@type\":\"ImageObject\",\"inLanguage\":\"es\",\"@id\":\"https:\\\/\\\/ljcreate.com\\\/es\\\/#\\\/schema\\\/logo\\\/image\\\/\",\"url\":\"https:\\\/\\\/ljcreate.com\\\/wp-content\\\/uploads\\\/2021\\\/07\\\/logo.svg\",\"contentUrl\":\"https:\\\/\\\/ljcreate.com\\\/wp-content\\\/uploads\\\/2021\\\/07\\\/logo.svg\",\"width\":\"1024\",\"height\":\"1024\",\"caption\":\"LJ Create\"},\"image\":{\"@id\":\"https:\\\/\\\/ljcreate.com\\\/es\\\/#\\\/schema\\\/logo\\\/image\\\/\"}}]}<\/script>\n<!-- \/ Yoast SEO plugin. -->","yoast_head_json":{"title":"Recursos de apoyo | LJ Create","robots":{"index":"index","follow":"follow","max-snippet":"max-snippet:-1","max-image-preview":"max-image-preview:large","max-video-preview":"max-video-preview:-1"},"canonical":"https:\/\/ljcreate.com\/es\/recursos-de-apoyo\/","og_locale":"es_ES","og_type":"article","og_title":"Recursos de apoyo | LJ Create","og_description":"Home &gt; Recursos de apoyo El compromiso de LJ Create con la atenci\u00f3n al cliente dura mucho tiempo despu\u00e9s de la venta. Eche un vistazo a los recursos a continuaci\u00f3n para obtener detalles de soporte t\u00e9cnico, descargas de software, necesidades de capacitaci\u00f3n de LMS y m\u00e1s. Si necesita ayuda adicional, tenemos varias formas en las&hellip;","og_url":"https:\/\/ljcreate.com\/es\/recursos-de-apoyo\/","og_site_name":"LJ Create","article_modified_time":"2021-11-11T14:12:11+00:00","twitter_card":"summary_large_image","twitter_misc":{"Tiempo de lectura":"2 minutos"},"schema":{"@context":"https:\/\/schema.org","@graph":[{"@type":"WebPage","@id":"https:\/\/ljcreate.com\/es\/recursos-de-apoyo\/","url":"https:\/\/ljcreate.com\/es\/recursos-de-apoyo\/","name":"Recursos de apoyo | LJ Create","isPartOf":{"@id":"https:\/\/ljcreate.com\/es\/#website"},"datePublished":"2021-10-26T13:18:29+00:00","dateModified":"2021-11-11T14:12:11+00:00","breadcrumb":{"@id":"https:\/\/ljcreate.com\/es\/recursos-de-apoyo\/#breadcrumb"},"inLanguage":"es","potentialAction":[{"@type":"ReadAction","target":["https:\/\/ljcreate.com\/es\/recursos-de-apoyo\/"]}]},{"@type":"BreadcrumbList","@id":"https:\/\/ljcreate.com\/es\/recursos-de-apoyo\/#breadcrumb","itemListElement":[{"@type":"ListItem","position":1,"name":"Home","item":"https:\/\/ljcreate.com\/es\/"},{"@type":"ListItem","position":2,"name":"Recursos de apoyo"}]},{"@type":"WebSite","@id":"https:\/\/ljcreate.com\/es\/#website","url":"https:\/\/ljcreate.com\/es\/","name":"LJ Create","description":"Innovate, Inspire, and Engage","publisher":{"@id":"https:\/\/ljcreate.com\/es\/#organization"},"alternateName":"Creative Learning (Norwich) Limited","potentialAction":[{"@type":"SearchAction","target":{"@type":"EntryPoint","urlTemplate":"https:\/\/ljcreate.com\/es\/?s={search_term_string}"},"query-input":{"@type":"PropertyValueSpecification","valueRequired":true,"valueName":"search_term_string"}}],"inLanguage":"es"},{"@type":"Organization","@id":"https:\/\/ljcreate.com\/es\/#organization","name":"LJ Create","url":"https:\/\/ljcreate.com\/es\/","logo":{"@type":"ImageObject","inLanguage":"es","@id":"https:\/\/ljcreate.com\/es\/#\/schema\/logo\/image\/","url":"https:\/\/ljcreate.com\/wp-content\/uploads\/2021\/07\/logo.svg","contentUrl":"https:\/\/ljcreate.com\/wp-content\/uploads\/2021\/07\/logo.svg","width":"1024","height":"1024","caption":"LJ Create"},"image":{"@id":"https:\/\/ljcreate.com\/es\/#\/schema\/logo\/image\/"}}]}},"_links":{"self":[{"href":"https:\/\/ljcreate.com\/es\/wp-json\/wp\/v2\/pages\/26638","targetHints":{"allow":["GET"]}}],"collection":[{"href":"https:\/\/ljcreate.com\/es\/wp-json\/wp\/v2\/pages"}],"about":[{"href":"https:\/\/ljcreate.com\/es\/wp-json\/wp\/v2\/types\/page"}],"author":[{"embeddable":true,"href":"https:\/\/ljcreate.com\/es\/wp-json\/wp\/v2\/users\/1"}],"replies":[{"embeddable":true,"href":"https:\/\/ljcreate.com\/es\/wp-json\/wp\/v2\/comments?post=26638"}],"version-history":[{"count":1,"href":"https:\/\/ljcreate.com\/es\/wp-json\/wp\/v2\/pages\/26638\/revisions"}],"predecessor-version":[{"id":27400,"href":"https:\/\/ljcreate.com\/es\/wp-json\/wp\/v2\/pages\/26638\/revisions\/27400"}],"wp:attachment":[{"href":"https:\/\/ljcreate.com\/es\/wp-json\/wp\/v2\/media?parent=26638"}],"curies":[{"name":"wp","href":"https:\/\/api.w.org\/{rel}","templated":true}]}}