{"id":26636,"date":"2021-10-26T07:54:36","date_gmt":"2021-10-26T12:54:36","guid":{"rendered":"https:\/\/alpha.ljcreate.com\/tecnologia-automotriz\/soluciones-basadas-en-calificaciones\/"},"modified":"2021-11-16T20:39:42","modified_gmt":"2021-11-16T20:39:42","slug":"soluciones-basadas-en-calificaciones","status":"publish","type":"page","link":"https:\/\/ljcreate.com\/es\/tecnologia-automotriz\/soluciones-basadas-en-calificaciones\/","title":{"rendered":"Soluciones basadas en calificaciones"},"content":{"rendered":"\r\n\r\n\t<a href=\"https:\/\/ljcreate.com\/es\/\">Home<\/a> &gt; <a href=\"https:\/\/ljcreate.com\/es\/tecnologia-automotriz\/\">Tecnolog\u00eda automotriz<\/a> &gt; Soluciones basadas en calificaciones\r\n\tSoluciones de aprendizaje combinado para<br \/>\r\nCalificaciones de reparaci\u00f3n de veh\u00edculos del Reino Unido\r\n\t\t\t\t<img decoding=\"async\" data-src=\"https:\/\/ljcreate.com\/wp-content\/uploads\/2021\/09\/automotive-lightVehicle.png\" alt=\"veh\u00edculo-luz-automotriz\" itemprop=\"image\" height=\"300\" width=\"555\" title=\"veh\u00edculo-luz-automotriz\" onerror=\"this.style.display='none'\" src=\"data:image\/svg+xml;base64,PHN2ZyB3aWR0aD0iMSIgaGVpZ2h0PSIxIiB4bWxucz0iaHR0cDovL3d3dy53My5vcmcvMjAwMC9zdmciPjwvc3ZnPg==\" class=\"lazyload\" style=\"--smush-placeholder-width: 555px; --smush-placeholder-aspect-ratio: 555\/300;\" \/>\r\n\t<p>Suministramos recursos f\u00e1ciles de usar para seleccionados<strong> Nivel 1 a Nivel 3<\/strong> unidades de calificaci\u00f3n de veh\u00edculos de motor de:<\/p>\r\n<ul>\r\n<li><strong>IMI<\/strong><\/li>\r\n<li><strong>C&amp;G<\/strong><\/li>\r\n<li><strong>Camino de veh\u00edculos de T-Levels<\/strong><\/li>\r\n<\/ul>\r\n\t<h5>El equipo que suministramos apoya el desarrollo de habilidades de reparaci\u00f3n en lo siguiente:<\/h5>\r\n\t<ul>\r\n<li>Veh\u00edculos el\u00e9ctricos e h\u00edbridos<\/li>\r\n<li>Sistemas de motor (gasolina y CR Diesel)<\/li>\r\n<li>Sistemas de gesti\u00f3n del motor<\/li>\r\n<li>Frenado &#8211; incluido ABS<\/li>\r\n<li>Direcci\u00f3n y suspensi\u00f3n<\/li>\r\n<li>Sistemas de transmisi\u00f3n<\/li>\r\n<li>Aire acondicionado<\/li>\r\n<li>Sistemas el\u00e9ctricos de veh\u00edculos, incluidos los sistemas BUS<\/li>\r\n<\/ul>\r\n<p>&nbsp;<\/p>\r\n<p>Cada equipo se suministra con un paquete de actividades de laboratorio o taller digitales. Mapeamos estas actividades con las unidades de aprendizaje instructivo de<strong> C&amp;G<\/strong> y<strong> IMI<\/strong> .<\/p>\r\n\t\t\t\t<img decoding=\"async\" data-src=\"https:\/\/ljcreate.com\/wp-content\/uploads\/2021\/10\/autoQuals.jpg\" alt=\"autoQuals\" itemprop=\"image\" height=\"700\" width=\"1232\" title=\"autoQuals\" onerror=\"this.style.display='none'\" src=\"data:image\/svg+xml;base64,PHN2ZyB3aWR0aD0iMSIgaGVpZ2h0PSIxIiB4bWxucz0iaHR0cDovL3d3dy53My5vcmcvMjAwMC9zdmciPjwvc3ZnPg==\" class=\"lazyload\" style=\"--smush-placeholder-width: 1232px; --smush-placeholder-aspect-ratio: 1232\/700;\" \/>\r\n<h2>\r\n\t\tFoco en\r\n\t<\/h2>\r\n<h5>\r\n\t\tEntrenador B\u00e1sico de Electr\u00f3nica Automotriz\r\n\t<\/h5>\r\n\t<p>Utilizamos 40 a\u00f1os de experiencia para crear el paquete m\u00e1s sencillo para presentar a los estudiantes los circuitos el\u00e9ctricos. Un conocimiento profundo de los circuitos y los componentes electr\u00f3nicos es a\u00fan m\u00e1s esencial a la hora de pronosticar las habilidades que los j\u00f3venes estudiantes necesitar\u00e1n a lo largo de su carrera con los veh\u00edculos de motor.<\/p>\r\n<p>Una buena introducci\u00f3n hace que todos los siguientes estudios de circuitos electr\u00f3nicos sean m\u00e1s f\u00e1ciles y m\u00e1s populares. Este entrenador ayuda a cubrir el contenido exacto que los estudiantes necesitan, y nada que no necesiten. Las lecciones son f\u00e1ciles de seguir, pero tenemos mucho cuidado de no tergiversar la importancia de los componentes el\u00e9ctricos.<\/p>\r\n<p><strong>Los temas pr\u00e1cticos cubiertos incluyen:<\/strong><\/p>\r\n<ul>\r\n<li>Circuitos y medidas simples<\/li>\r\n<li>Circuitos de tierra comunes<\/li>\r\n<li>Diagramas de cableado<\/li>\r\n<\/ul>\r\n<p>&#8230; y mucho m\u00e1s<\/p>\r\n\t\t\t<a href=\"https:\/\/ljcreate.com\/uk\/automotive-technology\/auto-electronics-trainer\/\" target=\"_self\" role=\"button\" rel=\"noopener\">\r\n\t\t\t\t\t\t\tSaber m\u00e1s\r\n\t\t\t\t\t<\/a>\r\n\t\t\t\t<img decoding=\"async\" data-src=\"https:\/\/ljcreate.com\/wp-content\/uploads\/2021\/10\/autotronicsSpotlight.jpg\" alt=\"autotronics\" itemprop=\"image\" height=\"644\" width=\"590\" title=\"autotronics\" onerror=\"this.style.display='none'\" src=\"data:image\/svg+xml;base64,PHN2ZyB3aWR0aD0iMSIgaGVpZ2h0PSIxIiB4bWxucz0iaHR0cDovL3d3dy53My5vcmcvMjAwMC9zdmciPjwvc3ZnPg==\" class=\"lazyload\" style=\"--smush-placeholder-width: 590px; --smush-placeholder-aspect-ratio: 590\/644;\" \/>\r\n<h2>\r\n\t\tRecursos: folletos\r\n\t<\/h2>\r\n\t\t\t\t<img decoding=\"async\" data-src=\"https:\/\/ljcreate.com\/wp-content\/uploads\/2021\/09\/pdf_templateAutolab-1.png\" alt=\"pdf_templateAutolab\" src=\"data:image\/svg+xml;base64,PHN2ZyB3aWR0aD0iMSIgaGVpZ2h0PSIxIiB4bWxucz0iaHR0cDovL3d3dy53My5vcmcvMjAwMC9zdmciPjwvc3ZnPg==\" class=\"lazyload\" style=\"--smush-placeholder-width: 84px; --smush-placeholder-aspect-ratio: 84\/94;\" \/>\r\n\t\t\t\t\t<p>Folleto de recursos de capacitaci\u00f3n automotriz<\/p>\r\n\t\t\t\t\r\n\t\t\t\t\t<a href=\"\/wp-content\/uploads\/2021\/10\/automotiveTrainingResourcesBrochureUk.pdf\" role=\"button\" target=\"_blank\" rel=\"noopener\">\r\n\t\t\t\t\t\tDownload\t\t\t\t\t<\/a>\r\n\t\t\t\t\r\n\t\t\t\t<img decoding=\"async\" data-src=\"https:\/\/ljcreate.com\/wp-content\/uploads\/2021\/09\/pdf_templateHeavyVehicle.png\" alt=\"pdf_templateHeavyVehicle\" src=\"data:image\/svg+xml;base64,PHN2ZyB3aWR0aD0iMSIgaGVpZ2h0PSIxIiB4bWxucz0iaHR0cDovL3d3dy53My5vcmcvMjAwMC9zdmciPjwvc3ZnPg==\" class=\"lazyload\" style=\"--smush-placeholder-width: 84px; --smush-placeholder-aspect-ratio: 84\/94;\" \/>\r\n\t\t\t\t\t<p>Folleto de recursos para veh\u00edculos medianos \/ pesados<\/p>\r\n\t\t\t\t\r\n\t\t\t\t\t<a href=\"\/wp-content\/uploads\/2021\/10\/mediumHeavyVehicleBrochureUs.pdf\" role=\"button\" target=\"_blank\" rel=\"noopener\">\r\n\t\t\t\t\t\tDownload\t\t\t\t\t<\/a>\r\n\t\t\t\t\r\n\t\t\t\t<img decoding=\"async\" data-src=\"https:\/\/ljcreate.com\/wp-content\/uploads\/2021\/09\/pdf_templateAutoMech.png\" alt=\"pdf_templateAutoMech\" src=\"data:image\/svg+xml;base64,PHN2ZyB3aWR0aD0iMSIgaGVpZ2h0PSIxIiB4bWxucz0iaHR0cDovL3d3dy53My5vcmcvMjAwMC9zdmciPjwvc3ZnPg==\" class=\"lazyload\" style=\"--smush-placeholder-width: 84px; --smush-placeholder-aspect-ratio: 84\/94;\" \/>\r\n\t\t\t\t\t<p>Folleto de productos de mecatr\u00f3nica y automoci\u00f3n<\/p>\r\n\t\t\t\t\r\n\t\t\t\t\t<a href=\"\/wp-content\/uploads\/2021\/10\/mechatronicsAutomotiveProductBrochure.pdf\" role=\"button\" target=\"_blank\" rel=\"noopener\">\r\n\t\t\t\t\t\tDownload\t\t\t\t\t<\/a>\r\n\t\t\t\t\r\n\t\t\t\t<img decoding=\"async\" data-src=\"https:\/\/ljcreate.com\/wp-content\/uploads\/2021\/09\/pdf_templateHybridVehicle.png\" alt=\"pdf_templateHybridVehicle\" src=\"data:image\/svg+xml;base64,PHN2ZyB3aWR0aD0iMSIgaGVpZ2h0PSIxIiB4bWxucz0iaHR0cDovL3d3dy53My5vcmcvMjAwMC9zdmciPjwvc3ZnPg==\" class=\"lazyload\" style=\"--smush-placeholder-width: 84px; --smush-placeholder-aspect-ratio: 84\/94;\" \/>\r\n\t\t\t\t\t<p>Veh\u00edculo h\u00edbrido <br \/>Correo de sistemas<\/p>\r\n\t\t\t\t\r\n\t\t\t\t\t<a href=\"\/wp-content\/uploads\/2021\/09\/hybridVehicleMailerUk.pdf\" role=\"button\" target=\"_blank\" rel=\"noopener\">\r\n\t\t\t\t\t\tDownload\t\t\t\t\t<\/a>\r\n\t\t\t\t\r\n\t\t\t\t<img decoding=\"async\" data-src=\"https:\/\/ljcreate.com\/wp-content\/uploads\/2021\/09\/pdf_templateInnovativeSpace.png\" alt=\"pdf_templateInnovativeSpace\" src=\"data:image\/svg+xml;base64,PHN2ZyB3aWR0aD0iMSIgaGVpZ2h0PSIxIiB4bWxucz0iaHR0cDovL3d3dy53My5vcmcvMjAwMC9zdmciPjwvc3ZnPg==\" class=\"lazyload\" style=\"--smush-placeholder-width: 84px; --smush-placeholder-aspect-ratio: 84\/94;\" \/>\r\n\t\t\t\t\t<p>Folleto de espacios de aprendizaje innovadores<\/p>\r\n\t\t\t\t\r\n\t\t\t\t\t<a href=\"\/wp-content\/uploads\/2021\/10\/innovativeLearningSpacesBrochureUk.pdf\" role=\"button\" target=\"_blank\" rel=\"noopener\">\r\n\t\t\t\t\t\tDownload\t\t\t\t\t<\/a>\r\n\t\t\t\t\r\n\t<iframe data-src=\"https:\/\/player.vimeo.com\/video\/181612739?h=e2ff6cd64f&amp;color=f15c23&amp;title=0&amp;byline=0&amp;portrait=0\" frameborder=\"0\" allow=\"autoplay; fullscreen; picture-in-picture\" allowfullscreen=\"\" src=\"data:image\/svg+xml;base64,PHN2ZyB3aWR0aD0iMSIgaGVpZ2h0PSIxIiB4bWxucz0iaHR0cDovL3d3dy53My5vcmcvMjAwMC9zdmciPjwvc3ZnPg==\" class=\"lazyload\" data-load-mode=\"1\"><\/iframe>\r\n<h4>\r\n\t\tNuestros entrenadores de escritorio: \u00bfqu\u00e9 tan robustos son?\r\n\t<\/h4>\r\n\r\n","protected":false},"excerpt":{"rendered":"<p>Home &gt; Tecnolog\u00eda automotriz &gt; Soluciones basadas en calificaciones Soluciones de aprendizaje combinado para Calificaciones de reparaci\u00f3n de veh\u00edculos del Reino Unido Suministramos recursos f\u00e1ciles de usar para seleccionados Nivel 1 a Nivel 3 unidades de calificaci\u00f3n de veh\u00edculos de motor de: IMI C&amp;G Camino de veh\u00edculos de T-Levels El equipo que suministramos apoya el&hellip;<\/p>\n","protected":false},"author":1,"featured_media":0,"parent":26632,"menu_order":1,"comment_status":"closed","ping_status":"closed","template":"","meta":{"_acf_changed":false,"inline_featured_image":false,"footnotes":""},"class_list":["post-26636","page","type-page","status-publish","hentry"],"acf":[],"yoast_head":"<!-- This site is optimized with the Yoast SEO plugin v27.3 - https:\/\/yoast.com\/product\/yoast-seo-wordpress\/ -->\n<title>Soluciones basadas en certificaciones | Tecnolog\u00eda Automotriz | LJ Create<\/title>\n<meta name=\"description\" content=\"Nuestros entrenadores automotrices se suministran con un paquete de actividades de laboratorio digital o taller, homologadas a unidades de aprendizaje instructivo.\" \/>\n<meta name=\"robots\" content=\"index, follow, max-snippet:-1, max-image-preview:large, max-video-preview:-1\" \/>\n<link rel=\"canonical\" href=\"https:\/\/ljcreate.com\/es\/tecnologia-automotriz\/soluciones-basadas-en-calificaciones\/\" \/>\n<meta property=\"og:locale\" content=\"es_ES\" \/>\n<meta property=\"og:type\" content=\"article\" \/>\n<meta property=\"og:title\" content=\"Soluciones basadas en certificaciones | Tecnolog\u00eda Automotriz | LJ Create\" \/>\n<meta property=\"og:description\" content=\"Nuestros entrenadores automotrices se suministran con un paquete de actividades de laboratorio digital o taller, homologadas a unidades de aprendizaje instructivo.\" \/>\n<meta property=\"og:url\" content=\"https:\/\/ljcreate.com\/es\/tecnologia-automotriz\/soluciones-basadas-en-calificaciones\/\" \/>\n<meta property=\"og:site_name\" content=\"LJ Create\" \/>\n<meta property=\"article:modified_time\" content=\"2021-11-16T20:39:42+00:00\" \/>\n<meta property=\"og:image\" content=\"https:\/\/ljcreate.com\/wp-content\/uploads\/2021\/09\/automotive-lightVehicle.png\" \/>\n<meta name=\"twitter:card\" content=\"summary_large_image\" \/>\n<meta name=\"twitter:label1\" content=\"Tiempo de lectura\" \/>\n\t<meta name=\"twitter:data1\" content=\"2 minutos\" \/>\n<script type=\"application\/ld+json\" class=\"yoast-schema-graph\">{\"@context\":\"https:\\\/\\\/schema.org\",\"@graph\":[{\"@type\":\"WebPage\",\"@id\":\"https:\\\/\\\/ljcreate.com\\\/es\\\/tecnologia-automotriz\\\/soluciones-basadas-en-calificaciones\\\/\",\"url\":\"https:\\\/\\\/ljcreate.com\\\/es\\\/tecnologia-automotriz\\\/soluciones-basadas-en-calificaciones\\\/\",\"name\":\"Soluciones basadas en certificaciones | Tecnolog\u00eda Automotriz | LJ Create\",\"isPartOf\":{\"@id\":\"https:\\\/\\\/ljcreate.com\\\/es\\\/#website\"},\"primaryImageOfPage\":{\"@id\":\"https:\\\/\\\/ljcreate.com\\\/es\\\/tecnologia-automotriz\\\/soluciones-basadas-en-calificaciones\\\/#primaryimage\"},\"image\":{\"@id\":\"https:\\\/\\\/ljcreate.com\\\/es\\\/tecnologia-automotriz\\\/soluciones-basadas-en-calificaciones\\\/#primaryimage\"},\"thumbnailUrl\":\"https:\\\/\\\/ljcreate.com\\\/wp-content\\\/uploads\\\/2021\\\/09\\\/automotive-lightVehicle.png\",\"datePublished\":\"2021-10-26T12:54:36+00:00\",\"dateModified\":\"2021-11-16T20:39:42+00:00\",\"description\":\"Nuestros entrenadores automotrices se suministran con un paquete de actividades de laboratorio digital o taller, homologadas a unidades de aprendizaje instructivo.\",\"breadcrumb\":{\"@id\":\"https:\\\/\\\/ljcreate.com\\\/es\\\/tecnologia-automotriz\\\/soluciones-basadas-en-calificaciones\\\/#breadcrumb\"},\"inLanguage\":\"es\",\"potentialAction\":[{\"@type\":\"ReadAction\",\"target\":[\"https:\\\/\\\/ljcreate.com\\\/es\\\/tecnologia-automotriz\\\/soluciones-basadas-en-calificaciones\\\/\"]}]},{\"@type\":\"ImageObject\",\"inLanguage\":\"es\",\"@id\":\"https:\\\/\\\/ljcreate.com\\\/es\\\/tecnologia-automotriz\\\/soluciones-basadas-en-calificaciones\\\/#primaryimage\",\"url\":\"https:\\\/\\\/ljcreate.com\\\/wp-content\\\/uploads\\\/2021\\\/09\\\/automotive-lightVehicle.png\",\"contentUrl\":\"https:\\\/\\\/ljcreate.com\\\/wp-content\\\/uploads\\\/2021\\\/09\\\/automotive-lightVehicle.png\"},{\"@type\":\"BreadcrumbList\",\"@id\":\"https:\\\/\\\/ljcreate.com\\\/es\\\/tecnologia-automotriz\\\/soluciones-basadas-en-calificaciones\\\/#breadcrumb\",\"itemListElement\":[{\"@type\":\"ListItem\",\"position\":1,\"name\":\"Home\",\"item\":\"https:\\\/\\\/ljcreate.com\\\/es\\\/\"},{\"@type\":\"ListItem\",\"position\":2,\"name\":\"Tecnolog\u00eda automotriz\",\"item\":\"https:\\\/\\\/ljcreate.com\\\/es\\\/automotive-technology\\\/\"},{\"@type\":\"ListItem\",\"position\":3,\"name\":\"Soluciones basadas en calificaciones\"}]},{\"@type\":\"WebSite\",\"@id\":\"https:\\\/\\\/ljcreate.com\\\/es\\\/#website\",\"url\":\"https:\\\/\\\/ljcreate.com\\\/es\\\/\",\"name\":\"LJ Create\",\"description\":\"Innovate, Inspire, and Engage\",\"publisher\":{\"@id\":\"https:\\\/\\\/ljcreate.com\\\/es\\\/#organization\"},\"alternateName\":\"Creative Learning (Norwich) Limited\",\"potentialAction\":[{\"@type\":\"SearchAction\",\"target\":{\"@type\":\"EntryPoint\",\"urlTemplate\":\"https:\\\/\\\/ljcreate.com\\\/es\\\/?s={search_term_string}\"},\"query-input\":{\"@type\":\"PropertyValueSpecification\",\"valueRequired\":true,\"valueName\":\"search_term_string\"}}],\"inLanguage\":\"es\"},{\"@type\":\"Organization\",\"@id\":\"https:\\\/\\\/ljcreate.com\\\/es\\\/#organization\",\"name\":\"LJ Create\",\"url\":\"https:\\\/\\\/ljcreate.com\\\/es\\\/\",\"logo\":{\"@type\":\"ImageObject\",\"inLanguage\":\"es\",\"@id\":\"https:\\\/\\\/ljcreate.com\\\/es\\\/#\\\/schema\\\/logo\\\/image\\\/\",\"url\":\"https:\\\/\\\/ljcreate.com\\\/wp-content\\\/uploads\\\/2021\\\/07\\\/logo.svg\",\"contentUrl\":\"https:\\\/\\\/ljcreate.com\\\/wp-content\\\/uploads\\\/2021\\\/07\\\/logo.svg\",\"width\":\"1024\",\"height\":\"1024\",\"caption\":\"LJ Create\"},\"image\":{\"@id\":\"https:\\\/\\\/ljcreate.com\\\/es\\\/#\\\/schema\\\/logo\\\/image\\\/\"}}]}<\/script>\n<!-- \/ Yoast SEO plugin. -->","yoast_head_json":{"title":"Soluciones basadas en certificaciones | Tecnolog\u00eda Automotriz | LJ Create","description":"Nuestros entrenadores automotrices se suministran con un paquete de actividades de laboratorio digital o taller, homologadas a unidades de aprendizaje instructivo.","robots":{"index":"index","follow":"follow","max-snippet":"max-snippet:-1","max-image-preview":"max-image-preview:large","max-video-preview":"max-video-preview:-1"},"canonical":"https:\/\/ljcreate.com\/es\/tecnologia-automotriz\/soluciones-basadas-en-calificaciones\/","og_locale":"es_ES","og_type":"article","og_title":"Soluciones basadas en certificaciones | Tecnolog\u00eda Automotriz | LJ Create","og_description":"Nuestros entrenadores automotrices se suministran con un paquete de actividades de laboratorio digital o taller, homologadas a unidades de aprendizaje instructivo.","og_url":"https:\/\/ljcreate.com\/es\/tecnologia-automotriz\/soluciones-basadas-en-calificaciones\/","og_site_name":"LJ Create","article_modified_time":"2021-11-16T20:39:42+00:00","og_image":[{"url":"https:\/\/ljcreate.com\/wp-content\/uploads\/2021\/09\/automotive-lightVehicle.png","type":"","width":"","height":""}],"twitter_card":"summary_large_image","twitter_misc":{"Tiempo de lectura":"2 minutos"},"schema":{"@context":"https:\/\/schema.org","@graph":[{"@type":"WebPage","@id":"https:\/\/ljcreate.com\/es\/tecnologia-automotriz\/soluciones-basadas-en-calificaciones\/","url":"https:\/\/ljcreate.com\/es\/tecnologia-automotriz\/soluciones-basadas-en-calificaciones\/","name":"Soluciones basadas en certificaciones | Tecnolog\u00eda Automotriz | LJ Create","isPartOf":{"@id":"https:\/\/ljcreate.com\/es\/#website"},"primaryImageOfPage":{"@id":"https:\/\/ljcreate.com\/es\/tecnologia-automotriz\/soluciones-basadas-en-calificaciones\/#primaryimage"},"image":{"@id":"https:\/\/ljcreate.com\/es\/tecnologia-automotriz\/soluciones-basadas-en-calificaciones\/#primaryimage"},"thumbnailUrl":"https:\/\/ljcreate.com\/wp-content\/uploads\/2021\/09\/automotive-lightVehicle.png","datePublished":"2021-10-26T12:54:36+00:00","dateModified":"2021-11-16T20:39:42+00:00","description":"Nuestros entrenadores automotrices se suministran con un paquete de actividades de laboratorio digital o taller, homologadas a unidades de aprendizaje instructivo.","breadcrumb":{"@id":"https:\/\/ljcreate.com\/es\/tecnologia-automotriz\/soluciones-basadas-en-calificaciones\/#breadcrumb"},"inLanguage":"es","potentialAction":[{"@type":"ReadAction","target":["https:\/\/ljcreate.com\/es\/tecnologia-automotriz\/soluciones-basadas-en-calificaciones\/"]}]},{"@type":"ImageObject","inLanguage":"es","@id":"https:\/\/ljcreate.com\/es\/tecnologia-automotriz\/soluciones-basadas-en-calificaciones\/#primaryimage","url":"https:\/\/ljcreate.com\/wp-content\/uploads\/2021\/09\/automotive-lightVehicle.png","contentUrl":"https:\/\/ljcreate.com\/wp-content\/uploads\/2021\/09\/automotive-lightVehicle.png"},{"@type":"BreadcrumbList","@id":"https:\/\/ljcreate.com\/es\/tecnologia-automotriz\/soluciones-basadas-en-calificaciones\/#breadcrumb","itemListElement":[{"@type":"ListItem","position":1,"name":"Home","item":"https:\/\/ljcreate.com\/es\/"},{"@type":"ListItem","position":2,"name":"Tecnolog\u00eda automotriz","item":"https:\/\/ljcreate.com\/es\/automotive-technology\/"},{"@type":"ListItem","position":3,"name":"Soluciones basadas en calificaciones"}]},{"@type":"WebSite","@id":"https:\/\/ljcreate.com\/es\/#website","url":"https:\/\/ljcreate.com\/es\/","name":"LJ Create","description":"Innovate, Inspire, and Engage","publisher":{"@id":"https:\/\/ljcreate.com\/es\/#organization"},"alternateName":"Creative Learning (Norwich) Limited","potentialAction":[{"@type":"SearchAction","target":{"@type":"EntryPoint","urlTemplate":"https:\/\/ljcreate.com\/es\/?s={search_term_string}"},"query-input":{"@type":"PropertyValueSpecification","valueRequired":true,"valueName":"search_term_string"}}],"inLanguage":"es"},{"@type":"Organization","@id":"https:\/\/ljcreate.com\/es\/#organization","name":"LJ Create","url":"https:\/\/ljcreate.com\/es\/","logo":{"@type":"ImageObject","inLanguage":"es","@id":"https:\/\/ljcreate.com\/es\/#\/schema\/logo\/image\/","url":"https:\/\/ljcreate.com\/wp-content\/uploads\/2021\/07\/logo.svg","contentUrl":"https:\/\/ljcreate.com\/wp-content\/uploads\/2021\/07\/logo.svg","width":"1024","height":"1024","caption":"LJ Create"},"image":{"@id":"https:\/\/ljcreate.com\/es\/#\/schema\/logo\/image\/"}}]}},"_links":{"self":[{"href":"https:\/\/ljcreate.com\/es\/wp-json\/wp\/v2\/pages\/26636","targetHints":{"allow":["GET"]}}],"collection":[{"href":"https:\/\/ljcreate.com\/es\/wp-json\/wp\/v2\/pages"}],"about":[{"href":"https:\/\/ljcreate.com\/es\/wp-json\/wp\/v2\/types\/page"}],"author":[{"embeddable":true,"href":"https:\/\/ljcreate.com\/es\/wp-json\/wp\/v2\/users\/1"}],"replies":[{"embeddable":true,"href":"https:\/\/ljcreate.com\/es\/wp-json\/wp\/v2\/comments?post=26636"}],"version-history":[{"count":1,"href":"https:\/\/ljcreate.com\/es\/wp-json\/wp\/v2\/pages\/26636\/revisions"}],"predecessor-version":[{"id":26703,"href":"https:\/\/ljcreate.com\/es\/wp-json\/wp\/v2\/pages\/26636\/revisions\/26703"}],"up":[{"embeddable":true,"href":"https:\/\/ljcreate.com\/es\/wp-json\/wp\/v2\/pages\/26632"}],"wp:attachment":[{"href":"https:\/\/ljcreate.com\/es\/wp-json\/wp\/v2\/media?parent=26636"}],"curies":[{"name":"wp","href":"https:\/\/api.w.org\/{rel}","templated":true}]}}