{"id":26635,"date":"2021-10-26T07:51:37","date_gmt":"2021-10-26T12:51:37","guid":{"rendered":"https:\/\/alpha.ljcreate.com\/tecnologia-automotriz\/soluciones-de-laboratorio-completas\/automotriz-vehiculo-mediano-pesado\/"},"modified":"2023-03-21T11:18:02","modified_gmt":"2023-03-21T11:18:02","slug":"automotriz-vehiculo-mediano-pesado","status":"publish","type":"page","link":"https:\/\/ljcreate.com\/es\/tecnologia-automotriz\/soluciones-de-laboratorio-completas\/automotriz-vehiculo-mediano-pesado\/","title":{"rendered":"Automotriz Veh\u00edculo mediano \/ pesado"},"content":{"rendered":"\n\n\t<a href=\"https:\/\/ljcreate.com\/es\/\">Home<\/a> &gt; <a href=\"https:\/\/ljcreate.com\/es\/tecnologia-automotriz\/\">Tecnolog\u00eda automotriz<\/a> &gt; <a href=\"https:\/\/ljcreate.com\/es\/tecnologia-automotriz\/soluciones-de-laboratorio-completas\/\">Soluciones de laboratorio completas<\/a> &gt; Automotriz Veh\u00edculo mediano \/ pesado\n\t<p>Un laboratorio de veh\u00edculos pesados \/ medianos de LJ est\u00e1 dise\u00f1ado para maximizar el tiempo que los estudiantes dedican activamente a comprender y desarrollar habilidades en las tecnolog\u00edas utilizadas en veh\u00edculos medianos y pesados.<\/p>\n\t\t\t\t<img decoding=\"async\" data-src=\"https:\/\/ljcreate.com\/wp-content\/uploads\/2021\/10\/heavyVehicleHeader.png\" alt=\"heavyVehicleHeader\" itemprop=\"image\" height=\"300\" width=\"555\" title=\"heavyVehicleHeader\" onerror=\"this.style.display='none'\" src=\"data:image\/svg+xml;base64,PHN2ZyB3aWR0aD0iMSIgaGVpZ2h0PSIxIiB4bWxucz0iaHR0cDovL3d3dy53My5vcmcvMjAwMC9zdmciPjwvc3ZnPg==\" class=\"lazyload\" style=\"--smush-placeholder-width: 555px; --smush-placeholder-aspect-ratio: 555\/300;\" \/>\n\t<p>Adem\u00e1s de un paquete de plan de estudios integral, los estudiantes tendr\u00e1n acceso a entrenadores de paneles de sistemas el\u00e9ctricos y electr\u00f3nicos con inserci\u00f3n de fallas, entrenadores de motores en funcionamiento, entrenadores el\u00e9ctricos de 24 V, entrenadores de frenos de aire y sistemas seccionados. Se puede dise\u00f1ar un laboratorio de veh\u00edculos medianos \/ pesados \u200b\u200bcon enfoque en la tecnolog\u00eda de motores di\u00e9sel, gesti\u00f3n de motores di\u00e9sel e incluir alojamiento para veh\u00edculos todoterreno o motores de combustible alternativo.<\/p>\n<p>El objetivo del laboratorio de veh\u00edculos medianos \/ pesados \u200b\u200bes ayudarlo a desarrollar t\u00e9cnicos capacitados con un conocimiento s\u00f3lido de la tecnolog\u00eda de veh\u00edculos pesados \u200b\u200by las t\u00e9cnicas de detecci\u00f3n de fallas.<\/p>\n\t\t\t\t<img decoding=\"async\" data-src=\"https:\/\/ljcreate.com\/wp-content\/uploads\/2021\/09\/automotiveHeavyVehicleLabUkUs-2.png\" alt=\"automotrizPesadoVeh\u00edculoLabReino UnidoNosotros\" itemprop=\"image\" height=\"652\" width=\"950\" title=\"automotrizPesadoVeh\u00edculoLabReino UnidoNosotros\" onerror=\"this.style.display='none'\" src=\"data:image\/svg+xml;base64,PHN2ZyB3aWR0aD0iMSIgaGVpZ2h0PSIxIiB4bWxucz0iaHR0cDovL3d3dy53My5vcmcvMjAwMC9zdmciPjwvc3ZnPg==\" class=\"lazyload\" style=\"--smush-placeholder-width: 950px; --smush-placeholder-aspect-ratio: 950\/652;\" \/>\n<h5>\n\t\tUna configuraci\u00f3n t\u00edpica de laboratorio de veh\u00edculos medianos y pesados podr\u00eda incluir los siguientes recursos:\n\t<\/h5>\n\t<ul>\n<li><a href=\"https:\/\/ljcreate.com\/es\/automotive-technology\/auto-electronics-trainer\/\">Entrenadores de electr\u00f3nica automotriz<\/a><\/li>\n<li><a href=\"https:\/\/ljcreate.com\/es\/automotive-technology\/6-cylinder-hgv-diesel-engine-common-rail-trainer\/\">Entrenador de motor diesel para cami\u00f3n de 6 cilindros (Common Rail)<\/a><\/li>\n<li><a href=\"https:\/\/ljcreate.com\/uk\/automotive-technology\/sectioned-hgv-diesel-engine-6-cylinder-trainer\/\">Entrenador de motor diesel para cami\u00f3n seccionado (6 cilindros)<\/a><\/li>\n<li><a href=\"https:\/\/ljcreate.com\/es\/automotive-technology\/electronic-controlled-air-suspension-trainer\/\">Entrenador de suspensi\u00f3n neum\u00e1tica controlada electr\u00f3nicamente<\/a><\/li>\n<li><a href=\"https:\/\/ljcreate.com\/es\/automotive-technology\/24-volt-electrical-system-trainer\/\">Entrenadores del sistema el\u00e9ctrico de 24 voltios<\/a><\/li>\n<li><a href=\"https:\/\/ljcreate.com\/es\/automotive-technology\/live-front-axle-with-air-disc-brake-assembly\/\">Eje delantero vivo con conjunto de freno de disco de aire<\/a><\/li>\n<li><a href=\"https:\/\/ljcreate.com\/es\/automotive-technology\/disc-air-brake-trainer\/\">Entrenador de frenos de disco de aire<\/a><\/li>\n<li><a href=\"https:\/\/ljcreate.com\/es\/automotive-technology\/sectioned-hgv-gearbox-trainer\/\">Entrenador de caja de cambios seccionado para veh\u00edculos pesados<\/a><\/li>\n<li><a href=\"https:\/\/ljcreate.com\/es\/automotive-technology\/sectioned-hgv-rear-axle-with-reduction-hubs-trainer\/\">Eje trasero seccionado para veh\u00edculos pesados<\/a><\/li>\n<li><a href=\"https:\/\/ljcreate.com\/es\/automotive-technology\/heavy-duty-sectioned-clutch-trainer\/\">Embrague seccionado para veh\u00edculos pesados<\/a><\/li>\n<li><a href=\"https:\/\/ljcreate.com\/es\/automotive-technology\/heavy-vehicle-electrical-systems-panel-trainer\/\">Entrenadores de paneles de sistemas el\u00e9ctricos de veh\u00edculos pesados<\/a><\/li>\n<li><a href=\"https:\/\/ljcreate.com\/es\/automotive-technology\/diesel-engine-management-systems-panel-trainer\/\">Instructores de panel de sistemas de gesti\u00f3n de motores di\u00e9sel<\/a><\/li>\n<\/ul>\n\t\t\t\t<img decoding=\"async\" data-src=\"https:\/\/ljcreate.com\/wp-content\/uploads\/2021\/09\/heavyVehicle-781-01.png\" alt=\"heavyVehicle-781-01\" itemprop=\"image\" height=\"515\" width=\"526\" title=\"heavyVehicle-781-01\" onerror=\"this.style.display='none'\" src=\"data:image\/svg+xml;base64,PHN2ZyB3aWR0aD0iMSIgaGVpZ2h0PSIxIiB4bWxucz0iaHR0cDovL3d3dy53My5vcmcvMjAwMC9zdmciPjwvc3ZnPg==\" class=\"lazyload\" style=\"--smush-placeholder-width: 526px; --smush-placeholder-aspect-ratio: 526\/515;\" \/>\n<h2>\n\t\tNota aclaratoria:\n\t<\/h2>\n\t<p>No todos nuestros productos est\u00e1n disponibles con manuales\/curr\u00edculo\/contenido digital en Espa\u00f1ol. Favor de contactarnos para obtener m\u00e1s informaci\u00f3n al respecto.<\/p>\n<h2>\n\t\tRecursos: folletos\n\t<\/h2>\n\t\t\t\t\t\t<a href=\"\/wp-content\/uploads\/2022\/11\/electricVehicleBrochureUK.pdf\" target=\"_blank\" rel=\"noopener\">\n\t\t\t\t\t\t\t<img decoding=\"async\" data-src=\"https:\/\/ljcreate.com\/wp-content\/uploads\/2021\/09\/evBrochureThumbnail.png\" alt=\"EV Repair Skills Brochure\" src=\"data:image\/svg+xml;base64,PHN2ZyB3aWR0aD0iMSIgaGVpZ2h0PSIxIiB4bWxucz0iaHR0cDovL3d3dy53My5vcmcvMjAwMC9zdmciPjwvc3ZnPg==\" class=\"lazyload\" style=\"--smush-placeholder-width: 84px; --smush-placeholder-aspect-ratio: 84\/94;\" \/>\n\t\t\t\t\t\t<\/a>\n\t\t<p>Folleto de habilidades de reparaci\u00f3n de auto EV<\/p>\n\t\t\t\t\n\t\t\t\t\t<a href=\"\/wp-content\/uploads\/2022\/11\/electricVehicleBrochureUK.pdf\" role=\"button\" target=\"_blank\" rel=\"noopener\">\n\t\t\t\t\t\tDownload\t\t\t\t\t<\/a>\n\t\t\t\t\n\t\t\t\t\t\t<a href=\"\/wp-content\/uploads\/2021\/10\/automotiveTrainingResourcesBrochureUk.pdf\" target=\"_blank\" rel=\"noopener\">\n\t\t\t\t\t\t\t<img decoding=\"async\" data-src=\"https:\/\/ljcreate.com\/wp-content\/uploads\/2021\/09\/pdf_templateAutolab-1.png\" alt=\"pdf_templateAutolab\" src=\"data:image\/svg+xml;base64,PHN2ZyB3aWR0aD0iMSIgaGVpZ2h0PSIxIiB4bWxucz0iaHR0cDovL3d3dy53My5vcmcvMjAwMC9zdmciPjwvc3ZnPg==\" class=\"lazyload\" style=\"--smush-placeholder-width: 84px; --smush-placeholder-aspect-ratio: 84\/94;\" \/>\n\t\t\t\t\t\t<\/a>\n\t\t<p>Folleto de recursos de capacitaci\u00f3n automotriz<\/p>\n\t\t\t\t\n\t\t\t\t\t<a href=\"\/wp-content\/uploads\/2021\/10\/automotiveTrainingResourcesBrochureUk.pdf\" role=\"button\" target=\"_blank\" rel=\"noopener\">\n\t\t\t\t\t\tDownload\t\t\t\t\t<\/a>\n\t\t\t\t\n\t\t\t\t\t\t<a href=\"\/wp-content\/uploads\/2021\/10\/mediumHeavyVehicleBrochureUs.pdf\" target=\"_blank\" rel=\"noopener\">\n\t\t\t\t\t\t\t<img decoding=\"async\" data-src=\"https:\/\/ljcreate.com\/wp-content\/uploads\/2021\/09\/pdf_templateHeavyVehicle.png\" alt=\"pdf_templateHeavyVehicle\" src=\"data:image\/svg+xml;base64,PHN2ZyB3aWR0aD0iMSIgaGVpZ2h0PSIxIiB4bWxucz0iaHR0cDovL3d3dy53My5vcmcvMjAwMC9zdmciPjwvc3ZnPg==\" class=\"lazyload\" style=\"--smush-placeholder-width: 84px; --smush-placeholder-aspect-ratio: 84\/94;\" \/>\n\t\t\t\t\t\t<\/a>\n\t\t<p>Folleto de recursos para veh\u00edculos medianos \/ pesados<\/p>\n\t\t\t\t\n\t\t\t\t\t<a href=\"\/wp-content\/uploads\/2021\/10\/mediumHeavyVehicleBrochureUs.pdf\" role=\"button\" target=\"_blank\" rel=\"noopener\">\n\t\t\t\t\t\tDownload\t\t\t\t\t<\/a>\n\t\t\t\t\n\t\t\t\t\t\t<a href=\"\/wp-content\/uploads\/2021\/10\/mechatronicsAutomotiveProductBrochure.pdf\" target=\"_blank\" rel=\"noopener\">\n\t\t\t\t\t\t\t<img decoding=\"async\" data-src=\"https:\/\/ljcreate.com\/wp-content\/uploads\/2021\/09\/pdf_templateAutoMech.png\" alt=\"pdf_templateAutoMech\" src=\"data:image\/svg+xml;base64,PHN2ZyB3aWR0aD0iMSIgaGVpZ2h0PSIxIiB4bWxucz0iaHR0cDovL3d3dy53My5vcmcvMjAwMC9zdmciPjwvc3ZnPg==\" class=\"lazyload\" style=\"--smush-placeholder-width: 84px; --smush-placeholder-aspect-ratio: 84\/94;\" \/>\n\t\t\t\t\t\t<\/a>\n\t\t<p>Folleto de productos de mecatr\u00f3nica y automoci\u00f3n<\/p>\n\t\t\t\t\n\t\t\t\t\t<a href=\"\/wp-content\/uploads\/2021\/10\/mechatronicsAutomotiveProductBrochure.pdf\" role=\"button\" target=\"_blank\" rel=\"noopener\">\n\t\t\t\t\t\tDownload\t\t\t\t\t<\/a>\n\t\t\t\t\n\t\t\t\t\t\t<a href=\"\/wp-content\/uploads\/2021\/09\/hybridVehicleMailerUk.pdf\" target=\"_blank\" rel=\"noopener\">\n\t\t\t\t\t\t\t<img decoding=\"async\" data-src=\"https:\/\/ljcreate.com\/wp-content\/uploads\/2021\/09\/pdf_templateHybridVehicle.png\" alt=\"pdf_templateHybridVehicle\" src=\"data:image\/svg+xml;base64,PHN2ZyB3aWR0aD0iMSIgaGVpZ2h0PSIxIiB4bWxucz0iaHR0cDovL3d3dy53My5vcmcvMjAwMC9zdmciPjwvc3ZnPg==\" class=\"lazyload\" style=\"--smush-placeholder-width: 84px; --smush-placeholder-aspect-ratio: 84\/94;\" \/>\n\t\t\t\t\t\t<\/a>\n\t\t<p>Veh\u00edculo h\u00edbrido <br \/>Correo de sistemas<\/p>\n\t\t\t\t\n\t\t\t\t\t<a href=\"\/wp-content\/uploads\/2021\/09\/hybridVehicleMailerUk.pdf\" role=\"button\" target=\"_blank\" rel=\"noopener\">\n\t\t\t\t\t\tDownload\t\t\t\t\t<\/a>\n\t\t\t\t\n\t\t\t\t\t\t<a href=\"\/wp-content\/uploads\/2021\/10\/innovativeLearningSpacesBrochureUk.pdf\" target=\"_blank\" rel=\"noopener\">\n\t\t\t\t\t\t\t<img decoding=\"async\" data-src=\"https:\/\/ljcreate.com\/wp-content\/uploads\/2021\/09\/pdf_templateInnovativeSpace.png\" alt=\"pdf_templateInnovativeSpace\" src=\"data:image\/svg+xml;base64,PHN2ZyB3aWR0aD0iMSIgaGVpZ2h0PSIxIiB4bWxucz0iaHR0cDovL3d3dy53My5vcmcvMjAwMC9zdmciPjwvc3ZnPg==\" class=\"lazyload\" style=\"--smush-placeholder-width: 84px; --smush-placeholder-aspect-ratio: 84\/94;\" \/>\n\t\t\t\t\t\t<\/a>\n\t\t<p>Folleto de espacios de aprendizaje innovadores<\/p>\n\t\t\t\t\n\t\t\t\t\t<a href=\"\/wp-content\/uploads\/2021\/10\/innovativeLearningSpacesBrochureUk.pdf\" role=\"button\" target=\"_blank\" rel=\"noopener\">\n\t\t\t\t\t\tDownload\t\t\t\t\t<\/a>\n\t\t\t\t\n\n","protected":false},"excerpt":{"rendered":"<p>Home &gt; Tecnolog\u00eda automotriz &gt; Soluciones de laboratorio completas &gt; Automotriz Veh\u00edculo mediano \/ pesado Un laboratorio de veh\u00edculos pesados \/ medianos de LJ est\u00e1 dise\u00f1ado para maximizar el tiempo que los estudiantes dedican activamente a comprender y desarrollar habilidades en las tecnolog\u00edas utilizadas en veh\u00edculos medianos y pesados. Adem\u00e1s de un paquete de plan&hellip;<\/p>\n","protected":false},"author":1,"featured_media":0,"parent":26633,"menu_order":1,"comment_status":"closed","ping_status":"closed","template":"","meta":{"_acf_changed":false,"inline_featured_image":false,"footnotes":""},"class_list":["post-26635","page","type-page","status-publish","hentry"],"acf":[],"yoast_head":"<!-- This site is optimized with the Yoast SEO plugin v27.3 - https:\/\/yoast.com\/product\/yoast-seo-wordpress\/ -->\n<title>Laboratorio Automotriz Educativo de Veh\u00edculos Medianos \/ Pesados \u200b\u200b| LJ Create<\/title>\n<meta name=\"description\" content=\"Nuestro laboratorio Automotriz educativo de veh\u00edculos medianos \/ pesados \u200b\u200bmaximiza la participaci\u00f3n de los estudiantes para ayudarlos a desarrollar habilidades en las tecnolog\u00edas utilizadas en veh\u00edculos medianos y pesados.\" \/>\n<meta name=\"robots\" content=\"index, follow, max-snippet:-1, max-image-preview:large, max-video-preview:-1\" \/>\n<link rel=\"canonical\" href=\"https:\/\/ljcreate.com\/es\/tecnologia-automotriz\/soluciones-de-laboratorio-completas\/automotriz-vehiculo-mediano-pesado\/\" \/>\n<meta property=\"og:locale\" content=\"es_ES\" \/>\n<meta property=\"og:type\" content=\"article\" \/>\n<meta property=\"og:title\" content=\"Laboratorio Automotriz Educativo de Veh\u00edculos Medianos \/ Pesados \u200b\u200b| LJ Create\" \/>\n<meta property=\"og:description\" content=\"Nuestro laboratorio Automotriz educativo de veh\u00edculos medianos \/ pesados \u200b\u200bmaximiza la participaci\u00f3n de los estudiantes para ayudarlos a desarrollar habilidades en las tecnolog\u00edas utilizadas en veh\u00edculos medianos y pesados.\" \/>\n<meta property=\"og:url\" content=\"https:\/\/ljcreate.com\/es\/tecnologia-automotriz\/soluciones-de-laboratorio-completas\/automotriz-vehiculo-mediano-pesado\/\" \/>\n<meta property=\"og:site_name\" content=\"LJ Create\" \/>\n<meta property=\"article:modified_time\" content=\"2023-03-21T11:18:02+00:00\" \/>\n<meta property=\"og:image\" content=\"https:\/\/ljcreate.com\/wp-content\/uploads\/2021\/10\/heavyVehicleHeader.png\" \/>\n<meta name=\"twitter:card\" content=\"summary_large_image\" \/>\n<meta name=\"twitter:label1\" content=\"Tiempo de lectura\" \/>\n\t<meta name=\"twitter:data1\" content=\"2 minutos\" \/>\n<script type=\"application\/ld+json\" class=\"yoast-schema-graph\">{\"@context\":\"https:\\\/\\\/schema.org\",\"@graph\":[{\"@type\":\"WebPage\",\"@id\":\"https:\\\/\\\/ljcreate.com\\\/es\\\/tecnologia-automotriz\\\/soluciones-de-laboratorio-completas\\\/automotriz-vehiculo-mediano-pesado\\\/\",\"url\":\"https:\\\/\\\/ljcreate.com\\\/es\\\/tecnologia-automotriz\\\/soluciones-de-laboratorio-completas\\\/automotriz-vehiculo-mediano-pesado\\\/\",\"name\":\"Laboratorio Automotriz Educativo de Veh\u00edculos Medianos \\\/ Pesados \u200b\u200b| LJ Create\",\"isPartOf\":{\"@id\":\"https:\\\/\\\/ljcreate.com\\\/es\\\/#website\"},\"primaryImageOfPage\":{\"@id\":\"https:\\\/\\\/ljcreate.com\\\/es\\\/tecnologia-automotriz\\\/soluciones-de-laboratorio-completas\\\/automotriz-vehiculo-mediano-pesado\\\/#primaryimage\"},\"image\":{\"@id\":\"https:\\\/\\\/ljcreate.com\\\/es\\\/tecnologia-automotriz\\\/soluciones-de-laboratorio-completas\\\/automotriz-vehiculo-mediano-pesado\\\/#primaryimage\"},\"thumbnailUrl\":\"https:\\\/\\\/ljcreate.com\\\/wp-content\\\/uploads\\\/2021\\\/10\\\/heavyVehicleHeader.png\",\"datePublished\":\"2021-10-26T12:51:37+00:00\",\"dateModified\":\"2023-03-21T11:18:02+00:00\",\"description\":\"Nuestro laboratorio Automotriz educativo de veh\u00edculos medianos \\\/ pesados \u200b\u200bmaximiza la participaci\u00f3n de los estudiantes para ayudarlos a desarrollar habilidades en las tecnolog\u00edas utilizadas en veh\u00edculos medianos y pesados.\",\"breadcrumb\":{\"@id\":\"https:\\\/\\\/ljcreate.com\\\/es\\\/tecnologia-automotriz\\\/soluciones-de-laboratorio-completas\\\/automotriz-vehiculo-mediano-pesado\\\/#breadcrumb\"},\"inLanguage\":\"es\",\"potentialAction\":[{\"@type\":\"ReadAction\",\"target\":[\"https:\\\/\\\/ljcreate.com\\\/es\\\/tecnologia-automotriz\\\/soluciones-de-laboratorio-completas\\\/automotriz-vehiculo-mediano-pesado\\\/\"]}]},{\"@type\":\"ImageObject\",\"inLanguage\":\"es\",\"@id\":\"https:\\\/\\\/ljcreate.com\\\/es\\\/tecnologia-automotriz\\\/soluciones-de-laboratorio-completas\\\/automotriz-vehiculo-mediano-pesado\\\/#primaryimage\",\"url\":\"https:\\\/\\\/ljcreate.com\\\/wp-content\\\/uploads\\\/2021\\\/10\\\/heavyVehicleHeader.png\",\"contentUrl\":\"https:\\\/\\\/ljcreate.com\\\/wp-content\\\/uploads\\\/2021\\\/10\\\/heavyVehicleHeader.png\"},{\"@type\":\"BreadcrumbList\",\"@id\":\"https:\\\/\\\/ljcreate.com\\\/es\\\/tecnologia-automotriz\\\/soluciones-de-laboratorio-completas\\\/automotriz-vehiculo-mediano-pesado\\\/#breadcrumb\",\"itemListElement\":[{\"@type\":\"ListItem\",\"position\":1,\"name\":\"Home\",\"item\":\"https:\\\/\\\/ljcreate.com\\\/es\\\/\"},{\"@type\":\"ListItem\",\"position\":2,\"name\":\"Tecnolog\u00eda automotriz\",\"item\":\"https:\\\/\\\/ljcreate.com\\\/es\\\/automotive-technology\\\/\"},{\"@type\":\"ListItem\",\"position\":3,\"name\":\"Soluciones de laboratorio completas\",\"item\":\"https:\\\/\\\/ljcreate.com\\\/es\\\/automotive-technology\\\/complete-lab-solutions\\\/\"},{\"@type\":\"ListItem\",\"position\":4,\"name\":\"Automotriz Veh\u00edculo mediano \\\/ pesado\"}]},{\"@type\":\"WebSite\",\"@id\":\"https:\\\/\\\/ljcreate.com\\\/es\\\/#website\",\"url\":\"https:\\\/\\\/ljcreate.com\\\/es\\\/\",\"name\":\"LJ Create\",\"description\":\"Innovate, Inspire, and Engage\",\"publisher\":{\"@id\":\"https:\\\/\\\/ljcreate.com\\\/es\\\/#organization\"},\"alternateName\":\"Creative Learning (Norwich) Limited\",\"potentialAction\":[{\"@type\":\"SearchAction\",\"target\":{\"@type\":\"EntryPoint\",\"urlTemplate\":\"https:\\\/\\\/ljcreate.com\\\/es\\\/?s={search_term_string}\"},\"query-input\":{\"@type\":\"PropertyValueSpecification\",\"valueRequired\":true,\"valueName\":\"search_term_string\"}}],\"inLanguage\":\"es\"},{\"@type\":\"Organization\",\"@id\":\"https:\\\/\\\/ljcreate.com\\\/es\\\/#organization\",\"name\":\"LJ Create\",\"url\":\"https:\\\/\\\/ljcreate.com\\\/es\\\/\",\"logo\":{\"@type\":\"ImageObject\",\"inLanguage\":\"es\",\"@id\":\"https:\\\/\\\/ljcreate.com\\\/es\\\/#\\\/schema\\\/logo\\\/image\\\/\",\"url\":\"https:\\\/\\\/ljcreate.com\\\/wp-content\\\/uploads\\\/2021\\\/07\\\/logo.svg\",\"contentUrl\":\"https:\\\/\\\/ljcreate.com\\\/wp-content\\\/uploads\\\/2021\\\/07\\\/logo.svg\",\"width\":\"1024\",\"height\":\"1024\",\"caption\":\"LJ Create\"},\"image\":{\"@id\":\"https:\\\/\\\/ljcreate.com\\\/es\\\/#\\\/schema\\\/logo\\\/image\\\/\"}}]}<\/script>\n<!-- \/ Yoast SEO plugin. -->","yoast_head_json":{"title":"Laboratorio Automotriz Educativo de Veh\u00edculos Medianos \/ Pesados \u200b\u200b| LJ Create","description":"Nuestro laboratorio Automotriz educativo de veh\u00edculos medianos \/ pesados \u200b\u200bmaximiza la participaci\u00f3n de los estudiantes para ayudarlos a desarrollar habilidades en las tecnolog\u00edas utilizadas en veh\u00edculos medianos y pesados.","robots":{"index":"index","follow":"follow","max-snippet":"max-snippet:-1","max-image-preview":"max-image-preview:large","max-video-preview":"max-video-preview:-1"},"canonical":"https:\/\/ljcreate.com\/es\/tecnologia-automotriz\/soluciones-de-laboratorio-completas\/automotriz-vehiculo-mediano-pesado\/","og_locale":"es_ES","og_type":"article","og_title":"Laboratorio Automotriz Educativo de Veh\u00edculos Medianos \/ Pesados \u200b\u200b| LJ Create","og_description":"Nuestro laboratorio Automotriz educativo de veh\u00edculos medianos \/ pesados \u200b\u200bmaximiza la participaci\u00f3n de los estudiantes para ayudarlos a desarrollar habilidades en las tecnolog\u00edas utilizadas en veh\u00edculos medianos y pesados.","og_url":"https:\/\/ljcreate.com\/es\/tecnologia-automotriz\/soluciones-de-laboratorio-completas\/automotriz-vehiculo-mediano-pesado\/","og_site_name":"LJ Create","article_modified_time":"2023-03-21T11:18:02+00:00","og_image":[{"url":"https:\/\/ljcreate.com\/wp-content\/uploads\/2021\/10\/heavyVehicleHeader.png","type":"","width":"","height":""}],"twitter_card":"summary_large_image","twitter_misc":{"Tiempo de lectura":"2 minutos"},"schema":{"@context":"https:\/\/schema.org","@graph":[{"@type":"WebPage","@id":"https:\/\/ljcreate.com\/es\/tecnologia-automotriz\/soluciones-de-laboratorio-completas\/automotriz-vehiculo-mediano-pesado\/","url":"https:\/\/ljcreate.com\/es\/tecnologia-automotriz\/soluciones-de-laboratorio-completas\/automotriz-vehiculo-mediano-pesado\/","name":"Laboratorio Automotriz Educativo de Veh\u00edculos Medianos \/ Pesados \u200b\u200b| LJ Create","isPartOf":{"@id":"https:\/\/ljcreate.com\/es\/#website"},"primaryImageOfPage":{"@id":"https:\/\/ljcreate.com\/es\/tecnologia-automotriz\/soluciones-de-laboratorio-completas\/automotriz-vehiculo-mediano-pesado\/#primaryimage"},"image":{"@id":"https:\/\/ljcreate.com\/es\/tecnologia-automotriz\/soluciones-de-laboratorio-completas\/automotriz-vehiculo-mediano-pesado\/#primaryimage"},"thumbnailUrl":"https:\/\/ljcreate.com\/wp-content\/uploads\/2021\/10\/heavyVehicleHeader.png","datePublished":"2021-10-26T12:51:37+00:00","dateModified":"2023-03-21T11:18:02+00:00","description":"Nuestro laboratorio Automotriz educativo de veh\u00edculos medianos \/ pesados \u200b\u200bmaximiza la participaci\u00f3n de los estudiantes para ayudarlos a desarrollar habilidades en las tecnolog\u00edas utilizadas en veh\u00edculos medianos y pesados.","breadcrumb":{"@id":"https:\/\/ljcreate.com\/es\/tecnologia-automotriz\/soluciones-de-laboratorio-completas\/automotriz-vehiculo-mediano-pesado\/#breadcrumb"},"inLanguage":"es","potentialAction":[{"@type":"ReadAction","target":["https:\/\/ljcreate.com\/es\/tecnologia-automotriz\/soluciones-de-laboratorio-completas\/automotriz-vehiculo-mediano-pesado\/"]}]},{"@type":"ImageObject","inLanguage":"es","@id":"https:\/\/ljcreate.com\/es\/tecnologia-automotriz\/soluciones-de-laboratorio-completas\/automotriz-vehiculo-mediano-pesado\/#primaryimage","url":"https:\/\/ljcreate.com\/wp-content\/uploads\/2021\/10\/heavyVehicleHeader.png","contentUrl":"https:\/\/ljcreate.com\/wp-content\/uploads\/2021\/10\/heavyVehicleHeader.png"},{"@type":"BreadcrumbList","@id":"https:\/\/ljcreate.com\/es\/tecnologia-automotriz\/soluciones-de-laboratorio-completas\/automotriz-vehiculo-mediano-pesado\/#breadcrumb","itemListElement":[{"@type":"ListItem","position":1,"name":"Home","item":"https:\/\/ljcreate.com\/es\/"},{"@type":"ListItem","position":2,"name":"Tecnolog\u00eda automotriz","item":"https:\/\/ljcreate.com\/es\/automotive-technology\/"},{"@type":"ListItem","position":3,"name":"Soluciones de laboratorio completas","item":"https:\/\/ljcreate.com\/es\/automotive-technology\/complete-lab-solutions\/"},{"@type":"ListItem","position":4,"name":"Automotriz Veh\u00edculo mediano \/ pesado"}]},{"@type":"WebSite","@id":"https:\/\/ljcreate.com\/es\/#website","url":"https:\/\/ljcreate.com\/es\/","name":"LJ Create","description":"Innovate, Inspire, and Engage","publisher":{"@id":"https:\/\/ljcreate.com\/es\/#organization"},"alternateName":"Creative Learning (Norwich) Limited","potentialAction":[{"@type":"SearchAction","target":{"@type":"EntryPoint","urlTemplate":"https:\/\/ljcreate.com\/es\/?s={search_term_string}"},"query-input":{"@type":"PropertyValueSpecification","valueRequired":true,"valueName":"search_term_string"}}],"inLanguage":"es"},{"@type":"Organization","@id":"https:\/\/ljcreate.com\/es\/#organization","name":"LJ Create","url":"https:\/\/ljcreate.com\/es\/","logo":{"@type":"ImageObject","inLanguage":"es","@id":"https:\/\/ljcreate.com\/es\/#\/schema\/logo\/image\/","url":"https:\/\/ljcreate.com\/wp-content\/uploads\/2021\/07\/logo.svg","contentUrl":"https:\/\/ljcreate.com\/wp-content\/uploads\/2021\/07\/logo.svg","width":"1024","height":"1024","caption":"LJ Create"},"image":{"@id":"https:\/\/ljcreate.com\/es\/#\/schema\/logo\/image\/"}}]}},"_links":{"self":[{"href":"https:\/\/ljcreate.com\/es\/wp-json\/wp\/v2\/pages\/26635","targetHints":{"allow":["GET"]}}],"collection":[{"href":"https:\/\/ljcreate.com\/es\/wp-json\/wp\/v2\/pages"}],"about":[{"href":"https:\/\/ljcreate.com\/es\/wp-json\/wp\/v2\/types\/page"}],"author":[{"embeddable":true,"href":"https:\/\/ljcreate.com\/es\/wp-json\/wp\/v2\/users\/1"}],"replies":[{"embeddable":true,"href":"https:\/\/ljcreate.com\/es\/wp-json\/wp\/v2\/comments?post=26635"}],"version-history":[{"count":3,"href":"https:\/\/ljcreate.com\/es\/wp-json\/wp\/v2\/pages\/26635\/revisions"}],"predecessor-version":[{"id":41262,"href":"https:\/\/ljcreate.com\/es\/wp-json\/wp\/v2\/pages\/26635\/revisions\/41262"}],"up":[{"embeddable":true,"href":"https:\/\/ljcreate.com\/es\/wp-json\/wp\/v2\/pages\/26633"}],"wp:attachment":[{"href":"https:\/\/ljcreate.com\/es\/wp-json\/wp\/v2\/media?parent=26635"}],"curies":[{"name":"wp","href":"https:\/\/api.w.org\/{rel}","templated":true}]}}