{"id":26634,"date":"2021-10-26T07:51:33","date_gmt":"2021-10-26T12:51:33","guid":{"rendered":"https:\/\/alpha.ljcreate.com\/tecnologia-automotriz\/soluciones-de-laboratorio-completas\/vehiculo-ligero-automotriz\/"},"modified":"2023-03-21T11:21:26","modified_gmt":"2023-03-21T11:21:26","slug":"vehiculo-ligero-automotriz","status":"publish","type":"page","link":"https:\/\/ljcreate.com\/es\/tecnologia-automotriz\/soluciones-de-laboratorio-completas\/vehiculo-ligero-automotriz\/","title":{"rendered":"Veh\u00edculo ligero automotriz"},"content":{"rendered":"\n\n\t<a href=\"https:\/\/ljcreate.com\/es\/\">Home<\/a> &gt; <a href=\"https:\/\/ljcreate.com\/es\/tecnologia-automotriz\/\">Tecnolog\u00eda automotriz<\/a> &gt; <a href=\"https:\/\/ljcreate.com\/es\/tecnologia-automotriz\/soluciones-de-laboratorio-completas\/\">Soluciones de laboratorio completas<\/a> &gt; Veh\u00edculo ligero automotriz\n\t<p>Los sistemas de veh\u00edculos modernos son una red compleja de microprocesadores y sensores. El uso de herramientas de diagn\u00f3stico y la subsiguiente resoluci\u00f3n de problemas es la habilidad m\u00e1s requerida en la industria automotriz actual. Nuestros instructores permiten la inserci\u00f3n de fallas para que sus estudiantes puedan aprender a solucionar problemas y encontrar fallas.<\/p>\n\t\t\t\t<img decoding=\"async\" data-src=\"https:\/\/ljcreate.com\/wp-content\/uploads\/2021\/10\/lightVehicle.png\" alt=\"veh\u00edculo ligero\" itemprop=\"image\" height=\"300\" width=\"555\" title=\"veh\u00edculo ligero\" onerror=\"this.style.display='none'\" src=\"data:image\/svg+xml;base64,PHN2ZyB3aWR0aD0iMSIgaGVpZ2h0PSIxIiB4bWxucz0iaHR0cDovL3d3dy53My5vcmcvMjAwMC9zdmciPjwvc3ZnPg==\" class=\"lazyload\" style=\"--smush-placeholder-width: 555px; --smush-placeholder-aspect-ratio: 555\/300;\" \/>\n\t<p>Este laboratorio est\u00e1 dise\u00f1ado para limitar la cantidad de aprendizaje basado en texto que los futuros t\u00e9cnicos automotrices completan y lo reemplaza con experiencias interactivas y pr\u00e1ctica de habilidades en todos los sistemas del veh\u00edculo, incluidos motores, frenos, direcci\u00f3n y suspensi\u00f3n, aire acondicionado y sistemas de transmisi\u00f3n.<\/p>\n<p>Un LJ Create Automotive Lab es una soluci\u00f3n completa construida alrededor de un plan de estudios interactivo gestionado basado en est\u00e1ndares, una amplia gama de instructores de hardware, incluidos los instructores de motores y los instructores de paneles de sistemas electr\u00f3nicos con inserci\u00f3n de fallas.<\/p>\n<p>Estos laboratorios se pueden personalizar para satisfacer las necesidades de su programa con un enfoque, por ejemplo, en la electr\u00f3nica del autom\u00f3vil, el rendimiento del motor o las pruebas de diagn\u00f3stico.<\/p>\n\t\t\t\t<img decoding=\"async\" data-src=\"https:\/\/ljcreate.com\/wp-content\/uploads\/2021\/09\/automotiveLightVehicleLabUkUs-1.png\" alt=\"automotrizLuzVeh\u00edculoLabReino UnidoNosotros\" itemprop=\"image\" height=\"664\" width=\"950\" title=\"automotrizLuzVeh\u00edculoLabReino UnidoNosotros\" onerror=\"this.style.display='none'\" src=\"data:image\/svg+xml;base64,PHN2ZyB3aWR0aD0iMSIgaGVpZ2h0PSIxIiB4bWxucz0iaHR0cDovL3d3dy53My5vcmcvMjAwMC9zdmciPjwvc3ZnPg==\" class=\"lazyload\" style=\"--smush-placeholder-width: 950px; --smush-placeholder-aspect-ratio: 950\/664;\" \/>\n<h5>\n\t\tUna configuraci\u00f3n t\u00edpica de un laboratorio de reparaci\u00f3n de veh\u00edculos ligeros podr\u00eda incluir los siguientes recursos:\n\t<\/h5>\n\t<ul>\n<li><a href=\"https:\/\/ljcreate.com\/es\/automotive-technology\/ignition-and-charging-systems-panel-trainer\/\">Entrenador de paneles de sistemas de encendido y carga<\/a><\/li>\n<li><a href=\"https:\/\/ljcreate.com\/es\/automotive-technology\/distributorless-ignition-system-trainer\/\">Entrenador de sistema de encendido sin distribuidor<\/a><\/li>\n<li><a href=\"https:\/\/ljcreate.com\/es\/automotive-technology\/hybrid-vehicle-systems-panel-trainer\/\">Entrenador de paneles de sistemas de veh\u00edculos h\u00edbridos<\/a><\/li>\n<li><a href=\"https:\/\/ljcreate.com\/es\/automotive-technology\/engine-management-systems-panel-trainer\/\">Entrenador del panel de gesti\u00f3n del motor<\/a><\/li>\n<li><a href=\"https:\/\/ljcreate.com\/es\/automotive-technology\/sectioned-4-cylinder-gasoline-engine-trainer\/\">Motor de gasolina seccionado<\/a><\/li>\n<li><a href=\"https:\/\/ljcreate.com\/es\/automotive-technology\/sectioned-diesel-engine-common-rail-trainer\/\">Motor diesel seccionado<\/a><\/li>\n<li><a href=\"https:\/\/ljcreate.com\/es\/automotive-technology\/sectioned-manual-gearbox-trainer\/\">Caja de cambios manual seccionada<\/a><\/li>\n<li><a href=\"https:\/\/ljcreate.com\/es\/automotive-technology\/air-conditioning-systems-panel-trainer\/\">Entrenador de paneles de aire acondicionado<\/a><\/li>\n<li><a href=\"https:\/\/ljcreate.com\/es\/automotive-technology\/air-conditioning-system-trainer\/\">Entrenador de aire acondicionado<\/a><\/li>\n<li><a href=\"https:\/\/ljcreate.com\/es\/automotive-technology\/anti-lock-braking-systems-panel-trainer\/\">Panel de frenos ABS<\/a><\/li>\n<li><a href=\"https:\/\/ljcreate.com\/es\/automotive-technology\/disc-and-drum-braking-system-trainer\/\">Entrenador de sistemas de frenado<\/a><\/li>\n<li><a href=\"https:\/\/ljcreate.com\/es\/automotive-technology\/steering-and-suspension-system-trainer\/\">Entrenador de direcci\u00f3n y suspensi\u00f3n<\/a><\/li>\n<\/ul>\n\t\t\t\t<img decoding=\"async\" data-src=\"https:\/\/ljcreate.com\/wp-content\/uploads\/2021\/09\/hybridVehicleUk.png\" alt=\"hybridVehicleUk\" itemprop=\"image\" height=\"515\" width=\"526\" title=\"hybridVehicleUk\" onerror=\"this.style.display='none'\" src=\"data:image\/svg+xml;base64,PHN2ZyB3aWR0aD0iMSIgaGVpZ2h0PSIxIiB4bWxucz0iaHR0cDovL3d3dy53My5vcmcvMjAwMC9zdmciPjwvc3ZnPg==\" class=\"lazyload\" style=\"--smush-placeholder-width: 526px; --smush-placeholder-aspect-ratio: 526\/515;\" \/>\n<h2>\n\t\tNota aclaratoria:\n\t<\/h2>\n\t<p>No todos nuestros productos est\u00e1n disponibles con manuales\/curr\u00edculo\/contenido digital en Espa\u00f1ol. Favor de contactarnos para obtener m\u00e1s informaci\u00f3n al respecto.<\/p>\n<h2>\n\t\tRecursos: folletos\n\t<\/h2>\n\t\t\t\t\t\t<a href=\"\/wp-content\/uploads\/2022\/11\/electricVehicleBrochureUK.pdf\" target=\"_blank\" rel=\"noopener\">\n\t\t\t\t\t\t\t<img decoding=\"async\" data-src=\"https:\/\/ljcreate.com\/wp-content\/uploads\/2021\/09\/evBrochureThumbnail.png\" alt=\"EV Repair Skills Brochure\" src=\"data:image\/svg+xml;base64,PHN2ZyB3aWR0aD0iMSIgaGVpZ2h0PSIxIiB4bWxucz0iaHR0cDovL3d3dy53My5vcmcvMjAwMC9zdmciPjwvc3ZnPg==\" class=\"lazyload\" style=\"--smush-placeholder-width: 84px; --smush-placeholder-aspect-ratio: 84\/94;\" \/>\n\t\t\t\t\t\t<\/a>\n\t\t<p>Folleto de habilidades de reparaci\u00f3n de auto EV<\/p>\n\t\t\t\t\n\t\t\t\t\t<a href=\"\/wp-content\/uploads\/2022\/11\/electricVehicleBrochureUK.pdf\" role=\"button\" target=\"_blank\" rel=\"noopener\">\n\t\t\t\t\t\tDownload\t\t\t\t\t<\/a>\n\t\t\t\t\n\t\t\t\t\t\t<a href=\"\/wp-content\/uploads\/2021\/10\/automotiveTrainingResourcesBrochureUk.pdf\" target=\"_blank\" rel=\"noopener\">\n\t\t\t\t\t\t\t<img decoding=\"async\" data-src=\"https:\/\/ljcreate.com\/wp-content\/uploads\/2021\/09\/pdf_templateAutolab-1.png\" alt=\"pdf_templateAutolab\" src=\"data:image\/svg+xml;base64,PHN2ZyB3aWR0aD0iMSIgaGVpZ2h0PSIxIiB4bWxucz0iaHR0cDovL3d3dy53My5vcmcvMjAwMC9zdmciPjwvc3ZnPg==\" class=\"lazyload\" style=\"--smush-placeholder-width: 84px; --smush-placeholder-aspect-ratio: 84\/94;\" \/>\n\t\t\t\t\t\t<\/a>\n\t\t<p>Folleto de recursos de capacitaci\u00f3n automotriz<\/p>\n\t\t\t\t\n\t\t\t\t\t<a href=\"\/wp-content\/uploads\/2021\/10\/automotiveTrainingResourcesBrochureUk.pdf\" role=\"button\" target=\"_blank\" rel=\"noopener\">\n\t\t\t\t\t\tDownload\t\t\t\t\t<\/a>\n\t\t\t\t\n\t\t\t\t\t\t<a href=\"\/wp-content\/uploads\/2021\/10\/mediumHeavyVehicleBrochureUs.pdf\" target=\"_blank\" rel=\"noopener\">\n\t\t\t\t\t\t\t<img decoding=\"async\" data-src=\"https:\/\/ljcreate.com\/wp-content\/uploads\/2021\/09\/pdf_templateHeavyVehicle.png\" alt=\"pdf_templateHeavyVehicle\" src=\"data:image\/svg+xml;base64,PHN2ZyB3aWR0aD0iMSIgaGVpZ2h0PSIxIiB4bWxucz0iaHR0cDovL3d3dy53My5vcmcvMjAwMC9zdmciPjwvc3ZnPg==\" class=\"lazyload\" style=\"--smush-placeholder-width: 84px; --smush-placeholder-aspect-ratio: 84\/94;\" \/>\n\t\t\t\t\t\t<\/a>\n\t\t<p>Folleto de recursos para veh\u00edculos medianos \/ pesados<\/p>\n\t\t\t\t\n\t\t\t\t\t<a href=\"\/wp-content\/uploads\/2021\/10\/mediumHeavyVehicleBrochureUs.pdf\" role=\"button\" target=\"_blank\" rel=\"noopener\">\n\t\t\t\t\t\tDownload\t\t\t\t\t<\/a>\n\t\t\t\t\n\t\t\t\t\t\t<a href=\"\/wp-content\/uploads\/2021\/10\/mechatronicsAutomotiveProductBrochure.pdf\" target=\"_blank\" rel=\"noopener\">\n\t\t\t\t\t\t\t<img decoding=\"async\" data-src=\"https:\/\/ljcreate.com\/wp-content\/uploads\/2021\/09\/pdf_templateAutoMech.png\" alt=\"pdf_templateAutoMech\" src=\"data:image\/svg+xml;base64,PHN2ZyB3aWR0aD0iMSIgaGVpZ2h0PSIxIiB4bWxucz0iaHR0cDovL3d3dy53My5vcmcvMjAwMC9zdmciPjwvc3ZnPg==\" class=\"lazyload\" style=\"--smush-placeholder-width: 84px; --smush-placeholder-aspect-ratio: 84\/94;\" \/>\n\t\t\t\t\t\t<\/a>\n\t\t<p>Folleto de productos de mecatr\u00f3nica y automoci\u00f3n<\/p>\n\t\t\t\t\n\t\t\t\t\t<a href=\"\/wp-content\/uploads\/2021\/10\/mechatronicsAutomotiveProductBrochure.pdf\" role=\"button\" target=\"_blank\" rel=\"noopener\">\n\t\t\t\t\t\tDownload\t\t\t\t\t<\/a>\n\t\t\t\t\n\t\t\t\t\t\t<a href=\"\/wp-content\/uploads\/2021\/09\/hybridVehicleMailerUk.pdf\" target=\"_blank\" rel=\"noopener\">\n\t\t\t\t\t\t\t<img decoding=\"async\" data-src=\"https:\/\/ljcreate.com\/wp-content\/uploads\/2021\/09\/pdf_templateHybridVehicle.png\" alt=\"pdf_templateHybridVehicle\" src=\"data:image\/svg+xml;base64,PHN2ZyB3aWR0aD0iMSIgaGVpZ2h0PSIxIiB4bWxucz0iaHR0cDovL3d3dy53My5vcmcvMjAwMC9zdmciPjwvc3ZnPg==\" class=\"lazyload\" style=\"--smush-placeholder-width: 84px; --smush-placeholder-aspect-ratio: 84\/94;\" \/>\n\t\t\t\t\t\t<\/a>\n\t\t<p>Veh\u00edculo h\u00edbrido <br \/>Correo de sistemas<\/p>\n\t\t\t\t\n\t\t\t\t\t<a href=\"\/wp-content\/uploads\/2021\/09\/hybridVehicleMailerUk.pdf\" role=\"button\" target=\"_blank\" rel=\"noopener\">\n\t\t\t\t\t\tDownload\t\t\t\t\t<\/a>\n\t\t\t\t\n\t\t\t\t\t\t<a href=\"\/wp-content\/uploads\/2021\/10\/innovativeLearningSpacesBrochureUk.pdf\" target=\"_blank\" rel=\"noopener\">\n\t\t\t\t\t\t\t<img decoding=\"async\" data-src=\"https:\/\/ljcreate.com\/wp-content\/uploads\/2021\/09\/pdf_templateInnovativeSpace.png\" alt=\"pdf_templateInnovativeSpace\" src=\"data:image\/svg+xml;base64,PHN2ZyB3aWR0aD0iMSIgaGVpZ2h0PSIxIiB4bWxucz0iaHR0cDovL3d3dy53My5vcmcvMjAwMC9zdmciPjwvc3ZnPg==\" class=\"lazyload\" style=\"--smush-placeholder-width: 84px; --smush-placeholder-aspect-ratio: 84\/94;\" \/>\n\t\t\t\t\t\t<\/a>\n\t\t<p>Folleto de espacios de aprendizaje innovadores<\/p>\n\t\t\t\t\n\t\t\t\t\t<a href=\"\/wp-content\/uploads\/2021\/10\/innovativeLearningSpacesBrochureUk.pdf\" role=\"button\" target=\"_blank\" rel=\"noopener\">\n\t\t\t\t\t\tDownload\t\t\t\t\t<\/a>\n\t\t\t\t\n\n","protected":false},"excerpt":{"rendered":"<p>Home &gt; Tecnolog\u00eda automotriz &gt; Soluciones de laboratorio completas &gt; Veh\u00edculo ligero automotriz Los sistemas de veh\u00edculos modernos son una red compleja de microprocesadores y sensores. El uso de herramientas de diagn\u00f3stico y la subsiguiente resoluci\u00f3n de problemas es la habilidad m\u00e1s requerida en la industria automotriz actual. Nuestros instructores permiten la inserci\u00f3n de fallas&hellip;<\/p>\n","protected":false},"author":1,"featured_media":0,"parent":26633,"menu_order":0,"comment_status":"closed","ping_status":"closed","template":"","meta":{"_acf_changed":false,"inline_featured_image":false,"footnotes":""},"class_list":["post-26634","page","type-page","status-publish","hentry"],"acf":[],"yoast_head":"<!-- This site is optimized with the Yoast SEO plugin v27.3 - https:\/\/yoast.com\/product\/yoast-seo-wordpress\/ -->\n<title>Laboratorio de Tecnolog\u00eda y Reparaci\u00f3n Automotriz | LJ Create<\/title>\n<meta name=\"description\" content=\"Nuestro programa de veh\u00edculos ligeros para la capacitaci\u00f3n de t\u00e9cnicos automotrices, con un plan de estudios basado en est\u00e1ndares y b\u00fasqueda de fallas, y pr\u00e1ctica de habilidades en todos los sistemas del veh\u00edculo.\" \/>\n<meta name=\"robots\" content=\"index, follow, max-snippet:-1, max-image-preview:large, max-video-preview:-1\" \/>\n<link rel=\"canonical\" href=\"https:\/\/ljcreate.com\/es\/tecnologia-automotriz\/soluciones-de-laboratorio-completas\/vehiculo-ligero-automotriz\/\" \/>\n<meta property=\"og:locale\" content=\"es_ES\" \/>\n<meta property=\"og:type\" content=\"article\" \/>\n<meta property=\"og:title\" content=\"Laboratorio de Tecnolog\u00eda y Reparaci\u00f3n Automotriz | LJ Create\" \/>\n<meta property=\"og:description\" content=\"Nuestro programa de veh\u00edculos ligeros para la capacitaci\u00f3n de t\u00e9cnicos automotrices, con un plan de estudios basado en est\u00e1ndares y b\u00fasqueda de fallas, y pr\u00e1ctica de habilidades en todos los sistemas del veh\u00edculo.\" \/>\n<meta property=\"og:url\" content=\"https:\/\/ljcreate.com\/es\/tecnologia-automotriz\/soluciones-de-laboratorio-completas\/vehiculo-ligero-automotriz\/\" \/>\n<meta property=\"og:site_name\" content=\"LJ Create\" \/>\n<meta property=\"article:modified_time\" content=\"2023-03-21T11:21:26+00:00\" \/>\n<meta property=\"og:image\" content=\"https:\/\/ljcreate.com\/wp-content\/uploads\/2021\/10\/lightVehicle.png\" \/>\n<meta name=\"twitter:card\" content=\"summary_large_image\" \/>\n<meta name=\"twitter:label1\" content=\"Tiempo de lectura\" \/>\n\t<meta name=\"twitter:data1\" content=\"2 minutos\" \/>\n<script type=\"application\/ld+json\" class=\"yoast-schema-graph\">{\"@context\":\"https:\\\/\\\/schema.org\",\"@graph\":[{\"@type\":\"WebPage\",\"@id\":\"https:\\\/\\\/ljcreate.com\\\/es\\\/tecnologia-automotriz\\\/soluciones-de-laboratorio-completas\\\/vehiculo-ligero-automotriz\\\/\",\"url\":\"https:\\\/\\\/ljcreate.com\\\/es\\\/tecnologia-automotriz\\\/soluciones-de-laboratorio-completas\\\/vehiculo-ligero-automotriz\\\/\",\"name\":\"Laboratorio de Tecnolog\u00eda y Reparaci\u00f3n Automotriz | LJ Create\",\"isPartOf\":{\"@id\":\"https:\\\/\\\/ljcreate.com\\\/es\\\/#website\"},\"primaryImageOfPage\":{\"@id\":\"https:\\\/\\\/ljcreate.com\\\/es\\\/tecnologia-automotriz\\\/soluciones-de-laboratorio-completas\\\/vehiculo-ligero-automotriz\\\/#primaryimage\"},\"image\":{\"@id\":\"https:\\\/\\\/ljcreate.com\\\/es\\\/tecnologia-automotriz\\\/soluciones-de-laboratorio-completas\\\/vehiculo-ligero-automotriz\\\/#primaryimage\"},\"thumbnailUrl\":\"https:\\\/\\\/ljcreate.com\\\/wp-content\\\/uploads\\\/2021\\\/10\\\/lightVehicle.png\",\"datePublished\":\"2021-10-26T12:51:33+00:00\",\"dateModified\":\"2023-03-21T11:21:26+00:00\",\"description\":\"Nuestro programa de veh\u00edculos ligeros para la capacitaci\u00f3n de t\u00e9cnicos automotrices, con un plan de estudios basado en est\u00e1ndares y b\u00fasqueda de fallas, y pr\u00e1ctica de habilidades en todos los sistemas del veh\u00edculo.\",\"breadcrumb\":{\"@id\":\"https:\\\/\\\/ljcreate.com\\\/es\\\/tecnologia-automotriz\\\/soluciones-de-laboratorio-completas\\\/vehiculo-ligero-automotriz\\\/#breadcrumb\"},\"inLanguage\":\"es\",\"potentialAction\":[{\"@type\":\"ReadAction\",\"target\":[\"https:\\\/\\\/ljcreate.com\\\/es\\\/tecnologia-automotriz\\\/soluciones-de-laboratorio-completas\\\/vehiculo-ligero-automotriz\\\/\"]}]},{\"@type\":\"ImageObject\",\"inLanguage\":\"es\",\"@id\":\"https:\\\/\\\/ljcreate.com\\\/es\\\/tecnologia-automotriz\\\/soluciones-de-laboratorio-completas\\\/vehiculo-ligero-automotriz\\\/#primaryimage\",\"url\":\"https:\\\/\\\/ljcreate.com\\\/wp-content\\\/uploads\\\/2021\\\/10\\\/lightVehicle.png\",\"contentUrl\":\"https:\\\/\\\/ljcreate.com\\\/wp-content\\\/uploads\\\/2021\\\/10\\\/lightVehicle.png\"},{\"@type\":\"BreadcrumbList\",\"@id\":\"https:\\\/\\\/ljcreate.com\\\/es\\\/tecnologia-automotriz\\\/soluciones-de-laboratorio-completas\\\/vehiculo-ligero-automotriz\\\/#breadcrumb\",\"itemListElement\":[{\"@type\":\"ListItem\",\"position\":1,\"name\":\"Home\",\"item\":\"https:\\\/\\\/ljcreate.com\\\/es\\\/\"},{\"@type\":\"ListItem\",\"position\":2,\"name\":\"Tecnolog\u00eda automotriz\",\"item\":\"https:\\\/\\\/ljcreate.com\\\/es\\\/automotive-technology\\\/\"},{\"@type\":\"ListItem\",\"position\":3,\"name\":\"Soluciones de laboratorio completas\",\"item\":\"https:\\\/\\\/ljcreate.com\\\/es\\\/automotive-technology\\\/complete-lab-solutions\\\/\"},{\"@type\":\"ListItem\",\"position\":4,\"name\":\"Veh\u00edculo ligero automotriz\"}]},{\"@type\":\"WebSite\",\"@id\":\"https:\\\/\\\/ljcreate.com\\\/es\\\/#website\",\"url\":\"https:\\\/\\\/ljcreate.com\\\/es\\\/\",\"name\":\"LJ Create\",\"description\":\"Innovate, Inspire, and Engage\",\"publisher\":{\"@id\":\"https:\\\/\\\/ljcreate.com\\\/es\\\/#organization\"},\"alternateName\":\"Creative Learning (Norwich) Limited\",\"potentialAction\":[{\"@type\":\"SearchAction\",\"target\":{\"@type\":\"EntryPoint\",\"urlTemplate\":\"https:\\\/\\\/ljcreate.com\\\/es\\\/?s={search_term_string}\"},\"query-input\":{\"@type\":\"PropertyValueSpecification\",\"valueRequired\":true,\"valueName\":\"search_term_string\"}}],\"inLanguage\":\"es\"},{\"@type\":\"Organization\",\"@id\":\"https:\\\/\\\/ljcreate.com\\\/es\\\/#organization\",\"name\":\"LJ Create\",\"url\":\"https:\\\/\\\/ljcreate.com\\\/es\\\/\",\"logo\":{\"@type\":\"ImageObject\",\"inLanguage\":\"es\",\"@id\":\"https:\\\/\\\/ljcreate.com\\\/es\\\/#\\\/schema\\\/logo\\\/image\\\/\",\"url\":\"https:\\\/\\\/ljcreate.com\\\/wp-content\\\/uploads\\\/2021\\\/07\\\/logo.svg\",\"contentUrl\":\"https:\\\/\\\/ljcreate.com\\\/wp-content\\\/uploads\\\/2021\\\/07\\\/logo.svg\",\"width\":\"1024\",\"height\":\"1024\",\"caption\":\"LJ Create\"},\"image\":{\"@id\":\"https:\\\/\\\/ljcreate.com\\\/es\\\/#\\\/schema\\\/logo\\\/image\\\/\"}}]}<\/script>\n<!-- \/ Yoast SEO plugin. -->","yoast_head_json":{"title":"Laboratorio de Tecnolog\u00eda y Reparaci\u00f3n Automotriz | LJ Create","description":"Nuestro programa de veh\u00edculos ligeros para la capacitaci\u00f3n de t\u00e9cnicos automotrices, con un plan de estudios basado en est\u00e1ndares y b\u00fasqueda de fallas, y pr\u00e1ctica de habilidades en todos los sistemas del veh\u00edculo.","robots":{"index":"index","follow":"follow","max-snippet":"max-snippet:-1","max-image-preview":"max-image-preview:large","max-video-preview":"max-video-preview:-1"},"canonical":"https:\/\/ljcreate.com\/es\/tecnologia-automotriz\/soluciones-de-laboratorio-completas\/vehiculo-ligero-automotriz\/","og_locale":"es_ES","og_type":"article","og_title":"Laboratorio de Tecnolog\u00eda y Reparaci\u00f3n Automotriz | LJ Create","og_description":"Nuestro programa de veh\u00edculos ligeros para la capacitaci\u00f3n de t\u00e9cnicos automotrices, con un plan de estudios basado en est\u00e1ndares y b\u00fasqueda de fallas, y pr\u00e1ctica de habilidades en todos los sistemas del veh\u00edculo.","og_url":"https:\/\/ljcreate.com\/es\/tecnologia-automotriz\/soluciones-de-laboratorio-completas\/vehiculo-ligero-automotriz\/","og_site_name":"LJ Create","article_modified_time":"2023-03-21T11:21:26+00:00","og_image":[{"url":"https:\/\/ljcreate.com\/wp-content\/uploads\/2021\/10\/lightVehicle.png","type":"","width":"","height":""}],"twitter_card":"summary_large_image","twitter_misc":{"Tiempo de lectura":"2 minutos"},"schema":{"@context":"https:\/\/schema.org","@graph":[{"@type":"WebPage","@id":"https:\/\/ljcreate.com\/es\/tecnologia-automotriz\/soluciones-de-laboratorio-completas\/vehiculo-ligero-automotriz\/","url":"https:\/\/ljcreate.com\/es\/tecnologia-automotriz\/soluciones-de-laboratorio-completas\/vehiculo-ligero-automotriz\/","name":"Laboratorio de Tecnolog\u00eda y Reparaci\u00f3n Automotriz | LJ Create","isPartOf":{"@id":"https:\/\/ljcreate.com\/es\/#website"},"primaryImageOfPage":{"@id":"https:\/\/ljcreate.com\/es\/tecnologia-automotriz\/soluciones-de-laboratorio-completas\/vehiculo-ligero-automotriz\/#primaryimage"},"image":{"@id":"https:\/\/ljcreate.com\/es\/tecnologia-automotriz\/soluciones-de-laboratorio-completas\/vehiculo-ligero-automotriz\/#primaryimage"},"thumbnailUrl":"https:\/\/ljcreate.com\/wp-content\/uploads\/2021\/10\/lightVehicle.png","datePublished":"2021-10-26T12:51:33+00:00","dateModified":"2023-03-21T11:21:26+00:00","description":"Nuestro programa de veh\u00edculos ligeros para la capacitaci\u00f3n de t\u00e9cnicos automotrices, con un plan de estudios basado en est\u00e1ndares y b\u00fasqueda de fallas, y pr\u00e1ctica de habilidades en todos los sistemas del veh\u00edculo.","breadcrumb":{"@id":"https:\/\/ljcreate.com\/es\/tecnologia-automotriz\/soluciones-de-laboratorio-completas\/vehiculo-ligero-automotriz\/#breadcrumb"},"inLanguage":"es","potentialAction":[{"@type":"ReadAction","target":["https:\/\/ljcreate.com\/es\/tecnologia-automotriz\/soluciones-de-laboratorio-completas\/vehiculo-ligero-automotriz\/"]}]},{"@type":"ImageObject","inLanguage":"es","@id":"https:\/\/ljcreate.com\/es\/tecnologia-automotriz\/soluciones-de-laboratorio-completas\/vehiculo-ligero-automotriz\/#primaryimage","url":"https:\/\/ljcreate.com\/wp-content\/uploads\/2021\/10\/lightVehicle.png","contentUrl":"https:\/\/ljcreate.com\/wp-content\/uploads\/2021\/10\/lightVehicle.png"},{"@type":"BreadcrumbList","@id":"https:\/\/ljcreate.com\/es\/tecnologia-automotriz\/soluciones-de-laboratorio-completas\/vehiculo-ligero-automotriz\/#breadcrumb","itemListElement":[{"@type":"ListItem","position":1,"name":"Home","item":"https:\/\/ljcreate.com\/es\/"},{"@type":"ListItem","position":2,"name":"Tecnolog\u00eda automotriz","item":"https:\/\/ljcreate.com\/es\/automotive-technology\/"},{"@type":"ListItem","position":3,"name":"Soluciones de laboratorio completas","item":"https:\/\/ljcreate.com\/es\/automotive-technology\/complete-lab-solutions\/"},{"@type":"ListItem","position":4,"name":"Veh\u00edculo ligero automotriz"}]},{"@type":"WebSite","@id":"https:\/\/ljcreate.com\/es\/#website","url":"https:\/\/ljcreate.com\/es\/","name":"LJ Create","description":"Innovate, Inspire, and Engage","publisher":{"@id":"https:\/\/ljcreate.com\/es\/#organization"},"alternateName":"Creative Learning (Norwich) Limited","potentialAction":[{"@type":"SearchAction","target":{"@type":"EntryPoint","urlTemplate":"https:\/\/ljcreate.com\/es\/?s={search_term_string}"},"query-input":{"@type":"PropertyValueSpecification","valueRequired":true,"valueName":"search_term_string"}}],"inLanguage":"es"},{"@type":"Organization","@id":"https:\/\/ljcreate.com\/es\/#organization","name":"LJ Create","url":"https:\/\/ljcreate.com\/es\/","logo":{"@type":"ImageObject","inLanguage":"es","@id":"https:\/\/ljcreate.com\/es\/#\/schema\/logo\/image\/","url":"https:\/\/ljcreate.com\/wp-content\/uploads\/2021\/07\/logo.svg","contentUrl":"https:\/\/ljcreate.com\/wp-content\/uploads\/2021\/07\/logo.svg","width":"1024","height":"1024","caption":"LJ Create"},"image":{"@id":"https:\/\/ljcreate.com\/es\/#\/schema\/logo\/image\/"}}]}},"_links":{"self":[{"href":"https:\/\/ljcreate.com\/es\/wp-json\/wp\/v2\/pages\/26634","targetHints":{"allow":["GET"]}}],"collection":[{"href":"https:\/\/ljcreate.com\/es\/wp-json\/wp\/v2\/pages"}],"about":[{"href":"https:\/\/ljcreate.com\/es\/wp-json\/wp\/v2\/types\/page"}],"author":[{"embeddable":true,"href":"https:\/\/ljcreate.com\/es\/wp-json\/wp\/v2\/users\/1"}],"replies":[{"embeddable":true,"href":"https:\/\/ljcreate.com\/es\/wp-json\/wp\/v2\/comments?post=26634"}],"version-history":[{"count":3,"href":"https:\/\/ljcreate.com\/es\/wp-json\/wp\/v2\/pages\/26634\/revisions"}],"predecessor-version":[{"id":41263,"href":"https:\/\/ljcreate.com\/es\/wp-json\/wp\/v2\/pages\/26634\/revisions\/41263"}],"up":[{"embeddable":true,"href":"https:\/\/ljcreate.com\/es\/wp-json\/wp\/v2\/pages\/26633"}],"wp:attachment":[{"href":"https:\/\/ljcreate.com\/es\/wp-json\/wp\/v2\/media?parent=26634"}],"curies":[{"name":"wp","href":"https:\/\/api.w.org\/{rel}","templated":true}]}}