{"id":26633,"date":"2021-10-26T07:19:19","date_gmt":"2021-10-26T12:19:19","guid":{"rendered":"https:\/\/alpha.ljcreate.com\/tecnologia-automotriz\/soluciones-de-laboratorio-completas\/"},"modified":"2023-03-21T11:32:27","modified_gmt":"2023-03-21T11:32:27","slug":"soluciones-de-laboratorio-completas","status":"publish","type":"page","link":"https:\/\/ljcreate.com\/es\/tecnologia-automotriz\/soluciones-de-laboratorio-completas\/","title":{"rendered":"Soluciones de laboratorio completas"},"content":{"rendered":"\n\n\t<a href=\"https:\/\/ljcreate.com\/es\/\">Home<\/a> &gt; <a href=\"https:\/\/ljcreate.com\/es\/tecnologia-automotriz\/\">Tecnolog\u00eda automotriz<\/a> &gt; Soluciones de laboratorio completas\n\t<p>En LJ Create nos enorgullecemos de crear espacios de aprendizaje innovadores para una amplia gama de disciplinas de educaci\u00f3n t\u00e9cnica y STEM. Combinamos y personalizamos estos espacios para dise\u00f1ar una soluci\u00f3n que se adapte a las necesidades de cada cliente.<\/p>\n<p>Nuestros laboratorios educativos de tecnolog\u00eda y reparaci\u00f3n de veh\u00edculos automotrices ofrecen capacitaci\u00f3n de t\u00e9cnicos y desarrollo de la fuerza laboral basados \u200b\u200ben est\u00e1ndares.<\/p>\n\t\t\t\t\t\t<a href=\"\/es\/tecnologia-automotriz\/soluciones-de-laboratorio-completas\/vehiculo-ligero-automotriz\/\" target=\"_self\" rel=\"noopener\">\n\t\t\t\t\t\t\t<img decoding=\"async\" data-src=\"https:\/\/ljcreate.com\/wp-content\/uploads\/2021\/10\/automotiveLightVehicleLabUkUs-small.png\" alt=\"automotiveLightVehicleLabUkUs-small\" src=\"data:image\/svg+xml;base64,PHN2ZyB3aWR0aD0iMSIgaGVpZ2h0PSIxIiB4bWxucz0iaHR0cDovL3d3dy53My5vcmcvMjAwMC9zdmciPjwvc3ZnPg==\" class=\"lazyload\" style=\"--smush-placeholder-width: 313px; --smush-placeholder-aspect-ratio: 313\/195;\" \/>\n\t\t\t\t\t\t<\/a>\n\t\t<h4>Veh\u00edculo ligero automotriz<\/h4>\n\t\t\t<p>Este programa ha sido dise\u00f1ado para permitirle crear un programa automotriz que permitir\u00e1 a sus estudiantes convertirse en nuevos t\u00e9cnicos automotrices de alta tecnolog\u00eda.<\/p>\t\t\n\t\t\t\t\n\t\t\t\t\t<a href=\"\/es\/tecnologia-automotriz\/soluciones-de-laboratorio-completas\/vehiculo-ligero-automotriz\/\" role=\"button\" target=\"_self\" rel=\"noopener\">\n\t\t\t\t\t\tM\u00e1s informaci\u00f3n&gt;\t\t\t\t\t<\/a>\n\t\t\t\t\n\t\t\t\t\t\t<a href=\"\/es\/tecnologia-automotriz\/soluciones-de-laboratorio-completas\/tecnologia-de-vehiculos-electricos\/\" target=\"_self\" rel=\"noopener\">\n\t\t\t\t\t\t\t<img decoding=\"async\" data-src=\"https:\/\/ljcreate.com\/wp-content\/uploads\/2022\/12\/evLabSmall.png\" alt=\"Electric Vehicle Lab\" src=\"data:image\/svg+xml;base64,PHN2ZyB3aWR0aD0iMSIgaGVpZ2h0PSIxIiB4bWxucz0iaHR0cDovL3d3dy53My5vcmcvMjAwMC9zdmciPjwvc3ZnPg==\" class=\"lazyload\" style=\"--smush-placeholder-width: 313px; --smush-placeholder-aspect-ratio: 313\/211;\" \/>\n\t\t\t\t\t\t<\/a>\n\t\t<h4>Tecnolog\u00eda de veh\u00edculos el\u00e9ctricos<\/h4>\n\t\t\t<p>El objetivo de nuestro laboratorio de Tecnolog\u00eda de Veh\u00edculos El\u00e9ctricos es proporcionar a los estudiantes las habilidades y conocimientos necesarios para mantener y reparar veh\u00edculos el\u00e9ctricos e h\u00edbridos.<\/p>\t\t\n\t\t\t\t\n\t\t\t\t\t<a href=\"\/es\/tecnologia-automotriz\/soluciones-de-laboratorio-completas\/tecnologia-de-vehiculos-electricos\/\" role=\"button\" target=\"_self\" rel=\"noopener\">\n\t\t\t\t\t\tM\u00e1s informaci\u00f3n&gt;\t\t\t\t\t<\/a>\n\t\t\t\t\n\t\t\t\t\t\t<a href=\"\/es\/tecnologia-automotriz\/soluciones-de-laboratorio-completas\/automotriz-vehiculo-mediano-pesado\/\" target=\"_self\" rel=\"noopener\">\n\t\t\t\t\t\t\t<img decoding=\"async\" data-src=\"https:\/\/ljcreate.com\/wp-content\/uploads\/2021\/10\/automotiveHeavyVehicleLabUkUs-small.png\" alt=\"automotiveHeavyVehicleLabUkUs-small\" src=\"data:image\/svg+xml;base64,PHN2ZyB3aWR0aD0iMSIgaGVpZ2h0PSIxIiB4bWxucz0iaHR0cDovL3d3dy53My5vcmcvMjAwMC9zdmciPjwvc3ZnPg==\" class=\"lazyload\" style=\"--smush-placeholder-width: 313px; --smush-placeholder-aspect-ratio: 313\/221;\" \/>\n\t\t\t\t\t\t<\/a>\n\t\t<h4>Automotriz Veh\u00edculo mediano \/ pesado<\/h4>\n\t\t\t<p>Un laboratorio de veh\u00edculos medianos \/ pesados est\u00e1 dise\u00f1ado para maximizar el tiempo que los estudiantes dedican a comprender y desarrollar habilidades a trav\u00e9s de t\u00e9cnicas de diagn\u00f3stico y detecci\u00f3n de fallas.<\/p>\t\t\n\t\t\t\t\n\t\t\t\t\t<a href=\"\/es\/tecnologia-automotriz\/soluciones-de-laboratorio-completas\/automotriz-vehiculo-mediano-pesado\/\" role=\"button\" target=\"_self\" rel=\"noopener\">\n\t\t\t\t\t\tM\u00e1s informaci\u00f3n&gt;\t\t\t\t\t<\/a>\n\t\t\t\t\n<h5>\n\t\tCada Smart Lab incluye:\n\t<\/h5>\n\t<p><strong>Hardware innovador<\/strong><\/p>\n<ul>\n<li>Entrenadores del mundo real con actividades pr\u00e1cticas<\/li>\n<li>Entrenadores de b\u00fasqueda de fallos en el escritorio<\/li>\n<li>Entrenadores del sistema Autotronic<\/li>\n<\/ul>\n\t<p><strong>LMS en l\u00ednea y bibliotecas de lecciones<\/strong><\/p>\n<ul>\n<li>10,000+ lecciones digitales<\/li>\n<li>Realiza un seguimiento y registra el progreso y los logros de los estudiantes<\/li>\n<li>Plan de estudios alineado con las calificaciones de IMI<\/li>\n<\/ul>\n\t<p><strong>Desarrollo profesional continuo (CPD)<\/strong><\/p>\n<ul>\n<li>Soporte continuo de LJ Create<\/li>\n<li>Formaci\u00f3n y desarrollo profesional<\/li>\n<\/ul>\n\t<iframe data-src=\"https:\/\/player.vimeo.com\/video\/193030090?h=c062c5c79b&amp;color=f15c23&amp;title=0&amp;byline=0&amp;portrait=0\" frameborder=\"0\" allow=\"autoplay; fullscreen; picture-in-picture\" allowfullscreen=\"\" src=\"data:image\/svg+xml;base64,PHN2ZyB3aWR0aD0iMSIgaGVpZ2h0PSIxIiB4bWxucz0iaHR0cDovL3d3dy53My5vcmcvMjAwMC9zdmciPjwvc3ZnPg==\" class=\"lazyload\" data-load-mode=\"1\"><\/iframe>\n<h2>\n\t\tNota aclaratoria:\n\t<\/h2>\n\t<p>No todos nuestros productos est\u00e1n disponibles con manuales\/curr\u00edculo\/contenido digital en Espa\u00f1ol. Favor de contactarnos para obtener m\u00e1s informaci\u00f3n al respecto.<\/p>\n<h2>\n\t\tRecursos: folletos\n\t<\/h2>\n\t\t\t\t\t\t<a href=\"\/wp-content\/uploads\/2022\/11\/electricVehicleBrochureUK.pdf\" target=\"_blank\" rel=\"noopener\">\n\t\t\t\t\t\t\t<img decoding=\"async\" data-src=\"https:\/\/ljcreate.com\/wp-content\/uploads\/2021\/09\/evBrochureThumbnail.png\" alt=\"EV Repair Skills Brochure\" src=\"data:image\/svg+xml;base64,PHN2ZyB3aWR0aD0iMSIgaGVpZ2h0PSIxIiB4bWxucz0iaHR0cDovL3d3dy53My5vcmcvMjAwMC9zdmciPjwvc3ZnPg==\" class=\"lazyload\" style=\"--smush-placeholder-width: 84px; --smush-placeholder-aspect-ratio: 84\/94;\" \/>\n\t\t\t\t\t\t<\/a>\n\t\t<p>Folleto de habilidades de reparaci\u00f3n de auto EV<\/p>\n\t\t\t\t\n\t\t\t\t\t<a href=\"\/wp-content\/uploads\/2022\/11\/electricVehicleBrochureUK.pdf\" role=\"button\" target=\"_blank\" rel=\"noopener\">\n\t\t\t\t\t\tDownload\t\t\t\t\t<\/a>\n\t\t\t\t\n\t\t\t\t\t\t<a href=\"\/wp-content\/uploads\/2021\/10\/automotiveTrainingResourcesBrochureUk.pdf\" target=\"_blank\" rel=\"noopener\">\n\t\t\t\t\t\t\t<img decoding=\"async\" data-src=\"https:\/\/ljcreate.com\/wp-content\/uploads\/2021\/09\/pdf_templateAutolab-1.png\" alt=\"pdf_templateAutolab\" src=\"data:image\/svg+xml;base64,PHN2ZyB3aWR0aD0iMSIgaGVpZ2h0PSIxIiB4bWxucz0iaHR0cDovL3d3dy53My5vcmcvMjAwMC9zdmciPjwvc3ZnPg==\" class=\"lazyload\" style=\"--smush-placeholder-width: 84px; --smush-placeholder-aspect-ratio: 84\/94;\" \/>\n\t\t\t\t\t\t<\/a>\n\t\t<p>Folleto de recursos de capacitaci\u00f3n automotriz<\/p>\n\t\t\t\t\n\t\t\t\t\t<a href=\"\/wp-content\/uploads\/2021\/10\/automotiveTrainingResourcesBrochureUk.pdf\" role=\"button\" target=\"_blank\" rel=\"noopener\">\n\t\t\t\t\t\tDownload\t\t\t\t\t<\/a>\n\t\t\t\t\n\t\t\t\t\t\t<a href=\"\/wp-content\/uploads\/2021\/10\/mediumHeavyVehicleBrochureUs.pdf\" target=\"_blank\" rel=\"noopener\">\n\t\t\t\t\t\t\t<img decoding=\"async\" data-src=\"https:\/\/ljcreate.com\/wp-content\/uploads\/2021\/09\/pdf_templateHeavyVehicle.png\" alt=\"pdf_templateHeavyVehicle\" src=\"data:image\/svg+xml;base64,PHN2ZyB3aWR0aD0iMSIgaGVpZ2h0PSIxIiB4bWxucz0iaHR0cDovL3d3dy53My5vcmcvMjAwMC9zdmciPjwvc3ZnPg==\" class=\"lazyload\" style=\"--smush-placeholder-width: 84px; --smush-placeholder-aspect-ratio: 84\/94;\" \/>\n\t\t\t\t\t\t<\/a>\n\t\t<p>Folleto de recursos para veh\u00edculos medianos \/ pesados<\/p>\n\t\t\t\t\n\t\t\t\t\t<a href=\"\/wp-content\/uploads\/2021\/10\/mediumHeavyVehicleBrochureUs.pdf\" role=\"button\" target=\"_blank\" rel=\"noopener\">\n\t\t\t\t\t\tDownload\t\t\t\t\t<\/a>\n\t\t\t\t\n\t\t\t\t\t\t<a href=\"\/wp-content\/uploads\/2021\/10\/mechatronicsAutomotiveProductBrochure.pdf\" target=\"_blank\" rel=\"noopener\">\n\t\t\t\t\t\t\t<img decoding=\"async\" data-src=\"https:\/\/ljcreate.com\/wp-content\/uploads\/2021\/09\/pdf_templateAutoMech.png\" alt=\"pdf_templateAutoMech\" src=\"data:image\/svg+xml;base64,PHN2ZyB3aWR0aD0iMSIgaGVpZ2h0PSIxIiB4bWxucz0iaHR0cDovL3d3dy53My5vcmcvMjAwMC9zdmciPjwvc3ZnPg==\" class=\"lazyload\" style=\"--smush-placeholder-width: 84px; --smush-placeholder-aspect-ratio: 84\/94;\" \/>\n\t\t\t\t\t\t<\/a>\n\t\t<p>Folleto de productos de mecatr\u00f3nica y automoci\u00f3n<\/p>\n\t\t\t\t\n\t\t\t\t\t<a href=\"\/wp-content\/uploads\/2021\/10\/mechatronicsAutomotiveProductBrochure.pdf\" role=\"button\" target=\"_blank\" rel=\"noopener\">\n\t\t\t\t\t\tDownload\t\t\t\t\t<\/a>\n\t\t\t\t\n\t\t\t\t\t\t<a href=\"\/wp-content\/uploads\/2021\/09\/hybridVehicleMailerUk.pdf\" target=\"_blank\" rel=\"noopener\">\n\t\t\t\t\t\t\t<img decoding=\"async\" data-src=\"https:\/\/ljcreate.com\/wp-content\/uploads\/2021\/09\/pdf_templateHybridVehicle.png\" alt=\"pdf_templateHybridVehicle\" src=\"data:image\/svg+xml;base64,PHN2ZyB3aWR0aD0iMSIgaGVpZ2h0PSIxIiB4bWxucz0iaHR0cDovL3d3dy53My5vcmcvMjAwMC9zdmciPjwvc3ZnPg==\" class=\"lazyload\" style=\"--smush-placeholder-width: 84px; --smush-placeholder-aspect-ratio: 84\/94;\" \/>\n\t\t\t\t\t\t<\/a>\n\t\t<p>Veh\u00edculo h\u00edbrido <br \/>Correo de sistemas<\/p>\n\t\t\t\t\n\t\t\t\t\t<a href=\"\/wp-content\/uploads\/2021\/09\/hybridVehicleMailerUk.pdf\" role=\"button\" target=\"_blank\" rel=\"noopener\">\n\t\t\t\t\t\tDownload\t\t\t\t\t<\/a>\n\t\t\t\t\n\t\t\t\t\t\t<a href=\"\/wp-content\/uploads\/2021\/10\/innovativeLearningSpacesBrochureUk.pdf\" target=\"_blank\" rel=\"noopener\">\n\t\t\t\t\t\t\t<img decoding=\"async\" data-src=\"https:\/\/ljcreate.com\/wp-content\/uploads\/2021\/09\/pdf_templateInnovativeSpace.png\" alt=\"pdf_templateInnovativeSpace\" src=\"data:image\/svg+xml;base64,PHN2ZyB3aWR0aD0iMSIgaGVpZ2h0PSIxIiB4bWxucz0iaHR0cDovL3d3dy53My5vcmcvMjAwMC9zdmciPjwvc3ZnPg==\" class=\"lazyload\" style=\"--smush-placeholder-width: 84px; --smush-placeholder-aspect-ratio: 84\/94;\" \/>\n\t\t\t\t\t\t<\/a>\n\t\t<p>Folleto de espacios de aprendizaje innovadores<\/p>\n\t\t\t\t\n\t\t\t\t\t<a href=\"\/wp-content\/uploads\/2021\/10\/innovativeLearningSpacesBrochureUk.pdf\" role=\"button\" target=\"_blank\" rel=\"noopener\">\n\t\t\t\t\t\tDownload\t\t\t\t\t<\/a>\n\t\t\t\t\n\n","protected":false},"excerpt":{"rendered":"<p>Home &gt; Tecnolog\u00eda automotriz &gt; Soluciones de laboratorio completas En LJ Create nos enorgullecemos de crear espacios de aprendizaje innovadores para una amplia gama de disciplinas de educaci\u00f3n t\u00e9cnica y STEM. Combinamos y personalizamos estos espacios para dise\u00f1ar una soluci\u00f3n que se adapte a las necesidades de cada cliente. Nuestros laboratorios educativos de tecnolog\u00eda y&hellip;<\/p>\n","protected":false},"author":1,"featured_media":0,"parent":26632,"menu_order":0,"comment_status":"closed","ping_status":"closed","template":"","meta":{"_acf_changed":false,"inline_featured_image":false,"footnotes":""},"class_list":["post-26633","page","type-page","status-publish","hentry"],"acf":[],"yoast_head":"<!-- This site is optimized with the Yoast SEO plugin v27.3 - https:\/\/yoast.com\/product\/yoast-seo-wordpress\/ -->\n<title>Laboratorios educativos de Tecnolog\u00eda y Reparaci\u00f3n Automotriz | LJ Create<\/title>\n<meta name=\"description\" content=\"Nuestros laboratorios educativos de Tecnolog\u00eda y Reparaci\u00f3n de Veh\u00edculos Automotrices, incluyendo los veh\u00edculos medianos y pesados, ofrecen capacitaci\u00f3n de t\u00e9cnicos y desarrollo de la fuerza laboral con base a est\u00e1ndares industriales.\" \/>\n<meta name=\"robots\" content=\"index, follow, max-snippet:-1, max-image-preview:large, max-video-preview:-1\" \/>\n<link rel=\"canonical\" href=\"https:\/\/ljcreate.com\/es\/tecnologia-automotriz\/soluciones-de-laboratorio-completas\/\" \/>\n<meta property=\"og:locale\" content=\"es_ES\" \/>\n<meta property=\"og:type\" content=\"article\" \/>\n<meta property=\"og:title\" content=\"Laboratorios educativos de Tecnolog\u00eda y Reparaci\u00f3n Automotriz | LJ Create\" \/>\n<meta property=\"og:description\" content=\"Nuestros laboratorios educativos de Tecnolog\u00eda y Reparaci\u00f3n de Veh\u00edculos Automotrices, incluyendo los veh\u00edculos medianos y pesados, ofrecen capacitaci\u00f3n de t\u00e9cnicos y desarrollo de la fuerza laboral con base a est\u00e1ndares industriales.\" \/>\n<meta property=\"og:url\" content=\"https:\/\/ljcreate.com\/es\/tecnologia-automotriz\/soluciones-de-laboratorio-completas\/\" \/>\n<meta property=\"og:site_name\" content=\"LJ Create\" \/>\n<meta property=\"article:modified_time\" content=\"2023-03-21T11:32:27+00:00\" \/>\n<meta property=\"og:image\" content=\"https:\/\/ljcreate.com\/wp-content\/uploads\/2021\/10\/automotiveLightVehicleLabUkUs-small.png\" \/>\n<meta name=\"twitter:card\" content=\"summary_large_image\" \/>\n<meta name=\"twitter:label1\" content=\"Tiempo de lectura\" \/>\n\t<meta name=\"twitter:data1\" content=\"2 minutos\" \/>\n<script type=\"application\/ld+json\" class=\"yoast-schema-graph\">{\"@context\":\"https:\\\/\\\/schema.org\",\"@graph\":[{\"@type\":\"WebPage\",\"@id\":\"https:\\\/\\\/ljcreate.com\\\/es\\\/tecnologia-automotriz\\\/soluciones-de-laboratorio-completas\\\/\",\"url\":\"https:\\\/\\\/ljcreate.com\\\/es\\\/tecnologia-automotriz\\\/soluciones-de-laboratorio-completas\\\/\",\"name\":\"Laboratorios educativos de Tecnolog\u00eda y Reparaci\u00f3n Automotriz | LJ Create\",\"isPartOf\":{\"@id\":\"https:\\\/\\\/ljcreate.com\\\/es\\\/#website\"},\"primaryImageOfPage\":{\"@id\":\"https:\\\/\\\/ljcreate.com\\\/es\\\/tecnologia-automotriz\\\/soluciones-de-laboratorio-completas\\\/#primaryimage\"},\"image\":{\"@id\":\"https:\\\/\\\/ljcreate.com\\\/es\\\/tecnologia-automotriz\\\/soluciones-de-laboratorio-completas\\\/#primaryimage\"},\"thumbnailUrl\":\"https:\\\/\\\/ljcreate.com\\\/wp-content\\\/uploads\\\/2021\\\/10\\\/automotiveLightVehicleLabUkUs-small.png\",\"datePublished\":\"2021-10-26T12:19:19+00:00\",\"dateModified\":\"2023-03-21T11:32:27+00:00\",\"description\":\"Nuestros laboratorios educativos de Tecnolog\u00eda y Reparaci\u00f3n de Veh\u00edculos Automotrices, incluyendo los veh\u00edculos medianos y pesados, ofrecen capacitaci\u00f3n de t\u00e9cnicos y desarrollo de la fuerza laboral con base a est\u00e1ndares industriales.\",\"breadcrumb\":{\"@id\":\"https:\\\/\\\/ljcreate.com\\\/es\\\/tecnologia-automotriz\\\/soluciones-de-laboratorio-completas\\\/#breadcrumb\"},\"inLanguage\":\"es\",\"potentialAction\":[{\"@type\":\"ReadAction\",\"target\":[\"https:\\\/\\\/ljcreate.com\\\/es\\\/tecnologia-automotriz\\\/soluciones-de-laboratorio-completas\\\/\"]}]},{\"@type\":\"ImageObject\",\"inLanguage\":\"es\",\"@id\":\"https:\\\/\\\/ljcreate.com\\\/es\\\/tecnologia-automotriz\\\/soluciones-de-laboratorio-completas\\\/#primaryimage\",\"url\":\"https:\\\/\\\/ljcreate.com\\\/wp-content\\\/uploads\\\/2021\\\/10\\\/automotiveLightVehicleLabUkUs-small.png\",\"contentUrl\":\"https:\\\/\\\/ljcreate.com\\\/wp-content\\\/uploads\\\/2021\\\/10\\\/automotiveLightVehicleLabUkUs-small.png\"},{\"@type\":\"BreadcrumbList\",\"@id\":\"https:\\\/\\\/ljcreate.com\\\/es\\\/tecnologia-automotriz\\\/soluciones-de-laboratorio-completas\\\/#breadcrumb\",\"itemListElement\":[{\"@type\":\"ListItem\",\"position\":1,\"name\":\"Home\",\"item\":\"https:\\\/\\\/ljcreate.com\\\/es\\\/\"},{\"@type\":\"ListItem\",\"position\":2,\"name\":\"Tecnolog\u00eda automotriz\",\"item\":\"https:\\\/\\\/ljcreate.com\\\/es\\\/automotive-technology\\\/\"},{\"@type\":\"ListItem\",\"position\":3,\"name\":\"Soluciones de laboratorio completas\"}]},{\"@type\":\"WebSite\",\"@id\":\"https:\\\/\\\/ljcreate.com\\\/es\\\/#website\",\"url\":\"https:\\\/\\\/ljcreate.com\\\/es\\\/\",\"name\":\"LJ Create\",\"description\":\"Innovate, Inspire, and Engage\",\"publisher\":{\"@id\":\"https:\\\/\\\/ljcreate.com\\\/es\\\/#organization\"},\"alternateName\":\"Creative Learning (Norwich) Limited\",\"potentialAction\":[{\"@type\":\"SearchAction\",\"target\":{\"@type\":\"EntryPoint\",\"urlTemplate\":\"https:\\\/\\\/ljcreate.com\\\/es\\\/?s={search_term_string}\"},\"query-input\":{\"@type\":\"PropertyValueSpecification\",\"valueRequired\":true,\"valueName\":\"search_term_string\"}}],\"inLanguage\":\"es\"},{\"@type\":\"Organization\",\"@id\":\"https:\\\/\\\/ljcreate.com\\\/es\\\/#organization\",\"name\":\"LJ Create\",\"url\":\"https:\\\/\\\/ljcreate.com\\\/es\\\/\",\"logo\":{\"@type\":\"ImageObject\",\"inLanguage\":\"es\",\"@id\":\"https:\\\/\\\/ljcreate.com\\\/es\\\/#\\\/schema\\\/logo\\\/image\\\/\",\"url\":\"https:\\\/\\\/ljcreate.com\\\/wp-content\\\/uploads\\\/2021\\\/07\\\/logo.svg\",\"contentUrl\":\"https:\\\/\\\/ljcreate.com\\\/wp-content\\\/uploads\\\/2021\\\/07\\\/logo.svg\",\"width\":\"1024\",\"height\":\"1024\",\"caption\":\"LJ Create\"},\"image\":{\"@id\":\"https:\\\/\\\/ljcreate.com\\\/es\\\/#\\\/schema\\\/logo\\\/image\\\/\"}}]}<\/script>\n<!-- \/ Yoast SEO plugin. -->","yoast_head_json":{"title":"Laboratorios educativos de Tecnolog\u00eda y Reparaci\u00f3n Automotriz | LJ Create","description":"Nuestros laboratorios educativos de Tecnolog\u00eda y Reparaci\u00f3n de Veh\u00edculos Automotrices, incluyendo los veh\u00edculos medianos y pesados, ofrecen capacitaci\u00f3n de t\u00e9cnicos y desarrollo de la fuerza laboral con base a est\u00e1ndares industriales.","robots":{"index":"index","follow":"follow","max-snippet":"max-snippet:-1","max-image-preview":"max-image-preview:large","max-video-preview":"max-video-preview:-1"},"canonical":"https:\/\/ljcreate.com\/es\/tecnologia-automotriz\/soluciones-de-laboratorio-completas\/","og_locale":"es_ES","og_type":"article","og_title":"Laboratorios educativos de Tecnolog\u00eda y Reparaci\u00f3n Automotriz | LJ Create","og_description":"Nuestros laboratorios educativos de Tecnolog\u00eda y Reparaci\u00f3n de Veh\u00edculos Automotrices, incluyendo los veh\u00edculos medianos y pesados, ofrecen capacitaci\u00f3n de t\u00e9cnicos y desarrollo de la fuerza laboral con base a est\u00e1ndares industriales.","og_url":"https:\/\/ljcreate.com\/es\/tecnologia-automotriz\/soluciones-de-laboratorio-completas\/","og_site_name":"LJ Create","article_modified_time":"2023-03-21T11:32:27+00:00","og_image":[{"url":"https:\/\/ljcreate.com\/wp-content\/uploads\/2021\/10\/automotiveLightVehicleLabUkUs-small.png","type":"","width":"","height":""}],"twitter_card":"summary_large_image","twitter_misc":{"Tiempo de lectura":"2 minutos"},"schema":{"@context":"https:\/\/schema.org","@graph":[{"@type":"WebPage","@id":"https:\/\/ljcreate.com\/es\/tecnologia-automotriz\/soluciones-de-laboratorio-completas\/","url":"https:\/\/ljcreate.com\/es\/tecnologia-automotriz\/soluciones-de-laboratorio-completas\/","name":"Laboratorios educativos de Tecnolog\u00eda y Reparaci\u00f3n Automotriz | LJ Create","isPartOf":{"@id":"https:\/\/ljcreate.com\/es\/#website"},"primaryImageOfPage":{"@id":"https:\/\/ljcreate.com\/es\/tecnologia-automotriz\/soluciones-de-laboratorio-completas\/#primaryimage"},"image":{"@id":"https:\/\/ljcreate.com\/es\/tecnologia-automotriz\/soluciones-de-laboratorio-completas\/#primaryimage"},"thumbnailUrl":"https:\/\/ljcreate.com\/wp-content\/uploads\/2021\/10\/automotiveLightVehicleLabUkUs-small.png","datePublished":"2021-10-26T12:19:19+00:00","dateModified":"2023-03-21T11:32:27+00:00","description":"Nuestros laboratorios educativos de Tecnolog\u00eda y Reparaci\u00f3n de Veh\u00edculos Automotrices, incluyendo los veh\u00edculos medianos y pesados, ofrecen capacitaci\u00f3n de t\u00e9cnicos y desarrollo de la fuerza laboral con base a est\u00e1ndares industriales.","breadcrumb":{"@id":"https:\/\/ljcreate.com\/es\/tecnologia-automotriz\/soluciones-de-laboratorio-completas\/#breadcrumb"},"inLanguage":"es","potentialAction":[{"@type":"ReadAction","target":["https:\/\/ljcreate.com\/es\/tecnologia-automotriz\/soluciones-de-laboratorio-completas\/"]}]},{"@type":"ImageObject","inLanguage":"es","@id":"https:\/\/ljcreate.com\/es\/tecnologia-automotriz\/soluciones-de-laboratorio-completas\/#primaryimage","url":"https:\/\/ljcreate.com\/wp-content\/uploads\/2021\/10\/automotiveLightVehicleLabUkUs-small.png","contentUrl":"https:\/\/ljcreate.com\/wp-content\/uploads\/2021\/10\/automotiveLightVehicleLabUkUs-small.png"},{"@type":"BreadcrumbList","@id":"https:\/\/ljcreate.com\/es\/tecnologia-automotriz\/soluciones-de-laboratorio-completas\/#breadcrumb","itemListElement":[{"@type":"ListItem","position":1,"name":"Home","item":"https:\/\/ljcreate.com\/es\/"},{"@type":"ListItem","position":2,"name":"Tecnolog\u00eda automotriz","item":"https:\/\/ljcreate.com\/es\/automotive-technology\/"},{"@type":"ListItem","position":3,"name":"Soluciones de laboratorio completas"}]},{"@type":"WebSite","@id":"https:\/\/ljcreate.com\/es\/#website","url":"https:\/\/ljcreate.com\/es\/","name":"LJ Create","description":"Innovate, Inspire, and Engage","publisher":{"@id":"https:\/\/ljcreate.com\/es\/#organization"},"alternateName":"Creative Learning (Norwich) Limited","potentialAction":[{"@type":"SearchAction","target":{"@type":"EntryPoint","urlTemplate":"https:\/\/ljcreate.com\/es\/?s={search_term_string}"},"query-input":{"@type":"PropertyValueSpecification","valueRequired":true,"valueName":"search_term_string"}}],"inLanguage":"es"},{"@type":"Organization","@id":"https:\/\/ljcreate.com\/es\/#organization","name":"LJ Create","url":"https:\/\/ljcreate.com\/es\/","logo":{"@type":"ImageObject","inLanguage":"es","@id":"https:\/\/ljcreate.com\/es\/#\/schema\/logo\/image\/","url":"https:\/\/ljcreate.com\/wp-content\/uploads\/2021\/07\/logo.svg","contentUrl":"https:\/\/ljcreate.com\/wp-content\/uploads\/2021\/07\/logo.svg","width":"1024","height":"1024","caption":"LJ Create"},"image":{"@id":"https:\/\/ljcreate.com\/es\/#\/schema\/logo\/image\/"}}]}},"_links":{"self":[{"href":"https:\/\/ljcreate.com\/es\/wp-json\/wp\/v2\/pages\/26633","targetHints":{"allow":["GET"]}}],"collection":[{"href":"https:\/\/ljcreate.com\/es\/wp-json\/wp\/v2\/pages"}],"about":[{"href":"https:\/\/ljcreate.com\/es\/wp-json\/wp\/v2\/types\/page"}],"author":[{"embeddable":true,"href":"https:\/\/ljcreate.com\/es\/wp-json\/wp\/v2\/users\/1"}],"replies":[{"embeddable":true,"href":"https:\/\/ljcreate.com\/es\/wp-json\/wp\/v2\/comments?post=26633"}],"version-history":[{"count":3,"href":"https:\/\/ljcreate.com\/es\/wp-json\/wp\/v2\/pages\/26633\/revisions"}],"predecessor-version":[{"id":41271,"href":"https:\/\/ljcreate.com\/es\/wp-json\/wp\/v2\/pages\/26633\/revisions\/41271"}],"up":[{"embeddable":true,"href":"https:\/\/ljcreate.com\/es\/wp-json\/wp\/v2\/pages\/26632"}],"wp:attachment":[{"href":"https:\/\/ljcreate.com\/es\/wp-json\/wp\/v2\/media?parent=26633"}],"curies":[{"name":"wp","href":"https:\/\/api.w.org\/{rel}","templated":true}]}}