{"id":26632,"date":"2021-10-26T07:15:40","date_gmt":"2021-10-26T12:15:40","guid":{"rendered":"https:\/\/alpha.ljcreate.com\/tecnologia-automotriz\/"},"modified":"2023-07-20T14:43:31","modified_gmt":"2023-07-20T13:43:31","slug":"tecnologia-automotriz","status":"publish","type":"page","link":"https:\/\/ljcreate.com\/es\/tecnologia-automotriz\/","title":{"rendered":"Tecnolog\u00eda automotriz"},"content":{"rendered":"\n\n\t<a href=\"https:\/\/ljcreate.com\/es\/\">Home<\/a> &gt; Tecnolog\u00eda automotriz\n\t<p>Nuestros recursos pr\u00e1cticos alineados con IMI llevar\u00e1n a sus estudiantes de &#8216;principiantes a listos para el taller&#8217;.<\/p>\n\t<p>Nuestro programa de Tecnolog\u00eda Automotriz es un sistema completo de hardware y software para ense\u00f1ar habilidades de reparaci\u00f3n automotriz seg\u00fan los est\u00e1ndares IMI y City and Guilds, que permitir\u00e1 a sus estudiantes convertirse en nuevos t\u00e9cnicos automotrices de alta tecnolog\u00eda.<\/p>\n\t\t\t\t<img decoding=\"async\" data-src=\"https:\/\/ljcreate.com\/wp-content\/uploads\/2021\/08\/automotiveProgram.png\" alt=\"programa automotriz\" itemprop=\"image\" height=\"383\" width=\"555\" title=\"programa automotriz\" onerror=\"this.style.display='none'\" src=\"data:image\/svg+xml;base64,PHN2ZyB3aWR0aD0iMSIgaGVpZ2h0PSIxIiB4bWxucz0iaHR0cDovL3d3dy53My5vcmcvMjAwMC9zdmciPjwvc3ZnPg==\" class=\"lazyload\" style=\"--smush-placeholder-width: 555px; --smush-placeholder-aspect-ratio: 555\/383;\" \/>\n\t<p>Una combinaci\u00f3n \u00fanica de recursos de aprendizaje digital en l\u00ednea y equipo pr\u00e1ctico se combina para crear un programa de ense\u00f1anza automotriz que brindar\u00e1 el conocimiento y las habilidades pr\u00e1cticas que los estudiantes necesitan para lograr el \u00e9xito.<\/p>\n<p>Nuestro objetivo es ayudarlo a desarrollar t\u00e9cnicos capacitados con un conocimiento s\u00f3lido de la tecnolog\u00eda automotriz y las t\u00e9cnicas de detecci\u00f3n de fallas.<\/p>\n\t\t<h6>\n\t\t\tPRODUCTOS DE ENTRENAMIENTO DESTACADOS\n\t\t<\/h6>\n\t<meta itemscope itemprop=\"mainEntityOfPage\" itemtype=\"https:\/\/schema.org\/WebPage\" itemid=\"https:\/\/ljcreate.com\/es\/automotive-technology\/hybrid-vehicle-systems-panel-trainer\/\" content=\"Entrenador de paneles de sistemas de veh\u00edculos h\u00edbridos\" \/><meta itemprop=\"datePublished\" content=\"2021-08-24\" \/><meta itemprop=\"dateModified\" content=\"2023-06-30\" \/><meta itemprop=\"name\" content=\"LJ Create\"\/><meta itemprop=\"url\" content=\"https:\/\/ljcreate.com\/es\/author\/thriveadmin\/\" \/><meta itemprop=\"name\" content=\"ThriveAdmin\" \/><meta itemprop=\"url\" content=\"https:\/\/ljcreate.com\/wp-content\/uploads\/2021\/08\/hybridVehiclePanelTrainer.webp\" \/><meta itemprop=\"width\" content=\"1080\" \/><meta itemprop=\"height\" content=\"529\" \/><meta itemprop=\"interactionType\" content=\"https:\/\/schema.org\/CommentAction\" \/><meta itemprop=\"userInteractionCount\" content=\"0\" \/>\n\t\t\t\t\t<a href=\"https:\/\/ljcreate.com\/es\/automotive-technology\/hybrid-vehicle-systems-panel-trainer\/\" title=\"Entrenador de paneles de sistemas de veh\u00edculos h\u00edbridos\"><\/a>\n\t\t\t\t<img decoding=\"async\" src=\"https:\/\/ljcreate.com\/wp-content\/uploads\/2021\/08\/hybridVehiclePanelTrainer-351x194.webp\" alt=\"Hybrid Vehicle Panel Trainer\" itemprop=\"image\" data-no-lazy=\"1\" height=\"194\" width=\"351\" title=\"hybridVehiclePanelTrainer\" onerror=\"this.style.display='none'\"  \/>\n\t\t\t\t\t\t\t\t\t<h6 itemprop=\"headline\">\n\t\t\t\t\t\t\t\t\t\t\t\t\t\tEntrenador de paneles de sistemas de veh\u00edculos h\u00edbridos\t\t\t\t\t\t\t\t\t\t\t<\/h6>\n    756-01 \n\t<meta itemscope itemprop=\"mainEntityOfPage\" itemtype=\"https:\/\/schema.org\/WebPage\" itemid=\"https:\/\/ljcreate.com\/es\/automotive-technology\/modern-automotive-lighting-circuits-trainer\/\" content=\"Entrenador de circuitos de iluminaci\u00f3n automotriz moderno\" \/><meta itemprop=\"datePublished\" content=\"2021-08-23\" \/><meta itemprop=\"dateModified\" content=\"2023-06-30\" \/><meta itemprop=\"name\" content=\"LJ Create\"\/><meta itemprop=\"url\" content=\"https:\/\/ljcreate.com\/es\/author\/thriveadmin\/\" \/><meta itemprop=\"name\" content=\"ThriveAdmin\" \/><meta itemprop=\"url\" content=\"https:\/\/ljcreate.com\/wp-content\/uploads\/2021\/08\/modernAutomotiveLightingCircuitsTrainer.webp\" \/><meta itemprop=\"width\" content=\"1080\" \/><meta itemprop=\"height\" content=\"529\" \/><meta itemprop=\"interactionType\" content=\"https:\/\/schema.org\/CommentAction\" \/><meta itemprop=\"userInteractionCount\" content=\"0\" \/>\n\t\t\t\t\t<a href=\"https:\/\/ljcreate.com\/es\/automotive-technology\/modern-automotive-lighting-circuits-trainer\/\" title=\"Entrenador de circuitos de iluminaci\u00f3n automotriz moderno\"><\/a>\n\t\t\t\t<img decoding=\"async\" src=\"https:\/\/ljcreate.com\/wp-content\/uploads\/2021\/08\/modernAutomotiveLightingCircuitsTrainer-351x194.webp\" alt=\"Modern Automotive Lighting Circuits Trainer\" itemprop=\"image\" data-no-lazy=\"1\" height=\"194\" width=\"351\" title=\"modernAutomotiveLightingCircuitsTrainer\" onerror=\"this.style.display='none'\"  \/>\n\t\t\t\t\t\t\t\t\t<h6 itemprop=\"headline\">\n\t\t\t\t\t\t\t\t\t\t\t\t\t\tEntrenador de circuitos de iluminaci\u00f3n automotriz moderno\t\t\t\t\t\t\t\t\t\t\t<\/h6>\n    701-02 \n\t<meta itemscope itemprop=\"mainEntityOfPage\" itemtype=\"https:\/\/schema.org\/WebPage\" itemid=\"https:\/\/ljcreate.com\/es\/automotive-technology\/sectioned-4-cylinder-gasoline-engine-trainer\/\" content=\"Entrenador de motor de gasolina de 4 cilindros seccionado\" \/><meta itemprop=\"datePublished\" content=\"2021-08-24\" \/><meta itemprop=\"dateModified\" content=\"2023-07-07\" \/><meta itemprop=\"name\" content=\"LJ Create\"\/><meta itemprop=\"url\" content=\"https:\/\/ljcreate.com\/es\/author\/thriveadmin\/\" \/><meta itemprop=\"name\" content=\"ThriveAdmin\" \/><meta itemprop=\"url\" content=\"https:\/\/ljcreate.com\/wp-content\/uploads\/2021\/08\/772-01_Main.jpg\" \/><meta itemprop=\"width\" content=\"1800\" \/><meta itemprop=\"height\" content=\"881\" \/><meta itemprop=\"interactionType\" content=\"https:\/\/schema.org\/CommentAction\" \/><meta itemprop=\"userInteractionCount\" content=\"0\" \/>\n\t\t\t\t\t<a href=\"https:\/\/ljcreate.com\/es\/automotive-technology\/sectioned-4-cylinder-gasoline-engine-trainer\/\" title=\"Entrenador de motor de gasolina de 4 cilindros seccionado\"><\/a>\n\t\t\t\t<img decoding=\"async\" src=\"https:\/\/ljcreate.com\/wp-content\/uploads\/2021\/08\/772-01_Main-351x194.jpg\" alt=\"772-01\" itemprop=\"image\" data-no-lazy=\"1\" height=\"194\" width=\"351\" title=\"772-01_Principal\" onerror=\"this.style.display='none'\"  \/>\n\t\t\t\t\t\t\t\t\t<h6 itemprop=\"headline\">\n\t\t\t\t\t\t\t\t\t\t\t\t\t\tEntrenador de motor de gasolina de 4 cilindros seccionado\t\t\t\t\t\t\t\t\t\t\t<\/h6>\n    772-01 \n\t\t<!-- .pp-content-posts -->\n\t\t\t<a href=\"\/es\/tecnologia-automotriz\/recursos-de-formacion\/\" target=\"_self\" role=\"button\" rel=\"noopener\">\n\t\t\t\t\t\t\tVer todos los productos de automoci\u00f3n\n\t\t\t\t\t<\/a>\n<h2>\n\t\tSoluciones de laboratorio completas: automoci\u00f3n (veh\u00edculo ligero)\n\t<\/h2>\n\tEn LJ Create nos enorgullecemos de crear espacios de aprendizaje innovadores para una amplia gama de disciplinas de educaci\u00f3n t\u00e9cnica y STEM.<br \/>\nCombinamos y personalizamos estos espacios para dise\u00f1ar una soluci\u00f3n que se adapte a las necesidades de cada cliente.\n\t\t\t\t<img decoding=\"async\" data-src=\"https:\/\/ljcreate.com\/wp-content\/uploads\/2021\/09\/labPageAutomotiveLightVehicleLabUkUs.png\" alt=\"laboratorioP\u00e1ginaAutomotrizLuzVeh\u00edculoLabReino UnidoEstados Unidos\" itemprop=\"image\" height=\"663\" width=\"950\" title=\"laboratorioP\u00e1ginaAutomotrizLuzVeh\u00edculoLabReino UnidoEstados Unidos\" onerror=\"this.style.display='none'\" src=\"data:image\/svg+xml;base64,PHN2ZyB3aWR0aD0iMSIgaGVpZ2h0PSIxIiB4bWxucz0iaHR0cDovL3d3dy53My5vcmcvMjAwMC9zdmciPjwvc3ZnPg==\" class=\"lazyload\" style=\"--smush-placeholder-width: 950px; --smush-placeholder-aspect-ratio: 950\/663;\" \/>\n\t\t\t<a href=\"\/es\/tecnologia-automotriz\/soluciones-de-laboratorio-completas\/\" target=\"_self\" role=\"button\" rel=\"noopener\">\n\t\t\t\t\t\t\tVer todas las soluciones de laboratorio completas\n\t\t\t\t\t<\/a>\n<h2>\n\t\tRecursos &#8211; Videos\n\t<\/h2>\n\t<iframe data-src=\"https:\/\/player.vimeo.com\/video\/159084165?h=e2ff6cd64f&amp;color=f15c23&amp;title=0&amp;byline=0&amp;portrait=0\" frameborder=\"0\" allow=\"autoplay; fullscreen; picture-in-picture\" allowfullscreen=\"\" src=\"data:image\/svg+xml;base64,PHN2ZyB3aWR0aD0iMSIgaGVpZ2h0PSIxIiB4bWxucz0iaHR0cDovL3d3dy53My5vcmcvMjAwMC9zdmciPjwvc3ZnPg==\" class=\"lazyload\" data-load-mode=\"1\"><\/iframe>\n<h4>\n\t\tEn foco: veh\u00edculo h\u00edbrido <br \/>Entrenador de paneles de sistemas\n\t<\/h4>\n\t<iframe data-src=\"https:\/\/player.vimeo.com\/video\/181612739?h=e2ff6cd64f&amp;color=f15c23&amp;title=0&amp;byline=0&amp;portrait=0\" frameborder=\"0\" allow=\"autoplay; fullscreen; picture-in-picture\" allowfullscreen=\"\" src=\"data:image\/svg+xml;base64,PHN2ZyB3aWR0aD0iMSIgaGVpZ2h0PSIxIiB4bWxucz0iaHR0cDovL3d3dy53My5vcmcvMjAwMC9zdmciPjwvc3ZnPg==\" class=\"lazyload\" data-load-mode=\"1\"><\/iframe>\n<h4>\n\t\tNuestros entrenadores de escritorio &#8211; <br \/>\u00bfQu\u00e9 tan robustos son?\n\t<\/h4>\n<h2>\n\t\tNota aclaratoria:\n\t<\/h2>\n\t<p>No todos nuestros productos est\u00e1n disponibles con manuales\/curr\u00edculo\/contenido digital en Espa\u00f1ol. Favor de contactarnos para obtener m\u00e1s informaci\u00f3n al respecto.<\/p>\n<h2>\n\t\tRecursos: folletos\n\t<\/h2>\n\t\t\t\t\t\t<a href=\"\/wp-content\/uploads\/2022\/11\/electricVehicleBrochureUK.pdf\" target=\"_blank\" rel=\"noopener\">\n\t\t\t\t\t\t\t<img decoding=\"async\" data-src=\"https:\/\/ljcreate.com\/wp-content\/uploads\/2021\/09\/evBrochureThumbnail.png\" alt=\"EV Repair Skills Brochure\" src=\"data:image\/svg+xml;base64,PHN2ZyB3aWR0aD0iMSIgaGVpZ2h0PSIxIiB4bWxucz0iaHR0cDovL3d3dy53My5vcmcvMjAwMC9zdmciPjwvc3ZnPg==\" class=\"lazyload\" style=\"--smush-placeholder-width: 84px; --smush-placeholder-aspect-ratio: 84\/94;\" \/>\n\t\t\t\t\t\t<\/a>\n\t\t<p>Folleto de habilidades de reparaci\u00f3n de auto EV<\/p>\n\t\t\t\t\n\t\t\t\t\t<a href=\"\/wp-content\/uploads\/2022\/11\/electricVehicleBrochureUK.pdf\" role=\"button\" target=\"_blank\" rel=\"noopener\">\n\t\t\t\t\t\tDownload\t\t\t\t\t<\/a>\n\t\t\t\t\n\t\t\t\t\t\t<a href=\"\/wp-content\/uploads\/2021\/10\/automotiveTrainingResourcesBrochureUk.pdf\" target=\"_blank\" rel=\"noopener\">\n\t\t\t\t\t\t\t<img decoding=\"async\" data-src=\"https:\/\/ljcreate.com\/wp-content\/uploads\/2021\/09\/pdf_templateAutolab-1.png\" alt=\"pdf_templateAutolab\" src=\"data:image\/svg+xml;base64,PHN2ZyB3aWR0aD0iMSIgaGVpZ2h0PSIxIiB4bWxucz0iaHR0cDovL3d3dy53My5vcmcvMjAwMC9zdmciPjwvc3ZnPg==\" class=\"lazyload\" style=\"--smush-placeholder-width: 84px; --smush-placeholder-aspect-ratio: 84\/94;\" \/>\n\t\t\t\t\t\t<\/a>\n\t\t<p>Folleto de recursos de capacitaci\u00f3n automotriz<\/p>\n\t\t\t\t\n\t\t\t\t\t<a href=\"\/wp-content\/uploads\/2021\/10\/automotiveTrainingResourcesBrochureUk.pdf\" role=\"button\" target=\"_blank\" rel=\"noopener\">\n\t\t\t\t\t\tDownload\t\t\t\t\t<\/a>\n\t\t\t\t\n\t\t\t\t\t\t<a href=\"\/wp-content\/uploads\/2021\/10\/mediumHeavyVehicleBrochureUs.pdf\" target=\"_blank\" rel=\"noopener\">\n\t\t\t\t\t\t\t<img decoding=\"async\" data-src=\"https:\/\/ljcreate.com\/wp-content\/uploads\/2021\/09\/pdf_templateHeavyVehicle.png\" alt=\"pdf_templateHeavyVehicle\" src=\"data:image\/svg+xml;base64,PHN2ZyB3aWR0aD0iMSIgaGVpZ2h0PSIxIiB4bWxucz0iaHR0cDovL3d3dy53My5vcmcvMjAwMC9zdmciPjwvc3ZnPg==\" class=\"lazyload\" style=\"--smush-placeholder-width: 84px; --smush-placeholder-aspect-ratio: 84\/94;\" \/>\n\t\t\t\t\t\t<\/a>\n\t\t<p>Folleto de recursos para veh\u00edculos medianos \/ pesados<\/p>\n\t\t\t\t\n\t\t\t\t\t<a href=\"\/wp-content\/uploads\/2021\/10\/mediumHeavyVehicleBrochureUs.pdf\" role=\"button\" target=\"_blank\" rel=\"noopener\">\n\t\t\t\t\t\tDownload\t\t\t\t\t<\/a>\n\t\t\t\t\n\t\t\t\t\t\t<a href=\"\/wp-content\/uploads\/2021\/10\/mechatronicsAutomotiveProductBrochure.pdf\" target=\"_blank\" rel=\"noopener\">\n\t\t\t\t\t\t\t<img decoding=\"async\" data-src=\"https:\/\/ljcreate.com\/wp-content\/uploads\/2021\/09\/pdf_templateAutoMech.png\" alt=\"pdf_templateAutoMech\" src=\"data:image\/svg+xml;base64,PHN2ZyB3aWR0aD0iMSIgaGVpZ2h0PSIxIiB4bWxucz0iaHR0cDovL3d3dy53My5vcmcvMjAwMC9zdmciPjwvc3ZnPg==\" class=\"lazyload\" style=\"--smush-placeholder-width: 84px; --smush-placeholder-aspect-ratio: 84\/94;\" \/>\n\t\t\t\t\t\t<\/a>\n\t\t<p>Folleto de productos de mecatr\u00f3nica y automoci\u00f3n<\/p>\n\t\t\t\t\n\t\t\t\t\t<a href=\"\/wp-content\/uploads\/2021\/10\/mechatronicsAutomotiveProductBrochure.pdf\" role=\"button\" target=\"_blank\" rel=\"noopener\">\n\t\t\t\t\t\tDownload\t\t\t\t\t<\/a>\n\t\t\t\t\n\t\t\t\t\t\t<a href=\"\/wp-content\/uploads\/2021\/09\/hybridVehicleMailerUk.pdf\" target=\"_blank\" rel=\"noopener\">\n\t\t\t\t\t\t\t<img decoding=\"async\" data-src=\"https:\/\/ljcreate.com\/wp-content\/uploads\/2021\/09\/pdf_templateHybridVehicle.png\" alt=\"pdf_templateHybridVehicle\" src=\"data:image\/svg+xml;base64,PHN2ZyB3aWR0aD0iMSIgaGVpZ2h0PSIxIiB4bWxucz0iaHR0cDovL3d3dy53My5vcmcvMjAwMC9zdmciPjwvc3ZnPg==\" class=\"lazyload\" style=\"--smush-placeholder-width: 84px; --smush-placeholder-aspect-ratio: 84\/94;\" \/>\n\t\t\t\t\t\t<\/a>\n\t\t<p>Veh\u00edculo h\u00edbrido <br \/>Correo de sistemas<\/p>\n\t\t\t\t\n\t\t\t\t\t<a href=\"\/wp-content\/uploads\/2021\/09\/hybridVehicleMailerUk.pdf\" role=\"button\" target=\"_blank\" rel=\"noopener\">\n\t\t\t\t\t\tDownload\t\t\t\t\t<\/a>\n\t\t\t\t\n\t\t\t\t\t\t<a href=\"\/wp-content\/uploads\/2021\/10\/innovativeLearningSpacesBrochureUk.pdf\" target=\"_blank\" rel=\"noopener\">\n\t\t\t\t\t\t\t<img decoding=\"async\" data-src=\"https:\/\/ljcreate.com\/wp-content\/uploads\/2021\/09\/pdf_templateInnovativeSpace.png\" alt=\"pdf_templateInnovativeSpace\" src=\"data:image\/svg+xml;base64,PHN2ZyB3aWR0aD0iMSIgaGVpZ2h0PSIxIiB4bWxucz0iaHR0cDovL3d3dy53My5vcmcvMjAwMC9zdmciPjwvc3ZnPg==\" class=\"lazyload\" style=\"--smush-placeholder-width: 84px; --smush-placeholder-aspect-ratio: 84\/94;\" \/>\n\t\t\t\t\t\t<\/a>\n\t\t<p>Folleto de espacios de aprendizaje innovadores<\/p>\n\t\t\t\t\n\t\t\t\t\t<a href=\"\/wp-content\/uploads\/2021\/10\/innovativeLearningSpacesBrochureUk.pdf\" role=\"button\" target=\"_blank\" rel=\"noopener\">\n\t\t\t\t\t\tDownload\t\t\t\t\t<\/a>\n\t\t\t\t\n\n","protected":false},"excerpt":{"rendered":"<p>Home &gt; Tecnolog\u00eda automotriz Nuestros recursos pr\u00e1cticos alineados con IMI llevar\u00e1n a sus estudiantes de &#8216;principiantes a listos para el taller&#8217;. Nuestro programa de Tecnolog\u00eda Automotriz es un sistema completo de hardware y software para ense\u00f1ar habilidades de reparaci\u00f3n automotriz seg\u00fan los est\u00e1ndares IMI y City and Guilds, que permitir\u00e1 a sus estudiantes convertirse en&hellip;<\/p>\n","protected":false},"author":1,"featured_media":0,"parent":0,"menu_order":4,"comment_status":"closed","ping_status":"closed","template":"","meta":{"_acf_changed":false,"inline_featured_image":false,"footnotes":""},"class_list":["post-26632","page","type-page","status-publish","hentry"],"acf":[],"yoast_head":"<!-- This site is optimized with the Yoast SEO plugin v27.3 - https:\/\/yoast.com\/product\/yoast-seo-wordpress\/ -->\n<title>Programa de capacitaci\u00f3n en Tecnolog\u00eda Automotriz | LJ Create<\/title>\n<meta name=\"description\" content=\"Nuestro programa pr\u00e1ctico alineado con el IMI lo ayuda a desarrollar t\u00e9cnicos capacitados con una s\u00f3lida comprensi\u00f3n de la Tecnolog\u00eda Aautomotriz y las t\u00e9cnicas de detecci\u00f3n de fallas.\" \/>\n<meta name=\"robots\" content=\"index, follow, max-snippet:-1, max-image-preview:large, max-video-preview:-1\" \/>\n<link rel=\"canonical\" href=\"https:\/\/ljcreate.com\/es\/tecnologia-automotriz\/\" \/>\n<meta property=\"og:locale\" content=\"es_ES\" \/>\n<meta property=\"og:type\" content=\"article\" \/>\n<meta property=\"og:title\" content=\"Programa de capacitaci\u00f3n en Tecnolog\u00eda Automotriz | LJ Create\" \/>\n<meta property=\"og:description\" content=\"Nuestro programa pr\u00e1ctico alineado con el IMI lo ayuda a desarrollar t\u00e9cnicos capacitados con una s\u00f3lida comprensi\u00f3n de la Tecnolog\u00eda Aautomotriz y las t\u00e9cnicas de detecci\u00f3n de fallas.\" \/>\n<meta property=\"og:url\" content=\"https:\/\/ljcreate.com\/es\/tecnologia-automotriz\/\" \/>\n<meta property=\"og:site_name\" content=\"LJ Create\" \/>\n<meta property=\"article:modified_time\" content=\"2023-07-20T13:43:31+00:00\" \/>\n<meta property=\"og:image\" content=\"https:\/\/ljcreate.com\/wp-content\/uploads\/2021\/08\/automotiveProgram.png\" \/>\n<meta name=\"twitter:card\" content=\"summary_large_image\" \/>\n<meta name=\"twitter:label1\" content=\"Tiempo de lectura\" \/>\n\t<meta name=\"twitter:data1\" content=\"2 minutos\" \/>\n<script type=\"application\/ld+json\" class=\"yoast-schema-graph\">{\"@context\":\"https:\\\/\\\/schema.org\",\"@graph\":[{\"@type\":\"WebPage\",\"@id\":\"https:\\\/\\\/ljcreate.com\\\/es\\\/tecnologia-automotriz\\\/\",\"url\":\"https:\\\/\\\/ljcreate.com\\\/es\\\/tecnologia-automotriz\\\/\",\"name\":\"Programa de capacitaci\u00f3n en Tecnolog\u00eda Automotriz | LJ Create\",\"isPartOf\":{\"@id\":\"https:\\\/\\\/ljcreate.com\\\/es\\\/#website\"},\"primaryImageOfPage\":{\"@id\":\"https:\\\/\\\/ljcreate.com\\\/es\\\/tecnologia-automotriz\\\/#primaryimage\"},\"image\":{\"@id\":\"https:\\\/\\\/ljcreate.com\\\/es\\\/tecnologia-automotriz\\\/#primaryimage\"},\"thumbnailUrl\":\"https:\\\/\\\/ljcreate.com\\\/wp-content\\\/uploads\\\/2021\\\/08\\\/automotiveProgram.png\",\"datePublished\":\"2021-10-26T12:15:40+00:00\",\"dateModified\":\"2023-07-20T13:43:31+00:00\",\"description\":\"Nuestro programa pr\u00e1ctico alineado con el IMI lo ayuda a desarrollar t\u00e9cnicos capacitados con una s\u00f3lida comprensi\u00f3n de la Tecnolog\u00eda Aautomotriz y las t\u00e9cnicas de detecci\u00f3n de fallas.\",\"breadcrumb\":{\"@id\":\"https:\\\/\\\/ljcreate.com\\\/es\\\/tecnologia-automotriz\\\/#breadcrumb\"},\"inLanguage\":\"es\",\"potentialAction\":[{\"@type\":\"ReadAction\",\"target\":[\"https:\\\/\\\/ljcreate.com\\\/es\\\/tecnologia-automotriz\\\/\"]}]},{\"@type\":\"ImageObject\",\"inLanguage\":\"es\",\"@id\":\"https:\\\/\\\/ljcreate.com\\\/es\\\/tecnologia-automotriz\\\/#primaryimage\",\"url\":\"https:\\\/\\\/ljcreate.com\\\/wp-content\\\/uploads\\\/2021\\\/08\\\/automotiveProgram.png\",\"contentUrl\":\"https:\\\/\\\/ljcreate.com\\\/wp-content\\\/uploads\\\/2021\\\/08\\\/automotiveProgram.png\"},{\"@type\":\"BreadcrumbList\",\"@id\":\"https:\\\/\\\/ljcreate.com\\\/es\\\/tecnologia-automotriz\\\/#breadcrumb\",\"itemListElement\":[{\"@type\":\"ListItem\",\"position\":1,\"name\":\"Home\",\"item\":\"https:\\\/\\\/ljcreate.com\\\/es\\\/\"},{\"@type\":\"ListItem\",\"position\":2,\"name\":\"Tecnolog\u00eda automotriz\"}]},{\"@type\":\"WebSite\",\"@id\":\"https:\\\/\\\/ljcreate.com\\\/es\\\/#website\",\"url\":\"https:\\\/\\\/ljcreate.com\\\/es\\\/\",\"name\":\"LJ Create\",\"description\":\"Innovate, Inspire, and Engage\",\"publisher\":{\"@id\":\"https:\\\/\\\/ljcreate.com\\\/es\\\/#organization\"},\"alternateName\":\"Creative Learning (Norwich) Limited\",\"potentialAction\":[{\"@type\":\"SearchAction\",\"target\":{\"@type\":\"EntryPoint\",\"urlTemplate\":\"https:\\\/\\\/ljcreate.com\\\/es\\\/?s={search_term_string}\"},\"query-input\":{\"@type\":\"PropertyValueSpecification\",\"valueRequired\":true,\"valueName\":\"search_term_string\"}}],\"inLanguage\":\"es\"},{\"@type\":\"Organization\",\"@id\":\"https:\\\/\\\/ljcreate.com\\\/es\\\/#organization\",\"name\":\"LJ Create\",\"url\":\"https:\\\/\\\/ljcreate.com\\\/es\\\/\",\"logo\":{\"@type\":\"ImageObject\",\"inLanguage\":\"es\",\"@id\":\"https:\\\/\\\/ljcreate.com\\\/es\\\/#\\\/schema\\\/logo\\\/image\\\/\",\"url\":\"https:\\\/\\\/ljcreate.com\\\/wp-content\\\/uploads\\\/2021\\\/07\\\/logo.svg\",\"contentUrl\":\"https:\\\/\\\/ljcreate.com\\\/wp-content\\\/uploads\\\/2021\\\/07\\\/logo.svg\",\"width\":\"1024\",\"height\":\"1024\",\"caption\":\"LJ Create\"},\"image\":{\"@id\":\"https:\\\/\\\/ljcreate.com\\\/es\\\/#\\\/schema\\\/logo\\\/image\\\/\"}}]}<\/script>\n<!-- \/ Yoast SEO plugin. -->","yoast_head_json":{"title":"Programa de capacitaci\u00f3n en Tecnolog\u00eda Automotriz | LJ Create","description":"Nuestro programa pr\u00e1ctico alineado con el IMI lo ayuda a desarrollar t\u00e9cnicos capacitados con una s\u00f3lida comprensi\u00f3n de la Tecnolog\u00eda Aautomotriz y las t\u00e9cnicas de detecci\u00f3n de fallas.","robots":{"index":"index","follow":"follow","max-snippet":"max-snippet:-1","max-image-preview":"max-image-preview:large","max-video-preview":"max-video-preview:-1"},"canonical":"https:\/\/ljcreate.com\/es\/tecnologia-automotriz\/","og_locale":"es_ES","og_type":"article","og_title":"Programa de capacitaci\u00f3n en Tecnolog\u00eda Automotriz | LJ Create","og_description":"Nuestro programa pr\u00e1ctico alineado con el IMI lo ayuda a desarrollar t\u00e9cnicos capacitados con una s\u00f3lida comprensi\u00f3n de la Tecnolog\u00eda Aautomotriz y las t\u00e9cnicas de detecci\u00f3n de fallas.","og_url":"https:\/\/ljcreate.com\/es\/tecnologia-automotriz\/","og_site_name":"LJ Create","article_modified_time":"2023-07-20T13:43:31+00:00","og_image":[{"url":"https:\/\/ljcreate.com\/wp-content\/uploads\/2021\/08\/automotiveProgram.png","type":"","width":"","height":""}],"twitter_card":"summary_large_image","twitter_misc":{"Tiempo de lectura":"2 minutos"},"schema":{"@context":"https:\/\/schema.org","@graph":[{"@type":"WebPage","@id":"https:\/\/ljcreate.com\/es\/tecnologia-automotriz\/","url":"https:\/\/ljcreate.com\/es\/tecnologia-automotriz\/","name":"Programa de capacitaci\u00f3n en Tecnolog\u00eda Automotriz | LJ Create","isPartOf":{"@id":"https:\/\/ljcreate.com\/es\/#website"},"primaryImageOfPage":{"@id":"https:\/\/ljcreate.com\/es\/tecnologia-automotriz\/#primaryimage"},"image":{"@id":"https:\/\/ljcreate.com\/es\/tecnologia-automotriz\/#primaryimage"},"thumbnailUrl":"https:\/\/ljcreate.com\/wp-content\/uploads\/2021\/08\/automotiveProgram.png","datePublished":"2021-10-26T12:15:40+00:00","dateModified":"2023-07-20T13:43:31+00:00","description":"Nuestro programa pr\u00e1ctico alineado con el IMI lo ayuda a desarrollar t\u00e9cnicos capacitados con una s\u00f3lida comprensi\u00f3n de la Tecnolog\u00eda Aautomotriz y las t\u00e9cnicas de detecci\u00f3n de fallas.","breadcrumb":{"@id":"https:\/\/ljcreate.com\/es\/tecnologia-automotriz\/#breadcrumb"},"inLanguage":"es","potentialAction":[{"@type":"ReadAction","target":["https:\/\/ljcreate.com\/es\/tecnologia-automotriz\/"]}]},{"@type":"ImageObject","inLanguage":"es","@id":"https:\/\/ljcreate.com\/es\/tecnologia-automotriz\/#primaryimage","url":"https:\/\/ljcreate.com\/wp-content\/uploads\/2021\/08\/automotiveProgram.png","contentUrl":"https:\/\/ljcreate.com\/wp-content\/uploads\/2021\/08\/automotiveProgram.png"},{"@type":"BreadcrumbList","@id":"https:\/\/ljcreate.com\/es\/tecnologia-automotriz\/#breadcrumb","itemListElement":[{"@type":"ListItem","position":1,"name":"Home","item":"https:\/\/ljcreate.com\/es\/"},{"@type":"ListItem","position":2,"name":"Tecnolog\u00eda automotriz"}]},{"@type":"WebSite","@id":"https:\/\/ljcreate.com\/es\/#website","url":"https:\/\/ljcreate.com\/es\/","name":"LJ Create","description":"Innovate, Inspire, and Engage","publisher":{"@id":"https:\/\/ljcreate.com\/es\/#organization"},"alternateName":"Creative Learning (Norwich) Limited","potentialAction":[{"@type":"SearchAction","target":{"@type":"EntryPoint","urlTemplate":"https:\/\/ljcreate.com\/es\/?s={search_term_string}"},"query-input":{"@type":"PropertyValueSpecification","valueRequired":true,"valueName":"search_term_string"}}],"inLanguage":"es"},{"@type":"Organization","@id":"https:\/\/ljcreate.com\/es\/#organization","name":"LJ Create","url":"https:\/\/ljcreate.com\/es\/","logo":{"@type":"ImageObject","inLanguage":"es","@id":"https:\/\/ljcreate.com\/es\/#\/schema\/logo\/image\/","url":"https:\/\/ljcreate.com\/wp-content\/uploads\/2021\/07\/logo.svg","contentUrl":"https:\/\/ljcreate.com\/wp-content\/uploads\/2021\/07\/logo.svg","width":"1024","height":"1024","caption":"LJ Create"},"image":{"@id":"https:\/\/ljcreate.com\/es\/#\/schema\/logo\/image\/"}}]}},"_links":{"self":[{"href":"https:\/\/ljcreate.com\/es\/wp-json\/wp\/v2\/pages\/26632","targetHints":{"allow":["GET"]}}],"collection":[{"href":"https:\/\/ljcreate.com\/es\/wp-json\/wp\/v2\/pages"}],"about":[{"href":"https:\/\/ljcreate.com\/es\/wp-json\/wp\/v2\/types\/page"}],"author":[{"embeddable":true,"href":"https:\/\/ljcreate.com\/es\/wp-json\/wp\/v2\/users\/1"}],"replies":[{"embeddable":true,"href":"https:\/\/ljcreate.com\/es\/wp-json\/wp\/v2\/comments?post=26632"}],"version-history":[{"count":3,"href":"https:\/\/ljcreate.com\/es\/wp-json\/wp\/v2\/pages\/26632\/revisions"}],"predecessor-version":[{"id":53546,"href":"https:\/\/ljcreate.com\/es\/wp-json\/wp\/v2\/pages\/26632\/revisions\/53546"}],"wp:attachment":[{"href":"https:\/\/ljcreate.com\/es\/wp-json\/wp\/v2\/media?parent=26632"}],"curies":[{"name":"wp","href":"https:\/\/api.w.org\/{rel}","templated":true}]}}