{"id":26629,"date":"2021-10-26T07:01:12","date_gmt":"2021-10-26T12:01:12","guid":{"rendered":"https:\/\/alpha.ljcreate.com\/ingenieria\/soluciones-basadas-en-calificaciones\/"},"modified":"2021-11-16T20:44:28","modified_gmt":"2021-11-16T20:44:28","slug":"soluciones-basadas-en-calificaciones","status":"publish","type":"page","link":"https:\/\/ljcreate.com\/es\/ingenieria\/soluciones-basadas-en-calificaciones\/","title":{"rendered":"Soluciones basadas en calificaciones"},"content":{"rendered":"\r\n\r\n\t<a href=\"https:\/\/ljcreate.com\/es\/\">Home<\/a> &gt; <a href=\"https:\/\/ljcreate.com\/es\/ingenieria\/\">Ingenieria<\/a> &gt; Soluciones basadas en calificaciones\r\n\tSoluciones de aprendizaje combinado para<br \/>\r\nCalificaciones de ingenier\u00eda del Reino Unido\r\n\t\t\t\t<img decoding=\"async\" data-src=\"https:\/\/ljcreate.com\/wp-content\/uploads\/2021\/10\/engQualification.png\" alt=\"engQualification\" itemprop=\"image\" height=\"300\" width=\"555\" title=\"engQualification\" onerror=\"this.style.display='none'\" src=\"data:image\/svg+xml;base64,PHN2ZyB3aWR0aD0iMSIgaGVpZ2h0PSIxIiB4bWxucz0iaHR0cDovL3d3dy53My5vcmcvMjAwMC9zdmciPjwvc3ZnPg==\" class=\"lazyload\" style=\"--smush-placeholder-width: 555px; --smush-placeholder-aspect-ratio: 555\/300;\" \/>\r\n\t<p>Suministramos recursos f\u00e1ciles-de-usar para unidades seleccionadas de calificaci\u00f3n de ingenier\u00eda de <strong>Nivel 1<\/strong> a <strong>HND de<\/strong>:<\/p>\r\n<ul>\r\n<li><strong>BTEC<\/strong><\/li>\r\n<li><strong>C&amp;G<\/strong><\/li>\r\n<li><strong>EAL<\/strong><\/li>\r\n<li><strong>HND<\/strong><\/li>\r\n<li><strong>Niveles T<\/strong><\/li>\r\n<\/ul>\r\n<h5>\r\n\t\tEl equipo que suministramos se utiliza para explorar los siguientes temas:\r\n\t<\/h5>\r\n\t<ul>\r\n<li>Principios de ingenieria<\/li>\r\n<li>Dise\u00f1o de productos de ingenier\u00eda<\/li>\r\n<li>Tecnolog\u00eda electr\u00f3nica<\/li>\r\n<li>Dispositivos y circuitos electr\u00f3nicos<\/li>\r\n<li>Comunicaciones electronicas<\/li>\r\n<li>Sistemas de microcontroladores<\/li>\r\n<li>Introducci\u00f3n a los sistemas de potencia por fluidos<\/li>\r\n<li>Introducci\u00f3n a los sistemas mec\u00e1nicos<\/li>\r\n<li>Mantenimiento de sistemas mec\u00e1nicos<\/li>\r\n<li>Controladores l\u00f3gicos programables<\/li>\r\n<li>Controles industriales avanzados<\/li>\r\n<li>Sistemas de instrumentaci\u00f3n y control<\/li>\r\n<\/ul>\r\n\t\t\t\t<img decoding=\"async\" data-src=\"https:\/\/ljcreate.com\/wp-content\/uploads\/2021\/08\/Thermoject-Splodge.png\" alt=\"Thermoject-Splodge\" itemprop=\"image\" height=\"515\" width=\"526\" title=\"Thermoject-Splodge\" onerror=\"this.style.display='none'\" src=\"data:image\/svg+xml;base64,PHN2ZyB3aWR0aD0iMSIgaGVpZ2h0PSIxIiB4bWxucz0iaHR0cDovL3d3dy53My5vcmcvMjAwMC9zdmciPjwvc3ZnPg==\" class=\"lazyload\" style=\"--smush-placeholder-width: 526px; --smush-placeholder-aspect-ratio: 526\/515;\" \/>\r\n\t<p>Cada equipo se suministra con un paquete de actividades de laboratorio o taller digitales. Mapeamos estas actividades con las unidades de aprendizaje instructivo de<strong> C&amp;G<\/strong> ,<strong> BTEC<\/strong> ,<strong> EAL<\/strong> al igual que<strong> HND<\/strong> . En conjunto, nuestro paquete de equipos ofrece cientos de tareas pr\u00e1cticas para respaldar los pr\u00f3ximos<strong> N\u00facleo y v\u00edas de ingenier\u00eda de T-Level<\/strong> .<\/p>\r\n<h2>\r\n\t\tFoco en\r\n\t<\/h2>\r\n<h5>\r\n\t\tConjunto de ense\u00f1anza de control industrial avanzado PETRA II\r\n\t<\/h5>\r\n\t<ul>\r\n<li>Admite unidades de fabricaci\u00f3n de nivel 3 a nivel 5.<\/li>\r\n<li>Los estudiantes implementan la adquisici\u00f3n y an\u00e1lisis de datos de plantas.<\/li>\r\n<li>El sistema es de gran valor y f\u00e1cil de usar.<\/li>\r\n<\/ul>\r\n<h4>\r\n\t\tIncluye un conjunto completo de lecciones que incluyen:\r\n\t<\/h4>\r\n\t<ul>\r\n<li>Fieldbus<\/li>\r\n<li>Profitbus<\/li>\r\n<li>Sensores inteligentes<\/li>\r\n<li>SCADA<\/li>\r\n<li>Interacciones HMI:<\/li>\r\n<\/ul>\r\n\t\t<ul>\r\n\t\t\t\t\t<li>\r\n\t\t\t\t\r\n\t\t<p>Alarmas de panel<\/p>\t\t\t\r\n\t\t\t<\/li>\r\n\t\t\t\t\t<li>\r\n\t\t\t\t\r\n\t\t<p>Registro de datos<\/p>\t\t\t\r\n\t\t\t<\/li>\r\n\t\t\t\t\t<li>\r\n\t\t\t\t\r\n\t\t<p>Seguimiento y supervisi\u00f3n<\/p>\t\t\t\r\n\t\t\t<\/li>\r\n\t\t\t\t\t<li>\r\n\t\t\t\t\r\n\t\t<p>Control de procesos<\/p>\t\t\t\r\n\t\t\t<\/li>\r\n\t\t\t\t<\/ul>\r\n\t\t<ul>\r\n\t\t\t\t\t<li>\r\n\t\t\t\t\r\n\t\t<p>Adquisici\u00f3n de datos en tiempo real<\/p>\t\t\t\r\n\t\t\t<\/li>\r\n\t\t\t\t\t<li>\r\n\t\t\t\t\r\n\t\t<p>An\u00e1lisis de tendencia<\/p>\t\t\t\r\n\t\t\t<\/li>\r\n\t\t\t\t\t<li>\r\n\t\t\t\t\r\n\t\t<p>Seguridad de red industrial<\/p>\t\t\t\r\n\t\t\t<\/li>\r\n\t\t\t\t\t<li>\r\n\t\t\t\t\r\n\t\t<p>Soluci\u00f3n de problemas de la planta<\/p>\t\t\t\r\n\t\t\t<\/li>\r\n\t\t\t\t<\/ul>\r\n\t\t\t<a href=\"https:\/\/ljcreate.com\/es\/engineering\/petra-ii-advanced-industrial-control-teaching-set\/\" target=\"_self\" role=\"button\" rel=\"noopener\">\r\n\t\t\t\t\t\t\tSaber m\u00e1s\r\n\t\t\t\t\t<\/a>\r\n\t\t\t\t<img decoding=\"async\" data-src=\"https:\/\/ljcreate.com\/wp-content\/uploads\/2021\/08\/petra-spotlight.jpg\" alt=\"petra-foco\" itemprop=\"image\" height=\"644\" width=\"590\" title=\"petra-foco\" onerror=\"this.style.display='none'\" src=\"data:image\/svg+xml;base64,PHN2ZyB3aWR0aD0iMSIgaGVpZ2h0PSIxIiB4bWxucz0iaHR0cDovL3d3dy53My5vcmcvMjAwMC9zdmciPjwvc3ZnPg==\" class=\"lazyload\" style=\"--smush-placeholder-width: 590px; --smush-placeholder-aspect-ratio: 590\/644;\" \/>\r\n<h2>\r\n\t\t Recursos: folletos\r\n\t<\/h2>\r\n\t\t\t\t<img decoding=\"async\" data-src=\"https:\/\/ljcreate.com\/wp-content\/uploads\/2021\/09\/pdf_templateEngineering.png\" alt=\"pdf_templateEngineering\" src=\"data:image\/svg+xml;base64,PHN2ZyB3aWR0aD0iMSIgaGVpZ2h0PSIxIiB4bWxucz0iaHR0cDovL3d3dy53My5vcmcvMjAwMC9zdmciPjwvc3ZnPg==\" class=\"lazyload\" style=\"--smush-placeholder-width: 84px; --smush-placeholder-aspect-ratio: 84\/94;\" \/>\r\n\t\t\t\t\t<p>Folleto de recursos de capacitaci\u00f3n en ingenier\u00eda<\/p>\r\n\t\t\t\t\r\n\t\t\t\t\t<a href=\"\/wp-content\/uploads\/2021\/10\/engineeringTrainingResourcesBrochureUk.pdf\" role=\"button\" target=\"_blank\" rel=\"noopener\">\r\n\t\t\t\t\t\tDownload\t\t\t\t\t<\/a>\r\n\t\t\t\t\r\n\t\t\t\t<img decoding=\"async\" data-src=\"https:\/\/ljcreate.com\/wp-content\/uploads\/2021\/09\/pdf_templateAutoMech.png\" alt=\"pdf_templateAutoMech\" src=\"data:image\/svg+xml;base64,PHN2ZyB3aWR0aD0iMSIgaGVpZ2h0PSIxIiB4bWxucz0iaHR0cDovL3d3dy53My5vcmcvMjAwMC9zdmciPjwvc3ZnPg==\" class=\"lazyload\" style=\"--smush-placeholder-width: 84px; --smush-placeholder-aspect-ratio: 84\/94;\" \/>\r\n\t\t\t\t\t<p>Folleto de mecatr\u00f3nica y automoci\u00f3n<\/p>\r\n\t\t\t\t\r\n\t\t\t\t\t<a href=\"\/wp-content\/uploads\/2021\/10\/mechatronicsAutomotiveProductBrochure.pdf\" role=\"button\" target=\"_blank\" rel=\"noopener\">\r\n\t\t\t\t\t\tDownload\t\t\t\t\t<\/a>\r\n\t\t\t\t\r\n\t\t\t\t<img decoding=\"async\" data-src=\"https:\/\/ljcreate.com\/wp-content\/uploads\/2021\/09\/pdf_templatePlcs.png\" alt=\"pdf_templatePlcs\" src=\"data:image\/svg+xml;base64,PHN2ZyB3aWR0aD0iMSIgaGVpZ2h0PSIxIiB4bWxucz0iaHR0cDovL3d3dy53My5vcmcvMjAwMC9zdmciPjwvc3ZnPg==\" class=\"lazyload\" style=\"--smush-placeholder-width: 84px; --smush-placeholder-aspect-ratio: 84\/94;\" \/>\r\n\t\t\t\t\t<p>Entrenamiento PLC <br \/>Correo de sistemas<\/p>\r\n\t\t\t\t\r\n\t\t\t\t\t<a href=\"\/wp-content\/uploads\/2021\/10\/plcTrainingSystemsMailerUk.pdf\" role=\"button\" target=\"_blank\" rel=\"noopener\">\r\n\t\t\t\t\t\tDownload\t\t\t\t\t<\/a>\r\n\t\t\t\t\r\n\t\t\t\t<img decoding=\"async\" data-src=\"https:\/\/ljcreate.com\/wp-content\/uploads\/2021\/09\/pdf_templateTLevels.png\" alt=\"pdf_templateTLevels\" src=\"data:image\/svg+xml;base64,PHN2ZyB3aWR0aD0iMSIgaGVpZ2h0PSIxIiB4bWxucz0iaHR0cDovL3d3dy53My5vcmcvMjAwMC9zdmciPjwvc3ZnPg==\" class=\"lazyload\" style=\"--smush-placeholder-width: 84px; --smush-placeholder-aspect-ratio: 84\/94;\" \/>\r\n\t\t\t\t\t<p> Recursos de <br \/>T-Level Remitente<\/p>\r\n\t\t\t\t\r\n\t\t\t\t\t<a href=\"\/wp-content\/uploads\/2021\/10\/tLevelResourcesMailerUk.pdf\" role=\"button\" target=\"_blank\" rel=\"noopener\">\r\n\t\t\t\t\t\tDownload\t\t\t\t\t<\/a>\r\n\t\t\t\t\r\n\t\t\t\t<img decoding=\"async\" data-src=\"https:\/\/ljcreate.com\/wp-content\/uploads\/2021\/09\/pdf_templateDistLearn.png\" alt=\"pdf_templateDistLearn\" src=\"data:image\/svg+xml;base64,PHN2ZyB3aWR0aD0iMSIgaGVpZ2h0PSIxIiB4bWxucz0iaHR0cDovL3d3dy53My5vcmcvMjAwMC9zdmciPjwvc3ZnPg==\" class=\"lazyload\" style=\"--smush-placeholder-width: 84px; --smush-placeholder-aspect-ratio: 84\/94;\" \/>\r\n\t\t\t\t\t<p>Anuncio publicitario de aprendizaje a distancia (ingenier\u00eda)<\/p>\r\n\t\t\t\t\r\n\t\t\t\t\t<a href=\"\/wp-content\/uploads\/2021\/09\/distanceLearningEngineeringMailerUk.pdf\" role=\"button\" target=\"_blank\" rel=\"noopener\">\r\n\t\t\t\t\t\tDownload\t\t\t\t\t<\/a>\r\n\t\t\t\t\r\n\t\t\t\t<img decoding=\"async\" data-src=\"https:\/\/ljcreate.com\/wp-content\/uploads\/2021\/09\/pdf_templateInnovativeSpace-1.png\" alt=\"pdf_templateInnovativeSpace\" src=\"data:image\/svg+xml;base64,PHN2ZyB3aWR0aD0iMSIgaGVpZ2h0PSIxIiB4bWxucz0iaHR0cDovL3d3dy53My5vcmcvMjAwMC9zdmciPjwvc3ZnPg==\" class=\"lazyload\" style=\"--smush-placeholder-width: 84px; --smush-placeholder-aspect-ratio: 84\/94;\" \/>\r\n\t\t\t\t\t<p>Folleto de espacios de aprendizaje innovadores<\/p>\r\n\t\t\t\t\r\n\t\t\t\t\t<a href=\"\/wp-content\/uploads\/2021\/10\/innovativeLearningSpacesBrochureUk.pdf\" role=\"button\" target=\"_blank\" rel=\"noopener\">\r\n\t\t\t\t\t\tDownload\t\t\t\t\t<\/a>\r\n\t\t\t\t\r\n\r\n","protected":false},"excerpt":{"rendered":"<p>Home &gt; Ingenieria &gt; Soluciones basadas en calificaciones Soluciones de aprendizaje combinado para Calificaciones de ingenier\u00eda del Reino Unido Suministramos recursos f\u00e1ciles-de-usar para unidades seleccionadas de calificaci\u00f3n de ingenier\u00eda de Nivel 1 a HND de: BTEC C&amp;G EAL HND Niveles T El equipo que suministramos se utiliza para explorar los siguientes temas: Principios de ingenieria&hellip;<\/p>\n","protected":false},"author":1,"featured_media":0,"parent":26621,"menu_order":2,"comment_status":"closed","ping_status":"closed","template":"","meta":{"_acf_changed":false,"inline_featured_image":false,"footnotes":""},"class_list":["post-26629","page","type-page","status-publish","hentry"],"acf":[],"yoast_head":"<!-- This site is optimized with the Yoast SEO plugin v27.3 - https:\/\/yoast.com\/product\/yoast-seo-wordpress\/ -->\n<title>Soluciones basadas en certificaciones | Ingenier\u00eda LJ Create<\/title>\n<meta name=\"description\" content=\"Nuestros equipos de Ingenier\u00eda cuentan con actividades homologadas a unidades de aprendizaje de instrucci\u00f3n, lo que ofrece soluciones ideales basadas en certificaciones.\" \/>\n<meta name=\"robots\" content=\"index, follow, max-snippet:-1, max-image-preview:large, max-video-preview:-1\" \/>\n<link rel=\"canonical\" href=\"https:\/\/ljcreate.com\/es\/ingenieria\/soluciones-basadas-en-calificaciones\/\" \/>\n<meta property=\"og:locale\" content=\"es_ES\" \/>\n<meta property=\"og:type\" content=\"article\" \/>\n<meta property=\"og:title\" content=\"Soluciones basadas en certificaciones | Ingenier\u00eda LJ Create\" \/>\n<meta property=\"og:description\" content=\"Nuestros equipos de Ingenier\u00eda cuentan con actividades homologadas a unidades de aprendizaje de instrucci\u00f3n, lo que ofrece soluciones ideales basadas en certificaciones.\" \/>\n<meta property=\"og:url\" content=\"https:\/\/ljcreate.com\/es\/ingenieria\/soluciones-basadas-en-calificaciones\/\" \/>\n<meta property=\"og:site_name\" content=\"LJ Create\" \/>\n<meta property=\"article:modified_time\" content=\"2021-11-16T20:44:28+00:00\" \/>\n<meta property=\"og:image\" content=\"https:\/\/ljcreate.com\/wp-content\/uploads\/2021\/10\/engQualification.png\" \/>\n<meta name=\"twitter:card\" content=\"summary_large_image\" \/>\n<meta name=\"twitter:label1\" content=\"Tiempo de lectura\" \/>\n\t<meta name=\"twitter:data1\" content=\"2 minutos\" \/>\n<script type=\"application\/ld+json\" class=\"yoast-schema-graph\">{\"@context\":\"https:\\\/\\\/schema.org\",\"@graph\":[{\"@type\":\"WebPage\",\"@id\":\"https:\\\/\\\/ljcreate.com\\\/es\\\/ingenieria\\\/soluciones-basadas-en-calificaciones\\\/\",\"url\":\"https:\\\/\\\/ljcreate.com\\\/es\\\/ingenieria\\\/soluciones-basadas-en-calificaciones\\\/\",\"name\":\"Soluciones basadas en certificaciones | Ingenier\u00eda LJ Create\",\"isPartOf\":{\"@id\":\"https:\\\/\\\/ljcreate.com\\\/es\\\/#website\"},\"primaryImageOfPage\":{\"@id\":\"https:\\\/\\\/ljcreate.com\\\/es\\\/ingenieria\\\/soluciones-basadas-en-calificaciones\\\/#primaryimage\"},\"image\":{\"@id\":\"https:\\\/\\\/ljcreate.com\\\/es\\\/ingenieria\\\/soluciones-basadas-en-calificaciones\\\/#primaryimage\"},\"thumbnailUrl\":\"https:\\\/\\\/ljcreate.com\\\/wp-content\\\/uploads\\\/2021\\\/10\\\/engQualification.png\",\"datePublished\":\"2021-10-26T12:01:12+00:00\",\"dateModified\":\"2021-11-16T20:44:28+00:00\",\"description\":\"Nuestros equipos de Ingenier\u00eda cuentan con actividades homologadas a unidades de aprendizaje de instrucci\u00f3n, lo que ofrece soluciones ideales basadas en certificaciones.\",\"breadcrumb\":{\"@id\":\"https:\\\/\\\/ljcreate.com\\\/es\\\/ingenieria\\\/soluciones-basadas-en-calificaciones\\\/#breadcrumb\"},\"inLanguage\":\"es\",\"potentialAction\":[{\"@type\":\"ReadAction\",\"target\":[\"https:\\\/\\\/ljcreate.com\\\/es\\\/ingenieria\\\/soluciones-basadas-en-calificaciones\\\/\"]}]},{\"@type\":\"ImageObject\",\"inLanguage\":\"es\",\"@id\":\"https:\\\/\\\/ljcreate.com\\\/es\\\/ingenieria\\\/soluciones-basadas-en-calificaciones\\\/#primaryimage\",\"url\":\"https:\\\/\\\/ljcreate.com\\\/wp-content\\\/uploads\\\/2021\\\/10\\\/engQualification.png\",\"contentUrl\":\"https:\\\/\\\/ljcreate.com\\\/wp-content\\\/uploads\\\/2021\\\/10\\\/engQualification.png\"},{\"@type\":\"BreadcrumbList\",\"@id\":\"https:\\\/\\\/ljcreate.com\\\/es\\\/ingenieria\\\/soluciones-basadas-en-calificaciones\\\/#breadcrumb\",\"itemListElement\":[{\"@type\":\"ListItem\",\"position\":1,\"name\":\"Home\",\"item\":\"https:\\\/\\\/ljcreate.com\\\/es\\\/\"},{\"@type\":\"ListItem\",\"position\":2,\"name\":\"Ingenieria\",\"item\":\"https:\\\/\\\/ljcreate.com\\\/es\\\/ingenieria\\\/\"},{\"@type\":\"ListItem\",\"position\":3,\"name\":\"Soluciones basadas en calificaciones\"}]},{\"@type\":\"WebSite\",\"@id\":\"https:\\\/\\\/ljcreate.com\\\/es\\\/#website\",\"url\":\"https:\\\/\\\/ljcreate.com\\\/es\\\/\",\"name\":\"LJ Create\",\"description\":\"Innovate, Inspire, and Engage\",\"publisher\":{\"@id\":\"https:\\\/\\\/ljcreate.com\\\/es\\\/#organization\"},\"alternateName\":\"Creative Learning (Norwich) Limited\",\"potentialAction\":[{\"@type\":\"SearchAction\",\"target\":{\"@type\":\"EntryPoint\",\"urlTemplate\":\"https:\\\/\\\/ljcreate.com\\\/es\\\/?s={search_term_string}\"},\"query-input\":{\"@type\":\"PropertyValueSpecification\",\"valueRequired\":true,\"valueName\":\"search_term_string\"}}],\"inLanguage\":\"es\"},{\"@type\":\"Organization\",\"@id\":\"https:\\\/\\\/ljcreate.com\\\/es\\\/#organization\",\"name\":\"LJ Create\",\"url\":\"https:\\\/\\\/ljcreate.com\\\/es\\\/\",\"logo\":{\"@type\":\"ImageObject\",\"inLanguage\":\"es\",\"@id\":\"https:\\\/\\\/ljcreate.com\\\/es\\\/#\\\/schema\\\/logo\\\/image\\\/\",\"url\":\"https:\\\/\\\/ljcreate.com\\\/wp-content\\\/uploads\\\/2021\\\/07\\\/logo.svg\",\"contentUrl\":\"https:\\\/\\\/ljcreate.com\\\/wp-content\\\/uploads\\\/2021\\\/07\\\/logo.svg\",\"width\":\"1024\",\"height\":\"1024\",\"caption\":\"LJ Create\"},\"image\":{\"@id\":\"https:\\\/\\\/ljcreate.com\\\/es\\\/#\\\/schema\\\/logo\\\/image\\\/\"}}]}<\/script>\n<!-- \/ Yoast SEO plugin. -->","yoast_head_json":{"title":"Soluciones basadas en certificaciones | Ingenier\u00eda LJ Create","description":"Nuestros equipos de Ingenier\u00eda cuentan con actividades homologadas a unidades de aprendizaje de instrucci\u00f3n, lo que ofrece soluciones ideales basadas en certificaciones.","robots":{"index":"index","follow":"follow","max-snippet":"max-snippet:-1","max-image-preview":"max-image-preview:large","max-video-preview":"max-video-preview:-1"},"canonical":"https:\/\/ljcreate.com\/es\/ingenieria\/soluciones-basadas-en-calificaciones\/","og_locale":"es_ES","og_type":"article","og_title":"Soluciones basadas en certificaciones | Ingenier\u00eda LJ Create","og_description":"Nuestros equipos de Ingenier\u00eda cuentan con actividades homologadas a unidades de aprendizaje de instrucci\u00f3n, lo que ofrece soluciones ideales basadas en certificaciones.","og_url":"https:\/\/ljcreate.com\/es\/ingenieria\/soluciones-basadas-en-calificaciones\/","og_site_name":"LJ Create","article_modified_time":"2021-11-16T20:44:28+00:00","og_image":[{"url":"https:\/\/ljcreate.com\/wp-content\/uploads\/2021\/10\/engQualification.png","type":"","width":"","height":""}],"twitter_card":"summary_large_image","twitter_misc":{"Tiempo de lectura":"2 minutos"},"schema":{"@context":"https:\/\/schema.org","@graph":[{"@type":"WebPage","@id":"https:\/\/ljcreate.com\/es\/ingenieria\/soluciones-basadas-en-calificaciones\/","url":"https:\/\/ljcreate.com\/es\/ingenieria\/soluciones-basadas-en-calificaciones\/","name":"Soluciones basadas en certificaciones | Ingenier\u00eda LJ Create","isPartOf":{"@id":"https:\/\/ljcreate.com\/es\/#website"},"primaryImageOfPage":{"@id":"https:\/\/ljcreate.com\/es\/ingenieria\/soluciones-basadas-en-calificaciones\/#primaryimage"},"image":{"@id":"https:\/\/ljcreate.com\/es\/ingenieria\/soluciones-basadas-en-calificaciones\/#primaryimage"},"thumbnailUrl":"https:\/\/ljcreate.com\/wp-content\/uploads\/2021\/10\/engQualification.png","datePublished":"2021-10-26T12:01:12+00:00","dateModified":"2021-11-16T20:44:28+00:00","description":"Nuestros equipos de Ingenier\u00eda cuentan con actividades homologadas a unidades de aprendizaje de instrucci\u00f3n, lo que ofrece soluciones ideales basadas en certificaciones.","breadcrumb":{"@id":"https:\/\/ljcreate.com\/es\/ingenieria\/soluciones-basadas-en-calificaciones\/#breadcrumb"},"inLanguage":"es","potentialAction":[{"@type":"ReadAction","target":["https:\/\/ljcreate.com\/es\/ingenieria\/soluciones-basadas-en-calificaciones\/"]}]},{"@type":"ImageObject","inLanguage":"es","@id":"https:\/\/ljcreate.com\/es\/ingenieria\/soluciones-basadas-en-calificaciones\/#primaryimage","url":"https:\/\/ljcreate.com\/wp-content\/uploads\/2021\/10\/engQualification.png","contentUrl":"https:\/\/ljcreate.com\/wp-content\/uploads\/2021\/10\/engQualification.png"},{"@type":"BreadcrumbList","@id":"https:\/\/ljcreate.com\/es\/ingenieria\/soluciones-basadas-en-calificaciones\/#breadcrumb","itemListElement":[{"@type":"ListItem","position":1,"name":"Home","item":"https:\/\/ljcreate.com\/es\/"},{"@type":"ListItem","position":2,"name":"Ingenieria","item":"https:\/\/ljcreate.com\/es\/ingenieria\/"},{"@type":"ListItem","position":3,"name":"Soluciones basadas en calificaciones"}]},{"@type":"WebSite","@id":"https:\/\/ljcreate.com\/es\/#website","url":"https:\/\/ljcreate.com\/es\/","name":"LJ Create","description":"Innovate, Inspire, and Engage","publisher":{"@id":"https:\/\/ljcreate.com\/es\/#organization"},"alternateName":"Creative Learning (Norwich) Limited","potentialAction":[{"@type":"SearchAction","target":{"@type":"EntryPoint","urlTemplate":"https:\/\/ljcreate.com\/es\/?s={search_term_string}"},"query-input":{"@type":"PropertyValueSpecification","valueRequired":true,"valueName":"search_term_string"}}],"inLanguage":"es"},{"@type":"Organization","@id":"https:\/\/ljcreate.com\/es\/#organization","name":"LJ Create","url":"https:\/\/ljcreate.com\/es\/","logo":{"@type":"ImageObject","inLanguage":"es","@id":"https:\/\/ljcreate.com\/es\/#\/schema\/logo\/image\/","url":"https:\/\/ljcreate.com\/wp-content\/uploads\/2021\/07\/logo.svg","contentUrl":"https:\/\/ljcreate.com\/wp-content\/uploads\/2021\/07\/logo.svg","width":"1024","height":"1024","caption":"LJ Create"},"image":{"@id":"https:\/\/ljcreate.com\/es\/#\/schema\/logo\/image\/"}}]}},"_links":{"self":[{"href":"https:\/\/ljcreate.com\/es\/wp-json\/wp\/v2\/pages\/26629","targetHints":{"allow":["GET"]}}],"collection":[{"href":"https:\/\/ljcreate.com\/es\/wp-json\/wp\/v2\/pages"}],"about":[{"href":"https:\/\/ljcreate.com\/es\/wp-json\/wp\/v2\/types\/page"}],"author":[{"embeddable":true,"href":"https:\/\/ljcreate.com\/es\/wp-json\/wp\/v2\/users\/1"}],"replies":[{"embeddable":true,"href":"https:\/\/ljcreate.com\/es\/wp-json\/wp\/v2\/comments?post=26629"}],"version-history":[{"count":2,"href":"https:\/\/ljcreate.com\/es\/wp-json\/wp\/v2\/pages\/26629\/revisions"}],"predecessor-version":[{"id":27302,"href":"https:\/\/ljcreate.com\/es\/wp-json\/wp\/v2\/pages\/26629\/revisions\/27302"}],"up":[{"embeddable":true,"href":"https:\/\/ljcreate.com\/es\/wp-json\/wp\/v2\/pages\/26621"}],"wp:attachment":[{"href":"https:\/\/ljcreate.com\/es\/wp-json\/wp\/v2\/media?parent=26629"}],"curies":[{"name":"wp","href":"https:\/\/api.w.org\/{rel}","templated":true}]}}