{"id":26628,"date":"2021-10-26T06:55:32","date_gmt":"2021-10-26T11:55:32","guid":{"rendered":"https:\/\/alpha.ljcreate.com\/ingenieria\/soluciones-de-laboratorio-completas\/ingenieria-electronica\/"},"modified":"2023-04-18T11:58:07","modified_gmt":"2023-04-18T10:58:07","slug":"ingenieria-electronica","status":"publish","type":"page","link":"https:\/\/ljcreate.com\/es\/ingenieria\/soluciones-de-laboratorio-completas\/ingenieria-electronica\/","title":{"rendered":"Ingenier\u00eda Electr\u00f3nica"},"content":{"rendered":"\n\n\t<a href=\"https:\/\/ljcreate.com\/es\/\">Home<\/a> &gt; <a href=\"https:\/\/ljcreate.com\/es\/ingenieria\/\">Ingenieria<\/a> &gt; <a href=\"https:\/\/ljcreate.com\/es\/ingenieria\/soluciones-de-laboratorio-completas\/\">Soluciones de laboratorio completas<\/a> &gt; Ingenier\u00eda Electr\u00f3nica\n\t<p>LJ Create tiene una vasta experiencia en el desarrollo de soluciones personalizadas de laboratorio de capacitaci\u00f3n en electr\u00f3nica. Utilizando una amplia gama de equipos de formaci\u00f3n, podemos dise\u00f1ar un laboratorio para cubrir los principios el\u00e9ctricos y electr\u00f3nicos, as\u00ed como los sistemas electr\u00f3nicos.<\/p>\n\t\t\t\t<img decoding=\"async\" data-src=\"https:\/\/ljcreate.com\/wp-content\/uploads\/2021\/09\/electronicEngineering.png\" alt=\"Ingenier\u00eda Electr\u00f3nica\" itemprop=\"image\" height=\"300\" width=\"555\" title=\"Ingenier\u00eda Electr\u00f3nica\" onerror=\"this.style.display='none'\" src=\"data:image\/svg+xml;base64,PHN2ZyB3aWR0aD0iMSIgaGVpZ2h0PSIxIiB4bWxucz0iaHR0cDovL3d3dy53My5vcmcvMjAwMC9zdmciPjwvc3ZnPg==\" class=\"lazyload\" style=\"--smush-placeholder-width: 555px; --smush-placeholder-aspect-ratio: 555\/300;\" \/>\n\t<p>En un laboratorio de electr\u00f3nica, los estudiantes aprenden las habilidades cognitivas y pr\u00e1cticas necesarias para muchas ocupaciones de t\u00e9cnicos que involucran sistemas el\u00e9ctricos o electr\u00f3nicos. Estos incluyen t\u00e9cnico de equipos m\u00e9dicos, soporte de TI, mantenimiento de fabricaci\u00f3n y t\u00e9cnico de soporte de audio. Nuestros laboratorios de Ingenier\u00eda El\u00e9ctrica \/ Electr\u00f3nica cubren los temas te\u00f3ricos y pr\u00e1cticos necesarios para las calificaciones de ingenier\u00eda, tales como BTEC y T-levels.<\/p>\n\t\t\t\t<img decoding=\"async\" data-src=\"https:\/\/ljcreate.com\/wp-content\/uploads\/2021\/09\/electronicsEngineeringLabUkUs-1.png\" alt=\"electr\u00f3nicaIngenier\u00edaLabUkUs\" itemprop=\"image\" height=\"699\" width=\"950\" title=\"electr\u00f3nicaIngenier\u00edaLabUkUs\" onerror=\"this.style.display='none'\" src=\"data:image\/svg+xml;base64,PHN2ZyB3aWR0aD0iMSIgaGVpZ2h0PSIxIiB4bWxucz0iaHR0cDovL3d3dy53My5vcmcvMjAwMC9zdmciPjwvc3ZnPg==\" class=\"lazyload\" style=\"--smush-placeholder-width: 950px; --smush-placeholder-aspect-ratio: 950\/699;\" \/>\n<h5>\n\t\tUna configuraci\u00f3n t\u00edpica de laboratorio de ingenier\u00eda electr\u00f3nica podr\u00eda incluir los siguientes recursos:\n\t<\/h5>\n\t<ul>\n<li><a href=\"https:\/\/ljcreate.com\/es\/engineering\/complete-electronics-workstation-includes-320-00-to-320-61\/\">Estaciones de trabajo de electr\u00f3nica completas<\/a><\/li>\n<li><a href=\"\/uk\/engineering\/electronic-circuits-consumable-pack-24-student\/\">Paquetes de consumibles de circuitos electr\u00f3nicos<\/a><\/li>\n<li>Paquetes de instrumentaci\u00f3n<\/li>\n<li>Estaci\u00f3n de soldadura de circuitos y herramientas<\/li>\n<\/ul>\n\t\t\t\t<img decoding=\"async\" data-src=\"https:\/\/ljcreate.com\/wp-content\/uploads\/2021\/09\/electronicsTrainer.png\" alt=\"entrenador de electr\u00f3nica\" itemprop=\"image\" height=\"515\" width=\"526\" title=\"entrenador de electr\u00f3nica\" onerror=\"this.style.display='none'\" src=\"data:image\/svg+xml;base64,PHN2ZyB3aWR0aD0iMSIgaGVpZ2h0PSIxIiB4bWxucz0iaHR0cDovL3d3dy53My5vcmcvMjAwMC9zdmciPjwvc3ZnPg==\" class=\"lazyload\" style=\"--smush-placeholder-width: 526px; --smush-placeholder-aspect-ratio: 526\/515;\" \/>\n<h2>\n\t\tResources &#8211; Brochures\n\t<\/h2>\n\t\t\t\t\t\t<a href=\"\/wp-content\/uploads\/2021\/10\/mechatronicsAutomotiveProductBrochure.pdf\" target=\"_blank\" rel=\"noopener\">\n\t\t\t\t\t\t\t<img decoding=\"async\" data-src=\"https:\/\/ljcreate.com\/wp-content\/uploads\/2021\/09\/pdf_templateAutoMech.png\" alt=\"pdf_templateAutoMech\" src=\"data:image\/svg+xml;base64,PHN2ZyB3aWR0aD0iMSIgaGVpZ2h0PSIxIiB4bWxucz0iaHR0cDovL3d3dy53My5vcmcvMjAwMC9zdmciPjwvc3ZnPg==\" class=\"lazyload\" style=\"--smush-placeholder-width: 84px; --smush-placeholder-aspect-ratio: 84\/94;\" \/>\n\t\t\t\t\t\t<\/a>\n\t\t<p>Mechatronics and Automotive Brochure<\/p>\n\t\t\t\t\n\t\t\t\t\t<a href=\"\/wp-content\/uploads\/2021\/10\/mechatronicsAutomotiveProductBrochure.pdf\" role=\"button\" target=\"_blank\" rel=\"noopener\">\n\t\t\t\t\t\tDownload\t\t\t\t\t<\/a>\n\t\t\t\t\n\t\t\t\t\t\t<a href=\"\/wp-content\/uploads\/2021\/10\/engineeringTrainingResourcesBrochureUk.pdf\" target=\"_blank\" rel=\"noopener\">\n\t\t\t\t\t\t\t<img decoding=\"async\" data-src=\"https:\/\/ljcreate.com\/wp-content\/uploads\/2021\/09\/pdf_templateEngineering.png\" alt=\"pdf_templateEngineering\" src=\"data:image\/svg+xml;base64,PHN2ZyB3aWR0aD0iMSIgaGVpZ2h0PSIxIiB4bWxucz0iaHR0cDovL3d3dy53My5vcmcvMjAwMC9zdmciPjwvc3ZnPg==\" class=\"lazyload\" style=\"--smush-placeholder-width: 84px; --smush-placeholder-aspect-ratio: 84\/94;\" \/>\n\t\t\t\t\t\t<\/a>\n\t\t<p>Engineering Training Resources Brochure<\/p>\n\t\t\t\t\n\t\t\t\t\t<a href=\"\/wp-content\/uploads\/2021\/10\/engineeringTrainingResourcesBrochureUk.pdf\" role=\"button\" target=\"_blank\" rel=\"noopener\">\n\t\t\t\t\t\tDownload\t\t\t\t\t<\/a>\n\t\t\t\t\n\t\t\t\t\t\t<a href=\"\/wp-content\/uploads\/2021\/10\/plcTrainingSystemsMailerUk.pdf\" target=\"_blank\" rel=\"noopener\">\n\t\t\t\t\t\t\t<img decoding=\"async\" data-src=\"https:\/\/ljcreate.com\/wp-content\/uploads\/2021\/09\/pdf_templatePlcs.png\" alt=\"pdf_templatePlcs\" src=\"data:image\/svg+xml;base64,PHN2ZyB3aWR0aD0iMSIgaGVpZ2h0PSIxIiB4bWxucz0iaHR0cDovL3d3dy53My5vcmcvMjAwMC9zdmciPjwvc3ZnPg==\" class=\"lazyload\" style=\"--smush-placeholder-width: 84px; --smush-placeholder-aspect-ratio: 84\/94;\" \/>\n\t\t\t\t\t\t<\/a>\n\t\t<p>PLC Training <br \/>Systems Mailer<\/p>\n\t\t\t\t\n\t\t\t\t\t<a href=\"\/wp-content\/uploads\/2021\/10\/plcTrainingSystemsMailerUk.pdf\" role=\"button\" target=\"_blank\" rel=\"noopener\">\n\t\t\t\t\t\tDownload\t\t\t\t\t<\/a>\n\t\t\t\t\n\t\t\t\t\t\t<a href=\"\/wp-content\/uploads\/2021\/10\/tLevelResourcesMailerUk.pdf\" target=\"_blank\" rel=\"noopener\">\n\t\t\t\t\t\t\t<img decoding=\"async\" data-src=\"https:\/\/ljcreate.com\/wp-content\/uploads\/2021\/09\/pdf_templateTLevels.png\" alt=\"pdf_templateTLevels\" src=\"data:image\/svg+xml;base64,PHN2ZyB3aWR0aD0iMSIgaGVpZ2h0PSIxIiB4bWxucz0iaHR0cDovL3d3dy53My5vcmcvMjAwMC9zdmciPjwvc3ZnPg==\" class=\"lazyload\" style=\"--smush-placeholder-width: 84px; --smush-placeholder-aspect-ratio: 84\/94;\" \/>\n\t\t\t\t\t\t<\/a>\n\t\t<p>T-Level Resources <br \/>Brochure<\/p>\n\t\t\t\t\n\t\t\t\t\t<a href=\"\/wp-content\/uploads\/2021\/10\/tLevelResourcesMailerUk.pdf\" role=\"button\" target=\"_blank\" rel=\"noopener\">\n\t\t\t\t\t\tDownload\t\t\t\t\t<\/a>\n\t\t\t\t\n\t\t\t\t\t\t<a href=\"\/wp-content\/uploads\/2021\/09\/distanceLearningEngineeringMailerUk.pdf\" target=\"_blank\" rel=\"noopener\">\n\t\t\t\t\t\t\t<img decoding=\"async\" data-src=\"https:\/\/ljcreate.com\/wp-content\/uploads\/2021\/09\/pdf_templateDistLearn.png\" alt=\"pdf_templateDistLearn\" src=\"data:image\/svg+xml;base64,PHN2ZyB3aWR0aD0iMSIgaGVpZ2h0PSIxIiB4bWxucz0iaHR0cDovL3d3dy53My5vcmcvMjAwMC9zdmciPjwvc3ZnPg==\" class=\"lazyload\" style=\"--smush-placeholder-width: 84px; --smush-placeholder-aspect-ratio: 84\/94;\" \/>\n\t\t\t\t\t\t<\/a>\n\t\t<p>Distance Learning (Engineering) Mailer<\/p>\n\t\t\t\t\n\t\t\t\t\t<a href=\"\/wp-content\/uploads\/2021\/09\/distanceLearningEngineeringMailerUk.pdf\" role=\"button\" target=\"_blank\" rel=\"noopener\">\n\t\t\t\t\t\tDownload\t\t\t\t\t<\/a>\n\t\t\t\t\n\t\t\t\t\t\t<a href=\"\/wp-content\/uploads\/2021\/10\/innovativeLearningSpacesBrochureUk.pdf\" target=\"_blank\" rel=\"noopener\">\n\t\t\t\t\t\t\t<img decoding=\"async\" data-src=\"https:\/\/ljcreate.com\/wp-content\/uploads\/2021\/09\/pdf_templateInnovativeSpace-1.png\" alt=\"pdf_templateInnovativeSpace\" src=\"data:image\/svg+xml;base64,PHN2ZyB3aWR0aD0iMSIgaGVpZ2h0PSIxIiB4bWxucz0iaHR0cDovL3d3dy53My5vcmcvMjAwMC9zdmciPjwvc3ZnPg==\" class=\"lazyload\" style=\"--smush-placeholder-width: 84px; --smush-placeholder-aspect-ratio: 84\/94;\" \/>\n\t\t\t\t\t\t<\/a>\n\t\t<p>Innovative Learning Spaces Brochure<\/p>\n\t\t\t\t\n\t\t\t\t\t<a href=\"\/wp-content\/uploads\/2021\/10\/innovativeLearningSpacesBrochureUk.pdf\" role=\"button\" target=\"_blank\" rel=\"noopener\">\n\t\t\t\t\t\tDownload\t\t\t\t\t<\/a>\n\t\t\t\t\n<h2>\n\t\tResources &#8211; Printable Posters\n\t<\/h2>\n\t<p>Brighten up your classrooms with these high-resolution educational posters from LJ Create. The files are in PDF format and A3 in size, but should also look great if you want to print them at larger sizes.<\/p>\n\t\t\t\t\t\t<a href=\"\/wp-content\/uploads\/2021\/11\/21stCenturyEngineeringPosterUk.pdf\" target=\"_blank\" rel=\"noopener\">\n\t\t\t\t\t\t\t<img decoding=\"async\" data-src=\"https:\/\/ljcreate.com\/wp-content\/uploads\/2021\/11\/eng21PosterUk.png\" alt=\"21 Century Engineering Poster (Download)\" src=\"data:image\/svg+xml;base64,PHN2ZyB3aWR0aD0iMSIgaGVpZ2h0PSIxIiB4bWxucz0iaHR0cDovL3d3dy53My5vcmcvMjAwMC9zdmciPjwvc3ZnPg==\" class=\"lazyload\" style=\"--smush-placeholder-width: 131px; --smush-placeholder-aspect-ratio: 131\/94;\" \/>\n\t\t\t\t\t\t<\/a>\n\t\t<p>21st Century Engineering Poster<\/p>\n\t\t\t\t\n\t\t\t\t\t<a href=\"\/wp-content\/uploads\/2021\/11\/21stCenturyEngineeringPosterUk.pdf\" role=\"button\" target=\"_blank\" rel=\"noopener\">\n\t\t\t\t\t\tDownload\t\t\t\t\t<\/a>\n\t\t\t\t\n\t\t\t\t\t\t<a href=\"\/wp-content\/uploads\/2021\/11\/frequencySpectrumPosterUk.pdf\" target=\"_blank\" rel=\"noopener\">\n\t\t\t\t\t\t\t<img decoding=\"async\" data-src=\"https:\/\/ljcreate.com\/wp-content\/uploads\/2021\/11\/frequencySpectrumPosterUk.png\" alt=\"Frequency Spectrum Poster Uk\" src=\"data:image\/svg+xml;base64,PHN2ZyB3aWR0aD0iMSIgaGVpZ2h0PSIxIiB4bWxucz0iaHR0cDovL3d3dy53My5vcmcvMjAwMC9zdmciPjwvc3ZnPg==\" class=\"lazyload\" style=\"--smush-placeholder-width: 131px; --smush-placeholder-aspect-ratio: 131\/94;\" \/>\n\t\t\t\t\t\t<\/a>\n\t\t<p>Radio Frequency Spectrum Poster<\/p>\n\t\t\t\t\n\t\t\t\t\t<a href=\"\/wp-content\/uploads\/2021\/11\/frequencySpectrumPosterUk.pdf\" role=\"button\" target=\"_blank\" rel=\"noopener\">\n\t\t\t\t\t\tDownload\t\t\t\t\t<\/a>\n\t\t\t\t\n\t\t\t\t\t\t<a href=\"\/wp-content\/uploads\/2021\/11\/electronicCircuitSymbolsPosterUk.pdf\" target=\"_blank\" rel=\"noopener\">\n\t\t\t\t\t\t\t<img decoding=\"async\" data-src=\"https:\/\/ljcreate.com\/wp-content\/uploads\/2021\/11\/electronicCircuitSymbolsPosterUk.png\" alt=\"Electronic Circuit Symbols Poster UK\" src=\"data:image\/svg+xml;base64,PHN2ZyB3aWR0aD0iMSIgaGVpZ2h0PSIxIiB4bWxucz0iaHR0cDovL3d3dy53My5vcmcvMjAwMC9zdmciPjwvc3ZnPg==\" class=\"lazyload\" style=\"--smush-placeholder-width: 131px; --smush-placeholder-aspect-ratio: 131\/94;\" \/>\n\t\t\t\t\t\t<\/a>\n\t\t<p>Electrical and Electronic Circuit Symbols Poster<\/p>\n\t\t\t\t\n\t\t\t\t\t<a href=\"\/wp-content\/uploads\/2021\/11\/electronicCircuitSymbolsPosterUk.pdf\" role=\"button\" target=\"_blank\" rel=\"noopener\">\n\t\t\t\t\t\tDownload\t\t\t\t\t<\/a>\n\t\t\t\t\n\t\t\t\t\t\t<a href=\"\/wp-content\/uploads\/2021\/11\/resistorColourCodesPosterUk.pdf\" target=\"_blank\" rel=\"noopener\">\n\t\t\t\t\t\t\t<img decoding=\"async\" data-src=\"https:\/\/ljcreate.com\/wp-content\/uploads\/2021\/11\/resistorColourCodePosterUk-2.png\" alt=\"Resistor Colour Codes Poster UK\" src=\"data:image\/svg+xml;base64,PHN2ZyB3aWR0aD0iMSIgaGVpZ2h0PSIxIiB4bWxucz0iaHR0cDovL3d3dy53My5vcmcvMjAwMC9zdmciPjwvc3ZnPg==\" class=\"lazyload\" style=\"--smush-placeholder-width: 131px; --smush-placeholder-aspect-ratio: 131\/94;\" \/>\n\t\t\t\t\t\t<\/a>\n\t\t<p>Resistor Colour Codes Poster<\/p>\n\t\t\t\t\n\t\t\t\t\t<a href=\"\/wp-content\/uploads\/2021\/11\/resistorColourCodesPosterUk.pdf\" role=\"button\" target=\"_blank\" rel=\"noopener\">\n\t\t\t\t\t\tDownload\t\t\t\t\t<\/a>\n\t\t\t\t\n\t\t\t\t\t\t<a href=\"\/wp-content\/uploads\/2021\/11\/hydraulicCircuitSymbolsPosterUk.pdf\" target=\"_blank\" rel=\"noopener\">\n\t\t\t\t\t\t\t<img decoding=\"async\" data-src=\"https:\/\/ljcreate.com\/wp-content\/uploads\/2021\/11\/hydraulicCircuitSymbolsPosterUk.png\" alt=\"Hydraulic Circuit Symbols Poster UK\" src=\"data:image\/svg+xml;base64,PHN2ZyB3aWR0aD0iMSIgaGVpZ2h0PSIxIiB4bWxucz0iaHR0cDovL3d3dy53My5vcmcvMjAwMC9zdmciPjwvc3ZnPg==\" class=\"lazyload\" style=\"--smush-placeholder-width: 131px; --smush-placeholder-aspect-ratio: 131\/94;\" \/>\n\t\t\t\t\t\t<\/a>\n\t\t<p>Hydraulic and Pneumatic Schematic Symbols<\/p>\n\t\t\t\t\n\t\t\t\t\t<a href=\"\/wp-content\/uploads\/2021\/11\/hydraulicCircuitSymbolsPosterUk.pdf\" role=\"button\" target=\"_blank\" rel=\"noopener\">\n\t\t\t\t\t\tDownload\t\t\t\t\t<\/a>\n\t\t\t\t\n\n","protected":false},"excerpt":{"rendered":"<p>Home &gt; Ingenieria &gt; Soluciones de laboratorio completas &gt; Ingenier\u00eda Electr\u00f3nica LJ Create tiene una vasta experiencia en el desarrollo de soluciones personalizadas de laboratorio de capacitaci\u00f3n en electr\u00f3nica. Utilizando una amplia gama de equipos de formaci\u00f3n, podemos dise\u00f1ar un laboratorio para cubrir los principios el\u00e9ctricos y electr\u00f3nicos, as\u00ed como los sistemas electr\u00f3nicos. En un&hellip;<\/p>\n","protected":false},"author":1,"featured_media":0,"parent":26624,"menu_order":3,"comment_status":"closed","ping_status":"closed","template":"","meta":{"_acf_changed":false,"inline_featured_image":false,"footnotes":""},"class_list":["post-26628","page","type-page","status-publish","hentry"],"acf":[],"yoast_head":"<!-- This site is optimized with the Yoast SEO plugin v27.3 - https:\/\/yoast.com\/product\/yoast-seo-wordpress\/ -->\n<title>Laboratorio de Ingenier\u00eda El\u00e9ctrica \/ Electr\u00f3nica | LJ Create<\/title>\n<meta name=\"description\" content=\"Nuestros programas de laboratorio de Ingenier\u00eda El\u00e9ctrica \/ Electr\u00f3nica cubren los temas te\u00f3ricos y pr\u00e1cticos necesarios para las certificaciones de Ingenier\u00eda.\" \/>\n<meta name=\"robots\" content=\"index, follow, max-snippet:-1, max-image-preview:large, max-video-preview:-1\" \/>\n<link rel=\"canonical\" href=\"https:\/\/ljcreate.com\/es\/ingenieria\/soluciones-de-laboratorio-completas\/ingenieria-electronica\/\" \/>\n<meta property=\"og:locale\" content=\"es_ES\" \/>\n<meta property=\"og:type\" content=\"article\" \/>\n<meta property=\"og:title\" content=\"Laboratorio de Ingenier\u00eda El\u00e9ctrica \/ Electr\u00f3nica | LJ Create\" \/>\n<meta property=\"og:description\" content=\"Nuestros programas de laboratorio de Ingenier\u00eda El\u00e9ctrica \/ Electr\u00f3nica cubren los temas te\u00f3ricos y pr\u00e1cticos necesarios para las certificaciones de Ingenier\u00eda.\" \/>\n<meta property=\"og:url\" content=\"https:\/\/ljcreate.com\/es\/ingenieria\/soluciones-de-laboratorio-completas\/ingenieria-electronica\/\" \/>\n<meta property=\"og:site_name\" content=\"LJ Create\" \/>\n<meta property=\"article:modified_time\" content=\"2023-04-18T10:58:07+00:00\" \/>\n<meta property=\"og:image\" content=\"https:\/\/ljcreate.com\/wp-content\/uploads\/2021\/09\/electronicEngineering.png\" \/>\n<meta name=\"twitter:card\" content=\"summary_large_image\" \/>\n<meta name=\"twitter:label1\" content=\"Tiempo de lectura\" \/>\n\t<meta name=\"twitter:data1\" content=\"1 minuto\" \/>\n<script type=\"application\/ld+json\" class=\"yoast-schema-graph\">{\"@context\":\"https:\\\/\\\/schema.org\",\"@graph\":[{\"@type\":\"WebPage\",\"@id\":\"https:\\\/\\\/ljcreate.com\\\/es\\\/ingenieria\\\/soluciones-de-laboratorio-completas\\\/ingenieria-electronica\\\/\",\"url\":\"https:\\\/\\\/ljcreate.com\\\/es\\\/ingenieria\\\/soluciones-de-laboratorio-completas\\\/ingenieria-electronica\\\/\",\"name\":\"Laboratorio de Ingenier\u00eda El\u00e9ctrica \\\/ Electr\u00f3nica | LJ Create\",\"isPartOf\":{\"@id\":\"https:\\\/\\\/ljcreate.com\\\/es\\\/#website\"},\"primaryImageOfPage\":{\"@id\":\"https:\\\/\\\/ljcreate.com\\\/es\\\/ingenieria\\\/soluciones-de-laboratorio-completas\\\/ingenieria-electronica\\\/#primaryimage\"},\"image\":{\"@id\":\"https:\\\/\\\/ljcreate.com\\\/es\\\/ingenieria\\\/soluciones-de-laboratorio-completas\\\/ingenieria-electronica\\\/#primaryimage\"},\"thumbnailUrl\":\"https:\\\/\\\/ljcreate.com\\\/wp-content\\\/uploads\\\/2021\\\/09\\\/electronicEngineering.png\",\"datePublished\":\"2021-10-26T11:55:32+00:00\",\"dateModified\":\"2023-04-18T10:58:07+00:00\",\"description\":\"Nuestros programas de laboratorio de Ingenier\u00eda El\u00e9ctrica \\\/ Electr\u00f3nica cubren los temas te\u00f3ricos y pr\u00e1cticos necesarios para las certificaciones de Ingenier\u00eda.\",\"breadcrumb\":{\"@id\":\"https:\\\/\\\/ljcreate.com\\\/es\\\/ingenieria\\\/soluciones-de-laboratorio-completas\\\/ingenieria-electronica\\\/#breadcrumb\"},\"inLanguage\":\"es\",\"potentialAction\":[{\"@type\":\"ReadAction\",\"target\":[\"https:\\\/\\\/ljcreate.com\\\/es\\\/ingenieria\\\/soluciones-de-laboratorio-completas\\\/ingenieria-electronica\\\/\"]}]},{\"@type\":\"ImageObject\",\"inLanguage\":\"es\",\"@id\":\"https:\\\/\\\/ljcreate.com\\\/es\\\/ingenieria\\\/soluciones-de-laboratorio-completas\\\/ingenieria-electronica\\\/#primaryimage\",\"url\":\"https:\\\/\\\/ljcreate.com\\\/wp-content\\\/uploads\\\/2021\\\/09\\\/electronicEngineering.png\",\"contentUrl\":\"https:\\\/\\\/ljcreate.com\\\/wp-content\\\/uploads\\\/2021\\\/09\\\/electronicEngineering.png\"},{\"@type\":\"BreadcrumbList\",\"@id\":\"https:\\\/\\\/ljcreate.com\\\/es\\\/ingenieria\\\/soluciones-de-laboratorio-completas\\\/ingenieria-electronica\\\/#breadcrumb\",\"itemListElement\":[{\"@type\":\"ListItem\",\"position\":1,\"name\":\"Home\",\"item\":\"https:\\\/\\\/ljcreate.com\\\/es\\\/\"},{\"@type\":\"ListItem\",\"position\":2,\"name\":\"Ingenieria\",\"item\":\"https:\\\/\\\/ljcreate.com\\\/es\\\/ingenieria\\\/\"},{\"@type\":\"ListItem\",\"position\":3,\"name\":\"Soluciones de laboratorio completas\",\"item\":\"https:\\\/\\\/ljcreate.com\\\/es\\\/ingenieria\\\/soluciones-de-laboratorio-completas\\\/\"},{\"@type\":\"ListItem\",\"position\":4,\"name\":\"Ingenier\u00eda Electr\u00f3nica\"}]},{\"@type\":\"WebSite\",\"@id\":\"https:\\\/\\\/ljcreate.com\\\/es\\\/#website\",\"url\":\"https:\\\/\\\/ljcreate.com\\\/es\\\/\",\"name\":\"LJ Create\",\"description\":\"Innovate, Inspire, and Engage\",\"publisher\":{\"@id\":\"https:\\\/\\\/ljcreate.com\\\/es\\\/#organization\"},\"alternateName\":\"Creative Learning (Norwich) Limited\",\"potentialAction\":[{\"@type\":\"SearchAction\",\"target\":{\"@type\":\"EntryPoint\",\"urlTemplate\":\"https:\\\/\\\/ljcreate.com\\\/es\\\/?s={search_term_string}\"},\"query-input\":{\"@type\":\"PropertyValueSpecification\",\"valueRequired\":true,\"valueName\":\"search_term_string\"}}],\"inLanguage\":\"es\"},{\"@type\":\"Organization\",\"@id\":\"https:\\\/\\\/ljcreate.com\\\/es\\\/#organization\",\"name\":\"LJ Create\",\"url\":\"https:\\\/\\\/ljcreate.com\\\/es\\\/\",\"logo\":{\"@type\":\"ImageObject\",\"inLanguage\":\"es\",\"@id\":\"https:\\\/\\\/ljcreate.com\\\/es\\\/#\\\/schema\\\/logo\\\/image\\\/\",\"url\":\"https:\\\/\\\/ljcreate.com\\\/wp-content\\\/uploads\\\/2021\\\/07\\\/logo.svg\",\"contentUrl\":\"https:\\\/\\\/ljcreate.com\\\/wp-content\\\/uploads\\\/2021\\\/07\\\/logo.svg\",\"width\":\"1024\",\"height\":\"1024\",\"caption\":\"LJ Create\"},\"image\":{\"@id\":\"https:\\\/\\\/ljcreate.com\\\/es\\\/#\\\/schema\\\/logo\\\/image\\\/\"}}]}<\/script>\n<!-- \/ Yoast SEO plugin. -->","yoast_head_json":{"title":"Laboratorio de Ingenier\u00eda El\u00e9ctrica \/ Electr\u00f3nica | LJ Create","description":"Nuestros programas de laboratorio de Ingenier\u00eda El\u00e9ctrica \/ Electr\u00f3nica cubren los temas te\u00f3ricos y pr\u00e1cticos necesarios para las certificaciones de Ingenier\u00eda.","robots":{"index":"index","follow":"follow","max-snippet":"max-snippet:-1","max-image-preview":"max-image-preview:large","max-video-preview":"max-video-preview:-1"},"canonical":"https:\/\/ljcreate.com\/es\/ingenieria\/soluciones-de-laboratorio-completas\/ingenieria-electronica\/","og_locale":"es_ES","og_type":"article","og_title":"Laboratorio de Ingenier\u00eda El\u00e9ctrica \/ Electr\u00f3nica | LJ Create","og_description":"Nuestros programas de laboratorio de Ingenier\u00eda El\u00e9ctrica \/ Electr\u00f3nica cubren los temas te\u00f3ricos y pr\u00e1cticos necesarios para las certificaciones de Ingenier\u00eda.","og_url":"https:\/\/ljcreate.com\/es\/ingenieria\/soluciones-de-laboratorio-completas\/ingenieria-electronica\/","og_site_name":"LJ Create","article_modified_time":"2023-04-18T10:58:07+00:00","og_image":[{"url":"https:\/\/ljcreate.com\/wp-content\/uploads\/2021\/09\/electronicEngineering.png","type":"","width":"","height":""}],"twitter_card":"summary_large_image","twitter_misc":{"Tiempo de lectura":"1 minuto"},"schema":{"@context":"https:\/\/schema.org","@graph":[{"@type":"WebPage","@id":"https:\/\/ljcreate.com\/es\/ingenieria\/soluciones-de-laboratorio-completas\/ingenieria-electronica\/","url":"https:\/\/ljcreate.com\/es\/ingenieria\/soluciones-de-laboratorio-completas\/ingenieria-electronica\/","name":"Laboratorio de Ingenier\u00eda El\u00e9ctrica \/ Electr\u00f3nica | LJ Create","isPartOf":{"@id":"https:\/\/ljcreate.com\/es\/#website"},"primaryImageOfPage":{"@id":"https:\/\/ljcreate.com\/es\/ingenieria\/soluciones-de-laboratorio-completas\/ingenieria-electronica\/#primaryimage"},"image":{"@id":"https:\/\/ljcreate.com\/es\/ingenieria\/soluciones-de-laboratorio-completas\/ingenieria-electronica\/#primaryimage"},"thumbnailUrl":"https:\/\/ljcreate.com\/wp-content\/uploads\/2021\/09\/electronicEngineering.png","datePublished":"2021-10-26T11:55:32+00:00","dateModified":"2023-04-18T10:58:07+00:00","description":"Nuestros programas de laboratorio de Ingenier\u00eda El\u00e9ctrica \/ Electr\u00f3nica cubren los temas te\u00f3ricos y pr\u00e1cticos necesarios para las certificaciones de Ingenier\u00eda.","breadcrumb":{"@id":"https:\/\/ljcreate.com\/es\/ingenieria\/soluciones-de-laboratorio-completas\/ingenieria-electronica\/#breadcrumb"},"inLanguage":"es","potentialAction":[{"@type":"ReadAction","target":["https:\/\/ljcreate.com\/es\/ingenieria\/soluciones-de-laboratorio-completas\/ingenieria-electronica\/"]}]},{"@type":"ImageObject","inLanguage":"es","@id":"https:\/\/ljcreate.com\/es\/ingenieria\/soluciones-de-laboratorio-completas\/ingenieria-electronica\/#primaryimage","url":"https:\/\/ljcreate.com\/wp-content\/uploads\/2021\/09\/electronicEngineering.png","contentUrl":"https:\/\/ljcreate.com\/wp-content\/uploads\/2021\/09\/electronicEngineering.png"},{"@type":"BreadcrumbList","@id":"https:\/\/ljcreate.com\/es\/ingenieria\/soluciones-de-laboratorio-completas\/ingenieria-electronica\/#breadcrumb","itemListElement":[{"@type":"ListItem","position":1,"name":"Home","item":"https:\/\/ljcreate.com\/es\/"},{"@type":"ListItem","position":2,"name":"Ingenieria","item":"https:\/\/ljcreate.com\/es\/ingenieria\/"},{"@type":"ListItem","position":3,"name":"Soluciones de laboratorio completas","item":"https:\/\/ljcreate.com\/es\/ingenieria\/soluciones-de-laboratorio-completas\/"},{"@type":"ListItem","position":4,"name":"Ingenier\u00eda Electr\u00f3nica"}]},{"@type":"WebSite","@id":"https:\/\/ljcreate.com\/es\/#website","url":"https:\/\/ljcreate.com\/es\/","name":"LJ Create","description":"Innovate, Inspire, and Engage","publisher":{"@id":"https:\/\/ljcreate.com\/es\/#organization"},"alternateName":"Creative Learning (Norwich) Limited","potentialAction":[{"@type":"SearchAction","target":{"@type":"EntryPoint","urlTemplate":"https:\/\/ljcreate.com\/es\/?s={search_term_string}"},"query-input":{"@type":"PropertyValueSpecification","valueRequired":true,"valueName":"search_term_string"}}],"inLanguage":"es"},{"@type":"Organization","@id":"https:\/\/ljcreate.com\/es\/#organization","name":"LJ Create","url":"https:\/\/ljcreate.com\/es\/","logo":{"@type":"ImageObject","inLanguage":"es","@id":"https:\/\/ljcreate.com\/es\/#\/schema\/logo\/image\/","url":"https:\/\/ljcreate.com\/wp-content\/uploads\/2021\/07\/logo.svg","contentUrl":"https:\/\/ljcreate.com\/wp-content\/uploads\/2021\/07\/logo.svg","width":"1024","height":"1024","caption":"LJ Create"},"image":{"@id":"https:\/\/ljcreate.com\/es\/#\/schema\/logo\/image\/"}}]}},"_links":{"self":[{"href":"https:\/\/ljcreate.com\/es\/wp-json\/wp\/v2\/pages\/26628","targetHints":{"allow":["GET"]}}],"collection":[{"href":"https:\/\/ljcreate.com\/es\/wp-json\/wp\/v2\/pages"}],"about":[{"href":"https:\/\/ljcreate.com\/es\/wp-json\/wp\/v2\/types\/page"}],"author":[{"embeddable":true,"href":"https:\/\/ljcreate.com\/es\/wp-json\/wp\/v2\/users\/1"}],"replies":[{"embeddable":true,"href":"https:\/\/ljcreate.com\/es\/wp-json\/wp\/v2\/comments?post=26628"}],"version-history":[{"count":3,"href":"https:\/\/ljcreate.com\/es\/wp-json\/wp\/v2\/pages\/26628\/revisions"}],"predecessor-version":[{"id":42039,"href":"https:\/\/ljcreate.com\/es\/wp-json\/wp\/v2\/pages\/26628\/revisions\/42039"}],"up":[{"embeddable":true,"href":"https:\/\/ljcreate.com\/es\/wp-json\/wp\/v2\/pages\/26624"}],"wp:attachment":[{"href":"https:\/\/ljcreate.com\/es\/wp-json\/wp\/v2\/media?parent=26628"}],"curies":[{"name":"wp","href":"https:\/\/api.w.org\/{rel}","templated":true}]}}