{"id":26626,"date":"2021-10-26T06:50:37","date_gmt":"2021-10-26T11:50:37","guid":{"rendered":"https:\/\/alpha.ljcreate.com\/ingenieria\/soluciones-de-laboratorio-completas\/control-e-instrumentacion\/"},"modified":"2023-03-21T11:30:12","modified_gmt":"2023-03-21T11:30:12","slug":"control-e-instrumentacion","status":"publish","type":"page","link":"https:\/\/ljcreate.com\/es\/ingenieria\/soluciones-de-laboratorio-completas\/control-e-instrumentacion\/","title":{"rendered":"Control e instrumentaci\u00f3n"},"content":{"rendered":"\n\n\t<a href=\"https:\/\/ljcreate.com\/es\/\">Home<\/a> &gt; <a href=\"https:\/\/ljcreate.com\/es\/ingenieria\/\">Ingenieria<\/a> &gt; <a href=\"https:\/\/ljcreate.com\/es\/ingenieria\/soluciones-de-laboratorio-completas\/\">Soluciones de laboratorio completas<\/a> &gt; Control e instrumentaci\u00f3n\n\t<p>La tecnolog\u00eda de control e instrumentaci\u00f3n es un elemento central de los sistemas tecnol\u00f3gicos modernos.<\/p>\n\t\t\t\t<img decoding=\"async\" data-src=\"https:\/\/ljcreate.com\/wp-content\/uploads\/2021\/09\/industrialControlStudents.png\" alt=\"estudiantes de control industrial\" itemprop=\"image\" height=\"300\" width=\"555\" title=\"estudiantes de control industrial\" onerror=\"this.style.display='none'\" src=\"data:image\/svg+xml;base64,PHN2ZyB3aWR0aD0iMSIgaGVpZ2h0PSIxIiB4bWxucz0iaHR0cDovL3d3dy53My5vcmcvMjAwMC9zdmciPjwvc3ZnPg==\" class=\"lazyload\" style=\"--smush-placeholder-width: 555px; --smush-placeholder-aspect-ratio: 555\/300;\" \/>\n\t<p>Un laboratorio de control e instrumentaci\u00f3n de LJ combina hardware innovador y un plan de estudios interactivo basado en la nube que cubre la teor\u00eda de control, el control de motores, la detecci\u00f3n y la instrumentaci\u00f3n a trav\u00e9s de la programaci\u00f3n de PLC y SCADA.<\/p>\n<p>Este laboratorio permite a los estudiantes utilizar herramientas de instrumentaci\u00f3n f\u00edsica y virtual. Los recursos de este programa brindan una excelente capacitaci\u00f3n para habilidades en demanda del mundo real.<\/p>\n\t\t\t\t<img decoding=\"async\" data-src=\"https:\/\/ljcreate.com\/wp-content\/uploads\/2021\/09\/controlInstrumentationLabUkUs-1.png\" alt=\"controlInstrumentationLabUkUs\" itemprop=\"image\" height=\"637\" width=\"950\" title=\"controlInstrumentationLabUkUs\" onerror=\"this.style.display='none'\" src=\"data:image\/svg+xml;base64,PHN2ZyB3aWR0aD0iMSIgaGVpZ2h0PSIxIiB4bWxucz0iaHR0cDovL3d3dy53My5vcmcvMjAwMC9zdmciPjwvc3ZnPg==\" class=\"lazyload\" style=\"--smush-placeholder-width: 950px; --smush-placeholder-aspect-ratio: 950\/637;\" \/>\n<h5>\n\t\tUna configuraci\u00f3n t\u00edpica de laboratorio de control e instrumentaci\u00f3n podr\u00eda incluir los siguientes recursos:\n\t<\/h5>\n\t<ul>\n<li><a href=\"https:\/\/ljcreate.com\/es\/engineering\/complete-electronics-workstation-includes-320-00-to-320-61\/\">Estaciones de trabajo de electr\u00f3nica completas<\/a><\/li>\n<li><a href=\"https:\/\/ljcreate.com\/es\/engineering\/industrial-control-teaching-set-siemens\/\">Conjuntos de ense\u00f1anza de control industrial<\/a><\/li>\n<li><a href=\"https:\/\/ljcreate.com\/es\/engineering\/petra-ii-advanced-industrial-control-teaching-set\/\">Juegos de ense\u00f1anza Petra<\/a><\/li>\n<li><a href=\"https:\/\/ljcreate.com\/es\/engineering\/transducers-instrumentation-and-control-teaching-set\/\">Conjuntos did\u00e1cticos de transductores e instrumentaci\u00f3n<\/a><\/li>\n<li><a href=\"https:\/\/ljcreate.com\/es\/engineering\/analogue-and-digital-motor-control-teaching-set\/\">Juegos did\u00e1cticos de control de motores anal\u00f3gicos y digitales<\/a><\/li>\n<\/ul>\n\t\t\t\t<img decoding=\"async\" data-src=\"https:\/\/ljcreate.com\/wp-content\/uploads\/2021\/09\/industrialControlTrainer.jpg\" alt=\"industrialControlTrainer\" itemprop=\"image\" height=\"515\" width=\"526\" title=\"industrialControlTrainer\" onerror=\"this.style.display='none'\" src=\"data:image\/svg+xml;base64,PHN2ZyB3aWR0aD0iMSIgaGVpZ2h0PSIxIiB4bWxucz0iaHR0cDovL3d3dy53My5vcmcvMjAwMC9zdmciPjwvc3ZnPg==\" class=\"lazyload\" style=\"--smush-placeholder-width: 526px; --smush-placeholder-aspect-ratio: 526\/515;\" \/>\n<h2>\n\t\tNota aclaratoria:\n\t<\/h2>\n\t<p>No todos nuestros productos est\u00e1n disponibles con manuales\/curr\u00edculo\/contenido digital en Espa\u00f1ol. Favor de contactarnos para obtener m\u00e1s informaci\u00f3n al respecto.<\/p>\n<h2>\n\t\t Recursos: folletos\n\t<\/h2>\n\t\t\t\t\t\t<a href=\"\/wp-content\/uploads\/2021\/10\/engineeringTrainingResourcesBrochureUk.pdf\" target=\"_blank\" rel=\"noopener\">\n\t\t\t\t\t\t\t<img decoding=\"async\" data-src=\"https:\/\/ljcreate.com\/wp-content\/uploads\/2021\/09\/pdf_templateEngineering.png\" alt=\"pdf_templateEngineering\" src=\"data:image\/svg+xml;base64,PHN2ZyB3aWR0aD0iMSIgaGVpZ2h0PSIxIiB4bWxucz0iaHR0cDovL3d3dy53My5vcmcvMjAwMC9zdmciPjwvc3ZnPg==\" class=\"lazyload\" style=\"--smush-placeholder-width: 84px; --smush-placeholder-aspect-ratio: 84\/94;\" \/>\n\t\t\t\t\t\t<\/a>\n\t\t<p>Folleto de recursos de capacitaci\u00f3n en ingenier\u00eda<\/p>\n\t\t\t\t\n\t\t\t\t\t<a href=\"\/wp-content\/uploads\/2021\/10\/engineeringTrainingResourcesBrochureUk.pdf\" role=\"button\" target=\"_blank\" rel=\"noopener\">\n\t\t\t\t\t\tDownload\t\t\t\t\t<\/a>\n\t\t\t\t\n\t\t\t\t\t\t<a href=\"\/wp-content\/uploads\/2021\/10\/mechatronicsAutomotiveProductBrochure.pdf\" target=\"_blank\" rel=\"noopener\">\n\t\t\t\t\t\t\t<img decoding=\"async\" data-src=\"https:\/\/ljcreate.com\/wp-content\/uploads\/2021\/09\/pdf_templateAutoMech.png\" alt=\"pdf_templateAutoMech\" src=\"data:image\/svg+xml;base64,PHN2ZyB3aWR0aD0iMSIgaGVpZ2h0PSIxIiB4bWxucz0iaHR0cDovL3d3dy53My5vcmcvMjAwMC9zdmciPjwvc3ZnPg==\" class=\"lazyload\" style=\"--smush-placeholder-width: 84px; --smush-placeholder-aspect-ratio: 84\/94;\" \/>\n\t\t\t\t\t\t<\/a>\n\t\t<p>Folleto de mecatr\u00f3nica y automoci\u00f3n<\/p>\n\t\t\t\t\n\t\t\t\t\t<a href=\"\/wp-content\/uploads\/2021\/10\/mechatronicsAutomotiveProductBrochure.pdf\" role=\"button\" target=\"_blank\" rel=\"noopener\">\n\t\t\t\t\t\tDownload\t\t\t\t\t<\/a>\n\t\t\t\t\n\t\t\t\t\t\t<a href=\"\/wp-content\/uploads\/2021\/10\/plcTrainingSystemsMailerUk.pdf\" target=\"_blank\" rel=\"noopener\">\n\t\t\t\t\t\t\t<img decoding=\"async\" data-src=\"https:\/\/ljcreate.com\/wp-content\/uploads\/2021\/09\/pdf_templatePlcs.png\" alt=\"pdf_templatePlcs\" src=\"data:image\/svg+xml;base64,PHN2ZyB3aWR0aD0iMSIgaGVpZ2h0PSIxIiB4bWxucz0iaHR0cDovL3d3dy53My5vcmcvMjAwMC9zdmciPjwvc3ZnPg==\" class=\"lazyload\" style=\"--smush-placeholder-width: 84px; --smush-placeholder-aspect-ratio: 84\/94;\" \/>\n\t\t\t\t\t\t<\/a>\n\t\t<p>Entrenamiento PLC <br \/>Correo de sistemas<\/p>\n\t\t\t\t\n\t\t\t\t\t<a href=\"\/wp-content\/uploads\/2021\/10\/plcTrainingSystemsMailerUk.pdf\" role=\"button\" target=\"_blank\" rel=\"noopener\">\n\t\t\t\t\t\tDownload\t\t\t\t\t<\/a>\n\t\t\t\t\n\t\t\t\t\t\t<a href=\"\/wp-content\/uploads\/2021\/10\/tLevelResourcesMailerUk.pdf\" target=\"_blank\" rel=\"noopener\">\n\t\t\t\t\t\t\t<img decoding=\"async\" data-src=\"https:\/\/ljcreate.com\/wp-content\/uploads\/2021\/09\/pdf_templateTLevels.png\" alt=\"pdf_templateTLevels\" src=\"data:image\/svg+xml;base64,PHN2ZyB3aWR0aD0iMSIgaGVpZ2h0PSIxIiB4bWxucz0iaHR0cDovL3d3dy53My5vcmcvMjAwMC9zdmciPjwvc3ZnPg==\" class=\"lazyload\" style=\"--smush-placeholder-width: 84px; --smush-placeholder-aspect-ratio: 84\/94;\" \/>\n\t\t\t\t\t\t<\/a>\n\t\t<p> Recursos de <br \/>T-Level Remitente<\/p>\n\t\t\t\t\n\t\t\t\t\t<a href=\"\/wp-content\/uploads\/2021\/10\/tLevelResourcesMailerUk.pdf\" role=\"button\" target=\"_blank\" rel=\"noopener\">\n\t\t\t\t\t\tDownload\t\t\t\t\t<\/a>\n\t\t\t\t\n\t\t\t\t\t\t<a href=\"\/wp-content\/uploads\/2021\/09\/distanceLearningEngineeringMailerUk.pdf\" target=\"_blank\" rel=\"noopener\">\n\t\t\t\t\t\t\t<img decoding=\"async\" data-src=\"https:\/\/ljcreate.com\/wp-content\/uploads\/2021\/09\/pdf_templateDistLearn.png\" alt=\"pdf_templateDistLearn\" src=\"data:image\/svg+xml;base64,PHN2ZyB3aWR0aD0iMSIgaGVpZ2h0PSIxIiB4bWxucz0iaHR0cDovL3d3dy53My5vcmcvMjAwMC9zdmciPjwvc3ZnPg==\" class=\"lazyload\" style=\"--smush-placeholder-width: 84px; --smush-placeholder-aspect-ratio: 84\/94;\" \/>\n\t\t\t\t\t\t<\/a>\n\t\t<p>Anuncio publicitario de aprendizaje a distancia (ingenier\u00eda)<\/p>\n\t\t\t\t\n\t\t\t\t\t<a href=\"\/wp-content\/uploads\/2021\/09\/distanceLearningEngineeringMailerUk.pdf\" role=\"button\" target=\"_blank\" rel=\"noopener\">\n\t\t\t\t\t\tDownload\t\t\t\t\t<\/a>\n\t\t\t\t\n\t\t\t\t\t\t<a href=\"\/wp-content\/uploads\/2021\/10\/innovativeLearningSpacesBrochureUk.pdf\" target=\"_blank\" rel=\"noopener\">\n\t\t\t\t\t\t\t<img decoding=\"async\" data-src=\"https:\/\/ljcreate.com\/wp-content\/uploads\/2021\/09\/pdf_templateInnovativeSpace-1.png\" alt=\"pdf_templateInnovativeSpace\" src=\"data:image\/svg+xml;base64,PHN2ZyB3aWR0aD0iMSIgaGVpZ2h0PSIxIiB4bWxucz0iaHR0cDovL3d3dy53My5vcmcvMjAwMC9zdmciPjwvc3ZnPg==\" class=\"lazyload\" style=\"--smush-placeholder-width: 84px; --smush-placeholder-aspect-ratio: 84\/94;\" \/>\n\t\t\t\t\t\t<\/a>\n\t\t<p>Folleto de espacios de aprendizaje innovadores<\/p>\n\t\t\t\t\n\t\t\t\t\t<a href=\"\/wp-content\/uploads\/2021\/10\/innovativeLearningSpacesBrochureUk.pdf\" role=\"button\" target=\"_blank\" rel=\"noopener\">\n\t\t\t\t\t\tDownload\t\t\t\t\t<\/a>\n\t\t\t\t\n\n","protected":false},"excerpt":{"rendered":"<p>Home &gt; Ingenieria &gt; Soluciones de laboratorio completas &gt; Control e instrumentaci\u00f3n La tecnolog\u00eda de control e instrumentaci\u00f3n es un elemento central de los sistemas tecnol\u00f3gicos modernos. Un laboratorio de control e instrumentaci\u00f3n de LJ combina hardware innovador y un plan de estudios interactivo basado en la nube que cubre la teor\u00eda de control, el&hellip;<\/p>\n","protected":false},"author":1,"featured_media":0,"parent":26624,"menu_order":1,"comment_status":"closed","ping_status":"closed","template":"","meta":{"_acf_changed":false,"inline_featured_image":false,"footnotes":""},"class_list":["post-26626","page","type-page","status-publish","hentry"],"acf":[],"yoast_head":"<!-- This site is optimized with the Yoast SEO plugin v27.3 - https:\/\/yoast.com\/product\/yoast-seo-wordpress\/ -->\n<title>Control e instrumentaci\u00f3n para el aprendizaje de habilidades de Ingenier\u00eda | LJ Create<\/title>\n<meta name=\"description\" content=\"Nuestro laboratorio de Control e Instrumentaci\u00f3n combina equipo innovador y un plan de estudios interactivo basado en la nube para brindar una excelente capacitaci\u00f3n para habilidades demandas en el mundo real.\" \/>\n<meta name=\"robots\" content=\"index, follow, max-snippet:-1, max-image-preview:large, max-video-preview:-1\" \/>\n<link rel=\"canonical\" href=\"https:\/\/ljcreate.com\/es\/ingenieria\/soluciones-de-laboratorio-completas\/control-e-instrumentacion\/\" \/>\n<meta property=\"og:locale\" content=\"es_ES\" \/>\n<meta property=\"og:type\" content=\"article\" \/>\n<meta property=\"og:title\" content=\"Control e instrumentaci\u00f3n para el aprendizaje de habilidades de Ingenier\u00eda | LJ Create\" \/>\n<meta property=\"og:description\" content=\"Nuestro laboratorio de Control e Instrumentaci\u00f3n combina equipo innovador y un plan de estudios interactivo basado en la nube para brindar una excelente capacitaci\u00f3n para habilidades demandas en el mundo real.\" \/>\n<meta property=\"og:url\" content=\"https:\/\/ljcreate.com\/es\/ingenieria\/soluciones-de-laboratorio-completas\/control-e-instrumentacion\/\" \/>\n<meta property=\"og:site_name\" content=\"LJ Create\" \/>\n<meta property=\"article:modified_time\" content=\"2023-03-21T11:30:12+00:00\" \/>\n<meta property=\"og:image\" content=\"https:\/\/ljcreate.com\/wp-content\/uploads\/2021\/09\/industrialControlStudents.png\" \/>\n<meta name=\"twitter:card\" content=\"summary_large_image\" \/>\n<meta name=\"twitter:label1\" content=\"Tiempo de lectura\" \/>\n\t<meta name=\"twitter:data1\" content=\"1 minuto\" \/>\n<script type=\"application\/ld+json\" class=\"yoast-schema-graph\">{\"@context\":\"https:\\\/\\\/schema.org\",\"@graph\":[{\"@type\":\"WebPage\",\"@id\":\"https:\\\/\\\/ljcreate.com\\\/es\\\/ingenieria\\\/soluciones-de-laboratorio-completas\\\/control-e-instrumentacion\\\/\",\"url\":\"https:\\\/\\\/ljcreate.com\\\/es\\\/ingenieria\\\/soluciones-de-laboratorio-completas\\\/control-e-instrumentacion\\\/\",\"name\":\"Control e instrumentaci\u00f3n para el aprendizaje de habilidades de Ingenier\u00eda | LJ Create\",\"isPartOf\":{\"@id\":\"https:\\\/\\\/ljcreate.com\\\/es\\\/#website\"},\"primaryImageOfPage\":{\"@id\":\"https:\\\/\\\/ljcreate.com\\\/es\\\/ingenieria\\\/soluciones-de-laboratorio-completas\\\/control-e-instrumentacion\\\/#primaryimage\"},\"image\":{\"@id\":\"https:\\\/\\\/ljcreate.com\\\/es\\\/ingenieria\\\/soluciones-de-laboratorio-completas\\\/control-e-instrumentacion\\\/#primaryimage\"},\"thumbnailUrl\":\"https:\\\/\\\/ljcreate.com\\\/wp-content\\\/uploads\\\/2021\\\/09\\\/industrialControlStudents.png\",\"datePublished\":\"2021-10-26T11:50:37+00:00\",\"dateModified\":\"2023-03-21T11:30:12+00:00\",\"description\":\"Nuestro laboratorio de Control e Instrumentaci\u00f3n combina equipo innovador y un plan de estudios interactivo basado en la nube para brindar una excelente capacitaci\u00f3n para habilidades demandas en el mundo real.\",\"breadcrumb\":{\"@id\":\"https:\\\/\\\/ljcreate.com\\\/es\\\/ingenieria\\\/soluciones-de-laboratorio-completas\\\/control-e-instrumentacion\\\/#breadcrumb\"},\"inLanguage\":\"es\",\"potentialAction\":[{\"@type\":\"ReadAction\",\"target\":[\"https:\\\/\\\/ljcreate.com\\\/es\\\/ingenieria\\\/soluciones-de-laboratorio-completas\\\/control-e-instrumentacion\\\/\"]}]},{\"@type\":\"ImageObject\",\"inLanguage\":\"es\",\"@id\":\"https:\\\/\\\/ljcreate.com\\\/es\\\/ingenieria\\\/soluciones-de-laboratorio-completas\\\/control-e-instrumentacion\\\/#primaryimage\",\"url\":\"https:\\\/\\\/ljcreate.com\\\/wp-content\\\/uploads\\\/2021\\\/09\\\/industrialControlStudents.png\",\"contentUrl\":\"https:\\\/\\\/ljcreate.com\\\/wp-content\\\/uploads\\\/2021\\\/09\\\/industrialControlStudents.png\"},{\"@type\":\"BreadcrumbList\",\"@id\":\"https:\\\/\\\/ljcreate.com\\\/es\\\/ingenieria\\\/soluciones-de-laboratorio-completas\\\/control-e-instrumentacion\\\/#breadcrumb\",\"itemListElement\":[{\"@type\":\"ListItem\",\"position\":1,\"name\":\"Home\",\"item\":\"https:\\\/\\\/ljcreate.com\\\/es\\\/\"},{\"@type\":\"ListItem\",\"position\":2,\"name\":\"Ingenieria\",\"item\":\"https:\\\/\\\/ljcreate.com\\\/es\\\/ingenieria\\\/\"},{\"@type\":\"ListItem\",\"position\":3,\"name\":\"Soluciones de laboratorio completas\",\"item\":\"https:\\\/\\\/ljcreate.com\\\/es\\\/ingenieria\\\/soluciones-de-laboratorio-completas\\\/\"},{\"@type\":\"ListItem\",\"position\":4,\"name\":\"Control e instrumentaci\u00f3n\"}]},{\"@type\":\"WebSite\",\"@id\":\"https:\\\/\\\/ljcreate.com\\\/es\\\/#website\",\"url\":\"https:\\\/\\\/ljcreate.com\\\/es\\\/\",\"name\":\"LJ Create\",\"description\":\"Innovate, Inspire, and Engage\",\"publisher\":{\"@id\":\"https:\\\/\\\/ljcreate.com\\\/es\\\/#organization\"},\"alternateName\":\"Creative Learning (Norwich) Limited\",\"potentialAction\":[{\"@type\":\"SearchAction\",\"target\":{\"@type\":\"EntryPoint\",\"urlTemplate\":\"https:\\\/\\\/ljcreate.com\\\/es\\\/?s={search_term_string}\"},\"query-input\":{\"@type\":\"PropertyValueSpecification\",\"valueRequired\":true,\"valueName\":\"search_term_string\"}}],\"inLanguage\":\"es\"},{\"@type\":\"Organization\",\"@id\":\"https:\\\/\\\/ljcreate.com\\\/es\\\/#organization\",\"name\":\"LJ Create\",\"url\":\"https:\\\/\\\/ljcreate.com\\\/es\\\/\",\"logo\":{\"@type\":\"ImageObject\",\"inLanguage\":\"es\",\"@id\":\"https:\\\/\\\/ljcreate.com\\\/es\\\/#\\\/schema\\\/logo\\\/image\\\/\",\"url\":\"https:\\\/\\\/ljcreate.com\\\/wp-content\\\/uploads\\\/2021\\\/07\\\/logo.svg\",\"contentUrl\":\"https:\\\/\\\/ljcreate.com\\\/wp-content\\\/uploads\\\/2021\\\/07\\\/logo.svg\",\"width\":\"1024\",\"height\":\"1024\",\"caption\":\"LJ Create\"},\"image\":{\"@id\":\"https:\\\/\\\/ljcreate.com\\\/es\\\/#\\\/schema\\\/logo\\\/image\\\/\"}}]}<\/script>\n<!-- \/ Yoast SEO plugin. -->","yoast_head_json":{"title":"Control e instrumentaci\u00f3n para el aprendizaje de habilidades de Ingenier\u00eda | LJ Create","description":"Nuestro laboratorio de Control e Instrumentaci\u00f3n combina equipo innovador y un plan de estudios interactivo basado en la nube para brindar una excelente capacitaci\u00f3n para habilidades demandas en el mundo real.","robots":{"index":"index","follow":"follow","max-snippet":"max-snippet:-1","max-image-preview":"max-image-preview:large","max-video-preview":"max-video-preview:-1"},"canonical":"https:\/\/ljcreate.com\/es\/ingenieria\/soluciones-de-laboratorio-completas\/control-e-instrumentacion\/","og_locale":"es_ES","og_type":"article","og_title":"Control e instrumentaci\u00f3n para el aprendizaje de habilidades de Ingenier\u00eda | LJ Create","og_description":"Nuestro laboratorio de Control e Instrumentaci\u00f3n combina equipo innovador y un plan de estudios interactivo basado en la nube para brindar una excelente capacitaci\u00f3n para habilidades demandas en el mundo real.","og_url":"https:\/\/ljcreate.com\/es\/ingenieria\/soluciones-de-laboratorio-completas\/control-e-instrumentacion\/","og_site_name":"LJ Create","article_modified_time":"2023-03-21T11:30:12+00:00","og_image":[{"url":"https:\/\/ljcreate.com\/wp-content\/uploads\/2021\/09\/industrialControlStudents.png","type":"","width":"","height":""}],"twitter_card":"summary_large_image","twitter_misc":{"Tiempo de lectura":"1 minuto"},"schema":{"@context":"https:\/\/schema.org","@graph":[{"@type":"WebPage","@id":"https:\/\/ljcreate.com\/es\/ingenieria\/soluciones-de-laboratorio-completas\/control-e-instrumentacion\/","url":"https:\/\/ljcreate.com\/es\/ingenieria\/soluciones-de-laboratorio-completas\/control-e-instrumentacion\/","name":"Control e instrumentaci\u00f3n para el aprendizaje de habilidades de Ingenier\u00eda | LJ Create","isPartOf":{"@id":"https:\/\/ljcreate.com\/es\/#website"},"primaryImageOfPage":{"@id":"https:\/\/ljcreate.com\/es\/ingenieria\/soluciones-de-laboratorio-completas\/control-e-instrumentacion\/#primaryimage"},"image":{"@id":"https:\/\/ljcreate.com\/es\/ingenieria\/soluciones-de-laboratorio-completas\/control-e-instrumentacion\/#primaryimage"},"thumbnailUrl":"https:\/\/ljcreate.com\/wp-content\/uploads\/2021\/09\/industrialControlStudents.png","datePublished":"2021-10-26T11:50:37+00:00","dateModified":"2023-03-21T11:30:12+00:00","description":"Nuestro laboratorio de Control e Instrumentaci\u00f3n combina equipo innovador y un plan de estudios interactivo basado en la nube para brindar una excelente capacitaci\u00f3n para habilidades demandas en el mundo real.","breadcrumb":{"@id":"https:\/\/ljcreate.com\/es\/ingenieria\/soluciones-de-laboratorio-completas\/control-e-instrumentacion\/#breadcrumb"},"inLanguage":"es","potentialAction":[{"@type":"ReadAction","target":["https:\/\/ljcreate.com\/es\/ingenieria\/soluciones-de-laboratorio-completas\/control-e-instrumentacion\/"]}]},{"@type":"ImageObject","inLanguage":"es","@id":"https:\/\/ljcreate.com\/es\/ingenieria\/soluciones-de-laboratorio-completas\/control-e-instrumentacion\/#primaryimage","url":"https:\/\/ljcreate.com\/wp-content\/uploads\/2021\/09\/industrialControlStudents.png","contentUrl":"https:\/\/ljcreate.com\/wp-content\/uploads\/2021\/09\/industrialControlStudents.png"},{"@type":"BreadcrumbList","@id":"https:\/\/ljcreate.com\/es\/ingenieria\/soluciones-de-laboratorio-completas\/control-e-instrumentacion\/#breadcrumb","itemListElement":[{"@type":"ListItem","position":1,"name":"Home","item":"https:\/\/ljcreate.com\/es\/"},{"@type":"ListItem","position":2,"name":"Ingenieria","item":"https:\/\/ljcreate.com\/es\/ingenieria\/"},{"@type":"ListItem","position":3,"name":"Soluciones de laboratorio completas","item":"https:\/\/ljcreate.com\/es\/ingenieria\/soluciones-de-laboratorio-completas\/"},{"@type":"ListItem","position":4,"name":"Control e instrumentaci\u00f3n"}]},{"@type":"WebSite","@id":"https:\/\/ljcreate.com\/es\/#website","url":"https:\/\/ljcreate.com\/es\/","name":"LJ Create","description":"Innovate, Inspire, and Engage","publisher":{"@id":"https:\/\/ljcreate.com\/es\/#organization"},"alternateName":"Creative Learning (Norwich) Limited","potentialAction":[{"@type":"SearchAction","target":{"@type":"EntryPoint","urlTemplate":"https:\/\/ljcreate.com\/es\/?s={search_term_string}"},"query-input":{"@type":"PropertyValueSpecification","valueRequired":true,"valueName":"search_term_string"}}],"inLanguage":"es"},{"@type":"Organization","@id":"https:\/\/ljcreate.com\/es\/#organization","name":"LJ Create","url":"https:\/\/ljcreate.com\/es\/","logo":{"@type":"ImageObject","inLanguage":"es","@id":"https:\/\/ljcreate.com\/es\/#\/schema\/logo\/image\/","url":"https:\/\/ljcreate.com\/wp-content\/uploads\/2021\/07\/logo.svg","contentUrl":"https:\/\/ljcreate.com\/wp-content\/uploads\/2021\/07\/logo.svg","width":"1024","height":"1024","caption":"LJ Create"},"image":{"@id":"https:\/\/ljcreate.com\/es\/#\/schema\/logo\/image\/"}}]}},"_links":{"self":[{"href":"https:\/\/ljcreate.com\/es\/wp-json\/wp\/v2\/pages\/26626","targetHints":{"allow":["GET"]}}],"collection":[{"href":"https:\/\/ljcreate.com\/es\/wp-json\/wp\/v2\/pages"}],"about":[{"href":"https:\/\/ljcreate.com\/es\/wp-json\/wp\/v2\/types\/page"}],"author":[{"embeddable":true,"href":"https:\/\/ljcreate.com\/es\/wp-json\/wp\/v2\/users\/1"}],"replies":[{"embeddable":true,"href":"https:\/\/ljcreate.com\/es\/wp-json\/wp\/v2\/comments?post=26626"}],"version-history":[{"count":3,"href":"https:\/\/ljcreate.com\/es\/wp-json\/wp\/v2\/pages\/26626\/revisions"}],"predecessor-version":[{"id":41268,"href":"https:\/\/ljcreate.com\/es\/wp-json\/wp\/v2\/pages\/26626\/revisions\/41268"}],"up":[{"embeddable":true,"href":"https:\/\/ljcreate.com\/es\/wp-json\/wp\/v2\/pages\/26624"}],"wp:attachment":[{"href":"https:\/\/ljcreate.com\/es\/wp-json\/wp\/v2\/media?parent=26626"}],"curies":[{"name":"wp","href":"https:\/\/api.w.org\/{rel}","templated":true}]}}