{"id":26625,"date":"2021-10-26T06:47:30","date_gmt":"2021-10-26T11:47:30","guid":{"rendered":"https:\/\/alpha.ljcreate.com\/ingenieria\/soluciones-de-laboratorio-completas\/tecnologia-de-ingenieria\/"},"modified":"2023-03-30T14:48:43","modified_gmt":"2023-03-30T13:48:43","slug":"tecnologia-de-ingenieria","status":"publish","type":"page","link":"https:\/\/ljcreate.com\/es\/ingenieria\/soluciones-de-laboratorio-completas\/tecnologia-de-ingenieria\/","title":{"rendered":"Tecnolog\u00eda de ingenier\u00eda"},"content":{"rendered":"\n\n\t<a href=\"https:\/\/ljcreate.com\/es\/\">Home<\/a> &gt; <a href=\"https:\/\/ljcreate.com\/es\/ingenieria\/\">Ingenieria<\/a> &gt; <a href=\"https:\/\/ljcreate.com\/es\/ingenieria\/soluciones-de-laboratorio-completas\/\">Soluciones de laboratorio completas<\/a> &gt; Tecnolog\u00eda de ingenier\u00eda\n\t<p>Se requieren conocimientos y habilidades de ingenier\u00eda para trabajar en una amplia gama de sectores industriales.<\/p>\n\t\t\t\t<img decoding=\"async\" data-src=\"https:\/\/ljcreate.com\/wp-content\/uploads\/2021\/10\/engineeringTechnologyHeader.png\" alt=\"ingenier\u00edaTecnolog\u00edaEncabezado\" itemprop=\"image\" height=\"300\" width=\"555\" title=\"ingenier\u00edaTecnolog\u00edaEncabezado\" onerror=\"this.style.display='none'\" src=\"data:image\/svg+xml;base64,PHN2ZyB3aWR0aD0iMSIgaGVpZ2h0PSIxIiB4bWxucz0iaHR0cDovL3d3dy53My5vcmcvMjAwMC9zdmciPjwvc3ZnPg==\" class=\"lazyload\" style=\"--smush-placeholder-width: 555px; --smush-placeholder-aspect-ratio: 555\/300;\" \/>\n\t<p>Un laboratorio de tecnolog\u00eda de ingenier\u00eda de LJ Create puede dise\u00f1arse para proporcionar una introducci\u00f3n a una amplia gama de tecnolog\u00edas y habilidades de ingenier\u00eda, o puede tener un enfoque espec\u00edfico en electricidad y electr\u00f3nica, o mantenimiento industrial.<\/p>\n<p>Una combinaci\u00f3n de capacitadores de calidad y aprendizaje activo proporciona a sus estudiantes las habilidades que necesitan para tener \u00e9xito en una carrera de ingenier\u00eda. Los estudiantes explorar\u00e1n tecnolog\u00edas de ingenier\u00eda como el control, la energ\u00eda de fluidos y la electr\u00f3nica que est\u00e1n integradas y aplicadas en una amplia gama de aplicaciones diferentes.<\/p>\n<p>Un laboratorio de tecnolog\u00eda de ingenier\u00eda se puede personalizar para satisfacer las necesidades de su programa espec\u00edfico.<\/p>\n\t\t\t\t<img decoding=\"async\" data-src=\"https:\/\/ljcreate.com\/wp-content\/uploads\/2021\/09\/engineeringTechnologyLabUkUs-1.png\" alt=\"ingenier\u00edaTecnolog\u00edaLabUkUs\" itemprop=\"image\" height=\"619\" width=\"950\" title=\"ingenier\u00edaTecnolog\u00edaLabUkUs\" onerror=\"this.style.display='none'\" src=\"data:image\/svg+xml;base64,PHN2ZyB3aWR0aD0iMSIgaGVpZ2h0PSIxIiB4bWxucz0iaHR0cDovL3d3dy53My5vcmcvMjAwMC9zdmciPjwvc3ZnPg==\" class=\"lazyload\" style=\"--smush-placeholder-width: 950px; --smush-placeholder-aspect-ratio: 950\/619;\" \/>\n<h5>\n\t\tUna configuraci\u00f3n t\u00edpica de laboratorio de tecnolog\u00eda de ingenier\u00eda podr\u00eda incluir los siguientes recursos:\n\t<\/h5>\n\t<ul>\n<li><a href=\"\/es\/stem-career-exploration\/green-energy-in-buildings-trainer\/\">Entrenador de Energ\u00eda Renovables en Edificios<\/a><\/li>\n<li><a href=\"\/es\/engineering\/complete-electronics-workstation-includes-320-00-to-320-61\/\">Estaciones de trabajo de electr\u00f3nica completas<\/a><\/li>\n<li>M\u00e1quinas de creaci\u00f3n r\u00e1pida de prototipos<\/li>\n<li><a href=\"\/es\/engineering\/injection-molding-trainer\/\">Entrenadores de moldeo por inyecci\u00f3n<\/a><\/li>\n<li><a href=\"https:\/\/ljcreate.com\/es\/engineering\/industrial-control-trainer\/\">Entrenador de control industrial<\/a><\/li>\n<li><a href=\"https:\/\/ljcreate.com\/es\/engineering\/hydraulics-trainer\/\">Entrenador de Hidr\u00e1ulica<\/a><\/li>\n<li><a href=\"https:\/\/ljcreate.com\/es\/engineering\/mechanisms-trainer\/\">Entrenador de Mecanismos<\/a><\/li>\n<li><a href=\"https:\/\/ljcreate.com\/es\/engineering\/pneumatics-trainer\/\">Entrenador de neum\u00e1tica<\/a><\/li>\n<\/ul>\n\t\t\t\t<img decoding=\"async\" data-src=\"https:\/\/ljcreate.com\/wp-content\/uploads\/2021\/11\/thermoject.png\" alt=\"Injection Moulding Trainer\" itemprop=\"image\" height=\"514\" width=\"526\" title=\"thermoject\" onerror=\"this.style.display='none'\" src=\"data:image\/svg+xml;base64,PHN2ZyB3aWR0aD0iMSIgaGVpZ2h0PSIxIiB4bWxucz0iaHR0cDovL3d3dy53My5vcmcvMjAwMC9zdmciPjwvc3ZnPg==\" class=\"lazyload\" style=\"--smush-placeholder-width: 526px; --smush-placeholder-aspect-ratio: 526\/514;\" \/>\n<h2>\n\t\tNota aclaratoria:\n\t<\/h2>\n\t<p>No todos nuestros productos est\u00e1n disponibles con manuales\/curr\u00edculo\/contenido digital en Espa\u00f1ol. Favor de contactarnos para obtener m\u00e1s informaci\u00f3n al respecto.<\/p>\n<h2>\n\t\t Recursos: folletos\n\t<\/h2>\n\t\t\t\t\t\t<a href=\"\/wp-content\/uploads\/2021\/10\/engineeringTrainingResourcesBrochureUk.pdf\" target=\"_blank\" rel=\"noopener\">\n\t\t\t\t\t\t\t<img decoding=\"async\" data-src=\"https:\/\/ljcreate.com\/wp-content\/uploads\/2021\/09\/pdf_templateEngineering.png\" alt=\"pdf_templateEngineering\" src=\"data:image\/svg+xml;base64,PHN2ZyB3aWR0aD0iMSIgaGVpZ2h0PSIxIiB4bWxucz0iaHR0cDovL3d3dy53My5vcmcvMjAwMC9zdmciPjwvc3ZnPg==\" class=\"lazyload\" style=\"--smush-placeholder-width: 84px; --smush-placeholder-aspect-ratio: 84\/94;\" \/>\n\t\t\t\t\t\t<\/a>\n\t\t<p>Folleto de recursos de capacitaci\u00f3n en ingenier\u00eda<\/p>\n\t\t\t\t\n\t\t\t\t\t<a href=\"\/wp-content\/uploads\/2021\/10\/engineeringTrainingResourcesBrochureUk.pdf\" role=\"button\" target=\"_blank\" rel=\"noopener\">\n\t\t\t\t\t\tDownload\t\t\t\t\t<\/a>\n\t\t\t\t\n\t\t\t\t\t\t<a href=\"\/wp-content\/uploads\/2021\/10\/mechatronicsAutomotiveProductBrochure.pdf\" target=\"_blank\" rel=\"noopener\">\n\t\t\t\t\t\t\t<img decoding=\"async\" data-src=\"https:\/\/ljcreate.com\/wp-content\/uploads\/2021\/09\/pdf_templateAutoMech.png\" alt=\"pdf_templateAutoMech\" src=\"data:image\/svg+xml;base64,PHN2ZyB3aWR0aD0iMSIgaGVpZ2h0PSIxIiB4bWxucz0iaHR0cDovL3d3dy53My5vcmcvMjAwMC9zdmciPjwvc3ZnPg==\" class=\"lazyload\" style=\"--smush-placeholder-width: 84px; --smush-placeholder-aspect-ratio: 84\/94;\" \/>\n\t\t\t\t\t\t<\/a>\n\t\t<p>Folleto de mecatr\u00f3nica y automoci\u00f3n<\/p>\n\t\t\t\t\n\t\t\t\t\t<a href=\"\/wp-content\/uploads\/2021\/10\/mechatronicsAutomotiveProductBrochure.pdf\" role=\"button\" target=\"_blank\" rel=\"noopener\">\n\t\t\t\t\t\tDownload\t\t\t\t\t<\/a>\n\t\t\t\t\n\t\t\t\t\t\t<a href=\"\/wp-content\/uploads\/2021\/10\/plcTrainingSystemsMailerUk.pdf\" target=\"_blank\" rel=\"noopener\">\n\t\t\t\t\t\t\t<img decoding=\"async\" data-src=\"https:\/\/ljcreate.com\/wp-content\/uploads\/2021\/09\/pdf_templatePlcs.png\" alt=\"pdf_templatePlcs\" src=\"data:image\/svg+xml;base64,PHN2ZyB3aWR0aD0iMSIgaGVpZ2h0PSIxIiB4bWxucz0iaHR0cDovL3d3dy53My5vcmcvMjAwMC9zdmciPjwvc3ZnPg==\" class=\"lazyload\" style=\"--smush-placeholder-width: 84px; --smush-placeholder-aspect-ratio: 84\/94;\" \/>\n\t\t\t\t\t\t<\/a>\n\t\t<p>Entrenamiento PLC <br \/>Correo de sistemas<\/p>\n\t\t\t\t\n\t\t\t\t\t<a href=\"\/wp-content\/uploads\/2021\/10\/plcTrainingSystemsMailerUk.pdf\" role=\"button\" target=\"_blank\" rel=\"noopener\">\n\t\t\t\t\t\tDownload\t\t\t\t\t<\/a>\n\t\t\t\t\n\t\t\t\t\t\t<a href=\"\/wp-content\/uploads\/2021\/10\/tLevelResourcesMailerUk.pdf\" target=\"_blank\" rel=\"noopener\">\n\t\t\t\t\t\t\t<img decoding=\"async\" data-src=\"https:\/\/ljcreate.com\/wp-content\/uploads\/2021\/09\/pdf_templateTLevels.png\" alt=\"pdf_templateTLevels\" src=\"data:image\/svg+xml;base64,PHN2ZyB3aWR0aD0iMSIgaGVpZ2h0PSIxIiB4bWxucz0iaHR0cDovL3d3dy53My5vcmcvMjAwMC9zdmciPjwvc3ZnPg==\" class=\"lazyload\" style=\"--smush-placeholder-width: 84px; --smush-placeholder-aspect-ratio: 84\/94;\" \/>\n\t\t\t\t\t\t<\/a>\n\t\t<p> Recursos de <br \/>T-Level Remitente<\/p>\n\t\t\t\t\n\t\t\t\t\t<a href=\"\/wp-content\/uploads\/2021\/10\/tLevelResourcesMailerUk.pdf\" role=\"button\" target=\"_blank\" rel=\"noopener\">\n\t\t\t\t\t\tDownload\t\t\t\t\t<\/a>\n\t\t\t\t\n\t\t\t\t\t\t<a href=\"\/wp-content\/uploads\/2021\/09\/distanceLearningEngineeringMailerUk.pdf\" target=\"_blank\" rel=\"noopener\">\n\t\t\t\t\t\t\t<img decoding=\"async\" data-src=\"https:\/\/ljcreate.com\/wp-content\/uploads\/2021\/09\/pdf_templateDistLearn.png\" alt=\"pdf_templateDistLearn\" src=\"data:image\/svg+xml;base64,PHN2ZyB3aWR0aD0iMSIgaGVpZ2h0PSIxIiB4bWxucz0iaHR0cDovL3d3dy53My5vcmcvMjAwMC9zdmciPjwvc3ZnPg==\" class=\"lazyload\" style=\"--smush-placeholder-width: 84px; --smush-placeholder-aspect-ratio: 84\/94;\" \/>\n\t\t\t\t\t\t<\/a>\n\t\t<p>Anuncio publicitario de aprendizaje a distancia (ingenier\u00eda)<\/p>\n\t\t\t\t\n\t\t\t\t\t<a href=\"\/wp-content\/uploads\/2021\/09\/distanceLearningEngineeringMailerUk.pdf\" role=\"button\" target=\"_blank\" rel=\"noopener\">\n\t\t\t\t\t\tDownload\t\t\t\t\t<\/a>\n\t\t\t\t\n\t\t\t\t\t\t<a href=\"\/wp-content\/uploads\/2021\/10\/innovativeLearningSpacesBrochureUk.pdf\" target=\"_blank\" rel=\"noopener\">\n\t\t\t\t\t\t\t<img decoding=\"async\" data-src=\"https:\/\/ljcreate.com\/wp-content\/uploads\/2021\/09\/pdf_templateInnovativeSpace-1.png\" alt=\"pdf_templateInnovativeSpace\" src=\"data:image\/svg+xml;base64,PHN2ZyB3aWR0aD0iMSIgaGVpZ2h0PSIxIiB4bWxucz0iaHR0cDovL3d3dy53My5vcmcvMjAwMC9zdmciPjwvc3ZnPg==\" class=\"lazyload\" style=\"--smush-placeholder-width: 84px; --smush-placeholder-aspect-ratio: 84\/94;\" \/>\n\t\t\t\t\t\t<\/a>\n\t\t<p>Folleto de espacios de aprendizaje innovadores<\/p>\n\t\t\t\t\n\t\t\t\t\t<a href=\"\/wp-content\/uploads\/2021\/10\/innovativeLearningSpacesBrochureUk.pdf\" role=\"button\" target=\"_blank\" rel=\"noopener\">\n\t\t\t\t\t\tDownload\t\t\t\t\t<\/a>\n\t\t\t\t\n\n","protected":false},"excerpt":{"rendered":"<p>Home &gt; Ingenieria &gt; Soluciones de laboratorio completas &gt; Tecnolog\u00eda de ingenier\u00eda Se requieren conocimientos y habilidades de ingenier\u00eda para trabajar en una amplia gama de sectores industriales. Un laboratorio de tecnolog\u00eda de ingenier\u00eda de LJ Create puede dise\u00f1arse para proporcionar una introducci\u00f3n a una amplia gama de tecnolog\u00edas y habilidades de ingenier\u00eda, o puede&hellip;<\/p>\n","protected":false},"author":1,"featured_media":0,"parent":26624,"menu_order":0,"comment_status":"closed","ping_status":"closed","template":"","meta":{"_acf_changed":false,"inline_featured_image":false,"footnotes":""},"class_list":["post-26625","page","type-page","status-publish","hentry"],"acf":[],"yoast_head":"<!-- This site is optimized with the Yoast SEO plugin v27.3 - https:\/\/yoast.com\/product\/yoast-seo-wordpress\/ -->\n<title>Laboratorios de Ingenier\u00eda para el aprendizaje de habilidades industriales | LJ Create<\/title>\n<meta name=\"description\" content=\"Nuestro Laboratorio de Ingenier\u00eda introduce a los estudiantes a una variedad de tecnolog\u00edas y habilidades de la industria de la ingenier\u00eda, o puede enfocarse en el mantenimiento el\u00e9ctrico o industrial.\" \/>\n<meta name=\"robots\" content=\"index, follow, max-snippet:-1, max-image-preview:large, max-video-preview:-1\" \/>\n<link rel=\"canonical\" href=\"https:\/\/ljcreate.com\/es\/ingenieria\/soluciones-de-laboratorio-completas\/tecnologia-de-ingenieria\/\" \/>\n<meta property=\"og:locale\" content=\"es_ES\" \/>\n<meta property=\"og:type\" content=\"article\" \/>\n<meta property=\"og:title\" content=\"Laboratorios de Ingenier\u00eda para el aprendizaje de habilidades industriales | LJ Create\" \/>\n<meta property=\"og:description\" content=\"Nuestro Laboratorio de Ingenier\u00eda introduce a los estudiantes a una variedad de tecnolog\u00edas y habilidades de la industria de la ingenier\u00eda, o puede enfocarse en el mantenimiento el\u00e9ctrico o industrial.\" \/>\n<meta property=\"og:url\" content=\"https:\/\/ljcreate.com\/es\/ingenieria\/soluciones-de-laboratorio-completas\/tecnologia-de-ingenieria\/\" \/>\n<meta property=\"og:site_name\" content=\"LJ Create\" \/>\n<meta property=\"article:modified_time\" content=\"2023-03-30T13:48:43+00:00\" \/>\n<meta property=\"og:image\" content=\"https:\/\/ljcreate.com\/wp-content\/uploads\/2021\/10\/engineeringTechnologyHeader.png\" \/>\n<meta name=\"twitter:card\" content=\"summary_large_image\" \/>\n<meta name=\"twitter:label1\" content=\"Tiempo de lectura\" \/>\n\t<meta name=\"twitter:data1\" content=\"1 minuto\" \/>\n<script type=\"application\/ld+json\" class=\"yoast-schema-graph\">{\"@context\":\"https:\\\/\\\/schema.org\",\"@graph\":[{\"@type\":\"WebPage\",\"@id\":\"https:\\\/\\\/ljcreate.com\\\/es\\\/ingenieria\\\/soluciones-de-laboratorio-completas\\\/tecnologia-de-ingenieria\\\/\",\"url\":\"https:\\\/\\\/ljcreate.com\\\/es\\\/ingenieria\\\/soluciones-de-laboratorio-completas\\\/tecnologia-de-ingenieria\\\/\",\"name\":\"Laboratorios de Ingenier\u00eda para el aprendizaje de habilidades industriales | LJ Create\",\"isPartOf\":{\"@id\":\"https:\\\/\\\/ljcreate.com\\\/es\\\/#website\"},\"primaryImageOfPage\":{\"@id\":\"https:\\\/\\\/ljcreate.com\\\/es\\\/ingenieria\\\/soluciones-de-laboratorio-completas\\\/tecnologia-de-ingenieria\\\/#primaryimage\"},\"image\":{\"@id\":\"https:\\\/\\\/ljcreate.com\\\/es\\\/ingenieria\\\/soluciones-de-laboratorio-completas\\\/tecnologia-de-ingenieria\\\/#primaryimage\"},\"thumbnailUrl\":\"https:\\\/\\\/ljcreate.com\\\/wp-content\\\/uploads\\\/2021\\\/10\\\/engineeringTechnologyHeader.png\",\"datePublished\":\"2021-10-26T11:47:30+00:00\",\"dateModified\":\"2023-03-30T13:48:43+00:00\",\"description\":\"Nuestro Laboratorio de Ingenier\u00eda introduce a los estudiantes a una variedad de tecnolog\u00edas y habilidades de la industria de la ingenier\u00eda, o puede enfocarse en el mantenimiento el\u00e9ctrico o industrial.\",\"breadcrumb\":{\"@id\":\"https:\\\/\\\/ljcreate.com\\\/es\\\/ingenieria\\\/soluciones-de-laboratorio-completas\\\/tecnologia-de-ingenieria\\\/#breadcrumb\"},\"inLanguage\":\"es\",\"potentialAction\":[{\"@type\":\"ReadAction\",\"target\":[\"https:\\\/\\\/ljcreate.com\\\/es\\\/ingenieria\\\/soluciones-de-laboratorio-completas\\\/tecnologia-de-ingenieria\\\/\"]}]},{\"@type\":\"ImageObject\",\"inLanguage\":\"es\",\"@id\":\"https:\\\/\\\/ljcreate.com\\\/es\\\/ingenieria\\\/soluciones-de-laboratorio-completas\\\/tecnologia-de-ingenieria\\\/#primaryimage\",\"url\":\"https:\\\/\\\/ljcreate.com\\\/wp-content\\\/uploads\\\/2021\\\/10\\\/engineeringTechnologyHeader.png\",\"contentUrl\":\"https:\\\/\\\/ljcreate.com\\\/wp-content\\\/uploads\\\/2021\\\/10\\\/engineeringTechnologyHeader.png\"},{\"@type\":\"BreadcrumbList\",\"@id\":\"https:\\\/\\\/ljcreate.com\\\/es\\\/ingenieria\\\/soluciones-de-laboratorio-completas\\\/tecnologia-de-ingenieria\\\/#breadcrumb\",\"itemListElement\":[{\"@type\":\"ListItem\",\"position\":1,\"name\":\"Home\",\"item\":\"https:\\\/\\\/ljcreate.com\\\/es\\\/\"},{\"@type\":\"ListItem\",\"position\":2,\"name\":\"Ingenieria\",\"item\":\"https:\\\/\\\/ljcreate.com\\\/es\\\/ingenieria\\\/\"},{\"@type\":\"ListItem\",\"position\":3,\"name\":\"Soluciones de laboratorio completas\",\"item\":\"https:\\\/\\\/ljcreate.com\\\/es\\\/ingenieria\\\/soluciones-de-laboratorio-completas\\\/\"},{\"@type\":\"ListItem\",\"position\":4,\"name\":\"Tecnolog\u00eda de ingenier\u00eda\"}]},{\"@type\":\"WebSite\",\"@id\":\"https:\\\/\\\/ljcreate.com\\\/es\\\/#website\",\"url\":\"https:\\\/\\\/ljcreate.com\\\/es\\\/\",\"name\":\"LJ Create\",\"description\":\"Innovate, Inspire, and Engage\",\"publisher\":{\"@id\":\"https:\\\/\\\/ljcreate.com\\\/es\\\/#organization\"},\"alternateName\":\"Creative Learning (Norwich) Limited\",\"potentialAction\":[{\"@type\":\"SearchAction\",\"target\":{\"@type\":\"EntryPoint\",\"urlTemplate\":\"https:\\\/\\\/ljcreate.com\\\/es\\\/?s={search_term_string}\"},\"query-input\":{\"@type\":\"PropertyValueSpecification\",\"valueRequired\":true,\"valueName\":\"search_term_string\"}}],\"inLanguage\":\"es\"},{\"@type\":\"Organization\",\"@id\":\"https:\\\/\\\/ljcreate.com\\\/es\\\/#organization\",\"name\":\"LJ Create\",\"url\":\"https:\\\/\\\/ljcreate.com\\\/es\\\/\",\"logo\":{\"@type\":\"ImageObject\",\"inLanguage\":\"es\",\"@id\":\"https:\\\/\\\/ljcreate.com\\\/es\\\/#\\\/schema\\\/logo\\\/image\\\/\",\"url\":\"https:\\\/\\\/ljcreate.com\\\/wp-content\\\/uploads\\\/2021\\\/07\\\/logo.svg\",\"contentUrl\":\"https:\\\/\\\/ljcreate.com\\\/wp-content\\\/uploads\\\/2021\\\/07\\\/logo.svg\",\"width\":\"1024\",\"height\":\"1024\",\"caption\":\"LJ Create\"},\"image\":{\"@id\":\"https:\\\/\\\/ljcreate.com\\\/es\\\/#\\\/schema\\\/logo\\\/image\\\/\"}}]}<\/script>\n<!-- \/ Yoast SEO plugin. -->","yoast_head_json":{"title":"Laboratorios de Ingenier\u00eda para el aprendizaje de habilidades industriales | LJ Create","description":"Nuestro Laboratorio de Ingenier\u00eda introduce a los estudiantes a una variedad de tecnolog\u00edas y habilidades de la industria de la ingenier\u00eda, o puede enfocarse en el mantenimiento el\u00e9ctrico o industrial.","robots":{"index":"index","follow":"follow","max-snippet":"max-snippet:-1","max-image-preview":"max-image-preview:large","max-video-preview":"max-video-preview:-1"},"canonical":"https:\/\/ljcreate.com\/es\/ingenieria\/soluciones-de-laboratorio-completas\/tecnologia-de-ingenieria\/","og_locale":"es_ES","og_type":"article","og_title":"Laboratorios de Ingenier\u00eda para el aprendizaje de habilidades industriales | LJ Create","og_description":"Nuestro Laboratorio de Ingenier\u00eda introduce a los estudiantes a una variedad de tecnolog\u00edas y habilidades de la industria de la ingenier\u00eda, o puede enfocarse en el mantenimiento el\u00e9ctrico o industrial.","og_url":"https:\/\/ljcreate.com\/es\/ingenieria\/soluciones-de-laboratorio-completas\/tecnologia-de-ingenieria\/","og_site_name":"LJ Create","article_modified_time":"2023-03-30T13:48:43+00:00","og_image":[{"url":"https:\/\/ljcreate.com\/wp-content\/uploads\/2021\/10\/engineeringTechnologyHeader.png","type":"","width":"","height":""}],"twitter_card":"summary_large_image","twitter_misc":{"Tiempo de lectura":"1 minuto"},"schema":{"@context":"https:\/\/schema.org","@graph":[{"@type":"WebPage","@id":"https:\/\/ljcreate.com\/es\/ingenieria\/soluciones-de-laboratorio-completas\/tecnologia-de-ingenieria\/","url":"https:\/\/ljcreate.com\/es\/ingenieria\/soluciones-de-laboratorio-completas\/tecnologia-de-ingenieria\/","name":"Laboratorios de Ingenier\u00eda para el aprendizaje de habilidades industriales | LJ Create","isPartOf":{"@id":"https:\/\/ljcreate.com\/es\/#website"},"primaryImageOfPage":{"@id":"https:\/\/ljcreate.com\/es\/ingenieria\/soluciones-de-laboratorio-completas\/tecnologia-de-ingenieria\/#primaryimage"},"image":{"@id":"https:\/\/ljcreate.com\/es\/ingenieria\/soluciones-de-laboratorio-completas\/tecnologia-de-ingenieria\/#primaryimage"},"thumbnailUrl":"https:\/\/ljcreate.com\/wp-content\/uploads\/2021\/10\/engineeringTechnologyHeader.png","datePublished":"2021-10-26T11:47:30+00:00","dateModified":"2023-03-30T13:48:43+00:00","description":"Nuestro Laboratorio de Ingenier\u00eda introduce a los estudiantes a una variedad de tecnolog\u00edas y habilidades de la industria de la ingenier\u00eda, o puede enfocarse en el mantenimiento el\u00e9ctrico o industrial.","breadcrumb":{"@id":"https:\/\/ljcreate.com\/es\/ingenieria\/soluciones-de-laboratorio-completas\/tecnologia-de-ingenieria\/#breadcrumb"},"inLanguage":"es","potentialAction":[{"@type":"ReadAction","target":["https:\/\/ljcreate.com\/es\/ingenieria\/soluciones-de-laboratorio-completas\/tecnologia-de-ingenieria\/"]}]},{"@type":"ImageObject","inLanguage":"es","@id":"https:\/\/ljcreate.com\/es\/ingenieria\/soluciones-de-laboratorio-completas\/tecnologia-de-ingenieria\/#primaryimage","url":"https:\/\/ljcreate.com\/wp-content\/uploads\/2021\/10\/engineeringTechnologyHeader.png","contentUrl":"https:\/\/ljcreate.com\/wp-content\/uploads\/2021\/10\/engineeringTechnologyHeader.png"},{"@type":"BreadcrumbList","@id":"https:\/\/ljcreate.com\/es\/ingenieria\/soluciones-de-laboratorio-completas\/tecnologia-de-ingenieria\/#breadcrumb","itemListElement":[{"@type":"ListItem","position":1,"name":"Home","item":"https:\/\/ljcreate.com\/es\/"},{"@type":"ListItem","position":2,"name":"Ingenieria","item":"https:\/\/ljcreate.com\/es\/ingenieria\/"},{"@type":"ListItem","position":3,"name":"Soluciones de laboratorio completas","item":"https:\/\/ljcreate.com\/es\/ingenieria\/soluciones-de-laboratorio-completas\/"},{"@type":"ListItem","position":4,"name":"Tecnolog\u00eda de ingenier\u00eda"}]},{"@type":"WebSite","@id":"https:\/\/ljcreate.com\/es\/#website","url":"https:\/\/ljcreate.com\/es\/","name":"LJ Create","description":"Innovate, Inspire, and Engage","publisher":{"@id":"https:\/\/ljcreate.com\/es\/#organization"},"alternateName":"Creative Learning (Norwich) Limited","potentialAction":[{"@type":"SearchAction","target":{"@type":"EntryPoint","urlTemplate":"https:\/\/ljcreate.com\/es\/?s={search_term_string}"},"query-input":{"@type":"PropertyValueSpecification","valueRequired":true,"valueName":"search_term_string"}}],"inLanguage":"es"},{"@type":"Organization","@id":"https:\/\/ljcreate.com\/es\/#organization","name":"LJ Create","url":"https:\/\/ljcreate.com\/es\/","logo":{"@type":"ImageObject","inLanguage":"es","@id":"https:\/\/ljcreate.com\/es\/#\/schema\/logo\/image\/","url":"https:\/\/ljcreate.com\/wp-content\/uploads\/2021\/07\/logo.svg","contentUrl":"https:\/\/ljcreate.com\/wp-content\/uploads\/2021\/07\/logo.svg","width":"1024","height":"1024","caption":"LJ Create"},"image":{"@id":"https:\/\/ljcreate.com\/es\/#\/schema\/logo\/image\/"}}]}},"_links":{"self":[{"href":"https:\/\/ljcreate.com\/es\/wp-json\/wp\/v2\/pages\/26625","targetHints":{"allow":["GET"]}}],"collection":[{"href":"https:\/\/ljcreate.com\/es\/wp-json\/wp\/v2\/pages"}],"about":[{"href":"https:\/\/ljcreate.com\/es\/wp-json\/wp\/v2\/types\/page"}],"author":[{"embeddable":true,"href":"https:\/\/ljcreate.com\/es\/wp-json\/wp\/v2\/users\/1"}],"replies":[{"embeddable":true,"href":"https:\/\/ljcreate.com\/es\/wp-json\/wp\/v2\/comments?post=26625"}],"version-history":[{"count":3,"href":"https:\/\/ljcreate.com\/es\/wp-json\/wp\/v2\/pages\/26625\/revisions"}],"predecessor-version":[{"id":41474,"href":"https:\/\/ljcreate.com\/es\/wp-json\/wp\/v2\/pages\/26625\/revisions\/41474"}],"up":[{"embeddable":true,"href":"https:\/\/ljcreate.com\/es\/wp-json\/wp\/v2\/pages\/26624"}],"wp:attachment":[{"href":"https:\/\/ljcreate.com\/es\/wp-json\/wp\/v2\/media?parent=26625"}],"curies":[{"name":"wp","href":"https:\/\/api.w.org\/{rel}","templated":true}]}}