{"id":26624,"date":"2021-10-26T06:43:00","date_gmt":"2021-10-26T11:43:00","guid":{"rendered":"https:\/\/alpha.ljcreate.com\/ingenieria\/soluciones-de-laboratorio-completas\/"},"modified":"2023-03-30T14:47:04","modified_gmt":"2023-03-30T13:47:04","slug":"soluciones-de-laboratorio-completas","status":"publish","type":"page","link":"https:\/\/ljcreate.com\/es\/ingenieria\/soluciones-de-laboratorio-completas\/","title":{"rendered":"Soluciones de laboratorio completas"},"content":{"rendered":"\n\n\t<a href=\"https:\/\/ljcreate.com\/es\/\">Home<\/a> &gt; <a href=\"https:\/\/ljcreate.com\/es\/ingenieria\/\">Ingenieria<\/a> &gt; Soluciones de laboratorio completas\n\t<p>En LJ Create nos enorgullecemos de los espacios de aprendizaje innovadores que producimos para una amplia gama de disciplinas de ingenier\u00eda. Combinamos y personalizamos estos espacios para satisfacer las necesidades espec\u00edficas de cada cliente.<\/p>\n<p>Nuestros laboratorios de ingenier\u00eda ense\u00f1an habilidades industriales en tecnolog\u00eda de ingenier\u00eda, control e instrumentaci\u00f3n, ingenier\u00eda electr\u00f3nica y mec\u00e1nica. Favor de considerar las siguientes muestras de diferentes opciones de laboratorio de ingenier\u00eda y d\u00edganos c\u00f3mo podemos ayudarlo.<\/p>\n\t\t\t\t\t\t<a href=\"https:\/\/ljcreate.com\/es\/ingenieria\/soluciones-de-laboratorio-completas\/tecnologia-de-ingenieria\/\" target=\"_self\" rel=\"noopener\">\n\t\t\t\t\t\t\t<img decoding=\"async\" data-src=\"https:\/\/ljcreate.com\/wp-content\/uploads\/2021\/10\/engineeringTechnologyLabUkUs-small.png\" alt=\"engineeringTechnologyLabUkUs-small\" src=\"data:image\/svg+xml;base64,PHN2ZyB3aWR0aD0iMSIgaGVpZ2h0PSIxIiB4bWxucz0iaHR0cDovL3d3dy53My5vcmcvMjAwMC9zdmciPjwvc3ZnPg==\" class=\"lazyload\" style=\"--smush-placeholder-width: 313px; --smush-placeholder-aspect-ratio: 313\/206;\" \/>\n\t\t\t\t\t\t<\/a>\n\t\t<h4>Tecnolog\u00eda de ingenier\u00eda<\/h4>\n\t\t\t<p>Un laboratorio de tecnolog\u00eda de ingenier\u00eda de LJ Create puede dise\u00f1arse para proporcionar una introducci\u00f3n a una amplia gama de tecnolog\u00edas y habilidades de ingenier\u00eda, o puede tener un enfoque espec\u00edfico en electricidad y electr\u00f3nica, o mantenimiento industrial.<\/p>\t\t\n\t\t\t\t\n\t\t\t\t\t<a href=\"https:\/\/ljcreate.com\/es\/ingenieria\/soluciones-de-laboratorio-completas\/tecnologia-de-ingenieria\/\" role=\"button\" target=\"_self\" rel=\"noopener\">\n\t\t\t\t\t\tM\u00e1s informaci\u00f3n&gt;\t\t\t\t\t<\/a>\n\t\t\t\t\n\t\t\t\t\t\t<a href=\"https:\/\/ljcreate.com\/es\/ingenieria\/soluciones-de-laboratorio-completas\/control-e-instrumentacion\/\" target=\"_self\" rel=\"noopener\">\n\t\t\t\t\t\t\t<img decoding=\"async\" data-src=\"https:\/\/ljcreate.com\/wp-content\/uploads\/2021\/10\/controlInstrumentationLabUkUs-small.png\" alt=\"controlInstrumentationLabUkUs-small\" src=\"data:image\/svg+xml;base64,PHN2ZyB3aWR0aD0iMSIgaGVpZ2h0PSIxIiB4bWxucz0iaHR0cDovL3d3dy53My5vcmcvMjAwMC9zdmciPjwvc3ZnPg==\" class=\"lazyload\" style=\"--smush-placeholder-width: 313px; --smush-placeholder-aspect-ratio: 313\/210;\" \/>\n\t\t\t\t\t\t<\/a>\n\t\t<h4>Control e instrumentaci\u00f3n<\/h4>\n\t\t\t<p>Un laboratorio de control e instrumentaci\u00f3n de LJ combina equipo innovador y un plan de estudios interactivo basado en la nube que cubre la teor\u00eda del control, el control de motores, la detecci\u00f3n y la instrumentaci\u00f3n a trav\u00e9s de la programaci\u00f3n de PLC y SCADA.<\/p>\t\t\n\t\t\t\t\n\t\t\t\t\t<a href=\"https:\/\/ljcreate.com\/es\/ingenieria\/soluciones-de-laboratorio-completas\/control-e-instrumentacion\/\" role=\"button\" target=\"_self\" rel=\"noopener\">\n\t\t\t\t\t\tM\u00e1s informaci\u00f3n&gt;\t\t\t\t\t<\/a>\n\t\t\t\t\n\t\t\t\t\t\t<a href=\"https:\/\/ljcreate.com\/es\/ingenieria\/soluciones-de-laboratorio-completas\/ingenieria-electronica\/\" target=\"_self\" rel=\"noopener\">\n\t\t\t\t\t\t\t<img decoding=\"async\" data-src=\"https:\/\/ljcreate.com\/wp-content\/uploads\/2021\/10\/electronicsEngineeringLabUkUs-small.png\" alt=\"electronicsEngineeringLabUkUs-small\" src=\"data:image\/svg+xml;base64,PHN2ZyB3aWR0aD0iMSIgaGVpZ2h0PSIxIiB4bWxucz0iaHR0cDovL3d3dy53My5vcmcvMjAwMC9zdmciPjwvc3ZnPg==\" class=\"lazyload\" style=\"--smush-placeholder-width: 313px; --smush-placeholder-aspect-ratio: 313\/229;\" \/>\n\t\t\t\t\t\t<\/a>\n\t\t<h4>Ingenier\u00eda Electr\u00f3nica<\/h4>\n\t\t\t<p>LJ Create tiene una vasta experiencia en el desarrollo de soluciones personalizadas de laboratorio de capacitaci\u00f3n en electr\u00f3nica para la educaci\u00f3n y la industria.<\/p>\t\t\n\t\t\t\t\n\t\t\t\t\t<a href=\"https:\/\/ljcreate.com\/es\/ingenieria\/soluciones-de-laboratorio-completas\/ingenieria-electronica\/\" role=\"button\" target=\"_self\" rel=\"noopener\">\n\t\t\t\t\t\tM\u00e1s informaci\u00f3n&gt;\t\t\t\t\t<\/a>\n\t\t\t\t\n\t\t\t\t\t\t<a href=\"https:\/\/ljcreate.com\/es\/ingenieria\/soluciones-de-laboratorio-completas\/ingenieria-mecanica\/\" target=\"_self\" rel=\"noopener\">\n\t\t\t\t\t\t\t<img decoding=\"async\" data-src=\"https:\/\/ljcreate.com\/wp-content\/uploads\/2021\/10\/mechanicalEngineeringLabUkUs-small.png\" alt=\"mechanicalEngineeringLabUkUs-small\" src=\"data:image\/svg+xml;base64,PHN2ZyB3aWR0aD0iMSIgaGVpZ2h0PSIxIiB4bWxucz0iaHR0cDovL3d3dy53My5vcmcvMjAwMC9zdmciPjwvc3ZnPg==\" class=\"lazyload\" style=\"--smush-placeholder-width: 313px; --smush-placeholder-aspect-ratio: 313\/194;\" \/>\n\t\t\t\t\t\t<\/a>\n\t\t<h4>Ingenier\u00eda Mec\u00e1nica<\/h4>\n\t\t\t<p>Nuestros recursos de laboratorio de ingenier\u00eda mec\u00e1nica incluyen hidr\u00e1ulica, neum\u00e1tica y mecanismos, apoyados por instructores del mundo real.<\/p>\t\t\n\t\t\t\t\n\t\t\t\t\t<a href=\"https:\/\/ljcreate.com\/es\/ingenieria\/soluciones-de-laboratorio-completas\/ingenieria-mecanica\/\" role=\"button\" target=\"_self\" rel=\"noopener\">\n\t\t\t\t\t\tM\u00e1s informaci\u00f3n&gt;\t\t\t\t\t<\/a>\n\t\t\t\t\n<h5>\n\t\tCada Smart Lab incluye:\n\t<\/h5>\n\t<p><strong>Equipo innovador<\/strong><\/p>\n<ul>\n<li>Entrenadores del mundo real con actividades pr\u00e1cticas<\/li>\n<li>Kits de dise\u00f1o, creaci\u00f3n de prototipos y modelado<\/li>\n<li>Instructores de escritorio de detecci\u00f3n de fallas<\/li>\n<\/ul>\n\t<p><strong>LMS en l\u00ednea y bibliotecas de lecciones<\/strong><\/p>\n<ul>\n<li>10,000+ lecciones digitales<\/li>\n<li>Realiza un seguimiento y registra el progreso y los logros de los estudiantes<\/li>\n<li>Plan de estudios alineado con los est\u00e1ndares acad\u00e9micos<\/li>\n<\/ul>\n\t<p><strong>Desarrollo profesional continuo (CPD)<\/strong><\/p>\n<ul>\n<li>Soporte continuo de LJ Create<\/li>\n<li>Formaci\u00f3n y desarrollo profesional<\/li>\n<\/ul>\n\t<iframe data-src=\"https:\/\/player.vimeo.com\/video\/193030090?h=c062c5c79b&amp;color=f15c23&amp;title=0&amp;byline=0&amp;portrait=0\" frameborder=\"0\" allow=\"autoplay; fullscreen; picture-in-picture\" allowfullscreen=\"\" src=\"data:image\/svg+xml;base64,PHN2ZyB3aWR0aD0iMSIgaGVpZ2h0PSIxIiB4bWxucz0iaHR0cDovL3d3dy53My5vcmcvMjAwMC9zdmciPjwvc3ZnPg==\" class=\"lazyload\" data-load-mode=\"1\"><\/iframe>\n<h2>\n\t\tNota aclaratoria:\n\t<\/h2>\n\t<p>No todos nuestros productos est\u00e1n disponibles con manuales\/curr\u00edculo\/contenido digital en Espa\u00f1ol. Favor de contactarnos para obtener m\u00e1s informaci\u00f3n al respecto.<\/p>\n<h2>\n\t\t Recursos: folletos\n\t<\/h2>\n\t\t\t\t\t\t<a href=\"\/wp-content\/uploads\/2021\/10\/engineeringTrainingResourcesBrochureUk.pdf\" target=\"_blank\" rel=\"noopener\">\n\t\t\t\t\t\t\t<img decoding=\"async\" data-src=\"https:\/\/ljcreate.com\/wp-content\/uploads\/2021\/09\/pdf_templateEngineering.png\" alt=\"pdf_templateEngineering\" src=\"data:image\/svg+xml;base64,PHN2ZyB3aWR0aD0iMSIgaGVpZ2h0PSIxIiB4bWxucz0iaHR0cDovL3d3dy53My5vcmcvMjAwMC9zdmciPjwvc3ZnPg==\" class=\"lazyload\" style=\"--smush-placeholder-width: 84px; --smush-placeholder-aspect-ratio: 84\/94;\" \/>\n\t\t\t\t\t\t<\/a>\n\t\t<p>Folleto de recursos de capacitaci\u00f3n en ingenier\u00eda<\/p>\n\t\t\t\t\n\t\t\t\t\t<a href=\"\/wp-content\/uploads\/2021\/10\/engineeringTrainingResourcesBrochureUk.pdf\" role=\"button\" target=\"_blank\" rel=\"noopener\">\n\t\t\t\t\t\tDownload\t\t\t\t\t<\/a>\n\t\t\t\t\n\t\t\t\t\t\t<a href=\"\/wp-content\/uploads\/2021\/10\/mechatronicsAutomotiveProductBrochure.pdf\" target=\"_blank\" rel=\"noopener\">\n\t\t\t\t\t\t\t<img decoding=\"async\" data-src=\"https:\/\/ljcreate.com\/wp-content\/uploads\/2021\/09\/pdf_templateAutoMech.png\" alt=\"pdf_templateAutoMech\" src=\"data:image\/svg+xml;base64,PHN2ZyB3aWR0aD0iMSIgaGVpZ2h0PSIxIiB4bWxucz0iaHR0cDovL3d3dy53My5vcmcvMjAwMC9zdmciPjwvc3ZnPg==\" class=\"lazyload\" style=\"--smush-placeholder-width: 84px; --smush-placeholder-aspect-ratio: 84\/94;\" \/>\n\t\t\t\t\t\t<\/a>\n\t\t<p>Folleto de mecatr\u00f3nica y automoci\u00f3n<\/p>\n\t\t\t\t\n\t\t\t\t\t<a href=\"\/wp-content\/uploads\/2021\/10\/mechatronicsAutomotiveProductBrochure.pdf\" role=\"button\" target=\"_blank\" rel=\"noopener\">\n\t\t\t\t\t\tDownload\t\t\t\t\t<\/a>\n\t\t\t\t\n\t\t\t\t\t\t<a href=\"\/wp-content\/uploads\/2021\/10\/plcTrainingSystemsMailerUk.pdf\" target=\"_blank\" rel=\"noopener\">\n\t\t\t\t\t\t\t<img decoding=\"async\" data-src=\"https:\/\/ljcreate.com\/wp-content\/uploads\/2021\/09\/pdf_templatePlcs.png\" alt=\"pdf_templatePlcs\" src=\"data:image\/svg+xml;base64,PHN2ZyB3aWR0aD0iMSIgaGVpZ2h0PSIxIiB4bWxucz0iaHR0cDovL3d3dy53My5vcmcvMjAwMC9zdmciPjwvc3ZnPg==\" class=\"lazyload\" style=\"--smush-placeholder-width: 84px; --smush-placeholder-aspect-ratio: 84\/94;\" \/>\n\t\t\t\t\t\t<\/a>\n\t\t<p>Entrenamiento PLC <br \/>Correo de sistemas<\/p>\n\t\t\t\t\n\t\t\t\t\t<a href=\"\/wp-content\/uploads\/2021\/10\/plcTrainingSystemsMailerUk.pdf\" role=\"button\" target=\"_blank\" rel=\"noopener\">\n\t\t\t\t\t\tDownload\t\t\t\t\t<\/a>\n\t\t\t\t\n\t\t\t\t\t\t<a href=\"\/wp-content\/uploads\/2021\/10\/tLevelResourcesMailerUk.pdf\" target=\"_blank\" rel=\"noopener\">\n\t\t\t\t\t\t\t<img decoding=\"async\" data-src=\"https:\/\/ljcreate.com\/wp-content\/uploads\/2021\/09\/pdf_templateTLevels.png\" alt=\"pdf_templateTLevels\" src=\"data:image\/svg+xml;base64,PHN2ZyB3aWR0aD0iMSIgaGVpZ2h0PSIxIiB4bWxucz0iaHR0cDovL3d3dy53My5vcmcvMjAwMC9zdmciPjwvc3ZnPg==\" class=\"lazyload\" style=\"--smush-placeholder-width: 84px; --smush-placeholder-aspect-ratio: 84\/94;\" \/>\n\t\t\t\t\t\t<\/a>\n\t\t<p> Recursos de <br \/>T-Level Remitente<\/p>\n\t\t\t\t\n\t\t\t\t\t<a href=\"\/wp-content\/uploads\/2021\/10\/tLevelResourcesMailerUk.pdf\" role=\"button\" target=\"_blank\" rel=\"noopener\">\n\t\t\t\t\t\tDownload\t\t\t\t\t<\/a>\n\t\t\t\t\n\t\t\t\t\t\t<a href=\"\/wp-content\/uploads\/2021\/09\/distanceLearningEngineeringMailerUk.pdf\" target=\"_blank\" rel=\"noopener\">\n\t\t\t\t\t\t\t<img decoding=\"async\" data-src=\"https:\/\/ljcreate.com\/wp-content\/uploads\/2021\/09\/pdf_templateDistLearn.png\" alt=\"pdf_templateDistLearn\" src=\"data:image\/svg+xml;base64,PHN2ZyB3aWR0aD0iMSIgaGVpZ2h0PSIxIiB4bWxucz0iaHR0cDovL3d3dy53My5vcmcvMjAwMC9zdmciPjwvc3ZnPg==\" class=\"lazyload\" style=\"--smush-placeholder-width: 84px; --smush-placeholder-aspect-ratio: 84\/94;\" \/>\n\t\t\t\t\t\t<\/a>\n\t\t<p>Anuncio publicitario de aprendizaje a distancia (ingenier\u00eda)<\/p>\n\t\t\t\t\n\t\t\t\t\t<a href=\"\/wp-content\/uploads\/2021\/09\/distanceLearningEngineeringMailerUk.pdf\" role=\"button\" target=\"_blank\" rel=\"noopener\">\n\t\t\t\t\t\tDownload\t\t\t\t\t<\/a>\n\t\t\t\t\n\t\t\t\t\t\t<a href=\"\/wp-content\/uploads\/2021\/10\/innovativeLearningSpacesBrochureUk.pdf\" target=\"_blank\" rel=\"noopener\">\n\t\t\t\t\t\t\t<img decoding=\"async\" data-src=\"https:\/\/ljcreate.com\/wp-content\/uploads\/2021\/09\/pdf_templateInnovativeSpace-1.png\" alt=\"pdf_templateInnovativeSpace\" src=\"data:image\/svg+xml;base64,PHN2ZyB3aWR0aD0iMSIgaGVpZ2h0PSIxIiB4bWxucz0iaHR0cDovL3d3dy53My5vcmcvMjAwMC9zdmciPjwvc3ZnPg==\" class=\"lazyload\" style=\"--smush-placeholder-width: 84px; --smush-placeholder-aspect-ratio: 84\/94;\" \/>\n\t\t\t\t\t\t<\/a>\n\t\t<p>Folleto de espacios de aprendizaje innovadores<\/p>\n\t\t\t\t\n\t\t\t\t\t<a href=\"\/wp-content\/uploads\/2021\/10\/innovativeLearningSpacesBrochureUk.pdf\" role=\"button\" target=\"_blank\" rel=\"noopener\">\n\t\t\t\t\t\tDownload\t\t\t\t\t<\/a>\n\t\t\t\t\n\n","protected":false},"excerpt":{"rendered":"<p>Home &gt; Ingenieria &gt; Soluciones de laboratorio completas En LJ Create nos enorgullecemos de los espacios de aprendizaje innovadores que producimos para una amplia gama de disciplinas de ingenier\u00eda. Combinamos y personalizamos estos espacios para satisfacer las necesidades espec\u00edficas de cada cliente. Nuestros laboratorios de ingenier\u00eda ense\u00f1an habilidades industriales en tecnolog\u00eda de ingenier\u00eda, control e&hellip;<\/p>\n","protected":false},"author":1,"featured_media":0,"parent":26621,"menu_order":0,"comment_status":"closed","ping_status":"closed","template":"","meta":{"_acf_changed":false,"inline_featured_image":false,"footnotes":""},"class_list":["post-26624","page","type-page","status-publish","hentry"],"acf":[],"yoast_head":"<!-- This site is optimized with the Yoast SEO plugin v27.3 - https:\/\/yoast.com\/product\/yoast-seo-wordpress\/ -->\n<title>Laboratorios de Ingenier\u00eda para el aprendizaje de las habilidades de la industria | LJ Create<\/title>\n<meta name=\"description\" content=\"Nuestros laboratorios de Ingenier\u00eda ense\u00f1an habilidades de la industria en las \u00e1reas de Ingenier\u00eda, Control e Instrumentaci\u00f3n, Ingenier\u00eda Electr\u00f3nica y Mec\u00e1nica.\" \/>\n<meta name=\"robots\" content=\"index, follow, max-snippet:-1, max-image-preview:large, max-video-preview:-1\" \/>\n<link rel=\"canonical\" href=\"https:\/\/ljcreate.com\/es\/ingenieria\/soluciones-de-laboratorio-completas\/\" \/>\n<meta property=\"og:locale\" content=\"es_ES\" \/>\n<meta property=\"og:type\" content=\"article\" \/>\n<meta property=\"og:title\" content=\"Laboratorios de Ingenier\u00eda para el aprendizaje de las habilidades de la industria | LJ Create\" \/>\n<meta property=\"og:description\" content=\"Nuestros laboratorios de Ingenier\u00eda ense\u00f1an habilidades de la industria en las \u00e1reas de Ingenier\u00eda, Control e Instrumentaci\u00f3n, Ingenier\u00eda Electr\u00f3nica y Mec\u00e1nica.\" \/>\n<meta property=\"og:url\" content=\"https:\/\/ljcreate.com\/es\/ingenieria\/soluciones-de-laboratorio-completas\/\" \/>\n<meta property=\"og:site_name\" content=\"LJ Create\" \/>\n<meta property=\"article:modified_time\" content=\"2023-03-30T13:47:04+00:00\" \/>\n<meta property=\"og:image\" content=\"https:\/\/ljcreate.com\/wp-content\/uploads\/2021\/10\/engineeringTechnologyLabUkUs-small.png\" \/>\n<meta name=\"twitter:card\" content=\"summary_large_image\" \/>\n<meta name=\"twitter:label1\" content=\"Tiempo de lectura\" \/>\n\t<meta name=\"twitter:data1\" content=\"2 minutos\" \/>\n<script type=\"application\/ld+json\" class=\"yoast-schema-graph\">{\"@context\":\"https:\\\/\\\/schema.org\",\"@graph\":[{\"@type\":\"WebPage\",\"@id\":\"https:\\\/\\\/ljcreate.com\\\/es\\\/ingenieria\\\/soluciones-de-laboratorio-completas\\\/\",\"url\":\"https:\\\/\\\/ljcreate.com\\\/es\\\/ingenieria\\\/soluciones-de-laboratorio-completas\\\/\",\"name\":\"Laboratorios de Ingenier\u00eda para el aprendizaje de las habilidades de la industria | LJ Create\",\"isPartOf\":{\"@id\":\"https:\\\/\\\/ljcreate.com\\\/es\\\/#website\"},\"primaryImageOfPage\":{\"@id\":\"https:\\\/\\\/ljcreate.com\\\/es\\\/ingenieria\\\/soluciones-de-laboratorio-completas\\\/#primaryimage\"},\"image\":{\"@id\":\"https:\\\/\\\/ljcreate.com\\\/es\\\/ingenieria\\\/soluciones-de-laboratorio-completas\\\/#primaryimage\"},\"thumbnailUrl\":\"https:\\\/\\\/ljcreate.com\\\/wp-content\\\/uploads\\\/2021\\\/10\\\/engineeringTechnologyLabUkUs-small.png\",\"datePublished\":\"2021-10-26T11:43:00+00:00\",\"dateModified\":\"2023-03-30T13:47:04+00:00\",\"description\":\"Nuestros laboratorios de Ingenier\u00eda ense\u00f1an habilidades de la industria en las \u00e1reas de Ingenier\u00eda, Control e Instrumentaci\u00f3n, Ingenier\u00eda Electr\u00f3nica y Mec\u00e1nica.\",\"breadcrumb\":{\"@id\":\"https:\\\/\\\/ljcreate.com\\\/es\\\/ingenieria\\\/soluciones-de-laboratorio-completas\\\/#breadcrumb\"},\"inLanguage\":\"es\",\"potentialAction\":[{\"@type\":\"ReadAction\",\"target\":[\"https:\\\/\\\/ljcreate.com\\\/es\\\/ingenieria\\\/soluciones-de-laboratorio-completas\\\/\"]}]},{\"@type\":\"ImageObject\",\"inLanguage\":\"es\",\"@id\":\"https:\\\/\\\/ljcreate.com\\\/es\\\/ingenieria\\\/soluciones-de-laboratorio-completas\\\/#primaryimage\",\"url\":\"https:\\\/\\\/ljcreate.com\\\/wp-content\\\/uploads\\\/2021\\\/10\\\/engineeringTechnologyLabUkUs-small.png\",\"contentUrl\":\"https:\\\/\\\/ljcreate.com\\\/wp-content\\\/uploads\\\/2021\\\/10\\\/engineeringTechnologyLabUkUs-small.png\"},{\"@type\":\"BreadcrumbList\",\"@id\":\"https:\\\/\\\/ljcreate.com\\\/es\\\/ingenieria\\\/soluciones-de-laboratorio-completas\\\/#breadcrumb\",\"itemListElement\":[{\"@type\":\"ListItem\",\"position\":1,\"name\":\"Home\",\"item\":\"https:\\\/\\\/ljcreate.com\\\/es\\\/\"},{\"@type\":\"ListItem\",\"position\":2,\"name\":\"Ingenieria\",\"item\":\"https:\\\/\\\/ljcreate.com\\\/es\\\/ingenieria\\\/\"},{\"@type\":\"ListItem\",\"position\":3,\"name\":\"Soluciones de laboratorio completas\"}]},{\"@type\":\"WebSite\",\"@id\":\"https:\\\/\\\/ljcreate.com\\\/es\\\/#website\",\"url\":\"https:\\\/\\\/ljcreate.com\\\/es\\\/\",\"name\":\"LJ Create\",\"description\":\"Innovate, Inspire, and Engage\",\"publisher\":{\"@id\":\"https:\\\/\\\/ljcreate.com\\\/es\\\/#organization\"},\"alternateName\":\"Creative Learning (Norwich) Limited\",\"potentialAction\":[{\"@type\":\"SearchAction\",\"target\":{\"@type\":\"EntryPoint\",\"urlTemplate\":\"https:\\\/\\\/ljcreate.com\\\/es\\\/?s={search_term_string}\"},\"query-input\":{\"@type\":\"PropertyValueSpecification\",\"valueRequired\":true,\"valueName\":\"search_term_string\"}}],\"inLanguage\":\"es\"},{\"@type\":\"Organization\",\"@id\":\"https:\\\/\\\/ljcreate.com\\\/es\\\/#organization\",\"name\":\"LJ Create\",\"url\":\"https:\\\/\\\/ljcreate.com\\\/es\\\/\",\"logo\":{\"@type\":\"ImageObject\",\"inLanguage\":\"es\",\"@id\":\"https:\\\/\\\/ljcreate.com\\\/es\\\/#\\\/schema\\\/logo\\\/image\\\/\",\"url\":\"https:\\\/\\\/ljcreate.com\\\/wp-content\\\/uploads\\\/2021\\\/07\\\/logo.svg\",\"contentUrl\":\"https:\\\/\\\/ljcreate.com\\\/wp-content\\\/uploads\\\/2021\\\/07\\\/logo.svg\",\"width\":\"1024\",\"height\":\"1024\",\"caption\":\"LJ Create\"},\"image\":{\"@id\":\"https:\\\/\\\/ljcreate.com\\\/es\\\/#\\\/schema\\\/logo\\\/image\\\/\"}}]}<\/script>\n<!-- \/ Yoast SEO plugin. -->","yoast_head_json":{"title":"Laboratorios de Ingenier\u00eda para el aprendizaje de las habilidades de la industria | LJ Create","description":"Nuestros laboratorios de Ingenier\u00eda ense\u00f1an habilidades de la industria en las \u00e1reas de Ingenier\u00eda, Control e Instrumentaci\u00f3n, Ingenier\u00eda Electr\u00f3nica y Mec\u00e1nica.","robots":{"index":"index","follow":"follow","max-snippet":"max-snippet:-1","max-image-preview":"max-image-preview:large","max-video-preview":"max-video-preview:-1"},"canonical":"https:\/\/ljcreate.com\/es\/ingenieria\/soluciones-de-laboratorio-completas\/","og_locale":"es_ES","og_type":"article","og_title":"Laboratorios de Ingenier\u00eda para el aprendizaje de las habilidades de la industria | LJ Create","og_description":"Nuestros laboratorios de Ingenier\u00eda ense\u00f1an habilidades de la industria en las \u00e1reas de Ingenier\u00eda, Control e Instrumentaci\u00f3n, Ingenier\u00eda Electr\u00f3nica y Mec\u00e1nica.","og_url":"https:\/\/ljcreate.com\/es\/ingenieria\/soluciones-de-laboratorio-completas\/","og_site_name":"LJ Create","article_modified_time":"2023-03-30T13:47:04+00:00","og_image":[{"url":"https:\/\/ljcreate.com\/wp-content\/uploads\/2021\/10\/engineeringTechnologyLabUkUs-small.png","type":"","width":"","height":""}],"twitter_card":"summary_large_image","twitter_misc":{"Tiempo de lectura":"2 minutos"},"schema":{"@context":"https:\/\/schema.org","@graph":[{"@type":"WebPage","@id":"https:\/\/ljcreate.com\/es\/ingenieria\/soluciones-de-laboratorio-completas\/","url":"https:\/\/ljcreate.com\/es\/ingenieria\/soluciones-de-laboratorio-completas\/","name":"Laboratorios de Ingenier\u00eda para el aprendizaje de las habilidades de la industria | LJ Create","isPartOf":{"@id":"https:\/\/ljcreate.com\/es\/#website"},"primaryImageOfPage":{"@id":"https:\/\/ljcreate.com\/es\/ingenieria\/soluciones-de-laboratorio-completas\/#primaryimage"},"image":{"@id":"https:\/\/ljcreate.com\/es\/ingenieria\/soluciones-de-laboratorio-completas\/#primaryimage"},"thumbnailUrl":"https:\/\/ljcreate.com\/wp-content\/uploads\/2021\/10\/engineeringTechnologyLabUkUs-small.png","datePublished":"2021-10-26T11:43:00+00:00","dateModified":"2023-03-30T13:47:04+00:00","description":"Nuestros laboratorios de Ingenier\u00eda ense\u00f1an habilidades de la industria en las \u00e1reas de Ingenier\u00eda, Control e Instrumentaci\u00f3n, Ingenier\u00eda Electr\u00f3nica y Mec\u00e1nica.","breadcrumb":{"@id":"https:\/\/ljcreate.com\/es\/ingenieria\/soluciones-de-laboratorio-completas\/#breadcrumb"},"inLanguage":"es","potentialAction":[{"@type":"ReadAction","target":["https:\/\/ljcreate.com\/es\/ingenieria\/soluciones-de-laboratorio-completas\/"]}]},{"@type":"ImageObject","inLanguage":"es","@id":"https:\/\/ljcreate.com\/es\/ingenieria\/soluciones-de-laboratorio-completas\/#primaryimage","url":"https:\/\/ljcreate.com\/wp-content\/uploads\/2021\/10\/engineeringTechnologyLabUkUs-small.png","contentUrl":"https:\/\/ljcreate.com\/wp-content\/uploads\/2021\/10\/engineeringTechnologyLabUkUs-small.png"},{"@type":"BreadcrumbList","@id":"https:\/\/ljcreate.com\/es\/ingenieria\/soluciones-de-laboratorio-completas\/#breadcrumb","itemListElement":[{"@type":"ListItem","position":1,"name":"Home","item":"https:\/\/ljcreate.com\/es\/"},{"@type":"ListItem","position":2,"name":"Ingenieria","item":"https:\/\/ljcreate.com\/es\/ingenieria\/"},{"@type":"ListItem","position":3,"name":"Soluciones de laboratorio completas"}]},{"@type":"WebSite","@id":"https:\/\/ljcreate.com\/es\/#website","url":"https:\/\/ljcreate.com\/es\/","name":"LJ Create","description":"Innovate, Inspire, and Engage","publisher":{"@id":"https:\/\/ljcreate.com\/es\/#organization"},"alternateName":"Creative Learning (Norwich) Limited","potentialAction":[{"@type":"SearchAction","target":{"@type":"EntryPoint","urlTemplate":"https:\/\/ljcreate.com\/es\/?s={search_term_string}"},"query-input":{"@type":"PropertyValueSpecification","valueRequired":true,"valueName":"search_term_string"}}],"inLanguage":"es"},{"@type":"Organization","@id":"https:\/\/ljcreate.com\/es\/#organization","name":"LJ Create","url":"https:\/\/ljcreate.com\/es\/","logo":{"@type":"ImageObject","inLanguage":"es","@id":"https:\/\/ljcreate.com\/es\/#\/schema\/logo\/image\/","url":"https:\/\/ljcreate.com\/wp-content\/uploads\/2021\/07\/logo.svg","contentUrl":"https:\/\/ljcreate.com\/wp-content\/uploads\/2021\/07\/logo.svg","width":"1024","height":"1024","caption":"LJ Create"},"image":{"@id":"https:\/\/ljcreate.com\/es\/#\/schema\/logo\/image\/"}}]}},"_links":{"self":[{"href":"https:\/\/ljcreate.com\/es\/wp-json\/wp\/v2\/pages\/26624","targetHints":{"allow":["GET"]}}],"collection":[{"href":"https:\/\/ljcreate.com\/es\/wp-json\/wp\/v2\/pages"}],"about":[{"href":"https:\/\/ljcreate.com\/es\/wp-json\/wp\/v2\/types\/page"}],"author":[{"embeddable":true,"href":"https:\/\/ljcreate.com\/es\/wp-json\/wp\/v2\/users\/1"}],"replies":[{"embeddable":true,"href":"https:\/\/ljcreate.com\/es\/wp-json\/wp\/v2\/comments?post=26624"}],"version-history":[{"count":3,"href":"https:\/\/ljcreate.com\/es\/wp-json\/wp\/v2\/pages\/26624\/revisions"}],"predecessor-version":[{"id":41473,"href":"https:\/\/ljcreate.com\/es\/wp-json\/wp\/v2\/pages\/26624\/revisions\/41473"}],"up":[{"embeddable":true,"href":"https:\/\/ljcreate.com\/es\/wp-json\/wp\/v2\/pages\/26621"}],"wp:attachment":[{"href":"https:\/\/ljcreate.com\/es\/wp-json\/wp\/v2\/media?parent=26624"}],"curies":[{"name":"wp","href":"https:\/\/api.w.org\/{rel}","templated":true}]}}