{"id":26621,"date":"2021-10-26T06:25:09","date_gmt":"2021-10-26T11:25:09","guid":{"rendered":"https:\/\/alpha.ljcreate.com\/ingenieria\/"},"modified":"2023-07-20T14:43:00","modified_gmt":"2023-07-20T13:43:00","slug":"ingenieria","status":"publish","type":"page","link":"https:\/\/ljcreate.com\/es\/ingenieria\/","title":{"rendered":"Ingenieria"},"content":{"rendered":"\n\n\t<a href=\"https:\/\/ljcreate.com\/es\/\">Home<\/a> &gt; Ingenieria\n\tNuestros programas de ingenier\u00eda est\u00e1n dise\u00f1ados para tender puentes brecha de habilidades, asegurando que sus estudiantes tengan las herramientas adecuadas<br \/>\npara el trabajo.\n\t<p>Los estudiantes utilizan una serie completa de contenido de aprendizaje digital, respaldado por capacitadores del mundo real para ayudar en la comprensi\u00f3n de conceptos clave de ingenier\u00eda.<\/p>\n\t\t\t\t<img decoding=\"async\" data-src=\"https:\/\/ljcreate.com\/wp-content\/uploads\/2021\/08\/engineeringProgram.png\" alt=\"programa de ingenieria\" itemprop=\"image\" height=\"383\" width=\"555\" title=\"programa de ingenieria\" onerror=\"this.style.display='none'\" src=\"data:image\/svg+xml;base64,PHN2ZyB3aWR0aD0iMSIgaGVpZ2h0PSIxIiB4bWxucz0iaHR0cDovL3d3dy53My5vcmcvMjAwMC9zdmciPjwvc3ZnPg==\" class=\"lazyload\" style=\"--smush-placeholder-width: 555px; --smush-placeholder-aspect-ratio: 555\/383;\" \/>\n\t\t<h6>\n\t\t\tPRODUCTOS DE ENTRENAMIENTO DESTACADOS\n\t\t<\/h6>\n\t<meta itemscope itemprop=\"mainEntityOfPage\" itemtype=\"https:\/\/schema.org\/WebPage\" itemid=\"https:\/\/ljcreate.com\/es\/engineering\/petra-ii-advanced-industrial-control-teaching-set\/\" content=\"Conjunto de ense\u00f1anza de control industrial avanzado PETRA II\" \/><meta itemprop=\"datePublished\" content=\"2021-08-25\" \/><meta itemprop=\"dateModified\" content=\"2023-06-30\" \/><meta itemprop=\"name\" content=\"LJ Create\"\/><meta itemprop=\"url\" content=\"https:\/\/ljcreate.com\/es\/author\/thriveadmin\/\" \/><meta itemprop=\"name\" content=\"ThriveAdmin\" \/><meta itemprop=\"url\" content=\"https:\/\/ljcreate.com\/wp-content\/uploads\/2021\/08\/petraAdvancedIndustrialControlTeachingSet.webp\" \/><meta itemprop=\"width\" content=\"1080\" \/><meta itemprop=\"height\" content=\"529\" \/><meta itemprop=\"interactionType\" content=\"https:\/\/schema.org\/CommentAction\" \/><meta itemprop=\"userInteractionCount\" content=\"0\" \/>\n\t\t\t\t\t<a href=\"https:\/\/ljcreate.com\/es\/engineering\/petra-ii-advanced-industrial-control-teaching-set\/\" title=\"Conjunto de ense\u00f1anza de control industrial avanzado PETRA II\"><\/a>\n\t\t\t\t<img decoding=\"async\" src=\"https:\/\/ljcreate.com\/wp-content\/uploads\/2021\/08\/petraAdvancedIndustrialControlTeachingSet-351x194.webp\" alt=\"PETRA II Advanced Industrial Control Teaching Set\" itemprop=\"image\" data-no-lazy=\"1\" height=\"194\" width=\"351\" title=\"petraAdvancedIndustrialControlTeachingSet\" onerror=\"this.style.display='none'\"  \/>\n\t\t\t\t\t\t\t\t\t<h6 itemprop=\"headline\">\n\t\t\t\t\t\t\t\t\t\t\t\t\t\tConjunto de ense\u00f1anza de control industrial avanzado PETRA II\t\t\t\t\t\t\t\t\t\t\t<\/h6>\n    292-00 \n\t<meta itemscope itemprop=\"mainEntityOfPage\" itemtype=\"https:\/\/schema.org\/WebPage\" itemid=\"https:\/\/ljcreate.com\/es\/engineering\/complete-electronics-workstation-includes-320-00-to-320-61\/\" content=\"Estaci\u00f3n de trabajo electr\u00f3nica completa (incluye 320-00 a 320-61)\" \/><meta itemprop=\"datePublished\" content=\"2021-08-24\" \/><meta itemprop=\"dateModified\" content=\"2023-06-30\" \/><meta itemprop=\"name\" content=\"LJ Create\"\/><meta itemprop=\"url\" content=\"https:\/\/ljcreate.com\/es\/author\/thriveadmin\/\" \/><meta itemprop=\"name\" content=\"ThriveAdmin\" \/><meta itemprop=\"url\" content=\"https:\/\/ljcreate.com\/wp-content\/uploads\/2021\/08\/completeElectronicsWorkstation-1.webp\" \/><meta itemprop=\"width\" content=\"1080\" \/><meta itemprop=\"height\" content=\"529\" \/><meta itemprop=\"interactionType\" content=\"https:\/\/schema.org\/CommentAction\" \/><meta itemprop=\"userInteractionCount\" content=\"0\" \/>\n\t\t\t\t\t<a href=\"https:\/\/ljcreate.com\/es\/engineering\/complete-electronics-workstation-includes-320-00-to-320-61\/\" title=\"Estaci\u00f3n de trabajo electr\u00f3nica completa (incluye 320-00 a 320-61)\"><\/a>\n\t\t\t\t<img decoding=\"async\" src=\"https:\/\/ljcreate.com\/wp-content\/uploads\/2021\/08\/completeElectronicsWorkstation-1-351x194.webp\" alt=\"Complete Electronics Workstation\" itemprop=\"image\" data-no-lazy=\"1\" height=\"194\" width=\"351\" title=\"completeElectronicsWorkstation\" onerror=\"this.style.display='none'\"  \/>\n\t\t\t\t\t\t\t\t\t<h6 itemprop=\"headline\">\n\t\t\t\t\t\t\t\t\t\t\t\t\t\tEstaci\u00f3n de trabajo electr\u00f3nica completa (incluye 320-00 a 320-61)\t\t\t\t\t\t\t\t\t\t\t<\/h6>\n    320-10 \n\t<meta itemscope itemprop=\"mainEntityOfPage\" itemtype=\"https:\/\/schema.org\/WebPage\" itemid=\"https:\/\/ljcreate.com\/es\/engineering\/hydraulics-trainer\/\" content=\"Entrenador de Hidr\u00e1ulica\" \/><meta itemprop=\"datePublished\" content=\"2021-08-24\" \/><meta itemprop=\"dateModified\" content=\"2023-07-03\" \/><meta itemprop=\"name\" content=\"LJ Create\"\/><meta itemprop=\"url\" content=\"https:\/\/ljcreate.com\/es\/author\/thriveadmin\/\" \/><meta itemprop=\"name\" content=\"ThriveAdmin\" \/><meta itemprop=\"url\" content=\"https:\/\/ljcreate.com\/wp-content\/uploads\/2021\/08\/hydraulicsTrainer-1.webp\" \/><meta itemprop=\"width\" content=\"1080\" \/><meta itemprop=\"height\" content=\"529\" \/><meta itemprop=\"interactionType\" content=\"https:\/\/schema.org\/CommentAction\" \/><meta itemprop=\"userInteractionCount\" content=\"0\" \/>\n\t\t\t\t\t<a href=\"https:\/\/ljcreate.com\/es\/engineering\/hydraulics-trainer\/\" title=\"Entrenador de Hidr\u00e1ulica\"><\/a>\n\t\t\t\t<img decoding=\"async\" src=\"https:\/\/ljcreate.com\/wp-content\/uploads\/2021\/08\/hydraulicsTrainer-1-351x194.webp\" alt=\"Hydraulics Trainer\" itemprop=\"image\" data-no-lazy=\"1\" height=\"194\" width=\"351\" title=\"hydraulicsTrainer\" onerror=\"this.style.display='none'\"  \/>\n\t\t\t\t\t\t\t\t\t<h6 itemprop=\"headline\">\n\t\t\t\t\t\t\t\t\t\t\t\t\t\tEntrenador de Hidr\u00e1ulica\t\t\t\t\t\t\t\t\t\t\t<\/h6>\n    280-01 \n\t\t<!-- .pp-content-posts -->\n\t\t\t<a href=\"https:\/\/ljcreate.com\/es\/ingenieria\/recursos-de-formacion\/\" target=\"_self\" role=\"button\" rel=\"noopener\">\n\t\t\t\t\t\t\tVer todos los productos de ingenier\u00eda\n\t\t\t\t\t<\/a>\n<h2>\n\t\tSoluciones de laboratorio completas\n\t<\/h2>\n\tEn LJ Create nos enorgullecemos de crear espacios de aprendizaje innovadores para una amplia gama de disciplinas de educaci\u00f3n t\u00e9cnica y STEM.<br \/>\nCombinamos y personalizamos estos espacios para dise\u00f1ar una soluci\u00f3n que se adapte a las necesidades de cada cliente.\n\t\t\t\t<img decoding=\"async\" data-src=\"https:\/\/ljcreate.com\/wp-content\/uploads\/2021\/09\/labPageMechanicalEngineeringLabUkUs.png\" alt=\"labPageMechanicalIngenier\u00edaLabUkUs\" itemprop=\"image\" height=\"640\" width=\"950\" title=\"labPageMechanicalIngenier\u00edaLabUkUs\" onerror=\"this.style.display='none'\" src=\"data:image\/svg+xml;base64,PHN2ZyB3aWR0aD0iMSIgaGVpZ2h0PSIxIiB4bWxucz0iaHR0cDovL3d3dy53My5vcmcvMjAwMC9zdmciPjwvc3ZnPg==\" class=\"lazyload\" style=\"--smush-placeholder-width: 950px; --smush-placeholder-aspect-ratio: 950\/640;\" \/>\n\t\t\t<a href=\"https:\/\/ljcreate.com\/es\/ingenieria\/soluciones-de-laboratorio-completas\/\" target=\"_self\" role=\"button\" rel=\"noopener\">\n\t\t\t\t\t\t\tVer todas las soluciones de laboratorio de ingenier\u00eda\n\t\t\t\t\t<\/a>\n<h2>\n\t\tFoco en\n\t<\/h2>\n<h6>\n\t\tConjunto de ense\u00f1anza de control industrial avanzado PETRA II\n\t<\/h6>\n\t<ul>\n<li>Admite unidades de fabricaci\u00f3n de nivel 3 a nivel 5.<\/li>\n<li>Los estudiantes implementan la adquisici\u00f3n y an\u00e1lisis de datos de plantas.<\/li>\n<li>El sistema es de gran valor y f\u00e1cil de usar.<\/li>\n<\/ul>\n<h6>\n\t\tIncluye un conjunto completo de lecciones que incluyen:\n\t<\/h6>\n\t<ul>\n<li>Fieldbus<\/li>\n<li>Profitbus<\/li>\n<li>Sensores inteligentes<\/li>\n<li>SCADA<\/li>\n<li>Interacciones HMI:<\/li>\n<\/ul>\n\t\t<ul>\n\t\t\t\t\t<li>\n\t\t\t\t\n\t\t<p>Alarmas de panel<\/p>\n\t\t\t<\/li>\n\t\t\t\t\t<li>\n\t\t\t\t\n\t\t<p>Registro de datos<\/p>\n\t\t\t<\/li>\n\t\t\t\t\t<li>\n\t\t\t\t\n\t\t<p>Seguimiento y supervisi\u00f3n<\/p>\n\t\t\t<\/li>\n\t\t\t\t\t<li>\n\t\t\t\t\n\t\t<p>Control de procesos<\/p>\n\t\t\t<\/li>\n\t\t\t\t<\/ul>\n\t\t\t<a href=\"#\" target=\"_self\" role=\"button\" rel=\"noopener\">\n\t\t\t\t\t\t\tSaber m\u00e1s\n\t\t\t\t\t<\/a>\n\t\t\t\t<img decoding=\"async\" data-src=\"https:\/\/ljcreate.com\/wp-content\/uploads\/2021\/08\/petra-spotlight.jpg\" alt=\"petra-foco\" itemprop=\"image\" height=\"644\" width=\"590\" title=\"petra-foco\" onerror=\"this.style.display='none'\" src=\"data:image\/svg+xml;base64,PHN2ZyB3aWR0aD0iMSIgaGVpZ2h0PSIxIiB4bWxucz0iaHR0cDovL3d3dy53My5vcmcvMjAwMC9zdmciPjwvc3ZnPg==\" class=\"lazyload\" style=\"--smush-placeholder-width: 590px; --smush-placeholder-aspect-ratio: 590\/644;\" \/>\n<h2>\n\t\tNota aclaratoria:\n\t<\/h2>\n\t<p>No todos nuestros productos est\u00e1n disponibles con manuales\/curr\u00edculo\/contenido digital en Espa\u00f1ol. Favor de contactarnos para obtener m\u00e1s informaci\u00f3n al respecto.<\/p>\n<h2>\n\t\tRecursos &#8211; Videos\n\t<\/h2>\n\t<iframe data-src=\"https:\/\/player.vimeo.com\/video\/193028931?h=a59aad09d9&amp;color=f15c23&amp;title=0&amp;byline=0&amp;portrait=0\" frameborder=\"1\" allow=\"autoplay; fullscreen; picture-in-picture\" allowfullscreen=\"\" src=\"data:image\/svg+xml;base64,PHN2ZyB3aWR0aD0iMSIgaGVpZ2h0PSIxIiB4bWxucz0iaHR0cDovL3d3dy53My5vcmcvMjAwMC9zdmciPjwvc3ZnPg==\" class=\"lazyload\" data-load-mode=\"1\"><\/iframe>\n<h4>\n\t\tIngenier\u00eda del siglo XXI\n\t<\/h4>\n\t<iframe data-src=\"https:\/\/player.vimeo.com\/video\/181612739?h=e2ff6cd64f&amp;color=f15c23&amp;title=0&amp;byline=0&amp;portrait=0\" frameborder=\"0\" allow=\"autoplay; fullscreen; picture-in-picture\" allowfullscreen=\"\" src=\"data:image\/svg+xml;base64,PHN2ZyB3aWR0aD0iMSIgaGVpZ2h0PSIxIiB4bWxucz0iaHR0cDovL3d3dy53My5vcmcvMjAwMC9zdmciPjwvc3ZnPg==\" class=\"lazyload\" data-load-mode=\"1\"><\/iframe>\n<h4>\n\t\tNuestros entrenadores de escritorio: \u00bfqu\u00e9 tan robustos son?\n\t<\/h4>\n<h2>\n\t\t Recursos: folletos\n\t<\/h2>\n\t\t\t\t\t\t<a href=\"\/wp-content\/uploads\/2021\/10\/engineeringTrainingResourcesBrochureUk.pdf\" target=\"_blank\" rel=\"noopener\">\n\t\t\t\t\t\t\t<img decoding=\"async\" data-src=\"https:\/\/ljcreate.com\/wp-content\/uploads\/2021\/09\/pdf_templateEngineering.png\" alt=\"pdf_templateEngineering\" src=\"data:image\/svg+xml;base64,PHN2ZyB3aWR0aD0iMSIgaGVpZ2h0PSIxIiB4bWxucz0iaHR0cDovL3d3dy53My5vcmcvMjAwMC9zdmciPjwvc3ZnPg==\" class=\"lazyload\" style=\"--smush-placeholder-width: 84px; --smush-placeholder-aspect-ratio: 84\/94;\" \/>\n\t\t\t\t\t\t<\/a>\n\t\t<p>Folleto de recursos de capacitaci\u00f3n en ingenier\u00eda<\/p>\n\t\t\t\t\n\t\t\t\t\t<a href=\"\/wp-content\/uploads\/2021\/10\/engineeringTrainingResourcesBrochureUk.pdf\" role=\"button\" target=\"_blank\" rel=\"noopener\">\n\t\t\t\t\t\tDownload\t\t\t\t\t<\/a>\n\t\t\t\t\n\t\t\t\t\t\t<a href=\"\/wp-content\/uploads\/2021\/10\/mechatronicsAutomotiveProductBrochure.pdf\" target=\"_blank\" rel=\"noopener\">\n\t\t\t\t\t\t\t<img decoding=\"async\" data-src=\"https:\/\/ljcreate.com\/wp-content\/uploads\/2021\/09\/pdf_templateAutoMech.png\" alt=\"pdf_templateAutoMech\" src=\"data:image\/svg+xml;base64,PHN2ZyB3aWR0aD0iMSIgaGVpZ2h0PSIxIiB4bWxucz0iaHR0cDovL3d3dy53My5vcmcvMjAwMC9zdmciPjwvc3ZnPg==\" class=\"lazyload\" style=\"--smush-placeholder-width: 84px; --smush-placeholder-aspect-ratio: 84\/94;\" \/>\n\t\t\t\t\t\t<\/a>\n\t\t<p>Folleto de mecatr\u00f3nica y automoci\u00f3n<\/p>\n\t\t\t\t\n\t\t\t\t\t<a href=\"\/wp-content\/uploads\/2021\/10\/mechatronicsAutomotiveProductBrochure.pdf\" role=\"button\" target=\"_blank\" rel=\"noopener\">\n\t\t\t\t\t\tDownload\t\t\t\t\t<\/a>\n\t\t\t\t\n\t\t\t\t\t\t<a href=\"\/wp-content\/uploads\/2021\/10\/plcTrainingSystemsMailerUk.pdf\" target=\"_blank\" rel=\"noopener\">\n\t\t\t\t\t\t\t<img decoding=\"async\" data-src=\"https:\/\/ljcreate.com\/wp-content\/uploads\/2021\/09\/pdf_templatePlcs.png\" alt=\"pdf_templatePlcs\" src=\"data:image\/svg+xml;base64,PHN2ZyB3aWR0aD0iMSIgaGVpZ2h0PSIxIiB4bWxucz0iaHR0cDovL3d3dy53My5vcmcvMjAwMC9zdmciPjwvc3ZnPg==\" class=\"lazyload\" style=\"--smush-placeholder-width: 84px; --smush-placeholder-aspect-ratio: 84\/94;\" \/>\n\t\t\t\t\t\t<\/a>\n\t\t<p>Entrenamiento PLC <br \/>Correo de sistemas<\/p>\n\t\t\t\t\n\t\t\t\t\t<a href=\"\/wp-content\/uploads\/2021\/10\/plcTrainingSystemsMailerUk.pdf\" role=\"button\" target=\"_blank\" rel=\"noopener\">\n\t\t\t\t\t\tDownload\t\t\t\t\t<\/a>\n\t\t\t\t\n\t\t\t\t\t\t<a href=\"\/wp-content\/uploads\/2021\/10\/tLevelResourcesMailerUk.pdf\" target=\"_blank\" rel=\"noopener\">\n\t\t\t\t\t\t\t<img decoding=\"async\" data-src=\"https:\/\/ljcreate.com\/wp-content\/uploads\/2021\/09\/pdf_templateTLevels.png\" alt=\"pdf_templateTLevels\" src=\"data:image\/svg+xml;base64,PHN2ZyB3aWR0aD0iMSIgaGVpZ2h0PSIxIiB4bWxucz0iaHR0cDovL3d3dy53My5vcmcvMjAwMC9zdmciPjwvc3ZnPg==\" class=\"lazyload\" style=\"--smush-placeholder-width: 84px; --smush-placeholder-aspect-ratio: 84\/94;\" \/>\n\t\t\t\t\t\t<\/a>\n\t\t<p> Recursos de <br \/>T-Level Remitente<\/p>\n\t\t\t\t\n\t\t\t\t\t<a href=\"\/wp-content\/uploads\/2021\/10\/tLevelResourcesMailerUk.pdf\" role=\"button\" target=\"_blank\" rel=\"noopener\">\n\t\t\t\t\t\tDownload\t\t\t\t\t<\/a>\n\t\t\t\t\n\t\t\t\t\t\t<a href=\"\/wp-content\/uploads\/2021\/09\/distanceLearningEngineeringMailerUk.pdf\" target=\"_blank\" rel=\"noopener\">\n\t\t\t\t\t\t\t<img decoding=\"async\" data-src=\"https:\/\/ljcreate.com\/wp-content\/uploads\/2021\/09\/pdf_templateDistLearn.png\" alt=\"pdf_templateDistLearn\" src=\"data:image\/svg+xml;base64,PHN2ZyB3aWR0aD0iMSIgaGVpZ2h0PSIxIiB4bWxucz0iaHR0cDovL3d3dy53My5vcmcvMjAwMC9zdmciPjwvc3ZnPg==\" class=\"lazyload\" style=\"--smush-placeholder-width: 84px; --smush-placeholder-aspect-ratio: 84\/94;\" \/>\n\t\t\t\t\t\t<\/a>\n\t\t<p>Anuncio publicitario de aprendizaje a distancia (ingenier\u00eda)<\/p>\n\t\t\t\t\n\t\t\t\t\t<a href=\"\/wp-content\/uploads\/2021\/09\/distanceLearningEngineeringMailerUk.pdf\" role=\"button\" target=\"_blank\" rel=\"noopener\">\n\t\t\t\t\t\tDownload\t\t\t\t\t<\/a>\n\t\t\t\t\n\t\t\t\t\t\t<a href=\"\/wp-content\/uploads\/2021\/10\/innovativeLearningSpacesBrochureUk.pdf\" target=\"_blank\" rel=\"noopener\">\n\t\t\t\t\t\t\t<img decoding=\"async\" data-src=\"https:\/\/ljcreate.com\/wp-content\/uploads\/2021\/09\/pdf_templateInnovativeSpace-1.png\" alt=\"pdf_templateInnovativeSpace\" src=\"data:image\/svg+xml;base64,PHN2ZyB3aWR0aD0iMSIgaGVpZ2h0PSIxIiB4bWxucz0iaHR0cDovL3d3dy53My5vcmcvMjAwMC9zdmciPjwvc3ZnPg==\" class=\"lazyload\" style=\"--smush-placeholder-width: 84px; --smush-placeholder-aspect-ratio: 84\/94;\" \/>\n\t\t\t\t\t\t<\/a>\n\t\t<p>Folleto de espacios de aprendizaje innovadores<\/p>\n\t\t\t\t\n\t\t\t\t\t<a href=\"\/wp-content\/uploads\/2021\/10\/innovativeLearningSpacesBrochureUk.pdf\" role=\"button\" target=\"_blank\" rel=\"noopener\">\n\t\t\t\t\t\tDownload\t\t\t\t\t<\/a>\n\t\t\t\t\n\n","protected":false},"excerpt":{"rendered":"<p>Home &gt; Ingenieria Nuestros programas de ingenier\u00eda est\u00e1n dise\u00f1ados para tender puentes brecha de habilidades, asegurando que sus estudiantes tengan las herramientas adecuadas para el trabajo. Los estudiantes utilizan una serie completa de contenido de aprendizaje digital, respaldado por capacitadores del mundo real para ayudar en la comprensi\u00f3n de conceptos clave de ingenier\u00eda. PRODUCTOS DE&hellip;<\/p>\n","protected":false},"author":1,"featured_media":0,"parent":0,"menu_order":3,"comment_status":"closed","ping_status":"closed","template":"","meta":{"_acf_changed":false,"inline_featured_image":false,"footnotes":""},"class_list":["post-26621","page","type-page","status-publish","hentry"],"acf":[],"yoast_head":"<!-- This site is optimized with the Yoast SEO plugin v27.3 - https:\/\/yoast.com\/product\/yoast-seo-wordpress\/ -->\n<title>Programas de Formaci\u00f3n y Educaci\u00f3n en Ingenier\u00eda | LJ Create<\/title>\n<meta name=\"description\" content=\"Nuestros programas de Ingenier\u00eda est\u00e1n dise\u00f1ados para cerrar la brecha de habilidades, asegurando que sus estudiantes est\u00e9n completamente preparados con un conjunto de habilidades de alta tecnolog\u00eda del mundo real.\" \/>\n<meta name=\"robots\" content=\"index, follow, max-snippet:-1, max-image-preview:large, max-video-preview:-1\" \/>\n<link rel=\"canonical\" href=\"https:\/\/ljcreate.com\/es\/ingenieria\/\" \/>\n<meta property=\"og:locale\" content=\"es_ES\" \/>\n<meta property=\"og:type\" content=\"article\" \/>\n<meta property=\"og:title\" content=\"Programas de Formaci\u00f3n y Educaci\u00f3n en Ingenier\u00eda | LJ Create\" \/>\n<meta property=\"og:description\" content=\"Nuestros programas de Ingenier\u00eda est\u00e1n dise\u00f1ados para cerrar la brecha de habilidades, asegurando que sus estudiantes est\u00e9n completamente preparados con un conjunto de habilidades de alta tecnolog\u00eda del mundo real.\" \/>\n<meta property=\"og:url\" content=\"https:\/\/ljcreate.com\/es\/ingenieria\/\" \/>\n<meta property=\"og:site_name\" content=\"LJ Create\" \/>\n<meta property=\"article:modified_time\" content=\"2023-07-20T13:43:00+00:00\" \/>\n<meta property=\"og:image\" content=\"https:\/\/ljcreate.com\/wp-content\/uploads\/2021\/08\/engineeringProgram.png\" \/>\n<meta name=\"twitter:card\" content=\"summary_large_image\" \/>\n<meta name=\"twitter:label1\" content=\"Tiempo de lectura\" \/>\n\t<meta name=\"twitter:data1\" content=\"2 minutos\" \/>\n<script type=\"application\/ld+json\" class=\"yoast-schema-graph\">{\"@context\":\"https:\\\/\\\/schema.org\",\"@graph\":[{\"@type\":\"WebPage\",\"@id\":\"https:\\\/\\\/ljcreate.com\\\/es\\\/ingenieria\\\/\",\"url\":\"https:\\\/\\\/ljcreate.com\\\/es\\\/ingenieria\\\/\",\"name\":\"Programas de Formaci\u00f3n y Educaci\u00f3n en Ingenier\u00eda | LJ Create\",\"isPartOf\":{\"@id\":\"https:\\\/\\\/ljcreate.com\\\/es\\\/#website\"},\"primaryImageOfPage\":{\"@id\":\"https:\\\/\\\/ljcreate.com\\\/es\\\/ingenieria\\\/#primaryimage\"},\"image\":{\"@id\":\"https:\\\/\\\/ljcreate.com\\\/es\\\/ingenieria\\\/#primaryimage\"},\"thumbnailUrl\":\"https:\\\/\\\/ljcreate.com\\\/wp-content\\\/uploads\\\/2021\\\/08\\\/engineeringProgram.png\",\"datePublished\":\"2021-10-26T11:25:09+00:00\",\"dateModified\":\"2023-07-20T13:43:00+00:00\",\"description\":\"Nuestros programas de Ingenier\u00eda est\u00e1n dise\u00f1ados para cerrar la brecha de habilidades, asegurando que sus estudiantes est\u00e9n completamente preparados con un conjunto de habilidades de alta tecnolog\u00eda del mundo real.\",\"breadcrumb\":{\"@id\":\"https:\\\/\\\/ljcreate.com\\\/es\\\/ingenieria\\\/#breadcrumb\"},\"inLanguage\":\"es\",\"potentialAction\":[{\"@type\":\"ReadAction\",\"target\":[\"https:\\\/\\\/ljcreate.com\\\/es\\\/ingenieria\\\/\"]}]},{\"@type\":\"ImageObject\",\"inLanguage\":\"es\",\"@id\":\"https:\\\/\\\/ljcreate.com\\\/es\\\/ingenieria\\\/#primaryimage\",\"url\":\"https:\\\/\\\/ljcreate.com\\\/wp-content\\\/uploads\\\/2021\\\/08\\\/engineeringProgram.png\",\"contentUrl\":\"https:\\\/\\\/ljcreate.com\\\/wp-content\\\/uploads\\\/2021\\\/08\\\/engineeringProgram.png\"},{\"@type\":\"BreadcrumbList\",\"@id\":\"https:\\\/\\\/ljcreate.com\\\/es\\\/ingenieria\\\/#breadcrumb\",\"itemListElement\":[{\"@type\":\"ListItem\",\"position\":1,\"name\":\"Home\",\"item\":\"https:\\\/\\\/ljcreate.com\\\/es\\\/\"},{\"@type\":\"ListItem\",\"position\":2,\"name\":\"Ingenieria\"}]},{\"@type\":\"WebSite\",\"@id\":\"https:\\\/\\\/ljcreate.com\\\/es\\\/#website\",\"url\":\"https:\\\/\\\/ljcreate.com\\\/es\\\/\",\"name\":\"LJ Create\",\"description\":\"Innovate, Inspire, and Engage\",\"publisher\":{\"@id\":\"https:\\\/\\\/ljcreate.com\\\/es\\\/#organization\"},\"alternateName\":\"Creative Learning (Norwich) Limited\",\"potentialAction\":[{\"@type\":\"SearchAction\",\"target\":{\"@type\":\"EntryPoint\",\"urlTemplate\":\"https:\\\/\\\/ljcreate.com\\\/es\\\/?s={search_term_string}\"},\"query-input\":{\"@type\":\"PropertyValueSpecification\",\"valueRequired\":true,\"valueName\":\"search_term_string\"}}],\"inLanguage\":\"es\"},{\"@type\":\"Organization\",\"@id\":\"https:\\\/\\\/ljcreate.com\\\/es\\\/#organization\",\"name\":\"LJ Create\",\"url\":\"https:\\\/\\\/ljcreate.com\\\/es\\\/\",\"logo\":{\"@type\":\"ImageObject\",\"inLanguage\":\"es\",\"@id\":\"https:\\\/\\\/ljcreate.com\\\/es\\\/#\\\/schema\\\/logo\\\/image\\\/\",\"url\":\"https:\\\/\\\/ljcreate.com\\\/wp-content\\\/uploads\\\/2021\\\/07\\\/logo.svg\",\"contentUrl\":\"https:\\\/\\\/ljcreate.com\\\/wp-content\\\/uploads\\\/2021\\\/07\\\/logo.svg\",\"width\":\"1024\",\"height\":\"1024\",\"caption\":\"LJ Create\"},\"image\":{\"@id\":\"https:\\\/\\\/ljcreate.com\\\/es\\\/#\\\/schema\\\/logo\\\/image\\\/\"}}]}<\/script>\n<!-- \/ Yoast SEO plugin. -->","yoast_head_json":{"title":"Programas de Formaci\u00f3n y Educaci\u00f3n en Ingenier\u00eda | LJ Create","description":"Nuestros programas de Ingenier\u00eda est\u00e1n dise\u00f1ados para cerrar la brecha de habilidades, asegurando que sus estudiantes est\u00e9n completamente preparados con un conjunto de habilidades de alta tecnolog\u00eda del mundo real.","robots":{"index":"index","follow":"follow","max-snippet":"max-snippet:-1","max-image-preview":"max-image-preview:large","max-video-preview":"max-video-preview:-1"},"canonical":"https:\/\/ljcreate.com\/es\/ingenieria\/","og_locale":"es_ES","og_type":"article","og_title":"Programas de Formaci\u00f3n y Educaci\u00f3n en Ingenier\u00eda | LJ Create","og_description":"Nuestros programas de Ingenier\u00eda est\u00e1n dise\u00f1ados para cerrar la brecha de habilidades, asegurando que sus estudiantes est\u00e9n completamente preparados con un conjunto de habilidades de alta tecnolog\u00eda del mundo real.","og_url":"https:\/\/ljcreate.com\/es\/ingenieria\/","og_site_name":"LJ Create","article_modified_time":"2023-07-20T13:43:00+00:00","og_image":[{"url":"https:\/\/ljcreate.com\/wp-content\/uploads\/2021\/08\/engineeringProgram.png","type":"","width":"","height":""}],"twitter_card":"summary_large_image","twitter_misc":{"Tiempo de lectura":"2 minutos"},"schema":{"@context":"https:\/\/schema.org","@graph":[{"@type":"WebPage","@id":"https:\/\/ljcreate.com\/es\/ingenieria\/","url":"https:\/\/ljcreate.com\/es\/ingenieria\/","name":"Programas de Formaci\u00f3n y Educaci\u00f3n en Ingenier\u00eda | LJ Create","isPartOf":{"@id":"https:\/\/ljcreate.com\/es\/#website"},"primaryImageOfPage":{"@id":"https:\/\/ljcreate.com\/es\/ingenieria\/#primaryimage"},"image":{"@id":"https:\/\/ljcreate.com\/es\/ingenieria\/#primaryimage"},"thumbnailUrl":"https:\/\/ljcreate.com\/wp-content\/uploads\/2021\/08\/engineeringProgram.png","datePublished":"2021-10-26T11:25:09+00:00","dateModified":"2023-07-20T13:43:00+00:00","description":"Nuestros programas de Ingenier\u00eda est\u00e1n dise\u00f1ados para cerrar la brecha de habilidades, asegurando que sus estudiantes est\u00e9n completamente preparados con un conjunto de habilidades de alta tecnolog\u00eda del mundo real.","breadcrumb":{"@id":"https:\/\/ljcreate.com\/es\/ingenieria\/#breadcrumb"},"inLanguage":"es","potentialAction":[{"@type":"ReadAction","target":["https:\/\/ljcreate.com\/es\/ingenieria\/"]}]},{"@type":"ImageObject","inLanguage":"es","@id":"https:\/\/ljcreate.com\/es\/ingenieria\/#primaryimage","url":"https:\/\/ljcreate.com\/wp-content\/uploads\/2021\/08\/engineeringProgram.png","contentUrl":"https:\/\/ljcreate.com\/wp-content\/uploads\/2021\/08\/engineeringProgram.png"},{"@type":"BreadcrumbList","@id":"https:\/\/ljcreate.com\/es\/ingenieria\/#breadcrumb","itemListElement":[{"@type":"ListItem","position":1,"name":"Home","item":"https:\/\/ljcreate.com\/es\/"},{"@type":"ListItem","position":2,"name":"Ingenieria"}]},{"@type":"WebSite","@id":"https:\/\/ljcreate.com\/es\/#website","url":"https:\/\/ljcreate.com\/es\/","name":"LJ Create","description":"Innovate, Inspire, and Engage","publisher":{"@id":"https:\/\/ljcreate.com\/es\/#organization"},"alternateName":"Creative Learning (Norwich) Limited","potentialAction":[{"@type":"SearchAction","target":{"@type":"EntryPoint","urlTemplate":"https:\/\/ljcreate.com\/es\/?s={search_term_string}"},"query-input":{"@type":"PropertyValueSpecification","valueRequired":true,"valueName":"search_term_string"}}],"inLanguage":"es"},{"@type":"Organization","@id":"https:\/\/ljcreate.com\/es\/#organization","name":"LJ Create","url":"https:\/\/ljcreate.com\/es\/","logo":{"@type":"ImageObject","inLanguage":"es","@id":"https:\/\/ljcreate.com\/es\/#\/schema\/logo\/image\/","url":"https:\/\/ljcreate.com\/wp-content\/uploads\/2021\/07\/logo.svg","contentUrl":"https:\/\/ljcreate.com\/wp-content\/uploads\/2021\/07\/logo.svg","width":"1024","height":"1024","caption":"LJ Create"},"image":{"@id":"https:\/\/ljcreate.com\/es\/#\/schema\/logo\/image\/"}}]}},"_links":{"self":[{"href":"https:\/\/ljcreate.com\/es\/wp-json\/wp\/v2\/pages\/26621","targetHints":{"allow":["GET"]}}],"collection":[{"href":"https:\/\/ljcreate.com\/es\/wp-json\/wp\/v2\/pages"}],"about":[{"href":"https:\/\/ljcreate.com\/es\/wp-json\/wp\/v2\/types\/page"}],"author":[{"embeddable":true,"href":"https:\/\/ljcreate.com\/es\/wp-json\/wp\/v2\/users\/1"}],"replies":[{"embeddable":true,"href":"https:\/\/ljcreate.com\/es\/wp-json\/wp\/v2\/comments?post=26621"}],"version-history":[{"count":3,"href":"https:\/\/ljcreate.com\/es\/wp-json\/wp\/v2\/pages\/26621\/revisions"}],"predecessor-version":[{"id":53545,"href":"https:\/\/ljcreate.com\/es\/wp-json\/wp\/v2\/pages\/26621\/revisions\/53545"}],"wp:attachment":[{"href":"https:\/\/ljcreate.com\/es\/wp-json\/wp\/v2\/media?parent=26621"}],"curies":[{"name":"wp","href":"https:\/\/api.w.org\/{rel}","templated":true}]}}