{"id":26620,"date":"2021-10-26T02:30:00","date_gmt":"2021-10-26T07:30:00","guid":{"rendered":"https:\/\/alpha.ljcreate.com\/elearning\/recursos-educativos\/"},"modified":"2023-07-20T14:48:31","modified_gmt":"2023-07-20T13:48:31","slug":"recursos-educativos","status":"publish","type":"page","link":"https:\/\/ljcreate.com\/es\/elearning\/recursos-educativos\/","title":{"rendered":"Recursos educativos"},"content":{"rendered":"\n\n\t<a href=\"https:\/\/ljcreate.com\/es\/\">Home<\/a> &gt; <a href=\"https:\/\/ljcreate.com\/es\/elearning\/\">eLearning<\/a> &gt; Recursos educativos\n\t<p><strong>ClassAct II, nuestro Sistema de Gesti\u00f3n de Aprendizaje (LMS) es una plataforma de entrega de contenido en l\u00ednea que permite la entrega de nuestra extensa colecci\u00f3n de lecciones de contenido digital rico en medios. El LMS proporciona a los profesores y administradores funciones de informes y seguimiento del rendimiento de los estudiantes. Se puede acceder al LMS desde dispositivos m\u00f3viles y de escritorio en cualquier momento del d\u00eda o de la noche desde cualquier lugar del mundo con acceso a Internet.<\/strong><\/p>\n<p>Disponible con una licencia anual, nuestro LMS en l\u00ednea est\u00e1 repleto de cursos y lecciones de alta calidad y listos para usar para estudiantes de todas las edades. Nuestra biblioteca de contenido en continuo crecimiento contiene actualmente m\u00e1s de 10,000 lecciones.<\/p>\n<p><strong>Estas lecciones son una combinaci\u00f3n de:<\/strong><\/p>\n<ul>\n<li>Emocionantes investigaciones interactivas<\/li>\n<li>Presentaciones f\u00e1ciles de seguir<\/li>\n<li>Evaluaciones de desempe\u00f1o integradas<\/li>\n<\/ul>\n\t\ttodas las categorias\n\t<ul>\n\t\t<li data-filter=\"*\" tabindex=\"0\" aria-label=\"todas las categorias\">todas las categorias<\/li>\t<\/ul>\n\t<meta itemscope itemprop=\"mainEntityOfPage\" itemtype=\"https:\/\/schema.org\/WebPage\" itemid=\"https:\/\/ljcreate.com\/es\/elearning\/working-with-stem\/\" content=\"Trabajando con STEM\" \/><meta itemprop=\"datePublished\" content=\"2021-08-09\" \/><meta itemprop=\"dateModified\" content=\"2023-06-26\" \/><meta itemprop=\"name\" content=\"LJ Create\"\/><meta itemprop=\"url\" content=\"https:\/\/ljcreate.com\/es\/author\/thriveadmin\/\" \/><meta itemprop=\"name\" content=\"ThriveAdmin\" \/><meta itemprop=\"url\" content=\"https:\/\/ljcreate.com\/wp-content\/uploads\/2021\/08\/workingWithStem-1.webp\" \/><meta itemprop=\"width\" content=\"1200\" \/><meta itemprop=\"height\" content=\"600\" \/><meta itemprop=\"interactionType\" content=\"https:\/\/schema.org\/CommentAction\" \/><meta itemprop=\"userInteractionCount\" content=\"0\" \/>\n\t\t\t\t\t<a href=\"https:\/\/ljcreate.com\/es\/elearning\/working-with-stem\/\" title=\"Trabajando con STEM\"><\/a>\n\t\t\t\t<img decoding=\"async\" src=\"https:\/\/ljcreate.com\/wp-content\/uploads\/2021\/08\/workingWithStem-1-351x194.webp\" alt=\"Working with STEM Software\" itemprop=\"image\" data-no-lazy=\"1\" height=\"194\" width=\"351\" title=\"workingWithStem\" onerror=\"this.style.display='none'\"  \/>\n\t\t\t\t\t\t\t\t\t<h6 itemprop=\"headline\">\n\t\t\t\t\t\t\t\t\t\t\t\t\t\tTrabajando con STEM\t\t\t\t\t\t\t\t\t\t\t<\/h6>\n    WWS-AL\n\t<meta itemscope itemprop=\"mainEntityOfPage\" itemtype=\"https:\/\/schema.org\/WebPage\" itemid=\"https:\/\/ljcreate.com\/es\/elearning\/lj-create-engineering\/\" content=\"LJ Create Ingenier\u00eda\" \/><meta itemprop=\"datePublished\" content=\"2021-08-09\" \/><meta itemprop=\"dateModified\" content=\"2023-06-26\" \/><meta itemprop=\"name\" content=\"LJ Create\"\/><meta itemprop=\"url\" content=\"https:\/\/ljcreate.com\/es\/author\/thriveadmin\/\" \/><meta itemprop=\"name\" content=\"ThriveAdmin\" \/><meta itemprop=\"url\" content=\"https:\/\/ljcreate.com\/wp-content\/uploads\/2021\/08\/ljcreateEngineering.webp\" \/><meta itemprop=\"width\" content=\"1200\" \/><meta itemprop=\"height\" content=\"600\" \/><meta itemprop=\"interactionType\" content=\"https:\/\/schema.org\/CommentAction\" \/><meta itemprop=\"userInteractionCount\" content=\"0\" \/>\n\t\t\t\t\t<a href=\"https:\/\/ljcreate.com\/es\/elearning\/lj-create-engineering\/\" title=\"LJ Create Ingenier\u00eda\"><\/a>\n\t\t\t\t<img decoding=\"async\" src=\"https:\/\/ljcreate.com\/wp-content\/uploads\/2021\/08\/ljcreateEngineering-351x194.webp\" alt=\"A group of electronic devices displaying Engineering Software\" itemprop=\"image\" data-no-lazy=\"1\" height=\"194\" width=\"351\" title=\"ljcreateEngineering\" onerror=\"this.style.display='none'\"  \/>\n\t\t\t\t\t\t\t\t\t<h6 itemprop=\"headline\">\n\t\t\t\t\t\t\t\t\t\t\t\t\t\tLJ Create Ingenier\u00eda\t\t\t\t\t\t\t\t\t\t\t<\/h6>\n    ENG1-AL\n\t\t<!-- .pp-content-posts -->\n<h2>\n\t\t Recursos\n\t<\/h2>\n\t\t\t\t\t\t<a href=\"\/wp-content\/uploads\/2021\/09\/working-with-stem-cloud-library-uk.pdf\" target=\"_blank\" rel=\"noopener\">\n\t\t\t\t\t\t\t<img decoding=\"async\" data-src=\"https:\/\/ljcreate.com\/wp-content\/uploads\/2021\/09\/pdf_templateWwsTopics-1.png\" alt=\"pdf_templateWwsTopics\" src=\"data:image\/svg+xml;base64,PHN2ZyB3aWR0aD0iMSIgaGVpZ2h0PSIxIiB4bWxucz0iaHR0cDovL3d3dy53My5vcmcvMjAwMC9zdmciPjwvc3ZnPg==\" class=\"lazyload\" style=\"--smush-placeholder-width: 84px; --smush-placeholder-aspect-ratio: 84\/94;\" \/>\n\t\t\t\t\t\t<\/a>\n\t\t<p>Folleto de la biblioteca en la nube (trabajando con STEM)<\/p>\n\t\t\t\t\n\t\t\t\t\t<a href=\"\/wp-content\/uploads\/2021\/09\/working-with-stem-cloud-library-uk.pdf\" role=\"button\" target=\"_blank\" rel=\"noopener\">\n\t\t\t\t\t\tDownload\t\t\t\t\t<\/a>\n\t\t\t\t\n\n","protected":false},"excerpt":{"rendered":"<p>Home &gt; eLearning &gt; Recursos educativos ClassAct II, nuestro Sistema de Gesti\u00f3n de Aprendizaje (LMS) es una plataforma de entrega de contenido en l\u00ednea que permite la entrega de nuestra extensa colecci\u00f3n de lecciones de contenido digital rico en medios. El LMS proporciona a los profesores y administradores funciones de informes y seguimiento del rendimiento&hellip;<\/p>\n","protected":false},"author":1,"featured_media":0,"parent":26616,"menu_order":1,"comment_status":"closed","ping_status":"closed","template":"","meta":{"_acf_changed":false,"inline_featured_image":false,"footnotes":""},"class_list":["post-26620","page","type-page","status-publish","hentry"],"acf":[],"yoast_head":"<!-- This site is optimized with the Yoast SEO plugin v27.3 - https:\/\/yoast.com\/product\/yoast-seo-wordpress\/ -->\n<title>Software educativo en l\u00ednea de Ingenier\u00eda y Tecnolog\u00eda Automotriz | LJ Create<\/title>\n<meta name=\"description\" content=\"Nuestra colecci\u00f3n de planes de estudio en l\u00ednea incluye recursos educativos de Ingenier\u00eda y Tecnologi\u00eda Automotriz para ayudar a los profesores y estudiantes en un sal\u00f3n de clases o en un entorno virtual.\" \/>\n<meta name=\"robots\" content=\"index, follow, max-snippet:-1, max-image-preview:large, max-video-preview:-1\" \/>\n<link rel=\"canonical\" href=\"https:\/\/ljcreate.com\/es\/elearning\/recursos-educativos\/\" \/>\n<meta property=\"og:locale\" content=\"es_ES\" \/>\n<meta property=\"og:type\" content=\"article\" \/>\n<meta property=\"og:title\" content=\"Software educativo en l\u00ednea de Ingenier\u00eda y Tecnolog\u00eda Automotriz | LJ Create\" \/>\n<meta property=\"og:description\" content=\"Nuestra colecci\u00f3n de planes de estudio en l\u00ednea incluye recursos educativos de Ingenier\u00eda y Tecnologi\u00eda Automotriz para ayudar a los profesores y estudiantes en un sal\u00f3n de clases o en un entorno virtual.\" \/>\n<meta property=\"og:url\" content=\"https:\/\/ljcreate.com\/es\/elearning\/recursos-educativos\/\" \/>\n<meta property=\"og:site_name\" content=\"LJ Create\" \/>\n<meta property=\"article:modified_time\" content=\"2023-07-20T13:48:31+00:00\" \/>\n<meta property=\"og:image\" content=\"https:\/\/ljcreate.com\/wp-content\/uploads\/2021\/08\/workingWithStem-1-351x194.webp\" \/>\n<meta name=\"twitter:card\" content=\"summary_large_image\" \/>\n<meta name=\"twitter:label1\" content=\"Tiempo de lectura\" \/>\n\t<meta name=\"twitter:data1\" content=\"1 minuto\" \/>\n<script type=\"application\/ld+json\" class=\"yoast-schema-graph\">{\"@context\":\"https:\\\/\\\/schema.org\",\"@graph\":[{\"@type\":\"WebPage\",\"@id\":\"https:\\\/\\\/ljcreate.com\\\/es\\\/elearning\\\/recursos-educativos\\\/\",\"url\":\"https:\\\/\\\/ljcreate.com\\\/es\\\/elearning\\\/recursos-educativos\\\/\",\"name\":\"Software educativo en l\u00ednea de Ingenier\u00eda y Tecnolog\u00eda Automotriz | LJ Create\",\"isPartOf\":{\"@id\":\"https:\\\/\\\/ljcreate.com\\\/es\\\/#website\"},\"primaryImageOfPage\":{\"@id\":\"https:\\\/\\\/ljcreate.com\\\/es\\\/elearning\\\/recursos-educativos\\\/#primaryimage\"},\"image\":{\"@id\":\"https:\\\/\\\/ljcreate.com\\\/es\\\/elearning\\\/recursos-educativos\\\/#primaryimage\"},\"thumbnailUrl\":\"https:\\\/\\\/ljcreate.com\\\/wp-content\\\/uploads\\\/2021\\\/08\\\/workingWithStem-1-351x194.webp\",\"datePublished\":\"2021-10-26T07:30:00+00:00\",\"dateModified\":\"2023-07-20T13:48:31+00:00\",\"description\":\"Nuestra colecci\u00f3n de planes de estudio en l\u00ednea incluye recursos educativos de Ingenier\u00eda y Tecnologi\u00eda Automotriz para ayudar a los profesores y estudiantes en un sal\u00f3n de clases o en un entorno virtual.\",\"breadcrumb\":{\"@id\":\"https:\\\/\\\/ljcreate.com\\\/es\\\/elearning\\\/recursos-educativos\\\/#breadcrumb\"},\"inLanguage\":\"es\",\"potentialAction\":[{\"@type\":\"ReadAction\",\"target\":[\"https:\\\/\\\/ljcreate.com\\\/es\\\/elearning\\\/recursos-educativos\\\/\"]}]},{\"@type\":\"ImageObject\",\"inLanguage\":\"es\",\"@id\":\"https:\\\/\\\/ljcreate.com\\\/es\\\/elearning\\\/recursos-educativos\\\/#primaryimage\",\"url\":\"https:\\\/\\\/ljcreate.com\\\/wp-content\\\/uploads\\\/2021\\\/08\\\/workingWithStem-1-351x194.webp\",\"contentUrl\":\"https:\\\/\\\/ljcreate.com\\\/wp-content\\\/uploads\\\/2021\\\/08\\\/workingWithStem-1-351x194.webp\"},{\"@type\":\"BreadcrumbList\",\"@id\":\"https:\\\/\\\/ljcreate.com\\\/es\\\/elearning\\\/recursos-educativos\\\/#breadcrumb\",\"itemListElement\":[{\"@type\":\"ListItem\",\"position\":1,\"name\":\"Home\",\"item\":\"https:\\\/\\\/ljcreate.com\\\/es\\\/\"},{\"@type\":\"ListItem\",\"position\":2,\"name\":\"eLearning\",\"item\":\"https:\\\/\\\/ljcreate.com\\\/es\\\/elearning\\\/\"},{\"@type\":\"ListItem\",\"position\":3,\"name\":\"Recursos educativos\"}]},{\"@type\":\"WebSite\",\"@id\":\"https:\\\/\\\/ljcreate.com\\\/es\\\/#website\",\"url\":\"https:\\\/\\\/ljcreate.com\\\/es\\\/\",\"name\":\"LJ Create\",\"description\":\"Innovate, Inspire, and Engage\",\"publisher\":{\"@id\":\"https:\\\/\\\/ljcreate.com\\\/es\\\/#organization\"},\"alternateName\":\"Creative Learning (Norwich) Limited\",\"potentialAction\":[{\"@type\":\"SearchAction\",\"target\":{\"@type\":\"EntryPoint\",\"urlTemplate\":\"https:\\\/\\\/ljcreate.com\\\/es\\\/?s={search_term_string}\"},\"query-input\":{\"@type\":\"PropertyValueSpecification\",\"valueRequired\":true,\"valueName\":\"search_term_string\"}}],\"inLanguage\":\"es\"},{\"@type\":\"Organization\",\"@id\":\"https:\\\/\\\/ljcreate.com\\\/es\\\/#organization\",\"name\":\"LJ Create\",\"url\":\"https:\\\/\\\/ljcreate.com\\\/es\\\/\",\"logo\":{\"@type\":\"ImageObject\",\"inLanguage\":\"es\",\"@id\":\"https:\\\/\\\/ljcreate.com\\\/es\\\/#\\\/schema\\\/logo\\\/image\\\/\",\"url\":\"https:\\\/\\\/ljcreate.com\\\/wp-content\\\/uploads\\\/2021\\\/07\\\/logo.svg\",\"contentUrl\":\"https:\\\/\\\/ljcreate.com\\\/wp-content\\\/uploads\\\/2021\\\/07\\\/logo.svg\",\"width\":\"1024\",\"height\":\"1024\",\"caption\":\"LJ Create\"},\"image\":{\"@id\":\"https:\\\/\\\/ljcreate.com\\\/es\\\/#\\\/schema\\\/logo\\\/image\\\/\"}}]}<\/script>\n<!-- \/ Yoast SEO plugin. -->","yoast_head_json":{"title":"Software educativo en l\u00ednea de Ingenier\u00eda y Tecnolog\u00eda Automotriz | LJ Create","description":"Nuestra colecci\u00f3n de planes de estudio en l\u00ednea incluye recursos educativos de Ingenier\u00eda y Tecnologi\u00eda Automotriz para ayudar a los profesores y estudiantes en un sal\u00f3n de clases o en un entorno virtual.","robots":{"index":"index","follow":"follow","max-snippet":"max-snippet:-1","max-image-preview":"max-image-preview:large","max-video-preview":"max-video-preview:-1"},"canonical":"https:\/\/ljcreate.com\/es\/elearning\/recursos-educativos\/","og_locale":"es_ES","og_type":"article","og_title":"Software educativo en l\u00ednea de Ingenier\u00eda y Tecnolog\u00eda Automotriz | LJ Create","og_description":"Nuestra colecci\u00f3n de planes de estudio en l\u00ednea incluye recursos educativos de Ingenier\u00eda y Tecnologi\u00eda Automotriz para ayudar a los profesores y estudiantes en un sal\u00f3n de clases o en un entorno virtual.","og_url":"https:\/\/ljcreate.com\/es\/elearning\/recursos-educativos\/","og_site_name":"LJ Create","article_modified_time":"2023-07-20T13:48:31+00:00","og_image":[{"url":"https:\/\/ljcreate.com\/wp-content\/uploads\/2021\/08\/workingWithStem-1-351x194.webp","type":"","width":"","height":""}],"twitter_card":"summary_large_image","twitter_misc":{"Tiempo de lectura":"1 minuto"},"schema":{"@context":"https:\/\/schema.org","@graph":[{"@type":"WebPage","@id":"https:\/\/ljcreate.com\/es\/elearning\/recursos-educativos\/","url":"https:\/\/ljcreate.com\/es\/elearning\/recursos-educativos\/","name":"Software educativo en l\u00ednea de Ingenier\u00eda y Tecnolog\u00eda Automotriz | LJ Create","isPartOf":{"@id":"https:\/\/ljcreate.com\/es\/#website"},"primaryImageOfPage":{"@id":"https:\/\/ljcreate.com\/es\/elearning\/recursos-educativos\/#primaryimage"},"image":{"@id":"https:\/\/ljcreate.com\/es\/elearning\/recursos-educativos\/#primaryimage"},"thumbnailUrl":"https:\/\/ljcreate.com\/wp-content\/uploads\/2021\/08\/workingWithStem-1-351x194.webp","datePublished":"2021-10-26T07:30:00+00:00","dateModified":"2023-07-20T13:48:31+00:00","description":"Nuestra colecci\u00f3n de planes de estudio en l\u00ednea incluye recursos educativos de Ingenier\u00eda y Tecnologi\u00eda Automotriz para ayudar a los profesores y estudiantes en un sal\u00f3n de clases o en un entorno virtual.","breadcrumb":{"@id":"https:\/\/ljcreate.com\/es\/elearning\/recursos-educativos\/#breadcrumb"},"inLanguage":"es","potentialAction":[{"@type":"ReadAction","target":["https:\/\/ljcreate.com\/es\/elearning\/recursos-educativos\/"]}]},{"@type":"ImageObject","inLanguage":"es","@id":"https:\/\/ljcreate.com\/es\/elearning\/recursos-educativos\/#primaryimage","url":"https:\/\/ljcreate.com\/wp-content\/uploads\/2021\/08\/workingWithStem-1-351x194.webp","contentUrl":"https:\/\/ljcreate.com\/wp-content\/uploads\/2021\/08\/workingWithStem-1-351x194.webp"},{"@type":"BreadcrumbList","@id":"https:\/\/ljcreate.com\/es\/elearning\/recursos-educativos\/#breadcrumb","itemListElement":[{"@type":"ListItem","position":1,"name":"Home","item":"https:\/\/ljcreate.com\/es\/"},{"@type":"ListItem","position":2,"name":"eLearning","item":"https:\/\/ljcreate.com\/es\/elearning\/"},{"@type":"ListItem","position":3,"name":"Recursos educativos"}]},{"@type":"WebSite","@id":"https:\/\/ljcreate.com\/es\/#website","url":"https:\/\/ljcreate.com\/es\/","name":"LJ Create","description":"Innovate, Inspire, and Engage","publisher":{"@id":"https:\/\/ljcreate.com\/es\/#organization"},"alternateName":"Creative Learning (Norwich) Limited","potentialAction":[{"@type":"SearchAction","target":{"@type":"EntryPoint","urlTemplate":"https:\/\/ljcreate.com\/es\/?s={search_term_string}"},"query-input":{"@type":"PropertyValueSpecification","valueRequired":true,"valueName":"search_term_string"}}],"inLanguage":"es"},{"@type":"Organization","@id":"https:\/\/ljcreate.com\/es\/#organization","name":"LJ Create","url":"https:\/\/ljcreate.com\/es\/","logo":{"@type":"ImageObject","inLanguage":"es","@id":"https:\/\/ljcreate.com\/es\/#\/schema\/logo\/image\/","url":"https:\/\/ljcreate.com\/wp-content\/uploads\/2021\/07\/logo.svg","contentUrl":"https:\/\/ljcreate.com\/wp-content\/uploads\/2021\/07\/logo.svg","width":"1024","height":"1024","caption":"LJ Create"},"image":{"@id":"https:\/\/ljcreate.com\/es\/#\/schema\/logo\/image\/"}}]}},"_links":{"self":[{"href":"https:\/\/ljcreate.com\/es\/wp-json\/wp\/v2\/pages\/26620","targetHints":{"allow":["GET"]}}],"collection":[{"href":"https:\/\/ljcreate.com\/es\/wp-json\/wp\/v2\/pages"}],"about":[{"href":"https:\/\/ljcreate.com\/es\/wp-json\/wp\/v2\/types\/page"}],"author":[{"embeddable":true,"href":"https:\/\/ljcreate.com\/es\/wp-json\/wp\/v2\/users\/1"}],"replies":[{"embeddable":true,"href":"https:\/\/ljcreate.com\/es\/wp-json\/wp\/v2\/comments?post=26620"}],"version-history":[{"count":3,"href":"https:\/\/ljcreate.com\/es\/wp-json\/wp\/v2\/pages\/26620\/revisions"}],"predecessor-version":[{"id":53547,"href":"https:\/\/ljcreate.com\/es\/wp-json\/wp\/v2\/pages\/26620\/revisions\/53547"}],"up":[{"embeddable":true,"href":"https:\/\/ljcreate.com\/es\/wp-json\/wp\/v2\/pages\/26616"}],"wp:attachment":[{"href":"https:\/\/ljcreate.com\/es\/wp-json\/wp\/v2\/media?parent=26620"}],"curies":[{"name":"wp","href":"https:\/\/api.w.org\/{rel}","templated":true}]}}