{"id":26617,"date":"2021-10-26T02:20:17","date_gmt":"2021-10-26T07:20:17","guid":{"rendered":"https:\/\/alpha.ljcreate.com\/elearning\/el-sistema-de-gestion-de-aprendizaje-lj-create\/"},"modified":"2023-03-24T09:39:37","modified_gmt":"2023-03-24T09:39:37","slug":"el-sistema-de-gestion-de-aprendizaje-lj-create","status":"publish","type":"page","link":"https:\/\/ljcreate.com\/es\/elearning\/el-sistema-de-gestion-de-aprendizaje-lj-create\/","title":{"rendered":"El sistema de gesti\u00f3n de aprendizaje LJ Create"},"content":{"rendered":"\n\n\t<a href=\"https:\/\/ljcreate.com\/es\/\">Home<\/a> &gt; <a href=\"https:\/\/ljcreate.com\/es\/elearning\/\">eLearning<\/a> &gt; El sistema de gesti\u00f3n de aprendizaje LJ Create\n\t<p><strong>ClassAct II, nuestro Sistema de Gesti\u00f3n de Aprendizaje (LMS) es una plataforma de entrega de contenido en l\u00ednea que permite la entrega de nuestra extensa colecci\u00f3n de lecciones de contenido digital rico en medios.<\/strong><\/p>\n<p>Se puede acceder al LMS desde<strong> Chromebooks, computadoras de escritorio y dispositivos m\u00f3viles<\/strong> en cualquier momento del d\u00eda o de la noche desde cualquier lugar del mundo con acceso a Internet.<\/p>\n<p>Nuestro LMS rastrea y registra autom\u00e1ticamente los<strong> progreso y logro de sus estudiantes<\/strong> y el progreso de la escuela en general. Puede ver cu\u00e1nto tiempo pasan los estudiantes en cada m\u00f3dulo, con qu\u00e9 frecuencia inician sesi\u00f3n y ver instant\u00e1neamente los registros de sus calificaciones en todo el programa.<\/p>\n<p>A todos los clientes de LMS se les <strong>asigna su propio dominio <\/strong>lo que les permite un control total sobre un seguro y dedicado LMS.<\/p>\n<p>Esto le permite la flexibilidad de crear una estructura organizativa que coincida con la suya, lo que hace que las tareas administrativas y los informes del progreso de los estudiantes sean m\u00e1s intuitivos.<\/p>\n<p>Simplemente elija la licencia que mejor se adapte a sus necesidades, crearemos un dominio con los cursos disponibles y capacitaremos al administrador de su sitio. A partir de ah\u00ed, cada escuela es libre de usar el contenido en cualquier m\u00e9todo que se adapte a su estilo de instrucci\u00f3n. Los profesores pueden asignar f\u00e1cilmente los cursos de LJ Create a los estudiantes, o<strong> crear sus propios cursos<\/strong> de nuestra extensa biblioteca de unidades de aprendizaje.<\/p>\n\t\t\t\t<img decoding=\"async\" data-src=\"https:\/\/ljcreate.com\/wp-content\/uploads\/2021\/09\/LJ-Create-LMS_US.png\" alt=\"LJ-Create-LMS_US\" itemprop=\"image\" height=\"1004\" width=\"2046\" title=\"LJ-Create-LMS_US\" onerror=\"this.style.display='none'\" src=\"data:image\/svg+xml;base64,PHN2ZyB3aWR0aD0iMSIgaGVpZ2h0PSIxIiB4bWxucz0iaHR0cDovL3d3dy53My5vcmcvMjAwMC9zdmciPjwvc3ZnPg==\" class=\"lazyload\" style=\"--smush-placeholder-width: 2046px; --smush-placeholder-aspect-ratio: 2046\/1004;\" \/>\n\t<h3>Tipos de lecciones disponibles en nuestro LMS<\/h3>\n\t\t\t\t\t\t\t\t\t<img decoding=\"async\" data-src=\"https:\/\/ljcreate.com\/wp-content\/uploads\/2021\/10\/digitalTabletPresentation-2.png\" alt=\"digitalTabletPresentation\" itemprop=\"image\" height=\"542\" width=\"710\" data-srcset=\"https:\/\/ljcreate.com\/wp-content\/uploads\/2021\/10\/digitalTabletPresentation-2.png 710w, https:\/\/ljcreate.com\/wp-content\/uploads\/2021\/10\/digitalTabletPresentation-2-300x229.png 300w, https:\/\/ljcreate.com\/wp-content\/uploads\/2021\/10\/digitalTabletPresentation-2-196x150.png 196w, https:\/\/ljcreate.com\/wp-content\/uploads\/2021\/10\/digitalTabletPresentation-2-393x300.png 393w, https:\/\/ljcreate.com\/wp-content\/uploads\/2021\/10\/digitalTabletPresentation-2-564x431.png 564w, https:\/\/ljcreate.com\/wp-content\/uploads\/2021\/10\/digitalTabletPresentation-2-600x458.png 600w\" data-sizes=\"(max-width: 710px) 100vw, 710px\" title=\"digitalTabletPresentation\" onerror=\"this.style.display='none'\" src=\"data:image\/svg+xml;base64,PHN2ZyB3aWR0aD0iMSIgaGVpZ2h0PSIxIiB4bWxucz0iaHR0cDovL3d3dy53My5vcmcvMjAwMC9zdmciPjwvc3ZnPg==\" class=\"lazyload\" style=\"--smush-placeholder-width: 710px; --smush-placeholder-aspect-ratio: 710\/542;\" \/>\n\t<h4><strong>Presentaciones<\/strong><\/h4>\n<p><strong>Integral, informativo, perspicaz<\/strong> . Nuestras presentaciones brindan a los estudiantes el conocimiento fundamental que necesitan para comprender los conceptos clave en el programa elegido. Nuestras presentaciones est\u00e1n completamente narradas con subt\u00edtulos para personas con problemas de audici\u00f3n.<\/p>\n\t\t\t\t\t\t\t\t\t<img decoding=\"async\" data-src=\"https:\/\/ljcreate.com\/wp-content\/uploads\/2021\/10\/digitalTabletInvestigations.png\" alt=\"digitalTabletInvestigations\" itemprop=\"image\" height=\"542\" width=\"710\" data-srcset=\"https:\/\/ljcreate.com\/wp-content\/uploads\/2021\/10\/digitalTabletInvestigations.png 710w, https:\/\/ljcreate.com\/wp-content\/uploads\/2021\/10\/digitalTabletInvestigations-300x229.png 300w, https:\/\/ljcreate.com\/wp-content\/uploads\/2021\/10\/digitalTabletInvestigations-196x150.png 196w, https:\/\/ljcreate.com\/wp-content\/uploads\/2021\/10\/digitalTabletInvestigations-393x300.png 393w, https:\/\/ljcreate.com\/wp-content\/uploads\/2021\/10\/digitalTabletInvestigations-564x431.png 564w, https:\/\/ljcreate.com\/wp-content\/uploads\/2021\/10\/digitalTabletInvestigations-600x458.png 600w\" data-sizes=\"(max-width: 710px) 100vw, 710px\" title=\"digitalTabletInvestigations\" onerror=\"this.style.display='none'\" src=\"data:image\/svg+xml;base64,PHN2ZyB3aWR0aD0iMSIgaGVpZ2h0PSIxIiB4bWxucz0iaHR0cDovL3d3dy53My5vcmcvMjAwMC9zdmciPjwvc3ZnPg==\" class=\"lazyload\" style=\"--smush-placeholder-width: 710px; --smush-placeholder-aspect-ratio: 710\/542;\" \/>\n\t<h4><strong>Investigaciones<\/strong><\/h4>\n<p><strong>Emocionante, inquisitivo, t\u00e1ctil<\/strong> . Una variedad de actividades de desarrollo de habilidades, que incluyen talleres virtuales y tareas de laboratorio, exploradores de equipos en pantalla y tareas de resoluci\u00f3n de problemas. Nuevamente, estas lecciones est\u00e1n completamente narradas.<\/p>\n\t\t\t\t\t\t\t\t\t<img decoding=\"async\" data-src=\"https:\/\/ljcreate.com\/wp-content\/uploads\/2021\/10\/digitalTabletAssessment.png\" alt=\"digitalTabletAssessment\" itemprop=\"image\" height=\"542\" width=\"710\" data-srcset=\"https:\/\/ljcreate.com\/wp-content\/uploads\/2021\/10\/digitalTabletAssessment.png 710w, https:\/\/ljcreate.com\/wp-content\/uploads\/2021\/10\/digitalTabletAssessment-300x229.png 300w, https:\/\/ljcreate.com\/wp-content\/uploads\/2021\/10\/digitalTabletAssessment-196x150.png 196w, https:\/\/ljcreate.com\/wp-content\/uploads\/2021\/10\/digitalTabletAssessment-393x300.png 393w, https:\/\/ljcreate.com\/wp-content\/uploads\/2021\/10\/digitalTabletAssessment-564x431.png 564w, https:\/\/ljcreate.com\/wp-content\/uploads\/2021\/10\/digitalTabletAssessment-600x458.png 600w\" data-sizes=\"(max-width: 710px) 100vw, 710px\" title=\"digitalTabletAssessment\" onerror=\"this.style.display='none'\" src=\"data:image\/svg+xml;base64,PHN2ZyB3aWR0aD0iMSIgaGVpZ2h0PSIxIiB4bWxucz0iaHR0cDovL3d3dy53My5vcmcvMjAwMC9zdmciPjwvc3ZnPg==\" class=\"lazyload\" style=\"--smush-placeholder-width: 710px; --smush-placeholder-aspect-ratio: 710\/542;\" \/>\n\t<h4><strong>Evaluaciones<\/strong><\/h4>\n<p><strong>Provoca reflexi\u00f3n, desafiante, vers\u00e1til<\/strong> . Eval\u00fae la comprensi\u00f3n de los estudiantes de cada tema de una manera de apoyo que identifique claramente la respuesta correcta a cada pregunta una vez que se haya intentado.<\/p>\n\t\t\t\t\t\t\t\t\t<img decoding=\"async\" data-src=\"https:\/\/ljcreate.com\/wp-content\/uploads\/2021\/10\/digitalTabletTasks-1.png\" alt=\"digitalTabletTasks\" itemprop=\"image\" height=\"542\" width=\"710\" data-srcset=\"https:\/\/ljcreate.com\/wp-content\/uploads\/2021\/10\/digitalTabletTasks-1.png 710w, https:\/\/ljcreate.com\/wp-content\/uploads\/2021\/10\/digitalTabletTasks-1-300x229.png 300w, https:\/\/ljcreate.com\/wp-content\/uploads\/2021\/10\/digitalTabletTasks-1-196x150.png 196w, https:\/\/ljcreate.com\/wp-content\/uploads\/2021\/10\/digitalTabletTasks-1-393x300.png 393w, https:\/\/ljcreate.com\/wp-content\/uploads\/2021\/10\/digitalTabletTasks-1-564x431.png 564w, https:\/\/ljcreate.com\/wp-content\/uploads\/2021\/10\/digitalTabletTasks-1-600x458.png 600w\" data-sizes=\"(max-width: 710px) 100vw, 710px\" title=\"digitalTabletTasks\" onerror=\"this.style.display='none'\" src=\"data:image\/svg+xml;base64,PHN2ZyB3aWR0aD0iMSIgaGVpZ2h0PSIxIiB4bWxucz0iaHR0cDovL3d3dy53My5vcmcvMjAwMC9zdmciPjwvc3ZnPg==\" class=\"lazyload\" style=\"--smush-placeholder-width: 710px; --smush-placeholder-aspect-ratio: 710\/542;\" \/>\n\t<h4><strong>Tareas practicas<\/strong><\/h4>\n<p>Actividades pr\u00e1cticas vinculadas a recursos te\u00f3ricos que permitan al alumno desarrollar habilidades de aprendizaje activo.<\/p>\n<h2>\n\t\tNota aclaratoria:\n\t<\/h2>\n\t<p>No todos nuestros productos est\u00e1n disponibles con manuales\/curr\u00edculo\/contenido digital en Espa\u00f1ol. Favor de contactarnos para obtener m\u00e1s informaci\u00f3n al respecto.<\/p>\n\n","protected":false},"excerpt":{"rendered":"<p>Home &gt; eLearning &gt; El sistema de gesti\u00f3n de aprendizaje LJ Create ClassAct II, nuestro Sistema de Gesti\u00f3n de Aprendizaje (LMS) es una plataforma de entrega de contenido en l\u00ednea que permite la entrega de nuestra extensa colecci\u00f3n de lecciones de contenido digital rico en medios. Se puede acceder al LMS desde Chromebooks, computadoras de&hellip;<\/p>\n","protected":false},"author":1,"featured_media":0,"parent":26616,"menu_order":0,"comment_status":"closed","ping_status":"closed","template":"","meta":{"_acf_changed":false,"inline_featured_image":false,"footnotes":""},"class_list":["post-26617","page","type-page","status-publish","hentry"],"acf":[],"yoast_head":"<!-- This site is optimized with the Yoast SEO plugin v27.3 - https:\/\/yoast.com\/product\/yoast-seo-wordpress\/ -->\n<title>Plan de estudios en l\u00ednea con sistema de gesti\u00f3n de aprendizaje | LJ Create<\/title>\n<meta name=\"description\" content=\"Nuestro sistema de gesti\u00f3n de aprendizaje es una plataforma de contenido digital que nos permite compartir nuestra extensa colecci\u00f3n de curr\u00edculo en l\u00ednea con profesores y estudiantes.\" \/>\n<meta name=\"robots\" content=\"index, follow, max-snippet:-1, max-image-preview:large, max-video-preview:-1\" \/>\n<link rel=\"canonical\" href=\"https:\/\/ljcreate.com\/es\/elearning\/el-sistema-de-gestion-de-aprendizaje-lj-create\/\" \/>\n<meta property=\"og:locale\" content=\"es_ES\" \/>\n<meta property=\"og:type\" content=\"article\" \/>\n<meta property=\"og:title\" content=\"Plan de estudios en l\u00ednea con sistema de gesti\u00f3n de aprendizaje | LJ Create\" \/>\n<meta property=\"og:description\" content=\"Nuestro sistema de gesti\u00f3n de aprendizaje es una plataforma de contenido digital que nos permite compartir nuestra extensa colecci\u00f3n de curr\u00edculo en l\u00ednea con profesores y estudiantes.\" \/>\n<meta property=\"og:url\" content=\"https:\/\/ljcreate.com\/es\/elearning\/el-sistema-de-gestion-de-aprendizaje-lj-create\/\" \/>\n<meta property=\"og:site_name\" content=\"LJ Create\" \/>\n<meta property=\"article:modified_time\" content=\"2023-03-24T09:39:37+00:00\" \/>\n<meta property=\"og:image\" content=\"https:\/\/ljcreate.com\/wp-content\/uploads\/2021\/09\/LJ-Create-LMS_US.png\" \/>\n<meta name=\"twitter:card\" content=\"summary_large_image\" \/>\n<meta name=\"twitter:label1\" content=\"Tiempo de lectura\" \/>\n\t<meta name=\"twitter:data1\" content=\"2 minutos\" \/>\n<script type=\"application\/ld+json\" class=\"yoast-schema-graph\">{\"@context\":\"https:\\\/\\\/schema.org\",\"@graph\":[{\"@type\":\"WebPage\",\"@id\":\"https:\\\/\\\/ljcreate.com\\\/es\\\/elearning\\\/el-sistema-de-gestion-de-aprendizaje-lj-create\\\/\",\"url\":\"https:\\\/\\\/ljcreate.com\\\/es\\\/elearning\\\/el-sistema-de-gestion-de-aprendizaje-lj-create\\\/\",\"name\":\"Plan de estudios en l\u00ednea con sistema de gesti\u00f3n de aprendizaje | LJ Create\",\"isPartOf\":{\"@id\":\"https:\\\/\\\/ljcreate.com\\\/es\\\/#website\"},\"primaryImageOfPage\":{\"@id\":\"https:\\\/\\\/ljcreate.com\\\/es\\\/elearning\\\/el-sistema-de-gestion-de-aprendizaje-lj-create\\\/#primaryimage\"},\"image\":{\"@id\":\"https:\\\/\\\/ljcreate.com\\\/es\\\/elearning\\\/el-sistema-de-gestion-de-aprendizaje-lj-create\\\/#primaryimage\"},\"thumbnailUrl\":\"https:\\\/\\\/ljcreate.com\\\/wp-content\\\/uploads\\\/2021\\\/09\\\/LJ-Create-LMS_US.png\",\"datePublished\":\"2021-10-26T07:20:17+00:00\",\"dateModified\":\"2023-03-24T09:39:37+00:00\",\"description\":\"Nuestro sistema de gesti\u00f3n de aprendizaje es una plataforma de contenido digital que nos permite compartir nuestra extensa colecci\u00f3n de curr\u00edculo en l\u00ednea con profesores y estudiantes.\",\"breadcrumb\":{\"@id\":\"https:\\\/\\\/ljcreate.com\\\/es\\\/elearning\\\/el-sistema-de-gestion-de-aprendizaje-lj-create\\\/#breadcrumb\"},\"inLanguage\":\"es\",\"potentialAction\":[{\"@type\":\"ReadAction\",\"target\":[\"https:\\\/\\\/ljcreate.com\\\/es\\\/elearning\\\/el-sistema-de-gestion-de-aprendizaje-lj-create\\\/\"]}]},{\"@type\":\"ImageObject\",\"inLanguage\":\"es\",\"@id\":\"https:\\\/\\\/ljcreate.com\\\/es\\\/elearning\\\/el-sistema-de-gestion-de-aprendizaje-lj-create\\\/#primaryimage\",\"url\":\"https:\\\/\\\/ljcreate.com\\\/wp-content\\\/uploads\\\/2021\\\/09\\\/LJ-Create-LMS_US.png\",\"contentUrl\":\"https:\\\/\\\/ljcreate.com\\\/wp-content\\\/uploads\\\/2021\\\/09\\\/LJ-Create-LMS_US.png\"},{\"@type\":\"BreadcrumbList\",\"@id\":\"https:\\\/\\\/ljcreate.com\\\/es\\\/elearning\\\/el-sistema-de-gestion-de-aprendizaje-lj-create\\\/#breadcrumb\",\"itemListElement\":[{\"@type\":\"ListItem\",\"position\":1,\"name\":\"Home\",\"item\":\"https:\\\/\\\/ljcreate.com\\\/es\\\/\"},{\"@type\":\"ListItem\",\"position\":2,\"name\":\"eLearning\",\"item\":\"https:\\\/\\\/ljcreate.com\\\/es\\\/elearning\\\/\"},{\"@type\":\"ListItem\",\"position\":3,\"name\":\"El sistema de gesti\u00f3n de aprendizaje LJ Create\"}]},{\"@type\":\"WebSite\",\"@id\":\"https:\\\/\\\/ljcreate.com\\\/es\\\/#website\",\"url\":\"https:\\\/\\\/ljcreate.com\\\/es\\\/\",\"name\":\"LJ Create\",\"description\":\"Innovate, Inspire, and Engage\",\"publisher\":{\"@id\":\"https:\\\/\\\/ljcreate.com\\\/es\\\/#organization\"},\"alternateName\":\"Creative Learning (Norwich) Limited\",\"potentialAction\":[{\"@type\":\"SearchAction\",\"target\":{\"@type\":\"EntryPoint\",\"urlTemplate\":\"https:\\\/\\\/ljcreate.com\\\/es\\\/?s={search_term_string}\"},\"query-input\":{\"@type\":\"PropertyValueSpecification\",\"valueRequired\":true,\"valueName\":\"search_term_string\"}}],\"inLanguage\":\"es\"},{\"@type\":\"Organization\",\"@id\":\"https:\\\/\\\/ljcreate.com\\\/es\\\/#organization\",\"name\":\"LJ Create\",\"url\":\"https:\\\/\\\/ljcreate.com\\\/es\\\/\",\"logo\":{\"@type\":\"ImageObject\",\"inLanguage\":\"es\",\"@id\":\"https:\\\/\\\/ljcreate.com\\\/es\\\/#\\\/schema\\\/logo\\\/image\\\/\",\"url\":\"https:\\\/\\\/ljcreate.com\\\/wp-content\\\/uploads\\\/2021\\\/07\\\/logo.svg\",\"contentUrl\":\"https:\\\/\\\/ljcreate.com\\\/wp-content\\\/uploads\\\/2021\\\/07\\\/logo.svg\",\"width\":\"1024\",\"height\":\"1024\",\"caption\":\"LJ Create\"},\"image\":{\"@id\":\"https:\\\/\\\/ljcreate.com\\\/es\\\/#\\\/schema\\\/logo\\\/image\\\/\"}}]}<\/script>\n<!-- \/ Yoast SEO plugin. -->","yoast_head_json":{"title":"Plan de estudios en l\u00ednea con sistema de gesti\u00f3n de aprendizaje | LJ Create","description":"Nuestro sistema de gesti\u00f3n de aprendizaje es una plataforma de contenido digital que nos permite compartir nuestra extensa colecci\u00f3n de curr\u00edculo en l\u00ednea con profesores y estudiantes.","robots":{"index":"index","follow":"follow","max-snippet":"max-snippet:-1","max-image-preview":"max-image-preview:large","max-video-preview":"max-video-preview:-1"},"canonical":"https:\/\/ljcreate.com\/es\/elearning\/el-sistema-de-gestion-de-aprendizaje-lj-create\/","og_locale":"es_ES","og_type":"article","og_title":"Plan de estudios en l\u00ednea con sistema de gesti\u00f3n de aprendizaje | LJ Create","og_description":"Nuestro sistema de gesti\u00f3n de aprendizaje es una plataforma de contenido digital que nos permite compartir nuestra extensa colecci\u00f3n de curr\u00edculo en l\u00ednea con profesores y estudiantes.","og_url":"https:\/\/ljcreate.com\/es\/elearning\/el-sistema-de-gestion-de-aprendizaje-lj-create\/","og_site_name":"LJ Create","article_modified_time":"2023-03-24T09:39:37+00:00","og_image":[{"url":"https:\/\/ljcreate.com\/wp-content\/uploads\/2021\/09\/LJ-Create-LMS_US.png","type":"","width":"","height":""}],"twitter_card":"summary_large_image","twitter_misc":{"Tiempo de lectura":"2 minutos"},"schema":{"@context":"https:\/\/schema.org","@graph":[{"@type":"WebPage","@id":"https:\/\/ljcreate.com\/es\/elearning\/el-sistema-de-gestion-de-aprendizaje-lj-create\/","url":"https:\/\/ljcreate.com\/es\/elearning\/el-sistema-de-gestion-de-aprendizaje-lj-create\/","name":"Plan de estudios en l\u00ednea con sistema de gesti\u00f3n de aprendizaje | LJ Create","isPartOf":{"@id":"https:\/\/ljcreate.com\/es\/#website"},"primaryImageOfPage":{"@id":"https:\/\/ljcreate.com\/es\/elearning\/el-sistema-de-gestion-de-aprendizaje-lj-create\/#primaryimage"},"image":{"@id":"https:\/\/ljcreate.com\/es\/elearning\/el-sistema-de-gestion-de-aprendizaje-lj-create\/#primaryimage"},"thumbnailUrl":"https:\/\/ljcreate.com\/wp-content\/uploads\/2021\/09\/LJ-Create-LMS_US.png","datePublished":"2021-10-26T07:20:17+00:00","dateModified":"2023-03-24T09:39:37+00:00","description":"Nuestro sistema de gesti\u00f3n de aprendizaje es una plataforma de contenido digital que nos permite compartir nuestra extensa colecci\u00f3n de curr\u00edculo en l\u00ednea con profesores y estudiantes.","breadcrumb":{"@id":"https:\/\/ljcreate.com\/es\/elearning\/el-sistema-de-gestion-de-aprendizaje-lj-create\/#breadcrumb"},"inLanguage":"es","potentialAction":[{"@type":"ReadAction","target":["https:\/\/ljcreate.com\/es\/elearning\/el-sistema-de-gestion-de-aprendizaje-lj-create\/"]}]},{"@type":"ImageObject","inLanguage":"es","@id":"https:\/\/ljcreate.com\/es\/elearning\/el-sistema-de-gestion-de-aprendizaje-lj-create\/#primaryimage","url":"https:\/\/ljcreate.com\/wp-content\/uploads\/2021\/09\/LJ-Create-LMS_US.png","contentUrl":"https:\/\/ljcreate.com\/wp-content\/uploads\/2021\/09\/LJ-Create-LMS_US.png"},{"@type":"BreadcrumbList","@id":"https:\/\/ljcreate.com\/es\/elearning\/el-sistema-de-gestion-de-aprendizaje-lj-create\/#breadcrumb","itemListElement":[{"@type":"ListItem","position":1,"name":"Home","item":"https:\/\/ljcreate.com\/es\/"},{"@type":"ListItem","position":2,"name":"eLearning","item":"https:\/\/ljcreate.com\/es\/elearning\/"},{"@type":"ListItem","position":3,"name":"El sistema de gesti\u00f3n de aprendizaje LJ Create"}]},{"@type":"WebSite","@id":"https:\/\/ljcreate.com\/es\/#website","url":"https:\/\/ljcreate.com\/es\/","name":"LJ Create","description":"Innovate, Inspire, and Engage","publisher":{"@id":"https:\/\/ljcreate.com\/es\/#organization"},"alternateName":"Creative Learning (Norwich) Limited","potentialAction":[{"@type":"SearchAction","target":{"@type":"EntryPoint","urlTemplate":"https:\/\/ljcreate.com\/es\/?s={search_term_string}"},"query-input":{"@type":"PropertyValueSpecification","valueRequired":true,"valueName":"search_term_string"}}],"inLanguage":"es"},{"@type":"Organization","@id":"https:\/\/ljcreate.com\/es\/#organization","name":"LJ Create","url":"https:\/\/ljcreate.com\/es\/","logo":{"@type":"ImageObject","inLanguage":"es","@id":"https:\/\/ljcreate.com\/es\/#\/schema\/logo\/image\/","url":"https:\/\/ljcreate.com\/wp-content\/uploads\/2021\/07\/logo.svg","contentUrl":"https:\/\/ljcreate.com\/wp-content\/uploads\/2021\/07\/logo.svg","width":"1024","height":"1024","caption":"LJ Create"},"image":{"@id":"https:\/\/ljcreate.com\/es\/#\/schema\/logo\/image\/"}}]}},"_links":{"self":[{"href":"https:\/\/ljcreate.com\/es\/wp-json\/wp\/v2\/pages\/26617","targetHints":{"allow":["GET"]}}],"collection":[{"href":"https:\/\/ljcreate.com\/es\/wp-json\/wp\/v2\/pages"}],"about":[{"href":"https:\/\/ljcreate.com\/es\/wp-json\/wp\/v2\/types\/page"}],"author":[{"embeddable":true,"href":"https:\/\/ljcreate.com\/es\/wp-json\/wp\/v2\/users\/1"}],"replies":[{"embeddable":true,"href":"https:\/\/ljcreate.com\/es\/wp-json\/wp\/v2\/comments?post=26617"}],"version-history":[{"count":3,"href":"https:\/\/ljcreate.com\/es\/wp-json\/wp\/v2\/pages\/26617\/revisions"}],"predecessor-version":[{"id":41324,"href":"https:\/\/ljcreate.com\/es\/wp-json\/wp\/v2\/pages\/26617\/revisions\/41324"}],"up":[{"embeddable":true,"href":"https:\/\/ljcreate.com\/es\/wp-json\/wp\/v2\/pages\/26616"}],"wp:attachment":[{"href":"https:\/\/ljcreate.com\/es\/wp-json\/wp\/v2\/media?parent=26617"}],"curies":[{"name":"wp","href":"https:\/\/api.w.org\/{rel}","templated":true}]}}