{"id":26616,"date":"2021-10-26T02:13:25","date_gmt":"2021-10-26T07:13:25","guid":{"rendered":"https:\/\/alpha.ljcreate.com\/elearning\/"},"modified":"2023-07-20T14:42:15","modified_gmt":"2023-07-20T13:42:15","slug":"elearning","status":"publish","type":"page","link":"https:\/\/ljcreate.com\/es\/elearning\/","title":{"rendered":"eLearning"},"content":{"rendered":"\n\n\t<a href=\"https:\/\/ljcreate.com\/es\/\">Home<\/a> &gt; eLearning\n\t<p>LJ Create produce recursos did\u00e1cticos de aprendizaje combinado en forma de hardware, software y plan de estudios de aprendizaje electr\u00f3nico. Nuestro<strong> biblioteca de lecciones en l\u00ednea<\/strong> para ingenier\u00eda y reparaci\u00f3n automotriz est\u00e1 disponible a trav\u00e9s de:<\/p>\n<ul>\n<li><strong>ClassAct II<\/strong> &#8211; Nuestro f\u00e1cil de usar <a href=\"https:\/\/ljcreate.com\/es\/elearning\/el-sistema-de-gestion-de-aprendizaje-lj-create\/\"> sistema para el manejo del aprendimiento<\/a><\/li>\n<li><strong>DRL<\/strong> &#8211; Un paquete de lecciones instalable<\/li>\n<li><strong>SCORM<\/strong> &#8211; Objetos instalables para su LMS existente<\/li>\n<\/ul>\n\t\t\t\t<img decoding=\"async\" data-src=\"https:\/\/ljcreate.com\/wp-content\/uploads\/2021\/10\/eLearningHeader-2.png\" alt=\"eLearningHeader\" itemprop=\"image\" height=\"383\" width=\"555\" title=\"eLearningHeader\" onerror=\"this.style.display='none'\" src=\"data:image\/svg+xml;base64,PHN2ZyB3aWR0aD0iMSIgaGVpZ2h0PSIxIiB4bWxucz0iaHR0cDovL3d3dy53My5vcmcvMjAwMC9zdmciPjwvc3ZnPg==\" class=\"lazyload\" style=\"--smush-placeholder-width: 555px; --smush-placeholder-aspect-ratio: 555\/383;\" \/>\n\t<p>La biblioteca se expande y actualiza continuamente para alinearse con la tecnolog\u00eda o los cambios de actualidad.<\/p>\n<p><strong>Los beneficios de nuestra licencia de acceso anual ClassAct II son:<\/strong><\/p>\n<ul>\n<li>Gran biblioteca de contenido<\/li>\n<li>Emocionantes investigaciones interactivas<\/li>\n<li>Lecciones f\u00e1ciles de seguir<\/li>\n<li>Contenido dise\u00f1ado para apoyar al personal docente: ense\u00f1e solo lo que desea<\/li>\n<li>Contenido granular que se puede configurar para que coincida con las calificaciones o los objetivos de aprendizaje<\/li>\n<li>Compatible con multiplataforma<\/li>\n<li>Evaluaci\u00f3n de desempe\u00f1o integrada<\/li>\n<li>Soporte de audio para cada lecci\u00f3n<\/li>\n<li>Pr\u00e1ctica de habilidades en pantalla<\/li>\n<\/ul>\nNuestra amplia colecci\u00f3n de contenido digital se ha organizado en licencias dedicadas, lo que le permite elegir<br \/>\nel contenido que mejor se adapta a tus necesidades.\n<p>&nbsp;<\/p>\n<p><strong>Las licencias incluyen:<\/strong><\/p>\n<ul>\n<li>Trabajando con STEM<\/li>\n<li>Habilidades de reparaci\u00f3n automotriz<\/li>\n<li>Ingenieria<\/li>\n<\/ul>\n\t\t<h6>\n\t\t\tLICENCIAS DE SOFTWARE\n\t\t<\/h6>\n\t<meta itemscope itemprop=\"mainEntityOfPage\" itemtype=\"https:\/\/schema.org\/WebPage\" itemid=\"https:\/\/ljcreate.com\/es\/elearning\/working-with-stem\/\" content=\"Trabajando con STEM\" \/><meta itemprop=\"datePublished\" content=\"2021-08-09\" \/><meta itemprop=\"dateModified\" content=\"2023-06-26\" \/><meta itemprop=\"name\" content=\"LJ Create\"\/><meta itemprop=\"url\" content=\"https:\/\/ljcreate.com\/es\/author\/thriveadmin\/\" \/><meta itemprop=\"name\" content=\"ThriveAdmin\" \/><meta itemprop=\"url\" content=\"https:\/\/ljcreate.com\/wp-content\/uploads\/2021\/08\/workingWithStem-1.webp\" \/><meta itemprop=\"width\" content=\"1200\" \/><meta itemprop=\"height\" content=\"600\" \/><meta itemprop=\"interactionType\" content=\"https:\/\/schema.org\/CommentAction\" \/><meta itemprop=\"userInteractionCount\" content=\"0\" \/>\n\t\t\t\t\t<a href=\"https:\/\/ljcreate.com\/es\/elearning\/working-with-stem\/\" title=\"Trabajando con STEM\"><\/a>\n\t\t\t\t<img decoding=\"async\" src=\"https:\/\/ljcreate.com\/wp-content\/uploads\/2021\/08\/workingWithStem-1-351x194.webp\" alt=\"Working with STEM Software\" itemprop=\"image\" data-no-lazy=\"1\" height=\"194\" width=\"351\" title=\"workingWithStem\" onerror=\"this.style.display='none'\"  \/>\n\t\t\t\t\t\t\t\t\t<h6 itemprop=\"headline\">\n\t\t\t\t\t\t\t\t\t\t\t\t\t\tTrabajando con STEM\t\t\t\t\t\t\t\t\t\t\t<\/h6>\n    WWS-AL\n\t<meta itemscope itemprop=\"mainEntityOfPage\" itemtype=\"https:\/\/schema.org\/WebPage\" itemid=\"https:\/\/ljcreate.com\/es\/elearning\/lj-create-engineering\/\" content=\"LJ Create Ingenier\u00eda\" \/><meta itemprop=\"datePublished\" content=\"2021-08-09\" \/><meta itemprop=\"dateModified\" content=\"2023-06-26\" \/><meta itemprop=\"name\" content=\"LJ Create\"\/><meta itemprop=\"url\" content=\"https:\/\/ljcreate.com\/es\/author\/thriveadmin\/\" \/><meta itemprop=\"name\" content=\"ThriveAdmin\" \/><meta itemprop=\"url\" content=\"https:\/\/ljcreate.com\/wp-content\/uploads\/2021\/08\/ljcreateEngineering.webp\" \/><meta itemprop=\"width\" content=\"1200\" \/><meta itemprop=\"height\" content=\"600\" \/><meta itemprop=\"interactionType\" content=\"https:\/\/schema.org\/CommentAction\" \/><meta itemprop=\"userInteractionCount\" content=\"0\" \/>\n\t\t\t\t\t<a href=\"https:\/\/ljcreate.com\/es\/elearning\/lj-create-engineering\/\" title=\"LJ Create Ingenier\u00eda\"><\/a>\n\t\t\t\t<img decoding=\"async\" src=\"https:\/\/ljcreate.com\/wp-content\/uploads\/2021\/08\/ljcreateEngineering-351x194.webp\" alt=\"A group of electronic devices displaying Engineering Software\" itemprop=\"image\" data-no-lazy=\"1\" height=\"194\" width=\"351\" title=\"ljcreateEngineering\" onerror=\"this.style.display='none'\"  \/>\n\t\t\t\t\t\t\t\t\t<h6 itemprop=\"headline\">\n\t\t\t\t\t\t\t\t\t\t\t\t\t\tLJ Create Ingenier\u00eda\t\t\t\t\t\t\t\t\t\t\t<\/h6>\n    ENG1-AL\n\t\t<!-- .pp-content-posts -->\n<h2>\n\t\tNota aclaratoria:\n\t<\/h2>\n\t<p>No todos nuestros productos est\u00e1n disponibles con manuales\/curr\u00edculo\/contenido digital en Espa\u00f1ol. Favor de contactarnos para obtener m\u00e1s informaci\u00f3n al respecto.<\/p>\n<h2>\n\t\t Recursos\n\t<\/h2>\n\t\t\t\t\t\t<a href=\"\/wp-content\/uploads\/2021\/09\/working-with-stem-cloud-library-uk.pdf\" target=\"_blank\" rel=\"noopener\">\n\t\t\t\t\t\t\t<img decoding=\"async\" data-src=\"https:\/\/ljcreate.com\/wp-content\/uploads\/2021\/09\/pdf_templateWwsTopics-1.png\" alt=\"pdf_templateWwsTopics\" src=\"data:image\/svg+xml;base64,PHN2ZyB3aWR0aD0iMSIgaGVpZ2h0PSIxIiB4bWxucz0iaHR0cDovL3d3dy53My5vcmcvMjAwMC9zdmciPjwvc3ZnPg==\" class=\"lazyload\" style=\"--smush-placeholder-width: 84px; --smush-placeholder-aspect-ratio: 84\/94;\" \/>\n\t\t\t\t\t\t<\/a>\n\t\t<p>Folleto de la biblioteca en la nube (trabajando con STEM)<\/p>\n\t\t\t\t\n\t\t\t\t\t<a href=\"\/wp-content\/uploads\/2021\/09\/working-with-stem-cloud-library-uk.pdf\" role=\"button\" target=\"_blank\" rel=\"noopener\">\n\t\t\t\t\t\tDownload\t\t\t\t\t<\/a>\n\t\t\t\t\n\n","protected":false},"excerpt":{"rendered":"<p>Home &gt; eLearning LJ Create produce recursos did\u00e1cticos de aprendizaje combinado en forma de hardware, software y plan de estudios de aprendizaje electr\u00f3nico. Nuestro biblioteca de lecciones en l\u00ednea para ingenier\u00eda y reparaci\u00f3n automotriz est\u00e1 disponible a trav\u00e9s de: ClassAct II &#8211; Nuestro f\u00e1cil de usar sistema para el manejo del aprendimiento DRL &#8211; Un&hellip;<\/p>\n","protected":false},"author":1,"featured_media":0,"parent":0,"menu_order":1,"comment_status":"closed","ping_status":"closed","template":"","meta":{"_acf_changed":false,"inline_featured_image":false,"footnotes":""},"class_list":["post-26616","page","type-page","status-publish","hentry"],"acf":[],"yoast_head":"<!-- This site is optimized with the Yoast SEO plugin v27.3 - https:\/\/yoast.com\/product\/yoast-seo-wordpress\/ -->\n<title>Plan de estudios en l\u00ednea con certificaci\u00f3n homologada y aprendizaje en l\u00ednea | LJ Create<\/title>\n<meta name=\"description\" content=\"Plan de estudios en l\u00ednea para estudiantes universitarios, organizado en bibliotecas y alineado por certificaci\u00f3n, para que pueda elegir la soluci\u00f3n de aprendizaje que mejor se adapte a sus necesidades.\" \/>\n<meta name=\"robots\" content=\"index, follow, max-snippet:-1, max-image-preview:large, max-video-preview:-1\" \/>\n<link rel=\"canonical\" href=\"https:\/\/ljcreate.com\/es\/elearning\/\" \/>\n<meta property=\"og:locale\" content=\"es_ES\" \/>\n<meta property=\"og:type\" content=\"article\" \/>\n<meta property=\"og:title\" content=\"Plan de estudios en l\u00ednea con certificaci\u00f3n homologada y aprendizaje en l\u00ednea | LJ Create\" \/>\n<meta property=\"og:description\" content=\"Plan de estudios en l\u00ednea para estudiantes universitarios, organizado en bibliotecas y alineado por certificaci\u00f3n, para que pueda elegir la soluci\u00f3n de aprendizaje que mejor se adapte a sus necesidades.\" \/>\n<meta property=\"og:url\" content=\"https:\/\/ljcreate.com\/es\/elearning\/\" \/>\n<meta property=\"og:site_name\" content=\"LJ Create\" \/>\n<meta property=\"article:modified_time\" content=\"2023-07-20T13:42:15+00:00\" \/>\n<meta property=\"og:image\" content=\"https:\/\/ljcreate.com\/wp-content\/uploads\/2021\/10\/eLearningHeader-2.png\" \/>\n<meta name=\"twitter:card\" content=\"summary_large_image\" \/>\n<meta name=\"twitter:label1\" content=\"Tiempo de lectura\" \/>\n\t<meta name=\"twitter:data1\" content=\"1 minuto\" \/>\n<script type=\"application\/ld+json\" class=\"yoast-schema-graph\">{\"@context\":\"https:\\\/\\\/schema.org\",\"@graph\":[{\"@type\":\"WebPage\",\"@id\":\"https:\\\/\\\/ljcreate.com\\\/es\\\/elearning\\\/\",\"url\":\"https:\\\/\\\/ljcreate.com\\\/es\\\/elearning\\\/\",\"name\":\"Plan de estudios en l\u00ednea con certificaci\u00f3n homologada y aprendizaje en l\u00ednea | LJ Create\",\"isPartOf\":{\"@id\":\"https:\\\/\\\/ljcreate.com\\\/es\\\/#website\"},\"primaryImageOfPage\":{\"@id\":\"https:\\\/\\\/ljcreate.com\\\/es\\\/elearning\\\/#primaryimage\"},\"image\":{\"@id\":\"https:\\\/\\\/ljcreate.com\\\/es\\\/elearning\\\/#primaryimage\"},\"thumbnailUrl\":\"https:\\\/\\\/ljcreate.com\\\/wp-content\\\/uploads\\\/2021\\\/10\\\/eLearningHeader-2.png\",\"datePublished\":\"2021-10-26T07:13:25+00:00\",\"dateModified\":\"2023-07-20T13:42:15+00:00\",\"description\":\"Plan de estudios en l\u00ednea para estudiantes universitarios, organizado en bibliotecas y alineado por certificaci\u00f3n, para que pueda elegir la soluci\u00f3n de aprendizaje que mejor se adapte a sus necesidades.\",\"breadcrumb\":{\"@id\":\"https:\\\/\\\/ljcreate.com\\\/es\\\/elearning\\\/#breadcrumb\"},\"inLanguage\":\"es\",\"potentialAction\":[{\"@type\":\"ReadAction\",\"target\":[\"https:\\\/\\\/ljcreate.com\\\/es\\\/elearning\\\/\"]}]},{\"@type\":\"ImageObject\",\"inLanguage\":\"es\",\"@id\":\"https:\\\/\\\/ljcreate.com\\\/es\\\/elearning\\\/#primaryimage\",\"url\":\"https:\\\/\\\/ljcreate.com\\\/wp-content\\\/uploads\\\/2021\\\/10\\\/eLearningHeader-2.png\",\"contentUrl\":\"https:\\\/\\\/ljcreate.com\\\/wp-content\\\/uploads\\\/2021\\\/10\\\/eLearningHeader-2.png\"},{\"@type\":\"BreadcrumbList\",\"@id\":\"https:\\\/\\\/ljcreate.com\\\/es\\\/elearning\\\/#breadcrumb\",\"itemListElement\":[{\"@type\":\"ListItem\",\"position\":1,\"name\":\"Home\",\"item\":\"https:\\\/\\\/ljcreate.com\\\/es\\\/\"},{\"@type\":\"ListItem\",\"position\":2,\"name\":\"eLearning\"}]},{\"@type\":\"WebSite\",\"@id\":\"https:\\\/\\\/ljcreate.com\\\/es\\\/#website\",\"url\":\"https:\\\/\\\/ljcreate.com\\\/es\\\/\",\"name\":\"LJ Create\",\"description\":\"Innovate, Inspire, and Engage\",\"publisher\":{\"@id\":\"https:\\\/\\\/ljcreate.com\\\/es\\\/#organization\"},\"alternateName\":\"Creative Learning (Norwich) Limited\",\"potentialAction\":[{\"@type\":\"SearchAction\",\"target\":{\"@type\":\"EntryPoint\",\"urlTemplate\":\"https:\\\/\\\/ljcreate.com\\\/es\\\/?s={search_term_string}\"},\"query-input\":{\"@type\":\"PropertyValueSpecification\",\"valueRequired\":true,\"valueName\":\"search_term_string\"}}],\"inLanguage\":\"es\"},{\"@type\":\"Organization\",\"@id\":\"https:\\\/\\\/ljcreate.com\\\/es\\\/#organization\",\"name\":\"LJ Create\",\"url\":\"https:\\\/\\\/ljcreate.com\\\/es\\\/\",\"logo\":{\"@type\":\"ImageObject\",\"inLanguage\":\"es\",\"@id\":\"https:\\\/\\\/ljcreate.com\\\/es\\\/#\\\/schema\\\/logo\\\/image\\\/\",\"url\":\"https:\\\/\\\/ljcreate.com\\\/wp-content\\\/uploads\\\/2021\\\/07\\\/logo.svg\",\"contentUrl\":\"https:\\\/\\\/ljcreate.com\\\/wp-content\\\/uploads\\\/2021\\\/07\\\/logo.svg\",\"width\":\"1024\",\"height\":\"1024\",\"caption\":\"LJ Create\"},\"image\":{\"@id\":\"https:\\\/\\\/ljcreate.com\\\/es\\\/#\\\/schema\\\/logo\\\/image\\\/\"}}]}<\/script>\n<!-- \/ Yoast SEO plugin. -->","yoast_head_json":{"title":"Plan de estudios en l\u00ednea con certificaci\u00f3n homologada y aprendizaje en l\u00ednea | LJ Create","description":"Plan de estudios en l\u00ednea para estudiantes universitarios, organizado en bibliotecas y alineado por certificaci\u00f3n, para que pueda elegir la soluci\u00f3n de aprendizaje que mejor se adapte a sus necesidades.","robots":{"index":"index","follow":"follow","max-snippet":"max-snippet:-1","max-image-preview":"max-image-preview:large","max-video-preview":"max-video-preview:-1"},"canonical":"https:\/\/ljcreate.com\/es\/elearning\/","og_locale":"es_ES","og_type":"article","og_title":"Plan de estudios en l\u00ednea con certificaci\u00f3n homologada y aprendizaje en l\u00ednea | LJ Create","og_description":"Plan de estudios en l\u00ednea para estudiantes universitarios, organizado en bibliotecas y alineado por certificaci\u00f3n, para que pueda elegir la soluci\u00f3n de aprendizaje que mejor se adapte a sus necesidades.","og_url":"https:\/\/ljcreate.com\/es\/elearning\/","og_site_name":"LJ Create","article_modified_time":"2023-07-20T13:42:15+00:00","og_image":[{"url":"https:\/\/ljcreate.com\/wp-content\/uploads\/2021\/10\/eLearningHeader-2.png","type":"","width":"","height":""}],"twitter_card":"summary_large_image","twitter_misc":{"Tiempo de lectura":"1 minuto"},"schema":{"@context":"https:\/\/schema.org","@graph":[{"@type":"WebPage","@id":"https:\/\/ljcreate.com\/es\/elearning\/","url":"https:\/\/ljcreate.com\/es\/elearning\/","name":"Plan de estudios en l\u00ednea con certificaci\u00f3n homologada y aprendizaje en l\u00ednea | LJ Create","isPartOf":{"@id":"https:\/\/ljcreate.com\/es\/#website"},"primaryImageOfPage":{"@id":"https:\/\/ljcreate.com\/es\/elearning\/#primaryimage"},"image":{"@id":"https:\/\/ljcreate.com\/es\/elearning\/#primaryimage"},"thumbnailUrl":"https:\/\/ljcreate.com\/wp-content\/uploads\/2021\/10\/eLearningHeader-2.png","datePublished":"2021-10-26T07:13:25+00:00","dateModified":"2023-07-20T13:42:15+00:00","description":"Plan de estudios en l\u00ednea para estudiantes universitarios, organizado en bibliotecas y alineado por certificaci\u00f3n, para que pueda elegir la soluci\u00f3n de aprendizaje que mejor se adapte a sus necesidades.","breadcrumb":{"@id":"https:\/\/ljcreate.com\/es\/elearning\/#breadcrumb"},"inLanguage":"es","potentialAction":[{"@type":"ReadAction","target":["https:\/\/ljcreate.com\/es\/elearning\/"]}]},{"@type":"ImageObject","inLanguage":"es","@id":"https:\/\/ljcreate.com\/es\/elearning\/#primaryimage","url":"https:\/\/ljcreate.com\/wp-content\/uploads\/2021\/10\/eLearningHeader-2.png","contentUrl":"https:\/\/ljcreate.com\/wp-content\/uploads\/2021\/10\/eLearningHeader-2.png"},{"@type":"BreadcrumbList","@id":"https:\/\/ljcreate.com\/es\/elearning\/#breadcrumb","itemListElement":[{"@type":"ListItem","position":1,"name":"Home","item":"https:\/\/ljcreate.com\/es\/"},{"@type":"ListItem","position":2,"name":"eLearning"}]},{"@type":"WebSite","@id":"https:\/\/ljcreate.com\/es\/#website","url":"https:\/\/ljcreate.com\/es\/","name":"LJ Create","description":"Innovate, Inspire, and Engage","publisher":{"@id":"https:\/\/ljcreate.com\/es\/#organization"},"alternateName":"Creative Learning (Norwich) Limited","potentialAction":[{"@type":"SearchAction","target":{"@type":"EntryPoint","urlTemplate":"https:\/\/ljcreate.com\/es\/?s={search_term_string}"},"query-input":{"@type":"PropertyValueSpecification","valueRequired":true,"valueName":"search_term_string"}}],"inLanguage":"es"},{"@type":"Organization","@id":"https:\/\/ljcreate.com\/es\/#organization","name":"LJ Create","url":"https:\/\/ljcreate.com\/es\/","logo":{"@type":"ImageObject","inLanguage":"es","@id":"https:\/\/ljcreate.com\/es\/#\/schema\/logo\/image\/","url":"https:\/\/ljcreate.com\/wp-content\/uploads\/2021\/07\/logo.svg","contentUrl":"https:\/\/ljcreate.com\/wp-content\/uploads\/2021\/07\/logo.svg","width":"1024","height":"1024","caption":"LJ Create"},"image":{"@id":"https:\/\/ljcreate.com\/es\/#\/schema\/logo\/image\/"}}]}},"_links":{"self":[{"href":"https:\/\/ljcreate.com\/es\/wp-json\/wp\/v2\/pages\/26616","targetHints":{"allow":["GET"]}}],"collection":[{"href":"https:\/\/ljcreate.com\/es\/wp-json\/wp\/v2\/pages"}],"about":[{"href":"https:\/\/ljcreate.com\/es\/wp-json\/wp\/v2\/types\/page"}],"author":[{"embeddable":true,"href":"https:\/\/ljcreate.com\/es\/wp-json\/wp\/v2\/users\/1"}],"replies":[{"embeddable":true,"href":"https:\/\/ljcreate.com\/es\/wp-json\/wp\/v2\/comments?post=26616"}],"version-history":[{"count":3,"href":"https:\/\/ljcreate.com\/es\/wp-json\/wp\/v2\/pages\/26616\/revisions"}],"predecessor-version":[{"id":53544,"href":"https:\/\/ljcreate.com\/es\/wp-json\/wp\/v2\/pages\/26616\/revisions\/53544"}],"wp:attachment":[{"href":"https:\/\/ljcreate.com\/es\/wp-json\/wp\/v2\/media?parent=26616"}],"curies":[{"name":"wp","href":"https:\/\/api.w.org\/{rel}","templated":true}]}}